{"id":2582,"date":"2024-10-28T06:44:31","date_gmt":"2024-10-28T06:44:31","guid":{"rendered":"https:\/\/rmvapesale.com\/?post_type=product&#038;p=2582"},"modified":"2024-10-28T07:36:05","modified_gmt":"2024-10-28T07:36:05","slug":"elfworld-plus-20000-puff-smart-disposable-vape-bulk-buy","status":"publish","type":"product","link":"https:\/\/rmvapesale.com\/fr\/product\/elfworld-plus-20000-puff-smart-disposable-vape-bulk-buy\/","title":{"rendered":"ELFWORLD Plus 20000 Puff Vape Jetable Intelligent Achat en Gros"},"content":{"rendered":"<div class=\"B2VR9 CJHX3e\">\n<div class=\"wyccme\">\n<h1 class=\"LC20lb MBeuO DKV0Md\">ELFWORLD Plus 20000 Puff Vape Jetable Intelligent Achat en Gros<\/h1>\n<div class=\"flex-shrink-0 flex flex-col relative items-end\">\n<div class=\"pt-0\">\n<div class=\"gizmo-bot-avatar flex h-8 w-8 items-center justify-center overflow-hidden rounded-full\">\n<div class=\"relative p-1 rounded-sm flex items-center justify-center bg-token-main-surface-primary text-token-text-primary h-8 w-8\">\n<p>L' <strong>ELFWORLD Plus 20000 Bouff\u00e9es Vape Jetable Intelligente<\/strong> est un choix de premier ordre pour ceux qui recherchent des fonctionnalit\u00e9s avanc\u00e9es et une exp\u00e9rience de vapotage personnalisable. Cette capacit\u00e9 \u00e9lev\u00e9e, <strong>vape 20000 bouff\u00e9es<\/strong> offre une long\u00e9vit\u00e9 in\u00e9gal\u00e9e et est con\u00e7ue avec innovation et style, en faisant l\u2019un des <strong>meilleures vapes jetables de 2024<\/strong> pour <strong>vapes en gros<\/strong> et achats individuels.<\/p>\n<p>&nbsp;<\/p>\n<p>Ce <strong>ELFWORLD pulse vape<\/strong> offre une s\u00e9lection \u00e0 double mode permettant aux vapoteurs d\u2019adapter chaque session, maximisant la satisfaction et am\u00e9liorant chaque inhalation. <strong>Mode Conventionnel<\/strong>: Offre 20 000 cycles remarquables pour un plaisir prolong\u00e9. <strong>Mode Pulse<\/strong>: Fournit 10 000 bouff\u00e9es intenses, parfaites pour les vapoteurs qui veulent une saveur amplifi\u00e9e et une production de vapeur accrue.<\/p>\n<p>Ce\u00a0<strong>vape jetable avec \u00e9cran<\/strong> est \u00e9quip\u00e9e d\u2019un affichage en temps r\u00e9el, montrant <strong>pourcentage de batterie<\/strong> et la puissance restante, vous permettant de garder le contr\u00f4le de votre exp\u00e9rience de vapotage. Cette fonctionnalit\u00e9 est id\u00e9ale pour les utilisateurs qui recherchent pr\u00e9cision et fiabilit\u00e9 \u00e0 chaque bouff\u00e9e.<\/p>\n<p>Con\u00e7u pour \u00eatre \u00e0 la fois <strong>\u00e9l\u00e9gant et fonctionnel<\/strong>, le ELF WORLD Plus 20K allie harmonieusement esth\u00e9tique chic et performance robuste. Con\u00e7u pour convenir \u00e0 tous les niveaux de vapoteurs, cette cigarette \u00e9lectronique jetable est disponible pour <strong>vapes en gros<\/strong>, ce qui en fait un ajustement parfait pour <strong>magasins de cigarettes \u00e9lectroniques<\/strong> et de <strong>vapes en gros<\/strong> fournisseurs.<\/p>\n<p>Pour ceux qui recherchent <strong>les marques de vapes populaires<\/strong> ou simplement chercher \u00e0 <strong>acheter des vapes en ligne<\/strong>, le ELFWORLD Plus 20K \u00e9tablit une nouvelle norme dans la vape jetable avec sa combinaison de style, de polyvalence et de fonctionnalit\u00e9s avanc\u00e9es.<\/p>\n<\/div>\n<\/div>\n<\/div>\n<\/div>\n<\/div>\n<\/div>\n<p><strong>Contactez Amy pour obtenir la bonne r\u00e9ponse et un coupon de vape !<\/strong><\/p>\n<p><img loading=\"lazy\" decoding=\"async\" class=\"size-full wp-image-1978\" src=\"https:\/\/rmvapesale.com\/wp-content\/uploads\/2024\/09\/Disposable-Vape-Wholesale.jpg\" alt=\"Vente en gros de vapes jetables\" width=\"229\" height=\"300\" \/><\/p>\n<h3><a href=\"https:\/\/wa.me\/8617776015835\" target=\"_blank\" rel=\"noopener\"><span style=\"color: #ff0000\"><strong>WhatsApp: +86 17776015835<\/strong><\/span><\/a><\/h3>\n<p>&nbsp;<\/p>\n<h2><\/h2>\n<h2><strong>ELFWORLD Plus 20000 Bouff\u00e9es Vape Jetable Intelligente <\/strong><strong>Caract\u00e9ristiques principales<\/strong><\/h2>\n<p>E-Juice pr\u00e9-rempli de 22ml<br \/>\nBatterie interne rechargeable de 650mAh<br \/>\nNombre de bouff\u00e9es : environ 20000 bouff\u00e9es<br \/>\n\u00c9cran d'affichage HD<br \/>\n2 modes de vapotage : Normal\/Boost<br \/>\nR\u00e9glage du flux d'air<br \/>\nBobines Double Mesh<br \/>\nForce de nicotine 2% 5%<br \/>\nCharge USB Type-C (Non inclus)<br \/>\nActivation par inhalation<br \/>\nVapotage MTL<\/p>\n<figure id=\"attachment_2576\" aria-describedby=\"caption-attachment-2576\" style=\"width: 600px\" class=\"wp-caption alignnone\"><img loading=\"lazy\" decoding=\"async\" class=\"wp-image-2576 size-full\" src=\"https:\/\/rmvapesale.com\/wp-content\/uploads\/2024\/10\/ELFWORLD-ELF-WORLD-Plus-20K-20000-Puffs-Disposable.jpg\" alt=\"ELFWORLD ELF WORLD Plus+ 20K 20000 Bouff\u00e9es Vape Jetable\" width=\"600\" height=\"600\" srcset=\"https:\/\/rmvapesale.com\/wp-content\/uploads\/2024\/10\/ELFWORLD-ELF-WORLD-Plus-20K-20000-Puffs-Disposable.jpg 600w, https:\/\/rmvapesale.com\/wp-content\/uploads\/2024\/10\/ELFWORLD-ELF-WORLD-Plus-20K-20000-Puffs-Disposable-300x300.jpg 300w, https:\/\/rmvapesale.com\/wp-content\/uploads\/2024\/10\/ELFWORLD-ELF-WORLD-Plus-20K-20000-Puffs-Disposable-150x150.jpg 150w, https:\/\/rmvapesale.com\/wp-content\/uploads\/2024\/10\/ELFWORLD-ELF-WORLD-Plus-20K-20000-Puffs-Disposable-100x100.jpg 100w\" sizes=\"auto, (max-width: 600px) 100vw, 600px\" \/><figcaption id=\"caption-attachment-2576\" class=\"wp-caption-text\">ELFWORLD ELF WORLD Plus+ 20K 20000 Bouff\u00e9es Vape Jetable<\/figcaption><\/figure>\n<h2><strong>Saveur principale pour ELFWORLD Plus 20000 Puff Vape Jetable Intelligent<\/strong><\/h2>\n<p>1. Raisin Citron<br \/>\n2. Foutrement G\u00e9nial<br \/>\n3. Bombe de Cerise <span style=\"color: #ff0000\"><strong>&gt;&gt;&gt;&gt; Chaud!<\/strong><\/span><br \/>\n4. P\u00eache Juteuse Glac\u00e9e<br \/>\n5. D\u00e9lice de Baies<br \/>\n6. Razz Bleu Glac\u00e9 <span style=\"color: #ff0000\"><strong>&gt;&gt;&gt;&gt; Chaud!<\/strong><\/span><br \/>\n7. Melon Dragon<br \/>\n8.Myrtille past\u00e8que<span style=\"color: #ff0000\"><strong>&gt;&gt;&gt;&gt; Le meilleur !<\/strong><\/span><br \/>\n9.Pink Lemonade<br \/>\n10.Mangue du Mexique<br \/>\n11.Fraise Banane<br \/>\n12. Past\u00e8que Glac\u00e9e<br \/>\n13.Gomme Blanche Glac\u00e9e<br \/>\n14.Fraise Mangue<br \/>\n15.Menthe de Miami<\/p>\n<figure id=\"attachment_2581\" aria-describedby=\"caption-attachment-2581\" style=\"width: 1024px\" class=\"wp-caption alignnone\"><img loading=\"lazy\" decoding=\"async\" class=\"wp-image-2581 size-large\" src=\"https:\/\/rmvapesale.com\/wp-content\/uploads\/2024\/10\/ELFWORLD-Plus-20K-Disposable-Vape-Pod-Wholesale-1024x716.jpg\" alt=\"ELFWORLD Plus+ 20K Vape Jetable Pod Vente en Gros\" width=\"1024\" height=\"716\" srcset=\"https:\/\/rmvapesale.com\/wp-content\/uploads\/2024\/10\/ELFWORLD-Plus-20K-Disposable-Vape-Pod-Wholesale-1024x716.jpg 1024w, https:\/\/rmvapesale.com\/wp-content\/uploads\/2024\/10\/ELFWORLD-Plus-20K-Disposable-Vape-Pod-Wholesale-300x210.jpg 300w, https:\/\/rmvapesale.com\/wp-content\/uploads\/2024\/10\/ELFWORLD-Plus-20K-Disposable-Vape-Pod-Wholesale-768x537.jpg 768w, https:\/\/rmvapesale.com\/wp-content\/uploads\/2024\/10\/ELFWORLD-Plus-20K-Disposable-Vape-Pod-Wholesale-1536x1074.jpg 1536w, https:\/\/rmvapesale.com\/wp-content\/uploads\/2024\/10\/ELFWORLD-Plus-20K-Disposable-Vape-Pod-Wholesale-600x419.jpg 600w, https:\/\/rmvapesale.com\/wp-content\/uploads\/2024\/10\/ELFWORLD-Plus-20K-Disposable-Vape-Pod-Wholesale.jpg 1920w\" sizes=\"auto, (max-width: 1024px) 100vw, 1024px\" \/><figcaption id=\"caption-attachment-2581\" class=\"wp-caption-text\">ELFWORLD Plus+ 20K Vape Jetable Pod Vente en Gros<\/figcaption><\/figure>\n<h3><strong>Pourquoi choisir Rmvapesale pour ELF WORLD Plus 20000 Puff Vape Jetable Rechargeable<\/strong><strong>?<\/strong><\/h3>\n<div class=\"flex-shrink-0 flex flex-col relative items-end\">\n<div class=\"pt-0\">\n<div class=\"gizmo-bot-avatar flex h-8 w-8 items-center justify-center overflow-hidden rounded-full\">\n<div class=\"relative p-1 rounded-sm flex items-center justify-center bg-token-main-surface-primary text-token-text-primary h-8 w-8\">\n<p>&nbsp;<\/p>\n<p>En choisissant Rmvapesale pour vos besoins en vapes jetables en gros, vous b\u00e9n\u00e9ficiez de :<\/p>\n<ul>\n<li><strong>Prix comp\u00e9titifs<\/strong>: Acc\u00e9dez \u00e0 des prix de gros attractifs qui stimulent vos marges commerciales.<\/li>\n<li><strong>Haute qualit\u00e9<\/strong>: Nos vapes sont fabriqu\u00e9es selon les normes les plus strictes et sont <span style=\"color: #ff0000\"><strong>garanties 100% originales et authentiques. Nous offrons 10 fois le prix en d\u00e9dommagement pour les produits contrefaits !<\/strong><\/span><\/li>\n<li><strong>Excellent service client<\/strong>: Notre \u00e9quipe d\u00e9di\u00e9e est toujours pr\u00eate \u00e0 vous aider, rendant votre processus d'achat fluide et sans tracas.<\/li>\n<li><strong>Exp\u00e9dition rapide<\/strong>: Attendez-vous \u00e0 une exp\u00e9dition rapide et fiable, garantissant que vos commandes arrivent \u00e0 temps, \u00e0 chaque fois.<\/li>\n<\/ul>\n<\/div>\n<h3><\/h3>\n<div class=\"relative p-1 rounded-sm flex items-center justify-center bg-token-main-surface-primary text-token-text-primary h-8 w-8\">\n<h3><b>FAQ sur ELF WORLD Plus 20000 Puff<\/b><\/h3>\n<ul>\n<li><strong>Comment charger la vape jetable rechargeable ELF WORLD Plus 20000 Puff<\/strong><br \/>\nLe ELF WORLD Plus 20K dispose d'une batterie rechargeable qui peut \u00eatre charg\u00e9e via son port de charge d\u00e9di\u00e9. Connectez-la simplement \u00e0 un chargeur compatible Type-C pour une recharge rapide et efficace, ce qui permet de garantir des sessions de vapotage ininterrompues.<\/li>\n<li><strong>Quelle est la quantit\u00e9 de nicotine dans une cigarette jetable ELFWORLD Plus 20000 Puff Smart<\/strong><br \/>\nLe ELFWORLD Plus 20K propose une option \u00e0 faible teneur en nicotine, bien que la force sp\u00e9cifique de la nicotine (comme 0%, 2% ou 5%) ne soit pas d\u00e9taill\u00e9e dans le contenu fourni. Pour conna\u00eetre les niveaux exacts de nicotine, v\u00e9rifiez l'emballage du produit ou les informations du d\u00e9taillant.<\/li>\n<li><strong>Combien de temps dois-je charger ma cigarette jetable ELFWORLD Plus 20000 Puff ?<\/strong><br \/>\nLe temps de charge peut varier en fonction de la source d'alimentation. Avec la technologie de charge rapide Type-C, l'appareil sera probablement pr\u00eat en peu de temps. Consultez l'affichage en temps r\u00e9el sur l'appareil, qui indique le pourcentage de batterie, pour suivre la progression de la charge et savoir quand il est compl\u00e8tement charg\u00e9.<\/li>\n<li><strong>O\u00f9 puis-je acheter la cigarette \u00e9lectronique ELFWORLD Plus 20000 Puff ?<\/strong><br \/>\nVous pouvez acheter la cigarette jetable intelligente ELFWORLD Plus 20K dans des boutiques de vapotage, <strong>vape bars<\/strong>, et <strong>vapes en gros<\/strong> fournisseurs. Elle est \u00e9galement disponible \u00e0 l'achat en ligne via diverses plateformes de boutiques de vapotage, ce qui facilite <strong>acheter des vapes en ligne<\/strong>.<\/li>\n<li><strong>Quelles sont les meilleures vapes jetables de 2024 ?<\/strong><br \/>\nCertaines des meilleures vapes jetables de 2024 incluent :<\/p>\n<ul>\n<li><strong>ELFWORLD Plus 20K<\/strong>: Avec 20 000 bouff\u00e9es, modes d'aspiration double, et un affichage en temps r\u00e9el.<\/li>\n<li><strong>Elf World i15 Pro 12000<\/strong>: Nombre \u00e9lev\u00e9 de bouff\u00e9es et rechargeable avec un design \u00e9l\u00e9gant.<\/li>\n<li><strong>AIVONO Lost Mary 6500 Puffs<\/strong>: D\u00e9bit d'air r\u00e9glable et design compact.<\/li>\n<li><strong>Fumot RandM Tornado 30000 Puffs<\/strong>: \u00c9clairage RGB unique et performance durable.<\/li>\n<\/ul>\n<\/li>\n<\/ul>\n<p>&nbsp;<\/p>\n<\/div>\n<\/div>\n<\/div>\n<\/div>\n<h3>\u00c0 propos de l'exp\u00e9dition<\/h3>\n<div class=\"flex-shrink-0 flex flex-col relative items-end\">\n<div>\n<div class=\"pt-0\">\n<div class=\"gizmo-bot-avatar flex h-8 w-8 items-center justify-center overflow-hidden rounded-full\">\n<div><\/div>\n<div class=\"relative p-1 rounded-sm flex items-center justify-center bg-token-main-surface-primary text-token-text-primary h-8 w-8\"><strong>1. Quelles m\u00e9thodes d'exp\u00e9dition sont utilis\u00e9es ?<\/strong><\/div>\n<\/div>\n<\/div>\n<\/div>\n<\/div>\n<div class=\"group\/conversation-turn relative flex w-full min-w-0 flex-col agent-turn\">\n<div class=\"flex-col gap-1 md:gap-3\">\n<div class=\"flex max-w-full flex-col flex-grow\">\n<div class=\"min-h-[20px] text-message flex w-full flex-col items-end gap-2 whitespace-normal break-words [.text-message+&amp;]:mt-5 overflow-x-auto\" dir=\"auto\" data-message-author-role=\"assistant\" data-message-id=\"22f8283b-3233-46ff-89a5-c7a41b33abda\">\n<div class=\"flex w-full flex-col gap-1 empty:hidden first:pt-[3px]\">\n<div class=\"markdown prose w-full break-words dark:prose-invert light\">\n<p>Nous travaillons en partenariat avec UPS, DHL, FedEx, DPD et d'autres transporteurs de premier plan. Nous s\u00e9lectionnerons la meilleure m\u00e9thode d'exp\u00e9dition en fonction de votre lieu de livraison pour que vous receviez vos produits le plus rapidement possible.<\/p>\n<\/div>\n<p><strong>2. Combien de temps faut-il pour que cela arrive ?<\/strong><\/p>\n<p>Les colis exp\u00e9di\u00e9s en France arrivent g\u00e9n\u00e9ralement sous 10 jours ouvrables. L'exp\u00e9dition vers les pays europ\u00e9ens prend g\u00e9n\u00e9ralement environ 12 \u00e0 15 jours ouvrables. Nous vous fournirons des mises \u00e0 jour en temps r\u00e9el sur l'\u00e9tat de votre envoi.<\/p>\n<\/div>\n<\/div>\n<\/div>\n<\/div>\n<\/div>\n<p>&nbsp;<\/p>\n<p>Autres vapes en vente que vous pourriez aimer :<\/p>\n<p><a href=\"https:\/\/rmvapesale.com\/fr\/product\/fumot-randm-tornado-30000-puffs-30k-music-disposable-vape\/\"><strong>RandM Tornado 30000 Bouff\u00e9es\u00a0 \u00a0<span style=\"color: #ff0000\">&gt;&gt;&gt;&gt; C'est parti !<\/span><\/strong><\/a><\/p>\n<p><strong><a href=\"https:\/\/rmvapesale.com\/fr\/product\/rechargeable-vape-vapme-spacex-22000-puff-wholesale\/\">Vapme Spacex 22000 bouff\u00e9es <span style=\"color: #ff0000\">&gt;&gt;&gt;&gt; C'est parti !<\/span><\/a>\u00a0<\/strong><\/p>\n<p><a href=\"https:\/\/rmvapesale.com\/fr\/product\/disposable-vape-poco-bl10000-puffs-wholesale\/\"><strong>Cigarette jetable POCO BL10000 Bouff\u00e9es <span style=\"color: #ff0000\">&gt;&gt;&gt;&gt; C'est parti !<\/span><\/strong><\/a><\/p>\n<p>&nbsp;<\/p>\n<p>&nbsp;<\/p>\n<p>Trouvez plus de produits de vape que vous pourriez aimer :<strong><em><a href=\"https:\/\/rmvapesale.com\/fr\/shop-2\/\">Achetez maintenant &gt;&gt;&gt;<\/a><\/em><\/strong><\/p>","protected":false},"excerpt":{"rendered":"<p>Elf World Plus 20000 Bouff\u00e9es \u00c9cran LED Vape Jetable<br \/>\nELFWORLD Plus 20000 Bouff\u00e9es Vape Rechargeable Prix Usine<br \/>\nELFWORLD Plus+ 20K Vape Jetable Pod Vente en Gros<br \/>\n<span style=\"color: #ff0000\">(Exp\u00e9di\u00e9 depuis l'entrep\u00f4t le plus proche en Allemagne et prend environ 3 \u00e0 5 jours pour arriver dans la plupart des pays d'Europe comme les Pays-Bas, la France, l'Italie, l'Espagne, la Suisse, la Su\u00e8de, la Pologne, etc.)<\/span><\/p>\n<p><img loading=\"lazy\" decoding=\"async\" class=\"size-full wp-image-2375\" src=\"https:\/\/rmvapesale.com\/wp-content\/uploads\/2024\/10\/image.png\" alt=\"Meilleure vape jetable\" width=\"229\" height=\"300\" \/><\/p>\n<h3><a href=\"https:\/\/wa.me\/8617776015835\"><span style=\"color: #ff0000\"><strong>WhatsApp: +86 17776015835<\/strong><\/span><\/a><\/h3>\n<p>&nbsp;<\/p>","protected":false},"featured_media":2580,"comment_status":"open","ping_status":"closed","template":"","meta":{"_uag_custom_page_level_css":"","_lmt_disableupdate":"no","_lmt_disable":"","site-sidebar-layout":"default","site-content-layout":"content-boxed-container","ast-site-content-layout":"normal-width-container","site-content-style":"boxed","site-sidebar-style":"unboxed","ast-global-header-display":"","ast-banner-title-visibility":"","ast-main-header-display":"","ast-hfb-above-header-display":"","ast-hfb-below-header-display":"","ast-hfb-mobile-header-display":"","site-post-title":"","ast-breadcrumbs-content":"","ast-featured-img":"","footer-sml-layout":"","theme-transparent-header-meta":"default","adv-header-id-meta":"","stick-header-meta":"","header-above-stick-meta":"","header-main-stick-meta":"","header-below-stick-meta":"","astra-migrate-meta-layouts":"set","ast-page-background-enabled":"default","ast-page-background-meta":{"desktop":{"background-color":"var(--ast-global-color-4)","background-image":"","background-repeat":"repeat","background-position":"center center","background-size":"auto","background-attachment":"scroll","background-type":"","background-media":"","overlay-type":"","overlay-color":"","overlay-opacity":"","overlay-gradient":""},"tablet":{"background-color":"","background-image":"","background-repeat":"repeat","background-position":"center center","background-size":"auto","background-attachment":"scroll","background-type":"","background-media":"","overlay-type":"","overlay-color":"","overlay-opacity":"","overlay-gradient":""},"mobile":{"background-color":"","background-image":"","background-repeat":"repeat","background-position":"center center","background-size":"auto","background-attachment":"scroll","background-type":"","background-media":"","overlay-type":"","overlay-color":"","overlay-opacity":"","overlay-gradient":""}},"ast-content-background-meta":{"desktop":{"background-color":"var(--ast-global-color-5)","background-image":"","background-repeat":"repeat","background-position":"center center","background-size":"auto","background-attachment":"scroll","background-type":"","background-media":"","overlay-type":"","overlay-color":"","overlay-opacity":"","overlay-gradient":""},"tablet":{"background-color":"var(--ast-global-color-5)","background-image":"","background-repeat":"repeat","background-position":"center center","background-size":"auto","background-attachment":"scroll","background-type":"","background-media":"","overlay-type":"","overlay-color":"","overlay-opacity":"","overlay-gradient":""},"mobile":{"background-color":"var(--ast-global-color-5)","background-image":"","background-repeat":"repeat","background-position":"center center","background-size":"auto","background-attachment":"scroll","background-type":"","background-media":"","overlay-type":"","overlay-color":"","overlay-opacity":"","overlay-gradient":""}},"_joinchat":[]},"product_brand":[],"product_cat":[15,195,25,123,26,28,135,27,137,136,30],"product_tag":[146,188,167,194,165,191,120],"class_list":{"0":"post-2582","1":"product","2":"type-product","3":"status-publish","4":"has-post-thumbnail","6":"product_cat-new-vape-this-week","7":"product_cat-germany-warehouse","8":"product_cat-germany-best-selling-vape","9":"product_cat-italy-wholesale-vape","10":"product_cat-netherlands-hot-sale-vape","11":"product_cat-poland-hot-sale-vape","12":"product_cat-spain-best-hot-sale-vape","13":"product_cat-fance-hot-sale-vape","14":"product_cat-rechargeable-vapes","15":"product_cat-smart-screen-vapes","16":"product_cat-minimum-order-quantity-50pcs","17":"product_tag-best-hot-sale-vape","18":"product_tag-buy-vapes-online","19":"product_tag-disposable-vape-with-screen","20":"product_tag-elfworld","21":"product_tag-rechargeable-vapes","22":"product_tag-vape-box","23":"product_tag-vape-wholesale","24":"desktop-align-left","25":"tablet-align-left","26":"mobile-align-left","28":"first","29":"instock","30":"sale","31":"shipping-taxable","32":"purchasable","33":"product-type-simple"},"uagb_featured_image_src":{"full":["https:\/\/rmvapesale.com\/wp-content\/uploads\/2024\/10\/Elfworld-Plus-20000-puffs.jpg",800,800,false],"thumbnail":["https:\/\/rmvapesale.com\/wp-content\/uploads\/2024\/10\/Elfworld-Plus-20000-puffs-150x150.jpg",150,150,true],"medium":["https:\/\/rmvapesale.com\/wp-content\/uploads\/2024\/10\/Elfworld-Plus-20000-puffs-300x300.jpg",300,300,true],"medium_large":["https:\/\/rmvapesale.com\/wp-content\/uploads\/2024\/10\/Elfworld-Plus-20000-puffs-768x768.jpg",768,768,true],"large":["https:\/\/rmvapesale.com\/wp-content\/uploads\/2024\/10\/Elfworld-Plus-20000-puffs.jpg",800,800,false],"1536x1536":["https:\/\/rmvapesale.com\/wp-content\/uploads\/2024\/10\/Elfworld-Plus-20000-puffs.jpg",800,800,false],"2048x2048":["https:\/\/rmvapesale.com\/wp-content\/uploads\/2024\/10\/Elfworld-Plus-20000-puffs.jpg",800,800,false],"trp-custom-language-flag":["https:\/\/rmvapesale.com\/wp-content\/uploads\/2024\/10\/Elfworld-Plus-20000-puffs.jpg",12,12,false],"woocommerce_thumbnail":["https:\/\/rmvapesale.com\/wp-content\/uploads\/2024\/10\/Elfworld-Plus-20000-puffs-300x300.jpg",300,300,true],"woocommerce_single":["https:\/\/rmvapesale.com\/wp-content\/uploads\/2024\/10\/Elfworld-Plus-20000-puffs-600x600.jpg",600,600,true],"woocommerce_gallery_thumbnail":["https:\/\/rmvapesale.com\/wp-content\/uploads\/2024\/10\/Elfworld-Plus-20000-puffs-100x100.jpg",100,100,true],"wcpr-photo-reviews":["https:\/\/rmvapesale.com\/wp-content\/uploads\/2024\/10\/Elfworld-Plus-20000-puffs.jpg",500,500,false]},"uagb_author_info":{"display_name":"AMY","author_link":"https:\/\/rmvapesale.com\/fr\/author\/"},"uagb_comment_info":0,"uagb_excerpt":"Elf World Plus 20000 Puffs LED Display Screen Disposable ELFWORLD Plus 20000 Rechargeable Puff Vape Factory Price ELFWORLD Plus+ 20K Disposable Vape Pod Wholesale (Ship from most Germany warehouse and takes about 3-5 days\u00a0 to get arrive to most Europe countries like Netherlands, France, Italy, Spain, Switzerland, Sweden, Poland, etc. ) WhatsApp: +86 17776015835 &nbsp;","_links":{"self":[{"href":"https:\/\/rmvapesale.com\/fr\/wp-json\/wp\/v2\/product\/2582","targetHints":{"allow":["GET"]}}],"collection":[{"href":"https:\/\/rmvapesale.com\/fr\/wp-json\/wp\/v2\/product"}],"about":[{"href":"https:\/\/rmvapesale.com\/fr\/wp-json\/wp\/v2\/types\/product"}],"replies":[{"embeddable":true,"href":"https:\/\/rmvapesale.com\/fr\/wp-json\/wp\/v2\/comments?post=2582"}],"wp:featuredmedia":[{"embeddable":true,"href":"https:\/\/rmvapesale.com\/fr\/wp-json\/wp\/v2\/media\/2580"}],"wp:attachment":[{"href":"https:\/\/rmvapesale.com\/fr\/wp-json\/wp\/v2\/media?parent=2582"}],"wp:term":[{"taxonomy":"product_brand","embeddable":true,"href":"https:\/\/rmvapesale.com\/fr\/wp-json\/wp\/v2\/product_brand?post=2582"},{"taxonomy":"product_cat","embeddable":true,"href":"https:\/\/rmvapesale.com\/fr\/wp-json\/wp\/v2\/product_cat?post=2582"},{"taxonomy":"product_tag","embeddable":true,"href":"https:\/\/rmvapesale.com\/fr\/wp-json\/wp\/v2\/product_tag?post=2582"}],"curies":[{"name":"wp","href":"https:\/\/api.w.org\/{rel}","templated":true}]}}