{"id":2589,"date":"2024-10-28T08:12:17","date_gmt":"2024-10-28T08:12:17","guid":{"rendered":"https:\/\/rmvapesale.com\/?post_type=product&#038;p=2589"},"modified":"2024-10-28T08:47:41","modified_gmt":"2024-10-28T08:47:41","slug":"poco-pt12000-puffs-disposable-vape-pod-electronic-cigarette","status":"publish","type":"product","link":"https:\/\/rmvapesale.com\/fr\/product\/poco-pt12000-puffs-disposable-vape-pod-electronic-cigarette\/","title":{"rendered":"POCO PT12000 Bouff\u00e9es Cigarette \u00c9lectronique Vape Pod Jetable"},"content":{"rendered":"<div class=\"B2VR9 CJHX3e\">\n<div class=\"wyccme\">\n<h1 class=\"LC20lb MBeuO DKV0Md\">POCO PT12000 Bouff\u00e9es Cigarette \u00c9lectronique Vape Pod Jetable<\/h1>\n<div class=\"flex-shrink-0 flex flex-col relative items-end\">\n<div class=\"pt-0\">\n<div class=\"gizmo-bot-avatar flex h-8 w-8 items-center justify-center overflow-hidden rounded-full\">\n<div class=\"relative p-1 rounded-sm flex items-center justify-center bg-token-main-surface-primary text-token-text-primary h-8 w-8\">\n<p>POCO PT12000 Bouff\u00e9es Vape Jetable place la barre comme l'une des vapes jetables rechargeables les plus puissantes disponibles, offrant un nombre impressionnant de 12 000 bouff\u00e9es dans un design \u00e9l\u00e9gant et rechargeable. Cet appareil de vape de 12k bouff\u00e9es apporte une touche audacieuse au march\u00e9 des vapes jetables avec des fonctionnalit\u00e9s con\u00e7ues pour satisfaire m\u00eame les vapoteurs les plus exigeants. Le pod de vape jetable Poco PT12000 Bouff\u00e9es, \u00e9quip\u00e9 d'une bobine en maille haute performance, le POCO PT 12000 est pr\u00e9-rempli d'e-liquide de sel de nic de qualit\u00e9 sup\u00e9rieure, assurant une saveur riche et une vapeur douce \u00e0 chaque fois.<\/p>\n<p>Aliment\u00e9 par une batterie rechargeable robuste de 650 mAh et un port de charge Type-C pratique, cet appareil de pod de vape se charge rapidement pour que vous n'ayez jamais \u00e0 attendre. La fonction de flux d'air r\u00e9glable permet aux utilisateurs de personnaliser chaque bouff\u00e9e, qu'ils pr\u00e9f\u00e8rent un tirage plus serr\u00e9 ou plus ouvert. Avec une concentration puissante de nicotine de sel de 5%, cette vape est id\u00e9ale pour les vapoteurs exp\u00e9riment\u00e9s \u00e0 la recherche d'un hit de gorge satisfaisant.<\/p>\n<p>Parfait pour les boutiques de vape en gros et les acheteurs en gros qui souhaitent acheter des vapes en ligne, le POCO PT 12k bouff\u00e9es combine une qualit\u00e9 sup\u00e9rieure et des fonctionnalit\u00e9s conviviales, cr\u00e9ant une exp\u00e9rience de vapotage imbattable qui se d\u00e9marque de la concurrence.<\/p>\n<p>&nbsp;<\/p>\n<\/div>\n<\/div>\n<\/div>\n<\/div>\n<\/div>\n<\/div>\n<p><strong>Contactez Amy pour obtenir la bonne r\u00e9ponse et un coupon de vape !<\/strong><\/p>\n<p><img loading=\"lazy\" decoding=\"async\" class=\"size-full wp-image-1978\" src=\"https:\/\/rmvapesale.com\/wp-content\/uploads\/2024\/09\/Disposable-Vape-Wholesale.jpg\" alt=\"Vente en gros de vapes jetables\" width=\"229\" height=\"300\" \/><\/p>\n<h3><a href=\"https:\/\/wa.me\/8617776015835\" target=\"_blank\" rel=\"noopener\"><span style=\"color: #ff0000\"><strong>WhatsApp: +86 17776015835<\/strong><\/span><\/a><\/h3>\n<p>&nbsp;<\/p>\n<h2><\/h2>\n<h2><strong>Vape Jetable POCO PT12000 <\/strong><strong>Caract\u00e9ristiques principales<\/strong><\/h2>\n<p>Nicotine : 5%<br \/>\nBouff\u00e9es : 12000<br \/>\nCapacit\u00e9 : 22 ml<br \/>\n10 saveurs disponibles<br \/>\n650 mah Rechargeable<br \/>\nbobine en maille<br \/>\nType-C, rechargeable<\/p>\n<figure id=\"attachment_2588\" aria-describedby=\"caption-attachment-2588\" style=\"width: 800px\" class=\"wp-caption alignnone\"><img loading=\"lazy\" decoding=\"async\" class=\"wp-image-2588 size-full\" src=\"https:\/\/rmvapesale.com\/wp-content\/uploads\/2024\/10\/Poco-pt12000-For-Sale.jpg\" alt=\"Poco Pt12000 \u00c0 Vendre\" width=\"800\" height=\"800\" srcset=\"https:\/\/rmvapesale.com\/wp-content\/uploads\/2024\/10\/Poco-pt12000-For-Sale.jpg 800w, https:\/\/rmvapesale.com\/wp-content\/uploads\/2024\/10\/Poco-pt12000-For-Sale-300x300.jpg 300w, https:\/\/rmvapesale.com\/wp-content\/uploads\/2024\/10\/Poco-pt12000-For-Sale-150x150.jpg 150w, https:\/\/rmvapesale.com\/wp-content\/uploads\/2024\/10\/Poco-pt12000-For-Sale-768x768.jpg 768w, https:\/\/rmvapesale.com\/wp-content\/uploads\/2024\/10\/Poco-pt12000-For-Sale-600x600.jpg 600w, https:\/\/rmvapesale.com\/wp-content\/uploads\/2024\/10\/Poco-pt12000-For-Sale-100x100.jpg 100w\" sizes=\"auto, (max-width: 800px) 100vw, 800px\" \/><figcaption id=\"caption-attachment-2588\" class=\"wp-caption-text\">Poco Pt12000 \u00c0 Vendre<\/figcaption><\/figure>\n<h2><strong>Meilleure saveur pour POCO PT12000 Bouff\u00e9es Vape Jetable<\/strong><strong>\u00a0<\/strong><\/h2>\n<p>&nbsp;<\/p>\n<p>1. Glace aux Myrtilles<span style=\"color: #ff0000\"><strong>&gt;&gt;&gt;&gt; Chaud!<\/strong><\/span><br \/>\n2. Past\u00e8que aux Fraises<br \/>\n3. Fraise Fruit du Dragon Glace Noire<br \/>\n4. Boisson \u00e9nergisante<br \/>\n5. P\u00eache glac\u00e9e<br \/>\n6. Limonade cerise p\u00eache<br \/>\n7. Framboise myrtille <span style=\"color: #ff0000\"><strong>&gt;&gt;&gt;&gt; Le meilleur !<\/strong><\/span><br \/>\n8. Fraise kiwi<br \/>\n9. Raisin alo\u00e8s<br \/>\n10. Fraise glac\u00e9e <span style=\"color: #ff0000\"><strong>&gt;&gt;&gt;&gt; Chaud!<\/strong><\/span><\/p>\n<p>&nbsp;<\/p>\n<h3><strong>Pourquoi choisir Rmvapesale pour <\/strong><strong>POCO PT12000 <\/strong><strong>Vape jetable rechargeable en bouff\u00e9es<\/strong><strong>?<\/strong><\/h3>\n<div class=\"flex-shrink-0 flex flex-col relative items-end\">\n<div class=\"pt-0\">\n<div class=\"gizmo-bot-avatar flex h-8 w-8 items-center justify-center overflow-hidden rounded-full\">\n<div class=\"relative p-1 rounded-sm flex items-center justify-center bg-token-main-surface-primary text-token-text-primary h-8 w-8\">\n<p>&nbsp;<\/p>\n<p>En choisissant Rmvapesale pour vos besoins en vapes jetables en gros, vous b\u00e9n\u00e9ficiez de :<\/p>\n<ul>\n<li><strong>Prix comp\u00e9titifs<\/strong>: Acc\u00e9dez \u00e0 des prix de gros attractifs qui stimulent vos marges commerciales.<\/li>\n<li><strong>Haute qualit\u00e9<\/strong>: Nos vapes sont fabriqu\u00e9es selon les normes les plus strictes et sont <span style=\"color: #ff0000\"><strong>garanties 100% originales et authentiques. Nous offrons 10 fois le prix en d\u00e9dommagement pour les produits contrefaits !<\/strong><\/span><\/li>\n<li><strong>Excellent service client<\/strong>: Notre \u00e9quipe d\u00e9di\u00e9e est toujours pr\u00eate \u00e0 vous aider, rendant votre processus d'achat fluide et sans tracas.<\/li>\n<li><strong>Exp\u00e9dition rapide<\/strong>: Attendez-vous \u00e0 une exp\u00e9dition rapide et fiable, garantissant que vos commandes arrivent \u00e0 temps, \u00e0 chaque fois.<\/li>\n<\/ul>\n<\/div>\n<h3><\/h3>\n<div class=\"relative p-1 rounded-sm flex items-center justify-center bg-token-main-surface-primary text-token-text-primary h-8 w-8\">\n<h3><b>Vape POCO <\/b><strong>PT12000 <\/strong><b>FAQ sur les bouff\u00e9es<\/b><\/h3>\n<p><strong>1. Comment charger la vape jetable rechargeable POCO PT 12K ?<\/strong><br \/>\nPour charger votre POCO PT 12000, utilisez un c\u00e2ble de chargement de type C. Branchez-le simplement dans le port situ\u00e9 \u00e0 la base de l'appareil. Assurez-vous qu'il est branch\u00e9 sur une source d'alimentation compatible pour une charge stable. Le POCO PT 12000 est con\u00e7u pour une charge rapide, vous serez donc pr\u00eat \u00e0 vapoter en un rien de temps !<\/p>\n<p><strong>2. Quelle est la quantit\u00e9 de nicotine contenue dans une dosette de vape jetable POCO PT12000 Puffs ?<\/strong><br \/>\nLe POCO PT 12000 offre des niveaux de nicotine de concentration en sel de nicotine de 5%, offrant une exp\u00e9rience de vapotage robuste et satisfaisante pour ceux qui recherchent un hit plus fort.<\/p>\n<p><strong>3. Combien de temps dois-je charger ma bo\u00eete de vape jetable POCO 12000 Puffs ?<\/strong><br \/>\nPour des performances optimales, chargez le POCO 12000 pendant environ 1 \u00e0 2 heures ou jusqu'\u00e0 ce qu'il soit compl\u00e8tement charg\u00e9. Il est pr\u00e9f\u00e9rable de ne pas d\u00e9passer ce d\u00e9lai pour maintenir la sant\u00e9 de la batterie.<\/p>\n<p><strong>4. O\u00f9 puis-je acheter la barre de vape POCO PT12000 Puffs ?<\/strong><br \/>\nLa barre de vape jetable POCO PT12000 Puffs est disponible chez de nombreux d\u00e9taillants de vape en ligne, dans les boutiques de vape et chez certains distributeurs de vape en gros. Pour des options pratiques, pensez \u00e0 parcourir les boutiques de vape populaires en ligne comme rmvapesale pour trouver les meilleures offres.<\/p>\n<p><strong>5. Quelles sont les meilleures vapes jetables pour 2024 ?<\/strong><br \/>\nLe POCO PT12000 fait partie des meilleures vapes jetables pour 2024 en raison de son nombre \u00e9lev\u00e9 de bouff\u00e9es, de son flux d'air r\u00e9glable, de sa bobine en mesh de qualit\u00e9 sup\u00e9rieure et de sa batterie rechargeable. Avec une performance de qualit\u00e9 et un design innovant, il se distingue comme un choix de premier ordre pour des exp\u00e9riences de vapotage savoureuses et durables.<\/p>\n<\/div>\n<\/div>\n<\/div>\n<\/div>\n<h3>\u00c0 propos de l'exp\u00e9dition<\/h3>\n<div class=\"flex-shrink-0 flex flex-col relative items-end\">\n<div>\n<div class=\"pt-0\">\n<div class=\"gizmo-bot-avatar flex h-8 w-8 items-center justify-center overflow-hidden rounded-full\">\n<div><\/div>\n<div class=\"relative p-1 rounded-sm flex items-center justify-center bg-token-main-surface-primary text-token-text-primary h-8 w-8\"><strong>1. Quelles m\u00e9thodes d'exp\u00e9dition sont utilis\u00e9es ?<\/strong><\/div>\n<\/div>\n<\/div>\n<\/div>\n<\/div>\n<div class=\"group\/conversation-turn relative flex w-full min-w-0 flex-col agent-turn\">\n<div class=\"flex-col gap-1 md:gap-3\">\n<div class=\"flex max-w-full flex-col flex-grow\">\n<div class=\"min-h-[20px] text-message flex w-full flex-col items-end gap-2 whitespace-normal break-words [.text-message+&amp;]:mt-5 overflow-x-auto\" dir=\"auto\" data-message-author-role=\"assistant\" data-message-id=\"22f8283b-3233-46ff-89a5-c7a41b33abda\">\n<div class=\"flex w-full flex-col gap-1 empty:hidden first:pt-[3px]\">\n<div class=\"markdown prose w-full break-words dark:prose-invert light\">\n<p>Nous travaillons en partenariat avec UPS, DHL, FedEx, DPD et d'autres transporteurs de premier plan. Nous s\u00e9lectionnerons la meilleure m\u00e9thode d'exp\u00e9dition en fonction de votre lieu de livraison pour que vous receviez vos produits le plus rapidement possible.<\/p>\n<\/div>\n<p><strong>2. Combien de temps faut-il pour que cela arrive ?<\/strong><\/p>\n<p>Les colis exp\u00e9di\u00e9s en France arrivent g\u00e9n\u00e9ralement sous 10 jours ouvrables. L'exp\u00e9dition vers les pays europ\u00e9ens prend g\u00e9n\u00e9ralement environ 12 \u00e0 15 jours ouvrables. Nous vous fournirons des mises \u00e0 jour en temps r\u00e9el sur l'\u00e9tat de votre envoi.<\/p>\n<\/div>\n<\/div>\n<\/div>\n<\/div>\n<\/div>\n<p>&nbsp;<\/p>\n<p>Autres vapes en vente que vous pourriez aimer :<\/p>\n<p><a href=\"https:\/\/rmvapesale.com\/fr\/product\/fumot-randm-tornado-30000-puffs-30k-music-disposable-vape\/\"><strong>RandM Tornado 30000 Bouff\u00e9es\u00a0 \u00a0<span style=\"color: #ff0000\">&gt;&gt;&gt;&gt; C'est parti !<\/span><\/strong><\/a><\/p>\n<p><strong><a href=\"https:\/\/rmvapesale.com\/fr\/product\/disposable-vape-poco-bl10000-puffs-wholesale\/\">POCO BL10000 Bouff\u00e9es <span style=\"color: #ff0000\">&gt;&gt;&gt;&gt; C'est parti !<\/span><\/a>\u00a0<\/strong><\/p>\n<p><a href=\"https:\/\/rmvapesale.com\/fr\/product\/original-randm-vape-digital-puff-12000-fumot-factory-price\/\"><strong>Fumot Vape 12000 Bouff\u00e9es <span style=\"color: #ff0000\">&gt;&gt;&gt;&gt; C'est parti !<\/span><\/strong><\/a><\/p>\n<p>&nbsp;<\/p>\n<p>&nbsp;<\/p>\n<p>Trouvez plus de produits de vape que vous pourriez aimer :<strong><em><a href=\"https:\/\/rmvapesale.com\/fr\/shop-2\/\">Achetez maintenant &gt;&gt;&gt;<\/a><\/em><\/strong><\/p>","protected":false},"excerpt":{"rendered":"<p>POCO PT 12000 Bouff\u00e9es Vape Jetable Prix Usine<br \/>\nEntrep\u00f4t UE Poco PT12000 Bouff\u00e9es Vape Jetable en Stock<br \/>\nPOCO PT 12000 Bouff\u00e9es Vape Jetable en Gros<br \/>\n<span style=\"color: #ff0000\">(Exp\u00e9di\u00e9 depuis l'entrep\u00f4t allemand et prend environ 3 \u00e0 5 jours pour arriver dans la plupart des pays d'Europe comme les Pays-Bas, la France, l'Italie, l'Espagne, la Suisse, la Su\u00e8de, la Pologne, etc.)<\/span><\/p>\n<p><img loading=\"lazy\" decoding=\"async\" class=\"size-full wp-image-2375\" src=\"https:\/\/rmvapesale.com\/wp-content\/uploads\/2024\/10\/image.png\" alt=\"Meilleure vape jetable\" width=\"229\" height=\"300\" \/><\/p>\n<h3><a href=\"https:\/\/wa.me\/8617776015835\"><span style=\"color: #ff0000\"><strong>WhatsApp: +86 17776015835<\/strong><\/span><\/a><\/h3>\n<p>&nbsp;<\/p>","protected":false},"featured_media":2586,"comment_status":"open","ping_status":"closed","template":"","meta":{"_uag_custom_page_level_css":"","_lmt_disableupdate":"no","_lmt_disable":"","site-sidebar-layout":"default","site-content-layout":"content-boxed-container","ast-site-content-layout":"normal-width-container","site-content-style":"boxed","site-sidebar-style":"unboxed","ast-global-header-display":"","ast-banner-title-visibility":"","ast-main-header-display":"","ast-hfb-above-header-display":"","ast-hfb-below-header-display":"","ast-hfb-mobile-header-display":"","site-post-title":"","ast-breadcrumbs-content":"","ast-featured-img":"","footer-sml-layout":"","theme-transparent-header-meta":"default","adv-header-id-meta":"","stick-header-meta":"","header-above-stick-meta":"","header-main-stick-meta":"","header-below-stick-meta":"","astra-migrate-meta-layouts":"set","ast-page-background-enabled":"default","ast-page-background-meta":{"desktop":{"background-color":"var(--ast-global-color-4)","background-image":"","background-repeat":"repeat","background-position":"center center","background-size":"auto","background-attachment":"scroll","background-type":"","background-media":"","overlay-type":"","overlay-color":"","overlay-opacity":"","overlay-gradient":""},"tablet":{"background-color":"","background-image":"","background-repeat":"repeat","background-position":"center center","background-size":"auto","background-attachment":"scroll","background-type":"","background-media":"","overlay-type":"","overlay-color":"","overlay-opacity":"","overlay-gradient":""},"mobile":{"background-color":"","background-image":"","background-repeat":"repeat","background-position":"center center","background-size":"auto","background-attachment":"scroll","background-type":"","background-media":"","overlay-type":"","overlay-color":"","overlay-opacity":"","overlay-gradient":""}},"ast-content-background-meta":{"desktop":{"background-color":"var(--ast-global-color-5)","background-image":"","background-repeat":"repeat","background-position":"center center","background-size":"auto","background-attachment":"scroll","background-type":"","background-media":"","overlay-type":"","overlay-color":"","overlay-opacity":"","overlay-gradient":""},"tablet":{"background-color":"var(--ast-global-color-5)","background-image":"","background-repeat":"repeat","background-position":"center center","background-size":"auto","background-attachment":"scroll","background-type":"","background-media":"","overlay-type":"","overlay-color":"","overlay-opacity":"","overlay-gradient":""},"mobile":{"background-color":"var(--ast-global-color-5)","background-image":"","background-repeat":"repeat","background-position":"center center","background-size":"auto","background-attachment":"scroll","background-type":"","background-media":"","overlay-type":"","overlay-color":"","overlay-opacity":"","overlay-gradient":""}},"_joinchat":[]},"product_brand":[],"product_cat":[15,195,25,123,26,28,135,27,137,30],"product_tag":[146,188,167,165,191,196,120],"class_list":{"0":"post-2589","1":"product","2":"type-product","3":"status-publish","4":"has-post-thumbnail","6":"product_cat-new-vape-this-week","7":"product_cat-germany-warehouse","8":"product_cat-germany-best-selling-vape","9":"product_cat-italy-wholesale-vape","10":"product_cat-netherlands-hot-sale-vape","11":"product_cat-poland-hot-sale-vape","12":"product_cat-spain-best-hot-sale-vape","13":"product_cat-fance-hot-sale-vape","14":"product_cat-rechargeable-vapes","15":"product_cat-minimum-order-quantity-50pcs","16":"product_tag-best-hot-sale-vape","17":"product_tag-buy-vapes-online","18":"product_tag-disposable-vape-with-screen","19":"product_tag-rechargeable-vapes","20":"product_tag-vape-box","21":"product_tag-vape-shop","22":"product_tag-vape-wholesale","23":"desktop-align-left","24":"tablet-align-left","25":"mobile-align-left","27":"first","28":"instock","29":"sale","30":"shipping-taxable","31":"purchasable","32":"product-type-simple"},"uagb_featured_image_src":{"full":["https:\/\/rmvapesale.com\/wp-content\/uploads\/2024\/10\/POCO-PT-12000-Puffs-Disposable-Vape.jpg",800,800,false],"thumbnail":["https:\/\/rmvapesale.com\/wp-content\/uploads\/2024\/10\/POCO-PT-12000-Puffs-Disposable-Vape-150x150.jpg",150,150,true],"medium":["https:\/\/rmvapesale.com\/wp-content\/uploads\/2024\/10\/POCO-PT-12000-Puffs-Disposable-Vape-300x300.jpg",300,300,true],"medium_large":["https:\/\/rmvapesale.com\/wp-content\/uploads\/2024\/10\/POCO-PT-12000-Puffs-Disposable-Vape-768x768.jpg",768,768,true],"large":["https:\/\/rmvapesale.com\/wp-content\/uploads\/2024\/10\/POCO-PT-12000-Puffs-Disposable-Vape.jpg",800,800,false],"1536x1536":["https:\/\/rmvapesale.com\/wp-content\/uploads\/2024\/10\/POCO-PT-12000-Puffs-Disposable-Vape.jpg",800,800,false],"2048x2048":["https:\/\/rmvapesale.com\/wp-content\/uploads\/2024\/10\/POCO-PT-12000-Puffs-Disposable-Vape.jpg",800,800,false],"trp-custom-language-flag":["https:\/\/rmvapesale.com\/wp-content\/uploads\/2024\/10\/POCO-PT-12000-Puffs-Disposable-Vape.jpg",12,12,false],"woocommerce_thumbnail":["https:\/\/rmvapesale.com\/wp-content\/uploads\/2024\/10\/POCO-PT-12000-Puffs-Disposable-Vape-300x300.jpg",300,300,true],"woocommerce_single":["https:\/\/rmvapesale.com\/wp-content\/uploads\/2024\/10\/POCO-PT-12000-Puffs-Disposable-Vape-600x600.jpg",600,600,true],"woocommerce_gallery_thumbnail":["https:\/\/rmvapesale.com\/wp-content\/uploads\/2024\/10\/POCO-PT-12000-Puffs-Disposable-Vape-100x100.jpg",100,100,true],"wcpr-photo-reviews":["https:\/\/rmvapesale.com\/wp-content\/uploads\/2024\/10\/POCO-PT-12000-Puffs-Disposable-Vape.jpg",500,500,false]},"uagb_author_info":{"display_name":"AMY","author_link":"https:\/\/rmvapesale.com\/fr\/author\/"},"uagb_comment_info":0,"uagb_excerpt":"POCO PT 12000 Puffs Disposable Vape Factory Price EU Warehouse Poco PT12000 Puffs Disposable Vape in Stock POCO PT 12000 Puffs Disposable Vape Wholesale (Ship from Germany warehouse and takes about 3-5 days\u00a0 to get arrive to most Europe countries like Netherlands, France, Italy, Spain, Switzerland, Sweden, Poland, etc. ) WhatsApp: +86 17776015835 &nbsp;","_links":{"self":[{"href":"https:\/\/rmvapesale.com\/fr\/wp-json\/wp\/v2\/product\/2589","targetHints":{"allow":["GET"]}}],"collection":[{"href":"https:\/\/rmvapesale.com\/fr\/wp-json\/wp\/v2\/product"}],"about":[{"href":"https:\/\/rmvapesale.com\/fr\/wp-json\/wp\/v2\/types\/product"}],"replies":[{"embeddable":true,"href":"https:\/\/rmvapesale.com\/fr\/wp-json\/wp\/v2\/comments?post=2589"}],"wp:featuredmedia":[{"embeddable":true,"href":"https:\/\/rmvapesale.com\/fr\/wp-json\/wp\/v2\/media\/2586"}],"wp:attachment":[{"href":"https:\/\/rmvapesale.com\/fr\/wp-json\/wp\/v2\/media?parent=2589"}],"wp:term":[{"taxonomy":"product_brand","embeddable":true,"href":"https:\/\/rmvapesale.com\/fr\/wp-json\/wp\/v2\/product_brand?post=2589"},{"taxonomy":"product_cat","embeddable":true,"href":"https:\/\/rmvapesale.com\/fr\/wp-json\/wp\/v2\/product_cat?post=2589"},{"taxonomy":"product_tag","embeddable":true,"href":"https:\/\/rmvapesale.com\/fr\/wp-json\/wp\/v2\/product_tag?post=2589"}],"curies":[{"name":"wp","href":"https:\/\/api.w.org\/{rel}","templated":true}]}}