{"id":2596,"date":"2024-10-28T09:08:31","date_gmt":"2024-10-28T09:08:31","guid":{"rendered":"https:\/\/rmvapesale.com\/?post_type=product&#038;p=2596"},"modified":"2024-10-28T09:48:39","modified_gmt":"2024-10-28T09:48:39","slug":"poco-sl15000-disposable-vape-5-nicotine-smart-vape","status":"publish","type":"product","link":"https:\/\/rmvapesale.com\/fr\/product\/poco-sl15000-disposable-vape-5-nicotine-smart-vape\/","title":{"rendered":"POCO SL15000 Vape Jetable 5% de Nicotine Vape Intelligente"},"content":{"rendered":"<div class=\"B2VR9 CJHX3e\">\n<div class=\"wyccme\">\n<h1 class=\"LC20lb MBeuO DKV0Md\">Vape Jetable POCO SL15000 5% Nicotine Vente en Gros<\/h1>\n<div class=\"flex-shrink-0 flex flex-col relative items-end\">\n<div class=\"pt-0\">\n<div class=\"gizmo-bot-avatar flex h-8 w-8 items-center justify-center overflow-hidden rounded-full\">\n<div class=\"relative p-1 rounded-sm flex items-center justify-center bg-token-main-surface-primary text-token-text-primary h-8 w-8\">\n<p>La Vape Jetable POCO SL15000 est un dispositif de vapotage de pointe con\u00e7u pour la commodit\u00e9 et une saveur exceptionnelle. Avec une capacit\u00e9 impressionnante de 24 ml, cet appareil offre jusqu'\u00e0 15 000 bouff\u00e9es, ce qui en fait l'une des vapoteuses jetables les plus populaires sur le march\u00e9.<\/p>\n<p>Con\u00e7ue avec des ingr\u00e9dients de haute qualit\u00e9, la POCO SL15000 garantit une exp\u00e9rience de vapotage coh\u00e9rente et agr\u00e9able \u00e0 chaque bouff\u00e9e, ce qui en fait une r\u00e9f\u00e9rence parmi les marques de vapoteuses populaires. En tant que choix privil\u00e9gi\u00e9 pour les utilisateurs occasionnels et les passionn\u00e9s de vapotage, cet appareil r\u00e9pond \u00e0 une utilisation prolong\u00e9e, offrant une polyvalence pour diff\u00e9rentes pr\u00e9f\u00e9rences en nicotine, y compris les options \u00e0 faible nicotine.<\/p>\n<p>Parfait pour une utilisation en d\u00e9placement ou pour se d\u00e9tendre \u00e0 la maison, la POCO SL15000 promet un plaisir de vapotage ininterrompu. Son design \u00e9l\u00e9gant et ses fonctionnalit\u00e9s conviviales en font un choix de premier plan parmi les vapoteuses en gros, gagnant en popularit\u00e9 comme la meilleure vape jetable de 2024. En tant que vapoteuse rechargeable, ce dispositif avec port Type-C pratique am\u00e9liore l'exp\u00e9rience, tandis qu'un \u00e9cran clair suit le niveau de batterie et de e-liquide, une fonctionnalit\u00e9 appr\u00e9ci\u00e9e par de nombreux vapoteurs.<\/p>\n<p>Pour ceux qui recherchent des vapoteuses en gros, des vapoteuses jetables en ligne ou dans une boutique de vapotage, la POCO SL15000 se distingue par ses performances \u00e9lev\u00e9es et son design, id\u00e9ale pour ceux qui souhaitent une exp\u00e9rience de vape de 15000 bouff\u00e9es sans avoir besoin de plusieurs appareils.<\/p>\n<p>&nbsp;<\/p>\n<\/div>\n<\/div>\n<\/div>\n<\/div>\n<\/div>\n<\/div>\n<p><strong>Contactez Amy pour obtenir la bonne r\u00e9ponse et un coupon de vape !<\/strong><\/p>\n<p><img loading=\"lazy\" decoding=\"async\" class=\"size-full wp-image-1978\" src=\"https:\/\/rmvapesale.com\/wp-content\/uploads\/2024\/09\/Disposable-Vape-Wholesale.jpg\" alt=\"Vente en gros de vapes jetables\" width=\"229\" height=\"300\" \/><\/p>\n<h3><a href=\"https:\/\/wa.me\/8617776015835\" target=\"_blank\" rel=\"noopener\"><span style=\"color: #ff0000\"><strong>WhatsApp: +86 17776015835<\/strong><\/span><\/a><\/h3>\n<p>&nbsp;<\/p>\n<h2><\/h2>\n<h2><strong>POCO SL15000 Vape Jetable <\/strong><strong>Caract\u00e9ristiques principales<\/strong><\/h2>\n<p>Nicotine : 5%<br \/>\nBouff\u00e9es : 15000<br \/>\nCapacit\u00e9 : 24 ml<br \/>\n12 saveurs disponibles<br \/>\nBobine maill\u00e9e<br \/>\nBatterie: 850mAh<br \/>\n\u00c9cran Intelligent : capacit\u00e9 de la batterie \/ capacit\u00e9 du e-liquide<\/p>\n<p>&nbsp;<\/p>\n<figure id=\"attachment_2591\" aria-describedby=\"caption-attachment-2591\" style=\"width: 800px\" class=\"wp-caption alignnone\"><img loading=\"lazy\" decoding=\"async\" class=\"wp-image-2591 size-full\" src=\"https:\/\/rmvapesale.com\/wp-content\/uploads\/2024\/10\/Poco-SL-15000-Puffs-Disposable-Vape-Wholesale.png\" alt=\"Vape Jetable POCO SL 15000 en Gros\" width=\"800\" height=\"800\" srcset=\"https:\/\/rmvapesale.com\/wp-content\/uploads\/2024\/10\/Poco-SL-15000-Puffs-Disposable-Vape-Wholesale.png 800w, https:\/\/rmvapesale.com\/wp-content\/uploads\/2024\/10\/Poco-SL-15000-Puffs-Disposable-Vape-Wholesale-300x300.png 300w, https:\/\/rmvapesale.com\/wp-content\/uploads\/2024\/10\/Poco-SL-15000-Puffs-Disposable-Vape-Wholesale-150x150.png 150w, https:\/\/rmvapesale.com\/wp-content\/uploads\/2024\/10\/Poco-SL-15000-Puffs-Disposable-Vape-Wholesale-768x768.png 768w, https:\/\/rmvapesale.com\/wp-content\/uploads\/2024\/10\/Poco-SL-15000-Puffs-Disposable-Vape-Wholesale-600x600.png 600w, https:\/\/rmvapesale.com\/wp-content\/uploads\/2024\/10\/Poco-SL-15000-Puffs-Disposable-Vape-Wholesale-100x100.png 100w\" sizes=\"auto, (max-width: 800px) 100vw, 800px\" \/><figcaption id=\"caption-attachment-2591\" class=\"wp-caption-text\">Vape Jetable POCO SL 15000 en Gros<\/figcaption><\/figure>\n<h2><strong>Saveur principale pour POCO <\/strong><strong>SL15000 <\/strong><strong>Vape Jetable Bouff\u00e9es<\/strong><strong>\u00a0<\/strong><\/h2>\n<p>Cet appareil de vapotage jetable avec \u00e9cran est parfait pour ceux qui aiment une vari\u00e9t\u00e9 de saveurs, car il est disponible dans une vaste gamme, y compris Raisin d'alo\u00e8s, Limonade aux myrtilles et framboises, Fraise et past\u00e8que, et bien d'autres encore. Chaque saveur est con\u00e7ue pour offrir une exp\u00e9rience de vapotage satisfaisante et douce, garantissant aux utilisateurs de profiter de leur go\u00fbt pr\u00e9f\u00e9r\u00e9 sans compromis.<\/p>\n<p>1. Aloe Raisin<br \/>\n2. Myrtille Framboise Limonade <span style=\"color: #ff0000\"><strong>&gt;&gt;&gt;&gt; Chaud!<\/strong><\/span><br \/>\n3. Fraise Past\u00e8que<br \/>\n4. Dragon Fruit Gla\u00e7on Noir Fraise<span style=\"color: #ff0000\"><strong>&gt;&gt;&gt;&gt; Chaud!<\/strong><\/span><br \/>\n5. Boisson \u00c9nergisante<br \/>\n6. Fraise Framboise Kiwi<br \/>\n7. Raisin Canneberge P\u00eache<br \/>\n8.Cassis Framboise<br \/>\n9.Fraise Cerise <span style=\"color: #ff0000\"><strong>&gt;&gt;&gt;&gt; Le meilleur !<\/strong><\/span><br \/>\n10.Ananas Fraise Banane<br \/>\n11.Past\u00e8que Litchi<br \/>\n12.Ananas Pomme<\/p>\n<p>&nbsp;<\/p>\n<h3><strong>Pourquoi choisir Rmvapesale pour POCO SL15000<\/strong><strong>\u00a0Vape jetable rechargeable<\/strong><strong>?<\/strong><\/h3>\n<div class=\"flex-shrink-0 flex flex-col relative items-end\">\n<div class=\"pt-0\">\n<div class=\"gizmo-bot-avatar flex h-8 w-8 items-center justify-center overflow-hidden rounded-full\">\n<div class=\"relative p-1 rounded-sm flex items-center justify-center bg-token-main-surface-primary text-token-text-primary h-8 w-8\">\n<p>&nbsp;<\/p>\n<p>En choisissant Rmvapesale pour vos besoins en vapes jetables en gros, vous b\u00e9n\u00e9ficiez de :<\/p>\n<ul>\n<li><strong>Prix comp\u00e9titifs<\/strong>: Acc\u00e9dez \u00e0 des prix de gros attractifs qui stimulent vos marges commerciales.<\/li>\n<li><strong>Haute qualit\u00e9<\/strong>: Nos vapes sont fabriqu\u00e9es selon les normes les plus strictes et sont <span style=\"color: #ff0000\"><strong>garanties 100% originales et authentiques. Nous offrons 10 fois le prix en d\u00e9dommagement pour les produits contrefaits !<\/strong><\/span><\/li>\n<li><strong>Excellent service client<\/strong>: Notre \u00e9quipe d\u00e9di\u00e9e est toujours pr\u00eate \u00e0 vous aider, rendant votre processus d'achat fluide et sans tracas.<\/li>\n<li><strong>Exp\u00e9dition rapide<\/strong>: Attendez-vous \u00e0 une exp\u00e9dition rapide et fiable, garantissant que vos commandes arrivent \u00e0 temps, \u00e0 chaque fois.<\/li>\n<\/ul>\n<\/div>\n<h3><\/h3>\n<div class=\"relative p-1 rounded-sm flex items-center justify-center bg-token-main-surface-primary text-token-text-primary h-8 w-8\">\n<h3><b>Vape POCO SL 15000<\/b><strong>\u00a0<\/strong><b>FAQ sur les bouff\u00e9es<\/b><\/h3>\n<p><strong>Comment charger la cigarette \u00e9lectronique jetable rechargeable POCO SL15000 Puffs ?<\/strong><br \/>\nPour charger votre cigarette \u00e9lectronique jetable POCO SL15000 Puffs, utilisez le port de charge Type-C situ\u00e9 sur l'appareil. Connectez-le simplement \u00e0 un c\u00e2ble USB-C compatible et branchez-le \u00e0 une source d'alimentation. Cela permettra \u00e0 la batterie rechargeable de la vape de se recharger rapidement, vous assurant de continuer \u00e0 profiter de sessions de vapotage sans interruption.<\/p>\n<p><strong>Quelle est la quantit\u00e9 de nicotine dans une vape POCO SL15000 ?<\/strong><br \/>\nLa vape POCO SL15000 propose des options de nicotine adapt\u00e9es \u00e0 diff\u00e9rentes pr\u00e9f\u00e9rences, y compris des niveaux faibles de nicotine. Choisissez la concentration qui correspond le mieux \u00e0 vos besoins pour une exp\u00e9rience de vapotage personnalis\u00e9e avec des ingr\u00e9dients de haute qualit\u00e9 et une saveur durable.<\/p>\n<p><strong>Combien de temps dois-je charger ma bo\u00eete de vape jetable POCO SL15000 ?<\/strong><br \/>\nPour une charge optimale, chargez la bo\u00eete de vape jetable POCO SL15000 jusqu'\u00e0 ce que l'\u00e9cran de la batterie indique une charge compl\u00e8te. Une charge compl\u00e8te prend g\u00e9n\u00e9ralement quelques heures, selon votre source d'alimentation, et soutiendra un vapotage prolong\u00e9 tout au long de la journ\u00e9e.<\/p>\n<p><strong>O\u00f9 puis-je acheter la barre de vape POCO SL15000 Puffs Puff Vape ?<\/strong><br \/>\nLa barre de vape POCO SL15000 Puffs Puff Vape peut \u00eatre achet\u00e9e facilement en ligne ou dans un magasin de vapotage. De nombreux d\u00e9taillants en ligne proposent des options d'achat en gros, alors consultez en ligne pour les meilleures offres, les vapes en gros et les promotions sp\u00e9ciales.<\/p>\n<p><strong>Quels sont les meilleurs vapes jetables pour 2024 ?<\/strong><br \/>\nLa POCO SL15000 est consid\u00e9r\u00e9e comme l'une des meilleures vapes jetables de 2024, gr\u00e2ce \u00e0 sa capacit\u00e9 longue de 15 000 bouff\u00e9es, son design convivial et ses options de saveur riches. C'est un choix de premier ordre dans la cat\u00e9gorie des vapes en bo\u00eete et continue de se d\u00e9marquer dans les listes des 10 meilleures marques de vapes jetables, en faisant un favori aussi bien pour les utilisateurs individuels que pour les d\u00e9taillants.<\/p>\n<\/div>\n<\/div>\n<\/div>\n<\/div>\n<h3>\u00c0 propos de l'exp\u00e9dition<\/h3>\n<div class=\"flex-shrink-0 flex flex-col relative items-end\">\n<div>\n<div class=\"pt-0\">\n<div class=\"gizmo-bot-avatar flex h-8 w-8 items-center justify-center overflow-hidden rounded-full\">\n<div><\/div>\n<div class=\"relative p-1 rounded-sm flex items-center justify-center bg-token-main-surface-primary text-token-text-primary h-8 w-8\"><strong>1. Quelles m\u00e9thodes d'exp\u00e9dition sont utilis\u00e9es ?<\/strong><\/div>\n<\/div>\n<\/div>\n<\/div>\n<\/div>\n<div class=\"group\/conversation-turn relative flex w-full min-w-0 flex-col agent-turn\">\n<div class=\"flex-col gap-1 md:gap-3\">\n<div class=\"flex max-w-full flex-col flex-grow\">\n<div class=\"min-h-[20px] text-message flex w-full flex-col items-end gap-2 whitespace-normal break-words [.text-message+&amp;]:mt-5 overflow-x-auto\" dir=\"auto\" data-message-author-role=\"assistant\" data-message-id=\"22f8283b-3233-46ff-89a5-c7a41b33abda\">\n<div class=\"flex w-full flex-col gap-1 empty:hidden first:pt-[3px]\">\n<div class=\"markdown prose w-full break-words dark:prose-invert light\">\n<p>Nous travaillons en partenariat avec UPS, DHL, FedEx, DPD et d'autres transporteurs de premier plan. Nous s\u00e9lectionnerons la meilleure m\u00e9thode d'exp\u00e9dition en fonction de votre lieu de livraison pour que vous receviez vos produits le plus rapidement possible.<\/p>\n<\/div>\n<p><strong>2. Combien de temps faut-il pour que cela arrive ?<\/strong><\/p>\n<p>Les colis exp\u00e9di\u00e9s en France arrivent g\u00e9n\u00e9ralement sous 10 jours ouvrables. L'exp\u00e9dition vers les pays europ\u00e9ens prend g\u00e9n\u00e9ralement environ 12 \u00e0 15 jours ouvrables. Nous vous fournirons des mises \u00e0 jour en temps r\u00e9el sur l'\u00e9tat de votre envoi.<\/p>\n<\/div>\n<\/div>\n<\/div>\n<\/div>\n<\/div>\n<p>&nbsp;<\/p>\n<p>Autres vapes en vente que vous pourriez aimer :<\/p>\n<p><a href=\"https:\/\/rmvapesale.com\/fr\/product\/poco-pt12000-puffs-disposable-vape-pod-electronic-cigarette\/\"><strong>POCO PT 12000 Bouff\u00e9es\u00a0 \u00a0<span style=\"color: #ff0000\">&gt;&gt;&gt;&gt; C'est parti !<\/span><\/strong><\/a><\/p>\n<p><strong><a href=\"https:\/\/rmvapesale.com\/fr\/product\/disposable-vape-poco-bl10000-puffs-wholesale\/\">POCO BL10000 Bouff\u00e9es <span style=\"color: #ff0000\">&gt;&gt;&gt;&gt; C'est parti !<\/span><\/a>\u00a0<\/strong><\/p>\n<p><a href=\"https:\/\/rmvapesale.com\/fr\/product\/original-randm-vape-digital-puff-12000-fumot-factory-price\/\"><strong>Fumot Vape 12000 Bouff\u00e9es <span style=\"color: #ff0000\">&gt;&gt;&gt;&gt; C'est parti !<\/span><\/strong><\/a><\/p>\n<p>&nbsp;<\/p>\n<p>&nbsp;<\/p>\n<p>Trouvez plus de produits de vape que vous pourriez aimer :<strong><em><a href=\"https:\/\/rmvapesale.com\/fr\/shop-2\/\">Achetez maintenant &gt;&gt;&gt;<\/a><\/em><\/strong><\/p>","protected":false},"excerpt":{"rendered":"<p>Prix de gros de la Vape Jetable POCO SL15000<br \/>\nEntrep\u00f4t UE Poco SL 15000 Bouff\u00e9es \u00c9cran Intelligent<br \/>\nBo\u00eete de Vape Jetable POCO 5% Cigarette \u00c9lectronique<br \/>\n<span style=\"color: #ff0000\">(Exp\u00e9di\u00e9 depuis l'entrep\u00f4t allemand et prend environ 3 \u00e0 5 jours pour arriver dans la plupart des pays d'Europe comme les Pays-Bas, la France, l'Italie, l'Espagne, la Suisse, la Su\u00e8de, la Pologne, etc.)<\/span><\/p>\n<p><img loading=\"lazy\" decoding=\"async\" class=\"size-full wp-image-2375\" src=\"https:\/\/rmvapesale.com\/wp-content\/uploads\/2024\/10\/image.png\" alt=\"Meilleure vape jetable\" width=\"229\" height=\"300\" \/><\/p>\n<h3><a href=\"https:\/\/wa.me\/8617776015835\"><span style=\"color: #ff0000\"><strong>WhatsApp: +86 17776015835<\/strong><\/span><\/a><\/h3>\n<p>&nbsp;<\/p>","protected":false},"featured_media":2590,"comment_status":"open","ping_status":"closed","template":"","meta":{"_uag_custom_page_level_css":"","_lmt_disableupdate":"no","_lmt_disable":"","site-sidebar-layout":"default","site-content-layout":"content-boxed-container","ast-site-content-layout":"normal-width-container","site-content-style":"boxed","site-sidebar-style":"unboxed","ast-global-header-display":"","ast-banner-title-visibility":"","ast-main-header-display":"","ast-hfb-above-header-display":"","ast-hfb-below-header-display":"","ast-hfb-mobile-header-display":"","site-post-title":"","ast-breadcrumbs-content":"","ast-featured-img":"","footer-sml-layout":"","ast-disable-related-posts":"","theme-transparent-header-meta":"default","adv-header-id-meta":"","stick-header-meta":"","header-above-stick-meta":"","header-main-stick-meta":"","header-below-stick-meta":"","astra-migrate-meta-layouts":"set","ast-page-background-enabled":"default","ast-page-background-meta":{"desktop":{"background-color":"var(--ast-global-color-4)","background-image":"","background-repeat":"repeat","background-position":"center center","background-size":"auto","background-attachment":"scroll","background-type":"","background-media":"","overlay-type":"","overlay-color":"","overlay-opacity":"","overlay-gradient":""},"tablet":{"background-color":"","background-image":"","background-repeat":"repeat","background-position":"center center","background-size":"auto","background-attachment":"scroll","background-type":"","background-media":"","overlay-type":"","overlay-color":"","overlay-opacity":"","overlay-gradient":""},"mobile":{"background-color":"","background-image":"","background-repeat":"repeat","background-position":"center center","background-size":"auto","background-attachment":"scroll","background-type":"","background-media":"","overlay-type":"","overlay-color":"","overlay-opacity":"","overlay-gradient":""}},"ast-content-background-meta":{"desktop":{"background-color":"var(--ast-global-color-5)","background-image":"","background-repeat":"repeat","background-position":"center center","background-size":"auto","background-attachment":"scroll","background-type":"","background-media":"","overlay-type":"","overlay-color":"","overlay-opacity":"","overlay-gradient":""},"tablet":{"background-color":"var(--ast-global-color-5)","background-image":"","background-repeat":"repeat","background-position":"center center","background-size":"auto","background-attachment":"scroll","background-type":"","background-media":"","overlay-type":"","overlay-color":"","overlay-opacity":"","overlay-gradient":""},"mobile":{"background-color":"var(--ast-global-color-5)","background-image":"","background-repeat":"repeat","background-position":"center center","background-size":"auto","background-attachment":"scroll","background-type":"","background-media":"","overlay-type":"","overlay-color":"","overlay-opacity":"","overlay-gradient":""}},"_joinchat":[]},"product_brand":[],"product_cat":[15,27,25,195,123,30,26,28,137,135],"product_tag":[146,188,167,197,165,191,196,120],"class_list":{"0":"post-2596","1":"product","2":"type-product","3":"status-publish","4":"has-post-thumbnail","6":"product_cat-new-vape-this-week","7":"product_cat-fance-hot-sale-vape","8":"product_cat-germany-best-selling-vape","9":"product_cat-germany-warehouse","10":"product_cat-italy-wholesale-vape","11":"product_cat-minimum-order-quantity-50pcs","12":"product_cat-netherlands-hot-sale-vape","13":"product_cat-poland-hot-sale-vape","14":"product_cat-rechargeable-vapes","15":"product_cat-spain-best-hot-sale-vape","16":"product_tag-best-hot-sale-vape","17":"product_tag-buy-vapes-online","18":"product_tag-disposable-vape-with-screen","19":"product_tag-germany-hot-sale-vape","20":"product_tag-rechargeable-vapes","21":"product_tag-vape-box","22":"product_tag-vape-shop","23":"product_tag-vape-wholesale","24":"desktop-align-left","25":"tablet-align-left","26":"mobile-align-left","28":"first","29":"instock","30":"sale","31":"shipping-taxable","32":"purchasable","33":"product-type-simple"},"uagb_featured_image_src":{"full":["https:\/\/rmvapesale.com\/wp-content\/uploads\/2024\/10\/15K-Puffs-Screen-Poco-SL15000-Disposable-Vape.png",800,800,false],"thumbnail":["https:\/\/rmvapesale.com\/wp-content\/uploads\/2024\/10\/15K-Puffs-Screen-Poco-SL15000-Disposable-Vape-150x150.png",150,150,true],"medium":["https:\/\/rmvapesale.com\/wp-content\/uploads\/2024\/10\/15K-Puffs-Screen-Poco-SL15000-Disposable-Vape-300x300.png",300,300,true],"medium_large":["https:\/\/rmvapesale.com\/wp-content\/uploads\/2024\/10\/15K-Puffs-Screen-Poco-SL15000-Disposable-Vape-768x768.png",768,768,true],"large":["https:\/\/rmvapesale.com\/wp-content\/uploads\/2024\/10\/15K-Puffs-Screen-Poco-SL15000-Disposable-Vape.png",800,800,false],"1536x1536":["https:\/\/rmvapesale.com\/wp-content\/uploads\/2024\/10\/15K-Puffs-Screen-Poco-SL15000-Disposable-Vape.png",800,800,false],"2048x2048":["https:\/\/rmvapesale.com\/wp-content\/uploads\/2024\/10\/15K-Puffs-Screen-Poco-SL15000-Disposable-Vape.png",800,800,false],"trp-custom-language-flag":["https:\/\/rmvapesale.com\/wp-content\/uploads\/2024\/10\/15K-Puffs-Screen-Poco-SL15000-Disposable-Vape.png",12,12,false],"woocommerce_thumbnail":["https:\/\/rmvapesale.com\/wp-content\/uploads\/2024\/10\/15K-Puffs-Screen-Poco-SL15000-Disposable-Vape-300x300.png",300,300,true],"woocommerce_single":["https:\/\/rmvapesale.com\/wp-content\/uploads\/2024\/10\/15K-Puffs-Screen-Poco-SL15000-Disposable-Vape-600x600.png",600,600,true],"woocommerce_gallery_thumbnail":["https:\/\/rmvapesale.com\/wp-content\/uploads\/2024\/10\/15K-Puffs-Screen-Poco-SL15000-Disposable-Vape-100x100.png",100,100,true],"wcpr-photo-reviews":["https:\/\/rmvapesale.com\/wp-content\/uploads\/2024\/10\/15K-Puffs-Screen-Poco-SL15000-Disposable-Vape.png",500,500,false]},"uagb_author_info":{"display_name":"AMY","author_link":"https:\/\/rmvapesale.com\/fr\/author\/"},"uagb_comment_info":0,"uagb_excerpt":"POCO SL15000 Disposable Vape Wholesale Price EU Warehouse Poco SL 15000 Puffs Smart Screen POCO Disposable Vape Box 5% E Cigarette (Ship from Germany warehouse and takes about 3-5 days\u00a0 to get arrive to most Europe countries like Netherlands, France, Italy, Spain, Switzerland, Sweden, Poland, etc. ) WhatsApp: +86 17776015835 &nbsp;","_links":{"self":[{"href":"https:\/\/rmvapesale.com\/fr\/wp-json\/wp\/v2\/product\/2596","targetHints":{"allow":["GET"]}}],"collection":[{"href":"https:\/\/rmvapesale.com\/fr\/wp-json\/wp\/v2\/product"}],"about":[{"href":"https:\/\/rmvapesale.com\/fr\/wp-json\/wp\/v2\/types\/product"}],"replies":[{"embeddable":true,"href":"https:\/\/rmvapesale.com\/fr\/wp-json\/wp\/v2\/comments?post=2596"}],"wp:featuredmedia":[{"embeddable":true,"href":"https:\/\/rmvapesale.com\/fr\/wp-json\/wp\/v2\/media\/2590"}],"wp:attachment":[{"href":"https:\/\/rmvapesale.com\/fr\/wp-json\/wp\/v2\/media?parent=2596"}],"wp:term":[{"taxonomy":"product_brand","embeddable":true,"href":"https:\/\/rmvapesale.com\/fr\/wp-json\/wp\/v2\/product_brand?post=2596"},{"taxonomy":"product_cat","embeddable":true,"href":"https:\/\/rmvapesale.com\/fr\/wp-json\/wp\/v2\/product_cat?post=2596"},{"taxonomy":"product_tag","embeddable":true,"href":"https:\/\/rmvapesale.com\/fr\/wp-json\/wp\/v2\/product_tag?post=2596"}],"curies":[{"name":"wp","href":"https:\/\/api.w.org\/{rel}","templated":true}]}}