{"id":2609,"date":"2024-10-30T08:06:20","date_gmt":"2024-10-30T08:06:20","guid":{"rendered":"https:\/\/rmvapesale.com\/?post_type=product&#038;p=2609"},"modified":"2024-10-31T03:48:31","modified_gmt":"2024-10-31T03:48:31","slug":"smart-disposable-vape-elfworld-ai-22000-puffs-led-display","status":"publish","type":"product","link":"https:\/\/rmvapesale.com\/fr\/product\/smart-disposable-vape-elfworld-ai-22000-puffs-led-display\/","title":{"rendered":"Vape jetable intelligente ELFWORLD AI 22000 Bouff\u00e9es \u00c9cran LED"},"content":{"rendered":"<div class=\"B2VR9 CJHX3e\">\n<div class=\"wyccme\">\n<h1 class=\"LC20lb MBeuO DKV0Md\">Vape jetable intelligente ELFWORLD AI 22000 Bouff\u00e9es \u00c9cran LED<\/h1>\n<div class=\"flex-shrink-0 flex flex-col relative items-end\">\n<div class=\"pt-0\">\n<div class=\"gizmo-bot-avatar flex h-8 w-8 items-center justify-center overflow-hidden rounded-full\">\n<div class=\"relative p-1 rounded-sm flex items-center justify-center bg-token-main-surface-primary text-token-text-primary h-8 w-8\">\n<p><strong>Vape jetable intelligent ELFWORLD AI 22000 bouff\u00e9es avec \u00e9cran LED<\/strong> est le choix ultime pour les vapoteurs qui recherchent l'innovation, le style et une exp\u00e9rience de vapotage prolong\u00e9e. Avec une capacit\u00e9 massive de <strong>22000 bouff\u00e9es<\/strong>, cette grande bouff\u00e9e <strong>vapes jetables<\/strong> offre une option durable et sans tracas pour les vapoteurs exp\u00e9riment\u00e9s et les nouveaux venus.<\/p>\n<p><strong>Design \u00e9l\u00e9gant et portabilit\u00e9<\/strong><br \/>\nL' <strong>Elf World AI 22000<\/strong> pr\u00e9sente un design \u00e9l\u00e9gant et moderne, con\u00e7u avec des lignes lisses et une finition haut de gamme qui est aussi agr\u00e9able au toucher qu'\u00e0 l'\u0153il. Ce <strong>appareil de vapotage en bo\u00eete<\/strong> est compact et l\u00e9ger, ce qui le rend facile \u00e0 transporter en d\u00e9placement. Malgr\u00e9 sa construction l\u00e9g\u00e8re, il est con\u00e7u pour r\u00e9sister \u00e0 une utilisation quotidienne, assurant une durabilit\u00e9 sans sacrifier son attrait haut de gamme.<\/p>\n<p><strong>Technologie intelligente avec flux d'air r\u00e9glable<\/strong><br \/>\nEn tant que v\u00e9ritable <strong>vape intelligent<\/strong>, le AI 22000 offre une exp\u00e9rience personnalisable gr\u00e2ce \u00e0 sa fonction de flux d'air r\u00e9glable, permettant aux utilisateurs de choisir la densit\u00e9 de tirage qui convient le mieux \u00e0 leurs pr\u00e9f\u00e9rences. Ce <strong>vape rechargeable<\/strong> comprend une batterie puissante et un \u00e9cran LED, vous donnant des indicateurs en temps r\u00e9el pour la dur\u00e9e de vie de la batterie et les niveaux de e-liquide. Cette fonction garantit que vous savez toujours quand recharger et que vous \u00eates pr\u00eat \u00e0 profiter de bouff\u00e9es ininterrompues. Le port <strong>charge de Type-C<\/strong> de l'appareil permet une recharge rapide et pratique, id\u00e9ale pour les utilisateurs occup\u00e9s qui veulent une vape fiable.<\/p>\n<p><strong>Conclusion<\/strong><br \/>\nL'ELFWORLD<strong> 22000 Puff Smart Disposable Vape<\/strong>\u00a0est le m\u00e9lange parfait de style, de technologie avanc\u00e9e et de performances durables, ce qui en fait l'un des <strong>meilleurs vapes jetables<\/strong> disponibles. Pour ceux qui recherchent une option \u00e0 haute capacit\u00e9, durable et riche en fonctionnalit\u00e9s, l'ElfWorld AI 22000 est un choix id\u00e9al. D\u00e9couvrez la commodit\u00e9 et la qualit\u00e9 de ce vape de premier ordre, disponible \u00e0 l'achat en France, <strong>magasins de cigarettes \u00e9lectroniques<\/strong>, <strong>vaporisateurs jetables en ligne<\/strong>, ou via des <strong>vapes en gros<\/strong> options pour les besoins de gros.<\/p>\n<\/div>\n<\/div>\n<\/div>\n<\/div>\n<\/div>\n<\/div>\n<p><strong>Contactez Amy pour obtenir la bonne r\u00e9ponse et un coupon de vape !<\/strong><\/p>\n<p><img loading=\"lazy\" decoding=\"async\" class=\"size-full wp-image-1978\" src=\"https:\/\/rmvapesale.com\/wp-content\/uploads\/2024\/09\/Disposable-Vape-Wholesale.jpg\" alt=\"Vente en gros de vapes jetables\" width=\"229\" height=\"300\" \/><\/p>\n<h3><a href=\"https:\/\/wa.me\/8617776015835\" target=\"_blank\" rel=\"noopener\"><span style=\"color: #ff0000\"><strong>WhatsApp: +86 17776015835<\/strong><\/span><\/a><\/h3>\n<p>&nbsp;<\/p>\n<h2><\/h2>\n<h2><strong>ELFWORLD AI 22000 Smart Disposable Vape <\/strong><strong>Caract\u00e9ristiques principales<\/strong><\/h2>\n<ul class=\"wp-block-list\">\n<li>Bouff\u00e9es : 22000 bouff\u00e9es<\/li>\n<li>Taux de nicotine : 0 %, 2 %, 3 %, 5 %<\/li>\n<li>Capacit\u00e9 : 26 ml<\/li>\n<li>Batterie : 650 mAh<\/li>\n<li>Mat\u00e9riau de la r\u00e9sistance : Dual Mesh Coil 1.0*2 ohm<\/li>\n<li>Affichage: \u00c9cran d'affichage num\u00e9rique<\/li>\n<li>Chargement : Type-C Rechargeable<\/li>\n<li>D\u00e9bit d'air r\u00e9glable<\/li>\n<li>10 saveurs disponibles<\/li>\n<\/ul>\n<figure id=\"attachment_2619\" aria-describedby=\"caption-attachment-2619\" style=\"width: 600px\" class=\"wp-caption alignnone\"><img loading=\"lazy\" decoding=\"async\" class=\"wp-image-2619 size-full\" src=\"https:\/\/rmvapesale.com\/wp-content\/uploads\/2024\/10\/Vape-22000-Puff-Rechargeable-Disposable-Vape.png\" alt=\"Vape jetable rechargeable 22000 bouff\u00e9es\" width=\"600\" height=\"849\" srcset=\"https:\/\/rmvapesale.com\/wp-content\/uploads\/2024\/10\/Vape-22000-Puff-Rechargeable-Disposable-Vape.png 600w, https:\/\/rmvapesale.com\/wp-content\/uploads\/2024\/10\/Vape-22000-Puff-Rechargeable-Disposable-Vape-212x300.png 212w\" sizes=\"auto, (max-width: 600px) 100vw, 600px\" \/><figcaption id=\"caption-attachment-2619\" class=\"wp-caption-text\">Vape jetable rechargeable 22000 bouff\u00e9es<\/figcaption><\/figure>\n<h2><strong>Meilleure saveur pour <\/strong><strong>ELFWORLD AI 22000 Puff Smart Disposable Vape<\/strong><\/h2>\n<p>\u00c0 chaque bouff\u00e9e, le <strong>Elf World AI 22000<\/strong> d\u00e9livre des saveurs cors\u00e9es et audacieuses qui restent constantes de la premi\u00e8re \u00e0 la derni\u00e8re bouff\u00e9e. Disponible dans une grande vari\u00e9t\u00e9 d'options, ce <strong>vape \u00e0 faible teneur en nicotine<\/strong> offre une exp\u00e9rience satisfaisante et fluide aux vapoteurs qui privil\u00e9gient \u00e0 la fois la qualit\u00e9 et la saveur.<\/p>\n<p>1.Mangue pomme poire<br \/>\n2.Mangue fra\u00eeche<br \/>\n3.Pomme verte<br \/>\n4.Sang de tigre <span style=\"color: #ff0000\"><strong>&gt;&gt;&gt;&gt; Chaud!<\/strong><\/span><br \/>\n5.Myrtille glac\u00e9e <span style=\"color: #ff0000\"><strong>&gt;&gt;&gt;&gt; Chaud!<\/strong><\/span><br \/>\n6.Menthe<br \/>\n7.M\u00e9lange de baies <span style=\"color: #ff0000\"><strong>&gt;&gt;&gt;&gt; Le meilleur !<\/strong><\/span><br \/>\n8.Raisin glac\u00e9<br \/>\n9.Past\u00e8que glac\u00e9e<br \/>\n10.Myrtille menthe<br \/>\n11.Fraise glac\u00e9e<br \/>\n12.P\u00eache juteuse glac\u00e9e<br \/>\n13.Framboise bleue glac\u00e9e<br \/>\n14.Cerise citron<br \/>\n15.Fraise past\u00e8que<\/p>\n<p>&nbsp;<\/p>\n<h3><strong>Pourquoi choisir Rmvapesale pour la vape jetable ELFWORLD 22000 Puffs avec affichage LED<\/strong><strong>?<\/strong><\/h3>\n<div class=\"flex-shrink-0 flex flex-col relative items-end\">\n<div class=\"pt-0\">\n<div class=\"gizmo-bot-avatar flex h-8 w-8 items-center justify-center overflow-hidden rounded-full\">\n<div class=\"relative p-1 rounded-sm flex items-center justify-center bg-token-main-surface-primary text-token-text-primary h-8 w-8\">\n<p>Bienvenue chez Rmvapesale, votre boutique de vape de confiance pour les vapes jetables premium. Avec plus de 5 ans d'expertise, nous vous proposons des marques populaires de vapes jetables telles que Al Fakher, <a href=\"https:\/\/rmvapesale.com\/fr\/product\/vapme-crystal-7000-puffs-rechargeable-disposable-vape-price\/\">Vapme<\/a>, <a href=\"https:\/\/rmvapesale.com\/fr\/product-category\/bang-vapes\/\">Bang Vape<\/a>, Waspe, <a href=\"https:\/\/rmvapesale.com\/fr\/product\/wga-crystal-pro-max-extra-15k-puffs-disposable-vape-wholesale\/\">WGA<\/a> Vape et<a href=\"https:\/\/rmvapesale.com\/fr\/product-category\/randm-fumot-vape\/\"> RandM Vape<\/a>.<\/p>\n<p>Notre gamme comprend des vapes en promotion comme le <a href=\"https:\/\/rmvapesale.com\/fr\/product\/fumot-digital-box-12000-disposable-vape-pink-lemonade-flavor\/\">RandM 12k<\/a> et des choix riches en saveurs comme le <a href=\"https:\/\/rmvapesale.com\/fr\/product\/wga-crystal-pro-max-extra-15k-puffs-disposable-vape-wholesale\/\">WGA Crystal Pro Max 15K Puffs<\/a>Chaque produit est s\u00e9lectionn\u00e9 avec un accent sur la qualit\u00e9, la valeur et la vari\u00e9t\u00e9, vous assurant de trouver la correspondance parfaite pour vos besoins. D\u00e9couvrez un service exceptionnel et une large gamme de produits de premier plan chez Rmvapesale.<\/p>\n<\/div>\n<h3><\/h3>\n<div class=\"relative p-1 rounded-sm flex items-center justify-center bg-token-main-surface-primary text-token-text-primary h-8 w-8\">\n<h3><b>FAQ sur la vape ELFWORLD 22000<\/b><\/h3>\n<\/div>\n<p><strong>Puis-je emporter une cigarette \u00e9lectronique jetable dans un avion ?<\/strong><br \/>\nOui, les vapes jetables comme la <strong>Elf World AI 22000 Puff<\/strong> sont autoris\u00e9es dans les avions, mais uniquement dans votre bagage \u00e0 main en raison des r\u00e9glementations relatives aux batteries. Assurez-vous que l'appareil est \u00e9teint et v\u00e9rifiez les directives de la compagnie a\u00e9rienne pour toute restriction sur les produits de vapotage.<\/p>\n<p><strong>La vape jetable intelligente Elf World AI 22000 Puff est-elle bonne pour les d\u00e9butants ?<\/strong><br \/>\nOui, <strong>Elf World AI 22000 Puff<\/strong> est facile \u00e0 utiliser pour les d\u00e9butants. Elle pr\u00e9sente un design \u00e9l\u00e9gant et convivial, un flux d'air r\u00e9glable et un <strong>LED intelligent<\/strong> pour les niveaux de batterie et d'e-liquide, ce qui facilite le suivi de l'utilisation pour les d\u00e9butants.<\/p>\n<p><strong>Quelles sont les vapes jetables populaires avec un \u00e9cran d'affichage ?<\/strong><br \/>\nParmi les <strong>vapes jetables les plus vendues<\/strong> avec un \u00e9cran d'affichage, la <strong>Elf World AI 22000 Puff<\/strong> se distingue par ses fonctionnalit\u00e9s avanc\u00e9es, ses 22 000 bouff\u00e9es longue dur\u00e9e et son flux d'air r\u00e9glable, ce qui en fait un choix de premier ordre pour les vapoteurs \u00e0 la recherche d'une exp\u00e9rience de haute technologie.<\/p>\n<p><strong>Comment savoir si ma vape jetable Elf World Smart est vide ?<\/strong><br \/>\nL' <strong>\u00e9cran LED<\/strong> sur le <strong>Elf World AI 22000 Puff<\/strong> fournit des informations en temps r\u00e9el sur l'autonomie de la batterie et les niveaux d'e-liquide, ce qui vous permet de v\u00e9rifier facilement quand la vape est faible ou vide.<\/p>\n<p><strong>Combien de temps dure une vape Elf World AI 22000 Puffs ?<\/strong><br \/>\nL' <strong>Elf World AI 22000 Puff<\/strong> est con\u00e7u pour durer environ <strong>22 000 bouff\u00e9es<\/strong>, ce qui en fait une option durable pour les vapoteurs occasionnels et fr\u00e9quents. Avec une utilisation mod\u00e9r\u00e9e, cet appareil peut durer des semaines, en fonction des habitudes d'utilisation individuelles.<\/p>\n<div class=\"relative p-1 rounded-sm flex items-center justify-center bg-token-main-surface-primary text-token-text-primary h-8 w-8\">\n<p>&nbsp;<\/p>\n<\/div>\n<\/div>\n<\/div>\n<\/div>\n<h3>\u00c0 propos de l'exp\u00e9dition<\/h3>\n<div class=\"flex-shrink-0 flex flex-col relative items-end\">\n<div>\n<div class=\"pt-0\">\n<div class=\"gizmo-bot-avatar flex h-8 w-8 items-center justify-center overflow-hidden rounded-full\">\n<div><\/div>\n<div class=\"relative p-1 rounded-sm flex items-center justify-center bg-token-main-surface-primary text-token-text-primary h-8 w-8\"><strong>1. Quelles m\u00e9thodes d'exp\u00e9dition sont utilis\u00e9es ?<\/strong><\/div>\n<\/div>\n<\/div>\n<\/div>\n<\/div>\n<div class=\"group\/conversation-turn relative flex w-full min-w-0 flex-col agent-turn\">\n<div class=\"flex-col gap-1 md:gap-3\">\n<div class=\"flex max-w-full flex-col flex-grow\">\n<div class=\"min-h-[20px] text-message flex w-full flex-col items-end gap-2 whitespace-normal break-words [.text-message+&amp;]:mt-5 overflow-x-auto\" dir=\"auto\" data-message-author-role=\"assistant\" data-message-id=\"22f8283b-3233-46ff-89a5-c7a41b33abda\">\n<div class=\"flex w-full flex-col gap-1 empty:hidden first:pt-[3px]\">\n<div class=\"markdown prose w-full break-words dark:prose-invert light\">\n<p>Nous travaillons en partenariat avec UPS, DHL, FedEx, DPD et d'autres transporteurs de premier plan. Nous s\u00e9lectionnerons la meilleure m\u00e9thode d'exp\u00e9dition en fonction de votre lieu de livraison pour que vous receviez vos produits le plus rapidement possible.<\/p>\n<\/div>\n<p><strong>2. Combien de temps faut-il pour que cela arrive ?<\/strong><\/p>\n<p>Les colis exp\u00e9di\u00e9s en France arrivent g\u00e9n\u00e9ralement sous 10 jours ouvrables. L'exp\u00e9dition vers les pays europ\u00e9ens prend g\u00e9n\u00e9ralement environ 12 \u00e0 15 jours ouvrables. Nous vous fournirons des mises \u00e0 jour en temps r\u00e9el sur l'\u00e9tat de votre envoi.<\/p>\n<\/div>\n<\/div>\n<\/div>\n<\/div>\n<\/div>\n<p>&nbsp;<\/p>\n<p>Trouvez plus de produits de vape que vous pourriez aimer :<strong><em><a href=\"https:\/\/rmvapesale.com\/fr\/shop-2\/\">Achetez maintenant &gt;&gt;&gt;<\/a><\/em><\/strong><\/p>","protected":false},"excerpt":{"rendered":"<p>Vape jetable avec \u00e9cran Elf World AI 22000 bouff\u00e9es<br \/>\nCigarette \u00e9lectronique jetable rechargeable 22000 bouff\u00e9es<br \/>\nVape jetable ELFWORLD AI 22000 bouff\u00e9es Vente en gros<\/p>\n<p><img loading=\"lazy\" decoding=\"async\" class=\"size-full wp-image-2375\" src=\"https:\/\/rmvapesale.com\/wp-content\/uploads\/2024\/10\/image.png\" alt=\"Meilleure vape jetable\" width=\"229\" height=\"300\" \/><\/p>\n<h3><a href=\"https:\/\/wa.me\/8617776015835\"><span style=\"color: #ff0000\"><strong>WhatsApp: +86 17776015835<\/strong><\/span><\/a><\/h3>\n<p>&nbsp;<\/p>","protected":false},"featured_media":2617,"comment_status":"open","ping_status":"closed","template":"","meta":{"_uag_custom_page_level_css":"","_lmt_disableupdate":"no","_lmt_disable":"","site-sidebar-layout":"default","site-content-layout":"content-boxed-container","ast-site-content-layout":"normal-width-container","site-content-style":"boxed","site-sidebar-style":"unboxed","ast-global-header-display":"","ast-banner-title-visibility":"","ast-main-header-display":"","ast-hfb-above-header-display":"","ast-hfb-below-header-display":"","ast-hfb-mobile-header-display":"","site-post-title":"","ast-breadcrumbs-content":"","ast-featured-img":"","footer-sml-layout":"","ast-disable-related-posts":"","theme-transparent-header-meta":"default","adv-header-id-meta":"","stick-header-meta":"","header-above-stick-meta":"","header-main-stick-meta":"","header-below-stick-meta":"","astra-migrate-meta-layouts":"set","ast-page-background-enabled":"default","ast-page-background-meta":{"desktop":{"background-color":"var(--ast-global-color-4)","background-image":"","background-repeat":"repeat","background-position":"center center","background-size":"auto","background-attachment":"scroll","background-type":"","background-media":"","overlay-type":"","overlay-color":"","overlay-opacity":"","overlay-gradient":""},"tablet":{"background-color":"","background-image":"","background-repeat":"repeat","background-position":"center center","background-size":"auto","background-attachment":"scroll","background-type":"","background-media":"","overlay-type":"","overlay-color":"","overlay-opacity":"","overlay-gradient":""},"mobile":{"background-color":"","background-image":"","background-repeat":"repeat","background-position":"center center","background-size":"auto","background-attachment":"scroll","background-type":"","background-media":"","overlay-type":"","overlay-color":"","overlay-opacity":"","overlay-gradient":""}},"ast-content-background-meta":{"desktop":{"background-color":"var(--ast-global-color-5)","background-image":"","background-repeat":"repeat","background-position":"center center","background-size":"auto","background-attachment":"scroll","background-type":"","background-media":"","overlay-type":"","overlay-color":"","overlay-opacity":"","overlay-gradient":""},"tablet":{"background-color":"var(--ast-global-color-5)","background-image":"","background-repeat":"repeat","background-position":"center center","background-size":"auto","background-attachment":"scroll","background-type":"","background-media":"","overlay-type":"","overlay-color":"","overlay-opacity":"","overlay-gradient":""},"mobile":{"background-color":"var(--ast-global-color-5)","background-image":"","background-repeat":"repeat","background-position":"center center","background-size":"auto","background-attachment":"scroll","background-type":"","background-media":"","overlay-type":"","overlay-color":"","overlay-opacity":"","overlay-gradient":""}},"_joinchat":[]},"product_brand":[],"product_cat":[15,27,25,195,123,30,26,28,137,136,135],"product_tag":[146,188,167,198,165,85,191,120],"class_list":{"0":"post-2609","1":"product","2":"type-product","3":"status-publish","4":"has-post-thumbnail","6":"product_cat-new-vape-this-week","7":"product_cat-fance-hot-sale-vape","8":"product_cat-germany-best-selling-vape","9":"product_cat-germany-warehouse","10":"product_cat-italy-wholesale-vape","11":"product_cat-minimum-order-quantity-50pcs","12":"product_cat-netherlands-hot-sale-vape","13":"product_cat-poland-hot-sale-vape","14":"product_cat-rechargeable-vapes","15":"product_cat-smart-screen-vapes","16":"product_cat-spain-best-hot-sale-vape","17":"product_tag-best-hot-sale-vape","18":"product_tag-buy-vapes-online","19":"product_tag-disposable-vape-with-screen","20":"product_tag-elfworld-vape","21":"product_tag-rechargeable-vapes","22":"product_tag-smart-disposable-vape","23":"product_tag-vape-box","24":"product_tag-vape-wholesale","25":"desktop-align-left","26":"tablet-align-left","27":"mobile-align-left","29":"first","30":"instock","31":"sale","32":"shipping-taxable","33":"purchasable","34":"product-type-simple"},"uagb_featured_image_src":{"full":["https:\/\/rmvapesale.com\/wp-content\/uploads\/2024\/10\/ELFWORLD-AI-22000-Puffs-Disposable-Vape.png",800,800,false],"thumbnail":["https:\/\/rmvapesale.com\/wp-content\/uploads\/2024\/10\/ELFWORLD-AI-22000-Puffs-Disposable-Vape-150x150.png",150,150,true],"medium":["https:\/\/rmvapesale.com\/wp-content\/uploads\/2024\/10\/ELFWORLD-AI-22000-Puffs-Disposable-Vape-300x300.png",300,300,true],"medium_large":["https:\/\/rmvapesale.com\/wp-content\/uploads\/2024\/10\/ELFWORLD-AI-22000-Puffs-Disposable-Vape-768x768.png",768,768,true],"large":["https:\/\/rmvapesale.com\/wp-content\/uploads\/2024\/10\/ELFWORLD-AI-22000-Puffs-Disposable-Vape.png",800,800,false],"1536x1536":["https:\/\/rmvapesale.com\/wp-content\/uploads\/2024\/10\/ELFWORLD-AI-22000-Puffs-Disposable-Vape.png",800,800,false],"2048x2048":["https:\/\/rmvapesale.com\/wp-content\/uploads\/2024\/10\/ELFWORLD-AI-22000-Puffs-Disposable-Vape.png",800,800,false],"trp-custom-language-flag":["https:\/\/rmvapesale.com\/wp-content\/uploads\/2024\/10\/ELFWORLD-AI-22000-Puffs-Disposable-Vape.png",12,12,false],"woocommerce_thumbnail":["https:\/\/rmvapesale.com\/wp-content\/uploads\/2024\/10\/ELFWORLD-AI-22000-Puffs-Disposable-Vape-300x300.png",300,300,true],"woocommerce_single":["https:\/\/rmvapesale.com\/wp-content\/uploads\/2024\/10\/ELFWORLD-AI-22000-Puffs-Disposable-Vape-600x600.png",600,600,true],"woocommerce_gallery_thumbnail":["https:\/\/rmvapesale.com\/wp-content\/uploads\/2024\/10\/ELFWORLD-AI-22000-Puffs-Disposable-Vape-100x100.png",100,100,true],"wcpr-photo-reviews":["https:\/\/rmvapesale.com\/wp-content\/uploads\/2024\/10\/ELFWORLD-AI-22000-Puffs-Disposable-Vape.png",500,500,false]},"uagb_author_info":{"display_name":"AMY","author_link":"https:\/\/rmvapesale.com\/fr\/author\/"},"uagb_comment_info":0,"uagb_excerpt":"Elf World AI 22000 Puffs Screen Display Disposable Vape Vape 22000 Puff Rechargeable Disposable E-Cigarette ELFWORLD AI 22000 Puffs Disposable Vape Wholesale WhatsApp: +86 17776015835 &nbsp;","_links":{"self":[{"href":"https:\/\/rmvapesale.com\/fr\/wp-json\/wp\/v2\/product\/2609","targetHints":{"allow":["GET"]}}],"collection":[{"href":"https:\/\/rmvapesale.com\/fr\/wp-json\/wp\/v2\/product"}],"about":[{"href":"https:\/\/rmvapesale.com\/fr\/wp-json\/wp\/v2\/types\/product"}],"replies":[{"embeddable":true,"href":"https:\/\/rmvapesale.com\/fr\/wp-json\/wp\/v2\/comments?post=2609"}],"wp:featuredmedia":[{"embeddable":true,"href":"https:\/\/rmvapesale.com\/fr\/wp-json\/wp\/v2\/media\/2617"}],"wp:attachment":[{"href":"https:\/\/rmvapesale.com\/fr\/wp-json\/wp\/v2\/media?parent=2609"}],"wp:term":[{"taxonomy":"product_brand","embeddable":true,"href":"https:\/\/rmvapesale.com\/fr\/wp-json\/wp\/v2\/product_brand?post=2609"},{"taxonomy":"product_cat","embeddable":true,"href":"https:\/\/rmvapesale.com\/fr\/wp-json\/wp\/v2\/product_cat?post=2609"},{"taxonomy":"product_tag","embeddable":true,"href":"https:\/\/rmvapesale.com\/fr\/wp-json\/wp\/v2\/product_tag?post=2609"}],"curies":[{"name":"wp","href":"https:\/\/api.w.org\/{rel}","templated":true}]}}