{"id":2620,"date":"2024-10-31T02:49:55","date_gmt":"2024-10-31T02:49:55","guid":{"rendered":"https:\/\/rmvapesale.com\/?post_type=product&#038;p=2620"},"modified":"2024-10-31T07:50:14","modified_gmt":"2024-10-31T07:50:14","slug":"bang-box-vape-tornado-40000-puff-2-5-low-nicotine","status":"publish","type":"product","link":"https:\/\/rmvapesale.com\/fr\/product\/bang-box-vape-tornado-40000-puff-2-5-low-nicotine\/","title":{"rendered":"Bang Box Vape Tornado 40000 Bouff\u00e9es 2 % 5 % Faible Teneur en Nicotine"},"content":{"rendered":"<div class=\"B2VR9 CJHX3e\">\n<div class=\"wyccme\">\n<h1 class=\"LC20lb MBeuO DKV0Md\">Bang Box Vape Tornado 40000 Bouff\u00e9es 2 % 5 % Faible Teneur en Nicotine<\/h1>\n<div class=\"flex-shrink-0 flex flex-col relative items-end\">\n<div class=\"pt-0\">\n<div class=\"gizmo-bot-avatar flex h-8 w-8 items-center justify-center overflow-hidden rounded-full\">\n<div class=\"relative p-1 rounded-sm flex items-center justify-center bg-token-main-surface-primary text-token-text-primary h-8 w-8\">\n<p>L' <strong>Bang Box Vape Tornado 40000 Bouff\u00e9es<\/strong> est une cigarette \u00e9lectronique haut de gamme, de grande capacit\u00e9 <strong>vapes jetables<\/strong> con\u00e7ue pour ceux qui privil\u00e9gient la long\u00e9vit\u00e9, des performances puissantes et une vari\u00e9t\u00e9 de saveurs exceptionnelles. Offrant un nombre incroyable de <strong>40 000 bouff\u00e9es<\/strong>, ce <strong>la cigarette \u00e9lectronique Bang<\/strong> offre une exp\u00e9rience de vapotage satisfaisante \u00e0 chaque inhalation, gr\u00e2ce \u00e0 sa <strong>capacit\u00e9 d'e-liquide de 40 ml<\/strong> et ses doubles options de nicotine de <strong>2% et 5%<\/strong>.<\/p>\n<p>Con\u00e7ue pour r\u00e9pondre aux exigences des vapoteurs qui aiment une cigarette \u00e9lectronique fiable et <strong>jetable et rechargeable<\/strong>, le <strong>la Bang Tornado 40000<\/strong> est livr\u00e9e avec un <strong>batterie de 850 mAh<\/strong> et un <strong>port de charge Type-C<\/strong> pour des recharges rapides et pratiques en d\u00e9placement. L' <strong>\u00e9cran d'affichage num\u00e9rique<\/strong> tient les utilisateurs inform\u00e9s des niveaux de batterie et d'e-liquide, pour que vous ne soyez jamais pris au d\u00e9pourvu. Chaque <strong>Bang Box<\/strong> comprend 10 appareils emball\u00e9s individuellement, ce qui en fait une excellente option pour un usage personnel et les commandes en gros.<\/p>\n<\/div>\n<p>L' <strong>Bang Original<\/strong> La s\u00e9rie Tornado \u00e9tablit une nouvelle norme en mati\u00e8re de vapes jetables \u00e0 haute teneur en bouff\u00e9es et \u00e0 <strong>faible teneur en nicotine<\/strong> id\u00e9al pour ceux qui appr\u00e9cient un appareil ultra-longue dur\u00e9e avec une qualit\u00e9 de saveur exceptionnelle. Sa <strong>batterie rechargeable<\/strong> et de <strong>\u00e9cran num\u00e9rique<\/strong> en font un choix de premier ordre sur le march\u00e9 des <strong>vapes jetables Bang<\/strong> offrant une exp\u00e9rience premium \u00e0 la fois conviviale et efficace.<\/p>\n<p>Que vous recherchiez des options de <strong>vapes Bang bar<\/strong> en vrac, que vous cherchiez un gros vapes <strong>bang box<\/strong> pour approvisionner votre magasin de vapotage, ou que vous souhaitiez simplement un <strong>Bang Box<\/strong> qui est construit pour durer, le <strong>Bang vape 40000 bouff\u00e9es<\/strong> est con\u00e7u pour r\u00e9pondre \u00e0 tous les besoins de vapotage.<\/p>\n<p>&nbsp;<\/p>\n<\/div>\n<\/div>\n<\/div>\n<\/div>\n<\/div>\n<p><strong>Contactez Amy pour obtenir la bonne r\u00e9ponse et un coupon de vape !<\/strong><\/p>\n<p><img loading=\"lazy\" decoding=\"async\" class=\"size-full wp-image-1978\" src=\"https:\/\/rmvapesale.com\/wp-content\/uploads\/2024\/09\/Disposable-Vape-Wholesale.jpg\" alt=\"Vente en gros de vapes jetables\" width=\"229\" height=\"300\" \/><\/p>\n<h3><a href=\"https:\/\/wa.me\/8617776015835\" target=\"_blank\" rel=\"noopener\"><span style=\"color: #ff0000\"><strong>WhatsApp: +86 17776015835<\/strong><\/span><\/a><\/h3>\n<p>&nbsp;<\/p>\n<h2><\/h2>\n<h2><strong>Bang Box Vape Tornado 40000 <\/strong><strong>Caract\u00e9ristiques principales<\/strong><\/h2>\n<p>Marque: Bang Vape<br \/>\nBouff\u00e9es: 40000<br \/>\nE-liquide: 40ml<br \/>\nNicotine: 2 % \/ 5 %<br \/>\nBatterie : 850mAh<br \/>\nRechargeable par Type-c<br \/>\nAffichage: \u00c9cran d'affichage num\u00e9rique<\/p>\n<h2><strong>Meilleure saveur pour <\/strong><strong>Bang Box Vape Tornado 40000 rechargeable<\/strong><\/h2>\n<p>L' <strong>Bang Box Vape Tornado<\/strong> est disponible en 12 saveurs fantastiques pour satisfaire un large \u00e9ventail de go\u00fbts, du rafra\u00eechissant <strong>P\u00eache Glac\u00e9e<\/strong> et sucr\u00e9 <strong>Triple Baies<\/strong> \u00e0 l'exotique <strong>Love66<\/strong> et acidul\u00e9 <strong>Myrtille Citron<\/strong>. Les autres options populaires incluent :<\/p>\n<p>1. P\u00eache Glac\u00e9e<br \/>\n2. Love66 <span style=\"color: #ff0000\"><strong>&gt;&gt;&gt;&gt; Chaud!<\/strong><\/span><br \/>\n3. Triple Baies<br \/>\n4. Myrtille Citron<br \/>\n5. Boisson \u00c9nergisante<br \/>\n6. Double Pomme<br \/>\n7. Mangue P\u00eache<br \/>\n8. Myrtille Raisin<br \/>\n9. Fraise Past\u00e8que <span style=\"color: #ff0000\"><strong>&gt;&gt;&gt;&gt; Le meilleur !<\/strong><\/span><br \/>\n10. Fraise Kiwi<br \/>\n11. Myrtille Framboise <span style=\"color: #ff0000\"><strong>&gt;&gt;&gt;&gt; Chaud!<\/strong><\/span><br \/>\n12.Past\u00e8que<\/p>\n<figure id=\"attachment_2623\" aria-describedby=\"caption-attachment-2623\" style=\"width: 620px\" class=\"wp-caption alignnone\"><img loading=\"lazy\" decoding=\"async\" class=\"wp-image-2623 size-large\" src=\"https:\/\/rmvapesale.com\/wp-content\/uploads\/2024\/10\/Bang-Box-Vape-40000-Flavor-620x1024.jpg\" alt=\"Saveur de la Bang Box Vape 40000\" width=\"620\" height=\"1024\" srcset=\"https:\/\/rmvapesale.com\/wp-content\/uploads\/2024\/10\/Bang-Box-Vape-40000-Flavor-620x1024.jpg 620w, https:\/\/rmvapesale.com\/wp-content\/uploads\/2024\/10\/Bang-Box-Vape-40000-Flavor-182x300.jpg 182w, https:\/\/rmvapesale.com\/wp-content\/uploads\/2024\/10\/Bang-Box-Vape-40000-Flavor-768x1268.jpg 768w, https:\/\/rmvapesale.com\/wp-content\/uploads\/2024\/10\/Bang-Box-Vape-40000-Flavor-600x991.jpg 600w, https:\/\/rmvapesale.com\/wp-content\/uploads\/2024\/10\/Bang-Box-Vape-40000-Flavor.jpg 800w\" sizes=\"auto, (max-width: 620px) 100vw, 620px\" \/><figcaption id=\"caption-attachment-2623\" class=\"wp-caption-text\">Saveur de la Bang Box Vape 40000<\/figcaption><\/figure>\n<h3><strong>Pourquoi choisir Rmvapesale pour la vape jetable Bang 40000 Puffs<\/strong><strong>?<\/strong><\/h3>\n<div class=\"flex-shrink-0 flex flex-col relative items-end\">\n<div class=\"pt-0\">\n<div class=\"gizmo-bot-avatar flex h-8 w-8 items-center justify-center overflow-hidden rounded-full\">\n<div class=\"relative p-1 rounded-sm flex items-center justify-center bg-token-main-surface-primary text-token-text-primary h-8 w-8\">\n<p>Bienvenue chez Rmvapesale, votre boutique de vape de confiance pour les vapes jetables premium. Avec plus de 5 ans d'expertise, nous vous proposons des marques populaires de vapes jetables telles que Al Fakher, <a href=\"https:\/\/rmvapesale.com\/fr\/product\/vapme-crystal-7000-puffs-rechargeable-disposable-vape-price\/\">Vapme<\/a>, <a href=\"https:\/\/rmvapesale.com\/fr\/product-category\/bang-vapes\/\">Bang Vape<\/a>, Waspe, <a href=\"https:\/\/rmvapesale.com\/fr\/product\/wga-crystal-pro-max-extra-15k-puffs-disposable-vape-wholesale\/\">WGA<\/a> Vape et<a href=\"https:\/\/rmvapesale.com\/fr\/product-category\/randm-fumot-vape\/\"> RandM Vape<\/a>.<\/p>\n<p>Notre gamme comprend des vapes en promotion comme le <a href=\"https:\/\/rmvapesale.com\/fr\/product\/smart-disposable-vape-elfworld-ai-22000-puffs-led-display\/\">ELFWORLD AI 22000 Puffs<\/a> et des choix riches en saveurs comme le <a href=\"https:\/\/rmvapesale.com\/fr\/product\/randm-tornado-25000-puffs-disposable-vape-wholesale\/\">RandM 25000 Puffs<\/a>Chaque produit est s\u00e9lectionn\u00e9 avec un accent sur la qualit\u00e9, la valeur et la vari\u00e9t\u00e9, vous assurant de trouver la correspondance parfaite pour vos besoins. D\u00e9couvrez un service exceptionnel et une large gamme de produits de premier plan chez Rmvapesale.<\/p>\n<\/div>\n<h3><\/h3>\n<div class=\"relative p-1 rounded-sm flex items-center justify-center bg-token-main-surface-primary text-token-text-primary h-8 w-8\">\n<h3><b>FAQ sur la Bang Box 40000 Puffs Vape<\/b><\/h3>\n<\/div>\n<p><strong>1. Comment savoir quand ma vape jetable est vide ?<\/strong><br \/>\nAvec l'\u00e9cran <strong>Bang Box Vape Tornado 40000 Bouff\u00e9es<\/strong>, le <strong>\u00e9cran d'affichage num\u00e9rique<\/strong> qui indique \u00e0 la fois l'autonomie de la batterie et les niveaux de e-liquide. Lorsque l'indicateur de e-liquide est vide ou que vous ne sentez plus de saveur ou de vapeur apr\u00e8s une charge compl\u00e8te, il est temps de jeter la vape.<\/p>\n<p><strong>2. Combien de temps faut-il pour charger une Bang Box Vape 40000 ?<\/strong><br \/>\nL' <strong>Bang Box Vape Tornado 40000<\/strong> est livr\u00e9 avec un <strong>port de charge Type-C<\/strong> et un <strong>batterie de 850 mAh<\/strong>. Il faut g\u00e9n\u00e9ralement environ 1 \u00e0 1,5 heure pour une charge compl\u00e8te, garantissant que l'appareil est pr\u00eat pour une utilisation de longue dur\u00e9e.<\/p>\n<p><strong>3. Quelle est la teneur en nicotine d'une Bang Vape Tornado 40000 ?<\/strong><br \/>\nL' <strong>La Bang Vape Tornado 40000 Puffs<\/strong> propose <strong>deux options de teneur en nicotine<\/strong>: 2% (20 mg) et 5% (50 mg) de sel de nicotine, pour les utilisateurs ayant une pr\u00e9f\u00e9rence pour une teneur mod\u00e9r\u00e9e \u00e0 \u00e9lev\u00e9e en nicotine.<\/p>\n<p><strong>4. Comment acheter des Bang Vapes en gros ?<\/strong><br \/>\nL' <strong>Bang Box Vape Tornado 40000 Bouff\u00e9es<\/strong> est emball\u00e9e en <strong>bo\u00eetes de 10 unit\u00e9s<\/strong> chacun, ce qui le rend id\u00e9al pour les achats en gros. De nombreux d\u00e9taillants et en ligne <strong>magasins de cigarettes \u00e9lectroniques<\/strong> proposent des options de vente en gros, vous permettant de faire le plein de <strong>bang vapes<\/strong> en vrac. Contacter les distributeurs agr\u00e9\u00e9s <strong>la cigarette \u00e9lectronique Bang<\/strong> ou visiter une boutique de vape en ligne de confiance <strong>est souvent le meilleur moyen d'acheter en grande quantit\u00e9.<\/strong> 5. Puis-je emporter une cigarette \u00e9lectronique jetable dans un avion?<\/p>\n<p><strong>Oui, vous pouvez emporter des vapes jetables comme le<\/strong><br \/>\nchacun, ce qui le rend id\u00e9al pour les achats en gros. De nombreux d\u00e9taillants et en ligne <strong>Bang Box Vape Tornado 40000<\/strong> dans l'avion, mais gardez-le dans votre <strong>sac de cabine<\/strong> car des restrictions sur les bagages enregistr\u00e9s s'appliquent aux batteries au lithium. Assurez-vous de v\u00e9rifier les politiques sp\u00e9cifiques des compagnies a\u00e9riennes et \u00e9vitez d'utiliser ou de charger la vapoteuse pendant le vol.<\/p>\n<\/div>\n<\/div>\n<\/div>\n<h3>\u00c0 propos de l'exp\u00e9dition<\/h3>\n<div class=\"flex-shrink-0 flex flex-col relative items-end\">\n<div>\n<div class=\"pt-0\">\n<div class=\"gizmo-bot-avatar flex h-8 w-8 items-center justify-center overflow-hidden rounded-full\">\n<div><\/div>\n<div class=\"relative p-1 rounded-sm flex items-center justify-center bg-token-main-surface-primary text-token-text-primary h-8 w-8\"><strong>1. Quelles m\u00e9thodes d'exp\u00e9dition sont utilis\u00e9es ?<\/strong><\/div>\n<\/div>\n<\/div>\n<\/div>\n<\/div>\n<div class=\"group\/conversation-turn relative flex w-full min-w-0 flex-col agent-turn\">\n<div class=\"flex-col gap-1 md:gap-3\">\n<div class=\"flex max-w-full flex-col flex-grow\">\n<div class=\"min-h-[20px] text-message flex w-full flex-col items-end gap-2 whitespace-normal break-words [.text-message+&amp;]:mt-5 overflow-x-auto\" dir=\"auto\" data-message-author-role=\"assistant\" data-message-id=\"22f8283b-3233-46ff-89a5-c7a41b33abda\">\n<div class=\"flex w-full flex-col gap-1 empty:hidden first:pt-[3px]\">\n<div class=\"markdown prose w-full break-words dark:prose-invert light\">\n<p>Nous travaillons en partenariat avec UPS, DHL, FedEx, DPD et d'autres transporteurs de premier plan. Nous s\u00e9lectionnerons la meilleure m\u00e9thode d'exp\u00e9dition en fonction de votre lieu de livraison pour que vous receviez vos produits le plus rapidement possible.<\/p>\n<\/div>\n<p><strong>2. Combien de temps faut-il pour que cela arrive ?<\/strong><\/p>\n<p>Les colis exp\u00e9di\u00e9s en France arrivent g\u00e9n\u00e9ralement sous 10 jours ouvrables. L'exp\u00e9dition vers les pays europ\u00e9ens prend g\u00e9n\u00e9ralement environ 12 \u00e0 15 jours ouvrables. Nous vous fournirons des mises \u00e0 jour en temps r\u00e9el sur l'\u00e9tat de votre envoi.<\/p>\n<\/div>\n<\/div>\n<\/div>\n<\/div>\n<\/div>\n<p>&nbsp;<\/p>\n<p>Trouvez plus de produits de vape que vous pourriez aimer :<strong><em><a href=\"https:\/\/rmvapesale.com\/fr\/shop-2\/\">Achetez maintenant &gt;&gt;&gt;<\/a><\/em><\/strong><\/p>","protected":false},"excerpt":{"rendered":"<p>Vente en gros de Bang Vape Tornado 40000 Bouff\u00e9es<br \/>\nBang Vape Tornado 40000 Bouff\u00e9es Saveur Love66<br \/>\nAcheter une cigarette \u00e9lectronique jetable Bang en ligne \u00e0 bas prix<\/p>\n<p><img loading=\"lazy\" decoding=\"async\" class=\"size-full wp-image-2375\" src=\"https:\/\/rmvapesale.com\/wp-content\/uploads\/2024\/10\/image.png\" alt=\"Meilleure vape jetable\" width=\"229\" height=\"300\" \/><\/p>\n<h3><a href=\"https:\/\/wa.me\/8617776015835\"><span style=\"color: #ff0000\"><strong>WhatsApp: +86 17776015835<\/strong><\/span><\/a><\/h3>\n<p>&nbsp;<\/p>","protected":false},"featured_media":2621,"comment_status":"open","ping_status":"closed","template":"","meta":{"_uag_custom_page_level_css":"","_lmt_disableupdate":"no","_lmt_disable":"","site-sidebar-layout":"default","site-content-layout":"content-boxed-container","ast-site-content-layout":"normal-width-container","site-content-style":"boxed","site-sidebar-style":"unboxed","ast-global-header-display":"","ast-banner-title-visibility":"","ast-main-header-display":"","ast-hfb-above-header-display":"","ast-hfb-below-header-display":"","ast-hfb-mobile-header-display":"","site-post-title":"","ast-breadcrumbs-content":"","ast-featured-img":"","footer-sml-layout":"","theme-transparent-header-meta":"default","adv-header-id-meta":"","stick-header-meta":"","header-above-stick-meta":"","header-main-stick-meta":"","header-below-stick-meta":"","astra-migrate-meta-layouts":"set","ast-page-background-enabled":"default","ast-page-background-meta":{"desktop":{"background-color":"var(--ast-global-color-4)","background-image":"","background-repeat":"repeat","background-position":"center center","background-size":"auto","background-attachment":"scroll","background-type":"","background-media":"","overlay-type":"","overlay-color":"","overlay-opacity":"","overlay-gradient":""},"tablet":{"background-color":"","background-image":"","background-repeat":"repeat","background-position":"center center","background-size":"auto","background-attachment":"scroll","background-type":"","background-media":"","overlay-type":"","overlay-color":"","overlay-opacity":"","overlay-gradient":""},"mobile":{"background-color":"","background-image":"","background-repeat":"repeat","background-position":"center center","background-size":"auto","background-attachment":"scroll","background-type":"","background-media":"","overlay-type":"","overlay-color":"","overlay-opacity":"","overlay-gradient":""}},"ast-content-background-meta":{"desktop":{"background-color":"var(--ast-global-color-5)","background-image":"","background-repeat":"repeat","background-position":"center center","background-size":"auto","background-attachment":"scroll","background-type":"","background-media":"","overlay-type":"","overlay-color":"","overlay-opacity":"","overlay-gradient":""},"tablet":{"background-color":"var(--ast-global-color-5)","background-image":"","background-repeat":"repeat","background-position":"center center","background-size":"auto","background-attachment":"scroll","background-type":"","background-media":"","overlay-type":"","overlay-color":"","overlay-opacity":"","overlay-gradient":""},"mobile":{"background-color":"var(--ast-global-color-5)","background-image":"","background-repeat":"repeat","background-position":"center center","background-size":"auto","background-attachment":"scroll","background-type":"","background-media":"","overlay-type":"","overlay-color":"","overlay-opacity":"","overlay-gradient":""}},"_joinchat":[]},"product_brand":[],"product_cat":[15,25,123,26,28,135,27,60,137,136,30],"product_tag":[187,146,188,167,165,85,191,120],"class_list":{"0":"post-2620","1":"product","2":"type-product","3":"status-publish","4":"has-post-thumbnail","6":"product_cat-new-vape-this-week","7":"product_cat-germany-best-selling-vape","8":"product_cat-italy-wholesale-vape","9":"product_cat-netherlands-hot-sale-vape","10":"product_cat-poland-hot-sale-vape","11":"product_cat-spain-best-hot-sale-vape","12":"product_cat-fance-hot-sale-vape","13":"product_cat-bang-vapes","14":"product_cat-rechargeable-vapes","15":"product_cat-smart-screen-vapes","16":"product_cat-minimum-order-quantity-50pcs","17":"product_tag-bang-box-vape","18":"product_tag-best-hot-sale-vape","19":"product_tag-buy-vapes-online","20":"product_tag-disposable-vape-with-screen","21":"product_tag-rechargeable-vapes","22":"product_tag-smart-disposable-vape","23":"product_tag-vape-box","24":"product_tag-vape-wholesale","25":"desktop-align-left","26":"tablet-align-left","27":"mobile-align-left","29":"first","30":"instock","31":"sale","32":"shipping-taxable","33":"purchasable","34":"product-type-simple"},"uagb_featured_image_src":{"full":["https:\/\/rmvapesale.com\/wp-content\/uploads\/2024\/10\/Bang-Bars-40000-Vape-Wholesale.jpg",800,800,false],"thumbnail":["https:\/\/rmvapesale.com\/wp-content\/uploads\/2024\/10\/Bang-Bars-40000-Vape-Wholesale-150x150.jpg",150,150,true],"medium":["https:\/\/rmvapesale.com\/wp-content\/uploads\/2024\/10\/Bang-Bars-40000-Vape-Wholesale-300x300.jpg",300,300,true],"medium_large":["https:\/\/rmvapesale.com\/wp-content\/uploads\/2024\/10\/Bang-Bars-40000-Vape-Wholesale-768x768.jpg",768,768,true],"large":["https:\/\/rmvapesale.com\/wp-content\/uploads\/2024\/10\/Bang-Bars-40000-Vape-Wholesale.jpg",800,800,false],"1536x1536":["https:\/\/rmvapesale.com\/wp-content\/uploads\/2024\/10\/Bang-Bars-40000-Vape-Wholesale.jpg",800,800,false],"2048x2048":["https:\/\/rmvapesale.com\/wp-content\/uploads\/2024\/10\/Bang-Bars-40000-Vape-Wholesale.jpg",800,800,false],"trp-custom-language-flag":["https:\/\/rmvapesale.com\/wp-content\/uploads\/2024\/10\/Bang-Bars-40000-Vape-Wholesale.jpg",12,12,false],"woocommerce_thumbnail":["https:\/\/rmvapesale.com\/wp-content\/uploads\/2024\/10\/Bang-Bars-40000-Vape-Wholesale-300x300.jpg",300,300,true],"woocommerce_single":["https:\/\/rmvapesale.com\/wp-content\/uploads\/2024\/10\/Bang-Bars-40000-Vape-Wholesale-600x600.jpg",600,600,true],"woocommerce_gallery_thumbnail":["https:\/\/rmvapesale.com\/wp-content\/uploads\/2024\/10\/Bang-Bars-40000-Vape-Wholesale-100x100.jpg",100,100,true],"wcpr-photo-reviews":["https:\/\/rmvapesale.com\/wp-content\/uploads\/2024\/10\/Bang-Bars-40000-Vape-Wholesale.jpg",500,500,false]},"uagb_author_info":{"display_name":"AMY","author_link":"https:\/\/rmvapesale.com\/fr\/author\/"},"uagb_comment_info":0,"uagb_excerpt":"Bang Vape Tornado 40000 Puffs Wholesale Bang Vape Tornado 40000 Puffs Love66 Flavor Buy Bang Disposable Vape on Line Cheap Price WhatsApp: +86 17776015835 &nbsp;","_links":{"self":[{"href":"https:\/\/rmvapesale.com\/fr\/wp-json\/wp\/v2\/product\/2620","targetHints":{"allow":["GET"]}}],"collection":[{"href":"https:\/\/rmvapesale.com\/fr\/wp-json\/wp\/v2\/product"}],"about":[{"href":"https:\/\/rmvapesale.com\/fr\/wp-json\/wp\/v2\/types\/product"}],"replies":[{"embeddable":true,"href":"https:\/\/rmvapesale.com\/fr\/wp-json\/wp\/v2\/comments?post=2620"}],"wp:featuredmedia":[{"embeddable":true,"href":"https:\/\/rmvapesale.com\/fr\/wp-json\/wp\/v2\/media\/2621"}],"wp:attachment":[{"href":"https:\/\/rmvapesale.com\/fr\/wp-json\/wp\/v2\/media?parent=2620"}],"wp:term":[{"taxonomy":"product_brand","embeddable":true,"href":"https:\/\/rmvapesale.com\/fr\/wp-json\/wp\/v2\/product_brand?post=2620"},{"taxonomy":"product_cat","embeddable":true,"href":"https:\/\/rmvapesale.com\/fr\/wp-json\/wp\/v2\/product_cat?post=2620"},{"taxonomy":"product_tag","embeddable":true,"href":"https:\/\/rmvapesale.com\/fr\/wp-json\/wp\/v2\/product_tag?post=2620"}],"curies":[{"name":"wp","href":"https:\/\/api.w.org\/{rel}","templated":true}]}}