{"id":2652,"date":"2024-11-02T03:22:36","date_gmt":"2024-11-02T03:22:36","guid":{"rendered":"https:\/\/rmvapesale.com\/?post_type=product&#038;p=2652"},"modified":"2024-11-02T03:56:47","modified_gmt":"2024-11-02T03:56:47","slug":"vape-wholesale-lavande-bm-18000-puffs-shisha-hookah-bar","status":"publish","type":"product","link":"https:\/\/rmvapesale.com\/fr\/product\/vape-wholesale-lavande-bm-18000-puffs-shisha-hookah-bar\/","title":{"rendered":"Vente en gros de vapes Lavande BM 18000 Bouff\u00e9es Shisha Hookah Bar"},"content":{"rendered":"<div class=\"B2VR9 CJHX3e\">\n<div class=\"wyccme\">\n<h1 class=\"LC20lb MBeuO DKV0Md\">Vente en gros de vapes Lavande BM 18000 Bouff\u00e9es Shisha Hookah Bar<\/h1>\n<div class=\"flex-shrink-0 flex flex-col relative items-end\">\n<div class=\"pt-0\">\n<div class=\"gizmo-bot-avatar flex h-8 w-8 items-center justify-center overflow-hidden rounded-full\">\n<div class=\"relative p-1 rounded-sm flex items-center justify-center bg-token-main-surface-primary text-token-text-primary h-8 w-8\">\n<p>Pour ceux qui recherchent\u00a0 <strong>Vape rechargeable en gros<\/strong> qui ne transigent pas sur la performance, le Lavande BM18000 <strong>Bar Chicha<\/strong> est une excellente option. La combinaison d'une batterie haute capacit\u00e9 et d'une charge rapide Type-C garantit que votre appareil est toujours pr\u00eat quand vous l'\u00eates. Les <strong>Commandes de r\u00e9glage de l'affichage<\/strong> offrent une exp\u00e9rience personnalis\u00e9e, permettant aux vapoteurs deBasculez entre les modes en fonction de leurs pr\u00e9f\u00e9rences, qu'il s'agisse d'uneTirage doux et constant ou un coup am\u00e9lior\u00e9 et intense en mode Boost.<\/p>\n<h3>Opportunit\u00e9s de vente en gros<\/h3>\n<p>Profitez des <strong>grossiste de vape<\/strong> prix et augmentez votreB\u00e9n\u00e9ficiez de l'inventaire avec l'un des <strong>meilleures vapes jetables de 2024<\/strong>. En tant queToption parmi <strong>marques de vapes jetables<\/strong>, cet appareil est un investissementBIntelligent pour les d\u00e9taillants qui cherchent \u00e0 r\u00e9pondre \u00e0 la demande croissante de <strong>vapes populaires<\/strong>. Les commandes en gros sont disponibles pour <strong>vapes en gros<\/strong>, assurant l'abordabilit\u00e9 et d'excellentes margesB\u00e9n\u00e9fices pour votre entreprise.<\/p>\n<h3>Parfait pour les amateurs de vapotage<\/h3>\n<p>Que vous soyez un amateur de vapotage ou un d\u00e9taillant qui s'approvisionne <strong>vente en gros de chichas jetables<\/strong>, le Lavande BM 18000 offre une exp\u00e9rience compl\u00e8te et agr\u00e9able, en mettant l'accent sur la commodit\u00e9, la performance et des fonctionnalit\u00e9s conviviales.<\/p>\n<p>Commandez maintenant et d\u00e9couvrez l'avenir des produits jetables, <strong>vapes rechargeables<\/strong> avec une technologie d'affichage de pointe et une capacit\u00e9 de bouff\u00e9e imbattable.<\/p>\n<\/div>\n<\/div>\n<\/div>\n<\/div>\n<\/div>\n<\/div>\n<p><strong>Contactez Amy pour obtenir la bonne r\u00e9ponse et un coupon de vape !<\/strong><\/p>\n<p><img loading=\"lazy\" decoding=\"async\" class=\"size-full wp-image-1978\" src=\"https:\/\/rmvapesale.com\/wp-content\/uploads\/2024\/09\/Disposable-Vape-Wholesale.jpg\" alt=\"Vente en gros de vapes jetables\" width=\"229\" height=\"300\" \/><\/p>\n<h3><a href=\"https:\/\/wa.me\/8617776015835\" target=\"_blank\" rel=\"noopener\"><span style=\"color: #ff0000\"><strong>WhatsApp: +86 17776015835<\/strong><\/span><\/a><\/h3>\n<p>&nbsp;<\/p>\n<h2><\/h2>\n<h2><strong>En gros <\/strong><strong>Vape Lavande BM 18000 Bouff\u00e9es <\/strong><strong>Caract\u00e9ristiques principales<\/strong><\/h2>\n<p>Capacit\u00e9 pr\u00e9-remplie : 24 ml<br \/>\nCapacit\u00e9 de la batterie : 650 mAh<br \/>\nBouff\u00e9es maximales : 18000<br \/>\nFonctionnement : Activ\u00e9 par inhalation<br \/>\n\u00c9l\u00e9ment chauffant : 6x bobines maill\u00e9es<br \/>\n\u00c9cran d'affichage : \u00c9cran g\u00e9ant Full HD de 3,0\u2033<br \/>\nType de charge : USB Type-C<br \/>\nTypes de modes : Mode normal Mode boost<br \/>\nCommandes de r\u00e9glage de l'affichage<\/p>\n<figure id=\"attachment_2645\" aria-describedby=\"caption-attachment-2645\" style=\"width: 800px\" class=\"wp-caption alignnone\"><img loading=\"lazy\" decoding=\"async\" class=\"wp-image-2645 size-full\" src=\"https:\/\/rmvapesale.com\/wp-content\/uploads\/2024\/11\/Lavande-BM18000-Hookah-Shisha-Vape.jpg\" alt=\"Chicha Vape Lavande BM18000\" width=\"800\" height=\"800\" srcset=\"https:\/\/rmvapesale.com\/wp-content\/uploads\/2024\/11\/Lavande-BM18000-Hookah-Shisha-Vape.jpg 800w, https:\/\/rmvapesale.com\/wp-content\/uploads\/2024\/11\/Lavande-BM18000-Hookah-Shisha-Vape-300x300.jpg 300w, https:\/\/rmvapesale.com\/wp-content\/uploads\/2024\/11\/Lavande-BM18000-Hookah-Shisha-Vape-150x150.jpg 150w, https:\/\/rmvapesale.com\/wp-content\/uploads\/2024\/11\/Lavande-BM18000-Hookah-Shisha-Vape-768x768.jpg 768w, https:\/\/rmvapesale.com\/wp-content\/uploads\/2024\/11\/Lavande-BM18000-Hookah-Shisha-Vape-600x600.jpg 600w, https:\/\/rmvapesale.com\/wp-content\/uploads\/2024\/11\/Lavande-BM18000-Hookah-Shisha-Vape-100x100.jpg 100w\" sizes=\"auto, (max-width: 800px) 100vw, 800px\" \/><figcaption id=\"caption-attachment-2645\" class=\"wp-caption-text\">Chicha Vape Lavande BM18000<\/figcaption><\/figure>\n<h2><strong>Meilleure saveur pour la vente en gros de Chicha Vape Lavande BM 18000 Bouff\u00e9es<\/strong><\/h2>\n<p>1. Past\u00e8que Framboise <span style=\"color: #ff0000\"><strong>&gt;&gt;&gt;&gt; Chaud!<\/strong><\/span><br \/>\n2. Past\u00e8que glac\u00e9e<br \/>\n3. Skittz Arc-en-ciel<br \/>\n4. Ananas Glac\u00e9<br \/>\n5. Fraise Glac\u00e9e<br \/>\n6. P\u00eache Glac\u00e9e<br \/>\n7. Mr. Blue <span style=\"color: #ff0000\"><strong>&gt;&gt;&gt;&gt; Chaud!<\/strong><\/span><br \/>\n8. Mangue Glac\u00e9e<br \/>\n9. Mangue Fruit du Dragon<br \/>\n10. Amour 66 <span style=\"color: #ff0000\"><strong>&gt;&gt;&gt;&gt; Chaud!<\/strong><\/span><br \/>\n11. Citron Menthe<br \/>\n12. Raisin Menthe<br \/>\n13. Double Raisin <span style=\"color: #ff0000\"><strong>&gt;&gt;&gt;&gt; Le meilleur !<\/strong><\/span><br \/>\n14. Double Pomme<br \/>\n15. Past\u00e8que P\u00e2te \u00e0 m\u00e2cher<br \/>\n16. Baies Menthe<br \/>\n17. Cassis Glac\u00e9<br \/>\n18. Glace myrtille<br \/>\n19. Menthe myrtille<br \/>\n20. Menthe \u00e0 m\u00e2cher<\/p>\n<h3><strong>Pourquoi choisir Rmvapesale pour la vente en gros de cigarettes \u00e9lectroniques<\/strong><strong>?<\/strong><\/h3>\n<div class=\"flex-shrink-0 flex flex-col relative items-end\">\n<div class=\"pt-0\">\n<div class=\"gizmo-bot-avatar flex h-8 w-8 items-center justify-center overflow-hidden rounded-full\">\n<div class=\"relative p-1 rounded-sm flex items-center justify-center bg-token-main-surface-primary text-token-text-primary h-8 w-8\">\n<p>En choisissant Rmvapesale pour vos besoins en vapes jetables en gros, vous b\u00e9n\u00e9ficiez de :<\/p>\n<ul>\n<li><strong>Prix comp\u00e9titifs<\/strong>: Acc\u00e9dez \u00e0 des prix de gros attractifs qui stimulent vos marges commerciales.<\/li>\n<li><strong>Haute qualit\u00e9<\/strong>: Nos vapes sont fabriqu\u00e9es selon les normes les plus strictes et sont <span style=\"color: #ff0000\"><strong>garanties 100% originales et authentiques. Nous offrons 10 fois le prix en d\u00e9dommagement pour les produits contrefaits !<\/strong><\/span><\/li>\n<li><strong>Excellent service client<\/strong>: Notre \u00e9quipe d\u00e9di\u00e9e est toujours pr\u00eate \u00e0 vous aider, rendant votre processus d'achat fluide et sans tracas.<\/li>\n<li><strong>Exp\u00e9dition rapide<\/strong>: Attendez-vous \u00e0 une exp\u00e9dition rapide et fiable, garantissant que vos commandes arrivent \u00e0 temps, \u00e0 chaque fois.<\/li>\n<\/ul>\n<\/div>\n<h3><\/h3>\n<div class=\"relative p-1 rounded-sm flex items-center justify-center bg-token-main-surface-primary text-token-text-primary h-8 w-8\">\n<h3><b>Vente en gros de narguil\u00e9 jetable Lavande BM18000 FAQ\u00a0<\/b><\/h3>\n<\/div>\n<h3><\/h3>\n<ol>\n<li><strong>Combien de bouff\u00e9es dans une chicha jetable Lavande BM18000 ?<\/strong><br \/>\nLa Lavande BM18000 offre jusqu'\u00e0 18 000 bouff\u00e9es, garantissant une utilisation prolong\u00e9e sans n\u00e9cessiter de remplacements fr\u00e9quents.<\/li>\n<li><strong>Quelle est la concentration de nicotine pour la chicha Lavande BM18000 ?<\/strong><br \/>\nLa Lavande BM18000 est disponible en diff\u00e9rentes concentrations de nicotine pour satisfaire les pr\u00e9f\u00e9rences de chacun. Cependant, les niveaux de nicotine sp\u00e9cifiques peuvent varier en fonction de la saveur et du lot. Il est recommand\u00e9 de v\u00e9rifier l'emballage ou la description du produit pour des d\u00e9tails pr\u00e9cis.<\/li>\n<li><strong>Comment savoir si ma cigarette \u00e9lectronique jetable Lavande BM18000 est faible en batterie ?<\/strong><br \/>\nLa Lavande BM18000 est \u00e9quip\u00e9e d'un \u00e9cran Mega Display de 3,0 pouces Full HD, qui indique clairement l'\u00e9tat de la batterie. Si l'ic\u00f4ne de la batterie sur l'\u00e9cran affiche des niveaux bas ou si l'appareil ne produit plus de vapeur efficacement, il est temps de la recharger \u00e0 l'aide du chargeur USB Type-C.<\/li>\n<li><strong>O\u00f9 puis-je acheter en gros des cigarettes \u00e9lectroniques ?<\/strong><br \/>\nVous pouvez acheter la Lavande BM18000 et d'autres cigarettes \u00e9lectroniques jetables en gros aupr\u00e8s de fournisseurs fiables sp\u00e9cialis\u00e9s dans <strong>grossiste de vape<\/strong>. Recherchez des plateformes en ligne fiables ou contactez des distributeurs proposant <strong>vapes en gros<\/strong> pour obtenir des prix de gros comp\u00e9titifs et garantir la qualit\u00e9 du produit.<\/li>\n<\/ol>\n<\/div>\n<\/div>\n<\/div>\n<h3>\u00c0 propos de l'exp\u00e9dition<\/h3>\n<div class=\"flex-shrink-0 flex flex-col relative items-end\">\n<div>\n<div class=\"pt-0\">\n<div class=\"gizmo-bot-avatar flex h-8 w-8 items-center justify-center overflow-hidden rounded-full\">\n<div><\/div>\n<div class=\"relative p-1 rounded-sm flex items-center justify-center bg-token-main-surface-primary text-token-text-primary h-8 w-8\"><strong>1. Quelles m\u00e9thodes d'exp\u00e9dition sont utilis\u00e9es ?<\/strong><\/div>\n<\/div>\n<\/div>\n<\/div>\n<\/div>\n<div class=\"group\/conversation-turn relative flex w-full min-w-0 flex-col agent-turn\">\n<div class=\"flex-col gap-1 md:gap-3\">\n<div class=\"flex max-w-full flex-col flex-grow\">\n<div class=\"min-h-[20px] text-message flex w-full flex-col items-end gap-2 whitespace-normal break-words [.text-message+&amp;]:mt-5 overflow-x-auto\" dir=\"auto\" data-message-author-role=\"assistant\" data-message-id=\"22f8283b-3233-46ff-89a5-c7a41b33abda\">\n<div class=\"flex w-full flex-col gap-1 empty:hidden first:pt-[3px]\">\n<div class=\"markdown prose w-full break-words dark:prose-invert light\">\n<p>Nous travaillons en partenariat avec UPS, DHL, FedEx, DPD et d'autres transporteurs de premier plan. Nous s\u00e9lectionnerons la meilleure m\u00e9thode d'exp\u00e9dition en fonction de votre lieu de livraison pour que vous receviez vos produits le plus rapidement possible.<\/p>\n<\/div>\n<p><strong>2. Combien de temps faut-il pour que cela arrive ?<\/strong><\/p>\n<p>Les colis exp\u00e9di\u00e9s en France arrivent g\u00e9n\u00e9ralement sous 10 jours ouvrables. L'exp\u00e9dition vers les pays europ\u00e9ens prend g\u00e9n\u00e9ralement environ 12 \u00e0 15 jours ouvrables. Nous vous fournirons des mises \u00e0 jour en temps r\u00e9el sur l'\u00e9tat de votre envoi.<\/p>\n<\/div>\n<\/div>\n<\/div>\n<\/div>\n<\/div>\n<p>&nbsp;<\/p>\n<p>Autres vapes en vente que vous pourriez aimer :<\/p>\n<p><a href=\"https:\/\/rmvapesale.com\/fr\/product\/full-screen-disposable-vape-hzko-supernova-30000-puffs-wholesale\/\"><strong>HZKO Supernova 25000 Bouff\u00e9es\u00a0 \u00a0<span style=\"color: #ff0000\">&gt;&gt;&gt;&gt; C'est parti !<\/span><\/strong><\/a><\/p>\n<p><strong><a href=\"https:\/\/rmvapesale.com\/fr\/product\/bang-vape-12000-puff-rechargeable-disposable-vape-wholesale\/\">Bang 12000 Vape <span style=\"color: #ff0000\">&gt;&gt;&gt;&gt; C'est parti !<\/span><\/a>\u00a0<\/strong><\/p>\n<p><a href=\"https:\/\/rmvapesale.com\/fr\/product\/puff-vape-cold-mountain-alps-30000-shisha-hookah-bar-wholesale\/\"><strong>Montagne froide des Alpes 30000 bouff\u00e9es <span style=\"color: #ff0000\">&gt;&gt;&gt;&gt; C'est parti !<\/span><\/strong><\/a><\/p>\n<p>&nbsp;<\/p>\n<p>&nbsp;<\/p>\n<p>Trouvez plus de produits de vape que vous pourriez aimer :<strong><em><a href=\"https:\/\/rmvapesale.com\/fr\/shop-2\/\">Achetez maintenant &gt;&gt;&gt;<\/a><\/em><\/strong><\/p>","protected":false},"excerpt":{"rendered":"<p>Lavande BM18000 Puffs Shisha Vape Vente en gros<br \/>\nLavande BM 18000 Puffs Shisha Vape jetable<br \/>\nVapes jetables pas chers en gros Lavande BM 18000 Puffs<br \/>\n<span style=\"color: #ff0000\">(Exp\u00e9di\u00e9 depuis l'entrep\u00f4t de l'UE et prend environ 3-7 jours pour arriver dans la plupart des pays europ\u00e9ens comme les Pays-Bas, la France, l'Italie, l'Espagne, la Suisse, la Su\u00e8de, la Pologne, etc.)<\/span><\/p>\n<p><img loading=\"lazy\" decoding=\"async\" class=\"size-full wp-image-2375\" src=\"https:\/\/rmvapesale.com\/wp-content\/uploads\/2024\/10\/image.png\" alt=\"Meilleure vape jetable\" width=\"229\" height=\"300\" \/><\/p>\n<h3><a href=\"https:\/\/wa.me\/8617776015835\"><span style=\"color: #ff0000\"><strong>WhatsApp: +86 17776015835<\/strong><\/span><\/a><\/h3>\n<p>&nbsp;<\/p>","protected":false},"featured_media":2646,"comment_status":"open","ping_status":"closed","template":"","meta":{"_uag_custom_page_level_css":"","_lmt_disableupdate":"no","_lmt_disable":"","site-sidebar-layout":"default","site-content-layout":"content-boxed-container","ast-site-content-layout":"normal-width-container","site-content-style":"boxed","site-sidebar-style":"unboxed","ast-global-header-display":"","ast-banner-title-visibility":"","ast-main-header-display":"","ast-hfb-above-header-display":"","ast-hfb-below-header-display":"","ast-hfb-mobile-header-display":"","site-post-title":"","ast-breadcrumbs-content":"","ast-featured-img":"","footer-sml-layout":"","ast-disable-related-posts":"","theme-transparent-header-meta":"default","adv-header-id-meta":"","stick-header-meta":"","header-above-stick-meta":"","header-main-stick-meta":"","header-below-stick-meta":"","astra-migrate-meta-layouts":"set","ast-page-background-enabled":"default","ast-page-background-meta":{"desktop":{"background-color":"var(--ast-global-color-4)","background-image":"","background-repeat":"repeat","background-position":"center center","background-size":"auto","background-attachment":"scroll","background-type":"","background-media":"","overlay-type":"","overlay-color":"","overlay-opacity":"","overlay-gradient":""},"tablet":{"background-color":"","background-image":"","background-repeat":"repeat","background-position":"center center","background-size":"auto","background-attachment":"scroll","background-type":"","background-media":"","overlay-type":"","overlay-color":"","overlay-opacity":"","overlay-gradient":""},"mobile":{"background-color":"","background-image":"","background-repeat":"repeat","background-position":"center center","background-size":"auto","background-attachment":"scroll","background-type":"","background-media":"","overlay-type":"","overlay-color":"","overlay-opacity":"","overlay-gradient":""}},"ast-content-background-meta":{"desktop":{"background-color":"var(--ast-global-color-5)","background-image":"","background-repeat":"repeat","background-position":"center center","background-size":"auto","background-attachment":"scroll","background-type":"","background-media":"","overlay-type":"","overlay-color":"","overlay-opacity":"","overlay-gradient":""},"tablet":{"background-color":"var(--ast-global-color-5)","background-image":"","background-repeat":"repeat","background-position":"center center","background-size":"auto","background-attachment":"scroll","background-type":"","background-media":"","overlay-type":"","overlay-color":"","overlay-opacity":"","overlay-gradient":""},"mobile":{"background-color":"var(--ast-global-color-5)","background-image":"","background-repeat":"repeat","background-position":"center center","background-size":"auto","background-attachment":"scroll","background-type":"","background-media":"","overlay-type":"","overlay-color":"","overlay-opacity":"","overlay-gradient":""}},"_joinchat":[]},"product_brand":[],"product_cat":[15,27,25,195,123,30,26,28,137,136,135],"product_tag":[188,200,167,197,165,180,154,196,120],"class_list":{"0":"post-2652","1":"product","2":"type-product","3":"status-publish","4":"has-post-thumbnail","6":"product_cat-new-vape-this-week","7":"product_cat-fance-hot-sale-vape","8":"product_cat-germany-best-selling-vape","9":"product_cat-germany-warehouse","10":"product_cat-italy-wholesale-vape","11":"product_cat-minimum-order-quantity-50pcs","12":"product_cat-netherlands-hot-sale-vape","13":"product_cat-poland-hot-sale-vape","14":"product_cat-rechargeable-vapes","15":"product_cat-smart-screen-vapes","16":"product_cat-spain-best-hot-sale-vape","17":"product_tag-buy-vapes-online","18":"product_tag-disposable-hookah-wholesale","19":"product_tag-disposable-vape-with-screen","20":"product_tag-germany-hot-sale-vape","21":"product_tag-rechargeable-vapes","22":"product_tag-shisha-bar","23":"product_tag-smart-vape","24":"product_tag-vape-shop","25":"product_tag-vape-wholesale","26":"desktop-align-left","27":"tablet-align-left","28":"mobile-align-left","30":"first","31":"instock","32":"sale","33":"shipping-taxable","34":"purchasable","35":"product-type-simple"},"uagb_featured_image_src":{"full":["https:\/\/rmvapesale.com\/wp-content\/uploads\/2024\/11\/Lavande-BM18000-Puffs-Shisha-monouso-Vape.jpg",800,800,false],"thumbnail":["https:\/\/rmvapesale.com\/wp-content\/uploads\/2024\/11\/Lavande-BM18000-Puffs-Shisha-monouso-Vape-150x150.jpg",150,150,true],"medium":["https:\/\/rmvapesale.com\/wp-content\/uploads\/2024\/11\/Lavande-BM18000-Puffs-Shisha-monouso-Vape-300x300.jpg",300,300,true],"medium_large":["https:\/\/rmvapesale.com\/wp-content\/uploads\/2024\/11\/Lavande-BM18000-Puffs-Shisha-monouso-Vape-768x768.jpg",768,768,true],"large":["https:\/\/rmvapesale.com\/wp-content\/uploads\/2024\/11\/Lavande-BM18000-Puffs-Shisha-monouso-Vape.jpg",800,800,false],"1536x1536":["https:\/\/rmvapesale.com\/wp-content\/uploads\/2024\/11\/Lavande-BM18000-Puffs-Shisha-monouso-Vape.jpg",800,800,false],"2048x2048":["https:\/\/rmvapesale.com\/wp-content\/uploads\/2024\/11\/Lavande-BM18000-Puffs-Shisha-monouso-Vape.jpg",800,800,false],"trp-custom-language-flag":["https:\/\/rmvapesale.com\/wp-content\/uploads\/2024\/11\/Lavande-BM18000-Puffs-Shisha-monouso-Vape.jpg",12,12,false],"woocommerce_thumbnail":["https:\/\/rmvapesale.com\/wp-content\/uploads\/2024\/11\/Lavande-BM18000-Puffs-Shisha-monouso-Vape-300x300.jpg",300,300,true],"woocommerce_single":["https:\/\/rmvapesale.com\/wp-content\/uploads\/2024\/11\/Lavande-BM18000-Puffs-Shisha-monouso-Vape-600x600.jpg",600,600,true],"woocommerce_gallery_thumbnail":["https:\/\/rmvapesale.com\/wp-content\/uploads\/2024\/11\/Lavande-BM18000-Puffs-Shisha-monouso-Vape-100x100.jpg",100,100,true],"wcpr-photo-reviews":["https:\/\/rmvapesale.com\/wp-content\/uploads\/2024\/11\/Lavande-BM18000-Puffs-Shisha-monouso-Vape.jpg",500,500,false]},"uagb_author_info":{"display_name":"AMY","author_link":"https:\/\/rmvapesale.com\/fr\/author\/"},"uagb_comment_info":0,"uagb_excerpt":"Lavande BM18000 Puffs Shisha Vape Wholesale Lavande BM 18000 Puffs Shisha monouso Vape Wholesale Cheap Disposable Vapes Lavande BM 18000 Puffs (Ship from EU warehouse and takes about 3-7 days\u00a0 to get arrive to most Europe countries like Netherlands, France, Italy, Spain, Switzerland, Sweden, Poland, etc. ) WhatsApp: +86 17776015835 &nbsp;","_links":{"self":[{"href":"https:\/\/rmvapesale.com\/fr\/wp-json\/wp\/v2\/product\/2652","targetHints":{"allow":["GET"]}}],"collection":[{"href":"https:\/\/rmvapesale.com\/fr\/wp-json\/wp\/v2\/product"}],"about":[{"href":"https:\/\/rmvapesale.com\/fr\/wp-json\/wp\/v2\/types\/product"}],"replies":[{"embeddable":true,"href":"https:\/\/rmvapesale.com\/fr\/wp-json\/wp\/v2\/comments?post=2652"}],"wp:featuredmedia":[{"embeddable":true,"href":"https:\/\/rmvapesale.com\/fr\/wp-json\/wp\/v2\/media\/2646"}],"wp:attachment":[{"href":"https:\/\/rmvapesale.com\/fr\/wp-json\/wp\/v2\/media?parent=2652"}],"wp:term":[{"taxonomy":"product_brand","embeddable":true,"href":"https:\/\/rmvapesale.com\/fr\/wp-json\/wp\/v2\/product_brand?post=2652"},{"taxonomy":"product_cat","embeddable":true,"href":"https:\/\/rmvapesale.com\/fr\/wp-json\/wp\/v2\/product_cat?post=2652"},{"taxonomy":"product_tag","embeddable":true,"href":"https:\/\/rmvapesale.com\/fr\/wp-json\/wp\/v2\/product_tag?post=2652"}],"curies":[{"name":"wp","href":"https:\/\/api.w.org\/{rel}","templated":true}]}}