{"id":2661,"date":"2024-11-04T06:37:48","date_gmt":"2024-11-04T06:37:48","guid":{"rendered":"https:\/\/rmvapesale.com\/?post_type=product&#038;p=2661"},"modified":"2024-11-04T07:54:04","modified_gmt":"2024-11-04T07:54:04","slug":"vopk-shisha-bar-20000-puffs-low-nicotine-rechargeable-disposable-vape-pen","status":"publish","type":"product","link":"https:\/\/rmvapesale.com\/fr\/product\/vopk-shisha-bar-20000-puffs-low-nicotine-rechargeable-disposable-vape-pen\/","title":{"rendered":"VOPK Shisha BAR 20000 bouff\u00e9es Faible Taux de Nicotine Rechargeable Cigarette \u00c9lectronique Jetable"},"content":{"rendered":"<div class=\"B2VR9 CJHX3e\">\n<div class=\"wyccme\">\n<h1 class=\"LC20lb MBeuO DKV0Md\">VOPK Shisha BAR 20000 bouff\u00e9es Faible Taux de Nicotine Rechargeable Cigarette \u00c9lectronique Jetable<\/h1>\n<div class=\"flex-shrink-0 flex flex-col relative items-end\">\n<div class=\"pt-0\">\n<div class=\"gizmo-bot-avatar flex h-8 w-8 items-center justify-center overflow-hidden rounded-full\">\n<div class=\"relative p-1 rounded-sm flex items-center justify-center bg-token-main-surface-primary text-token-text-primary h-8 w-8\">\n<p>Pr\u00e9sentation du <strong>VOPK Shisha BAR 20000 bouff\u00e9es Faible Taux de Nicotine Rechargeable Cigarette \u00c9lectronique Jetable<\/strong>, le choix ultime pour les amateurs de shisha et de vape \u00e0 la recherche d'une qualit\u00e9 et de performances exceptionnelles. Cet appareil de pointe offre un remarquable <strong>20000 bouff\u00e9es<\/strong>, assurant une exp\u00e9rience de vapotage prolong\u00e9e sans les inconv\u00e9nients des remplacements constants.<\/p>\n<p>Con\u00e7u pour r\u00e9pondre \u00e0 diff\u00e9rentes pr\u00e9f\u00e9rences, le <strong>VOPK Shisha BAR<\/strong> est livr\u00e9 avec <strong>options de nicotine r\u00e9glables<\/strong> of <strong>0%, 2%, 3% et 5%<\/strong>, vous permettant de personnaliser votre apport en nicotine. La grande <strong>Capacit\u00e9 de e-liquide de 28 ml<\/strong> vous permet de vapoter plus longtemps avec moins de recharges, tandis que le <strong>batterie rechargeable de 850 mAh<\/strong> associ\u00e9 \u00e0 <strong>charge de Type-C<\/strong> garantit des recharges efficaces et rapides, ce qui le rend id\u00e9al pour ceux qui sont toujours en d\u00e9placement.<\/p>\n<p>L' <strong>VOPK Shisha BAR<\/strong> rassemble le meilleur des deux mondes : l'essence traditionnelle des <strong>bar \u00e0 chicha<\/strong> saveurs et la technologie de vapotage moderne. Son design \u00e9l\u00e9gant et portable le rend parfait pour une utilisation partout, que vous soyez dans un salon de shisha ou en d\u00e9placement. Avec une gamme de saveurs vibrantes et des performances fiables, il n'est pas \u00e9tonnant que <strong>VOPK<\/strong> se d\u00e9marque parmi <strong>les marques de vapes populaires<\/strong> et est tr\u00e8s recherch\u00e9 pour <strong>vapes en gros<\/strong>.<\/p>\n<p>Pour ceux qui souhaitent s'immerger dans la riche culture de <strong>narguil\u00e9 chicha<\/strong> tout en profitant de la commodit\u00e9 d'un <strong>jetable et rechargeable<\/strong>, le <strong>VOPK Shisha BAR 20000<\/strong> est votre compagnon id\u00e9al. D\u00e9couvrez pourquoi cet appareil fait sensation sur le march\u00e9 pour <strong>marques de vapes jetables<\/strong> et adoptez une exp\u00e9rience premium qui vous donnera envie de revenir encore et encore. Achetez le v\u00f4tre chez <strong>vaporisateurs jetables en ligne<\/strong> ou en gros pour votre <strong>bar \u00e0 chicha<\/strong> \u00e0 <strong>vente en gros de chichas jetables<\/strong> options d\u00e8s aujourd'hui !<\/p>\n<p>Pr\u00e9parez-vous \u00e0 plonger dans un monde \u00e9lev\u00e9 de saveur et de performance avec le <strong>VOPK Shisha BAR 20000 Puffs<\/strong> \u2014 votre choix ultime dans le monde du <strong>vape de 20000 bouff\u00e9es<\/strong>.<\/p>\n<\/div>\n<\/div>\n<\/div>\n<\/div>\n<\/div>\n<\/div>\n<p><strong>Contactez Amy pour obtenir la bonne r\u00e9ponse et un coupon de vape !<\/strong><\/p>\n<p><img loading=\"lazy\" decoding=\"async\" class=\"size-full wp-image-1978\" src=\"https:\/\/rmvapesale.com\/wp-content\/uploads\/2024\/09\/Disposable-Vape-Wholesale.jpg\" alt=\"Vente en gros de vapes jetables\" width=\"229\" height=\"300\" \/><\/p>\n<h3><a href=\"https:\/\/wa.me\/8617776015835\" target=\"_blank\" rel=\"noopener\"><span style=\"color: #ff0000\"><strong>WhatsApp: +86 17776015835<\/strong><\/span><\/a><\/h3>\n<p>&nbsp;<\/p>\n<h2><\/h2>\n<h2><strong>VOPK Shisha BAR 20000 Vape Jetable Rechargeable <\/strong><strong>Caract\u00e9ristiques principales<\/strong><\/h2>\n<p>E-liquide pr\u00e9-rempli de 28 ml<br \/>\nBatterie rechargeable de 850 mAh<br \/>\nNombre de bouff\u00e9es : environ 20000 bouff\u00e9es<br \/>\n0%, 2%, 5% Taux de nicotine<br \/>\nChargement USB Type-C (Non inclus)<br \/>\n\u00c9cran intelligent \u00e0 affichage LED<br \/>\nVapotage MTL<\/p>\n<figure id=\"attachment_2653\" aria-describedby=\"caption-attachment-2653\" style=\"width: 800px\" class=\"wp-caption alignnone\"><img loading=\"lazy\" decoding=\"async\" class=\"wp-image-2653 size-full\" src=\"https:\/\/rmvapesale.com\/wp-content\/uploads\/2024\/11\/VOPK-Shisha-BAR-20000-Low-Nicotine-Disposable-Vape.jpg\" alt=\"VOPK Shisha BAR 20000 Vape Jetable \u00e0 faible nicotine\" width=\"800\" height=\"799\" srcset=\"https:\/\/rmvapesale.com\/wp-content\/uploads\/2024\/11\/VOPK-Shisha-BAR-20000-Low-Nicotine-Disposable-Vape.jpg 800w, https:\/\/rmvapesale.com\/wp-content\/uploads\/2024\/11\/VOPK-Shisha-BAR-20000-Low-Nicotine-Disposable-Vape-300x300.jpg 300w, https:\/\/rmvapesale.com\/wp-content\/uploads\/2024\/11\/VOPK-Shisha-BAR-20000-Low-Nicotine-Disposable-Vape-150x150.jpg 150w, https:\/\/rmvapesale.com\/wp-content\/uploads\/2024\/11\/VOPK-Shisha-BAR-20000-Low-Nicotine-Disposable-Vape-768x767.jpg 768w, https:\/\/rmvapesale.com\/wp-content\/uploads\/2024\/11\/VOPK-Shisha-BAR-20000-Low-Nicotine-Disposable-Vape-600x599.jpg 600w, https:\/\/rmvapesale.com\/wp-content\/uploads\/2024\/11\/VOPK-Shisha-BAR-20000-Low-Nicotine-Disposable-Vape-100x100.jpg 100w\" sizes=\"auto, (max-width: 800px) 100vw, 800px\" \/><figcaption id=\"caption-attachment-2653\" class=\"wp-caption-text\">VOPK Shisha BAR 20000 Vape Jetable \u00e0 faible nicotine<\/figcaption><\/figure>\n<h2><strong>Meilleure saveur pour <\/strong><strong>VOPK Shisha BAR 20000<\/strong><\/h2>\n<p>1. Myrtille sur glace <span style=\"color: #ff0000\"><strong>&gt;&gt;&gt;&gt; Chaud!<\/strong><\/span><br \/>\n2. Fraise kiwi<br \/>\n3. Baies m\u00e9lang\u00e9es <span style=\"color: #ff0000\"><strong>&gt;&gt;&gt;&gt; Le meilleur !<\/strong><\/span><br \/>\n4.Fraise past\u00e8que<br \/>\n5. Past\u00e8que glac\u00e9e<br \/>\n6. P\u00eache mangue ananas<br \/>\n7. Myrtille framboise<br \/>\n8. Bonbon \u00e0 la fraise et \u00e0 la framboise<br \/>\n9. Past\u00e8que et cerise <span style=\"color: #ff0000\"><strong>&gt;&gt;&gt;&gt; Chaud!<\/strong><\/span><br \/>\n10. Givre de cassis<\/p>\n<figure id=\"attachment_2660\" aria-describedby=\"caption-attachment-2660\" style=\"width: 640px\" class=\"wp-caption alignnone\"><img loading=\"lazy\" decoding=\"async\" class=\"wp-image-2660 size-large\" src=\"https:\/\/rmvapesale.com\/wp-content\/uploads\/2024\/11\/VOPK-Shisha-Hookah-BAR-Disposable-Vape-Wholesale-640x1024.jpg\" alt=\"VOPK Shisha Hookah BAR Vape Jetable Vente en Gros\" width=\"640\" height=\"1024\" srcset=\"https:\/\/rmvapesale.com\/wp-content\/uploads\/2024\/11\/VOPK-Shisha-Hookah-BAR-Disposable-Vape-Wholesale-640x1024.jpg 640w, https:\/\/rmvapesale.com\/wp-content\/uploads\/2024\/11\/VOPK-Shisha-Hookah-BAR-Disposable-Vape-Wholesale-188x300.jpg 188w, https:\/\/rmvapesale.com\/wp-content\/uploads\/2024\/11\/VOPK-Shisha-Hookah-BAR-Disposable-Vape-Wholesale-768x1229.jpg 768w, https:\/\/rmvapesale.com\/wp-content\/uploads\/2024\/11\/VOPK-Shisha-Hookah-BAR-Disposable-Vape-Wholesale-600x960.jpg 600w, https:\/\/rmvapesale.com\/wp-content\/uploads\/2024\/11\/VOPK-Shisha-Hookah-BAR-Disposable-Vape-Wholesale.jpg 800w\" sizes=\"auto, (max-width: 640px) 100vw, 640px\" \/><figcaption id=\"caption-attachment-2660\" class=\"wp-caption-text\">VOPK Shisha Hookah BAR Vape Jetable Vente en Gros<\/figcaption><\/figure>\n<h3><strong>Pourquoi choisir Rmvapesale pour <\/strong><strong>VOPK Shisha BAR Vape Jetable<\/strong><strong>jetables<\/strong><strong>?<\/strong><\/h3>\n<div class=\"flex-shrink-0 flex flex-col relative items-end\">\n<div class=\"pt-0\">\n<div class=\"gizmo-bot-avatar flex h-8 w-8 items-center justify-center overflow-hidden rounded-full\">\n<div class=\"relative p-1 rounded-sm flex items-center justify-center bg-token-main-surface-primary text-token-text-primary h-8 w-8\">\n<p>Bienvenue chez Rmvapesale, votre boutique de vape de confiance pour les vapes jetables premium. Avec plus de 5 ans d'expertise, nous vous proposons des marques populaires de vapes jetables telles que Al Fakher, <a href=\"https:\/\/rmvapesale.com\/fr\/product\/vapme-crystal-7000-puffs-rechargeable-disposable-vape-price\/\">Vapme<\/a>, <a href=\"https:\/\/rmvapesale.com\/fr\/product-category\/bang-vapes\/\">Bang Vape<\/a>, Waspe, <a href=\"https:\/\/rmvapesale.com\/fr\/product\/wga-crystal-pro-max-extra-15k-puffs-disposable-vape-wholesale\/\">WGA<\/a> Vape et<a href=\"https:\/\/rmvapesale.com\/fr\/product-category\/randm-fumot-vape\/\"> RandM Vape<\/a>.<\/p>\n<p>Notre gamme comprend des vapes en promotion comme le <a href=\"https:\/\/rmvapesale.com\/fr\/product\/fumot-digital-box-12000-disposable-vape-pink-lemonade-flavor\/\">RandM 12k<\/a> et des choix riches en saveurs comme le <a href=\"https:\/\/rmvapesale.com\/fr\/product\/wga-crystal-plus-20000-puff-dual-flavour-disposable-vape\/\">WGA 20K Bouff\u00e9es<\/a>Chaque produit est s\u00e9lectionn\u00e9 avec un accent sur la qualit\u00e9, la valeur et la vari\u00e9t\u00e9, vous assurant de trouver la correspondance parfaite pour vos besoins. D\u00e9couvrez un service exceptionnel et une large gamme de produits de premier plan chez Rmvapesale.<\/p>\n<\/div>\n<h3><\/h3>\n<div class=\"relative p-1 rounded-sm flex items-center justify-center bg-token-main-surface-primary text-token-text-primary h-8 w-8\">\n<h3><b>VOPK Shisha BAR 20000 Bouff\u00e9es FAQ sur la Vape<\/b><\/h3>\n<p><strong>1. Comment savoir quand ma vape jetable est vide ?<\/strong><br \/>\nLorsque votre <strong>VOPK Shisha BAR 20000<\/strong> la vape jetable est en train de manquer de e-liquide, vous pouvez remarquer une baisse de la production de vapeur ou une saveur plus faible. Le <strong>affichage intelligent<\/strong> sur l'appareil indiquera \u00e9galement le niveau restant de e-liquide. Si l'\u00e9cran montre que le e-liquide est \u00e9puis\u00e9, il est temps de remplacer la vape.<\/p>\n<p><strong>2. Combien de temps faut-il pour charger un VOPK Shisha 20000 ?<\/strong><br \/>\nChargement de votre <strong>VOPK Shisha 20000<\/strong> prend g\u00e9n\u00e9ralement entre 1,5 et 2 heures en utilisant un <strong>port de charge Type-C<\/strong>. Assurez-vous d'utiliser un chargeur fiable pour garantir une charge s\u00fbre et efficace. Une fois compl\u00e8tement charg\u00e9, l'appareil est con\u00e7u pour supporter des sessions de vapotage prolong\u00e9es.<\/p>\n<p><strong>3. Quelle est la quantit\u00e9 de nicotine dans une chicha VOPK Shisha 20000 ?<\/strong><br \/>\nL' <strong>VOPK Shisha BAR 20000<\/strong> dispose d'options de force de nicotine r\u00e9glables, vous permettant de choisir entre <strong>0%, 2%, 3% et 5% de nicotine<\/strong>. Cette personnalisation vous permet de contr\u00f4ler pleinement votre consommation de nicotine, ce qui la rend adapt\u00e9e \u00e0 diverses pr\u00e9f\u00e9rences.<\/p>\n<p><strong>4. O\u00f9 acheter la chicha VOPK Shisha 20000 Puff en gros ?<\/strong><br \/>\nVous pouvez acheter le <strong>VOPK Shisha BAR 20000 Puff<\/strong> \u00e0 des prix de gros aupr\u00e8s de fournisseurs fiables. <strong>distributeurs de vapes en gros<\/strong> Pour obtenir les meilleures offres, visitez des <strong>magasins de cigarettes \u00e9lectroniques<\/strong> ou consultez <strong>plateformes en ligne<\/strong> sp\u00e9cialis\u00e9es dans <strong>vapes jetables<\/strong> et de <strong>grossiste de vape<\/strong> des options.<\/p>\n<p><strong>Oui, vous pouvez emporter des vapes jetables comme le<\/strong><br \/>\nOui, vous pouvez emporter votre <strong>VOPK Shisha BAR 20000<\/strong> vapoteuse jetable en avion, mais il y a des r\u00e8gles \u00e0 suivre. L'appareil doit \u00eatre transport\u00e9 dans votre <strong>bagage \u00e0 main<\/strong>, car les dispositifs \u00e9lectroniques de vapotage ne sont g\u00e9n\u00e9ralement pas autoris\u00e9s en bagages enregistr\u00e9s. V\u00e9rifiez les r\u00e9glementations sp\u00e9cifiques de la compagnie a\u00e9rienne et assurez-vous que la vapoteuse est \u00e9teinte pendant le vol pour \u00e9viter toute activation accidentelle.<\/p>\n<\/div>\n<\/div>\n<\/div>\n<\/div>\n<h3>\u00c0 propos de l'exp\u00e9dition<\/h3>\n<div class=\"flex-shrink-0 flex flex-col relative items-end\">\n<div>\n<div class=\"pt-0\">\n<div class=\"gizmo-bot-avatar flex h-8 w-8 items-center justify-center overflow-hidden rounded-full\">\n<div><\/div>\n<div class=\"relative p-1 rounded-sm flex items-center justify-center bg-token-main-surface-primary text-token-text-primary h-8 w-8\"><strong>1. Quelles m\u00e9thodes d'exp\u00e9dition sont utilis\u00e9es ?<\/strong><\/div>\n<\/div>\n<\/div>\n<\/div>\n<\/div>\n<div class=\"group\/conversation-turn relative flex w-full min-w-0 flex-col agent-turn\">\n<div class=\"flex-col gap-1 md:gap-3\">\n<div class=\"flex max-w-full flex-col flex-grow\">\n<div class=\"min-h-[20px] text-message flex w-full flex-col items-end gap-2 whitespace-normal break-words [.text-message+&amp;]:mt-5 overflow-x-auto\" dir=\"auto\" data-message-author-role=\"assistant\" data-message-id=\"22f8283b-3233-46ff-89a5-c7a41b33abda\">\n<div class=\"flex w-full flex-col gap-1 empty:hidden first:pt-[3px]\">\n<div class=\"markdown prose w-full break-words dark:prose-invert light\">\n<p>Nous travaillons en partenariat avec UPS, DHL, FedEx, DPD et d'autres transporteurs de premier plan. Nous s\u00e9lectionnerons la meilleure m\u00e9thode d'exp\u00e9dition en fonction de votre lieu de livraison pour que vous receviez vos produits le plus rapidement possible.<\/p>\n<\/div>\n<p><strong>2. Combien de temps faut-il pour que cela arrive ?<\/strong><\/p>\n<p>Les colis exp\u00e9di\u00e9s en France arrivent g\u00e9n\u00e9ralement sous 10 jours ouvrables. L'exp\u00e9dition vers les pays europ\u00e9ens prend g\u00e9n\u00e9ralement environ 12 \u00e0 15 jours ouvrables. Nous vous fournirons des mises \u00e0 jour en temps r\u00e9el sur l'\u00e9tat de votre envoi.<\/p>\n<\/div>\n<\/div>\n<\/div>\n<\/div>\n<\/div>\n<p>&nbsp;<\/p>\n<p>Trouvez plus de produits de vape que vous pourriez aimer :<strong><em><a href=\"https:\/\/rmvapesale.com\/fr\/shop-2\/\">Achetez maintenant &gt;&gt;&gt;<\/a><\/em><\/strong><\/p>","protected":false},"excerpt":{"rendered":"<p>VOPK Shisha Hookah BAR Vente en Gros 20000 Bouff\u00e9es Achat en Gros<br \/>\nVOPK Shisha BAR 20000 Bouff\u00e9es 0% 2% 3% 5% Vape Jetable \u00e0 Faible Teneur en Nicotine en Gros<br \/>\nShisha Hookah VOPK 20000 Bouff\u00e9es Achat en Gros Vape Jetable Rechargeable<\/p>\n<p><img loading=\"lazy\" decoding=\"async\" class=\"size-full wp-image-2375\" src=\"https:\/\/rmvapesale.com\/wp-content\/uploads\/2024\/10\/image.png\" alt=\"Meilleure vape jetable\" width=\"229\" height=\"300\" \/><\/p>\n<h3><a href=\"https:\/\/wa.me\/8617776015835\"><span style=\"color: #ff0000\"><strong>WhatsApp: +86 17776015835<\/strong><\/span><\/a><\/h3>\n<p>&nbsp;<\/p>","protected":false},"featured_media":2657,"comment_status":"open","ping_status":"closed","template":"","meta":{"_uag_custom_page_level_css":"","_lmt_disableupdate":"no","_lmt_disable":"","site-sidebar-layout":"default","site-content-layout":"content-boxed-container","ast-site-content-layout":"normal-width-container","site-content-style":"boxed","site-sidebar-style":"unboxed","ast-global-header-display":"","ast-banner-title-visibility":"","ast-main-header-display":"","ast-hfb-above-header-display":"","ast-hfb-below-header-display":"","ast-hfb-mobile-header-display":"","site-post-title":"","ast-breadcrumbs-content":"","ast-featured-img":"","footer-sml-layout":"","theme-transparent-header-meta":"default","adv-header-id-meta":"","stick-header-meta":"","header-above-stick-meta":"","header-main-stick-meta":"","header-below-stick-meta":"","astra-migrate-meta-layouts":"set","ast-page-background-enabled":"default","ast-page-background-meta":{"desktop":{"background-color":"var(--ast-global-color-4)","background-image":"","background-repeat":"repeat","background-position":"center center","background-size":"auto","background-attachment":"scroll","background-type":"","background-media":"","overlay-type":"","overlay-color":"","overlay-opacity":"","overlay-gradient":""},"tablet":{"background-color":"","background-image":"","background-repeat":"repeat","background-position":"center center","background-size":"auto","background-attachment":"scroll","background-type":"","background-media":"","overlay-type":"","overlay-color":"","overlay-opacity":"","overlay-gradient":""},"mobile":{"background-color":"","background-image":"","background-repeat":"repeat","background-position":"center center","background-size":"auto","background-attachment":"scroll","background-type":"","background-media":"","overlay-type":"","overlay-color":"","overlay-opacity":"","overlay-gradient":""}},"ast-content-background-meta":{"desktop":{"background-color":"var(--ast-global-color-5)","background-image":"","background-repeat":"repeat","background-position":"center center","background-size":"auto","background-attachment":"scroll","background-type":"","background-media":"","overlay-type":"","overlay-color":"","overlay-opacity":"","overlay-gradient":""},"tablet":{"background-color":"var(--ast-global-color-5)","background-image":"","background-repeat":"repeat","background-position":"center center","background-size":"auto","background-attachment":"scroll","background-type":"","background-media":"","overlay-type":"","overlay-color":"","overlay-opacity":"","overlay-gradient":""},"mobile":{"background-color":"var(--ast-global-color-5)","background-image":"","background-repeat":"repeat","background-position":"center center","background-size":"auto","background-attachment":"scroll","background-type":"","background-media":"","overlay-type":"","overlay-color":"","overlay-opacity":"","overlay-gradient":""}},"_joinchat":[]},"product_brand":[],"product_cat":[15,25,123,26,28,135,27,137,136,30],"product_tag":[146,188,200,167,165,180,120],"class_list":{"0":"post-2661","1":"product","2":"type-product","3":"status-publish","4":"has-post-thumbnail","6":"product_cat-new-vape-this-week","7":"product_cat-germany-best-selling-vape","8":"product_cat-italy-wholesale-vape","9":"product_cat-netherlands-hot-sale-vape","10":"product_cat-poland-hot-sale-vape","11":"product_cat-spain-best-hot-sale-vape","12":"product_cat-fance-hot-sale-vape","13":"product_cat-rechargeable-vapes","14":"product_cat-smart-screen-vapes","15":"product_cat-minimum-order-quantity-50pcs","16":"product_tag-best-hot-sale-vape","17":"product_tag-buy-vapes-online","18":"product_tag-disposable-hookah-wholesale","19":"product_tag-disposable-vape-with-screen","20":"product_tag-rechargeable-vapes","21":"product_tag-shisha-bar","22":"product_tag-vape-wholesale","23":"desktop-align-left","24":"tablet-align-left","25":"mobile-align-left","27":"first","28":"instock","29":"sale","30":"shipping-taxable","31":"purchasable","32":"product-type-simple"},"uagb_featured_image_src":{"full":["https:\/\/rmvapesale.com\/wp-content\/uploads\/2024\/11\/VOPK-Shisha-Hookah-BAR-20000-Puff-Disposable-Vape.jpg",800,800,false],"thumbnail":["https:\/\/rmvapesale.com\/wp-content\/uploads\/2024\/11\/VOPK-Shisha-Hookah-BAR-20000-Puff-Disposable-Vape-150x150.jpg",150,150,true],"medium":["https:\/\/rmvapesale.com\/wp-content\/uploads\/2024\/11\/VOPK-Shisha-Hookah-BAR-20000-Puff-Disposable-Vape-300x300.jpg",300,300,true],"medium_large":["https:\/\/rmvapesale.com\/wp-content\/uploads\/2024\/11\/VOPK-Shisha-Hookah-BAR-20000-Puff-Disposable-Vape-768x768.jpg",768,768,true],"large":["https:\/\/rmvapesale.com\/wp-content\/uploads\/2024\/11\/VOPK-Shisha-Hookah-BAR-20000-Puff-Disposable-Vape.jpg",800,800,false],"1536x1536":["https:\/\/rmvapesale.com\/wp-content\/uploads\/2024\/11\/VOPK-Shisha-Hookah-BAR-20000-Puff-Disposable-Vape.jpg",800,800,false],"2048x2048":["https:\/\/rmvapesale.com\/wp-content\/uploads\/2024\/11\/VOPK-Shisha-Hookah-BAR-20000-Puff-Disposable-Vape.jpg",800,800,false],"trp-custom-language-flag":["https:\/\/rmvapesale.com\/wp-content\/uploads\/2024\/11\/VOPK-Shisha-Hookah-BAR-20000-Puff-Disposable-Vape.jpg",12,12,false],"woocommerce_thumbnail":["https:\/\/rmvapesale.com\/wp-content\/uploads\/2024\/11\/VOPK-Shisha-Hookah-BAR-20000-Puff-Disposable-Vape-300x300.jpg",300,300,true],"woocommerce_single":["https:\/\/rmvapesale.com\/wp-content\/uploads\/2024\/11\/VOPK-Shisha-Hookah-BAR-20000-Puff-Disposable-Vape-600x600.jpg",600,600,true],"woocommerce_gallery_thumbnail":["https:\/\/rmvapesale.com\/wp-content\/uploads\/2024\/11\/VOPK-Shisha-Hookah-BAR-20000-Puff-Disposable-Vape-100x100.jpg",100,100,true],"wcpr-photo-reviews":["https:\/\/rmvapesale.com\/wp-content\/uploads\/2024\/11\/VOPK-Shisha-Hookah-BAR-20000-Puff-Disposable-Vape.jpg",500,500,false]},"uagb_author_info":{"display_name":"AMY","author_link":"https:\/\/rmvapesale.com\/fr\/author\/"},"uagb_comment_info":0,"uagb_excerpt":"VOPK Shisha Hookah BAR Wholesale 20000 Puffs Bulk Buy VOPK Shisha BAR 20000 Puffs 0% 2% 3% 5% Low Nicotine Disposable Vape Wholesale Shisha Hookah VOPK 20000 Puffs Bulk Buy Rechargeable Disposable Vape WhatsApp: +86 17776015835 &nbsp;","_links":{"self":[{"href":"https:\/\/rmvapesale.com\/fr\/wp-json\/wp\/v2\/product\/2661","targetHints":{"allow":["GET"]}}],"collection":[{"href":"https:\/\/rmvapesale.com\/fr\/wp-json\/wp\/v2\/product"}],"about":[{"href":"https:\/\/rmvapesale.com\/fr\/wp-json\/wp\/v2\/types\/product"}],"replies":[{"embeddable":true,"href":"https:\/\/rmvapesale.com\/fr\/wp-json\/wp\/v2\/comments?post=2661"}],"wp:featuredmedia":[{"embeddable":true,"href":"https:\/\/rmvapesale.com\/fr\/wp-json\/wp\/v2\/media\/2657"}],"wp:attachment":[{"href":"https:\/\/rmvapesale.com\/fr\/wp-json\/wp\/v2\/media?parent=2661"}],"wp:term":[{"taxonomy":"product_brand","embeddable":true,"href":"https:\/\/rmvapesale.com\/fr\/wp-json\/wp\/v2\/product_brand?post=2661"},{"taxonomy":"product_cat","embeddable":true,"href":"https:\/\/rmvapesale.com\/fr\/wp-json\/wp\/v2\/product_cat?post=2661"},{"taxonomy":"product_tag","embeddable":true,"href":"https:\/\/rmvapesale.com\/fr\/wp-json\/wp\/v2\/product_tag?post=2661"}],"curies":[{"name":"wp","href":"https:\/\/api.w.org\/{rel}","templated":true}]}}