{"id":2670,"date":"2024-11-05T09:03:06","date_gmt":"2024-11-05T09:03:06","guid":{"rendered":"https:\/\/rmvapesale.com\/?post_type=product&#038;p=2670"},"modified":"2024-11-05T09:49:38","modified_gmt":"2024-11-05T09:49:38","slug":"elfbar-combo-25000-puffs-rechargeable-disposable-vape-wholesale","status":"publish","type":"product","link":"https:\/\/rmvapesale.com\/fr\/product\/elfbar-combo-25000-puffs-rechargeable-disposable-vape-wholesale\/","title":{"rendered":"ElfBar Combo 25000 Puffs Rechargeable Vape Jetable Vente en gros"},"content":{"rendered":"<div class=\"B2VR9 CJHX3e\">\n<div class=\"wyccme\">\n<h1 class=\"LC20lb MBeuO DKV0Md\">ElfBar Combo 25000 Puffs Rechargeable Vape Jetable Vente en gros<\/h1>\n<div class=\"flex-shrink-0 flex flex-col relative items-end\">\n<div class=\"pt-0\">\n<div class=\"gizmo-bot-avatar flex h-8 w-8 items-center justify-center overflow-hidden rounded-full\">\n<div class=\"relative p-1 rounded-sm flex items-center justify-center bg-token-main-surface-primary text-token-text-primary h-8 w-8\">\n<p>L' <strong>Cigarette \u00e9lectronique jetable Elfbar Combo 25000 Puffs<\/strong> est un appareil de vapotage innovant et polyvalent, con\u00e7u pour r\u00e9volutionner votre exp\u00e9rience de vapotage. Avec un design \u00e9l\u00e9gant et stylis\u00e9, il combine <strong>deux saveurs diff\u00e9rentes<\/strong> et propose <strong>deux modes de vapotage<\/strong>, vous offrant une vari\u00e9t\u00e9 et une satisfaction in\u00e9gal\u00e9es. Cet appareil se distingue <strong>marques de vape jetable populaires<\/strong> par sa technologie sup\u00e9rieure et sa commodit\u00e9.<\/p>\n<h3><strong>Pur<\/strong><\/h3>\n<p>Savourez une incroyable combinaison de saveurs de <strong>Pomme verte<\/strong> et de <strong>Double pomme Chicha<\/strong>, savamment m\u00e9lang\u00e9e pour offrir une exp\u00e9rience gustative rafra\u00eechissante et inspir\u00e9e de la chicha. Le <strong>ElfBar Pods Combo 25000<\/strong> garantit que chaque bouff\u00e9e est douce et savoureuse, ce qui en fait l'une des <strong>meilleures vapes jetables de 2024<\/strong>.<\/p>\n<h3><strong>Nombre \u00e9lev\u00e9 de bouff\u00e9es<\/strong><\/h3>\n<p>Profitez de jusqu'\u00e0 <strong>25 000 bouff\u00e9es<\/strong> \u00e0 partir du r\u00e9servoir de e-liquide de 25 ml, vous offrant une satisfaction durable sans les tracas de remplacements fr\u00e9quents. Cet appareil est parfait pour ceux qui veulent une utilisation prolong\u00e9e, que ce soit en d\u00e9placement ou pour le plaisir quotidien.<\/p>\n<h3><strong>\u00c9cran intelligent<\/strong><\/h3>\n<p>\u00c9quip\u00e9 d'un <strong>\u00e9cran d'affichage intelligent<\/strong>, le <strong>Elf bar Combo 25000<\/strong> vous donne des mises \u00e0 jour en temps r\u00e9el sur le mode de saveur, le niveau de puissance, l'\u00e9tat du e-liquide et la dur\u00e9e de vie de la batterie. Le <strong>syst\u00e8me de double flux d'air raffin\u00e9<\/strong> offre des options personnalisables, am\u00e9liorant votre exp\u00e9rience de vapotage avec une vapeur pure et constante.<\/p>\n<h3><strong>Rechargeable pour plus de commodit\u00e9<\/strong><\/h3>\n<p>Dites adieu aux inconv\u00e9nients des vapes \u00e0 usage unique, avec la <strong>batterie rechargeable de 850 mAh<\/strong>. La conception efficace, associ\u00e9e \u00e0 la pratique <strong>charge rapide Type-C<\/strong>, garantit un temps d'arr\u00eat minimal entre les utilisations, ce qui en fait un choix exceptionnel parmi <strong>vapes rechargeables<\/strong>.<\/p>\n<h3><strong>Force de nicotine sup\u00e9rieure<\/strong><\/h3>\n<p>Avec une <strong>concentration de nicotine de 5 % (50 mg)<\/strong>, le <strong>Elf Bar Combo 25000<\/strong> offre une satisfaction parfaite pour les vapoteurs \u00e0 la recherche d'une exp\u00e9rience de nicotine intense.<\/p>\n<h3><strong>Disponibilit\u00e9 en gros<\/strong><\/h3>\n<p>L' <strong>Elfbar Combo 25000<\/strong> est disponible chez <strong>grossiste de vape<\/strong> prix, ce qui en fait une option id\u00e9ale pour les d\u00e9taillants et les distributeurs qui cherchent \u00e0 s'approvisionner en <strong>vapes populaires<\/strong>Visitez des sources fiables <strong>magasins de cigarettes \u00e9lectroniques<\/strong> ou achetez aupr\u00e8s de <strong>vaporisateurs jetables en ligne<\/strong> fournisseurs pour obtenir les meilleures offres sur <strong>Elf Bar<\/strong> produits.<\/p>\n<p>Pour ceux \u00e0 la recherche d'une exp\u00e9rience exceptionnelle <strong>vape jetable<\/strong> qui allie parfaitement saveur, innovation et commodit\u00e9, le <strong>Elfbar Combo 25000 Bouff\u00e9es<\/strong> est le choix ultime. D\u00e9couvrez le meilleur de la technologie de vapotage avec ce <strong>ELF BAR<\/strong> marvel.<\/p>\n<p>Faites le v\u00f4tre d\u00e8s aujourd'hui aupr\u00e8s de <strong>ELFBAR<\/strong> distributeurs et rejoignez la communaut\u00e9 des vapoteurs satisfaits profitant de l'une des <strong>Meilleures marques de vapes jetables<\/strong> dans l'industrie !<\/p>\n<\/div>\n<\/div>\n<\/div>\n<\/div>\n<\/div>\n<\/div>\n<p><strong>Contactez Amy pour obtenir la bonne r\u00e9ponse et un coupon de vape !<\/strong><\/p>\n<p><img loading=\"lazy\" decoding=\"async\" class=\"size-full wp-image-1978\" src=\"https:\/\/rmvapesale.com\/wp-content\/uploads\/2024\/09\/Disposable-Vape-Wholesale.jpg\" alt=\"Vente en gros de vapes jetables\" width=\"229\" height=\"300\" \/><\/p>\n<h3><a href=\"https:\/\/wa.me\/8617776015835\" target=\"_blank\" rel=\"noopener\"><span style=\"color: #ff0000\"><strong>WhatsApp: +86 17776015835<\/strong><\/span><\/a><\/h3>\n<p>&nbsp;<\/p>\n<h2><\/h2>\n<h2><strong>ElfBar Combo 25000 Vape Rechargeable <\/strong><strong>Caract\u00e9ristiques principales<\/strong><\/h2>\n<p>Mod\u00e8le: COMBO 25000<br \/>\nSaveurs: Pomme verte + Chicha double pomme<br \/>\nBouff\u00e9es: 25000<br \/>\nTaux de nicotine: 5% (50 mg)<br \/>\nVolume de liquide: 25 ml<br \/>\nBatterie<br \/>\nCapacit\u00e9 de la batterie: 700mAh<\/p>\n<p>&nbsp;<\/p>\n<h2><strong>Meilleure saveur pour ElfBar Combo 25000 Bouff\u00e9es<\/strong><\/h2>\n<p>&nbsp;<\/p>\n<p>1.Past\u00e8que+Fraise <span style=\"color: #ff0000\"><strong>&gt;&gt;&gt;&gt; Chaud!<\/strong><\/span><br \/>\n2.Pomme+Jus de p\u00eache<br \/>\n3.Raisin+Boisson Marie<br \/>\n4.Raisin vert+Raisin <span style=\"color: #ff0000\"><strong>&gt;&gt;&gt;&gt; Le meilleur !<\/strong><\/span><br \/>\n5.Pomme verte+Double pomme<br \/>\n6.Citron vert+Ananas<br \/>\n7.Mangue p\u00eache+Past\u00e8que <span style=\"color: #ff0000\"><strong>&gt;&gt;&gt;&gt; Chaud!<\/strong><\/span><\/p>\n<figure id=\"attachment_2663\" aria-describedby=\"caption-attachment-2663\" style=\"width: 286px\" class=\"wp-caption alignnone\"><img loading=\"lazy\" decoding=\"async\" class=\"size-medium wp-image-2663\" src=\"https:\/\/rmvapesale.com\/wp-content\/uploads\/2024\/11\/Elf-Bar-COMBO-25000-Disposable-Vape-286x300.jpg\" alt=\"Vape jetable Elf Bar COMBO 25000\" width=\"286\" height=\"300\" srcset=\"https:\/\/rmvapesale.com\/wp-content\/uploads\/2024\/11\/Elf-Bar-COMBO-25000-Disposable-Vape-286x300.jpg 286w, https:\/\/rmvapesale.com\/wp-content\/uploads\/2024\/11\/Elf-Bar-COMBO-25000-Disposable-Vape-975x1024.jpg 975w, https:\/\/rmvapesale.com\/wp-content\/uploads\/2024\/11\/Elf-Bar-COMBO-25000-Disposable-Vape-768x806.jpg 768w, https:\/\/rmvapesale.com\/wp-content\/uploads\/2024\/11\/Elf-Bar-COMBO-25000-Disposable-Vape-600x630.jpg 600w, https:\/\/rmvapesale.com\/wp-content\/uploads\/2024\/11\/Elf-Bar-COMBO-25000-Disposable-Vape.jpg 1000w\" sizes=\"auto, (max-width: 286px) 100vw, 286px\" \/><figcaption id=\"caption-attachment-2663\" class=\"wp-caption-text\">Vape jetable Elf Bar COMBO 25000<\/figcaption><\/figure>\n<h3><strong>Pourquoi choisir Rmvapesale pour Elf Bar <\/strong><strong>Vente en gros de vapes<\/strong><strong>jetables<\/strong><strong>?<\/strong><\/h3>\n<div class=\"flex-shrink-0 flex flex-col relative items-end\">\n<div class=\"pt-0\">\n<div class=\"gizmo-bot-avatar flex h-8 w-8 items-center justify-center overflow-hidden rounded-full\">\n<div class=\"relative p-1 rounded-sm flex items-center justify-center bg-token-main-surface-primary text-token-text-primary h-8 w-8\">\n<p>Bienvenue chez Rmvapesale, votre boutique de vape de confiance pour les vapes jetables premium. Avec plus de 5 ans d'expertise, nous vous proposons des marques populaires de vapes jetables telles que Al Fakher, <a href=\"https:\/\/rmvapesale.com\/fr\/product\/vapme-crystal-7000-puffs-rechargeable-disposable-vape-price\/\">Vapme<\/a>, <a href=\"https:\/\/rmvapesale.com\/fr\/product-category\/bang-vapes\/\">Bang Vape<\/a>, Waspe, <a href=\"https:\/\/rmvapesale.com\/fr\/product\/wga-crystal-pro-max-extra-15k-puffs-disposable-vape-wholesale\/\">WGA<\/a> Vape et<a href=\"https:\/\/rmvapesale.com\/fr\/product-category\/randm-fumot-vape\/\"> RandM Vape<\/a>.<\/p>\n<p>Notre gamme comprend des vapes en promotion comme le <a href=\"https:\/\/rmvapesale.com\/fr\/product\/fumot-digital-box-12000-disposable-vape-pink-lemonade-flavor\/\">RandM 12k<\/a> et des choix riches en saveurs comme le <a href=\"https:\/\/rmvapesale.com\/fr\/product\/wga-crystal-plus-20000-puff-dual-flavour-disposable-vape\/\">WGA 20K Bouff\u00e9es<\/a>Chaque produit est s\u00e9lectionn\u00e9 avec un accent sur la qualit\u00e9, la valeur et la vari\u00e9t\u00e9, vous assurant de trouver la correspondance parfaite pour vos besoins. D\u00e9couvrez un service exceptionnel et une large gamme de produits de premier plan chez Rmvapesale.<\/p>\n<\/div>\n<h3><\/h3>\n<div class=\"relative p-1 rounded-sm flex items-center justify-center bg-token-main-surface-primary text-token-text-primary h-8 w-8\">\n<h3><b>Elf Bar Vape COMBO 25000 Bouff\u00e9es FAQS<\/b><\/h3>\n<\/div>\n<h3>1. <strong>Comment puis-je savoir quand ma dosette de vape jetable ElfBar est vide?<\/strong><\/h3>\n<ul>\n<li>L' <strong>\u00e9cran d'affichage intelligent<\/strong> sur l'Elf Bar Combo 25000 fournit une indication claire de votre niveau d'e-liquide. Lorsque l'\u00e9cran indique que l'\u00e9tat de l'e-liquide est faible ou vide, ou si vous constatez une baisse notable de la saveur et de la production de vapeur, il est temps de remplacer votre appareil.<\/li>\n<\/ul>\n<h3>2. <strong>Combien de temps faut-il pour charger un ElfBar Combo 25000 Bouff\u00e9es?<\/strong><\/h3>\n<ul>\n<li>L'Elf Bar Combo 25000 est livr\u00e9 avec une <strong>batterie rechargeable de 700mAh<\/strong> et se charge rapidement via un <strong>port de charge Type-C<\/strong>. Il faut g\u00e9n\u00e9ralement environ <strong>1 \u00e0 2 heures<\/strong> pour une recharge compl\u00e8te, en fonction de la source d'alimentation.<\/li>\n<\/ul>\n<h3>3. <strong>Quelle quantit\u00e9 de nicotine y a-t-il dans une Bouff\u00e9e Elf Bar Vape Combo 25000?<\/strong><\/h3>\n<ul>\n<li>L'Elf Bar Combo 25000 contient <strong>une concentration de nicotine de 5% (50 mg)<\/strong>, ce qui procure une exp\u00e9rience forte et satisfaisante, adapt\u00e9e \u00e0 ceux qui pr\u00e9f\u00e8rent des concentrations de nicotine plus \u00e9lev\u00e9es.<\/li>\n<\/ul>\n<h3>4. <strong>O\u00f9 puis-je acheter des ElfBar Combo 25000 Bouff\u00e9es \u00e0 des prix de gros?<\/strong><\/h3>\n<ul>\n<li>Vous pouvez acheter l'Elf Bar Combo 25000 Bouff\u00e9es \u00e0 des <strong>prix de gros<\/strong> aupr\u00e8s de divers distributeurs de vape en ligne ou sp\u00e9cialis\u00e9s <strong>fournisseurs de vape en gros<\/strong>. Consultez les <strong>magasins de cigarettes \u00e9lectroniques<\/strong> et les d\u00e9taillants en ligne fiables qui proposent des <strong>achats en gros<\/strong> d'articles Elf Bar.<\/li>\n<\/ul>\n<h3>5. <strong>Puis-je emporter une cigarette \u00e9lectronique jetable dans un avion ?<\/strong><\/h3>\n<ul>\n<li>Oui, vous pouvez emporter une <strong>vapes jetables<\/strong> dans un avion, mais elle doit \u00eatre rang\u00e9e dans votre <strong>bagage \u00e0 main<\/strong>. Assurez-vous que l'appareil est \u00e9teint et stock\u00e9 en toute s\u00e9curit\u00e9, et n'oubliez pas de v\u00e9rifier les r\u00e9glementations sp\u00e9cifiques de la compagnie a\u00e9rienne ainsi que les politiques de vapotage du pays de destination.<\/li>\n<\/ul>\n<\/div>\n<\/div>\n<\/div>\n<h3>\u00c0 propos de l'exp\u00e9dition<\/h3>\n<div class=\"flex-shrink-0 flex flex-col relative items-end\">\n<div>\n<div class=\"pt-0\">\n<div class=\"gizmo-bot-avatar flex h-8 w-8 items-center justify-center overflow-hidden rounded-full\">\n<div><\/div>\n<div class=\"relative p-1 rounded-sm flex items-center justify-center bg-token-main-surface-primary text-token-text-primary h-8 w-8\"><strong>1. Quelles m\u00e9thodes d'exp\u00e9dition sont utilis\u00e9es ?<\/strong><\/div>\n<\/div>\n<\/div>\n<\/div>\n<\/div>\n<div class=\"group\/conversation-turn relative flex w-full min-w-0 flex-col agent-turn\">\n<div class=\"flex-col gap-1 md:gap-3\">\n<div class=\"flex max-w-full flex-col flex-grow\">\n<div class=\"min-h-[20px] text-message flex w-full flex-col items-end gap-2 whitespace-normal break-words [.text-message+&amp;]:mt-5 overflow-x-auto\" dir=\"auto\" data-message-author-role=\"assistant\" data-message-id=\"22f8283b-3233-46ff-89a5-c7a41b33abda\">\n<div class=\"flex w-full flex-col gap-1 empty:hidden first:pt-[3px]\">\n<div class=\"markdown prose w-full break-words dark:prose-invert light\">\n<p>Nous travaillons en partenariat avec UPS, DHL, FedEx, DPD et d'autres transporteurs de premier plan. Nous s\u00e9lectionnerons la meilleure m\u00e9thode d'exp\u00e9dition en fonction de votre lieu de livraison pour que vous receviez vos produits le plus rapidement possible.<\/p>\n<\/div>\n<p><strong>2. Combien de temps faut-il pour que cela arrive ?<\/strong><\/p>\n<p>Les colis exp\u00e9di\u00e9s en France arrivent g\u00e9n\u00e9ralement sous 10 jours ouvrables. L'exp\u00e9dition vers les pays europ\u00e9ens prend g\u00e9n\u00e9ralement environ 12 \u00e0 15 jours ouvrables. Nous vous fournirons des mises \u00e0 jour en temps r\u00e9el sur l'\u00e9tat de votre envoi.<\/p>\n<\/div>\n<\/div>\n<\/div>\n<\/div>\n<\/div>\n<p>&nbsp;<\/p>\n<p>Trouvez plus de produits de vape que vous pourriez aimer :<strong><em><a href=\"https:\/\/rmvapesale.com\/fr\/shop-2\/\">Achetez maintenant &gt;&gt;&gt;<\/a><\/em><\/strong><\/p>","protected":false},"excerpt":{"rendered":"<p>ELFBAR COMBO 25000 Pomme verte + Double pomme<br \/>\nELFBAR Vape COMBO 25000 bouff\u00e9es Prix d'usine de gros<br \/>\nElfBar Pods COMBO 25000 Achat en gros 5% Nicotine<\/p>\n<p><img loading=\"lazy\" decoding=\"async\" class=\"size-full wp-image-2375\" src=\"https:\/\/rmvapesale.com\/wp-content\/uploads\/2024\/10\/image.png\" alt=\"Meilleure vape jetable\" width=\"229\" height=\"300\" \/><\/p>\n<h3><a href=\"https:\/\/wa.me\/8617776015835\"><span style=\"color: #ff0000\"><strong>WhatsApp: +86 17776015835<\/strong><\/span><\/a><\/h3>\n<p>&nbsp;<\/p>","protected":false},"featured_media":2662,"comment_status":"open","ping_status":"closed","template":"","meta":{"_uag_custom_page_level_css":"","_lmt_disableupdate":"no","_lmt_disable":"","site-sidebar-layout":"default","site-content-layout":"content-boxed-container","ast-site-content-layout":"normal-width-container","site-content-style":"boxed","site-sidebar-style":"unboxed","ast-global-header-display":"","ast-banner-title-visibility":"","ast-main-header-display":"","ast-hfb-above-header-display":"","ast-hfb-below-header-display":"","ast-hfb-mobile-header-display":"","site-post-title":"","ast-breadcrumbs-content":"","ast-featured-img":"","footer-sml-layout":"","ast-disable-related-posts":"","theme-transparent-header-meta":"default","adv-header-id-meta":"","stick-header-meta":"","header-above-stick-meta":"","header-main-stick-meta":"","header-below-stick-meta":"","astra-migrate-meta-layouts":"set","ast-page-background-enabled":"default","ast-page-background-meta":{"desktop":{"background-color":"var(--ast-global-color-4)","background-image":"","background-repeat":"repeat","background-position":"center center","background-size":"auto","background-attachment":"scroll","background-type":"","background-media":"","overlay-type":"","overlay-color":"","overlay-opacity":"","overlay-gradient":""},"tablet":{"background-color":"","background-image":"","background-repeat":"repeat","background-position":"center center","background-size":"auto","background-attachment":"scroll","background-type":"","background-media":"","overlay-type":"","overlay-color":"","overlay-opacity":"","overlay-gradient":""},"mobile":{"background-color":"","background-image":"","background-repeat":"repeat","background-position":"center center","background-size":"auto","background-attachment":"scroll","background-type":"","background-media":"","overlay-type":"","overlay-color":"","overlay-opacity":"","overlay-gradient":""}},"ast-content-background-meta":{"desktop":{"background-color":"var(--ast-global-color-5)","background-image":"","background-repeat":"repeat","background-position":"center center","background-size":"auto","background-attachment":"scroll","background-type":"","background-media":"","overlay-type":"","overlay-color":"","overlay-opacity":"","overlay-gradient":""},"tablet":{"background-color":"var(--ast-global-color-5)","background-image":"","background-repeat":"repeat","background-position":"center center","background-size":"auto","background-attachment":"scroll","background-type":"","background-media":"","overlay-type":"","overlay-color":"","overlay-opacity":"","overlay-gradient":""},"mobile":{"background-color":"var(--ast-global-color-5)","background-image":"","background-repeat":"repeat","background-position":"center center","background-size":"auto","background-attachment":"scroll","background-type":"","background-media":"","overlay-type":"","overlay-color":"","overlay-opacity":"","overlay-gradient":""}},"_joinchat":[]},"product_brand":[],"product_cat":[15,27,25,123,30,26,28,137,136,135],"product_tag":[146,188,200,167,201,202,165,180,120],"class_list":{"0":"post-2670","1":"product","2":"type-product","3":"status-publish","4":"has-post-thumbnail","6":"product_cat-new-vape-this-week","7":"product_cat-fance-hot-sale-vape","8":"product_cat-germany-best-selling-vape","9":"product_cat-italy-wholesale-vape","10":"product_cat-minimum-order-quantity-50pcs","11":"product_cat-netherlands-hot-sale-vape","12":"product_cat-poland-hot-sale-vape","13":"product_cat-rechargeable-vapes","14":"product_cat-smart-screen-vapes","15":"product_cat-spain-best-hot-sale-vape","16":"product_tag-best-hot-sale-vape","17":"product_tag-buy-vapes-online","18":"product_tag-disposable-hookah-wholesale","19":"product_tag-disposable-vape-with-screen","20":"product_tag-elfbar","21":"product_tag-elfbar-pods","22":"product_tag-rechargeable-vapes","23":"product_tag-shisha-bar","24":"product_tag-vape-wholesale","25":"desktop-align-left","26":"tablet-align-left","27":"mobile-align-left","29":"first","30":"instock","31":"sale","32":"shipping-taxable","33":"purchasable","34":"product-type-simple"},"uagb_featured_image_src":{"full":["https:\/\/rmvapesale.com\/wp-content\/uploads\/2024\/11\/Elf-Bar-COMBO-25000-Blackurrant-Raspberry-Grape.jpg",1000,1000,false],"thumbnail":["https:\/\/rmvapesale.com\/wp-content\/uploads\/2024\/11\/Elf-Bar-COMBO-25000-Blackurrant-Raspberry-Grape-150x150.jpg",150,150,true],"medium":["https:\/\/rmvapesale.com\/wp-content\/uploads\/2024\/11\/Elf-Bar-COMBO-25000-Blackurrant-Raspberry-Grape-300x300.jpg",300,300,true],"medium_large":["https:\/\/rmvapesale.com\/wp-content\/uploads\/2024\/11\/Elf-Bar-COMBO-25000-Blackurrant-Raspberry-Grape-768x768.jpg",768,768,true],"large":["https:\/\/rmvapesale.com\/wp-content\/uploads\/2024\/11\/Elf-Bar-COMBO-25000-Blackurrant-Raspberry-Grape.jpg",1000,1000,false],"1536x1536":["https:\/\/rmvapesale.com\/wp-content\/uploads\/2024\/11\/Elf-Bar-COMBO-25000-Blackurrant-Raspberry-Grape.jpg",1000,1000,false],"2048x2048":["https:\/\/rmvapesale.com\/wp-content\/uploads\/2024\/11\/Elf-Bar-COMBO-25000-Blackurrant-Raspberry-Grape.jpg",1000,1000,false],"trp-custom-language-flag":["https:\/\/rmvapesale.com\/wp-content\/uploads\/2024\/11\/Elf-Bar-COMBO-25000-Blackurrant-Raspberry-Grape.jpg",12,12,false],"woocommerce_thumbnail":["https:\/\/rmvapesale.com\/wp-content\/uploads\/2024\/11\/Elf-Bar-COMBO-25000-Blackurrant-Raspberry-Grape-300x300.jpg",300,300,true],"woocommerce_single":["https:\/\/rmvapesale.com\/wp-content\/uploads\/2024\/11\/Elf-Bar-COMBO-25000-Blackurrant-Raspberry-Grape-600x600.jpg",600,600,true],"woocommerce_gallery_thumbnail":["https:\/\/rmvapesale.com\/wp-content\/uploads\/2024\/11\/Elf-Bar-COMBO-25000-Blackurrant-Raspberry-Grape-100x100.jpg",100,100,true],"wcpr-photo-reviews":["https:\/\/rmvapesale.com\/wp-content\/uploads\/2024\/11\/Elf-Bar-COMBO-25000-Blackurrant-Raspberry-Grape.jpg",500,500,false]},"uagb_author_info":{"display_name":"AMY","author_link":"https:\/\/rmvapesale.com\/fr\/author\/"},"uagb_comment_info":0,"uagb_excerpt":"ELFBAR COMBO 25000 Green Apple + Double Apple ELFBAR Vape COMBO 25000 puff Wholesale Factory Price ElfBar Pods COMBO 25000 Bulk Buy 5% Nicotine WhatsApp: +86 17776015835 &nbsp;","_links":{"self":[{"href":"https:\/\/rmvapesale.com\/fr\/wp-json\/wp\/v2\/product\/2670","targetHints":{"allow":["GET"]}}],"collection":[{"href":"https:\/\/rmvapesale.com\/fr\/wp-json\/wp\/v2\/product"}],"about":[{"href":"https:\/\/rmvapesale.com\/fr\/wp-json\/wp\/v2\/types\/product"}],"replies":[{"embeddable":true,"href":"https:\/\/rmvapesale.com\/fr\/wp-json\/wp\/v2\/comments?post=2670"}],"wp:featuredmedia":[{"embeddable":true,"href":"https:\/\/rmvapesale.com\/fr\/wp-json\/wp\/v2\/media\/2662"}],"wp:attachment":[{"href":"https:\/\/rmvapesale.com\/fr\/wp-json\/wp\/v2\/media?parent=2670"}],"wp:term":[{"taxonomy":"product_brand","embeddable":true,"href":"https:\/\/rmvapesale.com\/fr\/wp-json\/wp\/v2\/product_brand?post=2670"},{"taxonomy":"product_cat","embeddable":true,"href":"https:\/\/rmvapesale.com\/fr\/wp-json\/wp\/v2\/product_cat?post=2670"},{"taxonomy":"product_tag","embeddable":true,"href":"https:\/\/rmvapesale.com\/fr\/wp-json\/wp\/v2\/product_tag?post=2670"}],"curies":[{"name":"wp","href":"https:\/\/api.w.org\/{rel}","templated":true}]}}