{"id":2680,"date":"2024-11-06T09:47:09","date_gmt":"2024-11-06T09:47:09","guid":{"rendered":"https:\/\/rmvapesale.com\/?post_type=product&#038;p=2680"},"modified":"2024-11-07T08:24:43","modified_gmt":"2024-11-07T08:24:43","slug":"vopk-ultra-30000-puffs-double-flavor-digital-screen-rechargeable-disposable-vapes","status":"publish","type":"product","link":"https:\/\/rmvapesale.com\/fr\/product\/vopk-ultra-30000-puffs-double-flavor-digital-screen-rechargeable-disposable-vapes\/","title":{"rendered":"VOPK ULTRA 30000 bouff\u00e9es Double Saveur \u00c9cran Num\u00e9rique Rechargeable Cigarettes \u00c9lectroniques Jetables"},"content":{"rendered":"<div class=\"B2VR9 CJHX3e\">\n<div class=\"wyccme\">\n<h1 class=\"LC20lb MBeuO DKV0Md\">VOPK ULTRA 30000 bouff\u00e9es Double Saveur \u00c9cran Num\u00e9rique Rechargeable Cigarettes \u00c9lectroniques Jetables<\/h1>\n<div class=\"flex-shrink-0 flex flex-col relative items-end\">\n<div class=\"pt-0\">\n<div class=\"gizmo-bot-avatar flex h-8 w-8 items-center justify-center overflow-hidden rounded-full\">\n<div class=\"relative p-1 rounded-sm flex items-center justify-center bg-token-main-surface-primary text-token-text-primary h-8 w-8\">\n<p>L' <strong>VOPK ULTRA 30000 bouff\u00e9es Double Saveur \u00c9cran Num\u00e9rique Rechargeable Cigarettes \u00c9lectroniques Jetables<\/strong> est un appareil de vapotage haut de gamme con\u00e7u pour ceux qui recherchent une option performante et \u00e0 usage prolong\u00e9. Avec une capacit\u00e9 massive <strong>30 000 bouff\u00e9es<\/strong> et une substantielle <strong>capacit\u00e9 de 36 ml de e-liquide<\/strong>, cet appareil garantit une exp\u00e9rience de vapotage fluide et durable. Parfait pour les passionn\u00e9s comme pour les d\u00e9butants, ce <strong>stylo vape jetable<\/strong> est con\u00e7u pour offrir une commodit\u00e9 et un style optimaux.<\/p>\n<p>\u00c9quip\u00e9 d'un <strong>syst\u00e8me de double bobine maill\u00e9e<\/strong> pour une diffusion robuste des saveurs, le <strong>VOPK Ultra 30000<\/strong> produit des nuages \u00e9pais et satisfaisants qui am\u00e9liorent chaque bouff\u00e9e. L'\u00e9cran tactile intelligent int\u00e9gr\u00e9 <strong>avec \u00e9cran tactile<\/strong> offre aux utilisateurs un acc\u00e8s facile aux informations essentielles de l'appareil, permettant des ajustements rapides \u00e0 vos deux modes de vapotage disponibles pour une exp\u00e9rience enti\u00e8rement personnalis\u00e9e.<\/p>\n<p>La recharge est rapide et efficace gr\u00e2ce \u00e0 sa conception <strong>rechargeable Type-C<\/strong> , et avec <strong>5 % de nicotine<\/strong> de contenu, chaque bouff\u00e9e offre un coup doux et satisfaisant que les vapoteurs appr\u00e9cient. Cet appareil est \u00e9galement un excellent choix pour ceux qui cherchent \u00e0 <strong>achat en gros<\/strong> ou explorer <strong>grossiste de vape<\/strong> options, s'adressant \u00e0 tous ceux qui appr\u00e9cient la qualit\u00e9 et l'accessibilit\u00e9 de leurs appareils de vapotage.<\/p>\n<p>Que vous soyez int\u00e9ress\u00e9 par <strong>marques de vape jetable populaires<\/strong> ou une option <strong>vape jetable \u00e0 faible teneur en nicotine<\/strong> fiable, le <strong>VOPK Ultra 30000<\/strong> offre une combinaison puissante de capacit\u00e9, de saveur et de commodit\u00e9, en faisant un choix de premier ordre pour les vapoteurs de tout poil.<\/p>\n<p>&nbsp;<\/p>\n<\/div>\n<\/div>\n<\/div>\n<\/div>\n<\/div>\n<\/div>\n<p><strong>Contactez Amy pour obtenir la bonne r\u00e9ponse et un coupon de vape !<\/strong><\/p>\n<p><img loading=\"lazy\" decoding=\"async\" class=\"size-full wp-image-1978\" src=\"https:\/\/rmvapesale.com\/wp-content\/uploads\/2024\/09\/Disposable-Vape-Wholesale.jpg\" alt=\"Vente en gros de vapes jetables\" width=\"229\" height=\"300\" \/><\/p>\n<h3><a href=\"https:\/\/wa.me\/8617776015835\" target=\"_blank\" rel=\"noopener\"><span style=\"color: #ff0000\"><strong>WhatsApp: +86 17776015835<\/strong><\/span><\/a><\/h3>\n<p>&nbsp;<\/p>\n<h2><\/h2>\n<h2><strong>Vapes jetables rechargeables VOPK ULTRA 30000 avec \u00e9cran num\u00e9rique <\/strong><strong>Caract\u00e9ristiques principales<\/strong><\/h2>\n<p>Marque : Vopk<br \/>\nNom du mod\u00e8le : Vopk Ultra 30000<br \/>\n30 000 bouff\u00e9es pour une utilisation prolong\u00e9e<br \/>\nCapacit\u00e9 de 36 ml de e-liquide pour moins de recharges et un plaisir plus durable<br \/>\nDouble bobine maill\u00e9e pour une saveur intense et d'\u00e9pais nuages<br \/>\nAffichage intelligent avec \u00e9cran tactile pour un acc\u00e8s facile aux param\u00e8tres de l'appareil<br \/>\nDeux modes pour personnaliser votre exp\u00e9rience de vapotage<br \/>\nRechargeable de Type-C pour une charge rapide et efficace<br \/>\n5% de nicotine pour un hit satisfaisant \u00e0 chaque bouff\u00e9e<\/p>\n<p>&nbsp;<\/p>\n<h2><strong>Meilleure saveur pour les vapes jetables rechargeables VOPK ULTRA 30000 avec \u00e9cran num\u00e9rique<\/strong><\/h2>\n<p>1.Fraise Past\u00e8que + Kiwi Fruit de la passion Goyave <span style=\"color: #ff0000\"><strong>&gt;&gt;&gt;&gt; Chaud!<\/strong><\/span><br \/>\n2.Myrtille Framboise + P\u00eache Mangue Past\u00e8que<br \/>\n3.Ours Gummy Framboise Bleue + Fraise Kiwi <span style=\"color: #ff0000\"><strong>&gt;&gt;&gt;&gt; Chaud!<\/strong><\/span><br \/>\n4.Cerise Framboise Bleue + Fraise Framboise<br \/>\n5.Citron P\u00e9tillant<br \/>\n6.Past\u00e8que Glac\u00e9e + Framboise Bleue Glac\u00e9e <span style=\"color: #ff0000\"><strong>&gt;&gt;&gt;&gt; Le meilleur !<\/strong><\/span><br \/>\n7.Ananas Framboise Bleue + Triple Mangue<br \/>\n8.Explosion de Baies de Raisin + Poire Pomme Framboise<br \/>\n9.Fraise Canneberge Cerise + Ananas Passion Citron Vert<br \/>\n10.Myrtille Fraise Menthol + Myrtille Framboise Menthol<\/p>\n<p>&nbsp;<\/p>\n<figure id=\"attachment_2687\" aria-describedby=\"caption-attachment-2687\" style=\"width: 1000px\" class=\"wp-caption alignnone\"><img loading=\"lazy\" decoding=\"async\" class=\"wp-image-2687 size-full\" src=\"https:\/\/rmvapesale.com\/wp-content\/uploads\/2024\/11\/VOPK-ULTRA-30000-Puffs-Digital-ScreenRechargeable-Disposable-Vapes.jpg\" alt=\"VOPK ULTRA 30000 Puffs Cigarettes \u00c9lectroniques Jetables Rechargeables \u00e0 \u00c9cran Num\u00e9rique\" width=\"1000\" height=\"1000\" srcset=\"https:\/\/rmvapesale.com\/wp-content\/uploads\/2024\/11\/VOPK-ULTRA-30000-Puffs-Digital-ScreenRechargeable-Disposable-Vapes.jpg 1000w, https:\/\/rmvapesale.com\/wp-content\/uploads\/2024\/11\/VOPK-ULTRA-30000-Puffs-Digital-ScreenRechargeable-Disposable-Vapes-300x300.jpg 300w, https:\/\/rmvapesale.com\/wp-content\/uploads\/2024\/11\/VOPK-ULTRA-30000-Puffs-Digital-ScreenRechargeable-Disposable-Vapes-150x150.jpg 150w, https:\/\/rmvapesale.com\/wp-content\/uploads\/2024\/11\/VOPK-ULTRA-30000-Puffs-Digital-ScreenRechargeable-Disposable-Vapes-768x768.jpg 768w, https:\/\/rmvapesale.com\/wp-content\/uploads\/2024\/11\/VOPK-ULTRA-30000-Puffs-Digital-ScreenRechargeable-Disposable-Vapes-600x600.jpg 600w, https:\/\/rmvapesale.com\/wp-content\/uploads\/2024\/11\/VOPK-ULTRA-30000-Puffs-Digital-ScreenRechargeable-Disposable-Vapes-100x100.jpg 100w\" sizes=\"auto, (max-width: 1000px) 100vw, 1000px\" \/><figcaption id=\"caption-attachment-2687\" class=\"wp-caption-text\">VOPK ULTRA 30000 Puffs Cigarettes \u00c9lectroniques Jetables Rechargeables \u00e0 \u00c9cran Num\u00e9rique<\/figcaption><\/figure>\n<h3><strong>Pourquoi Choisir Rmvapesale pour VOPK <\/strong><strong>Vente en gros de vapes<\/strong><strong>jetables<\/strong><strong>?<\/strong><\/h3>\n<div class=\"flex-shrink-0 flex flex-col relative items-end\">\n<div class=\"pt-0\">\n<div class=\"gizmo-bot-avatar flex h-8 w-8 items-center justify-center overflow-hidden rounded-full\">\n<div class=\"relative p-1 rounded-sm flex items-center justify-center bg-token-main-surface-primary text-token-text-primary h-8 w-8\">\n<p>Bienvenue chez Rmvapesale, votre boutique de vape de confiance pour les vapes jetables premium. Avec plus de 5 ans d'expertise, nous vous proposons des marques populaires de vapes jetables telles que Al Fakher, <a href=\"https:\/\/rmvapesale.com\/fr\/product\/vapme-crystal-7000-puffs-rechargeable-disposable-vape-price\/\">Vapme<\/a>, <a href=\"https:\/\/rmvapesale.com\/fr\/product-category\/bang-vapes\/\">Bang Vape<\/a>, Waspe, <a href=\"https:\/\/rmvapesale.com\/fr\/product\/wga-crystal-pro-max-extra-15k-puffs-disposable-vape-wholesale\/\">WGA<\/a> Vape et<a href=\"https:\/\/rmvapesale.com\/fr\/product-category\/randm-fumot-vape\/\"> RandM Vape<\/a>.<\/p>\n<p>Notre gamme comprend des vapes en promotion comme le <a href=\"https:\/\/rmvapesale.com\/fr\/product\/fumot-digital-box-12000-disposable-vape-pink-lemonade-flavor\/\">RandM 12k<\/a> et des choix riches en saveurs comme le <a href=\"https:\/\/rmvapesale.com\/fr\/product\/elfbar-combo-25000-puffs-rechargeable-disposable-vape-wholesale\/\">ELFBAR Combo 25000 Bouff\u00e9es<\/a>Chaque produit est s\u00e9lectionn\u00e9 avec un accent sur la qualit\u00e9, la valeur et la vari\u00e9t\u00e9, vous assurant de trouver la correspondance parfaite pour vos besoins. D\u00e9couvrez un service exceptionnel et une large gamme de produits de premier plan chez Rmvapesale.<\/p>\n<\/div>\n<h3><\/h3>\n<div class=\"relative p-1 rounded-sm flex items-center justify-center bg-token-main-surface-primary text-token-text-primary h-8 w-8\">\n<h3><b>VOPK 30000 \u00c9cran Num\u00e9rique Cigarettes \u00c9lectroniques Jetables Rechargeables FAQ<\/b><\/h3>\n<\/div>\n<p><strong>Q : Comment puis-je savoir quand ma cigarette \u00e9lectronique jetable rechargeable VOPK ULTRA 30000 Digital Screen est vide ?<\/strong><br \/>\nLa VOPK ULTRA 30000 dispose d'un \u00e9cran num\u00e9rique intelligent qui affiche le niveau de l'e-liquide, ce qui permet de voir facilement quand votre cigarette \u00e9lectronique est sur le point d'\u00eatre vide. Lorsque l'affichage de l'e-liquide indique qu'il est presque vide ou que vous remarquez une diminution de la vapeur et de la qualit\u00e9 de la saveur, il est temps de remplacer l'appareil.<\/p>\n<p><strong>Q : Combien de temps faut-il pour charger une VOPK ULTRA 30000 Puffs Vape ?<\/strong><br \/>\nLa VOPK ULTRA 30000 est con\u00e7ue avec une charge rapide de type C, ce qui lui permet de se recharger compl\u00e8tement en environ 1 \u00e0 1,5 heure.<\/p>\n<p><strong>Q : Quelle est la teneur en nicotine d'une cigarette \u00e9lectronique jetable VOPK ULTRA 30000 Puffs ?<\/strong><br \/>\nCette cigarette \u00e9lectronique contient une concentration de nicotine de 5% (50 mg), offrant une sensation douce et satisfaisante \u00e0 chaque bouff\u00e9e.<\/p>\n<p><strong>Q : O\u00f9 puis-je acheter des cigarettes \u00e9lectroniques jetables rechargeables VOPK ULTRA 30000 Puffs \u00e0 un prix de gros ?<\/strong><br \/>\nPour les achats en gros et les prix de gros, de nombreux fournisseurs de cigarettes \u00e9lectroniques proposent la VOPK ULTRA 30000. Vous pouvez consulter les boutiques de cigarettes \u00e9lectroniques en gros en ligne ou contacter des <strong>distributeurs de cigarettes \u00e9lectroniques en gros<\/strong> pour obtenir les meilleurs prix.<\/p>\n<p><strong>Puis-je apporter une cigarette \u00e9lectronique jetable rechargeable dans un avion ?<\/strong><br \/>\nOui, vous pouvez apporter des cigarettes \u00e9lectroniques jetables rechargeables comme la VOPK ULTRA 30000 dans un avion, mais elle doit \u00eatre emball\u00e9e dans votre bagage \u00e0 main, car les batteries au lithium ne sont g\u00e9n\u00e9ralement pas autoris\u00e9es dans les bagages enregistr\u00e9s. Assurez-vous de v\u00e9rifier les politiques sp\u00e9cifiques des compagnies a\u00e9riennes, car elles peuvent varier.<\/p>\n<p><strong>Q : Combien de bouff\u00e9es la cigarette \u00e9lectronique jetable rechargeable VOPK 30000 Digital Screen offre-t-elle ?<\/strong><br \/>\nLa VOPK 30000 offre une capacit\u00e9 de longue dur\u00e9e allant jusqu'\u00e0 <strong>30 000 bouff\u00e9es<\/strong>.<\/p>\n<p><strong>Q : Combien de temps faut-il pour charger compl\u00e8tement la cigarette \u00e9lectronique VOPK 30000 ?<\/strong><br \/>\nGr\u00e2ce \u00e0 sa charge de type C, la VOPK 30000 atteint g\u00e9n\u00e9ralement une charge compl\u00e8te en <strong>1 \u00e0 1,5 heure<\/strong>.<\/p>\n<\/div>\n<\/div>\n<\/div>\n<h3>\u00c0 propos de l'exp\u00e9dition<\/h3>\n<div class=\"flex-shrink-0 flex flex-col relative items-end\">\n<div>\n<div class=\"pt-0\">\n<div class=\"gizmo-bot-avatar flex h-8 w-8 items-center justify-center overflow-hidden rounded-full\">\n<div><\/div>\n<div class=\"relative p-1 rounded-sm flex items-center justify-center bg-token-main-surface-primary text-token-text-primary h-8 w-8\"><strong>1. Quelles m\u00e9thodes d'exp\u00e9dition sont utilis\u00e9es ?<\/strong><\/div>\n<\/div>\n<\/div>\n<\/div>\n<\/div>\n<div class=\"group\/conversation-turn relative flex w-full min-w-0 flex-col agent-turn\">\n<div class=\"flex-col gap-1 md:gap-3\">\n<div class=\"flex max-w-full flex-col flex-grow\">\n<div class=\"min-h-[20px] text-message flex w-full flex-col items-end gap-2 whitespace-normal break-words [.text-message+&amp;]:mt-5 overflow-x-auto\" dir=\"auto\" data-message-author-role=\"assistant\" data-message-id=\"22f8283b-3233-46ff-89a5-c7a41b33abda\">\n<div class=\"flex w-full flex-col gap-1 empty:hidden first:pt-[3px]\">\n<div class=\"markdown prose w-full break-words dark:prose-invert light\">\n<p>Nous travaillons en partenariat avec UPS, DHL, FedEx, DPD et d'autres transporteurs de premier plan. Nous s\u00e9lectionnerons la meilleure m\u00e9thode d'exp\u00e9dition en fonction de votre lieu de livraison pour que vous receviez vos produits le plus rapidement possible.<\/p>\n<\/div>\n<p><strong>2. Combien de temps faut-il pour que cela arrive ?<\/strong><\/p>\n<p>Les colis exp\u00e9di\u00e9s en France arrivent g\u00e9n\u00e9ralement sous 10 jours ouvrables. L'exp\u00e9dition vers les pays europ\u00e9ens prend g\u00e9n\u00e9ralement environ 12 \u00e0 15 jours ouvrables. Nous vous fournirons des mises \u00e0 jour en temps r\u00e9el sur l'\u00e9tat de votre envoi.<\/p>\n<\/div>\n<\/div>\n<\/div>\n<\/div>\n<\/div>\n<p>&nbsp;<\/p>\n<p>Trouvez plus de produits de vape que vous pourriez aimer :<strong><em><a href=\"https:\/\/rmvapesale.com\/fr\/shop-2\/\">Achetez maintenant &gt;&gt;&gt;<\/a><\/em><\/strong><\/p>","protected":false},"excerpt":{"rendered":"<p>VOPK ULTRA 30000 Bouff\u00e9es Double Saveur \u00c9cran Num\u00e9rique Vapes Jetables Faible Teneur en Nicotine<br \/>\nVOPK 30000 Bouff\u00e9es Achat en Gros Vapes Jetables Rechargeables Pod<br \/>\nVOPK ULTRA 30000 Bouff\u00e9es Double Saveur Vapes Jetables Stylo<\/p>\n<p><img loading=\"lazy\" decoding=\"async\" class=\"size-full wp-image-2375\" src=\"https:\/\/rmvapesale.com\/wp-content\/uploads\/2024\/10\/image.png\" alt=\"Meilleure vape jetable\" width=\"229\" height=\"300\" \/><\/p>\n<h3><a href=\"https:\/\/wa.me\/8617776015835\"><span style=\"color: #ff0000\"><strong>WhatsApp: +86 17776015835<\/strong><\/span><\/a><\/h3>\n<p>&nbsp;<\/p>","protected":false},"featured_media":2682,"comment_status":"open","ping_status":"closed","template":"","meta":{"_uag_custom_page_level_css":"","_lmt_disableupdate":"no","_lmt_disable":"","site-sidebar-layout":"default","site-content-layout":"content-boxed-container","ast-site-content-layout":"normal-width-container","site-content-style":"boxed","site-sidebar-style":"unboxed","ast-global-header-display":"","ast-banner-title-visibility":"","ast-main-header-display":"","ast-hfb-above-header-display":"","ast-hfb-below-header-display":"","ast-hfb-mobile-header-display":"","site-post-title":"","ast-breadcrumbs-content":"","ast-featured-img":"","footer-sml-layout":"","ast-disable-related-posts":"","theme-transparent-header-meta":"default","adv-header-id-meta":"","stick-header-meta":"","header-above-stick-meta":"","header-main-stick-meta":"","header-below-stick-meta":"","astra-migrate-meta-layouts":"set","ast-page-background-enabled":"default","ast-page-background-meta":{"desktop":{"background-color":"var(--ast-global-color-4)","background-image":"","background-repeat":"repeat","background-position":"center center","background-size":"auto","background-attachment":"scroll","background-type":"","background-media":"","overlay-type":"","overlay-color":"","overlay-opacity":"","overlay-gradient":""},"tablet":{"background-color":"","background-image":"","background-repeat":"repeat","background-position":"center center","background-size":"auto","background-attachment":"scroll","background-type":"","background-media":"","overlay-type":"","overlay-color":"","overlay-opacity":"","overlay-gradient":""},"mobile":{"background-color":"","background-image":"","background-repeat":"repeat","background-position":"center center","background-size":"auto","background-attachment":"scroll","background-type":"","background-media":"","overlay-type":"","overlay-color":"","overlay-opacity":"","overlay-gradient":""}},"ast-content-background-meta":{"desktop":{"background-color":"var(--ast-global-color-5)","background-image":"","background-repeat":"repeat","background-position":"center center","background-size":"auto","background-attachment":"scroll","background-type":"","background-media":"","overlay-type":"","overlay-color":"","overlay-opacity":"","overlay-gradient":""},"tablet":{"background-color":"var(--ast-global-color-5)","background-image":"","background-repeat":"repeat","background-position":"center center","background-size":"auto","background-attachment":"scroll","background-type":"","background-media":"","overlay-type":"","overlay-color":"","overlay-opacity":"","overlay-gradient":""},"mobile":{"background-color":"var(--ast-global-color-5)","background-image":"","background-repeat":"repeat","background-position":"center center","background-size":"auto","background-attachment":"scroll","background-type":"","background-media":"","overlay-type":"","overlay-color":"","overlay-opacity":"","overlay-gradient":""}},"_joinchat":[]},"product_brand":[],"product_cat":[15,27,25,123,30,26,28,137,136,135],"product_tag":[146,188,200,167,127,180,120],"class_list":{"0":"post-2680","1":"product","2":"type-product","3":"status-publish","4":"has-post-thumbnail","6":"product_cat-new-vape-this-week","7":"product_cat-fance-hot-sale-vape","8":"product_cat-germany-best-selling-vape","9":"product_cat-italy-wholesale-vape","10":"product_cat-minimum-order-quantity-50pcs","11":"product_cat-netherlands-hot-sale-vape","12":"product_cat-poland-hot-sale-vape","13":"product_cat-rechargeable-vapes","14":"product_cat-smart-screen-vapes","15":"product_cat-spain-best-hot-sale-vape","16":"product_tag-best-hot-sale-vape","17":"product_tag-buy-vapes-online","18":"product_tag-disposable-hookah-wholesale","19":"product_tag-disposable-vape-with-screen","20":"product_tag-puff-30k","21":"product_tag-shisha-bar","22":"product_tag-vape-wholesale","23":"desktop-align-left","24":"tablet-align-left","25":"mobile-align-left","27":"first","28":"instock","29":"sale","30":"shipping-taxable","31":"purchasable","32":"product-type-simple"},"uagb_featured_image_src":{"full":["https:\/\/rmvapesale.com\/wp-content\/uploads\/2024\/11\/VOPK-ULTRA-30000-Double-Flavor-Digital-Disposable-Vapes-Pen-Wholesale.jpg",800,800,false],"thumbnail":["https:\/\/rmvapesale.com\/wp-content\/uploads\/2024\/11\/VOPK-ULTRA-30000-Double-Flavor-Digital-Disposable-Vapes-Pen-Wholesale-150x150.jpg",150,150,true],"medium":["https:\/\/rmvapesale.com\/wp-content\/uploads\/2024\/11\/VOPK-ULTRA-30000-Double-Flavor-Digital-Disposable-Vapes-Pen-Wholesale-300x300.jpg",300,300,true],"medium_large":["https:\/\/rmvapesale.com\/wp-content\/uploads\/2024\/11\/VOPK-ULTRA-30000-Double-Flavor-Digital-Disposable-Vapes-Pen-Wholesale-768x768.jpg",768,768,true],"large":["https:\/\/rmvapesale.com\/wp-content\/uploads\/2024\/11\/VOPK-ULTRA-30000-Double-Flavor-Digital-Disposable-Vapes-Pen-Wholesale.jpg",800,800,false],"1536x1536":["https:\/\/rmvapesale.com\/wp-content\/uploads\/2024\/11\/VOPK-ULTRA-30000-Double-Flavor-Digital-Disposable-Vapes-Pen-Wholesale.jpg",800,800,false],"2048x2048":["https:\/\/rmvapesale.com\/wp-content\/uploads\/2024\/11\/VOPK-ULTRA-30000-Double-Flavor-Digital-Disposable-Vapes-Pen-Wholesale.jpg",800,800,false],"trp-custom-language-flag":["https:\/\/rmvapesale.com\/wp-content\/uploads\/2024\/11\/VOPK-ULTRA-30000-Double-Flavor-Digital-Disposable-Vapes-Pen-Wholesale.jpg",12,12,false],"woocommerce_thumbnail":["https:\/\/rmvapesale.com\/wp-content\/uploads\/2024\/11\/VOPK-ULTRA-30000-Double-Flavor-Digital-Disposable-Vapes-Pen-Wholesale-300x300.jpg",300,300,true],"woocommerce_single":["https:\/\/rmvapesale.com\/wp-content\/uploads\/2024\/11\/VOPK-ULTRA-30000-Double-Flavor-Digital-Disposable-Vapes-Pen-Wholesale-600x600.jpg",600,600,true],"woocommerce_gallery_thumbnail":["https:\/\/rmvapesale.com\/wp-content\/uploads\/2024\/11\/VOPK-ULTRA-30000-Double-Flavor-Digital-Disposable-Vapes-Pen-Wholesale-100x100.jpg",100,100,true],"wcpr-photo-reviews":["https:\/\/rmvapesale.com\/wp-content\/uploads\/2024\/11\/VOPK-ULTRA-30000-Double-Flavor-Digital-Disposable-Vapes-Pen-Wholesale.jpg",500,500,false]},"uagb_author_info":{"display_name":"AMY","author_link":"https:\/\/rmvapesale.com\/fr\/author\/"},"uagb_comment_info":0,"uagb_excerpt":"VOPK ULTRA 30000 Puffs Double Flavor Digital Screen Low Nicotine Disposable Vapes VOPK 30000 Puffs Bulk Buy Wholesale Rechargeable Disposable Vapes Pod VOPK ULTRA 30000 Puffs Double Flavor Disposable Vapes Pen WhatsApp: +86 17776015835 &nbsp;","_links":{"self":[{"href":"https:\/\/rmvapesale.com\/fr\/wp-json\/wp\/v2\/product\/2680","targetHints":{"allow":["GET"]}}],"collection":[{"href":"https:\/\/rmvapesale.com\/fr\/wp-json\/wp\/v2\/product"}],"about":[{"href":"https:\/\/rmvapesale.com\/fr\/wp-json\/wp\/v2\/types\/product"}],"replies":[{"embeddable":true,"href":"https:\/\/rmvapesale.com\/fr\/wp-json\/wp\/v2\/comments?post=2680"}],"wp:featuredmedia":[{"embeddable":true,"href":"https:\/\/rmvapesale.com\/fr\/wp-json\/wp\/v2\/media\/2682"}],"wp:attachment":[{"href":"https:\/\/rmvapesale.com\/fr\/wp-json\/wp\/v2\/media?parent=2680"}],"wp:term":[{"taxonomy":"product_brand","embeddable":true,"href":"https:\/\/rmvapesale.com\/fr\/wp-json\/wp\/v2\/product_brand?post=2680"},{"taxonomy":"product_cat","embeddable":true,"href":"https:\/\/rmvapesale.com\/fr\/wp-json\/wp\/v2\/product_cat?post=2680"},{"taxonomy":"product_tag","embeddable":true,"href":"https:\/\/rmvapesale.com\/fr\/wp-json\/wp\/v2\/product_tag?post=2680"}],"curies":[{"name":"wp","href":"https:\/\/api.w.org\/{rel}","templated":true}]}}