{"id":2737,"date":"2024-11-15T06:58:13","date_gmt":"2024-11-15T06:58:13","guid":{"rendered":"https:\/\/rmvapesale.com\/?post_type=product&#038;p=2737"},"modified":"2024-11-15T07:19:53","modified_gmt":"2024-11-15T07:19:53","slug":"randm-vape-fumot-12000-digital-box-strawberry-watermelon-flavor-low-nicotine-disposable-vape","status":"publish","type":"product","link":"https:\/\/rmvapesale.com\/fr\/product\/randm-vape-fumot-12000-digital-box-strawberry-watermelon-flavor-low-nicotine-disposable-vape\/","title":{"rendered":"RandM Vape Fumot 12k Digital Box Saveur Fraise Past\u00e8que Vape Jetable \u00e0 Faible Teneur en Nicotine"},"content":{"rendered":"<div class=\"B2VR9 CJHX3e\">\n<div class=\"wyccme\">\n<h1 class=\"LC20lb MBeuO DKV0Md\">RandM Vape Fumot 12000 Bo\u00eete Num\u00e9rique Saveur Fraise Past\u00e8que Vape Jetable Faible Nicotine<\/h1>\n<div class=\"flex-shrink-0 flex flex-col relative items-end\">\n<div class=\"pt-0\">\n<div class=\"gizmo-bot-avatar flex h-8 w-8 items-center justify-center overflow-hidden rounded-full\">\n<div class=\"relative p-1 rounded-sm flex items-center justify-center bg-token-main-surface-primary text-token-text-primary h-8 w-8\">\n<p>&nbsp;<\/p>\n<p>La bo\u00eete num\u00e9rique RandM Vape Fumot 12000 en saveur fraise past\u00e8que est le choix parfait pour ceux qui appr\u00e9cient une exp\u00e9rience de vapotage douce et fruit\u00e9e avec une option \u00e0 faible nicotine. Cet appareil jetable offre une impressionnante capacit\u00e9 de 12 000 bouff\u00e9es, ce qui en fait l\u2019un des choix les plus durables sur le march\u00e9. Chaque bouff\u00e9e d\u00e9livre une explosion rafra\u00eechissante de fraise sucr\u00e9e \u00e9quilibr\u00e9e par une past\u00e8que juteuse, vous offrant un profil de saveur satisfaisant qui vous donne envie de revenir. Con\u00e7u avec un r\u00e9servoir de e-liquide de 20 ml \u00e0 haute capacit\u00e9, ce vapoteur garantit une saveur abondante pour durer toute la vie de 12 000 bouff\u00e9es sans besoin de recharges.<\/p>\n<p>\u00c9quip\u00e9 d\u2019un affichage num\u00e9rique pratique, la bo\u00eete num\u00e9rique Fumot 12000 montre \u00e0 la fois le niveau de la batterie et du e-liquide en un coup d\u2019\u0153il, vous tenant inform\u00e9 et \u00e9liminant toute approximation. Sa batterie rechargeable de 850mAh, avec charge Type-C, assure une recharge rapide et efficace pour continuer \u00e0 vapoter sans interruption. Avec des niveaux de nicotine faibles, ce vapoteur est id\u00e9al pour les utilisateurs recherchant une exp\u00e9rience de nicotine plus douce tout en profitant d\u2019une saveur riche et d\u2019une vapeur satisfaisante. Compact et facile \u00e0 utiliser, le Fumot 12000 est con\u00e7u pour offrir une exp\u00e9rience de vapotage haut de gamme sans tracas.<\/p>\n<\/div>\n<\/div>\n<\/div>\n<\/div>\n<\/div>\n<\/div>\n<p><strong>Contactez Amy pour obtenir la bonne r\u00e9ponse et un coupon de vape !<\/strong><\/p>\n<p><img loading=\"lazy\" decoding=\"async\" class=\"size-full wp-image-1978\" src=\"https:\/\/rmvapesale.com\/wp-content\/uploads\/2024\/09\/Disposable-Vape-Wholesale.jpg\" alt=\"Vente en gros de vapes jetables\" width=\"229\" height=\"300\" \/><\/p>\n<h3><a href=\"https:\/\/wa.me\/8617776015835\" target=\"_blank\" rel=\"noopener\"><span style=\"color: #ff0000\"><strong>WhatsApp: +86 17776015835<\/strong><\/span><\/a><\/h3>\n<p>&nbsp;<\/p>\n<h2><\/h2>\n<h2><strong>Caract\u00e9ristiques principales du Randm 12000 Bouff\u00e9es<\/strong><\/h2>\n<ul>\n<li>Jusqu\u2019\u00e0 12 000 bouff\u00e9es pour une utilisation prolong\u00e9e<\/li>\n<li>Option \u00e0 faible nicotine pour une exp\u00e9rience plus douce<\/li>\n<li>Capacit\u00e9 de 20 ml de e-liquide avec affichage num\u00e9rique<\/li>\n<li>Batterie rechargeable de 850 mAh avec chargement Type-C<\/li>\n<li>Saveur rafra\u00eechissante fraise past\u00e8que<\/li>\n<\/ul>\n<p>&nbsp;<\/p>\n<h2><strong>Meilleures saveurs pour Fumot 12000 Puffs<\/strong><\/h2>\n<p>1 Menthe Fra\u00eeche <span style=\"color: #ff0000\"><strong>&gt;&gt;&gt;&gt; Chaud!<\/strong><\/span><br \/>\n2 Past\u00e8que Glac\u00e9e<br \/>\n3 Raisin Glac\u00e9<br \/>\n4 Myrtille Framboise <span style=\"color: #ff0000\"><strong>&gt;&gt;&gt;&gt; Chaud!<\/strong><\/span><br \/>\n5 Fraise Past\u00e8que<br \/>\n6 Fraise Banane<br \/>\n7 Lush Glac\u00e9<br \/>\n8 Cerise<br \/>\n9 Fraise Glac\u00e9e<br \/>\n10 Glace \u00e0 l'eau<br \/>\n11 Limonade Rose <span style=\"color: #ff0000\"><strong>&gt;&gt;&gt;&gt; Chaud!<\/strong><\/span><br \/>\n12 Mangue Glac\u00e9e<br \/>\n13 Baies m\u00e9lang\u00e9es<br \/>\n14 Beignet \u00e0 la fraise<br \/>\n15 Fraise raisin<br \/>\n16 Cerise cola<br \/>\n17 Dr. bleu<br \/>\n18 Myrtille glac\u00e9e <span style=\"color: #ff0000\"><strong>&gt;&gt;&gt;&gt; Chaud!<\/strong><\/span><br \/>\n19 Kiwi fruit de la passion goyave<br \/>\n20 Fraise kiwi<br \/>\n21 P\u00eache mangue<br \/>\n22 P\u00eache glac\u00e9e<br \/>\n23 Pomme rouge glac\u00e9e<br \/>\n24 Myrtille bubblegum <span style=\"color: #ff0000\"><strong>&gt;&gt;&gt;&gt; Le meilleur !<\/strong><\/span><br \/>\n25 Limonade aux baies<br \/>\n26 Limonade framboise bleue<br \/>\n27 Framboise bleue acidul\u00e9e<br \/>\n28 Fraise Red bull<br \/>\n29 Explosion de baies de pomme<br \/>\n30 Bubblegum \u00e0 la past\u00e8que<br \/>\n31 Framboise past\u00e8que<br \/>\n32 Glace noire<br \/>\n33 Myrtille cerise canneberge<br \/>\n34 Fraise grenade<br \/>\n35 Vimto<br \/>\n36 Baie de cerise<br \/>\n37 Citron<br \/>\n38 Bingo Crush<br \/>\n39 Myrtille kiwi<br \/>\n40 Pomme cannelle<\/p>\n<h3><\/h3>\n<h3><strong>Pourquoi choisir Rmvapesale pour la bo\u00eete num\u00e9rique RandM 12000 <\/strong><strong>V<\/strong><strong>jetables<\/strong><strong>?<\/strong><\/h3>\n<div class=\"flex-shrink-0 flex flex-col relative items-end\">\n<div class=\"pt-0\">\n<div class=\"gizmo-bot-avatar flex h-8 w-8 items-center justify-center overflow-hidden rounded-full\">\n<div class=\"relative p-1 rounded-sm flex items-center justify-center bg-token-main-surface-primary text-token-text-primary h-8 w-8\">\n<p>Bienvenue chez Rmvapesale, votre boutique de vape de confiance pour les vapes jetables premium. Avec plus de 5 ans d'expertise, nous vous proposons des marques populaires de vapes jetables telles que Al Fakher, <a href=\"https:\/\/rmvapesale.com\/fr\/product\/vapme-crystal-7000-puffs-rechargeable-disposable-vape-price\/\">Vapme<\/a>, <a href=\"https:\/\/rmvapesale.com\/fr\/product-category\/bang-vapes\/\">Bang Vape<\/a>, Waspe, <a href=\"https:\/\/rmvapesale.com\/fr\/product\/wga-crystal-pro-max-extra-15k-puffs-disposable-vape-wholesale\/\">WGA<\/a> Vape et<a href=\"https:\/\/rmvapesale.com\/fr\/product-category\/randm-fumot-vape\/\"> RandM Vape<\/a>.<\/p>\n<p>Notre gamme comprend des vapes en promotion comme le <a href=\"https:\/\/rmvapesale.com\/fr\/product\/fumot-digital-box-12000-disposable-vape-pink-lemonade-flavor\/\">RandM 12000 Puffs<\/a> et des choix riches en saveurs comme le <a href=\"https:\/\/rmvapesale.com\/fr\/product\/wga-crystal-pro-max-extra-15k-puffs-disposable-vape-wholesale\/\">WGA 15K<\/a>Chaque produit est s\u00e9lectionn\u00e9 avec un accent sur la qualit\u00e9, la valeur et la vari\u00e9t\u00e9, vous assurant de trouver la correspondance parfaite pour vos besoins. D\u00e9couvrez un service exceptionnel et une large gamme de produits de premier plan chez Rmvapesale.<\/p>\n<\/div>\n<h3><\/h3>\n<div class=\"relative p-1 rounded-sm flex items-center justify-center bg-token-main-surface-primary text-token-text-primary h-8 w-8\">\n<h3><b>FAQ sur le vapoteur jetable rechargeable RandM 12000 Bouff\u00e9es<\/b><\/h3>\n<div class=\"group\/conversation-turn relative flex w-full min-w-0 flex-col agent-turn\">\n<div class=\"flex-col gap-1 md:gap-3\">\n<div class=\"flex max-w-full flex-col flex-grow\">\n<div class=\"min-h-8 text-message flex w-full flex-col items-end gap-2 whitespace-normal break-words [.text-message+&amp;]:mt-5\" dir=\"auto\" data-message-author-role=\"assistant\" data-message-id=\"00c9b302-bc9c-4550-94ba-5a295efa2be3\" data-message-model-slug=\"gpt-4o\">\n<div class=\"flex w-full flex-col gap-1 empty:hidden first:pt-[3px]\">\n<div class=\"markdown prose w-full break-words dark:prose-invert light\">\n<div class=\"flex-shrink-0 flex flex-col relative items-end\">\n<div>\n<div class=\"pt-0\">\n<div class=\"gizmo-bot-avatar flex h-8 w-8 items-center justify-center overflow-hidden rounded-full\">\n<div class=\"relative p-1 rounded-sm flex items-center justify-center bg-token-main-surface-primary text-token-text-primary h-8 w-8\"><\/div>\n<\/div>\n<\/div>\n<\/div>\n<\/div>\n<div class=\"group\/conversation-turn relative flex w-full min-w-0 flex-col agent-turn\">\n<div class=\"flex-col gap-1 md:gap-3\">\n<div class=\"flex max-w-full flex-col flex-grow\">\n<div class=\"min-h-8 text-message flex w-full flex-col items-end gap-2 whitespace-normal break-words [.text-message+&amp;]:mt-5\" dir=\"auto\" data-message-author-role=\"assistant\" data-message-id=\"a3dc01bd-23b0-4fd7-bb9a-7827522cefd8\" data-message-model-slug=\"gpt-4o\">\n<div class=\"flex w-full flex-col gap-1 empty:hidden first:pt-[3px]\">\n<div class=\"markdown prose w-full break-words dark:prose-invert light\">\n<ol>\n<li><strong>Combien de bouff\u00e9es le Fumot 12000 Vape fournit-il ?<\/strong><br \/>\nLe Fumot 12000 Bo\u00eete Num\u00e9rique offre jusqu\u2019\u00e0 12 000 bouff\u00e9es, pour une exp\u00e9rience de vapotage prolong\u00e9e.<\/li>\n<li><strong>Quelles sont les saveurs populaires pour le vapoteur jetable RandM 12000 Bo\u00eete Num\u00e9rique ?<\/strong><br \/>\nLes saveurs populaires pour le vapoteur jetable RandM 12000 Bo\u00eete Num\u00e9rique incluent Fraise Past\u00e8que, Blue Razz, Grape Ice et Cool Mint, reconnues pour leurs profils rafra\u00eechissants et doux.<\/li>\n<li><strong>Comment savoir quand mon Fumot Vape 12000 rechargeable est vide ?<\/strong><br \/>\nLe Fumot 12000 Bo\u00eete Num\u00e9rique comporte un affichage num\u00e9rique indiquant le niveau de e-liquide. Lorsque l\u2019indicateur de e-liquide montre qu\u2019il est faible ou vide, il est temps de remplacer l\u2019appareil.<\/li>\n<li><strong>Quelle est la quantit\u00e9 de nicotine dans un Fumot Digital Box 12000 Bouff\u00e9es Vape Jetable ?<\/strong><br \/>\nLe Fumot Digital Box 12000 Bouff\u00e9es Vape Jetable est disponible en diff\u00e9rentes concentrations de nicotine, g\u00e9n\u00e9ralement comprenant des options telles que 0%, 2%, 3% et 5% de nicotine.<\/li>\n<li><strong>Combien de temps faut-il pour charger compl\u00e8tement la cigarette \u00e9lectronique Fumot 12000 en bo\u00eete ?<\/strong><br \/>\nLa cigarette \u00e9lectronique Fumot 12000 Digital Box dispose d'une batterie de 850mAh et se charge compl\u00e8tement en environ 1,5 \u00e0 2 heures via un port de charge Type-C.<\/li>\n<li><strong>O\u00f9 acheter en gros les cigarettes \u00e9lectroniques Fumot RandM Digital Box 12000 bouff\u00e9es ?<\/strong><br \/>\nPour des prix de gros sur les cigarettes \u00e9lectroniques Fumot RandM Digital Box 12000 bouff\u00e9es, visitez <strong>Rmvapesale, boutique de vape en ligne<\/strong> pour des options d'achat en gros comp\u00e9titives.<\/li>\n<li><strong>Puis-je emporter une cigarette \u00e9lectronique jetable dans un avion ?<\/strong><br \/>\nOui, vous pouvez emporter une cigarette \u00e9lectronique jetable en avion, mais elle doit \u00eatre plac\u00e9e dans votre bagage \u00e0 main, car les batteries au lithium ne sont pas autoris\u00e9es en bagage en soute. V\u00e9rifiez toujours les r\u00e9glementations de la compagnie a\u00e9rienne et locales avant de voyager.<\/li>\n<\/ol>\n<\/div>\n<\/div>\n<\/div>\n<\/div>\n<\/div>\n<\/div>\n<\/div>\n<\/div>\n<\/div>\n<\/div>\n<\/div>\n<\/div>\n<\/div>\n<div class=\"mb-2 flex gap-3 empty:hidden -ml-2\"><\/div>\n<p>&nbsp;<\/p>\n<\/div>\n<\/div>\n<\/div>\n<h3>\u00c0 propos de l'exp\u00e9dition<\/h3>\n<div class=\"flex-shrink-0 flex flex-col relative items-end\">\n<div>\n<div class=\"pt-0\">\n<div class=\"gizmo-bot-avatar flex h-8 w-8 items-center justify-center overflow-hidden rounded-full\">\n<div><\/div>\n<div class=\"relative p-1 rounded-sm flex items-center justify-center bg-token-main-surface-primary text-token-text-primary h-8 w-8\"><strong>1. Quelles m\u00e9thodes d'exp\u00e9dition sont utilis\u00e9es ?<\/strong><\/div>\n<\/div>\n<\/div>\n<\/div>\n<\/div>\n<div class=\"group\/conversation-turn relative flex w-full min-w-0 flex-col agent-turn\">\n<div class=\"flex-col gap-1 md:gap-3\">\n<div class=\"flex max-w-full flex-col flex-grow\">\n<div class=\"min-h-[20px] text-message flex w-full flex-col items-end gap-2 whitespace-normal break-words [.text-message+&amp;]:mt-5 overflow-x-auto\" dir=\"auto\" data-message-author-role=\"assistant\" data-message-id=\"22f8283b-3233-46ff-89a5-c7a41b33abda\">\n<div class=\"flex w-full flex-col gap-1 empty:hidden first:pt-[3px]\">\n<div class=\"markdown prose w-full break-words dark:prose-invert light\">\n<p>Nous travaillons en partenariat avec UPS, DHL, FedEx, DPD et d'autres transporteurs de premier plan. Nous s\u00e9lectionnerons la meilleure m\u00e9thode d'exp\u00e9dition en fonction de votre lieu de livraison pour que vous receviez vos produits le plus rapidement possible.<\/p>\n<\/div>\n<p><strong>2. Combien de temps faut-il pour que cela arrive ?<\/strong><\/p>\n<p>Les colis exp\u00e9di\u00e9s en France arrivent g\u00e9n\u00e9ralement sous 10 jours ouvrables. L'exp\u00e9dition vers les pays europ\u00e9ens prend g\u00e9n\u00e9ralement environ 12 \u00e0 15 jours ouvrables. Nous vous fournirons des mises \u00e0 jour en temps r\u00e9el sur l'\u00e9tat de votre envoi.<\/p>\n<\/div>\n<\/div>\n<\/div>\n<\/div>\n<\/div>\n<p>&nbsp;<\/p>\n<p>Trouvez plus de produits de vape que vous pourriez aimer :<strong><em><a href=\"https:\/\/rmvapesale.com\/fr\/shop-2\/\">Achetez maintenant &gt;&gt;&gt;<\/a><\/em><\/strong><\/p>","protected":false},"excerpt":{"rendered":"<p>Cigarette \u00c9lectronique Jetable Fumot Digital Box 12000<br \/>\nRandM Vape Fumot Bo\u00eete Num\u00e9rique 12000 Bouff\u00e9es Achat en Gros<br \/>\nFumot 12000 Vape Jetable Tous Parfums en Stock Vente en Gros<\/p>\n<p><img loading=\"lazy\" decoding=\"async\" class=\"size-full wp-image-2375\" src=\"https:\/\/rmvapesale.com\/wp-content\/uploads\/2024\/10\/image.png\" alt=\"Meilleure vape jetable\" width=\"229\" height=\"300\" \/><\/p>\n<h3><a href=\"https:\/\/wa.me\/8617776015835\"><span style=\"color: #ff0000\"><strong>WhatsApp: +86 17776015835<\/strong><\/span><\/a><\/h3>\n<p>&nbsp;<\/p>","protected":false},"featured_media":2731,"comment_status":"open","ping_status":"closed","template":"","meta":{"_uag_custom_page_level_css":"","_lmt_disableupdate":"no","_lmt_disable":"","site-sidebar-layout":"default","site-content-layout":"content-boxed-container","ast-site-content-layout":"normal-width-container","site-content-style":"boxed","site-sidebar-style":"unboxed","ast-global-header-display":"","ast-banner-title-visibility":"","ast-main-header-display":"","ast-hfb-above-header-display":"","ast-hfb-below-header-display":"","ast-hfb-mobile-header-display":"","site-post-title":"","ast-breadcrumbs-content":"","ast-featured-img":"","footer-sml-layout":"","theme-transparent-header-meta":"default","adv-header-id-meta":"","stick-header-meta":"","header-above-stick-meta":"","header-main-stick-meta":"","header-below-stick-meta":"","astra-migrate-meta-layouts":"set","ast-page-background-enabled":"default","ast-page-background-meta":{"desktop":{"background-color":"var(--ast-global-color-4)","background-image":"","background-repeat":"repeat","background-position":"center center","background-size":"auto","background-attachment":"scroll","background-type":"","background-media":"","overlay-type":"","overlay-color":"","overlay-opacity":"","overlay-gradient":""},"tablet":{"background-color":"","background-image":"","background-repeat":"repeat","background-position":"center center","background-size":"auto","background-attachment":"scroll","background-type":"","background-media":"","overlay-type":"","overlay-color":"","overlay-opacity":"","overlay-gradient":""},"mobile":{"background-color":"","background-image":"","background-repeat":"repeat","background-position":"center center","background-size":"auto","background-attachment":"scroll","background-type":"","background-media":"","overlay-type":"","overlay-color":"","overlay-opacity":"","overlay-gradient":""}},"ast-content-background-meta":{"desktop":{"background-color":"var(--ast-global-color-5)","background-image":"","background-repeat":"repeat","background-position":"center center","background-size":"auto","background-attachment":"scroll","background-type":"","background-media":"","overlay-type":"","overlay-color":"","overlay-opacity":"","overlay-gradient":""},"tablet":{"background-color":"var(--ast-global-color-5)","background-image":"","background-repeat":"repeat","background-position":"center center","background-size":"auto","background-attachment":"scroll","background-type":"","background-media":"","overlay-type":"","overlay-color":"","overlay-opacity":"","overlay-gradient":""},"mobile":{"background-color":"var(--ast-global-color-5)","background-image":"","background-repeat":"repeat","background-position":"center center","background-size":"auto","background-attachment":"scroll","background-type":"","background-media":"","overlay-type":"","overlay-color":"","overlay-opacity":"","overlay-gradient":""}},"_joinchat":[]},"product_brand":[],"product_cat":[15,51,25,123,26,28,135,27,31,137,136,30],"product_tag":[212,214,39,213,38],"class_list":{"0":"post-2737","1":"product","2":"type-product","3":"status-publish","4":"has-post-thumbnail","6":"product_cat-new-vape-this-week","7":"product_cat-fumot-vape","8":"product_cat-germany-best-selling-vape","9":"product_cat-italy-wholesale-vape","10":"product_cat-netherlands-hot-sale-vape","11":"product_cat-poland-hot-sale-vape","12":"product_cat-spain-best-hot-sale-vape","13":"product_cat-fance-hot-sale-vape","14":"product_cat-randm-fumot-vape","15":"product_cat-rechargeable-vapes","16":"product_cat-smart-screen-vapes","17":"product_cat-minimum-order-quantity-50pcs","18":"product_tag-fumot-12000","19":"product_tag-fumot-12k","20":"product_tag-fumot-vape","21":"product_tag-randm-12000","22":"product_tag-randm-vape","23":"desktop-align-left","24":"tablet-align-left","25":"mobile-align-left","27":"first","28":"instock","29":"sale","30":"shipping-taxable","31":"purchasable","32":"product-type-simple"},"uagb_featured_image_src":{"full":["https:\/\/rmvapesale.com\/wp-content\/uploads\/2024\/11\/RandM-12000-Disposable-Vape-Bulk-Buy.jpg",800,800,false],"thumbnail":["https:\/\/rmvapesale.com\/wp-content\/uploads\/2024\/11\/RandM-12000-Disposable-Vape-Bulk-Buy-150x150.jpg",150,150,true],"medium":["https:\/\/rmvapesale.com\/wp-content\/uploads\/2024\/11\/RandM-12000-Disposable-Vape-Bulk-Buy-300x300.jpg",300,300,true],"medium_large":["https:\/\/rmvapesale.com\/wp-content\/uploads\/2024\/11\/RandM-12000-Disposable-Vape-Bulk-Buy-768x768.jpg",768,768,true],"large":["https:\/\/rmvapesale.com\/wp-content\/uploads\/2024\/11\/RandM-12000-Disposable-Vape-Bulk-Buy.jpg",800,800,false],"1536x1536":["https:\/\/rmvapesale.com\/wp-content\/uploads\/2024\/11\/RandM-12000-Disposable-Vape-Bulk-Buy.jpg",800,800,false],"2048x2048":["https:\/\/rmvapesale.com\/wp-content\/uploads\/2024\/11\/RandM-12000-Disposable-Vape-Bulk-Buy.jpg",800,800,false],"trp-custom-language-flag":["https:\/\/rmvapesale.com\/wp-content\/uploads\/2024\/11\/RandM-12000-Disposable-Vape-Bulk-Buy.jpg",12,12,false],"woocommerce_thumbnail":["https:\/\/rmvapesale.com\/wp-content\/uploads\/2024\/11\/RandM-12000-Disposable-Vape-Bulk-Buy-300x300.jpg",300,300,true],"woocommerce_single":["https:\/\/rmvapesale.com\/wp-content\/uploads\/2024\/11\/RandM-12000-Disposable-Vape-Bulk-Buy-600x600.jpg",600,600,true],"woocommerce_gallery_thumbnail":["https:\/\/rmvapesale.com\/wp-content\/uploads\/2024\/11\/RandM-12000-Disposable-Vape-Bulk-Buy-100x100.jpg",100,100,true],"wcpr-photo-reviews":["https:\/\/rmvapesale.com\/wp-content\/uploads\/2024\/11\/RandM-12000-Disposable-Vape-Bulk-Buy.jpg",500,500,false]},"uagb_author_info":{"display_name":"AMY","author_link":"https:\/\/rmvapesale.com\/fr\/author\/"},"uagb_comment_info":0,"uagb_excerpt":"Fumot Digital Box 12000 Disposable Vape RandM Vape Fumot Digital Box 12000 Puff Bulk Buy Fumot 12000 Disposable Vape All Flavor in Stock Wholesale WhatsApp: +86 17776015835 &nbsp;","_links":{"self":[{"href":"https:\/\/rmvapesale.com\/fr\/wp-json\/wp\/v2\/product\/2737","targetHints":{"allow":["GET"]}}],"collection":[{"href":"https:\/\/rmvapesale.com\/fr\/wp-json\/wp\/v2\/product"}],"about":[{"href":"https:\/\/rmvapesale.com\/fr\/wp-json\/wp\/v2\/types\/product"}],"replies":[{"embeddable":true,"href":"https:\/\/rmvapesale.com\/fr\/wp-json\/wp\/v2\/comments?post=2737"}],"wp:featuredmedia":[{"embeddable":true,"href":"https:\/\/rmvapesale.com\/fr\/wp-json\/wp\/v2\/media\/2731"}],"wp:attachment":[{"href":"https:\/\/rmvapesale.com\/fr\/wp-json\/wp\/v2\/media?parent=2737"}],"wp:term":[{"taxonomy":"product_brand","embeddable":true,"href":"https:\/\/rmvapesale.com\/fr\/wp-json\/wp\/v2\/product_brand?post=2737"},{"taxonomy":"product_cat","embeddable":true,"href":"https:\/\/rmvapesale.com\/fr\/wp-json\/wp\/v2\/product_cat?post=2737"},{"taxonomy":"product_tag","embeddable":true,"href":"https:\/\/rmvapesale.com\/fr\/wp-json\/wp\/v2\/product_tag?post=2737"}],"curies":[{"name":"wp","href":"https:\/\/api.w.org\/{rel}","templated":true}]}}