{"id":2761,"date":"2024-11-20T07:54:06","date_gmt":"2024-11-20T07:54:06","guid":{"rendered":"https:\/\/rmvapesale.com\/?post_type=product&#038;p=2761"},"modified":"2024-11-20T08:51:16","modified_gmt":"2024-11-20T08:51:16","slug":"waspe-vape-40000-puffs-double-flavor-led-screen-disposable-vape-wholesale-price","status":"publish","type":"product","link":"https:\/\/rmvapesale.com\/fr\/product\/waspe-vape-40000-puffs-double-flavor-led-screen-disposable-vape-wholesale-price\/","title":{"rendered":"WASPE Vape 40000 Puffs Double Saveur \u00c9cran LED Vape Jetable Prix de Gros"},"content":{"rendered":"<div class=\"B2VR9 CJHX3e\">\n<div class=\"wyccme\">\n<h1 class=\"LC20lb MBeuO DKV0Md\">WASPE Vape 40000 Puffs Double Saveur \u00c9cran LED Vape Jetable Prix de Gros<\/h1>\n<div class=\"flex-shrink-0 flex flex-col relative items-end\">\n<div class=\"pt-0\">\n<div class=\"gizmo-bot-avatar flex h-8 w-8 items-center justify-center overflow-hidden rounded-full\">\n<div class=\"relative p-1 rounded-sm flex items-center justify-center bg-token-main-surface-primary text-token-text-primary h-8 w-8\">\n<p>L' <strong>WASPE Vape 40000 Bouff\u00e9es Vape Jetable Double Saveur<\/strong>, un appareil de pointe con\u00e7u pour les vapoteurs recherchant une performance durable, la commodit\u00e9 et des exp\u00e9riences de saveur vibrantes. Cette vape innovante combine <strong>technologie \u00e0 double saveur<\/strong> avec une batterie rechargeable puissante, garantissant que chaque bouff\u00e9e soit satisfaisante et fluide. Cet appareil se distingue par sa <strong>technologie \u00e0 double saveur<\/strong> et de <strong>capacit\u00e9 de 40 000 bouff\u00e9es<\/strong>, en faisant un choix de premier ordre pour ceux qui souhaitent allier commodit\u00e9 et exp\u00e9rience de vapotage exceptionnelle. Son <strong>design portable et sans entretien<\/strong> est parfait pour une utilisation quotidienne, tandis que l'\u00e9cran LED intelligent vous permet de garder le contr\u00f4le de votre appareil en permanence.<\/p>\n<\/div>\n<p>L' <strong>WASPE Vape Vape Jetable<\/strong> est id\u00e9al pour ceux qui \u00e9voluent dans le <strong>march\u00e9 de gros de vapotage<\/strong>. Avec ses <strong>caract\u00e9ristiques innovantes<\/strong>, son design durable et sa grande capacit\u00e9 de bouff\u00e9es, ce produit est un incontournable pour votre inventaire. Sa <strong>prix de gros<\/strong> popularit\u00e9 et sa <strong>marques de vapes jetables<\/strong> cat\u00e9gorie en font une option remarquable. \u00c9levez votre exp\u00e9rience de vapotage avec la <strong>WASPE 40K Vape Double Saveur<\/strong>\u2014 o\u00f9 la technologie avanc\u00e9e rencontre des saveurs audacieuses et satisfaisantes. Parfait pour un usage personnel ou en achat en gros !<\/p>\n<\/div>\n<\/div>\n<\/div>\n<\/div>\n<\/div>\n<p><strong>Contactez Amy pour obtenir la bonne r\u00e9ponse et un coupon de vape !<\/strong><\/p>\n<p><img loading=\"lazy\" decoding=\"async\" class=\"size-full wp-image-1978\" src=\"https:\/\/rmvapesale.com\/wp-content\/uploads\/2024\/09\/Disposable-Vape-Wholesale.jpg\" alt=\"Vente en gros de vapes jetables\" width=\"229\" height=\"300\" \/><\/p>\n<h3><a href=\"https:\/\/wa.me\/8617776015835\" target=\"_blank\" rel=\"noopener\"><span style=\"color: #ff0000\"><strong>WhatsApp: +86 17776015835<\/strong><\/span><\/a><\/h3>\n<p>&nbsp;<\/p>\n<h2><\/h2>\n<h2><strong>WASPE Vape 40000 Bouff\u00e9es Caract\u00e9ristiques principales<\/strong><\/h2>\n<ul>\n<li><strong>Capacit\u00e9 de Bouff\u00e9e In\u00e9gal\u00e9e<\/strong>: Avec une capacit\u00e9 incroyable <strong>40 000 bouff\u00e9es<\/strong>, cet appareil offre une long\u00e9vit\u00e9 sans pr\u00e9c\u00e9dent, \u00e9liminant le souci de remplacements fr\u00e9quents.<\/li>\n<li><strong>Volume g\u00e9n\u00e9reux de E-liquide<\/strong>: Pr\u00e9-rempli avec <strong>36mL d'e-liquide de qualit\u00e9 sup\u00e9rieure<\/strong>, offrant une session de vapotage prolong\u00e9e avec moins d'interruptions.<\/li>\n<li><strong>Batterie rechargeable de 850 mAh<\/strong>: \u00c9quip\u00e9 d'une <strong>port de charge rapide Type-C<\/strong>, la batterie assure des recharges rapides et une puissance constante, en faisant le <strong>vape rechargeable<\/strong> id\u00e9al pour les vapoteurs en d\u00e9placement.<\/li>\n<li><strong>Bobines Double Mesh<\/strong>: La technologie avanc\u00e9e des bobines am\u00e9liore la restitution des saveurs et cr\u00e9e des nuages denses et lisses, parfaits pour les amateurs de saveurs.<\/li>\n<li><strong>Options de nicotine<\/strong>: Disponible en <strong>Niveaux de nicotine 0%, 2% ou 5%<\/strong>, r\u00e9pondant \u00e0 des pr\u00e9f\u00e9rences diverses pour une exp\u00e9rience personnalis\u00e9e.<\/li>\n<li><strong>Innovation Double Saveur<\/strong>: Profitez <strong>de deux saveurs distinctes<\/strong> dans un seul appareil, comme <em>Fraise Banane<\/em> associ\u00e9 \u00e0 <em>Ananas Coco Glac\u00e9<\/em>, pour une exp\u00e9rience de vapotage rafra\u00eechissante et unique.<\/li>\n<li><strong>Affichage \u00e0 \u00e9cran LED<\/strong>: Restez inform\u00e9 gr\u00e2ce \u00e0 l'\u00e9cran <strong>\u00e9cran LED intelligent<\/strong>, fournissant des donn\u00e9es en temps r\u00e9el sur le nombre de bouff\u00e9es, la dur\u00e9e de vie de la batterie et la saveur active.<\/li>\n<li>&nbsp;\n<p><figure id=\"attachment_2757\" aria-describedby=\"caption-attachment-2757\" style=\"width: 800px\" class=\"wp-caption alignnone\"><img loading=\"lazy\" decoding=\"async\" class=\"wp-image-2757 size-full\" src=\"https:\/\/rmvapesale.com\/wp-content\/uploads\/2024\/11\/Waspe-40000-Puffs-Dispsoable-Vape-Wholesale.jpg\" alt=\"Waspe 40000 Bouff\u00e9es Vape Jetable Vente en Gros\" width=\"800\" height=\"800\" srcset=\"https:\/\/rmvapesale.com\/wp-content\/uploads\/2024\/11\/Waspe-40000-Puffs-Dispsoable-Vape-Wholesale.jpg 800w, https:\/\/rmvapesale.com\/wp-content\/uploads\/2024\/11\/Waspe-40000-Puffs-Dispsoable-Vape-Wholesale-300x300.jpg 300w, https:\/\/rmvapesale.com\/wp-content\/uploads\/2024\/11\/Waspe-40000-Puffs-Dispsoable-Vape-Wholesale-150x150.jpg 150w, https:\/\/rmvapesale.com\/wp-content\/uploads\/2024\/11\/Waspe-40000-Puffs-Dispsoable-Vape-Wholesale-768x768.jpg 768w, https:\/\/rmvapesale.com\/wp-content\/uploads\/2024\/11\/Waspe-40000-Puffs-Dispsoable-Vape-Wholesale-600x600.jpg 600w, https:\/\/rmvapesale.com\/wp-content\/uploads\/2024\/11\/Waspe-40000-Puffs-Dispsoable-Vape-Wholesale-100x100.jpg 100w\" sizes=\"auto, (max-width: 800px) 100vw, 800px\" \/><figcaption id=\"caption-attachment-2757\" class=\"wp-caption-text\">Waspe 40000 Bouff\u00e9es Vape Jetable Vente en Gros<\/figcaption><\/figure><\/li>\n<\/ul>\n<h2><strong>Meilleure Saveur pour la Vape WASPE 40k Bouff\u00e9es<\/strong><\/h2>\n<p>1 past\u00e8que glac\u00e9e \/ Citron vert <span style=\"color: #ff0000\"><strong>&gt;&gt;&gt;&gt; Chaud!<\/strong><\/span><br \/>\n2 cerise p\u00e9tillante Glace \/ coton de sucre bleuets<br \/>\n3 fraise Past\u00e8que \/ framboise Myrtille <span style=\"color: #ff0000\"><strong>&gt;&gt;&gt;&gt; Chaud!<\/strong><\/span><br \/>\n4 Red Bull Glace \/ Fraise mangue<br \/>\n5 p\u00eache Glace \/ ananas mangue p\u00eache<br \/>\n6 raisin Glace \/ Fraise kiwi<br \/>\n7 baies m\u00e9lang\u00e9es \/ double pomme glace<br \/>\n8 citronnade Razz bleu \/ chewing-gum past\u00e8que<br \/>\n9 fraise Framboise cerise \/ amour 666<br \/>\n10 Fraise banane \/ ananas noix de coco glace<br \/>\n11 fraise past\u00e8que chewing-gum \/ fruits m\u00e9lang\u00e9s<br \/>\n12 cola cerise glace \/ bonbon fraise framboise <span style=\"color: #ff0000\"><strong>&gt;&gt;&gt;&gt; Le meilleur !<\/strong><\/span><br \/>\n13 pomme acide framboise \/ big bang fraise<br \/>\n14 p\u00eache Baie \/ past\u00e8que mangue p\u00eache<br \/>\n15 myrtille Glace \/ dragon noir glace<br \/>\n16 fraise cerise \/ kiwi fruit de la passion goyave<\/p>\n<p>&nbsp;<\/p>\n<h3><strong>Pourquoi choisir Rmvapesale pour Waspe 40000 Bouff\u00e9es <\/strong><strong>V<\/strong><strong>jetables<\/strong><strong>?<\/strong><\/h3>\n<div class=\"flex-shrink-0 flex flex-col relative items-end\">\n<div class=\"pt-0\">\n<div class=\"gizmo-bot-avatar flex h-8 w-8 items-center justify-center overflow-hidden rounded-full\">\n<div class=\"relative p-1 rounded-sm flex items-center justify-center bg-token-main-surface-primary text-token-text-primary h-8 w-8\">\n<p>Bienvenue chez Rmvapesale, votre boutique de vape de confiance pour les vapes jetables premium. Avec plus de 5 ans d'expertise, nous vous proposons des marques populaires de vapes jetables telles que Al Fakher, <a href=\"https:\/\/rmvapesale.com\/fr\/product\/vapme-crystal-7000-puffs-rechargeable-disposable-vape-price\/\">Vapme<\/a>, <a href=\"https:\/\/rmvapesale.com\/fr\/product-category\/bang-vapes\/\">Bang Vape<\/a>, Waspe, <a href=\"https:\/\/rmvapesale.com\/fr\/product\/wga-crystal-pro-max-extra-15k-puffs-disposable-vape-wholesale\/\">WGA<\/a> Vape et<a href=\"https:\/\/rmvapesale.com\/fr\/product-category\/randm-fumot-vape\/\"> RandM Vape<\/a>.<\/p>\n<p>Notre gamme comprend des vapes en promotion comme le <a href=\"https:\/\/rmvapesale.com\/fr\/product\/fumot-randm-12000-strawberry-kiwi-flavor-disposable-vape-wholesale-netherlands\/\">RandM 12000 Puffs<\/a> et des choix riches en saveurs comme le <a href=\"https:\/\/rmvapesale.com\/fr\/product\/wga-crystal-pro-max-extra-15k-puffs-disposable-vape-wholesale\/\">WGA 15K<\/a>Chaque produit est s\u00e9lectionn\u00e9 avec un accent sur la qualit\u00e9, la valeur et la vari\u00e9t\u00e9, vous assurant de trouver la correspondance parfaite pour vos besoins. D\u00e9couvrez un service exceptionnel et une large gamme de produits de premier plan chez Rmvapesale.<\/p>\n<\/div>\n<h3><\/h3>\n<div class=\"relative p-1 rounded-sm flex items-center justify-center bg-token-main-surface-primary text-token-text-primary h-8 w-8\">\n<h3><b>FAQ sur la cigarette \u00e9lectronique jetable rechargeable Waspe 40000 Bouff\u00e9es<\/b><\/h3>\n<div class=\"group\/conversation-turn relative flex w-full min-w-0 flex-col agent-turn\">\n<div class=\"flex-col gap-1 md:gap-3\">\n<div class=\"flex max-w-full flex-col flex-grow\">\n<div class=\"min-h-8 text-message flex w-full flex-col items-end gap-2 whitespace-normal break-words [.text-message+&amp;]:mt-5\" dir=\"auto\" data-message-author-role=\"assistant\" data-message-id=\"00c9b302-bc9c-4550-94ba-5a295efa2be3\" data-message-model-slug=\"gpt-4o\">\n<div class=\"flex w-full flex-col gap-1 empty:hidden first:pt-[3px]\">\n<div class=\"markdown prose w-full break-words dark:prose-invert light\">\n<div class=\"flex-shrink-0 flex flex-col relative items-end\">\n<div>\n<div class=\"pt-0\">\n<div class=\"gizmo-bot-avatar flex h-8 w-8 items-center justify-center overflow-hidden rounded-full\">\n<div class=\"relative p-1 rounded-sm flex items-center justify-center bg-token-main-surface-primary text-token-text-primary h-8 w-8\">\n<div class=\"flex-shrink-0 flex flex-col relative items-end\">\n<div>\n<div class=\"pt-0\">\n<div class=\"gizmo-bot-avatar flex h-8 w-8 items-center justify-center overflow-hidden rounded-full\">\n<div class=\"relative p-1 rounded-sm flex items-center justify-center bg-token-main-surface-primary text-token-text-primary h-8 w-8\">\n<p><strong>Q : Quelles sont les saveurs populaires pour la cigarette \u00e9lectronique jetable Waspe 40000 Bouff\u00e9es ?<\/strong><br \/>\nR : Le <strong>Vape Waspe 40000 Bouff\u00e9es<\/strong> offre des combinaisons de saveurs doubles telles que <em>Fraise Banane<\/em> et de <em>Ananas Coco Glac\u00e9<\/em>, en faisant un choix privil\u00e9gi\u00e9 pour ceux recherchant des exp\u00e9riences de saveurs rafra\u00eechissantes et uniques.<\/p>\n<p><strong>Q : Comment savoir quand ma Vape intelligente Waspe 40000 est vide ?<\/strong><br \/>\nR : Le <strong>Affichage \u00e0 \u00e9cran LED<\/strong> sur la Waspe 40000 Smart Vape, le niveau de e-liquide s'affiche. Lorsqu'il indique que le e-liquide est vide, il est temps de remplacer l'appareil.<\/p>\n<p><strong>Q : Combien de temps faut-il pour charger une vape rechargeable Waspe 40000 ?<\/strong><br \/>\nR : La Waspe 40000 utilise un <strong>port de charge rapide Type-C<\/strong>, ce qui lui permet de se recharger compl\u00e8tement en environ <strong>45-60 minutes<\/strong>.<\/p>\n<p><strong>Q : Quelle est la quantit\u00e9 de nicotine dans une vape jetable Waspe 40000 ?<\/strong><br \/>\nR : La Waspe 40000 est disponible en <strong>Niveaux de nicotine 0%, 2% ou 5%<\/strong> (\u00e9quivalent \u00e0 50 mg pour l'option 5%), r\u00e9pondant \u00e0 diff\u00e9rentes pr\u00e9f\u00e9rences.<\/p>\n<p><strong>Q : O\u00f9 puis-je acheter des vapes Puff Waspe 40000 \u00e0 prix de gros ?<\/strong><br \/>\nR : Le <strong>La vape jetable Waspe 40000 Puffs<\/strong> est disponible via <strong>grossiste de vape<\/strong> des distributeurs et des d\u00e9taillants en ligne sp\u00e9cialis\u00e9s dans <strong>achat en gros<\/strong> et de <strong>marques de vape jetable populaires<\/strong>.<\/p>\n<p><strong>Q : Combien de bouff\u00e9es la Vape Waspe 40000 fournit-elle ?<\/strong><br \/>\nR : La Vape Waspe offre une impressionnante <strong>40 000 bouff\u00e9es<\/strong>, offrant une satisfaction prolong\u00e9e et une commodit\u00e9 accrue.<\/p>\n<p><strong>Q : Combien de temps faut-il pour charger compl\u00e8tement la Vape Jetable Waspe 40000 ?<\/strong><br \/>\nR : La charge compl\u00e8te de la Waspe 40000 prend environ <strong>45-60 minutes<\/strong>, gr\u00e2ce \u00e0 son efficacit\u00e9 <strong>Syst\u00e8me de charge Type-C<\/strong>.<\/p>\n<\/div>\n<\/div>\n<\/div>\n<\/div>\n<\/div>\n<\/div>\n<\/div>\n<\/div>\n<\/div>\n<\/div>\n<div class=\"group\/conversation-turn relative flex w-full min-w-0 flex-col agent-turn\">\n<div class=\"flex-col gap-1 md:gap-3\">\n<div class=\"flex max-w-full flex-col flex-grow\">\n<div class=\"min-h-8 text-message flex w-full flex-col items-end gap-2 whitespace-normal break-words [.text-message+&amp;]:mt-5\" dir=\"auto\" data-message-author-role=\"assistant\" data-message-id=\"a3dc01bd-23b0-4fd7-bb9a-7827522cefd8\" data-message-model-slug=\"gpt-4o\">\n<div class=\"flex w-full flex-col gap-1 empty:hidden first:pt-[3px]\"><\/div>\n<\/div>\n<\/div>\n<\/div>\n<\/div>\n<\/div>\n<\/div>\n<\/div>\n<\/div>\n<\/div>\n<\/div>\n<\/div>\n<\/div>\n<\/div>\n<\/div>\n<h3>\u00c0 propos de l'exp\u00e9dition<\/h3>\n<div class=\"flex-shrink-0 flex flex-col relative items-end\">\n<div>\n<div class=\"pt-0\">\n<div class=\"gizmo-bot-avatar flex h-8 w-8 items-center justify-center overflow-hidden rounded-full\">\n<div><\/div>\n<div class=\"relative p-1 rounded-sm flex items-center justify-center bg-token-main-surface-primary text-token-text-primary h-8 w-8\"><strong>1. Quelles m\u00e9thodes d'exp\u00e9dition sont utilis\u00e9es ?<\/strong><\/div>\n<\/div>\n<\/div>\n<\/div>\n<\/div>\n<div class=\"group\/conversation-turn relative flex w-full min-w-0 flex-col agent-turn\">\n<div class=\"flex-col gap-1 md:gap-3\">\n<div class=\"flex max-w-full flex-col flex-grow\">\n<div class=\"min-h-[20px] text-message flex w-full flex-col items-end gap-2 whitespace-normal break-words [.text-message+&amp;]:mt-5 overflow-x-auto\" dir=\"auto\" data-message-author-role=\"assistant\" data-message-id=\"22f8283b-3233-46ff-89a5-c7a41b33abda\">\n<div class=\"flex w-full flex-col gap-1 empty:hidden first:pt-[3px]\">\n<div class=\"markdown prose w-full break-words dark:prose-invert light\">\n<p>Nous travaillons en partenariat avec UPS, DHL, FedEx, DPD et d'autres transporteurs de premier plan. Nous s\u00e9lectionnerons la meilleure m\u00e9thode d'exp\u00e9dition en fonction de votre lieu de livraison pour que vous receviez vos produits le plus rapidement possible.<\/p>\n<\/div>\n<p><strong>2. Combien de temps faut-il pour que cela arrive ?<\/strong><\/p>\n<p>Les colis exp\u00e9di\u00e9s en France arrivent g\u00e9n\u00e9ralement sous 10 jours ouvrables. L'exp\u00e9dition vers les pays europ\u00e9ens prend g\u00e9n\u00e9ralement environ 12 \u00e0 15 jours ouvrables. Nous vous fournirons des mises \u00e0 jour en temps r\u00e9el sur l'\u00e9tat de votre envoi.<\/p>\n<\/div>\n<\/div>\n<\/div>\n<\/div>\n<\/div>\n<p>&nbsp;<\/p>\n<p>Trouvez plus de produits de vape que vous pourriez aimer :<strong><em><a href=\"https:\/\/rmvapesale.com\/fr\/shop-2\/\">Achetez maintenant &gt;&gt;&gt;<\/a><\/em><\/strong><\/p>","protected":false},"excerpt":{"rendered":"<p>L'appareil WASPE Vape 40000 Bouff\u00e9es se distingue par sa technologie \u00e0 double saveur et sa capacit\u00e9 de 40 000 bouff\u00e9es, en faisant un choix privil\u00e9gi\u00e9 pour ceux qui souhaitent allier commodit\u00e9 et exp\u00e9rience de vapotage exceptionnelle.<\/p>\n<p><img loading=\"lazy\" decoding=\"async\" class=\"size-full wp-image-2375\" src=\"https:\/\/rmvapesale.com\/wp-content\/uploads\/2024\/10\/image.png\" alt=\"Meilleure vape jetable\" width=\"229\" height=\"300\" \/><\/p>\n<h3><a href=\"https:\/\/wa.me\/8617776015835\"><span style=\"color: #ff0000\"><strong>WhatsApp: +86 17776015835<\/strong><\/span><\/a><\/h3>\n<p>&nbsp;<\/p>","protected":false},"featured_media":2759,"comment_status":"open","ping_status":"closed","template":"","meta":{"_uag_custom_page_level_css":"","_lmt_disableupdate":"no","_lmt_disable":"","site-sidebar-layout":"default","site-content-layout":"content-boxed-container","ast-site-content-layout":"normal-width-container","site-content-style":"boxed","site-sidebar-style":"unboxed","ast-global-header-display":"","ast-banner-title-visibility":"","ast-main-header-display":"","ast-hfb-above-header-display":"","ast-hfb-below-header-display":"","ast-hfb-mobile-header-display":"","site-post-title":"","ast-breadcrumbs-content":"","ast-featured-img":"","footer-sml-layout":"","theme-transparent-header-meta":"default","adv-header-id-meta":"","stick-header-meta":"","header-above-stick-meta":"","header-main-stick-meta":"","header-below-stick-meta":"","astra-migrate-meta-layouts":"set","ast-page-background-enabled":"default","ast-page-background-meta":{"desktop":{"background-color":"var(--ast-global-color-4)","background-image":"","background-repeat":"repeat","background-position":"center center","background-size":"auto","background-attachment":"scroll","background-type":"","background-media":"","overlay-type":"","overlay-color":"","overlay-opacity":"","overlay-gradient":""},"tablet":{"background-color":"","background-image":"","background-repeat":"repeat","background-position":"center center","background-size":"auto","background-attachment":"scroll","background-type":"","background-media":"","overlay-type":"","overlay-color":"","overlay-opacity":"","overlay-gradient":""},"mobile":{"background-color":"","background-image":"","background-repeat":"repeat","background-position":"center center","background-size":"auto","background-attachment":"scroll","background-type":"","background-media":"","overlay-type":"","overlay-color":"","overlay-opacity":"","overlay-gradient":""}},"ast-content-background-meta":{"desktop":{"background-color":"var(--ast-global-color-5)","background-image":"","background-repeat":"repeat","background-position":"center center","background-size":"auto","background-attachment":"scroll","background-type":"","background-media":"","overlay-type":"","overlay-color":"","overlay-opacity":"","overlay-gradient":""},"tablet":{"background-color":"var(--ast-global-color-5)","background-image":"","background-repeat":"repeat","background-position":"center center","background-size":"auto","background-attachment":"scroll","background-type":"","background-media":"","overlay-type":"","overlay-color":"","overlay-opacity":"","overlay-gradient":""},"mobile":{"background-color":"var(--ast-global-color-5)","background-image":"","background-repeat":"repeat","background-position":"center center","background-size":"auto","background-attachment":"scroll","background-type":"","background-media":"","overlay-type":"","overlay-color":"","overlay-opacity":"","overlay-gradient":""}},"_joinchat":[]},"product_brand":[],"product_cat":[15,25,123,26,28,135,27,137,136,30],"product_tag":[222,220,221],"class_list":{"0":"post-2761","1":"product","2":"type-product","3":"status-publish","4":"has-post-thumbnail","6":"product_cat-new-vape-this-week","7":"product_cat-germany-best-selling-vape","8":"product_cat-italy-wholesale-vape","9":"product_cat-netherlands-hot-sale-vape","10":"product_cat-poland-hot-sale-vape","11":"product_cat-spain-best-hot-sale-vape","12":"product_cat-fance-hot-sale-vape","13":"product_cat-rechargeable-vapes","14":"product_cat-smart-screen-vapes","15":"product_cat-minimum-order-quantity-50pcs","16":"product_tag-double-flavor-vape","17":"product_tag-waspe-40000","18":"product_tag-waspe-vape","19":"desktop-align-left","20":"tablet-align-left","21":"mobile-align-left","23":"first","24":"instock","25":"sale","26":"shipping-taxable","27":"purchasable","28":"product-type-simple"},"uagb_featured_image_src":{"full":["https:\/\/rmvapesale.com\/wp-content\/uploads\/2024\/11\/WASPE-40000-Rechargeable-Disposable-Vape.jpg",1000,1000,false],"thumbnail":["https:\/\/rmvapesale.com\/wp-content\/uploads\/2024\/11\/WASPE-40000-Rechargeable-Disposable-Vape-150x150.jpg",150,150,true],"medium":["https:\/\/rmvapesale.com\/wp-content\/uploads\/2024\/11\/WASPE-40000-Rechargeable-Disposable-Vape-300x300.jpg",300,300,true],"medium_large":["https:\/\/rmvapesale.com\/wp-content\/uploads\/2024\/11\/WASPE-40000-Rechargeable-Disposable-Vape-768x768.jpg",768,768,true],"large":["https:\/\/rmvapesale.com\/wp-content\/uploads\/2024\/11\/WASPE-40000-Rechargeable-Disposable-Vape.jpg",1000,1000,false],"1536x1536":["https:\/\/rmvapesale.com\/wp-content\/uploads\/2024\/11\/WASPE-40000-Rechargeable-Disposable-Vape.jpg",1000,1000,false],"2048x2048":["https:\/\/rmvapesale.com\/wp-content\/uploads\/2024\/11\/WASPE-40000-Rechargeable-Disposable-Vape.jpg",1000,1000,false],"trp-custom-language-flag":["https:\/\/rmvapesale.com\/wp-content\/uploads\/2024\/11\/WASPE-40000-Rechargeable-Disposable-Vape.jpg",12,12,false],"woocommerce_thumbnail":["https:\/\/rmvapesale.com\/wp-content\/uploads\/2024\/11\/WASPE-40000-Rechargeable-Disposable-Vape-300x300.jpg",300,300,true],"woocommerce_single":["https:\/\/rmvapesale.com\/wp-content\/uploads\/2024\/11\/WASPE-40000-Rechargeable-Disposable-Vape-600x600.jpg",600,600,true],"woocommerce_gallery_thumbnail":["https:\/\/rmvapesale.com\/wp-content\/uploads\/2024\/11\/WASPE-40000-Rechargeable-Disposable-Vape-100x100.jpg",100,100,true],"wcpr-photo-reviews":["https:\/\/rmvapesale.com\/wp-content\/uploads\/2024\/11\/WASPE-40000-Rechargeable-Disposable-Vape.jpg",500,500,false]},"uagb_author_info":{"display_name":"AMY","author_link":"https:\/\/rmvapesale.com\/fr\/author\/"},"uagb_comment_info":0,"uagb_excerpt":"WASPE Vape 40000 Puffs device stands out with its dual-flavor technology and 40,000-puff capacity, making it a top choice for anyone looking to combine convenience with an exceptional vaping experience. WhatsApp: +86 17776015835 &nbsp;","_links":{"self":[{"href":"https:\/\/rmvapesale.com\/fr\/wp-json\/wp\/v2\/product\/2761","targetHints":{"allow":["GET"]}}],"collection":[{"href":"https:\/\/rmvapesale.com\/fr\/wp-json\/wp\/v2\/product"}],"about":[{"href":"https:\/\/rmvapesale.com\/fr\/wp-json\/wp\/v2\/types\/product"}],"replies":[{"embeddable":true,"href":"https:\/\/rmvapesale.com\/fr\/wp-json\/wp\/v2\/comments?post=2761"}],"wp:featuredmedia":[{"embeddable":true,"href":"https:\/\/rmvapesale.com\/fr\/wp-json\/wp\/v2\/media\/2759"}],"wp:attachment":[{"href":"https:\/\/rmvapesale.com\/fr\/wp-json\/wp\/v2\/media?parent=2761"}],"wp:term":[{"taxonomy":"product_brand","embeddable":true,"href":"https:\/\/rmvapesale.com\/fr\/wp-json\/wp\/v2\/product_brand?post=2761"},{"taxonomy":"product_cat","embeddable":true,"href":"https:\/\/rmvapesale.com\/fr\/wp-json\/wp\/v2\/product_cat?post=2761"},{"taxonomy":"product_tag","embeddable":true,"href":"https:\/\/rmvapesale.com\/fr\/wp-json\/wp\/v2\/product_tag?post=2761"}],"curies":[{"name":"wp","href":"https:\/\/api.w.org\/{rel}","templated":true}]}}