{"id":2767,"date":"2024-11-21T08:44:14","date_gmt":"2024-11-21T08:44:14","guid":{"rendered":"https:\/\/rmvapesale.com\/?post_type=product&#038;p=2767"},"modified":"2024-11-21T09:11:37","modified_gmt":"2024-11-21T09:11:37","slug":"jnr-alien-10000-puffs-rechargeable-disposable-vape-bulk-price","status":"publish","type":"product","link":"https:\/\/rmvapesale.com\/fr\/product\/jnr-alien-10000-puffs-rechargeable-disposable-vape-bulk-price\/","title":{"rendered":"JNR Alien 10000 Puffs Cigarette \u00e9lectronique jetable rechargeable Prix de gros"},"content":{"rendered":"<div class=\"B2VR9 CJHX3e\">\n<div class=\"wyccme\">\n<h1 class=\"LC20lb MBeuO DKV0Md\">JNR Alien 10000 Puffs Cigarette \u00e9lectronique jetable rechargeable Prix de gros<\/h1>\n<div class=\"flex-shrink-0 flex flex-col relative items-end\">\n<div class=\"pt-0\">\n<div class=\"gizmo-bot-avatar flex h-8 w-8 items-center justify-center overflow-hidden rounded-full\">\n<div class=\"relative p-1 rounded-sm flex items-center justify-center bg-token-main-surface-primary text-token-text-primary h-8 w-8\">\n<p>L' <strong>JNR Alien 10000 Bouff\u00e9es Vape Jetable Rechargeable<\/strong> est con\u00e7u pour ceux qui privil\u00e9gient \u00e0 la fois la commodit\u00e9 et la performance. Avec une <strong>20 ml de capacit\u00e9 d'e-liquide<\/strong>, cet appareil offre jusqu'\u00e0 <strong>10 000 bouff\u00e9es<\/strong>, garantissant des sessions de vapotage prolong\u00e9es sans remplacements fr\u00e9quents. Aliment\u00e9 par une <strong>batterie rechargeable de 850 mAh<\/strong>, il offre une production de vapeur constante, et le <strong>technologie de bobine mesh<\/strong> avantage \u00e0 la fois la saveur et la production de nuages pour une exp\u00e9rience am\u00e9lior\u00e9e. Alien JNR 10000 Con\u00e7u pour <strong>le vapotage MTL (bouche-\u00e0-poumon)<\/strong>, cet appareil dispose d'un m\u00e9canisme <strong>d'activation par aspiration sans souci<\/strong>, le rendant parfait pour les utilisateurs qui pr\u00e9f\u00e8rent la simplicit\u00e9 sans compromettre la performance.<\/p>\n<p>Compact et portable, le <strong>JNR Alien 10000 Vape Rechargeable<\/strong> est id\u00e9al pour vapoter en d\u00e9placement. La batterie rechargeable supporte une utilisation longue dur\u00e9e, et le design l\u00e9ger facilite le transport. Avec un <strong>options de concentration de nicotine \u00e0 5 %<\/strong>, il offre une sensation satisfaisante qui r\u00e9pond aux attentes des utilisateurs recherchant une exp\u00e9rience de vapotage forte mais douce. Que vous soyez d\u00e9taillant ou acheteur en gros, le <strong>JNR Alien 10000 Bouff\u00e9es<\/strong> offre une valeur exceptionnelle \u00e0 <strong>prix en gros<\/strong>, en faisant un produit phare pour les besoins en gros de vapotage.<\/p>\n<\/div>\n<\/div>\n<\/div>\n<\/div>\n<\/div>\n<\/div>\n<p><strong>Contactez Amy pour obtenir la bonne r\u00e9ponse et un coupon de vape !<\/strong><\/p>\n<p><img loading=\"lazy\" decoding=\"async\" class=\"size-full wp-image-1978\" src=\"https:\/\/rmvapesale.com\/wp-content\/uploads\/2024\/09\/Disposable-Vape-Wholesale.jpg\" alt=\"Vente en gros de vapes jetables\" width=\"229\" height=\"300\" \/><\/p>\n<h3><a href=\"https:\/\/wa.me\/8617776015835\" target=\"_blank\" rel=\"noopener\"><span style=\"color: #ff0000\"><strong>WhatsApp: +86 17776015835<\/strong><\/span><\/a><\/h3>\n<p>&nbsp;<\/p>\n<h2><\/h2>\n<h2><strong>Caract\u00e9ristiques principales de JNR Alien 10000 Bouff\u00e9es<\/strong><\/h2>\n<ul>\n<li><strong>Offre jusqu'\u00e0 10 000 bouff\u00e9es par appareil<\/strong><\/li>\n<li><strong>E-liquide pr\u00e9-rempli de 20 ml pour moins de remplacements<\/strong><\/li>\n<li><strong>Batterie rechargeable de 850 mAh pour des sessions prolong\u00e9es<\/strong><\/li>\n<li><strong>La technologie de coil en mesh am\u00e9liore la saveur et la vapeur<\/strong><\/li>\n<li><strong>Design compact, activ\u00e9 par inhalation pour un vapotage sans effort<\/strong><\/li>\n<\/ul>\n<h2><\/h2>\n<h2><strong>Saveur principale pour JNR Alien 10kPuffs<\/strong><\/h2>\n<p>1. Dragon Noir Glac\u00e9<br \/>\n2.Cerise Blue Razz <span style=\"color: #ff0000\"><strong>&gt;&gt;&gt;&gt; Chaud!<\/strong><\/span><br \/>\n3.Glace Blue Razz <span style=\"color: #ff0000\"><strong>&gt;&gt;&gt;&gt; Chaud!<\/strong><\/span><br \/>\n4. Bubble Gum Myrtille<br \/>\n5. Cerise Myrtille Cranberry<br \/>\n6. Myrtille Sur Glace<br \/>\n7. Framboise Acide Myrtille<br \/>\n8. Cola Cerise P\u00e9tillante<br \/>\n9. Raisin glac\u00e9<br \/>\n10. Goyave Glac\u00e9e<br \/>\n11. Kiwi Fruit de la Passion Goyave<br \/>\n12. Fraise Kiwi<br \/>\n13. Baies M\u00e9lang\u00e9es<br \/>\n14. M. Bleu<br \/>\n15. Fruit de la Passion<br \/>\n16.Fraise P\u00eache<br \/>\n17.Candy P\u00eache Myrtille<br \/>\n18.Glace \u00e0 la P\u00eache<br \/>\n19.P\u00eache Mangue Ananas <span style=\"color: #ff0000\"><strong>&gt;&gt;&gt;&gt; Chaud!<\/strong><\/span><br \/>\n20.Pomme Acidul\u00e9e<br \/>\n21.Fraise Banane<br \/>\n22.Glace \u00e0 la Fraise<br \/>\n23.Glace Fraise Framboise Cerise <span style=\"color: #ff0000\"><strong>&gt;&gt;&gt;&gt; Le meilleur !<\/strong><\/span><br \/>\n24.Glace Fraise Past\u00e8que<br \/>\n25.Limonade Fraise Past\u00e8que<br \/>\n26.Gomme \u00e0 la past\u00e8que<br \/>\n27.Ice \u00e0 la past\u00e8que<br \/>\n28.Ice \u00e0 la banane<br \/>\n29.Myrtille Kiwi<br \/>\n30.Cerise Baie<br \/>\n31.Ice Cola<br \/>\n32.Menthe Fra\u00eeche<br \/>\n33.Double Pomme<br \/>\n34.Ours Gomme<br \/>\n35.Ice Luxuriante<br \/>\n36.Raspberry Past\u00e8que<br \/>\n37.Candy Fraise Ice<br \/>\n38.Pinacolada Fraise<br \/>\n39.Fraise Grenade<br \/>\n40.Ice Fraise Framboise<br \/>\n41.Punch Tropical<br \/>\n42.Past\u00e8que Brazz Ice<br \/>\n43.Past\u00e8que Litchi<\/p>\n<p>&nbsp;<\/p>\n<h3><strong>Pourquoi choisir Rmvapesale pour Alien JNR 10000 Bouff\u00e9es <\/strong><strong>V<\/strong><strong>jetables<\/strong><strong>?<\/strong><\/h3>\n<div class=\"flex-shrink-0 flex flex-col relative items-end\">\n<div class=\"pt-0\">\n<div class=\"gizmo-bot-avatar flex h-8 w-8 items-center justify-center overflow-hidden rounded-full\">\n<div class=\"relative p-1 rounded-sm flex items-center justify-center bg-token-main-surface-primary text-token-text-primary h-8 w-8\">\n<p>Bienvenue chez Rmvapesale, votre boutique de vape de confiance pour les vapes jetables premium. Avec plus de 5 ans d'expertise, nous vous proposons des marques populaires de vapes jetables telles que Al Fakher, <a href=\"https:\/\/rmvapesale.com\/fr\/product-category\/bang-vapes\/\">Bang Vape<\/a>, Waspe, WGA Vape et<a href=\"https:\/\/rmvapesale.com\/fr\/product-category\/randm-fumot-vape\/\"> RandM Vape<\/a>.<\/p>\n<p>Notre gamme comprend des vapes en promotion comme le <a href=\"https:\/\/rmvapesale.com\/fr\/product\/randm-tornado-15000-puffs-vape-wholesale\/\">RandM Tornado 15000<\/a> et des choix riches en saveurs comme le Vapme 70000. Chaque produit est choisi en mettant l'accent sur la qualit\u00e9, la valeur et la vari\u00e9t\u00e9, vous assurant de trouver la correspondance parfaite pour vos besoins. D\u00e9couvrez un service exceptionnel et une large gamme de produits de1\u00e8re qualit\u00e9 sur Rmvapesale.<\/p>\n<\/div>\n<h3><\/h3>\n<div class=\"relative p-1 rounded-sm flex items-center justify-center bg-token-main-surface-primary text-token-text-primary h-8 w-8\">\n<h3><b> FAQS Pour <\/b><b>Vape jetable rechargeable Alien JNR 10000<\/b><\/h3>\n<div class=\"group\/conversation-turn relative flex w-full min-w-0 flex-col agent-turn\">\n<div class=\"flex-col gap-1 md:gap-3\">\n<div class=\"flex max-w-full flex-col flex-grow\">\n<div class=\"min-h-8 text-message flex w-full flex-col items-end gap-2 whitespace-normal break-words [.text-message+&amp;]:mt-5\" dir=\"auto\" data-message-author-role=\"assistant\" data-message-id=\"00c9b302-bc9c-4550-94ba-5a295efa2be3\" data-message-model-slug=\"gpt-4o\">\n<div class=\"flex w-full flex-col gap-1 empty:hidden first:pt-[3px]\">\n<div class=\"markdown prose w-full break-words dark:prose-invert light\">\n<div class=\"flex-shrink-0 flex flex-col relative items-end\">\n<div>\n<div class=\"pt-0\">\n<div class=\"gizmo-bot-avatar flex h-8 w-8 items-center justify-center overflow-hidden rounded-full\">\n<div class=\"relative p-1 rounded-sm flex items-center justify-center bg-token-main-surface-primary text-token-text-primary h-8 w-8\">\n<div class=\"flex-shrink-0 flex flex-col relative items-end\">\n<div>\n<div class=\"pt-0\">\n<div class=\"gizmo-bot-avatar flex h-8 w-8 items-center justify-center overflow-hidden rounded-full\">\n<div class=\"relative p-1 rounded-sm flex items-center justify-center bg-token-main-surface-primary text-token-text-primary h-8 w-8\">\n<p><strong>1. Quelle est la quantit\u00e9 de nicotine dans une cigarette \u00e9lectronique jetable JNR 10000 ?<\/strong><br \/>\nL' <strong>Cigarette \u00e9lectronique jetable JNR Alien 10k<\/strong> contient <strong>Force de nicotine 5% (50mg)<\/strong>, offrant une exp\u00e9rience de nicotine puissante mais douce.<\/p>\n<p><strong>2. O\u00f9 puis-je acheter en gros la JNR Alien 10k Puffs ?<\/strong><br \/>\nVous pouvez acheter le <strong>JNR Alien 10k Puffs<\/strong> at <strong>prix de gros<\/strong> via des grossistes, distributeurs ou plateformes en ligne sp\u00e9cialis\u00e9s dans la vente en gros de cigarettes \u00e9lectroniques.<\/p>\n<p><strong>3. Comment savoir quand ma cigarette \u00e9lectronique intelligente JNR 10000 Puffs est vide ?<\/strong><br \/>\nVotre <strong>cigarette \u00e9lectronique JNR 10000<\/strong> peut \u00eatre vide si vous remarquez un go\u00fbt de br\u00fbl\u00e9 ou d\u00e9sagr\u00e9able, une r\u00e9duction de la production de vapeur, ou si l\u2019appareil ne s\u2019allume plus lors de l\u2019utilisation.<\/p>\n<p><strong>4. Combien de temps le parfum dure-t-il dans le stylo jetable JNR 10000 ?<\/strong><br \/>\nLes saveurs dans le <strong>JNR Alien 10000<\/strong> restent constantes et satisfaisantes tout au long de sa dur\u00e9e, <strong>10 000 bouff\u00e9es<\/strong>, garantissant aucune concession sur le go\u00fbt.<\/p>\n<p><strong>5. Quelles sont les saveurs populaires pour le stylo jetable JNR Alien 10k Puffs ?<\/strong><br \/>\nLes saveurs principales pour le <strong>JNR Alien 10k Puffs<\/strong> incluent Mangue Glac\u00e9e, Fraise Past\u00e8que, Myrtille Framboise et Menthe Fra\u00eeche, r\u00e9pondant \u00e0 une gamme de pr\u00e9f\u00e9rences.<\/p>\n<p><strong>6. Combien de bouff\u00e9es la cigarette \u00e9lectronique JNR 10000 fournit-elle ?<\/strong><br \/>\nL' <strong>JNR Alien 10k Vape<\/strong> propose <strong>10 000 bouff\u00e9es<\/strong>, ce qui en fait une option durable et pratique pour les vapoteurs intensifs et occasionnels.<\/p>\n<p><strong>7. Combien de temps faut-il pour charger une Vape rechargeable JNR 10000 Puffs ?<\/strong><br \/>\nL' <strong>JNR 10000 Puffs Vape<\/strong> se charge compl\u00e8tement en environ <strong>1 \u00e0 1,5 heures<\/strong>, gr\u00e2ce \u00e0 son efficacit\u00e9 <strong>port de charge Type-C<\/strong>.<\/p>\n<\/div>\n<\/div>\n<\/div>\n<\/div>\n<\/div>\n<\/div>\n<\/div>\n<\/div>\n<\/div>\n<\/div>\n<div class=\"group\/conversation-turn relative flex w-full min-w-0 flex-col agent-turn\">\n<div class=\"flex-col gap-1 md:gap-3\">\n<div class=\"flex max-w-full flex-col flex-grow\">\n<div class=\"min-h-8 text-message flex w-full flex-col items-end gap-2 whitespace-normal break-words [.text-message+&amp;]:mt-5\" dir=\"auto\" data-message-author-role=\"assistant\" data-message-id=\"a3dc01bd-23b0-4fd7-bb9a-7827522cefd8\" data-message-model-slug=\"gpt-4o\">\n<div class=\"flex w-full flex-col gap-1 empty:hidden first:pt-[3px]\"><\/div>\n<\/div>\n<\/div>\n<\/div>\n<\/div>\n<\/div>\n<\/div>\n<\/div>\n<\/div>\n<\/div>\n<\/div>\n<\/div>\n<\/div>\n<\/div>\n<\/div>\n<h3>\u00c0 propos de l'exp\u00e9dition<\/h3>\n<div class=\"flex-shrink-0 flex flex-col relative items-end\">\n<div>\n<div class=\"pt-0\">\n<div class=\"gizmo-bot-avatar flex h-8 w-8 items-center justify-center overflow-hidden rounded-full\">\n<div><\/div>\n<div class=\"relative p-1 rounded-sm flex items-center justify-center bg-token-main-surface-primary text-token-text-primary h-8 w-8\"><strong>1. Quelles m\u00e9thodes d'exp\u00e9dition sont utilis\u00e9es ?<\/strong><\/div>\n<\/div>\n<\/div>\n<\/div>\n<\/div>\n<div class=\"group\/conversation-turn relative flex w-full min-w-0 flex-col agent-turn\">\n<div class=\"flex-col gap-1 md:gap-3\">\n<div class=\"flex max-w-full flex-col flex-grow\">\n<div class=\"min-h-[20px] text-message flex w-full flex-col items-end gap-2 whitespace-normal break-words [.text-message+&amp;]:mt-5 overflow-x-auto\" dir=\"auto\" data-message-author-role=\"assistant\" data-message-id=\"22f8283b-3233-46ff-89a5-c7a41b33abda\">\n<div class=\"flex w-full flex-col gap-1 empty:hidden first:pt-[3px]\">\n<div class=\"markdown prose w-full break-words dark:prose-invert light\">\n<p>Nous travaillons en partenariat avec UPS, DHL, FedEx, DPD et d'autres transporteurs de premier plan. Nous s\u00e9lectionnerons la meilleure m\u00e9thode d'exp\u00e9dition en fonction de votre lieu de livraison pour que vous receviez vos produits le plus rapidement possible.<\/p>\n<\/div>\n<p><strong>2. Combien de temps faut-il pour que cela arrive ?<\/strong><\/p>\n<p>Les colis exp\u00e9di\u00e9s en France arrivent g\u00e9n\u00e9ralement sous 10 jours ouvrables. L'exp\u00e9dition vers les pays europ\u00e9ens prend g\u00e9n\u00e9ralement environ 12 \u00e0 15 jours ouvrables. Nous vous fournirons des mises \u00e0 jour en temps r\u00e9el sur l'\u00e9tat de votre envoi.<\/p>\n<\/div>\n<\/div>\n<\/div>\n<\/div>\n<\/div>\n<p>&nbsp;<\/p>\n<p>Trouvez plus de produits de vape que vous pourriez aimer :<strong><em><a href=\"https:\/\/rmvapesale.com\/fr\/shop-2\/\">Achetez maintenant &gt;&gt;&gt;<\/a><\/em><\/strong><\/p>","protected":false},"excerpt":{"rendered":"<p>L' <strong>JNR Alien 10000 Bouff\u00e9es Vape Jetable Rechargeable<\/strong> est con\u00e7u pour ceux qui privil\u00e9gient \u00e0 la fois la commodit\u00e9 et la performance. Avec une <strong>20 ml de capacit\u00e9 d'e-liquide<\/strong>, cet appareil offre jusqu'\u00e0 <strong>10 000 bouff\u00e9es<\/strong>, garantissant des sessions de vapotage prolong\u00e9es sans remplacements fr\u00e9quents.<\/p>\n<p><img loading=\"lazy\" decoding=\"async\" class=\"size-full wp-image-2375\" src=\"https:\/\/rmvapesale.com\/wp-content\/uploads\/2024\/10\/image.png\" alt=\"Meilleure vape jetable\" width=\"229\" height=\"300\" \/><\/p>\n<h3><a href=\"https:\/\/wa.me\/8617776015835\"><span style=\"color: #ff0000\"><strong>WhatsApp: +86 17776015835<\/strong><\/span><\/a><\/h3>\n<p>&nbsp;<\/p>","protected":false},"featured_media":2762,"comment_status":"open","ping_status":"closed","template":"","meta":{"_uag_custom_page_level_css":"","_lmt_disableupdate":"no","_lmt_disable":"","site-sidebar-layout":"default","site-content-layout":"content-boxed-container","ast-site-content-layout":"normal-width-container","site-content-style":"boxed","site-sidebar-style":"unboxed","ast-global-header-display":"","ast-banner-title-visibility":"","ast-main-header-display":"","ast-hfb-above-header-display":"","ast-hfb-below-header-display":"","ast-hfb-mobile-header-display":"","site-post-title":"","ast-breadcrumbs-content":"","ast-featured-img":"","footer-sml-layout":"","ast-disable-related-posts":"","theme-transparent-header-meta":"default","adv-header-id-meta":"","stick-header-meta":"","header-above-stick-meta":"","header-main-stick-meta":"","header-below-stick-meta":"","astra-migrate-meta-layouts":"set","ast-page-background-enabled":"default","ast-page-background-meta":{"desktop":{"background-color":"var(--ast-global-color-4)","background-image":"","background-repeat":"repeat","background-position":"center center","background-size":"auto","background-attachment":"scroll","background-type":"","background-media":"","overlay-type":"","overlay-color":"","overlay-opacity":"","overlay-gradient":""},"tablet":{"background-color":"","background-image":"","background-repeat":"repeat","background-position":"center center","background-size":"auto","background-attachment":"scroll","background-type":"","background-media":"","overlay-type":"","overlay-color":"","overlay-opacity":"","overlay-gradient":""},"mobile":{"background-color":"","background-image":"","background-repeat":"repeat","background-position":"center center","background-size":"auto","background-attachment":"scroll","background-type":"","background-media":"","overlay-type":"","overlay-color":"","overlay-opacity":"","overlay-gradient":""}},"ast-content-background-meta":{"desktop":{"background-color":"var(--ast-global-color-5)","background-image":"","background-repeat":"repeat","background-position":"center center","background-size":"auto","background-attachment":"scroll","background-type":"","background-media":"","overlay-type":"","overlay-color":"","overlay-opacity":"","overlay-gradient":""},"tablet":{"background-color":"var(--ast-global-color-5)","background-image":"","background-repeat":"repeat","background-position":"center center","background-size":"auto","background-attachment":"scroll","background-type":"","background-media":"","overlay-type":"","overlay-color":"","overlay-opacity":"","overlay-gradient":""},"mobile":{"background-color":"var(--ast-global-color-5)","background-image":"","background-repeat":"repeat","background-position":"center center","background-size":"auto","background-attachment":"scroll","background-type":"","background-media":"","overlay-type":"","overlay-color":"","overlay-opacity":"","overlay-gradient":""}},"_joinchat":[]},"product_brand":[],"product_cat":[15,27,25,123,30,26,28,137,136,135],"product_tag":[223,224,205],"class_list":{"0":"post-2767","1":"product","2":"type-product","3":"status-publish","4":"has-post-thumbnail","6":"product_cat-new-vape-this-week","7":"product_cat-fance-hot-sale-vape","8":"product_cat-germany-best-selling-vape","9":"product_cat-italy-wholesale-vape","10":"product_cat-minimum-order-quantity-50pcs","11":"product_cat-netherlands-hot-sale-vape","12":"product_cat-poland-hot-sale-vape","13":"product_cat-rechargeable-vapes","14":"product_cat-smart-screen-vapes","15":"product_cat-spain-best-hot-sale-vape","16":"product_tag-jnr","17":"product_tag-jnr-10000","18":"product_tag-jnr-vape","19":"desktop-align-left","20":"tablet-align-left","21":"mobile-align-left","23":"first","24":"instock","25":"sale","26":"shipping-taxable","27":"purchasable","28":"product-type-simple"},"uagb_featured_image_src":{"full":["https:\/\/rmvapesale.com\/wp-content\/uploads\/2024\/11\/JNR-Alien-10000-Puffs-Bulk-Price.png",800,800,false],"thumbnail":["https:\/\/rmvapesale.com\/wp-content\/uploads\/2024\/11\/JNR-Alien-10000-Puffs-Bulk-Price-150x150.png",150,150,true],"medium":["https:\/\/rmvapesale.com\/wp-content\/uploads\/2024\/11\/JNR-Alien-10000-Puffs-Bulk-Price-300x300.png",300,300,true],"medium_large":["https:\/\/rmvapesale.com\/wp-content\/uploads\/2024\/11\/JNR-Alien-10000-Puffs-Bulk-Price-768x768.png",768,768,true],"large":["https:\/\/rmvapesale.com\/wp-content\/uploads\/2024\/11\/JNR-Alien-10000-Puffs-Bulk-Price.png",800,800,false],"1536x1536":["https:\/\/rmvapesale.com\/wp-content\/uploads\/2024\/11\/JNR-Alien-10000-Puffs-Bulk-Price.png",800,800,false],"2048x2048":["https:\/\/rmvapesale.com\/wp-content\/uploads\/2024\/11\/JNR-Alien-10000-Puffs-Bulk-Price.png",800,800,false],"trp-custom-language-flag":["https:\/\/rmvapesale.com\/wp-content\/uploads\/2024\/11\/JNR-Alien-10000-Puffs-Bulk-Price.png",12,12,false],"woocommerce_thumbnail":["https:\/\/rmvapesale.com\/wp-content\/uploads\/2024\/11\/JNR-Alien-10000-Puffs-Bulk-Price-300x300.png",300,300,true],"woocommerce_single":["https:\/\/rmvapesale.com\/wp-content\/uploads\/2024\/11\/JNR-Alien-10000-Puffs-Bulk-Price-600x600.png",600,600,true],"woocommerce_gallery_thumbnail":["https:\/\/rmvapesale.com\/wp-content\/uploads\/2024\/11\/JNR-Alien-10000-Puffs-Bulk-Price-100x100.png",100,100,true],"wcpr-photo-reviews":["https:\/\/rmvapesale.com\/wp-content\/uploads\/2024\/11\/JNR-Alien-10000-Puffs-Bulk-Price.png",500,500,false]},"uagb_author_info":{"display_name":"AMY","author_link":"https:\/\/rmvapesale.com\/fr\/author\/"},"uagb_comment_info":0,"uagb_excerpt":"The JNR Alien 10000 Puffs Rechargeable Disposable Vape is engineered for those who prioritize both convenience and performance. With a pre-filled 20ml e-liquid capacity, this device offers up to 10,000 puffs, ensuring extended vaping sessions without frequent replacements. WhatsApp: +86 17776015835 &nbsp;","_links":{"self":[{"href":"https:\/\/rmvapesale.com\/fr\/wp-json\/wp\/v2\/product\/2767","targetHints":{"allow":["GET"]}}],"collection":[{"href":"https:\/\/rmvapesale.com\/fr\/wp-json\/wp\/v2\/product"}],"about":[{"href":"https:\/\/rmvapesale.com\/fr\/wp-json\/wp\/v2\/types\/product"}],"replies":[{"embeddable":true,"href":"https:\/\/rmvapesale.com\/fr\/wp-json\/wp\/v2\/comments?post=2767"}],"wp:featuredmedia":[{"embeddable":true,"href":"https:\/\/rmvapesale.com\/fr\/wp-json\/wp\/v2\/media\/2762"}],"wp:attachment":[{"href":"https:\/\/rmvapesale.com\/fr\/wp-json\/wp\/v2\/media?parent=2767"}],"wp:term":[{"taxonomy":"product_brand","embeddable":true,"href":"https:\/\/rmvapesale.com\/fr\/wp-json\/wp\/v2\/product_brand?post=2767"},{"taxonomy":"product_cat","embeddable":true,"href":"https:\/\/rmvapesale.com\/fr\/wp-json\/wp\/v2\/product_cat?post=2767"},{"taxonomy":"product_tag","embeddable":true,"href":"https:\/\/rmvapesale.com\/fr\/wp-json\/wp\/v2\/product_tag?post=2767"}],"curies":[{"name":"wp","href":"https:\/\/api.w.org\/{rel}","templated":true}]}}