{"id":2782,"date":"2024-11-26T06:22:12","date_gmt":"2024-11-26T06:22:12","guid":{"rendered":"https:\/\/rmvapesale.com\/?post_type=product&#038;p=2782"},"modified":"2024-11-26T06:36:14","modified_gmt":"2024-11-26T06:36:14","slug":"jnr-phonevape-30000-30k-smart-disposable-vape-wholesale","status":"publish","type":"product","link":"https:\/\/rmvapesale.com\/fr\/product\/jnr-phonevape-30000-30k-smart-disposable-vape-wholesale\/","title":{"rendered":"JNR PhoneVape 30000 30K Cigarette \u00e9lectronique jetable intelligente Vente en gros"},"content":{"rendered":"<div class=\"B2VR9 CJHX3e\">\n<div class=\"wyccme\">\n<h1 class=\"LC20lb MBeuO DKV0Md\">JNR PhoneVape 30000 30K Cigarette \u00e9lectronique jetable intelligente Vente en gros<\/h1>\n<div class=\"flex-shrink-0 flex flex-col relative items-end\">\n<div class=\"pt-0\">\n<div class=\"gizmo-bot-avatar flex h-8 w-8 items-center justify-center overflow-hidden rounded-full\">\n<div class=\"relative p-1 rounded-sm flex items-center justify-center bg-token-main-surface-primary text-token-text-primary h-8 w-8\">\n<p>L' <strong>JNR PhoneVape 30000 Cigarette \u00e9lectronique jetable intelligente<\/strong>, un appareil r\u00e9volutionnaire qui combine une technologie de pointe avec des performances exceptionnelles. Con\u00e7ue pour les vapoteurs modernes, cette cigarette \u00e9lectronique jetable intelligente offre une \u00e9norme capacit\u00e9 <strong>30 000 bouff\u00e9es<\/strong> in <strong>Mode R\u00e9gulier<\/strong> et de <strong>18,000 bouff\u00e9es<\/strong> in <strong>Mode Pulse<\/strong>, ce qui la rend parfaite pour une utilisation de longue dur\u00e9e. Son <strong>\u00e9cran d'affichage complet<\/strong> fournit des donn\u00e9es en temps r\u00e9el, notamment le niveau de la batterie, le niveau de e-liquide, l'heure et m\u00eame des fonctions de calendrier, vous tenant inform\u00e9 \u00e0 chaque instant. Gr\u00e2ce \u00e0 son <strong>syst\u00e8me de flux d'air r\u00e9glable<\/strong>, vous pouvez personnaliser l'intensit\u00e9 de votre tirage en fonction de vos pr\u00e9f\u00e9rences. Parfaite pour les utilisateurs occasionnels et exp\u00e9riment\u00e9s, la <strong>JNR PhoneVape<\/strong> fait passer la commodit\u00e9 du vapotage au niveau sup\u00e9rieur.<\/p>\n<p>Ce qui distingue le <strong>JNR PhoneVape 30K<\/strong> c'est sa <strong>fonctionnalit\u00e9s intelligentes<\/strong>. Cet appareil prend en charge <strong>les notifications d'appels et de SMS<\/strong>, une <strong>fonction de contr\u00f4le \u00e0 distance de l'appareil photo<\/strong> et la fonction unique <strong>Trouvez votre vape<\/strong> gr\u00e2ce \u00e0 son <strong>int\u00e9gration de l'application WearinOS<\/strong>. Son <strong>mode de verrouillage<\/strong> assure la s\u00e9curit\u00e9 lorsqu'il n'est pas utilis\u00e9, tandis que la <strong>batterie rechargeable de type C<\/strong> se charge compl\u00e8tement en seulement <strong>1,5 \u00e0 2 heures<\/strong>, offrant une puissance constante pour des s\u00e9ances de vapotage prolong\u00e9es. Disponible dans une vari\u00e9t\u00e9 de saveurs, notamment <strong>Blue Razz Ice<\/strong> et de <strong>Strawberry Ice<\/strong>, cette vape jetable rechargeable garantit \u00e0 la fois satisfaction et style. Les acheteurs en gros peuvent profiter de prix comp\u00e9titifs, ce qui en fait le <strong>JNR PhoneVape 30000<\/strong> un choix imbattable pour les achats en gros.<\/p>\n<\/div>\n<\/div>\n<\/div>\n<\/div>\n<\/div>\n<\/div>\n<p><strong>Contactez Amy pour obtenir la bonne r\u00e9ponse et un coupon de vape !<\/strong><\/p>\n<p><img loading=\"lazy\" decoding=\"async\" class=\"size-full wp-image-1978\" src=\"https:\/\/rmvapesale.com\/wp-content\/uploads\/2024\/09\/Disposable-Vape-Wholesale.jpg\" alt=\"Vente en gros de vapes jetables\" width=\"229\" height=\"300\" \/><\/p>\n<h3><a href=\"https:\/\/wa.me\/8617776015835\" target=\"_blank\" rel=\"noopener\"><span style=\"color: #ff0000\"><strong>WhatsApp: +86 17776015835<\/strong><\/span><\/a><\/h3>\n<p>&nbsp;<\/p>\n<h2><\/h2>\n<h2><strong>JNR PhoneVape 30000 Bouff\u00e9es Caract\u00e9ristiques Principales<\/strong><\/h2>\n<ul>\n<li><strong>Nombre de bouff\u00e9es important<\/strong>: Jusqu'\u00e0 30 000 bouff\u00e9es en mode normal, 18 000 en mode pulse.<\/li>\n<li><strong>\u00c9cran intelligent<\/strong>: Donn\u00e9es en temps r\u00e9el pour l'heure, la batterie et les niveaux d'e-liquide.<\/li>\n<li><strong>Fonctionnalit\u00e9s avanc\u00e9es<\/strong>: Appeler<\/li>\n<li><strong>Batterie rechargeable<\/strong>: Charge rapide de Type-C pendant 1,5 \u00e0 2 heures.<\/li>\n<li><strong>D\u00e9bit d'air personnalisable<\/strong>: D\u00e9bit d'air r\u00e9glable pour une exp\u00e9rience de vapotage personnalis\u00e9e.<\/li>\n<\/ul>\n<h2><strong>Meilleure saveur pour JNR Phone Vape 30000<\/strong><\/h2>\n<p>1.Glace \u00e0 la framboise bleue <span style=\"color: #ff0000\"><strong>&gt;&gt;&gt;&gt; Chaud!<\/strong><\/span><br \/>\n2.Glace \u00e0 la fraise<br \/>\n3.Past\u00e8que glac\u00e9e<br \/>\n4.Menthe de Miami <span style=\"color: #ff0000\"><strong>&gt;&gt;&gt;&gt; Chaud!<\/strong><\/span><br \/>\n5.Glace \u00e0 la banane<br \/>\n6.Cerise fraise framboise <span style=\"color: #ff0000\"><strong>&gt;&gt;&gt;&gt; Le meilleur !<\/strong><\/span><br \/>\n7.Glace \u00e0 la pomme surette<br \/>\n8.Myrtille past\u00e8que<br \/>\n9.P\u00eache mangue past\u00e8que<br \/>\n10.Fcuking Fab<\/p>\n<p>&nbsp;<\/p>\n<h3><strong>Pourquoi choisir Rmvapesale pour JNR PhoneVape 30K Puffs <\/strong><strong>V<\/strong><strong>jetables<\/strong><strong>?<\/strong><\/h3>\n<div class=\"flex-shrink-0 flex flex-col relative items-end\">\n<div class=\"pt-0\">\n<div class=\"gizmo-bot-avatar flex h-8 w-8 items-center justify-center overflow-hidden rounded-full\">\n<div class=\"relative p-1 rounded-sm flex items-center justify-center bg-token-main-surface-primary text-token-text-primary h-8 w-8\">\n<p>Bienvenue chez Rmvapesale, votre boutique de vape de confiance pour les vapes jetables premium. Avec plus de 5 ans d'expertise, nous vous proposons des marques populaires de vapes jetables telles que Al Fakher, <a href=\"https:\/\/rmvapesale.com\/fr\/product-category\/bang-vapes\/\">Bang Vape<\/a>, Waspe, WGA Vape et<a href=\"https:\/\/rmvapesale.com\/fr\/product-category\/randm-fumot-vape\/\"> RandM Vape<\/a>.<\/p>\n<p>Notre gamme comprend des vapes en promotion comme le <a href=\"https:\/\/rmvapesale.com\/fr\/product\/randm-tornado-15000-puffs-vape-wholesale\/\">RandM Tornado 15000<\/a> et des choix riches en saveurs comme le Vapme 70000. Chaque produit est choisi en mettant l'accent sur la qualit\u00e9, la valeur et la vari\u00e9t\u00e9, vous assurant de trouver la correspondance parfaite pour vos besoins. D\u00e9couvrez un service exceptionnel et une large gamme de produits de1\u00e8re qualit\u00e9 sur Rmvapesale.<\/p>\n<\/div>\n<h3><\/h3>\n<div class=\"relative p-1 rounded-sm flex items-center justify-center bg-token-main-surface-primary text-token-text-primary h-8 w-8\">\n<h3><b> FAQ pour JNR Phone Vape 30K<\/b><b>\u00a0Vape jetable rechargeable<\/b><\/h3>\n<div class=\"group\/conversation-turn relative flex w-full min-w-0 flex-col agent-turn\">\n<div class=\"flex-col gap-1 md:gap-3\">\n<div class=\"flex max-w-full flex-col flex-grow\">\n<div class=\"min-h-8 text-message flex w-full flex-col items-end gap-2 whitespace-normal break-words [.text-message+&amp;]:mt-5\" dir=\"auto\" data-message-author-role=\"assistant\" data-message-id=\"00c9b302-bc9c-4550-94ba-5a295efa2be3\" data-message-model-slug=\"gpt-4o\">\n<div class=\"flex w-full flex-col gap-1 empty:hidden first:pt-[3px]\">\n<div class=\"markdown prose w-full break-words dark:prose-invert light\">\n<div class=\"flex-shrink-0 flex flex-col relative items-end\">\n<div>\n<div class=\"pt-0\">\n<div class=\"gizmo-bot-avatar flex h-8 w-8 items-center justify-center overflow-hidden rounded-full\">\n<div class=\"relative p-1 rounded-sm flex items-center justify-center bg-token-main-surface-primary text-token-text-primary h-8 w-8\">\n<div class=\"flex-shrink-0 flex flex-col relative items-end\">\n<div>\n<div class=\"pt-0\">\n<div class=\"gizmo-bot-avatar flex h-8 w-8 items-center justify-center overflow-hidden rounded-full\">\n<div class=\"relative p-1 rounded-sm flex items-center justify-center bg-token-main-surface-primary text-token-text-primary h-8 w-8\">\n<ul>\n<li><strong>O\u00f9 acheter JNR PhoneVape 30000 Puffs au prix de gros en France<\/strong><br \/>\nVous pouvez acheter le <strong>JNR PhoneVape 30000 Bouff\u00e9es<\/strong> \u00e0 des prix de gros en ligne via des plateformes de vente en gros de vapotage de confiance ou des distributeurs proposant une exp\u00e9dition internationale vers la France. Assurez-vous de rechercher des remises sur les achats en gros ou des vendeurs autoris\u00e9s pour des prix comp\u00e9titifs.<\/li>\n<li><strong>Combien de bouff\u00e9es la JNR PhoneVape 30000 Vape fournit-elle ?<\/strong><br \/>\nL' <strong>La JNR PhoneVape 30000 Vape<\/strong> fournit jusqu'\u00e0 <strong>30 000 bouff\u00e9es en mode r\u00e9gulier<\/strong> et de <strong>18 000 bouff\u00e9es en mode Pulse<\/strong>, ce qui la rend parfaite pour une utilisation prolong\u00e9e.<\/li>\n<li><strong>Combien de temps durent les saveurs populaires pour le stylo \u00e0 vape jetable JNR Phone Vape 30000 ?<\/strong><br \/>\nLa dur\u00e9e de vie des saveurs populaires comme <strong>Blue Razz Ice<\/strong> or <strong>P\u00eache Glac\u00e9e<\/strong> d\u00e9pend des habitudes d'utilisation. G\u00e9n\u00e9ralement, avec jusqu'\u00e0 <strong>30 000 bouff\u00e9es<\/strong>, il peut durer des semaines, voire des mois pour les utilisateurs moyens.<\/li>\n<li><strong>Quelles sont les saveurs populaires pour le stylo \u00e0 vape jetable JNR PhoneVape 30k Bouff\u00e9es ?<\/strong><br \/>\nLes saveurs populaires pour le <strong>JNR PhoneVape 30k Bouff\u00e9es<\/strong> incluent <strong>Blue Razz Ice<\/strong>, <strong>P\u00eache Glac\u00e9e<\/strong>, et d'autres m\u00e9langes fruit\u00e9s et glac\u00e9s qui offrent un go\u00fbt rafra\u00eechissant et constant.<\/li>\n<li><strong>Combien de temps faut-il pour charger un JNR PhoneVape 30k Bouff\u00e9es Rechargeable Vape ?<\/strong><br \/>\nL' <strong>Le JNR PhoneVape 30k Bouff\u00e9es Rechargeable Vape<\/strong> prend environ <strong>1,5 \u00e0 2 heures<\/strong> pour une recharge compl\u00e8te via son <strong>port de charge Type-C<\/strong>.<\/li>\n<li><strong>Quelle quantit\u00e9 de nicotine contient une cigarette \u00e9lectronique jetable JNR Phone Vape 30000 ?<\/strong><br \/>\nL' <strong>JNR Phone Vape 30000 Vape Jetable<\/strong> contient <strong>2% (20mg\/ml) de concentration de nicotine<\/strong>, offrant une exp\u00e9rience de vapotage plus douce et plus l\u00e9g\u00e8re, id\u00e9ale pour les utilisateurs \u00e0 faible teneur en nicotine.<\/li>\n<\/ul>\n<\/div>\n<\/div>\n<\/div>\n<\/div>\n<\/div>\n<\/div>\n<\/div>\n<\/div>\n<\/div>\n<\/div>\n<div class=\"group\/conversation-turn relative flex w-full min-w-0 flex-col agent-turn\">\n<div class=\"flex-col gap-1 md:gap-3\">\n<div class=\"flex max-w-full flex-col flex-grow\">\n<div class=\"min-h-8 text-message flex w-full flex-col items-end gap-2 whitespace-normal break-words [.text-message+&amp;]:mt-5\" dir=\"auto\" data-message-author-role=\"assistant\" data-message-id=\"a3dc01bd-23b0-4fd7-bb9a-7827522cefd8\" data-message-model-slug=\"gpt-4o\">\n<div class=\"flex w-full flex-col gap-1 empty:hidden first:pt-[3px]\"><\/div>\n<\/div>\n<\/div>\n<\/div>\n<\/div>\n<\/div>\n<\/div>\n<\/div>\n<\/div>\n<\/div>\n<\/div>\n<\/div>\n<\/div>\n<\/div>\n<\/div>\n<h3>\u00c0 propos de l'exp\u00e9dition<\/h3>\n<div class=\"flex-shrink-0 flex flex-col relative items-end\">\n<div>\n<div class=\"pt-0\">\n<div class=\"gizmo-bot-avatar flex h-8 w-8 items-center justify-center overflow-hidden rounded-full\">\n<div><\/div>\n<div class=\"relative p-1 rounded-sm flex items-center justify-center bg-token-main-surface-primary text-token-text-primary h-8 w-8\"><strong>1. Quelles m\u00e9thodes d'exp\u00e9dition sont utilis\u00e9es ?<\/strong><\/div>\n<\/div>\n<\/div>\n<\/div>\n<\/div>\n<div class=\"group\/conversation-turn relative flex w-full min-w-0 flex-col agent-turn\">\n<div class=\"flex-col gap-1 md:gap-3\">\n<div class=\"flex max-w-full flex-col flex-grow\">\n<div class=\"min-h-[20px] text-message flex w-full flex-col items-end gap-2 whitespace-normal break-words [.text-message+&amp;]:mt-5 overflow-x-auto\" dir=\"auto\" data-message-author-role=\"assistant\" data-message-id=\"22f8283b-3233-46ff-89a5-c7a41b33abda\">\n<div class=\"flex w-full flex-col gap-1 empty:hidden first:pt-[3px]\">\n<div class=\"markdown prose w-full break-words dark:prose-invert light\">\n<p>Nous travaillons en partenariat avec UPS, DHL, FedEx, DPD et d'autres transporteurs de premier plan. Nous s\u00e9lectionnerons la meilleure m\u00e9thode d'exp\u00e9dition en fonction de votre lieu de livraison pour que vous receviez vos produits le plus rapidement possible.<\/p>\n<\/div>\n<p><strong>2. Combien de temps faut-il pour que cela arrive ?<\/strong><\/p>\n<p>Les colis exp\u00e9di\u00e9s en France arrivent g\u00e9n\u00e9ralement sous 10 jours ouvrables. L'exp\u00e9dition vers les pays europ\u00e9ens prend g\u00e9n\u00e9ralement environ 12 \u00e0 15 jours ouvrables. Nous vous fournirons des mises \u00e0 jour en temps r\u00e9el sur l'\u00e9tat de votre envoi.<\/p>\n<\/div>\n<\/div>\n<\/div>\n<\/div>\n<\/div>\n<p>&nbsp;<\/p>\n<p>Trouvez plus de produits de vape que vous pourriez aimer :<strong><em><a href=\"https:\/\/rmvapesale.com\/fr\/shop-2\/\">Achetez maintenant &gt;&gt;&gt;<\/a><\/em><\/strong><\/p>","protected":false},"excerpt":{"rendered":"<p>L' <strong>JNR PhoneVape 30000 Cigarette \u00e9lectronique jetable intelligente <\/strong>con\u00e7ue pour les vapoteurs modernes, offre une \u00e9norme capacit\u00e9 <strong>30 000 bouff\u00e9es<\/strong> in <strong>Mode R\u00e9gulier<\/strong> et de <strong>18,000 bouff\u00e9es<\/strong> in <strong>Mode Pulse<\/strong>, ce qui la rend parfaite pour une utilisation de longue dur\u00e9e.<\/p>\n<p><img loading=\"lazy\" decoding=\"async\" class=\"size-full wp-image-2375\" src=\"https:\/\/rmvapesale.com\/wp-content\/uploads\/2024\/10\/image.png\" alt=\"Meilleure vape jetable\" width=\"229\" height=\"300\" \/><\/p>\n<h3><a href=\"https:\/\/wa.me\/8617776015835\"><span style=\"color: #ff0000\"><strong>WhatsApp: +86 17776015835<\/strong><\/span><\/a><\/h3>\n<p>&nbsp;<\/p>","protected":false},"featured_media":2778,"comment_status":"open","ping_status":"closed","template":"","meta":{"_uag_custom_page_level_css":"","_lmt_disableupdate":"no","_lmt_disable":"","site-sidebar-layout":"default","site-content-layout":"content-boxed-container","ast-site-content-layout":"normal-width-container","site-content-style":"boxed","site-sidebar-style":"unboxed","ast-global-header-display":"","ast-banner-title-visibility":"","ast-main-header-display":"","ast-hfb-above-header-display":"","ast-hfb-below-header-display":"","ast-hfb-mobile-header-display":"","site-post-title":"","ast-breadcrumbs-content":"","ast-featured-img":"","footer-sml-layout":"","ast-disable-related-posts":"","theme-transparent-header-meta":"default","adv-header-id-meta":"","stick-header-meta":"","header-above-stick-meta":"","header-main-stick-meta":"","header-below-stick-meta":"","astra-migrate-meta-layouts":"set","ast-page-background-enabled":"default","ast-page-background-meta":{"desktop":{"background-color":"var(--ast-global-color-4)","background-image":"","background-repeat":"repeat","background-position":"center center","background-size":"auto","background-attachment":"scroll","background-type":"","background-media":"","overlay-type":"","overlay-color":"","overlay-opacity":"","overlay-gradient":""},"tablet":{"background-color":"","background-image":"","background-repeat":"repeat","background-position":"center center","background-size":"auto","background-attachment":"scroll","background-type":"","background-media":"","overlay-type":"","overlay-color":"","overlay-opacity":"","overlay-gradient":""},"mobile":{"background-color":"","background-image":"","background-repeat":"repeat","background-position":"center center","background-size":"auto","background-attachment":"scroll","background-type":"","background-media":"","overlay-type":"","overlay-color":"","overlay-opacity":"","overlay-gradient":""}},"ast-content-background-meta":{"desktop":{"background-color":"var(--ast-global-color-5)","background-image":"","background-repeat":"repeat","background-position":"center center","background-size":"auto","background-attachment":"scroll","background-type":"","background-media":"","overlay-type":"","overlay-color":"","overlay-opacity":"","overlay-gradient":""},"tablet":{"background-color":"var(--ast-global-color-5)","background-image":"","background-repeat":"repeat","background-position":"center center","background-size":"auto","background-attachment":"scroll","background-type":"","background-media":"","overlay-type":"","overlay-color":"","overlay-opacity":"","overlay-gradient":""},"mobile":{"background-color":"var(--ast-global-color-5)","background-image":"","background-repeat":"repeat","background-position":"center center","background-size":"auto","background-attachment":"scroll","background-type":"","background-media":"","overlay-type":"","overlay-color":"","overlay-opacity":"","overlay-gradient":""}},"_joinchat":[]},"product_brand":[],"product_cat":[15,27,25,123,30,26,28,137,136,135],"product_tag":[223,230,231,205,229,228],"class_list":{"0":"post-2782","1":"product","2":"type-product","3":"status-publish","4":"has-post-thumbnail","6":"product_cat-new-vape-this-week","7":"product_cat-fance-hot-sale-vape","8":"product_cat-germany-best-selling-vape","9":"product_cat-italy-wholesale-vape","10":"product_cat-minimum-order-quantity-50pcs","11":"product_cat-netherlands-hot-sale-vape","12":"product_cat-poland-hot-sale-vape","13":"product_cat-rechargeable-vapes","14":"product_cat-smart-screen-vapes","15":"product_cat-spain-best-hot-sale-vape","16":"product_tag-jnr","17":"product_tag-jnr-phonevape-30000","18":"product_tag-jnr-phonevape-30k","19":"product_tag-jnr-vape","20":"product_tag-smart-disposable-vapes","21":"product_tag-touch-screen-vape","22":"desktop-align-left","23":"tablet-align-left","24":"mobile-align-left","26":"first","27":"instock","28":"sale","29":"shipping-taxable","30":"purchasable","31":"product-type-simple"},"uagb_featured_image_src":{"full":["https:\/\/rmvapesale.com\/wp-content\/uploads\/2024\/11\/JNR-Phone-Vape-30000-Disposable-Vape-Wholeale.png",1126,1126,false],"thumbnail":["https:\/\/rmvapesale.com\/wp-content\/uploads\/2024\/11\/JNR-Phone-Vape-30000-Disposable-Vape-Wholeale-150x150.png",150,150,true],"medium":["https:\/\/rmvapesale.com\/wp-content\/uploads\/2024\/11\/JNR-Phone-Vape-30000-Disposable-Vape-Wholeale-300x300.png",300,300,true],"medium_large":["https:\/\/rmvapesale.com\/wp-content\/uploads\/2024\/11\/JNR-Phone-Vape-30000-Disposable-Vape-Wholeale-768x768.png",768,768,true],"large":["https:\/\/rmvapesale.com\/wp-content\/uploads\/2024\/11\/JNR-Phone-Vape-30000-Disposable-Vape-Wholeale-1024x1024.png",1024,1024,true],"1536x1536":["https:\/\/rmvapesale.com\/wp-content\/uploads\/2024\/11\/JNR-Phone-Vape-30000-Disposable-Vape-Wholeale.png",1126,1126,false],"2048x2048":["https:\/\/rmvapesale.com\/wp-content\/uploads\/2024\/11\/JNR-Phone-Vape-30000-Disposable-Vape-Wholeale.png",1126,1126,false],"trp-custom-language-flag":["https:\/\/rmvapesale.com\/wp-content\/uploads\/2024\/11\/JNR-Phone-Vape-30000-Disposable-Vape-Wholeale.png",12,12,false],"woocommerce_thumbnail":["https:\/\/rmvapesale.com\/wp-content\/uploads\/2024\/11\/JNR-Phone-Vape-30000-Disposable-Vape-Wholeale-300x300.png",300,300,true],"woocommerce_single":["https:\/\/rmvapesale.com\/wp-content\/uploads\/2024\/11\/JNR-Phone-Vape-30000-Disposable-Vape-Wholeale-600x600.png",600,600,true],"woocommerce_gallery_thumbnail":["https:\/\/rmvapesale.com\/wp-content\/uploads\/2024\/11\/JNR-Phone-Vape-30000-Disposable-Vape-Wholeale-100x100.png",100,100,true],"wcpr-photo-reviews":["https:\/\/rmvapesale.com\/wp-content\/uploads\/2024\/11\/JNR-Phone-Vape-30000-Disposable-Vape-Wholeale.png",500,500,false]},"uagb_author_info":{"display_name":"AMY","author_link":"https:\/\/rmvapesale.com\/fr\/author\/"},"uagb_comment_info":0,"uagb_excerpt":"The JNR PhoneVape 30000 Smart Disposable Vape designed for modern vapers, offers a massive 30,000 puffs in Regular Mode and 18,000 puffs in Pulse Mode, making it perfect for long-lasting use. WhatsApp: +86 17776015835 &nbsp;","_links":{"self":[{"href":"https:\/\/rmvapesale.com\/fr\/wp-json\/wp\/v2\/product\/2782","targetHints":{"allow":["GET"]}}],"collection":[{"href":"https:\/\/rmvapesale.com\/fr\/wp-json\/wp\/v2\/product"}],"about":[{"href":"https:\/\/rmvapesale.com\/fr\/wp-json\/wp\/v2\/types\/product"}],"replies":[{"embeddable":true,"href":"https:\/\/rmvapesale.com\/fr\/wp-json\/wp\/v2\/comments?post=2782"}],"wp:featuredmedia":[{"embeddable":true,"href":"https:\/\/rmvapesale.com\/fr\/wp-json\/wp\/v2\/media\/2778"}],"wp:attachment":[{"href":"https:\/\/rmvapesale.com\/fr\/wp-json\/wp\/v2\/media?parent=2782"}],"wp:term":[{"taxonomy":"product_brand","embeddable":true,"href":"https:\/\/rmvapesale.com\/fr\/wp-json\/wp\/v2\/product_brand?post=2782"},{"taxonomy":"product_cat","embeddable":true,"href":"https:\/\/rmvapesale.com\/fr\/wp-json\/wp\/v2\/product_cat?post=2782"},{"taxonomy":"product_tag","embeddable":true,"href":"https:\/\/rmvapesale.com\/fr\/wp-json\/wp\/v2\/product_tag?post=2782"}],"curies":[{"name":"wp","href":"https:\/\/api.w.org\/{rel}","templated":true}]}}