{"id":2820,"date":"2024-11-30T03:54:20","date_gmt":"2024-11-30T03:54:20","guid":{"rendered":"https:\/\/rmvapesale.com\/?post_type=product&#038;p=2820"},"modified":"2024-11-30T07:30:19","modified_gmt":"2024-11-30T07:30:19","slug":"bang-32000-puffs-rechargeable-disposable-box-vape-wholesale-double-flavor-switching","status":"publish","type":"product","link":"https:\/\/rmvapesale.com\/fr\/product\/bang-32000-puffs-rechargeable-disposable-box-vape-wholesale-double-flavor-switching\/","title":{"rendered":"Bang 32000 Bouff\u00e9es Rechargeable Cigarette \u00c9lectronique Jetable Bo\u00eete Grossiste Double Saveur Switch"},"content":{"rendered":"<div class=\"B2VR9 CJHX3e\">\n<div class=\"wyccme\">\n<h1 class=\"LC20lb MBeuO DKV0Md\">Bang 32000 Bouff\u00e9es Rechargeable Cigarette \u00c9lectronique Jetable Bo\u00eete Grossiste Double Saveur Switch<\/h1>\n<div class=\"flex-shrink-0 flex flex-col relative items-end\">\n<div class=\"pt-0\">\n<div class=\"gizmo-bot-avatar flex h-8 w-8 items-center justify-center overflow-hidden rounded-full\">\n<div class=\"relative p-1 rounded-sm flex items-center justify-center bg-token-main-surface-primary text-token-text-primary h-8 w-8\">\n<p>L' <strong>Bang 32000 Bouff\u00e9es Vape Jetable Rechargeable Bo\u00eete<\/strong>, con\u00e7ue pour la commodit\u00e9, la polyvalence et une satisfaction durable. Cet appareil innovant red\u00e9finit les vapes jetables, offrant une capacit\u00e9 remarquable de 32 000 bouff\u00e9es gr\u00e2ce \u00e0 ses deux r\u00e9servoirs de e-liquide de 26 ml, vous profiterez d\u2019un voyage de vapotage prolong\u00e9 sans le tracas de remplacements fr\u00e9quents.<\/p>\n<p>L'une de ses caract\u00e9ristiques remarquables est la <strong>technologie de commutation double saveur<\/strong>, permettant aux utilisateurs d\u2019alterner facilement entre deux saveurs dans le m\u00eame appareil. Cette fonctionnalit\u00e9 unique garantit de la vari\u00e9t\u00e9 \u00e0 chaque bouff\u00e9e, ce qui le rend parfait pour ceux qui aiment changer leur exp\u00e9rience de vapotage en d\u00e9placement. En compl\u00e9ment de cette polyvalence, la possibilit\u00e9 de personnaliser la force de nicotine, avec des options allant de 0% \u00e0 5%, r\u00e9pond aux besoins des utilisateurs sans nicotine et de ceux recherchant des doses plus fortes.<\/p>\n<p>Avec <strong>12 saveurs attrayantes au choix<\/strong>, il y en a pour tous les go\u00fbts. Que vous pr\u00e9f\u00e9riez des profils fruit\u00e9s, menthol\u00e9s ou inspir\u00e9s des desserts, cet appareil garantit une exp\u00e9rience de vapotage personnalis\u00e9e qui ne devient jamais monotone. Son design \u00e9l\u00e9gant et portable, associ\u00e9 \u00e0 des performances fiables, en fait un excellent choix pour un usage personnel et les march\u00e9s en gros. Les d\u00e9taillants appr\u00e9cieront \u00e9galement son emballage attrayant, en faisant un ajout parfait \u00e0 toute <strong>ligne de vapes en display<\/strong> .<\/p>\n<p>Que vous recherchiez une<strong>\u00a0vapes jetables<\/strong> rechargeable <strong>vape jetable \u00e0 faible teneur en nicotine<\/strong> qui allie style et substance, ou une <strong>Bang 32000 Bouff\u00e9es Vape Jetable Rechargeable Bo\u00eete<\/strong> pour r\u00e9pondre \u00e0 des pr\u00e9f\u00e9rences sp\u00e9cifiques, le <strong>grossiste de vape<\/strong> est votre solution id\u00e9ale. Parfait pour<\/p>\n<\/div>\n<\/div>\n<\/div>\n<\/div>\n<\/div>\n<\/div>\n<p><strong>Contactez Amy pour obtenir la bonne r\u00e9ponse et un coupon de vape !<\/strong><\/p>\n<p><img loading=\"lazy\" decoding=\"async\" class=\"size-full wp-image-1978\" src=\"https:\/\/rmvapesale.com\/wp-content\/uploads\/2024\/09\/Disposable-Vape-Wholesale.jpg\" alt=\"Vente en gros de vapes jetables\" width=\"229\" height=\"300\" \/><\/p>\n<h3><a href=\"https:\/\/wa.me\/8617776015835\" target=\"_blank\" rel=\"noopener\"><span style=\"color: #ff0000\"><strong>WhatsApp: +86 17776015835<\/strong><\/span><\/a><\/h3>\n<p>&nbsp;<\/p>\n<h2><\/h2>\n<h2><strong>distributeurs et utilisateurs individuels, cet appareil combine innovation, commodit\u00e9 et performance sup\u00e9rieure dans un emballage polyvalent.<\/strong><\/h2>\n<ul>\n<li>Jusqu'\u00e0 32 000 bouff\u00e9es avec deux pods de 26 ml.<\/li>\n<li>Double changement de saveur pour plus de vari\u00e9t\u00e9.<\/li>\n<li>Niveaux de nicotine personnalisables (0 %-5 %).<\/li>\n<li>Batterie rechargeable de 650 mAh avec port Type-C.<\/li>\n<li>Saveur am\u00e9lior\u00e9e gr\u00e2ce \u00e0 la r\u00e9sistance Mesh Coil de 1,0 ohm.<\/li>\n<\/ul>\n<h2><strong>Saveur principale pour Bang 32k<\/strong><\/h2>\n<p>&nbsp;<\/p>\n<p>1. Past\u00e8que Glac\u00e9e + Menthe Myrtille <span style=\"color: #ff0000\"><strong>&gt;&gt;&gt;&gt; Chaud!<\/strong><\/span><br \/>\n2. Past\u00e8que Glac\u00e9e + Fraise et Mangue<br \/>\n3. Fraise et Past\u00e8que + Kiwi Fruit de Passion Goyave<br \/>\n4. Fraise et Past\u00e8que + Gla\u00e7on de Raisin<br \/>\n5. Framboise Myrtille + P\u00eache Mangue Past\u00e8que<br \/>\n6. Myrtille Past\u00e8que + Fraise Mangue<br \/>\n7. Glace \u00e0 la Myrtille + Glace Dragon Noir<br \/>\n8. Glace \u00e0 la Myrtille + Fraise et Banane<br \/>\n9. Red Bull + Past\u00e8que Myrtille <span style=\"color: #ff0000\"><strong>&gt;&gt;&gt;&gt; Le meilleur !<\/strong><\/span><br \/>\n10. Red Bull + Bonbons \u00e0 la Bulle Past\u00e8que<br \/>\n11. Fraise Kiwi + P\u00eache Glac\u00e9e<br \/>\n12. Fraise Kiwi + Pomme Acide Framboise<\/p>\n<p>&nbsp;<\/p>\n<h3><strong>Pourquoi choisir Rmvapesale pour Bang 32000 Bouff\u00e9es <\/strong><strong>V<\/strong><strong>jetables<\/strong><strong>?<\/strong><\/h3>\n<div class=\"flex-shrink-0 flex flex-col relative items-end\">\n<div class=\"pt-0\">\n<div class=\"gizmo-bot-avatar flex h-8 w-8 items-center justify-center overflow-hidden rounded-full\">\n<div class=\"relative p-1 rounded-sm flex items-center justify-center bg-token-main-surface-primary text-token-text-primary h-8 w-8\">\n<p>Bienvenue chez Rmvapesale, votre boutique de vape de confiance pour les vapes jetables premium. Avec plus de 5 ans d'expertise, nous vous proposons des marques populaires de vapes jetables telles que Al Fakher, <a href=\"https:\/\/rmvapesale.com\/fr\/product-category\/bang-vapes\/\">Bang Vape<\/a>, Waspe, WGA Vape et<a href=\"https:\/\/rmvapesale.com\/fr\/product-category\/randm-fumot-vape\/\"> RandM Vape<\/a>.<\/p>\n<p>Notre gamme comprend des vapes en promotion comme le <a href=\"https:\/\/rmvapesale.com\/fr\/product\/randm-tornado-15000-puffs-vape-wholesale\/\">RandM Tornado 15000<\/a> et des choix riches en saveurs comme le Vapme 70000. Chaque produit est choisi en mettant l'accent sur la qualit\u00e9, la valeur et la vari\u00e9t\u00e9, vous assurant de trouver la correspondance parfaite pour vos besoins. D\u00e9couvrez un service exceptionnel et une large gamme de produits de1\u00e8re qualit\u00e9 sur Rmvapesale.<\/p>\n<\/div>\n<h3><\/h3>\n<div class=\"relative p-1 rounded-sm flex items-center justify-center bg-token-main-surface-primary text-token-text-primary h-8 w-8\">\n<h3><b> FAQ pour Bang 32<\/b><b>Vape Jetable Rechargeable K<\/b><\/h3>\n<div class=\"group\/conversation-turn relative flex w-full min-w-0 flex-col agent-turn\">\n<div class=\"flex-col gap-1 md:gap-3\">\n<div class=\"flex max-w-full flex-col flex-grow\">\n<div class=\"min-h-8 text-message flex w-full flex-col items-end gap-2 whitespace-normal break-words [.text-message+&amp;]:mt-5\" dir=\"auto\" data-message-author-role=\"assistant\" data-message-id=\"00c9b302-bc9c-4550-94ba-5a295efa2be3\" data-message-model-slug=\"gpt-4o\">\n<div class=\"flex w-full flex-col gap-1 empty:hidden first:pt-[3px]\">\n<div class=\"markdown prose w-full break-words dark:prose-invert light\">\n<div class=\"flex-shrink-0 flex flex-col relative items-end\">\n<div>\n<div class=\"pt-0\">\n<div class=\"gizmo-bot-avatar flex h-8 w-8 items-center justify-center overflow-hidden rounded-full\">\n<div class=\"relative p-1 rounded-sm flex items-center justify-center bg-token-main-surface-primary text-token-text-primary h-8 w-8\">\n<div class=\"flex-shrink-0 flex flex-col relative items-end\">\n<div>\n<div class=\"pt-0\">\n<div class=\"gizmo-bot-avatar flex h-8 w-8 items-center justify-center overflow-hidden rounded-full\">\n<div class=\"relative p-1 rounded-sm flex items-center justify-center bg-token-main-surface-primary text-token-text-primary h-8 w-8\">\n<p>&nbsp;<\/p>\n<p><strong>Combien de Bouff\u00e9es offre la bo\u00eete Bang 32000 ?<\/strong><br \/>\nLa bo\u00eete Bang 32000 offre une impressionnante quantit\u00e9 de 32 000 bouff\u00e9es, gr\u00e2ce \u00e0 ses deux pods de 26 ml de e-liquide, qui offrent une satisfaction durable pour les utilisateurs.<\/p>\n<p><strong>Combien de temps dure le stylo Vape Jetable Bang Box 32K populaire ?<\/strong><br \/>\nLa dur\u00e9e de vie du Bang Box 32K d\u00e9pend des habitudes d'utilisation. Pour un utilisateur mod\u00e9r\u00e9, il peut durer plusieurs semaines, ce qui en fait un excellent choix pour une utilisation prolong\u00e9e sans remplacements fr\u00e9quents.<\/p>\n<p><strong>Quels sont les parfums populaires pour la bo\u00eete jetable Bang Vape 32000 bouff\u00e9es ?<\/strong><br \/>\nCertains des parfums populaires incluent des m\u00e9langes fruit\u00e9s comme Mangue Glac\u00e9e, Ice Lush, et Framboise Myrtille, ainsi que des options inspir\u00e9es des desserts et des choix menthol\u00e9s rafra\u00eechissants. La s\u00e9lection vari\u00e9e de saveurs r\u00e9pond \u00e0 une gamme de pr\u00e9f\u00e9rences gustatives.<\/p>\n<p><strong>Combien de temps faut-il pour charger une vape rechargeable Bang Box 32K ?<\/strong><br \/>\nLa charge de la Bang Box 32K prend environ 1 \u00e0 2 heures en utilisant son port de charge Type-C, offrant une alimentation fiable pour des sessions de vapotage sans interruption.<\/p>\n<p><strong>Quelle quantit\u00e9 de nicotine contient une vape jetable Bang 32000 bouff\u00e9es ?<\/strong><br \/>\nLa Bang 32000 permet de personnaliser les niveaux de nicotine, avec des options telles que 0%, 2%, 3% et 5%, ce qui la rend adapt\u00e9e \u00e0 diverses pr\u00e9f\u00e9rences des utilisateurs.<\/p>\n<\/div>\n<\/div>\n<\/div>\n<\/div>\n<\/div>\n<\/div>\n<\/div>\n<\/div>\n<\/div>\n<\/div>\n<div class=\"group\/conversation-turn relative flex w-full min-w-0 flex-col agent-turn\">\n<div class=\"flex-col gap-1 md:gap-3\">\n<div class=\"flex max-w-full flex-col flex-grow\">\n<div class=\"min-h-8 text-message flex w-full flex-col items-end gap-2 whitespace-normal break-words [.text-message+&amp;]:mt-5\" dir=\"auto\" data-message-author-role=\"assistant\" data-message-id=\"a3dc01bd-23b0-4fd7-bb9a-7827522cefd8\" data-message-model-slug=\"gpt-4o\">\n<div class=\"flex w-full flex-col gap-1 empty:hidden first:pt-[3px]\"><\/div>\n<\/div>\n<\/div>\n<\/div>\n<\/div>\n<\/div>\n<\/div>\n<\/div>\n<\/div>\n<\/div>\n<\/div>\n<\/div>\n<\/div>\n<\/div>\n<\/div>\n<h3>\u00c0 propos de l'exp\u00e9dition<\/h3>\n<div class=\"flex-shrink-0 flex flex-col relative items-end\">\n<div>\n<div class=\"pt-0\">\n<div class=\"gizmo-bot-avatar flex h-8 w-8 items-center justify-center overflow-hidden rounded-full\">\n<div><\/div>\n<div class=\"relative p-1 rounded-sm flex items-center justify-center bg-token-main-surface-primary text-token-text-primary h-8 w-8\"><strong>1. Quelles m\u00e9thodes d'exp\u00e9dition sont utilis\u00e9es ?<\/strong><\/div>\n<\/div>\n<\/div>\n<\/div>\n<\/div>\n<div class=\"group\/conversation-turn relative flex w-full min-w-0 flex-col agent-turn\">\n<div class=\"flex-col gap-1 md:gap-3\">\n<div class=\"flex max-w-full flex-col flex-grow\">\n<div class=\"min-h-[20px] text-message flex w-full flex-col items-end gap-2 whitespace-normal break-words [.text-message+&amp;]:mt-5 overflow-x-auto\" dir=\"auto\" data-message-author-role=\"assistant\" data-message-id=\"22f8283b-3233-46ff-89a5-c7a41b33abda\">\n<div class=\"flex w-full flex-col gap-1 empty:hidden first:pt-[3px]\">\n<div class=\"markdown prose w-full break-words dark:prose-invert light\">\n<p>Nous travaillons en partenariat avec UPS, DHL, FedEx, DPD et d'autres transporteurs de premier plan. Nous s\u00e9lectionnerons la meilleure m\u00e9thode d'exp\u00e9dition en fonction de votre lieu de livraison pour que vous receviez vos produits le plus rapidement possible.<\/p>\n<\/div>\n<p><strong>2. Combien de temps faut-il pour que cela arrive ?<\/strong><\/p>\n<p>Les colis exp\u00e9di\u00e9s en France arrivent g\u00e9n\u00e9ralement sous 10 jours ouvrables. L'exp\u00e9dition vers les pays europ\u00e9ens prend g\u00e9n\u00e9ralement environ 12 \u00e0 15 jours ouvrables. Nous vous fournirons des mises \u00e0 jour en temps r\u00e9el sur l'\u00e9tat de votre envoi.<\/p>\n<\/div>\n<\/div>\n<\/div>\n<\/div>\n<\/div>\n<p>&nbsp;<\/p>\n<p>Trouvez plus de produits de vape que vous pourriez aimer :<strong><em><a href=\"https:\/\/rmvapesale.com\/fr\/shop-2\/\">Achetez maintenant &gt;&gt;&gt;<\/a><\/em><\/strong><\/p>","protected":false},"excerpt":{"rendered":"<p>Bang royaumes 32k Bouff\u00e9es Double Saveurs Jetable<br \/>\nBang Vape 32000 Bouff\u00e9es Vape Jetable en Gros<br \/>\nUsine en Gros Bang 32000 Bouff\u00e9es Vape Jetable<\/p>\n<p><img loading=\"lazy\" decoding=\"async\" class=\"size-full wp-image-2375\" src=\"https:\/\/rmvapesale.com\/wp-content\/uploads\/2024\/10\/image.png\" alt=\"Meilleure vape jetable\" width=\"229\" height=\"300\" \/><\/p>\n<h3><a href=\"https:\/\/wa.me\/8617776015835\"><span style=\"color: #ff0000\"><strong>WhatsApp: +86 17776015835<\/strong><\/span><\/a><\/h3>\n<p>&nbsp;<\/p>","protected":false},"featured_media":2821,"comment_status":"open","ping_status":"closed","template":"","meta":{"_uag_custom_page_level_css":"","_lmt_disableupdate":"no","_lmt_disable":"","site-sidebar-layout":"default","site-content-layout":"content-boxed-container","ast-site-content-layout":"normal-width-container","site-content-style":"boxed","site-sidebar-style":"unboxed","ast-global-header-display":"","ast-banner-title-visibility":"","ast-main-header-display":"","ast-hfb-above-header-display":"","ast-hfb-below-header-display":"","ast-hfb-mobile-header-display":"","site-post-title":"","ast-breadcrumbs-content":"","ast-featured-img":"","footer-sml-layout":"","theme-transparent-header-meta":"default","adv-header-id-meta":"","stick-header-meta":"","header-above-stick-meta":"","header-main-stick-meta":"","header-below-stick-meta":"","astra-migrate-meta-layouts":"set","ast-page-background-enabled":"default","ast-page-background-meta":{"desktop":{"background-color":"var(--ast-global-color-4)","background-image":"","background-repeat":"repeat","background-position":"center center","background-size":"auto","background-attachment":"scroll","background-type":"","background-media":"","overlay-type":"","overlay-color":"","overlay-opacity":"","overlay-gradient":""},"tablet":{"background-color":"","background-image":"","background-repeat":"repeat","background-position":"center center","background-size":"auto","background-attachment":"scroll","background-type":"","background-media":"","overlay-type":"","overlay-color":"","overlay-opacity":"","overlay-gradient":""},"mobile":{"background-color":"","background-image":"","background-repeat":"repeat","background-position":"center center","background-size":"auto","background-attachment":"scroll","background-type":"","background-media":"","overlay-type":"","overlay-color":"","overlay-opacity":"","overlay-gradient":""}},"ast-content-background-meta":{"desktop":{"background-color":"var(--ast-global-color-5)","background-image":"","background-repeat":"repeat","background-position":"center center","background-size":"auto","background-attachment":"scroll","background-type":"","background-media":"","overlay-type":"","overlay-color":"","overlay-opacity":"","overlay-gradient":""},"tablet":{"background-color":"var(--ast-global-color-5)","background-image":"","background-repeat":"repeat","background-position":"center center","background-size":"auto","background-attachment":"scroll","background-type":"","background-media":"","overlay-type":"","overlay-color":"","overlay-opacity":"","overlay-gradient":""},"mobile":{"background-color":"var(--ast-global-color-5)","background-image":"","background-repeat":"repeat","background-position":"center center","background-size":"auto","background-attachment":"scroll","background-type":"","background-media":"","overlay-type":"","overlay-color":"","overlay-opacity":"","overlay-gradient":""}},"_joinchat":[]},"product_brand":[],"product_cat":[15,25,123,26,28,135,27,137,30],"product_tag":[233,187,199],"class_list":{"0":"post-2820","1":"product","2":"type-product","3":"status-publish","4":"has-post-thumbnail","6":"product_cat-new-vape-this-week","7":"product_cat-germany-best-selling-vape","8":"product_cat-italy-wholesale-vape","9":"product_cat-netherlands-hot-sale-vape","10":"product_cat-poland-hot-sale-vape","11":"product_cat-spain-best-hot-sale-vape","12":"product_cat-fance-hot-sale-vape","13":"product_cat-rechargeable-vapes","14":"product_cat-minimum-order-quantity-50pcs","15":"product_tag-bang-32000","16":"product_tag-bang-box-vape","17":"product_tag-bang-vape","18":"desktop-align-left","19":"tablet-align-left","20":"mobile-align-left","22":"first","23":"instock","24":"sale","25":"shipping-taxable","26":"purchasable","27":"product-type-simple"},"uagb_featured_image_src":{"full":["https:\/\/rmvapesale.com\/wp-content\/uploads\/2024\/11\/Bang-32000-Puffs-Wholesale-Disposable-Vape.png",1126,1126,false],"thumbnail":["https:\/\/rmvapesale.com\/wp-content\/uploads\/2024\/11\/Bang-32000-Puffs-Wholesale-Disposable-Vape-150x150.png",150,150,true],"medium":["https:\/\/rmvapesale.com\/wp-content\/uploads\/2024\/11\/Bang-32000-Puffs-Wholesale-Disposable-Vape-300x300.png",300,300,true],"medium_large":["https:\/\/rmvapesale.com\/wp-content\/uploads\/2024\/11\/Bang-32000-Puffs-Wholesale-Disposable-Vape-768x768.png",768,768,true],"large":["https:\/\/rmvapesale.com\/wp-content\/uploads\/2024\/11\/Bang-32000-Puffs-Wholesale-Disposable-Vape-1024x1024.png",1024,1024,true],"1536x1536":["https:\/\/rmvapesale.com\/wp-content\/uploads\/2024\/11\/Bang-32000-Puffs-Wholesale-Disposable-Vape.png",1126,1126,false],"2048x2048":["https:\/\/rmvapesale.com\/wp-content\/uploads\/2024\/11\/Bang-32000-Puffs-Wholesale-Disposable-Vape.png",1126,1126,false],"trp-custom-language-flag":["https:\/\/rmvapesale.com\/wp-content\/uploads\/2024\/11\/Bang-32000-Puffs-Wholesale-Disposable-Vape.png",12,12,false],"woocommerce_thumbnail":["https:\/\/rmvapesale.com\/wp-content\/uploads\/2024\/11\/Bang-32000-Puffs-Wholesale-Disposable-Vape-300x300.png",300,300,true],"woocommerce_single":["https:\/\/rmvapesale.com\/wp-content\/uploads\/2024\/11\/Bang-32000-Puffs-Wholesale-Disposable-Vape-600x600.png",600,600,true],"woocommerce_gallery_thumbnail":["https:\/\/rmvapesale.com\/wp-content\/uploads\/2024\/11\/Bang-32000-Puffs-Wholesale-Disposable-Vape-100x100.png",100,100,true],"wcpr-photo-reviews":["https:\/\/rmvapesale.com\/wp-content\/uploads\/2024\/11\/Bang-32000-Puffs-Wholesale-Disposable-Vape.png",500,500,false]},"uagb_author_info":{"display_name":"AMY","author_link":"https:\/\/rmvapesale.com\/fr\/author\/"},"uagb_comment_info":0,"uagb_excerpt":"Bang kingdoms 32k Puffs dual flavors Disposable Bang Vape 32000 Puffs Wholesale Disposable Vape Factory Wholesale Bang 32000 Puff Vape Disposable WhatsApp: +86 17776015835 &nbsp;","_links":{"self":[{"href":"https:\/\/rmvapesale.com\/fr\/wp-json\/wp\/v2\/product\/2820","targetHints":{"allow":["GET"]}}],"collection":[{"href":"https:\/\/rmvapesale.com\/fr\/wp-json\/wp\/v2\/product"}],"about":[{"href":"https:\/\/rmvapesale.com\/fr\/wp-json\/wp\/v2\/types\/product"}],"replies":[{"embeddable":true,"href":"https:\/\/rmvapesale.com\/fr\/wp-json\/wp\/v2\/comments?post=2820"}],"wp:featuredmedia":[{"embeddable":true,"href":"https:\/\/rmvapesale.com\/fr\/wp-json\/wp\/v2\/media\/2821"}],"wp:attachment":[{"href":"https:\/\/rmvapesale.com\/fr\/wp-json\/wp\/v2\/media?parent=2820"}],"wp:term":[{"taxonomy":"product_brand","embeddable":true,"href":"https:\/\/rmvapesale.com\/fr\/wp-json\/wp\/v2\/product_brand?post=2820"},{"taxonomy":"product_cat","embeddable":true,"href":"https:\/\/rmvapesale.com\/fr\/wp-json\/wp\/v2\/product_cat?post=2820"},{"taxonomy":"product_tag","embeddable":true,"href":"https:\/\/rmvapesale.com\/fr\/wp-json\/wp\/v2\/product_tag?post=2820"}],"curies":[{"name":"wp","href":"https:\/\/api.w.org\/{rel}","templated":true}]}}