{"id":2831,"date":"2024-12-02T03:50:09","date_gmt":"2024-12-02T03:50:09","guid":{"rendered":"https:\/\/rmvapesale.com\/?post_type=product&#038;p=2831"},"modified":"2024-12-03T09:57:39","modified_gmt":"2024-12-03T09:57:39","slug":"randm-tornado-15000-puff-fumot-vape-bulk-buy-price","status":"publish","type":"product","link":"https:\/\/rmvapesale.com\/fr\/product\/randm-tornado-15000-puff-fumot-vape-bulk-buy-price\/","title":{"rendered":"RandM Tornado 15000 Bouff\u00e9es Fumot Vape Prix d'Achat en Gros"},"content":{"rendered":"<div class=\"B2VR9 CJHX3e\">\n<div class=\"wyccme\">\n<h1 class=\"LC20lb MBeuO DKV0Md\">RandM Tornado 15000 Bouff\u00e9es Fumot Vape Prix d'Achat en Gros<\/h1>\n<div class=\"flex-shrink-0 flex flex-col relative items-end\">\n<div class=\"pt-0\">\n<div class=\"gizmo-bot-avatar flex h-8 w-8 items-center justify-center overflow-hidden rounded-full\">\n<div class=\"relative p-1 rounded-sm flex items-center justify-center bg-token-main-surface-primary text-token-text-primary h-8 w-8\">\n<p>L' <strong>RandM Tornado 15000 Bouff\u00e9es Fumot Vape<\/strong> est le m\u00e9lange parfait de performance et de style, ce qui en fait un choix de premier ordre pour les vapoteurs \u00e0 la recherche d'un appareil jetable haut de gamme. Offrant un nombre impressionnant de <strong>15 000 bouff\u00e9es<\/strong>, ce <strong>jetable et rechargeable<\/strong> est aliment\u00e9 par une <strong>batterie de 850 mAh<\/strong> avec une <strong>recharge USB Type-C<\/strong>.<\/p>\n<p>rapide et pratique. L'une de ses caract\u00e9ristiques remarquables est son <strong>\u00e9cran LED<\/strong>\u00e9cran intelligent <strong>technologie de bobine mesh<\/strong>vibrant, qui fournit des mises \u00e0 jour en temps r\u00e9el sur la dur\u00e9e de vie de la batterie et les niveaux d'huile. Cela vous assure de ne jamais manquer de puissance ou d'e-liquide de mani\u00e8re inattendue, ajoutant une couche de commodit\u00e9 \u00e0 votre exp\u00e9rience de vapotage. Associ\u00e9 \u00e0 une technologie de<\/p>\n<p>Avec <strong>bobine de maille<\/strong> avanc\u00e9e, le vape d\u00e9livre une vapeur toujours lisse et une saveur riche du d\u00e9but \u00e0 la fin. <strong>RandM 15000<\/strong> Avec <strong>41 saveurs irr\u00e9sistibles<\/strong>au choix, y compris des profils fruit\u00e9s, menthol\u00e9s et inspir\u00e9s des desserts, il y a de quoi satisfaire tous les palais. Des options populaires comme Mangue Glac\u00e9e, Fraise Past\u00e8que et Myrtille Framboise sont con\u00e7ues pour offrir une exp\u00e9rience satisfaisante et rafra\u00eechissante. Que vous soyez un d\u00e9butant ou un vapoteur exp\u00e9riment\u00e9, le<\/p>\n<p>offre une force de nicotine personnalisable de <strong>RandM Vape 15000<\/strong> est id\u00e9al pour un usage personnel ou des achats en gros pour la <strong>grossiste de vape<\/strong>. Am\u00e9liorez votre exp\u00e9rience de vapotage avec cet appareil innovant et performant qui combine des fonctionnalit\u00e9s de pointe avec un design \u00e9l\u00e9gant et convivial.<\/p>\n<\/div>\n<\/div>\n<\/div>\n<\/div>\n<\/div>\n<\/div>\n<p><strong>Contactez Amy pour obtenir la bonne r\u00e9ponse et un coupon de vape !<\/strong><\/p>\n<p><img loading=\"lazy\" decoding=\"async\" class=\"size-full wp-image-1978\" src=\"https:\/\/rmvapesale.com\/wp-content\/uploads\/2024\/09\/Disposable-Vape-Wholesale.jpg\" alt=\"Vente en gros de vapes jetables\" width=\"229\" height=\"300\" \/><\/p>\n<h3><a href=\"https:\/\/wa.me\/8617776015835\" target=\"_blank\" rel=\"noopener\"><span style=\"color: #ff0000\"><strong>WhatsApp: +86 17776015835<\/strong><\/span><\/a><\/h3>\n<p>&nbsp;<\/p>\n<h2><\/h2>\n<h2><strong>RandM Tornado 15000 Caract\u00e9ristiques Principales<\/strong><\/h2>\n<ul>\n<li>Jusqu'\u00e0 32 000 bouff\u00e9es avec deux pods de 26 ml.<\/li>\n<li>Double changement de saveur pour plus de vari\u00e9t\u00e9.<\/li>\n<li>Niveaux de nicotine personnalisables (0 %-5 %).<\/li>\n<li>Batterie rechargeable de 650 mAh avec port Type-C.<\/li>\n<li>Saveur am\u00e9lior\u00e9e gr\u00e2ce \u00e0 la r\u00e9sistance Mesh Coil de 1,0 ohm.<\/li>\n<\/ul>\n<h2><strong>Meilleures saveurs pour le RandM Tornado 15k<\/strong><\/h2>\n<p>&nbsp;<\/p>\n<p>1.Limonade aux Framboises Bleues<br \/>\n2.P\u00eache Glac\u00e9e<br \/>\n3.Pomme Acide<br \/>\n4. Past\u00e8que Glace<br \/>\n5.Myrtille Glac\u00e9e<br \/>\n6. Myrtille Framboise<br \/>\n7.Ananas Glac\u00e9<br \/>\n8.Cerise<br \/>\n9. Fraise glac\u00e9e<br \/>\n10.Vimto<br \/>\n11.Raisin Glac\u00e9<br \/>\n12.Cola glac\u00e9<br \/>\n13.Fraise Past\u00e8que<br \/>\n14.Limonade Rose<br \/>\n15.Baies Mixtes<br \/>\n16.P\u00eache Mangue<br \/>\n17.Fruit du Dragon<br \/>\n18.Fraise Raisin<br \/>\n19.Mr Blue<br \/>\n20 Glace luxuriante<br \/>\n21.Sucette Glac\u00e9e<br \/>\n22.Fraise Kiwi<br \/>\n23.Kiwi Fruit de la Passion Goyave<br \/>\n24.Triple Baie<br \/>\n25.Banane Glac\u00e9e<br \/>\n26.Bonbon P\u00eache Myrtille<br \/>\n27 Pomme P\u00eache Poire<br \/>\n28 Limonade aux baies<br \/>\n29 Cerise framboise bleue<br \/>\n30 Chewing-gum myrtille<br \/>\n31.Myrtille Cerise Canneberge<br \/>\n32.Myrtille Grenade<br \/>\n33.Framboise Bleue Acide<br \/>\n34.Cola Cerise<br \/>\n35.Ours Gommeux<br \/>\n36.Citron<br \/>\n37.Mangue Glac\u00e9e<br \/>\n38.Boisson \u00c9nergisante Glac\u00e9e<br \/>\n39.Fraise Banane<br \/>\n40.Fraise Boisson \u00c9nergisante<br \/>\n41.Limonade fraise past\u00e8que<br \/>\n42.Th\u00e9 Glac\u00e9 Citron Glac\u00e9<br \/>\n43.Th\u00e9 Glac\u00e9 P\u00eache Glac\u00e9e<br \/>\n44.Cerise P\u00e9tillante<br \/>\n45.Skittles<\/p>\n<p>&nbsp;<\/p>\n<h3><strong>Pourquoi choisir Rmvapesale pour la Puff Fumot 15k\u00a0<\/strong><strong>V<\/strong><strong>jetables<\/strong><strong>?<\/strong><\/h3>\n<div class=\"flex-shrink-0 flex flex-col relative items-end\">\n<div class=\"pt-0\">\n<div class=\"gizmo-bot-avatar flex h-8 w-8 items-center justify-center overflow-hidden rounded-full\">\n<div class=\"relative p-1 rounded-sm flex items-center justify-center bg-token-main-surface-primary text-token-text-primary h-8 w-8\">\n<p>Bienvenue chez Rmvapesale, votre boutique de vape de confiance pour les vapes jetables premium. Avec plus de 5 ans d'expertise, nous vous proposons des marques populaires de vapes jetables telles que Al Fakher, <a href=\"https:\/\/rmvapesale.com\/fr\/product-category\/bang-vapes\/\">Bang Vape<\/a>, Waspe, WGA Vape et<a href=\"https:\/\/rmvapesale.com\/fr\/product-category\/randm-fumot-vape\/\"> RandM Vape<\/a>.<\/p>\n<p>Notre gamme comprend des vapes en promotion comme le <a href=\"https:\/\/rmvapesale.com\/fr\/product\/randm-tornado-15000-puffs-vape-wholesale\/\">RandM Tornado 15000<\/a> et des choix riches en saveurs comme le Vapme 70000. Chaque produit est choisi en mettant l'accent sur la qualit\u00e9, la valeur et la vari\u00e9t\u00e9, vous assurant de trouver la correspondance parfaite pour vos besoins. D\u00e9couvrez un service exceptionnel et une large gamme de produits de1\u00e8re qualit\u00e9 sur Rmvapesale.<\/p>\n<\/div>\n<h3><\/h3>\n<div class=\"relative p-1 rounded-sm flex items-center justify-center bg-token-main-surface-primary text-token-text-primary h-8 w-8\">\n<h3><b> FAQs pour la Puff RandM 15000 <\/b><b>Vape jetable rechargeable<\/b><\/h3>\n<div class=\"group\/conversation-turn relative flex w-full min-w-0 flex-col agent-turn\">\n<div class=\"flex-col gap-1 md:gap-3\">\n<div class=\"flex max-w-full flex-col flex-grow\">\n<div class=\"min-h-8 text-message flex w-full flex-col items-end gap-2 whitespace-normal break-words [.text-message+&amp;]:mt-5\" dir=\"auto\" data-message-author-role=\"assistant\" data-message-id=\"00c9b302-bc9c-4550-94ba-5a295efa2be3\" data-message-model-slug=\"gpt-4o\">\n<div class=\"flex w-full flex-col gap-1 empty:hidden first:pt-[3px]\">\n<div class=\"markdown prose w-full break-words dark:prose-invert light\">\n<div class=\"flex-shrink-0 flex flex-col relative items-end\">\n<div>\n<div class=\"pt-0\">\n<div class=\"gizmo-bot-avatar flex h-8 w-8 items-center justify-center overflow-hidden rounded-full\">\n<div class=\"relative p-1 rounded-sm flex items-center justify-center bg-token-main-surface-primary text-token-text-primary h-8 w-8\">\n<div class=\"flex-shrink-0 flex flex-col relative items-end\">\n<div>\n<div class=\"pt-0\">\n<div class=\"gizmo-bot-avatar flex h-8 w-8 items-center justify-center overflow-hidden rounded-full\">\n<div class=\"relative p-1 rounded-sm flex items-center justify-center bg-token-main-surface-primary text-token-text-primary h-8 w-8\">\n<p>&nbsp;<\/p>\n<p><strong>O\u00f9 acheter la Puff RandM Tornado 15000 bouff\u00e9es en gros en France<\/strong><br \/>\nPour acheter la Puff RandM Tornado 15000 bouff\u00e9es \u00e0 des prix de gros en France, contactez les distributeurs agr\u00e9\u00e9s ou les fournisseurs de gros de vape en ligne sp\u00e9cialis\u00e9s dans les produits RandM Vape. Assurez-vous que le fournisseur propose des produits authentiques et se conforme aux r\u00e9glementations de l'UE.<\/p>\n<p><strong>Combien de bouff\u00e9es la Puff Fumot 15000 bouff\u00e9es offre-t-elle?<\/strong><br \/>\nLa Puff Fumot 15000 offre jusqu'\u00e0 15 000 bouff\u00e9es, offrant une long\u00e9vit\u00e9 et une valeur exceptionnelles pour les utilisateurs.<\/p>\n<p><strong>Combien de temps dure la populaire puff jetable RandM Tornado 15k?<\/strong><br \/>\nLa puff jetable RandM Tornado 15k peut durer deux \u00e0 trois semaines pour les utilisateurs mod\u00e9r\u00e9s, selon les habitudes d'utilisation et la fr\u00e9quence.<\/p>\n<p><strong>Quels sont les saveurs populaires pour la bo\u00eete jetable Fumot 15000 Puffs?<\/strong><br \/>\nLes saveurs populaires pour la Fumot 15000 Puffs incluent Mangue Glac\u00e9e, Fraise Past\u00e8que, et Myrtille Framboise, ainsi que d'autres options fruit\u00e9es, menthol\u00e9es et inspir\u00e9es de desserts de sa large s\u00e9lection de saveurs.<\/p>\n<p><strong>Combien de temps faut-il pour charger une Puff RandM 15k rechargeable?<\/strong><br \/>\nLa Puff RandM 15k rechargeable prend environ 1 \u00e0 2 heures pour se charger compl\u00e8tement, gr\u00e2ce \u00e0 sa technologie de charge rapide USB Type-C.<\/p>\n<p><strong>Quelle est la teneur en nicotine d'une Puff jetable RandM Tornado 15000?<\/strong><br \/>\nLe RandM Tornado 15000 Disposable Vape offre des concentrations de nicotine de 2% (20 mg) et 5% (50 mg), proposant des options pour diff\u00e9rentes pr\u00e9f\u00e9rences d'utilisateur.<\/p>\n<\/div>\n<\/div>\n<\/div>\n<\/div>\n<\/div>\n<\/div>\n<\/div>\n<\/div>\n<\/div>\n<\/div>\n<div class=\"group\/conversation-turn relative flex w-full min-w-0 flex-col agent-turn\">\n<div class=\"flex-col gap-1 md:gap-3\">\n<div class=\"flex max-w-full flex-col flex-grow\">\n<div class=\"min-h-8 text-message flex w-full flex-col items-end gap-2 whitespace-normal break-words [.text-message+&amp;]:mt-5\" dir=\"auto\" data-message-author-role=\"assistant\" data-message-id=\"a3dc01bd-23b0-4fd7-bb9a-7827522cefd8\" data-message-model-slug=\"gpt-4o\">\n<div class=\"flex w-full flex-col gap-1 empty:hidden first:pt-[3px]\"><\/div>\n<\/div>\n<\/div>\n<\/div>\n<\/div>\n<\/div>\n<\/div>\n<\/div>\n<\/div>\n<\/div>\n<\/div>\n<\/div>\n<\/div>\n<\/div>\n<\/div>\n<h3>\u00c0 propos de l'exp\u00e9dition<\/h3>\n<div class=\"flex-shrink-0 flex flex-col relative items-end\">\n<div>\n<div class=\"pt-0\">\n<div class=\"gizmo-bot-avatar flex h-8 w-8 items-center justify-center overflow-hidden rounded-full\">\n<div><\/div>\n<div class=\"relative p-1 rounded-sm flex items-center justify-center bg-token-main-surface-primary text-token-text-primary h-8 w-8\"><strong>1. Quelles m\u00e9thodes d'exp\u00e9dition sont utilis\u00e9es ?<\/strong><\/div>\n<\/div>\n<\/div>\n<\/div>\n<\/div>\n<div class=\"group\/conversation-turn relative flex w-full min-w-0 flex-col agent-turn\">\n<div class=\"flex-col gap-1 md:gap-3\">\n<div class=\"flex max-w-full flex-col flex-grow\">\n<div class=\"min-h-[20px] text-message flex w-full flex-col items-end gap-2 whitespace-normal break-words [.text-message+&amp;]:mt-5 overflow-x-auto\" dir=\"auto\" data-message-author-role=\"assistant\" data-message-id=\"22f8283b-3233-46ff-89a5-c7a41b33abda\">\n<div class=\"flex w-full flex-col gap-1 empty:hidden first:pt-[3px]\">\n<div class=\"markdown prose w-full break-words dark:prose-invert light\">\n<p>Nous travaillons en partenariat avec UPS, DHL, FedEx, DPD et d'autres transporteurs de premier plan. Nous s\u00e9lectionnerons la meilleure m\u00e9thode d'exp\u00e9dition en fonction de votre lieu de livraison pour que vous receviez vos produits le plus rapidement possible.<\/p>\n<\/div>\n<p><strong>2. Combien de temps faut-il pour que cela arrive ?<\/strong><\/p>\n<p>Les colis exp\u00e9di\u00e9s en France arrivent g\u00e9n\u00e9ralement sous 10 jours ouvrables. L'exp\u00e9dition vers les pays europ\u00e9ens prend g\u00e9n\u00e9ralement environ 12 \u00e0 15 jours ouvrables. Nous vous fournirons des mises \u00e0 jour en temps r\u00e9el sur l'\u00e9tat de votre envoi.<\/p>\n<\/div>\n<\/div>\n<\/div>\n<\/div>\n<\/div>\n<p>&nbsp;<\/p>\n<p>Trouvez plus de produits de vape que vous pourriez aimer :<strong><em><a href=\"https:\/\/rmvapesale.com\/fr\/shop-2\/\">Achetez maintenant &gt;&gt;&gt;<\/a><\/em><\/strong><\/p>","protected":false},"excerpt":{"rendered":"<p>Randm Tornado 15000 Bouff\u00e9es Fumot Vape Jetable Num\u00e9rique<br \/>\nRandm 15000 Fumot Tornado Vape Vente en gros<br \/>\nFumot RandM 15k Vape Jetable Prix en gros<\/p>\n<p><img loading=\"lazy\" decoding=\"async\" class=\"size-full wp-image-2375\" src=\"https:\/\/rmvapesale.com\/wp-content\/uploads\/2024\/10\/image.png\" alt=\"Meilleure vape jetable\" width=\"229\" height=\"300\" \/><\/p>\n<h3><a href=\"https:\/\/wa.me\/8617776015835\"><span style=\"color: #ff0000\"><strong>WhatsApp: +86 17776015835<\/strong><\/span><\/a><\/h3>\n<p>&nbsp;<\/p>","protected":false},"featured_media":2826,"comment_status":"open","ping_status":"closed","template":"","meta":{"_uag_custom_page_level_css":"","_lmt_disableupdate":"no","_lmt_disable":"","site-sidebar-layout":"default","site-content-layout":"content-boxed-container","ast-site-content-layout":"normal-width-container","site-content-style":"boxed","site-sidebar-style":"unboxed","ast-global-header-display":"","ast-banner-title-visibility":"","ast-main-header-display":"","ast-hfb-above-header-display":"","ast-hfb-below-header-display":"","ast-hfb-mobile-header-display":"","site-post-title":"","ast-breadcrumbs-content":"","ast-featured-img":"","footer-sml-layout":"","theme-transparent-header-meta":"default","adv-header-id-meta":"","stick-header-meta":"","header-above-stick-meta":"","header-main-stick-meta":"","header-below-stick-meta":"","astra-migrate-meta-layouts":"set","ast-page-background-enabled":"default","ast-page-background-meta":{"desktop":{"background-color":"var(--ast-global-color-4)","background-image":"","background-repeat":"repeat","background-position":"center center","background-size":"auto","background-attachment":"scroll","background-type":"","background-media":"","overlay-type":"","overlay-color":"","overlay-opacity":"","overlay-gradient":""},"tablet":{"background-color":"","background-image":"","background-repeat":"repeat","background-position":"center center","background-size":"auto","background-attachment":"scroll","background-type":"","background-media":"","overlay-type":"","overlay-color":"","overlay-opacity":"","overlay-gradient":""},"mobile":{"background-color":"","background-image":"","background-repeat":"repeat","background-position":"center center","background-size":"auto","background-attachment":"scroll","background-type":"","background-media":"","overlay-type":"","overlay-color":"","overlay-opacity":"","overlay-gradient":""}},"ast-content-background-meta":{"desktop":{"background-color":"var(--ast-global-color-5)","background-image":"","background-repeat":"repeat","background-position":"center center","background-size":"auto","background-attachment":"scroll","background-type":"","background-media":"","overlay-type":"","overlay-color":"","overlay-opacity":"","overlay-gradient":""},"tablet":{"background-color":"var(--ast-global-color-5)","background-image":"","background-repeat":"repeat","background-position":"center center","background-size":"auto","background-attachment":"scroll","background-type":"","background-media":"","overlay-type":"","overlay-color":"","overlay-opacity":"","overlay-gradient":""},"mobile":{"background-color":"var(--ast-global-color-5)","background-image":"","background-repeat":"repeat","background-position":"center center","background-size":"auto","background-attachment":"scroll","background-type":"","background-media":"","overlay-type":"","overlay-color":"","overlay-opacity":"","overlay-gradient":""}},"_joinchat":[]},"product_brand":[],"product_cat":[15,51,25,123,26,28,135,27,31,137,136,30],"product_tag":[235,39,171,236,234,38],"class_list":{"0":"post-2831","1":"product","2":"type-product","3":"status-publish","4":"has-post-thumbnail","6":"product_cat-new-vape-this-week","7":"product_cat-fumot-vape","8":"product_cat-germany-best-selling-vape","9":"product_cat-italy-wholesale-vape","10":"product_cat-netherlands-hot-sale-vape","11":"product_cat-poland-hot-sale-vape","12":"product_cat-spain-best-hot-sale-vape","13":"product_cat-fance-hot-sale-vape","14":"product_cat-randm-fumot-vape","15":"product_cat-rechargeable-vapes","16":"product_cat-smart-screen-vapes","17":"product_cat-minimum-order-quantity-50pcs","18":"product_tag-fumot-15k","19":"product_tag-fumot-vape","20":"product_tag-randm-15000","21":"product_tag-randm-15k","22":"product_tag-randm-tornado-15000","23":"product_tag-randm-vape","24":"desktop-align-left","25":"tablet-align-left","26":"mobile-align-left","28":"first","29":"instock","30":"sale","31":"shipping-taxable","32":"purchasable","33":"product-type-simple"},"uagb_featured_image_src":{"full":["https:\/\/rmvapesale.com\/wp-content\/uploads\/2024\/12\/Fumot-RandM-15000-Puffs-Disposable-Vape.jpg",1130,1126,false],"thumbnail":["https:\/\/rmvapesale.com\/wp-content\/uploads\/2024\/12\/Fumot-RandM-15000-Puffs-Disposable-Vape-150x150.jpg",150,150,true],"medium":["https:\/\/rmvapesale.com\/wp-content\/uploads\/2024\/12\/Fumot-RandM-15000-Puffs-Disposable-Vape-300x300.jpg",300,300,true],"medium_large":["https:\/\/rmvapesale.com\/wp-content\/uploads\/2024\/12\/Fumot-RandM-15000-Puffs-Disposable-Vape-768x765.jpg",768,765,true],"large":["https:\/\/rmvapesale.com\/wp-content\/uploads\/2024\/12\/Fumot-RandM-15000-Puffs-Disposable-Vape-1024x1020.jpg",1024,1020,true],"1536x1536":["https:\/\/rmvapesale.com\/wp-content\/uploads\/2024\/12\/Fumot-RandM-15000-Puffs-Disposable-Vape.jpg",1130,1126,false],"2048x2048":["https:\/\/rmvapesale.com\/wp-content\/uploads\/2024\/12\/Fumot-RandM-15000-Puffs-Disposable-Vape.jpg",1130,1126,false],"trp-custom-language-flag":["https:\/\/rmvapesale.com\/wp-content\/uploads\/2024\/12\/Fumot-RandM-15000-Puffs-Disposable-Vape.jpg",12,12,false],"woocommerce_thumbnail":["https:\/\/rmvapesale.com\/wp-content\/uploads\/2024\/12\/Fumot-RandM-15000-Puffs-Disposable-Vape-300x300.jpg",300,300,true],"woocommerce_single":["https:\/\/rmvapesale.com\/wp-content\/uploads\/2024\/12\/Fumot-RandM-15000-Puffs-Disposable-Vape-600x598.jpg",600,598,true],"woocommerce_gallery_thumbnail":["https:\/\/rmvapesale.com\/wp-content\/uploads\/2024\/12\/Fumot-RandM-15000-Puffs-Disposable-Vape-100x100.jpg",100,100,true],"wcpr-photo-reviews":["https:\/\/rmvapesale.com\/wp-content\/uploads\/2024\/12\/Fumot-RandM-15000-Puffs-Disposable-Vape.jpg",500,498,false]},"uagb_author_info":{"display_name":"AMY","author_link":"https:\/\/rmvapesale.com\/fr\/author\/"},"uagb_comment_info":0,"uagb_excerpt":"Randm Tornado 15000 Puffs Fumot Digital Disposable Vape Randm 15000 Fumot Tornado Vape Wholesale Fumot RandM 15k Disposable Vape Bulk Price WhatsApp: +86 17776015835 &nbsp;","_links":{"self":[{"href":"https:\/\/rmvapesale.com\/fr\/wp-json\/wp\/v2\/product\/2831","targetHints":{"allow":["GET"]}}],"collection":[{"href":"https:\/\/rmvapesale.com\/fr\/wp-json\/wp\/v2\/product"}],"about":[{"href":"https:\/\/rmvapesale.com\/fr\/wp-json\/wp\/v2\/types\/product"}],"replies":[{"embeddable":true,"href":"https:\/\/rmvapesale.com\/fr\/wp-json\/wp\/v2\/comments?post=2831"}],"wp:featuredmedia":[{"embeddable":true,"href":"https:\/\/rmvapesale.com\/fr\/wp-json\/wp\/v2\/media\/2826"}],"wp:attachment":[{"href":"https:\/\/rmvapesale.com\/fr\/wp-json\/wp\/v2\/media?parent=2831"}],"wp:term":[{"taxonomy":"product_brand","embeddable":true,"href":"https:\/\/rmvapesale.com\/fr\/wp-json\/wp\/v2\/product_brand?post=2831"},{"taxonomy":"product_cat","embeddable":true,"href":"https:\/\/rmvapesale.com\/fr\/wp-json\/wp\/v2\/product_cat?post=2831"},{"taxonomy":"product_tag","embeddable":true,"href":"https:\/\/rmvapesale.com\/fr\/wp-json\/wp\/v2\/product_tag?post=2831"}],"curies":[{"name":"wp","href":"https:\/\/api.w.org\/{rel}","templated":true}]}}