{"id":2854,"date":"2024-12-09T09:37:36","date_gmt":"2024-12-09T09:37:36","guid":{"rendered":"https:\/\/rmvapesale.com\/?post_type=product&#038;p=2854"},"modified":"2024-12-09T09:52:38","modified_gmt":"2024-12-09T09:52:38","slug":"bang-vape-36000-puffs-rechargeable-disposable-vape-wholesale-price","status":"publish","type":"product","link":"https:\/\/rmvapesale.com\/fr\/product\/bang-vape-36000-puffs-rechargeable-disposable-vape-wholesale-price\/","title":{"rendered":"Bang Vape 36000 Bouff\u00e9es Vape Jetable Rechargeable Prix de Gros"},"content":{"rendered":"<div class=\"B2VR9 CJHX3e\">\n<div class=\"wyccme\">\n<div class=\"flex-shrink-0 flex flex-col relative items-end\">\n<div class=\"pt-0\">\n<div class=\"gizmo-bot-avatar flex h-8 w-8 items-center justify-center overflow-hidden rounded-full\">\n<div class=\"relative p-1 rounded-sm flex items-center justify-center bg-token-main-surface-primary text-token-text-primary h-8 w-8\">\n<div class=\"flex-shrink-0 flex flex-col relative items-end\">\n<div>\n<div class=\"pt-0\">\n<div class=\"gizmo-bot-avatar flex h-8 w-8 items-center justify-center overflow-hidden rounded-full\">\n<h1 class=\"relative p-1 rounded-sm flex items-center justify-center bg-token-main-surface-primary text-token-text-primary h-8 w-8\"><strong style=\"font-size: 1.5em\">Bang Vape 36000 Bouff\u00e9es Vape Jetable Rechargeable Prix de Gros<\/strong><\/h1>\n<\/div>\n<\/div>\n<\/div>\n<\/div>\n<\/div>\n<\/div>\n<\/div>\n<\/div>\n<div class=\"group\/conversation-turn relative flex w-full min-w-0 flex-col agent-turn\">\n<div class=\"flex-col gap-1 md:gap-3\">\n<div class=\"flex max-w-full flex-col flex-grow\">\n<div class=\"min-h-8 text-message flex w-full flex-col items-end gap-2 whitespace-normal break-words text-start [.text-message+&amp;]:mt-5\" dir=\"auto\" data-message-author-role=\"assistant\" data-message-id=\"80ece0c4-ead1-4ed9-a9f0-ddc22582b4f4\" data-message-model-slug=\"gpt-4o\">\n<div class=\"flex w-full flex-col gap-1 empty:hidden first:pt-[3px]\">\n<div class=\"markdown prose w-full break-words dark:prose-invert light\">\n<h3><\/h3>\n<\/div>\n<\/div>\n<\/div>\n<\/div>\n<\/div>\n<\/div>\n<div class=\"flex-shrink-0 flex flex-col relative items-end\">\n<div class=\"pt-0\">\n<div class=\"gizmo-bot-avatar flex h-8 w-8 items-center justify-center overflow-hidden rounded-full\">\n<div class=\"relative p-1 rounded-sm flex items-center justify-center bg-token-main-surface-primary text-token-text-primary h-8 w-8\">\n<p>La cigarette \u00e9lectronique jetable rechargeable Bang Vape 36000 Puffs est un appareil haut de gamme con\u00e7u pour offrir des performances imbattables, une saveur exceptionnelle et une long\u00e9vit\u00e9 remarquable. Avec 36 000 bouff\u00e9es disponibles, elle est con\u00e7ue pour les utilisateurs qui exigent une utilisation prolong\u00e9e et une satisfaction premium sans les tracas des remplacements constants.<\/p>\n<p>La Bang Vape 36000 est \u00e9galement \u00e9quip\u00e9e d'un \u00e9cran LED intelligent qui affiche \u00e0 la fois la dur\u00e9e de vie de la batterie et les niveaux d'e-liquide, de sorte que vous saurez toujours exactement quand il est temps de recharger ou de faire le plein. Avec des options pour 0%, 2%, 3% et 5% de nicotine, cet appareil peut \u00eatre personnalis\u00e9 pour correspondre \u00e0 votre taux de nicotine pr\u00e9f\u00e9r\u00e9, ce qui le rend parfait pour les vapoteurs occasionnels et plus intenses.<\/p>\n<p>\u00c0 des prix de gros, la cigarette \u00e9lectronique jetable rechargeable Bang Vape 36000 Puffs offre une valeur incroyable pour les d\u00e9taillants et les entreprises de vapotage. Avec ses performances durables, ses options de saveurs polyvalentes et ses taux de nicotine personnalisables, c'est un produit id\u00e9al pour ceux qui recherchent des vapes jetables de haute qualit\u00e9 \u00e0 des prix de gros abordables.<\/p>\n<p>Que vous fassiez des r\u00e9serves pour votre magasin ou que vous recherchiez simplement une exp\u00e9rience de vapotage haute performance, la Bang 36000 est \u00e0 la hauteur sur tous les fronts. Profitez d'une exp\u00e9rience de vapotage sup\u00e9rieure qui dure plus longtemps, a meilleur go\u00fbt et offre plus de valeur\u2014obtenez votre Bang 36000 Puffs aujourd'hui!<\/p>\n<\/div>\n<\/div>\n<\/div>\n<\/div>\n<\/div>\n<\/div>\n<p><strong>Contactez Amy pour obtenir la bonne r\u00e9ponse et un coupon de vape !<\/strong><\/p>\n<p><img loading=\"lazy\" decoding=\"async\" class=\"size-full wp-image-1978\" src=\"https:\/\/rmvapesale.com\/wp-content\/uploads\/2024\/09\/Disposable-Vape-Wholesale.jpg\" alt=\"Vente en gros de vapes jetables\" width=\"229\" height=\"300\" \/><\/p>\n<h3><a href=\"https:\/\/wa.me\/8617776015835\" target=\"_blank\" rel=\"noopener\"><span style=\"color: #ff0000\"><strong>WhatsApp: +86 17776015835<\/strong><\/span><\/a><\/h3>\n<h2><\/h2>\n<h2><strong>Bang Vape 36000 Fonctionnalit\u00e9s Cl\u00e9s<\/strong><\/h2>\n<p>Nom de l'article : Bang King Puffs E-Cigarette<br \/>\nBouff\u00e9es : 36000<br \/>\nCapacit\u00e9 d'huile : 30 ml<br \/>\nBobine : Bobine maill\u00e9e de 0,6 ohm<br \/>\nNicotine : 0%, 2%, 3%, 5%<br \/>\nBatterie : Batterie 650mah Type C<br \/>\nQuantit\u00e9 de saveurs : 12 saveurs<br \/>\nFonction : BOBINE MAILL\u00c9E+D\u00e9bit d'air r\u00e9glable+Puissance fiable+Indicateur LED<\/p>\n<h2><\/h2>\n<h2><strong>\u00a0Liste des saveurs Bang 36000<\/strong><\/h2>\n<p>1. Glace \u00e0 la framboise bleue<br \/>\n2. P\u00eache Juteuse Glac\u00e9e<br \/>\n3. Fraise Past\u00e8que<br \/>\n4. Fraise Kiwi<br \/>\n5. Past\u00e8que Glac\u00e9e<br \/>\n6. P\u00eache Mangue Past\u00e8que<br \/>\n7. Fraise Banane<br \/>\n8. Kiwi Fruit de la Passion Goyave<br \/>\n9. Fruits Tropicaux<br \/>\n10. Raisin Pomme<br \/>\n11. Triple Baies Glac\u00e9es<br \/>\n12. M. Bleu<\/p>\n<p>&nbsp;<\/p>\n<p>&nbsp;<\/p>\n<h3><strong>Pourquoi choisir Rmvapesale pour le Bang Vape 36000 Puffs <\/strong><strong>V<\/strong><strong>jetables<\/strong><strong>?<\/strong><\/h3>\n<div class=\"flex-shrink-0 flex flex-col relative items-end\">\n<div class=\"pt-0\">\n<div class=\"gizmo-bot-avatar flex h-8 w-8 items-center justify-center overflow-hidden rounded-full\">\n<div class=\"relative p-1 rounded-sm flex items-center justify-center bg-token-main-surface-primary text-token-text-primary h-8 w-8\">\n<p>Bienvenue chez Rmvapesale, votre boutique de vape de confiance pour les vapes jetables premium. Avec plus de 5 ans d'expertise, nous vous proposons des marques populaires de vapes jetables telles que Al Fakher, <a href=\"https:\/\/rmvapesale.com\/fr\/product-category\/bang-vapes\/\">Bang Vape<\/a>, Waspe, WGA Vape et<a href=\"https:\/\/rmvapesale.com\/fr\/product-category\/randm-fumot-vape\/\"> RandM Vape<\/a>.<\/p>\n<p>Notre gamme comprend des vapes en promotion comme le <a href=\"https:\/\/rmvapesale.com\/fr\/product\/randm-tornado-15000-puffs-vape-wholesale\/\">RandM Tornado 15000<\/a> et des choix riches en saveurs comme le Vapme 70000. Chaque produit est choisi en mettant l'accent sur la qualit\u00e9, la valeur et la vari\u00e9t\u00e9, vous assurant de trouver la correspondance parfaite pour vos besoins. D\u00e9couvrez un service exceptionnel et une large gamme de produits de1\u00e8re qualit\u00e9 sur Rmvapesale.<\/p>\n<\/div>\n<h3><\/h3>\n<div class=\"relative p-1 rounded-sm flex items-center justify-center bg-token-main-surface-primary text-token-text-primary h-8 w-8\">\n<h3><b> FAQ pour le Bang 36000 <\/b><b>Vape jetable rechargeable<\/b><\/h3>\n<div class=\"group\/conversation-turn relative flex w-full min-w-0 flex-col agent-turn\">\n<div class=\"flex-col gap-1 md:gap-3\">\n<div class=\"flex max-w-full flex-col flex-grow\">\n<div class=\"min-h-8 text-message flex w-full flex-col items-end gap-2 whitespace-normal break-words [.text-message+&amp;]:mt-5\" dir=\"auto\" data-message-author-role=\"assistant\" data-message-id=\"00c9b302-bc9c-4550-94ba-5a295efa2be3\" data-message-model-slug=\"gpt-4o\">\n<div class=\"flex w-full flex-col gap-1 empty:hidden first:pt-[3px]\">\n<div class=\"markdown prose w-full break-words dark:prose-invert light\">\n<div class=\"flex-shrink-0 flex flex-col relative items-end\">\n<div>\n<div class=\"pt-0\">\n<div class=\"gizmo-bot-avatar flex h-8 w-8 items-center justify-center overflow-hidden rounded-full\">\n<div class=\"relative p-1 rounded-sm flex items-center justify-center bg-token-main-surface-primary text-token-text-primary h-8 w-8\">\n<div class=\"flex-shrink-0 flex flex-col relative items-end\">\n<div>\n<div class=\"pt-0\">\n<div class=\"gizmo-bot-avatar flex h-8 w-8 items-center justify-center overflow-hidden rounded-full\">\n<div class=\"relative p-1 rounded-sm flex items-center justify-center bg-token-main-surface-primary text-token-text-primary h-8 w-8\">\n<p>&nbsp;<\/p>\n<p><strong>1. Combien de bouff\u00e9es offre le Bang Vape 36000 jetable?<\/strong><\/p>\n<p>L' <strong>Le Bang Vape 36000<\/strong> Jetable offre un nombre impressionnant de <strong>36 000 bouff\u00e9es<\/strong> par appareil. Ce nombre de bouff\u00e9es prolong\u00e9 assure une exp\u00e9rience de vapotage durable, parfaite pour une utilisation quotidienne sans avoir besoin de remplacements fr\u00e9quents.<\/p>\n<hr \/>\n<p><strong>2. Quelles sont les concentrations de nicotine disponibles dans le Bang Vape 36000?<\/strong><\/p>\n<p>L' <strong>Le Bang Vape 36000<\/strong> est livr\u00e9 avec des options de nicotine personnalisables pour r\u00e9pondre \u00e0 diff\u00e9rentes pr\u00e9f\u00e9rences. Vous pouvez choisir parmi <strong>0%, 2%, 3% et 5%<\/strong> la concentration de nicotine, vous permettant de trouver le niveau id\u00e9al pour votre exp\u00e9rience de vapotage.<\/p>\n<hr \/>\n<p><strong>3. Combien de temps dure la Bang box 36000 sur une charge compl\u00e8te ?<\/strong><\/p>\n<p>Gr\u00e2ce \u00e0 ses <strong>batterie rechargeable de 650 mAh<\/strong>, le <strong>Bang box 36000<\/strong> peut durer longtemps avant d'avoir besoin d'\u00eatre recharg\u00e9e. L'appareil peut \u00eatre facilement charg\u00e9 via le <strong>port de charge Type-C<\/strong>, assurant une charge rapide avec un temps d'arr\u00eat minimal.<\/p>\n<hr \/>\n<p><strong>4. Quelles saveurs sont disponibles pour le Bang 36000 ?<\/strong><\/p>\n<p>L' <strong>Bang 36000<\/strong> offre une vari\u00e9t\u00e9 de <strong>12 saveurs d\u00e9licieuses<\/strong> au choix, y compris des favoris comme <strong>Jus de p\u00eache glac\u00e9<\/strong>, <strong>Fraise Past\u00e8que<\/strong>, <strong>Glace \u00e0 la Past\u00e8que<\/strong>, et <strong>Fruit tropical<\/strong>. Avec le <strong>double saveur<\/strong> fonctionnalit\u00e9, vous pouvez profiter de deux saveurs distinctes dans un seul appareil.<\/p>\n<hr \/>\n<p><strong>5. Le Bang Vape 36K dispose-t-il d'un indicateur de niveau de batterie et d'e-liquide?<\/strong><\/p>\n<p>Oui, <strong>Bang Vape 36K<\/strong>\u00a0est \u00e9quip\u00e9 d'un <strong>\u00e9cran LED intelligent<\/strong> qui affiche \u00e0 la fois <strong>dur\u00e9e de vie de la batterie<\/strong> et de <strong>les niveaux d'e-liquide<\/strong>, afin que vous sachiez toujours quand il est temps de recharger ou de remplir votre vape. Cela facilite la surveillance et la gestion de votre appareil pour une exp\u00e9rience de vapotage fluide.<\/p>\n<\/div>\n<\/div>\n<\/div>\n<\/div>\n<\/div>\n<\/div>\n<\/div>\n<\/div>\n<\/div>\n<\/div>\n<div class=\"group\/conversation-turn relative flex w-full min-w-0 flex-col agent-turn\">\n<div class=\"flex-col gap-1 md:gap-3\">\n<div class=\"flex max-w-full flex-col flex-grow\">\n<div class=\"min-h-8 text-message flex w-full flex-col items-end gap-2 whitespace-normal break-words [.text-message+&amp;]:mt-5\" dir=\"auto\" data-message-author-role=\"assistant\" data-message-id=\"a3dc01bd-23b0-4fd7-bb9a-7827522cefd8\" data-message-model-slug=\"gpt-4o\">\n<div class=\"flex w-full flex-col gap-1 empty:hidden first:pt-[3px]\"><\/div>\n<\/div>\n<\/div>\n<\/div>\n<\/div>\n<\/div>\n<\/div>\n<\/div>\n<\/div>\n<\/div>\n<\/div>\n<\/div>\n<\/div>\n<\/div>\n<\/div>\n<h3>\u00c0 propos de l'exp\u00e9dition<\/h3>\n<div class=\"flex-shrink-0 flex flex-col relative items-end\">\n<div>\n<div class=\"pt-0\">\n<div class=\"gizmo-bot-avatar flex h-8 w-8 items-center justify-center overflow-hidden rounded-full\">\n<div><\/div>\n<div class=\"relative p-1 rounded-sm flex items-center justify-center bg-token-main-surface-primary text-token-text-primary h-8 w-8\"><strong>1. Quelles m\u00e9thodes d'exp\u00e9dition sont utilis\u00e9es ?<\/strong><\/div>\n<\/div>\n<\/div>\n<\/div>\n<\/div>\n<div class=\"group\/conversation-turn relative flex w-full min-w-0 flex-col agent-turn\">\n<div class=\"flex-col gap-1 md:gap-3\">\n<div class=\"flex max-w-full flex-col flex-grow\">\n<div class=\"min-h-[20px] text-message flex w-full flex-col items-end gap-2 whitespace-normal break-words [.text-message+&amp;]:mt-5 overflow-x-auto\" dir=\"auto\" data-message-author-role=\"assistant\" data-message-id=\"22f8283b-3233-46ff-89a5-c7a41b33abda\">\n<div class=\"flex w-full flex-col gap-1 empty:hidden first:pt-[3px]\">\n<div class=\"markdown prose w-full break-words dark:prose-invert light\">\n<p>Nous travaillons en partenariat avec UPS, DHL, FedEx, DPD et d'autres transporteurs de premier plan. Nous s\u00e9lectionnerons la meilleure m\u00e9thode d'exp\u00e9dition en fonction de votre lieu de livraison pour que vous receviez vos produits le plus rapidement possible.<\/p>\n<\/div>\n<p><strong>2. Combien de temps faut-il pour que cela arrive ?<\/strong><\/p>\n<p>Les colis exp\u00e9di\u00e9s en France arrivent g\u00e9n\u00e9ralement sous 10 jours ouvrables. L'exp\u00e9dition vers les pays europ\u00e9ens prend g\u00e9n\u00e9ralement environ 12 \u00e0 15 jours ouvrables. Nous vous fournirons des mises \u00e0 jour en temps r\u00e9el sur l'\u00e9tat de votre envoi.<\/p>\n<\/div>\n<\/div>\n<\/div>\n<\/div>\n<\/div>\n<p>&nbsp;<\/p>\n<p>Trouvez plus de produits de vape que vous pourriez aimer :<strong><em><a href=\"https:\/\/rmvapesale.com\/fr\/shop-2\/\">Achetez maintenant &gt;&gt;&gt;<\/a><\/em><\/strong><\/p>","protected":false},"excerpt":{"rendered":"<p>Bang Vape 36000 Spaceman Disposable Vape Vente en Gros<br \/>\nBang Vape 36k Puffs Rechargeable Disposable Vape Prix de Gros<br \/>\nCigarette \u00e9lectronique jetable en vogue Bang Vape 36000<\/p>\n<p><strong>Contactez Amy pour obtenir la bonne r\u00e9ponse et un coupon de vape !<\/strong><\/p>\n<p><img loading=\"lazy\" decoding=\"async\" class=\"size-full wp-image-2375\" src=\"https:\/\/rmvapesale.com\/wp-content\/uploads\/2024\/10\/image.png\" alt=\"Meilleure vape jetable\" width=\"229\" height=\"300\" \/><\/p>\n<h3><a href=\"https:\/\/wa.me\/8617776015835\"><span style=\"color: #ff0000\"><strong>WhatsApp: +86 17776015835<\/strong><\/span><\/a><\/h3>\n<p>&nbsp;<\/p>","protected":false},"featured_media":2851,"comment_status":"open","ping_status":"closed","template":"","meta":{"_uag_custom_page_level_css":"","_lmt_disableupdate":"no","_lmt_disable":"","site-sidebar-layout":"default","site-content-layout":"content-boxed-container","ast-site-content-layout":"normal-width-container","site-content-style":"boxed","site-sidebar-style":"unboxed","ast-global-header-display":"","ast-banner-title-visibility":"","ast-main-header-display":"","ast-hfb-above-header-display":"","ast-hfb-below-header-display":"","ast-hfb-mobile-header-display":"","site-post-title":"","ast-breadcrumbs-content":"","ast-featured-img":"","footer-sml-layout":"","ast-disable-related-posts":"","theme-transparent-header-meta":"default","adv-header-id-meta":"","stick-header-meta":"","header-above-stick-meta":"","header-main-stick-meta":"","header-below-stick-meta":"","astra-migrate-meta-layouts":"set","ast-page-background-enabled":"default","ast-page-background-meta":{"desktop":{"background-color":"var(--ast-global-color-4)","background-image":"","background-repeat":"repeat","background-position":"center center","background-size":"auto","background-attachment":"scroll","background-type":"","background-media":"","overlay-type":"","overlay-color":"","overlay-opacity":"","overlay-gradient":""},"tablet":{"background-color":"","background-image":"","background-repeat":"repeat","background-position":"center center","background-size":"auto","background-attachment":"scroll","background-type":"","background-media":"","overlay-type":"","overlay-color":"","overlay-opacity":"","overlay-gradient":""},"mobile":{"background-color":"","background-image":"","background-repeat":"repeat","background-position":"center center","background-size":"auto","background-attachment":"scroll","background-type":"","background-media":"","overlay-type":"","overlay-color":"","overlay-opacity":"","overlay-gradient":""}},"ast-content-background-meta":{"desktop":{"background-color":"var(--ast-global-color-5)","background-image":"","background-repeat":"repeat","background-position":"center center","background-size":"auto","background-attachment":"scroll","background-type":"","background-media":"","overlay-type":"","overlay-color":"","overlay-opacity":"","overlay-gradient":""},"tablet":{"background-color":"var(--ast-global-color-5)","background-image":"","background-repeat":"repeat","background-position":"center center","background-size":"auto","background-attachment":"scroll","background-type":"","background-media":"","overlay-type":"","overlay-color":"","overlay-opacity":"","overlay-gradient":""},"mobile":{"background-color":"var(--ast-global-color-5)","background-image":"","background-repeat":"repeat","background-position":"center center","background-size":"auto","background-attachment":"scroll","background-type":"","background-media":"","overlay-type":"","overlay-color":"","overlay-opacity":"","overlay-gradient":""}},"_joinchat":[]},"product_brand":[],"product_cat":[15,60,27,25,123,30,26,28,137,136,135],"product_tag":[239,199,111,240,120],"class_list":{"0":"post-2854","1":"product","2":"type-product","3":"status-publish","4":"has-post-thumbnail","6":"product_cat-new-vape-this-week","7":"product_cat-bang-vapes","8":"product_cat-fance-hot-sale-vape","9":"product_cat-germany-best-selling-vape","10":"product_cat-italy-wholesale-vape","11":"product_cat-minimum-order-quantity-50pcs","12":"product_cat-netherlands-hot-sale-vape","13":"product_cat-poland-hot-sale-vape","14":"product_cat-rechargeable-vapes","15":"product_cat-smart-screen-vapes","16":"product_cat-spain-best-hot-sale-vape","17":"product_tag-bang-36000","18":"product_tag-bang-vape","19":"product_tag-low-nicotine-disposable-vape","20":"product_tag-puff-36k","21":"product_tag-vape-wholesale","22":"desktop-align-left","23":"tablet-align-left","24":"mobile-align-left","26":"first","27":"instock","28":"sale","29":"shipping-taxable","30":"purchasable","31":"product-type-simple"},"uagb_featured_image_src":{"full":["https:\/\/rmvapesale.com\/wp-content\/uploads\/2024\/12\/Bang-36000-Disposable-Vape.jpg",1126,1126,false],"thumbnail":["https:\/\/rmvapesale.com\/wp-content\/uploads\/2024\/12\/Bang-36000-Disposable-Vape-150x150.jpg",150,150,true],"medium":["https:\/\/rmvapesale.com\/wp-content\/uploads\/2024\/12\/Bang-36000-Disposable-Vape-300x300.jpg",300,300,true],"medium_large":["https:\/\/rmvapesale.com\/wp-content\/uploads\/2024\/12\/Bang-36000-Disposable-Vape-768x768.jpg",768,768,true],"large":["https:\/\/rmvapesale.com\/wp-content\/uploads\/2024\/12\/Bang-36000-Disposable-Vape-1024x1024.jpg",1024,1024,true],"1536x1536":["https:\/\/rmvapesale.com\/wp-content\/uploads\/2024\/12\/Bang-36000-Disposable-Vape.jpg",1126,1126,false],"2048x2048":["https:\/\/rmvapesale.com\/wp-content\/uploads\/2024\/12\/Bang-36000-Disposable-Vape.jpg",1126,1126,false],"trp-custom-language-flag":["https:\/\/rmvapesale.com\/wp-content\/uploads\/2024\/12\/Bang-36000-Disposable-Vape.jpg",12,12,false],"woocommerce_thumbnail":["https:\/\/rmvapesale.com\/wp-content\/uploads\/2024\/12\/Bang-36000-Disposable-Vape-300x300.jpg",300,300,true],"woocommerce_single":["https:\/\/rmvapesale.com\/wp-content\/uploads\/2024\/12\/Bang-36000-Disposable-Vape-600x600.jpg",600,600,true],"woocommerce_gallery_thumbnail":["https:\/\/rmvapesale.com\/wp-content\/uploads\/2024\/12\/Bang-36000-Disposable-Vape-100x100.jpg",100,100,true],"wcpr-photo-reviews":["https:\/\/rmvapesale.com\/wp-content\/uploads\/2024\/12\/Bang-36000-Disposable-Vape.jpg",500,500,false]},"uagb_author_info":{"display_name":"AMY","author_link":"https:\/\/rmvapesale.com\/fr\/author\/"},"uagb_comment_info":0,"uagb_excerpt":"Bang Vape 36000 Spaceman Disposable Vape Wholesale Bang Vape 36k Puffs Rechargeable Disposable Vape Wholesale Price Hot Sell Disposable Vape Pen Bang Vape 36000 Contact Amy to get right reply and vape coupon! WhatsApp: +86 17776015835 &nbsp;","_links":{"self":[{"href":"https:\/\/rmvapesale.com\/fr\/wp-json\/wp\/v2\/product\/2854","targetHints":{"allow":["GET"]}}],"collection":[{"href":"https:\/\/rmvapesale.com\/fr\/wp-json\/wp\/v2\/product"}],"about":[{"href":"https:\/\/rmvapesale.com\/fr\/wp-json\/wp\/v2\/types\/product"}],"replies":[{"embeddable":true,"href":"https:\/\/rmvapesale.com\/fr\/wp-json\/wp\/v2\/comments?post=2854"}],"wp:featuredmedia":[{"embeddable":true,"href":"https:\/\/rmvapesale.com\/fr\/wp-json\/wp\/v2\/media\/2851"}],"wp:attachment":[{"href":"https:\/\/rmvapesale.com\/fr\/wp-json\/wp\/v2\/media?parent=2854"}],"wp:term":[{"taxonomy":"product_brand","embeddable":true,"href":"https:\/\/rmvapesale.com\/fr\/wp-json\/wp\/v2\/product_brand?post=2854"},{"taxonomy":"product_cat","embeddable":true,"href":"https:\/\/rmvapesale.com\/fr\/wp-json\/wp\/v2\/product_cat?post=2854"},{"taxonomy":"product_tag","embeddable":true,"href":"https:\/\/rmvapesale.com\/fr\/wp-json\/wp\/v2\/product_tag?post=2854"}],"curies":[{"name":"wp","href":"https:\/\/api.w.org\/{rel}","templated":true}]}}