{"id":2862,"date":"2024-12-13T09:20:35","date_gmt":"2024-12-13T09:20:35","guid":{"rendered":"https:\/\/rmvapesale.com\/?post_type=product&#038;p=2862"},"modified":"2024-12-13T09:26:19","modified_gmt":"2024-12-13T09:26:19","slug":"vapsolo-twins-20000-2-flavour-in-1-disposable-vape-bulk-buy-price","status":"publish","type":"product","link":"https:\/\/rmvapesale.com\/fr\/product\/vapsolo-twins-20000-2-flavour-in-1-disposable-vape-bulk-buy-price\/","title":{"rendered":"Vapsolo Twins 20000 bouff\u00e9es 2 saveurs en 1 Vape jetable Prix d'achat en gros"},"content":{"rendered":"<div class=\"B2VR9 CJHX3e\">\n<div class=\"wyccme\">\n<div class=\"flex-shrink-0 flex flex-col relative items-end\">\n<div class=\"pt-0\">\n<div class=\"gizmo-bot-avatar flex h-8 w-8 items-center justify-center overflow-hidden rounded-full\">\n<div class=\"relative p-1 rounded-sm flex items-center justify-center bg-token-main-surface-primary text-token-text-primary h-8 w-8\">\n<div class=\"flex-shrink-0 flex flex-col relative items-end\">\n<div class=\"pt-0\">\n<div class=\"gizmo-bot-avatar flex h-8 w-8 items-center justify-center overflow-hidden rounded-full\">\n<h1 class=\"relative p-1 rounded-sm flex items-center justify-center bg-token-main-surface-primary text-token-text-primary h-8 w-8\">Vapsolo Twins 20000 bouff\u00e9es 2 saveurs en 1 Vape jetable Prix d'achat en gros<\/h1>\n<\/div>\n<\/div>\n<\/div>\n<\/div>\n<\/div>\n<\/div>\n<\/div>\n<div class=\"group\/conversation-turn relative flex w-full min-w-0 flex-col agent-turn\">\n<div class=\"flex-col gap-1 md:gap-3\">\n<div class=\"flex max-w-full flex-col flex-grow\">\n<div class=\"min-h-8 text-message flex w-full flex-col items-end gap-2 whitespace-normal break-words text-start [.text-message+&amp;]:mt-5\" dir=\"auto\" data-message-author-role=\"assistant\" data-message-id=\"80ece0c4-ead1-4ed9-a9f0-ddc22582b4f4\" data-message-model-slug=\"gpt-4o\">\n<div class=\"flex w-full flex-col gap-1 empty:hidden first:pt-[3px]\">\n<div class=\"markdown prose w-full break-words dark:prose-invert light\">\n<h3><\/h3>\n<\/div>\n<\/div>\n<\/div>\n<\/div>\n<\/div>\n<\/div>\n<div class=\"flex-shrink-0 flex flex-col relative items-end\">\n<div class=\"pt-0\">\n<div class=\"gizmo-bot-avatar flex h-8 w-8 items-center justify-center overflow-hidden rounded-full\">\n<div class=\"relative p-1 rounded-sm flex items-center justify-center bg-token-main-surface-primary text-token-text-primary h-8 w-8\">\n<p>Am\u00e9liorez votre exp\u00e9rience de vapotage avec le <strong>Vapsolo Twins 20000 2 Saveurs en 1 Vape Jetable<\/strong>, la solution parfaite pour la vari\u00e9t\u00e9 et la commodit\u00e9. Dot\u00e9 d'un syst\u00e8me r\u00e9volutionnaire <strong>\u00e0 double r\u00e9servoir<\/strong>, cet appareil offre deux saveurs distinctes dans une seule vape \u00e9l\u00e9gante. Avec une <strong>capacit\u00e9 massive de 20 000 bouff\u00e9es<\/strong> et un <strong>r\u00e9servoir de 25 ml d'e-liquide<\/strong>, il garantit un plaisir prolong\u00e9 sans interruptions. \u00c9quip\u00e9 d'une <strong>batterie rechargeable de 650 mAh<\/strong> et d'une charge rapide de Type-C, cet appareil <strong>vapes jetables<\/strong> allie durabilit\u00e9 et respect de l'environnement. Le <strong>technologie de bobine mesh<\/strong> avanc\u00e9 assure une vapeur douce et une saveur audacieuse, tandis que le <strong>d\u00e9bit d'air r\u00e9glable<\/strong> offre une exp\u00e9rience de vapotage personnalis\u00e9e. Que vous achetiez pour votre usage personnel ou que vous recherchiez des <strong>grossiste de vape<\/strong> prix pour votre entreprise, ce <strong>vape jetable \u00e0 faible teneur en nicotine<\/strong> est un choix de premier ordre.<\/p>\n<\/div>\n<\/div>\n<\/div>\n<\/div>\n<\/div>\n<\/div>\n<p><strong>Contactez Amy pour obtenir la bonne r\u00e9ponse et un coupon de vape !<\/strong><\/p>\n<p><img loading=\"lazy\" decoding=\"async\" class=\"size-full wp-image-1978\" src=\"https:\/\/rmvapesale.com\/wp-content\/uploads\/2024\/09\/Disposable-Vape-Wholesale.jpg\" alt=\"Vente en gros de vapes jetables\" width=\"229\" height=\"300\" \/><\/p>\n<h3><a href=\"https:\/\/wa.me\/8617776015835\" target=\"_blank\" rel=\"noopener\"><span style=\"color: #ff0000\"><strong>WhatsApp: +86 17776015835<\/strong><\/span><\/a><\/h3>\n<h2><\/h2>\n<h2><strong>Vapsolo Twins 20000 Caract\u00e9ristiques cl\u00e9s<\/strong><\/h2>\n<h3><\/h3>\n<ol>\n<li><strong>Commodit\u00e9 \u00e0 double saveur :<\/strong> Profitez de deux saveurs simultan\u00e9ment gr\u00e2ce \u00e0 sa conception innovante \u00e0 double r\u00e9servoir.<\/li>\n<li><strong>Utilisation longue dur\u00e9e :<\/strong> Offre une autonomie impressionnante <strong>20 000 bouff\u00e9es<\/strong>, parfait pour un vapotage prolong\u00e9.<\/li>\n<li><strong>Batterie Rechargeable :<\/strong> Aliment\u00e9 par une batterie fiable de 650 mAh avec chargement rapide Type-C.<\/li>\n<li><strong>G\u00e9n\u00e9reux r\u00e9servoir d'e-liquide :<\/strong> Pr\u00e9-rempli avec <strong>25 ml d'e-liquide de premi\u00e8re qualit\u00e9<\/strong> pour moins de recharges.<\/li>\n<li><strong>Polyvalence de la nicotine :<\/strong> Disponible en <strong>Options de nicotine \u00e0 2 % et 5 %<\/strong> pour satisfaire toutes les pr\u00e9f\u00e9rences.<\/li>\n<li><strong>Production de vapeur sup\u00e9rieure :<\/strong> Dot\u00e9 d'une technologie avanc\u00e9e <strong>technologie de bobine mesh<\/strong> pour une vapeur riche et constante.<\/li>\n<li><strong>Exp\u00e9rience personnalisable :<\/strong> Contr\u00f4le du d\u00e9bit d'air r\u00e9glable pour des sessions de vapotage sur mesure.<\/li>\n<li><strong>Compact<\/strong> Conception portable, parfaite pour une utilisation quotidienne.<\/li>\n<li><strong>Utilisation conviviale :<\/strong> Syst\u00e8me activ\u00e9 par l'inhalation pour un vapotage sans effort.<\/li>\n<li><strong>Avantage de prix de gros :<\/strong> Id\u00e9al pour les acheteurs en gros \u00e0 la recherche de valeur et de qualit\u00e9<\/li>\n<\/ol>\n<h2><\/h2>\n<h2><strong>Liste des saveurs Vapsolo 20000<\/strong><\/h2>\n<p>1.Citron Vert<br \/>\n2.Raisin Glac\u00e9<br \/>\n3.Ananas Noix de Coco<br \/>\n4.Orange Mangue Past\u00e8que<br \/>\n5.Myrtille Glac\u00e9e<br \/>\n6.Past\u00e8que Glac\u00e9e<br \/>\n7.Fraise Banane<br \/>\n8.Fraise Framboise Cerise Glac\u00e9e<br \/>\n9.Limonade au cassis bleu<br \/>\n10.Past\u00e8que Glac\u00e9e<br \/>\n11.Triple Past\u00e8que<br \/>\n12.Fruit du dragon noir, fraise glac\u00e9e<br \/>\n13.Ananas Coco<br \/>\n14.Fraise Glac\u00e9e<br \/>\n15.Fraise Kiwi<br \/>\n16.Triple Past\u00e8que<\/p>\n<p>&nbsp;<\/p>\n<h3><strong>Pourquoi choisir Rmvapesale pour Vapsolo Twins 20k Puffs <\/strong><strong>V<\/strong><strong>jetables<\/strong><strong>?<\/strong><\/h3>\n<div class=\"flex-shrink-0 flex flex-col relative items-end\">\n<div class=\"pt-0\">\n<div class=\"gizmo-bot-avatar flex h-8 w-8 items-center justify-center overflow-hidden rounded-full\">\n<div class=\"relative p-1 rounded-sm flex items-center justify-center bg-token-main-surface-primary text-token-text-primary h-8 w-8\">\n<p>Bienvenue chez Rmvapesale, votre boutique de vape de confiance pour les vapes jetables premium. Avec plus de 5 ans d'expertise, nous vous proposons des marques populaires de vapes jetables telles que Al Fakher, <a href=\"https:\/\/rmvapesale.com\/fr\/product-category\/bang-vapes\/\">Bang Vape<\/a>, Waspe, WGA Vape et<a href=\"https:\/\/rmvapesale.com\/fr\/product-category\/randm-fumot-vape\/\"> RandM Vape<\/a>.<\/p>\n<p>Notre gamme comprend des vapes en promotion comme le <a href=\"https:\/\/rmvapesale.com\/fr\/product\/randm-tornado-15000-puffs-vape-wholesale\/\">RandM Tornado 15000<\/a> et des choix riches en saveurs comme le Vapme 70000. Chaque produit est choisi en mettant l'accent sur la qualit\u00e9, la valeur et la vari\u00e9t\u00e9, vous assurant de trouver la correspondance parfaite pour vos besoins. D\u00e9couvrez un service exceptionnel et une large gamme de produits de1\u00e8re qualit\u00e9 sur Rmvapesale.<\/p>\n<\/div>\n<h3><\/h3>\n<div class=\"relative p-1 rounded-sm flex items-center justify-center bg-token-main-surface-primary text-token-text-primary h-8 w-8\">\n<h3><b> Questions fr\u00e9quentes sur Vapsolo Twins 20000 <\/b><b>Vape jetable rechargeable<\/b><\/h3>\n<div class=\"group\/conversation-turn relative flex w-full min-w-0 flex-col agent-turn\">\n<div class=\"flex-col gap-1 md:gap-3\">\n<div class=\"flex max-w-full flex-col flex-grow\">\n<div class=\"min-h-8 text-message flex w-full flex-col items-end gap-2 whitespace-normal break-words [.text-message+&amp;]:mt-5\" dir=\"auto\" data-message-author-role=\"assistant\" data-message-id=\"00c9b302-bc9c-4550-94ba-5a295efa2be3\" data-message-model-slug=\"gpt-4o\">\n<div class=\"flex w-full flex-col gap-1 empty:hidden first:pt-[3px]\">\n<div class=\"markdown prose w-full break-words dark:prose-invert light\">\n<div class=\"flex-shrink-0 flex flex-col relative items-end\">\n<div class=\"pt-0\">\n<div class=\"gizmo-bot-avatar flex h-8 w-8 items-center justify-center overflow-hidden rounded-full\">\n<div class=\"relative p-1 rounded-sm flex items-center justify-center bg-token-main-surface-primary text-token-text-primary h-8 w-8\">\n<div class=\"flex-shrink-0 flex flex-col relative items-end\">\n<div class=\"pt-0\">\n<div class=\"gizmo-bot-avatar flex h-8 w-8 items-center justify-center overflow-hidden rounded-full\">\n<div class=\"relative p-1 rounded-sm flex items-center justify-center bg-token-main-surface-primary text-token-text-primary h-8 w-8\">\n<ol>\n<li><strong>Quelles saveurs puis-je appr\u00e9cier avec le Vapsolo Twins 20000?<\/strong><br \/>\nLe syst\u00e8me \u00e0 double r\u00e9servoir vous permet de savourer deux saveurs diff\u00e9rentes simultan\u00e9ment, ajoutant de la vari\u00e9t\u00e9 \u00e0 votre exp\u00e9rience de vapotage.<\/li>\n<li><strong>Combien de bouff\u00e9es ce dispositif fournit-il?<\/strong><br \/>\nL' <strong>Vapsolo Twins 20000<\/strong> offre jusqu'\u00e0 <strong>20 000 bouff\u00e9es<\/strong>, assurant une utilisation durable.<\/li>\n<li><strong>Le Vapsolo Twins peut-il \u00eatre recharg\u00e9?<\/strong><br \/>\nOui, il comprend une fonction <strong>batterie rechargeable de 650 mAh<\/strong> avec une charge de type C pour une recharge rapide et pratique.<\/li>\n<li><strong>Quels sont les niveaux de nicotine disponibles pour cet appareil?<\/strong><br \/>\nCe <strong>vapes jetables<\/strong> est disponible en <strong>2% et 5%<\/strong>, r\u00e9pondant ainsi aux diff\u00e9rentes pr\u00e9f\u00e9rences des utilisateurs.<\/li>\n<li><strong>Pourquoi le Vapsolo Twins 20000 est-il id\u00e9al pour les acheteurs en gros ?<\/strong><br \/>\nSon <strong>prix d'achat en gros<\/strong>, ses performances durables et sa fonction unique de double saveur en font un choix populaire pour les revendeurs.<\/li>\n<\/ol>\n<\/div>\n<\/div>\n<\/div>\n<\/div>\n<\/div>\n<\/div>\n<\/div>\n<\/div>\n<div class=\"group\/conversation-turn relative flex w-full min-w-0 flex-col agent-turn\">\n<div class=\"flex-col gap-1 md:gap-3\">\n<div class=\"flex max-w-full flex-col flex-grow\">\n<div class=\"min-h-8 text-message flex w-full flex-col items-end gap-2 whitespace-normal break-words [.text-message+&amp;]:mt-5\" dir=\"auto\" data-message-author-role=\"assistant\" data-message-id=\"a3dc01bd-23b0-4fd7-bb9a-7827522cefd8\" data-message-model-slug=\"gpt-4o\">\n<div class=\"flex w-full flex-col gap-1 empty:hidden first:pt-[3px]\"><\/div>\n<\/div>\n<\/div>\n<\/div>\n<\/div>\n<\/div>\n<\/div>\n<\/div>\n<\/div>\n<\/div>\n<\/div>\n<\/div>\n<\/div>\n<\/div>\n<\/div>\n<h3>\u00c0 propos de l'exp\u00e9dition<\/h3>\n<div class=\"flex-shrink-0 flex flex-col relative items-end\">\n<div>\n<div class=\"pt-0\">\n<div class=\"gizmo-bot-avatar flex h-8 w-8 items-center justify-center overflow-hidden rounded-full\">\n<div><\/div>\n<div class=\"relative p-1 rounded-sm flex items-center justify-center bg-token-main-surface-primary text-token-text-primary h-8 w-8\"><strong>1. Quelles m\u00e9thodes d'exp\u00e9dition sont utilis\u00e9es ?<\/strong><\/div>\n<\/div>\n<\/div>\n<\/div>\n<\/div>\n<div class=\"group\/conversation-turn relative flex w-full min-w-0 flex-col agent-turn\">\n<div class=\"flex-col gap-1 md:gap-3\">\n<div class=\"flex max-w-full flex-col flex-grow\">\n<div class=\"min-h-[20px] text-message flex w-full flex-col items-end gap-2 whitespace-normal break-words [.text-message+&amp;]:mt-5 overflow-x-auto\" dir=\"auto\" data-message-author-role=\"assistant\" data-message-id=\"22f8283b-3233-46ff-89a5-c7a41b33abda\">\n<div class=\"flex w-full flex-col gap-1 empty:hidden first:pt-[3px]\">\n<div class=\"markdown prose w-full break-words dark:prose-invert light\">\n<p>Nous travaillons en partenariat avec UPS, DHL, FedEx, DPD et d'autres transporteurs de premier plan. Nous s\u00e9lectionnerons la meilleure m\u00e9thode d'exp\u00e9dition en fonction de votre lieu de livraison pour que vous receviez vos produits le plus rapidement possible.<\/p>\n<\/div>\n<p><strong>2. Combien de temps faut-il pour que cela arrive ?<\/strong><\/p>\n<p>Les colis exp\u00e9di\u00e9s en France arrivent g\u00e9n\u00e9ralement sous 10 jours ouvrables. L'exp\u00e9dition vers les pays europ\u00e9ens prend g\u00e9n\u00e9ralement environ 12 \u00e0 15 jours ouvrables. Nous vous fournirons des mises \u00e0 jour en temps r\u00e9el sur l'\u00e9tat de votre envoi.<\/p>\n<\/div>\n<\/div>\n<\/div>\n<\/div>\n<\/div>\n<p>&nbsp;<\/p>\n<p>Trouvez plus de produits de vape que vous pourriez aimer :<strong><em><a href=\"https:\/\/rmvapesale.com\/fr\/shop-2\/\">Achetez maintenant &gt;&gt;&gt;<\/a><\/em><\/strong><\/p>","protected":false},"excerpt":{"rendered":"<p>Vapsolo Twins 20000 Puffs 2 Saveurs en 1 Vape Jetable Vente en gros<br \/>\nVapsolo Twins 20000 2 Saveurs en 1 Vape Jetable Rechargeable Prix de gros<br \/>\nStylo Vape Jetable \u00e0 succ\u00e8s Vapsolo Twins 20000 Puffs Achat en gros Prix pas cher<\/p>\n<p><strong>Contactez Amy pour obtenir la bonne r\u00e9ponse et un coupon de vape !<\/strong><\/p>\n<p><img loading=\"lazy\" decoding=\"async\" class=\"size-full wp-image-2375\" src=\"https:\/\/rmvapesale.com\/wp-content\/uploads\/2024\/10\/image.png\" alt=\"Meilleure vape jetable\" width=\"229\" height=\"300\" \/><\/p>\n<h3><a href=\"https:\/\/wa.me\/8617776015835\"><span style=\"color: #ff0000\"><strong>WhatsApp: +86 17776015835<\/strong><\/span><\/a><\/h3>\n<p>&nbsp;<\/p>","protected":false},"featured_media":2860,"comment_status":"open","ping_status":"closed","template":"","meta":{"_uag_custom_page_level_css":"","_lmt_disableupdate":"no","_lmt_disable":"","site-sidebar-layout":"default","site-content-layout":"content-boxed-container","ast-site-content-layout":"normal-width-container","site-content-style":"boxed","site-sidebar-style":"unboxed","ast-global-header-display":"","ast-banner-title-visibility":"","ast-main-header-display":"","ast-hfb-above-header-display":"","ast-hfb-below-header-display":"","ast-hfb-mobile-header-display":"","site-post-title":"","ast-breadcrumbs-content":"","ast-featured-img":"","footer-sml-layout":"","theme-transparent-header-meta":"default","adv-header-id-meta":"","stick-header-meta":"","header-above-stick-meta":"","header-main-stick-meta":"","header-below-stick-meta":"","astra-migrate-meta-layouts":"set","ast-page-background-enabled":"default","ast-page-background-meta":{"desktop":{"background-color":"var(--ast-global-color-4)","background-image":"","background-repeat":"repeat","background-position":"center center","background-size":"auto","background-attachment":"scroll","background-type":"","background-media":"","overlay-type":"","overlay-color":"","overlay-opacity":"","overlay-gradient":""},"tablet":{"background-color":"","background-image":"","background-repeat":"repeat","background-position":"center center","background-size":"auto","background-attachment":"scroll","background-type":"","background-media":"","overlay-type":"","overlay-color":"","overlay-opacity":"","overlay-gradient":""},"mobile":{"background-color":"","background-image":"","background-repeat":"repeat","background-position":"center center","background-size":"auto","background-attachment":"scroll","background-type":"","background-media":"","overlay-type":"","overlay-color":"","overlay-opacity":"","overlay-gradient":""}},"ast-content-background-meta":{"desktop":{"background-color":"var(--ast-global-color-5)","background-image":"","background-repeat":"repeat","background-position":"center center","background-size":"auto","background-attachment":"scroll","background-type":"","background-media":"","overlay-type":"","overlay-color":"","overlay-opacity":"","overlay-gradient":""},"tablet":{"background-color":"var(--ast-global-color-5)","background-image":"","background-repeat":"repeat","background-position":"center center","background-size":"auto","background-attachment":"scroll","background-type":"","background-media":"","overlay-type":"","overlay-color":"","overlay-opacity":"","overlay-gradient":""},"mobile":{"background-color":"var(--ast-global-color-5)","background-image":"","background-repeat":"repeat","background-position":"center center","background-size":"auto","background-attachment":"scroll","background-type":"","background-media":"","overlay-type":"","overlay-color":"","overlay-opacity":"","overlay-gradient":""}},"_joinchat":[]},"product_brand":[],"product_cat":[15,25,123,26,28,135,27,137,136,30],"product_tag":[40,111,243,241,242],"class_list":{"0":"post-2862","1":"product","2":"type-product","3":"status-publish","4":"has-post-thumbnail","6":"product_cat-new-vape-this-week","7":"product_cat-germany-best-selling-vape","8":"product_cat-italy-wholesale-vape","9":"product_cat-netherlands-hot-sale-vape","10":"product_cat-poland-hot-sale-vape","11":"product_cat-spain-best-hot-sale-vape","12":"product_cat-fance-hot-sale-vape","13":"product_cat-rechargeable-vapes","14":"product_cat-smart-screen-vapes","15":"product_cat-minimum-order-quantity-50pcs","16":"product_tag-hot-sale-vape","17":"product_tag-low-nicotine-disposable-vape","18":"product_tag-vapsolo","19":"product_tag-vapsolo-twins-20000","20":"product_tag-vapsolo-twins-20k","21":"desktop-align-left","22":"tablet-align-left","23":"mobile-align-left","25":"first","26":"instock","27":"sale","28":"shipping-taxable","29":"purchasable","30":"product-type-simple"},"uagb_featured_image_src":{"full":["https:\/\/rmvapesale.com\/wp-content\/uploads\/2024\/12\/VapSolo-Twins-20000-Disposable-Vape.jpg",1126,1126,false],"thumbnail":["https:\/\/rmvapesale.com\/wp-content\/uploads\/2024\/12\/VapSolo-Twins-20000-Disposable-Vape-150x150.jpg",150,150,true],"medium":["https:\/\/rmvapesale.com\/wp-content\/uploads\/2024\/12\/VapSolo-Twins-20000-Disposable-Vape-300x300.jpg",300,300,true],"medium_large":["https:\/\/rmvapesale.com\/wp-content\/uploads\/2024\/12\/VapSolo-Twins-20000-Disposable-Vape-768x768.jpg",768,768,true],"large":["https:\/\/rmvapesale.com\/wp-content\/uploads\/2024\/12\/VapSolo-Twins-20000-Disposable-Vape-1024x1024.jpg",1024,1024,true],"1536x1536":["https:\/\/rmvapesale.com\/wp-content\/uploads\/2024\/12\/VapSolo-Twins-20000-Disposable-Vape.jpg",1126,1126,false],"2048x2048":["https:\/\/rmvapesale.com\/wp-content\/uploads\/2024\/12\/VapSolo-Twins-20000-Disposable-Vape.jpg",1126,1126,false],"trp-custom-language-flag":["https:\/\/rmvapesale.com\/wp-content\/uploads\/2024\/12\/VapSolo-Twins-20000-Disposable-Vape.jpg",12,12,false],"woocommerce_thumbnail":["https:\/\/rmvapesale.com\/wp-content\/uploads\/2024\/12\/VapSolo-Twins-20000-Disposable-Vape-300x300.jpg",300,300,true],"woocommerce_single":["https:\/\/rmvapesale.com\/wp-content\/uploads\/2024\/12\/VapSolo-Twins-20000-Disposable-Vape-600x600.jpg",600,600,true],"woocommerce_gallery_thumbnail":["https:\/\/rmvapesale.com\/wp-content\/uploads\/2024\/12\/VapSolo-Twins-20000-Disposable-Vape-100x100.jpg",100,100,true],"wcpr-photo-reviews":["https:\/\/rmvapesale.com\/wp-content\/uploads\/2024\/12\/VapSolo-Twins-20000-Disposable-Vape.jpg",500,500,false]},"uagb_author_info":{"display_name":"AMY","author_link":"https:\/\/rmvapesale.com\/fr\/author\/"},"uagb_comment_info":0,"uagb_excerpt":"Vapsolo Twins 20000 Puffs 2 Flavour in 1 Disposable Vape Wholesale Vapsolo Twins 20000 2 Flavour in 1 Rechargeable Disposable Vape Wholesale Price Hot Sell Disposable Vape Pen Vapsolo Twins 20000 Puffs Bulk Buy Cheap Price Contact Amy to get right reply and vape coupon! WhatsApp: +86 17776015835 &nbsp;","_links":{"self":[{"href":"https:\/\/rmvapesale.com\/fr\/wp-json\/wp\/v2\/product\/2862","targetHints":{"allow":["GET"]}}],"collection":[{"href":"https:\/\/rmvapesale.com\/fr\/wp-json\/wp\/v2\/product"}],"about":[{"href":"https:\/\/rmvapesale.com\/fr\/wp-json\/wp\/v2\/types\/product"}],"replies":[{"embeddable":true,"href":"https:\/\/rmvapesale.com\/fr\/wp-json\/wp\/v2\/comments?post=2862"}],"wp:featuredmedia":[{"embeddable":true,"href":"https:\/\/rmvapesale.com\/fr\/wp-json\/wp\/v2\/media\/2860"}],"wp:attachment":[{"href":"https:\/\/rmvapesale.com\/fr\/wp-json\/wp\/v2\/media?parent=2862"}],"wp:term":[{"taxonomy":"product_brand","embeddable":true,"href":"https:\/\/rmvapesale.com\/fr\/wp-json\/wp\/v2\/product_brand?post=2862"},{"taxonomy":"product_cat","embeddable":true,"href":"https:\/\/rmvapesale.com\/fr\/wp-json\/wp\/v2\/product_cat?post=2862"},{"taxonomy":"product_tag","embeddable":true,"href":"https:\/\/rmvapesale.com\/fr\/wp-json\/wp\/v2\/product_tag?post=2862"}],"curies":[{"name":"wp","href":"https:\/\/api.w.org\/{rel}","templated":true}]}}