{"id":2876,"date":"2024-12-23T09:17:23","date_gmt":"2024-12-23T09:17:23","guid":{"rendered":"https:\/\/rmvapesale.com\/?post_type=product&#038;p=2876"},"modified":"2024-12-23T09:39:15","modified_gmt":"2024-12-23T09:39:15","slug":"bood-pulse-pro-50000-puff-50k-low-nicotine-disposable-vape-wholesale-bulk-buy-price","status":"publish","type":"product","link":"https:\/\/rmvapesale.com\/fr\/product\/bood-pulse-pro-50000-puff-50k-low-nicotine-disposable-vape-wholesale-bulk-buy-price\/","title":{"rendered":"Bood Pulse PRO 50000 Bouff\u00e9es 50k Faible Teneur en Nicotine Vape Jetable Vente en Gros Prix d'Achat en Vrac"},"content":{"rendered":"<div class=\"B2VR9 CJHX3e\">\n<div class=\"wyccme\">\n<div class=\"flex-shrink-0 flex flex-col relative items-end\">\n<div class=\"pt-0\">\n<div class=\"gizmo-bot-avatar flex h-8 w-8 items-center justify-center overflow-hidden rounded-full\">\n<div class=\"relative p-1 rounded-sm flex items-center justify-center bg-token-main-surface-primary text-token-text-primary h-8 w-8\">\n<div class=\"flex-shrink-0 flex flex-col relative items-end\">\n<div class=\"pt-0\">\n<div class=\"gizmo-bot-avatar flex h-8 w-8 items-center justify-center overflow-hidden rounded-full\">\n<h1 class=\"relative p-1 rounded-sm flex items-center justify-center bg-token-main-surface-primary text-token-text-primary h-8 w-8\">Bood Pulse PRO 50000 Bouff\u00e9es 50k Faible Teneur en Nicotine Vape Jetable Vente en Gros Prix d'Achat en Vrac<\/h1>\n<\/div>\n<\/div>\n<\/div>\n<\/div>\n<\/div>\n<\/div>\n<\/div>\n<div class=\"group\/conversation-turn relative flex w-full min-w-0 flex-col agent-turn\">\n<div class=\"flex-col gap-1 md:gap-3\">\n<div class=\"flex max-w-full flex-col flex-grow\">\n<div class=\"min-h-8 text-message flex w-full flex-col items-end gap-2 whitespace-normal break-words text-start [.text-message+&amp;]:mt-5\" dir=\"auto\" data-message-author-role=\"assistant\" data-message-id=\"80ece0c4-ead1-4ed9-a9f0-ddc22582b4f4\" data-message-model-slug=\"gpt-4o\">\n<div class=\"flex w-full flex-col gap-1 empty:hidden first:pt-[3px]\">\n<div class=\"markdown prose w-full break-words dark:prose-invert light\">\n<h3><\/h3>\n<\/div>\n<\/div>\n<\/div>\n<\/div>\n<\/div>\n<\/div>\n<div class=\"flex-shrink-0 flex flex-col relative items-end\">\n<div class=\"pt-0\">\n<div class=\"gizmo-bot-avatar flex h-8 w-8 items-center justify-center overflow-hidden rounded-full\">\n<div class=\"relative p-1 rounded-sm flex items-center justify-center bg-token-main-surface-primary text-token-text-primary h-8 w-8\">\n<p>Am\u00e9liorez votre exp\u00e9rience de vapotage avec le <strong>Bood Pulse PRO 50000 Bouff\u00e9e Faible Taux De Nicotine Vape Jetable<\/strong>, une v\u00e9ritable innovation dans <strong>marques de vapes jetables<\/strong>. Ce <strong>la vape 50k bouff\u00e9es<\/strong> est con\u00e7u pour les utilisateurs qui appr\u00e9cient la performance, la long\u00e9vit\u00e9 et le style.<\/p>\n<p>\u00c9quip\u00e9 d'un <strong>batterie rechargeable de 400mAh<\/strong> et de <strong>charge rapide Type-C<\/strong>, il garantit que votre appareil est toujours pr\u00eat. Avec son <strong>capacit\u00e9 de 28 ml d'e-liquide<\/strong>, cette vape offre jusqu'\u00e0 <strong>50 000 bouff\u00e9es en Mode Normal<\/strong> or <strong>25 000 bouff\u00e9es en Mode Pulse<\/strong>, r\u00e9pondant \u00e0 un large \u00e9ventail de pr\u00e9f\u00e9rences. L' <strong>\u00e9cran intelligent LED<\/strong> facilite la surveillance du nombre de bouff\u00e9es, de la dur\u00e9e de vie de la batterie et du mode de vapotage.<\/p>\n<p>Disponible \u00e0 <strong>prix de gros pas chers pour les vapes jetables<\/strong>, le <strong>Bood Pulse PRO 50000<\/strong> combine des fonctionnalit\u00e9s haut de gamme et un prix abordable, ce qui le rend id\u00e9al pour un usage personnel ou <strong>achat en gros<\/strong> besoins. Choisissez parmi une vari\u00e9t\u00e9 de saveurs irr\u00e9sistibles et profitez d'une exp\u00e9rience de vapotage douce, savoureuse et personnalis\u00e9e.<\/p>\n<\/div>\n<\/div>\n<\/div>\n<\/div>\n<\/div>\n<\/div>\n<p><strong>Contactez Amy pour obtenir la bonne r\u00e9ponse et un coupon de vape !<\/strong><\/p>\n<p><img loading=\"lazy\" decoding=\"async\" class=\"size-full wp-image-1978\" src=\"https:\/\/rmvapesale.com\/wp-content\/uploads\/2024\/09\/Disposable-Vape-Wholesale.jpg\" alt=\"Vente en gros de vapes jetables\" width=\"229\" height=\"300\" \/><\/p>\n<h3><a href=\"https:\/\/wa.me\/8617776015835\" target=\"_blank\" rel=\"noopener\"><span style=\"color: #ff0000\"><strong>WhatsApp: +86 17776015835<\/strong><\/span><\/a><\/h3>\n<p>&nbsp;<\/p>\n<p><strong style=\"font-size: 1.7em\">Bood Pulse PRO 50000 Caract\u00e9ristiques cl\u00e9s<\/strong><\/p>\n<ol>\n<li><strong>Capacit\u00e9 massive de 50 000 bouff\u00e9es :<\/strong> Vapotage longue dur\u00e9e avec <strong>Modes Normal et Pulse<\/strong> pour plus de polyvalence.<\/li>\n<li><strong>Batterie Rechargeable :<\/strong> <strong>Batterie de 400 mAh<\/strong> avec charge rapide de Type-C pour plus de commodit\u00e9.<\/li>\n<li><strong>Affichage LED Intelligent :<\/strong> Suivez sans effort le nombre de bouff\u00e9es, l'\u00e9tat de la batterie et les param\u00e8tres de mode.<\/li>\n<li><strong>Capacit\u00e9 de E-liquide g\u00e9n\u00e9reuse :<\/strong> Le r\u00e9servoir de 28 ml permet un vapotage prolong\u00e9 sans recharges fr\u00e9quentes.<\/li>\n<li><strong>Modes de vapotage personnalisables :<\/strong> Deux modes : Normal pour la long\u00e9vit\u00e9 et Pulse pour l'intensit\u00e9.<\/li>\n<li><strong>Options de faible teneur en nicotine :<\/strong> Disponible en nicotine \u00e0 0 %, 2 % ou 5 % pour une exp\u00e9rience sur mesure.<\/li>\n<li><strong>Prix de gros abordable :<\/strong> Parfait pour les <strong>vapes pas ch\u00e8res<\/strong> demandeurs et acheteurs en gros.<\/li>\n<\/ol>\n<p><strong style=\"font-size: 1.7em\">Meilleure vente Saveur pour Bood Pulse PRO 50000\u00a0<\/strong><\/p>\n<p>1.MELON ANANAS ORANGE<br \/>\n2.MYRTILLE FRAMBOISE SURETTE<br \/>\n3.PAST\u00c8QUE KIWI<br \/>\n4.MYRTILLE PAST\u00c8QUE<br \/>\n5.M\u00dbRE GLAC\u00c9E<br \/>\n6.TRIPLE MELON<br \/>\n7.FRAISE GLAC\u00c9E<br \/>\n8.FRAISE PAST\u00c8QUE GLAC\u00c9E<br \/>\n9.DOUBLE LIMONADE<br \/>\n10.RAISIN CANNEBERGE MYRTILLE FRAMBOISE<\/p>\n<p>&nbsp;<\/p>\n<figure id=\"attachment_2875\" aria-describedby=\"caption-attachment-2875\" style=\"width: 800px\" class=\"wp-caption alignnone\"><img loading=\"lazy\" decoding=\"async\" class=\"wp-image-2875 size-full\" src=\"https:\/\/rmvapesale.com\/wp-content\/uploads\/2024\/12\/Puff-50k-Bood-Pulse-50000-Puff-Disposable-Vape-Wholesale.jpg\" alt=\"Puff 50k Bood Pulse 50000 Puff Vape Jetable Vente en Gros\" width=\"800\" height=\"800\" srcset=\"https:\/\/rmvapesale.com\/wp-content\/uploads\/2024\/12\/Puff-50k-Bood-Pulse-50000-Puff-Disposable-Vape-Wholesale.jpg 800w, https:\/\/rmvapesale.com\/wp-content\/uploads\/2024\/12\/Puff-50k-Bood-Pulse-50000-Puff-Disposable-Vape-Wholesale-300x300.jpg 300w, https:\/\/rmvapesale.com\/wp-content\/uploads\/2024\/12\/Puff-50k-Bood-Pulse-50000-Puff-Disposable-Vape-Wholesale-150x150.jpg 150w, https:\/\/rmvapesale.com\/wp-content\/uploads\/2024\/12\/Puff-50k-Bood-Pulse-50000-Puff-Disposable-Vape-Wholesale-768x768.jpg 768w, https:\/\/rmvapesale.com\/wp-content\/uploads\/2024\/12\/Puff-50k-Bood-Pulse-50000-Puff-Disposable-Vape-Wholesale-600x600.jpg 600w, https:\/\/rmvapesale.com\/wp-content\/uploads\/2024\/12\/Puff-50k-Bood-Pulse-50000-Puff-Disposable-Vape-Wholesale-100x100.jpg 100w\" sizes=\"auto, (max-width: 800px) 100vw, 800px\" \/><figcaption id=\"caption-attachment-2875\" class=\"wp-caption-text\">Puff 50k Bood Pulse 50000 Puff Vape Jetable Vente en Gros<\/figcaption><\/figure>\n<p>&nbsp;<\/p>\n<h3><strong>Pourquoi choisir Rmvapesale pour les Bood Pulse PRO 50000 Puffs <\/strong><strong>V<\/strong><strong>jetables<\/strong><strong>?<\/strong><\/h3>\n<div class=\"flex-shrink-0 flex flex-col relative items-end\">\n<div class=\"pt-0\">\n<div class=\"gizmo-bot-avatar flex h-8 w-8 items-center justify-center overflow-hidden rounded-full\">\n<div class=\"relative p-1 rounded-sm flex items-center justify-center bg-token-main-surface-primary text-token-text-primary h-8 w-8\">\n<p>Bienvenue chez Rmvapesale, votre boutique de vape de confiance pour les vapes jetables premium. Avec plus de 5 ans d'expertise, nous vous proposons des marques populaires de vapes jetables telles que Al Fakher, <a href=\"https:\/\/rmvapesale.com\/fr\/product-category\/bang-vapes\/\">Bang Vape<\/a>, Waspe, WGA Vape et<a href=\"https:\/\/rmvapesale.com\/fr\/product-category\/randm-fumot-vape\/\"> RandM Vape<\/a>.<\/p>\n<p>Notre gamme comprend des vapes en promotion comme le <a href=\"https:\/\/rmvapesale.com\/fr\/product\/randm-tornado-15000-puffs-vape-wholesale\/\">RandM Tornado 15000<\/a> et des choix riches en saveurs comme le Vapme 70000. Chaque produit est choisi en mettant l'accent sur la qualit\u00e9, la valeur et la vari\u00e9t\u00e9, vous assurant de trouver la correspondance parfaite pour vos besoins. D\u00e9couvrez un service exceptionnel et une large gamme de produits de1\u00e8re qualit\u00e9 sur Rmvapesale.<\/p>\n<\/div>\n<h3><\/h3>\n<div class=\"relative p-1 rounded-sm flex items-center justify-center bg-token-main-surface-primary text-token-text-primary h-8 w-8\">\n<h3><b> FAQS pour Bood Pulse 50000 <\/b><b>Vape jetable rechargeable<\/b><\/h3>\n<div class=\"group\/conversation-turn relative flex w-full min-w-0 flex-col agent-turn\">\n<div class=\"flex-col gap-1 md:gap-3\">\n<div class=\"flex max-w-full flex-col flex-grow\">\n<div class=\"min-h-8 text-message flex w-full flex-col items-end gap-2 whitespace-normal break-words [.text-message+&amp;]:mt-5\" dir=\"auto\" data-message-author-role=\"assistant\" data-message-id=\"00c9b302-bc9c-4550-94ba-5a295efa2be3\" data-message-model-slug=\"gpt-4o\">\n<div class=\"flex w-full flex-col gap-1 empty:hidden first:pt-[3px]\">\n<div class=\"markdown prose w-full break-words dark:prose-invert light\">\n<div class=\"flex-shrink-0 flex flex-col relative items-end\">\n<div class=\"pt-0\">\n<div class=\"gizmo-bot-avatar flex h-8 w-8 items-center justify-center overflow-hidden rounded-full\">\n<div class=\"relative p-1 rounded-sm flex items-center justify-center bg-token-main-surface-primary text-token-text-primary h-8 w-8\">\n<div class=\"flex-shrink-0 flex flex-col relative items-end\">\n<div class=\"pt-0\">\n<div class=\"gizmo-bot-avatar flex h-8 w-8 items-center justify-center overflow-hidden rounded-full\">\n<div class=\"relative p-1 rounded-sm flex items-center justify-center bg-token-main-surface-primary text-token-text-primary h-8 w-8\">\n<h3><\/h3>\n<ol>\n<li><strong>Combien de bouff\u00e9es le Bood Pulse PRO 50000 offre-t-il ?<\/strong><br \/>\nL'appareil d\u00e9livre <strong>50 000 bouff\u00e9es en Mode Normal<\/strong> et de <strong>25 000 bouff\u00e9es en Mode Pulse<\/strong>, assurant une grande long\u00e9vit\u00e9.<\/li>\n<li><strong>\u00c0 quoi sert l'\u00e9cran LED intelligent ?<\/strong><br \/>\nL' <strong>LED int\u00e9gr\u00e9<\/strong> permet aux utilisateurs de surveiller facilement le nombre de bouff\u00e9es, l'autonomie de la batterie et le mode de vapotage s\u00e9lectionn\u00e9.<\/li>\n<li><strong>Puis-je recharger le vape jetable Bood 50000 bouff\u00e9es ?<\/strong><br \/>\nOui, il dispose d'un <strong>batterie rechargeable de 400mAh<\/strong> avec une charge rapide de Type-C pour votre commodit\u00e9.<\/li>\n<li><strong>Quels sont les taux de nicotine disponibles?<\/strong><br \/>\nL' <strong>Bood 50000<\/strong> offre des options de nicotine de 0%, 2% et 5% pour convenir \u00e0 vos pr\u00e9f\u00e9rences.<\/li>\n<li><strong>O\u00f9 puis-je acheter le Bood Pulse PRO 50k \u00e0 des prix de gros ?<\/strong><br \/>\nVisitez <strong>le magasin de vape en ligne Rmvapesale<\/strong> pour acheter le <strong>Vape jetable \u00e0 faible teneur en nicotine Bood Pulse PRO 50k Puff<\/strong> \u00e0 des prix <strong>de gros imbattables<\/strong>!<\/li>\n<\/ol>\n<\/div>\n<\/div>\n<\/div>\n<\/div>\n<\/div>\n<\/div>\n<\/div>\n<\/div>\n<div class=\"group\/conversation-turn relative flex w-full min-w-0 flex-col agent-turn\">\n<div class=\"flex-col gap-1 md:gap-3\">\n<div class=\"flex max-w-full flex-col flex-grow\">\n<div class=\"min-h-8 text-message flex w-full flex-col items-end gap-2 whitespace-normal break-words [.text-message+&amp;]:mt-5\" dir=\"auto\" data-message-author-role=\"assistant\" data-message-id=\"a3dc01bd-23b0-4fd7-bb9a-7827522cefd8\" data-message-model-slug=\"gpt-4o\">\n<div class=\"flex w-full flex-col gap-1 empty:hidden first:pt-[3px]\"><\/div>\n<\/div>\n<\/div>\n<\/div>\n<\/div>\n<\/div>\n<\/div>\n<\/div>\n<\/div>\n<\/div>\n<\/div>\n<\/div>\n<\/div>\n<\/div>\n<\/div>\n<h3>\u00c0 propos de l'exp\u00e9dition<\/h3>\n<div class=\"flex-shrink-0 flex flex-col relative items-end\">\n<div>\n<div class=\"pt-0\">\n<div class=\"gizmo-bot-avatar flex h-8 w-8 items-center justify-center overflow-hidden rounded-full\">\n<div><\/div>\n<div class=\"relative p-1 rounded-sm flex items-center justify-center bg-token-main-surface-primary text-token-text-primary h-8 w-8\"><strong>1. Quelles m\u00e9thodes d'exp\u00e9dition sont utilis\u00e9es ?<\/strong><\/div>\n<\/div>\n<\/div>\n<\/div>\n<\/div>\n<div class=\"group\/conversation-turn relative flex w-full min-w-0 flex-col agent-turn\">\n<div class=\"flex-col gap-1 md:gap-3\">\n<div class=\"flex max-w-full flex-col flex-grow\">\n<div class=\"min-h-[20px] text-message flex w-full flex-col items-end gap-2 whitespace-normal break-words [.text-message+&amp;]:mt-5 overflow-x-auto\" dir=\"auto\" data-message-author-role=\"assistant\" data-message-id=\"22f8283b-3233-46ff-89a5-c7a41b33abda\">\n<div class=\"flex w-full flex-col gap-1 empty:hidden first:pt-[3px]\">\n<div class=\"markdown prose w-full break-words dark:prose-invert light\">\n<p>Nous travaillons en partenariat avec UPS, DHL, FedEx, DPD et d'autres transporteurs de premier plan. Nous s\u00e9lectionnerons la meilleure m\u00e9thode d'exp\u00e9dition en fonction de votre lieu de livraison pour que vous receviez vos produits le plus rapidement possible.<\/p>\n<\/div>\n<p><strong>2. Combien de temps faut-il pour que cela arrive ?<\/strong><\/p>\n<p>Les colis exp\u00e9di\u00e9s en France arrivent g\u00e9n\u00e9ralement sous 10 jours ouvrables. L'exp\u00e9dition vers les pays europ\u00e9ens prend g\u00e9n\u00e9ralement environ 12 \u00e0 15 jours ouvrables. Nous vous fournirons des mises \u00e0 jour en temps r\u00e9el sur l'\u00e9tat de votre envoi.<\/p>\n<\/div>\n<\/div>\n<\/div>\n<\/div>\n<\/div>\n<p>&nbsp;<\/p>\n<p>Trouvez plus de produits de vape que vous pourriez aimer :<strong><em><a href=\"https:\/\/rmvapesale.com\/fr\/shop-2\/\">Achetez maintenant &gt;&gt;&gt;<\/a><\/em><\/strong><\/p>","protected":false},"excerpt":{"rendered":"<p>Bood Pulse PRO 50000 Bouff\u00e9es Vape Jetable Vente En Gros<br \/>\nBood Pulse PRO 50000 Rechargeable Vape Jetable Prix De Gros<br \/>\nMeilleure Vente De Stylo Vape Jetable Bood Pulse PRO 50000 Achat En Vrac Prix Pas Cher<\/p>\n<p><strong>Contactez Amy pour obtenir la bonne r\u00e9ponse et un coupon de vape !<\/strong><\/p>\n<p><img loading=\"lazy\" decoding=\"async\" class=\"size-full wp-image-2375\" src=\"https:\/\/rmvapesale.com\/wp-content\/uploads\/2024\/10\/image.png\" alt=\"Meilleure vape jetable\" width=\"229\" height=\"300\" \/><\/p>\n<h3><a href=\"https:\/\/wa.me\/8617776015835\"><span style=\"color: #ff0000\"><strong>WhatsApp: +86 17776015835<\/strong><\/span><\/a><\/h3>\n<p>&nbsp;<\/p>","protected":false},"featured_media":2874,"comment_status":"open","ping_status":"closed","template":"","meta":{"_uag_custom_page_level_css":"","_lmt_disableupdate":"no","_lmt_disable":"","site-sidebar-layout":"default","site-content-layout":"content-boxed-container","ast-site-content-layout":"normal-width-container","site-content-style":"boxed","site-sidebar-style":"unboxed","ast-global-header-display":"","ast-banner-title-visibility":"","ast-main-header-display":"","ast-hfb-above-header-display":"","ast-hfb-below-header-display":"","ast-hfb-mobile-header-display":"","site-post-title":"","ast-breadcrumbs-content":"","ast-featured-img":"","footer-sml-layout":"","theme-transparent-header-meta":"default","adv-header-id-meta":"","stick-header-meta":"","header-above-stick-meta":"","header-main-stick-meta":"","header-below-stick-meta":"","astra-migrate-meta-layouts":"set","ast-page-background-enabled":"default","ast-page-background-meta":{"desktop":{"background-color":"var(--ast-global-color-4)","background-image":"","background-repeat":"repeat","background-position":"center center","background-size":"auto","background-attachment":"scroll","background-type":"","background-media":"","overlay-type":"","overlay-color":"","overlay-opacity":"","overlay-gradient":""},"tablet":{"background-color":"","background-image":"","background-repeat":"repeat","background-position":"center center","background-size":"auto","background-attachment":"scroll","background-type":"","background-media":"","overlay-type":"","overlay-color":"","overlay-opacity":"","overlay-gradient":""},"mobile":{"background-color":"","background-image":"","background-repeat":"repeat","background-position":"center center","background-size":"auto","background-attachment":"scroll","background-type":"","background-media":"","overlay-type":"","overlay-color":"","overlay-opacity":"","overlay-gradient":""}},"ast-content-background-meta":{"desktop":{"background-color":"var(--ast-global-color-5)","background-image":"","background-repeat":"repeat","background-position":"center center","background-size":"auto","background-attachment":"scroll","background-type":"","background-media":"","overlay-type":"","overlay-color":"","overlay-opacity":"","overlay-gradient":""},"tablet":{"background-color":"var(--ast-global-color-5)","background-image":"","background-repeat":"repeat","background-position":"center center","background-size":"auto","background-attachment":"scroll","background-type":"","background-media":"","overlay-type":"","overlay-color":"","overlay-opacity":"","overlay-gradient":""},"mobile":{"background-color":"var(--ast-global-color-5)","background-image":"","background-repeat":"repeat","background-position":"center center","background-size":"auto","background-attachment":"scroll","background-type":"","background-media":"","overlay-type":"","overlay-color":"","overlay-opacity":"","overlay-gradient":""}},"_joinchat":[]},"product_brand":[],"product_cat":[15,25,123,26,28,135,27,137,136,30],"product_tag":[146,131,247,248,40,111,243],"class_list":{"0":"post-2876","1":"product","2":"type-product","3":"status-publish","4":"has-post-thumbnail","6":"product_cat-new-vape-this-week","7":"product_cat-germany-best-selling-vape","8":"product_cat-italy-wholesale-vape","9":"product_cat-netherlands-hot-sale-vape","10":"product_cat-poland-hot-sale-vape","11":"product_cat-spain-best-hot-sale-vape","12":"product_cat-fance-hot-sale-vape","13":"product_cat-rechargeable-vapes","14":"product_cat-smart-screen-vapes","15":"product_cat-minimum-order-quantity-50pcs","16":"product_tag-best-hot-sale-vape","17":"product_tag-big-puff-vape","18":"product_tag-bood-pulse-pro-50000","19":"product_tag-bood-vape","20":"product_tag-hot-sale-vape","21":"product_tag-low-nicotine-disposable-vape","22":"product_tag-vapsolo","23":"desktop-align-left","24":"tablet-align-left","25":"mobile-align-left","27":"first","28":"instock","29":"sale","30":"shipping-taxable","31":"purchasable","32":"product-type-simple"},"uagb_featured_image_src":{"full":["https:\/\/rmvapesale.com\/wp-content\/uploads\/2024\/12\/Bood-Pulse-50000-Puff-Low-Nicotine-Disposable-Vape.jpg",800,800,false],"thumbnail":["https:\/\/rmvapesale.com\/wp-content\/uploads\/2024\/12\/Bood-Pulse-50000-Puff-Low-Nicotine-Disposable-Vape-150x150.jpg",150,150,true],"medium":["https:\/\/rmvapesale.com\/wp-content\/uploads\/2024\/12\/Bood-Pulse-50000-Puff-Low-Nicotine-Disposable-Vape-300x300.jpg",300,300,true],"medium_large":["https:\/\/rmvapesale.com\/wp-content\/uploads\/2024\/12\/Bood-Pulse-50000-Puff-Low-Nicotine-Disposable-Vape-768x768.jpg",768,768,true],"large":["https:\/\/rmvapesale.com\/wp-content\/uploads\/2024\/12\/Bood-Pulse-50000-Puff-Low-Nicotine-Disposable-Vape.jpg",800,800,false],"1536x1536":["https:\/\/rmvapesale.com\/wp-content\/uploads\/2024\/12\/Bood-Pulse-50000-Puff-Low-Nicotine-Disposable-Vape.jpg",800,800,false],"2048x2048":["https:\/\/rmvapesale.com\/wp-content\/uploads\/2024\/12\/Bood-Pulse-50000-Puff-Low-Nicotine-Disposable-Vape.jpg",800,800,false],"trp-custom-language-flag":["https:\/\/rmvapesale.com\/wp-content\/uploads\/2024\/12\/Bood-Pulse-50000-Puff-Low-Nicotine-Disposable-Vape.jpg",12,12,false],"woocommerce_thumbnail":["https:\/\/rmvapesale.com\/wp-content\/uploads\/2024\/12\/Bood-Pulse-50000-Puff-Low-Nicotine-Disposable-Vape-300x300.jpg",300,300,true],"woocommerce_single":["https:\/\/rmvapesale.com\/wp-content\/uploads\/2024\/12\/Bood-Pulse-50000-Puff-Low-Nicotine-Disposable-Vape-600x600.jpg",600,600,true],"woocommerce_gallery_thumbnail":["https:\/\/rmvapesale.com\/wp-content\/uploads\/2024\/12\/Bood-Pulse-50000-Puff-Low-Nicotine-Disposable-Vape-100x100.jpg",100,100,true],"wcpr-photo-reviews":["https:\/\/rmvapesale.com\/wp-content\/uploads\/2024\/12\/Bood-Pulse-50000-Puff-Low-Nicotine-Disposable-Vape.jpg",500,500,false]},"uagb_author_info":{"display_name":"AMY","author_link":"https:\/\/rmvapesale.com\/fr\/author\/"},"uagb_comment_info":0,"uagb_excerpt":"Bood Pulse PRO 50000 Puffs Disposable Vape Wholesale Bood Pulse PRO 50000 Rechargeable Disposable Vape Wholesale Price Hot Sell Disposable Vape Pen Bood Pulse PRO 50000 Bulk Buy Cheap Price Contact Amy to get right reply and vape coupon! WhatsApp: +86 17776015835 &nbsp;","_links":{"self":[{"href":"https:\/\/rmvapesale.com\/fr\/wp-json\/wp\/v2\/product\/2876","targetHints":{"allow":["GET"]}}],"collection":[{"href":"https:\/\/rmvapesale.com\/fr\/wp-json\/wp\/v2\/product"}],"about":[{"href":"https:\/\/rmvapesale.com\/fr\/wp-json\/wp\/v2\/types\/product"}],"replies":[{"embeddable":true,"href":"https:\/\/rmvapesale.com\/fr\/wp-json\/wp\/v2\/comments?post=2876"}],"wp:featuredmedia":[{"embeddable":true,"href":"https:\/\/rmvapesale.com\/fr\/wp-json\/wp\/v2\/media\/2874"}],"wp:attachment":[{"href":"https:\/\/rmvapesale.com\/fr\/wp-json\/wp\/v2\/media?parent=2876"}],"wp:term":[{"taxonomy":"product_brand","embeddable":true,"href":"https:\/\/rmvapesale.com\/fr\/wp-json\/wp\/v2\/product_brand?post=2876"},{"taxonomy":"product_cat","embeddable":true,"href":"https:\/\/rmvapesale.com\/fr\/wp-json\/wp\/v2\/product_cat?post=2876"},{"taxonomy":"product_tag","embeddable":true,"href":"https:\/\/rmvapesale.com\/fr\/wp-json\/wp\/v2\/product_tag?post=2876"}],"curies":[{"name":"wp","href":"https:\/\/api.w.org\/{rel}","templated":true}]}}