{"id":2913,"date":"2025-01-08T09:44:46","date_gmt":"2025-01-08T09:44:46","guid":{"rendered":"https:\/\/rmvapesale.com\/?post_type=product&#038;p=2913"},"modified":"2025-01-09T09:05:59","modified_gmt":"2025-01-09T09:05:59","slug":"bang-box-35000-puffs-touch-screen-bulk-buy-price-rechargeable-disposable-vapes","status":"publish","type":"product","link":"https:\/\/rmvapesale.com\/fr\/product\/bang-box-35000-puffs-touch-screen-bulk-buy-price-rechargeable-disposable-vapes\/","title":{"rendered":"Bang Box 35000 Puffs \u00c9cran Tactile Achat en Gros Prix Vapes Jetables Rechargeables"},"content":{"rendered":"<div class=\"B2VR9 CJHX3e\">\n<div class=\"wyccme\">\n<div class=\"flex-shrink-0 flex flex-col relative items-end\">\n<div class=\"pt-0\">\n<div class=\"gizmo-bot-avatar flex h-8 w-8 items-center justify-center overflow-hidden rounded-full\">\n<div class=\"relative p-1 rounded-sm flex items-center justify-center bg-token-main-surface-primary text-token-text-primary h-8 w-8\">\n<div class=\"flex-shrink-0 flex flex-col relative items-end\">\n<div class=\"pt-0\">\n<div class=\"gizmo-bot-avatar flex h-8 w-8 items-center justify-center overflow-hidden rounded-full\">\n<h1 class=\"relative p-1 rounded-sm flex items-center justify-center bg-token-main-surface-primary text-token-text-primary h-8 w-8\">Bang Box 35000 Puffs \u00c9cran Tactile Achat en Gros Prix Vapes Jetables Rechargeables<\/h1>\n<\/div>\n<\/div>\n<\/div>\n<\/div>\n<\/div>\n<\/div>\n<\/div>\n<div class=\"group\/conversation-turn relative flex w-full min-w-0 flex-col agent-turn\">\n<div class=\"flex-col gap-1 md:gap-3\">\n<div class=\"flex max-w-full flex-col flex-grow\">\n<div class=\"min-h-8 text-message flex w-full flex-col items-end gap-2 whitespace-normal break-words text-start [.text-message+&amp;]:mt-5\" dir=\"auto\" data-message-author-role=\"assistant\" data-message-id=\"80ece0c4-ead1-4ed9-a9f0-ddc22582b4f4\" data-message-model-slug=\"gpt-4o\">\n<div class=\"flex w-full flex-col gap-1 empty:hidden first:pt-[3px]\">\n<div class=\"markdown prose w-full break-words dark:prose-invert light\">\n<p>&nbsp;<\/p>\n<p>L' <strong>Bang Box 35000 Bouff\u00e9es<\/strong>, une vape jetable rechargeable de qualit\u00e9 sup\u00e9rieure con\u00e7ue pour ceux qui exigent saveur, flexibilit\u00e9 et commodit\u00e9. Avec son <strong>\u00e9cran num\u00e9rique<\/strong>, son nombre \u00e9lev\u00e9 de bouff\u00e9es et ses fonctionnalit\u00e9s personnalisables, cet appareil est le choix ultime pour les vapoteurs \u00e0 la recherche de qualit\u00e9 \u00e0 un prix abordable <strong>prix de gros<\/strong>.<\/p>\n<p>D\u00e9couvrez une <strong>\u00e9norme quantit\u00e9 de 35 000 bouff\u00e9es<\/strong> par appareil, faisant du BangBox 35k l'une des vapes jetables les plus durables du march\u00e9. Dites adieu aux remplacements constants et bonjour \u00e0 une satisfaction de vapotage prolong\u00e9e ! L' <strong>interface \u00e0 \u00e9cran tactile LED<\/strong> vous donne le contr\u00f4le. Surveillez la <strong>dur\u00e9e de vie de la batterie<\/strong>, <strong>les niveaux d'e-liquide<\/strong>et ajustez votre <strong>flux d'air<\/strong> et de <strong>modes de puissance<\/strong> en toute simplicit\u00e9. Profitez d'un vapotage fluide gr\u00e2ce \u00e0 la technologie \u00e0 port\u00e9e de main.<\/p>\n<p>Gr\u00e2ce \u00e0 <strong>la technologie \u00e0 double bobine maill\u00e9e<\/strong>, chaque bouff\u00e9e offre une saveur exceptionnelle et une vapeur \u00e9paisse. BangBox 35000, associ\u00e9 au r\u00e9servoir d'e-liquide de 35 ml, cette vape offre une performance constante et savoureuse sans remplissages fr\u00e9quents. \u00c9quip\u00e9 d'un <strong>batterie rechargeable de 700mAh<\/strong> et un <strong>port de charge Type-C<\/strong>, le Bang Vape 35k assure une recharge rapide et efficace. Restez aliment\u00e9 tout au long de votre journ\u00e9e, que ce soit \u00e0 la maison ou en d\u00e9placement.<\/p>\n<p>Le Bang Box 35000 puffs offre <strong>trois modes de flux d'air r\u00e9glables<\/strong>, vous donnant le contr\u00f4le sur votre tirage. Que vous pr\u00e9f\u00e9riez une aspiration plus serr\u00e9e ou plus ouverte, cet appareil s'adapte \u00e0 votre style en un simple clic sur l'\u00e9cran tactile. <span style=\"font-size: 16px\">Pesant seulement <\/span><strong style=\"font-size: 16px\">105.5g<\/strong><span style=\"font-size: 16px\">, le Bang Box est l\u00e9ger et facile \u00e0 transporter. Parfait pour les grossistes, les <\/span><strong style=\"font-size: 16px\">options d'emballage en vrac<\/strong><span style=\"font-size: 16px\"> en font un excellent choix pour les <\/span><strong style=\"font-size: 16px\">commandes d'achat en gros<\/strong><span style=\"font-size: 16px\"> \u00e0 des prix imbattables.<\/span><\/p>\n<\/div>\n<\/div>\n<\/div>\n<\/div>\n<\/div>\n<\/div>\n<div class=\"flex-shrink-0 flex flex-col relative items-end\">\n<div class=\"pt-0\">\n<div class=\"gizmo-bot-avatar flex h-8 w-8 items-center justify-center overflow-hidden rounded-full\">\n<p>&nbsp;<\/p>\n<\/div>\n<\/div>\n<\/div>\n<\/div>\n<\/div>\n<p><strong>Contactez Amy pour obtenir la bonne r\u00e9ponse et un coupon de vape !<\/strong><\/p>\n<p><img loading=\"lazy\" decoding=\"async\" class=\"size-full wp-image-1978\" src=\"https:\/\/rmvapesale.com\/wp-content\/uploads\/2024\/09\/Disposable-Vape-Wholesale.jpg\" alt=\"Vente en gros de vapes jetables\" width=\"229\" height=\"300\" \/><\/p>\n<h3><a href=\"https:\/\/wa.me\/8617776015835\" target=\"_blank\" rel=\"noopener\"><span style=\"color: #ff0000\"><strong>WhatsApp: +86 17776015835<\/strong><\/span><\/a><\/h3>\n<p>&nbsp;<\/p>\n<h2><strong style=\"font-size: 1.7em\">Caract\u00e9ristiques principales du Bang Box 35000<\/strong><\/h2>\n<h3><\/h3>\n<ul>\n<li><strong>Nombre de bouff\u00e9es<\/strong>: Jusqu'\u00e0 35 000 bouff\u00e9es pour une utilisation prolong\u00e9e<\/li>\n<li><strong>Affichage num\u00e9rique<\/strong>: Surveillance en temps r\u00e9el de la batterie et de l'e-liquide<\/li>\n<li><strong>Capacit\u00e9 de e-liquide<\/strong>: Grand r\u00e9servoir pr\u00e9-rempli de 35 ml<\/li>\n<li><strong>Syst\u00e8me de bobine<\/strong>: Double bobine en maille pour une saveur et une vapeur am\u00e9lior\u00e9es<\/li>\n<li><strong>Batterie<\/strong>: 700mAh rechargeable avec chargement de Type-C<\/li>\n<li><strong>Flux d'air<\/strong>: Trois modes personnalisables pour une exp\u00e9rience personnalis\u00e9e<\/li>\n<li><strong>\u00c9cran tactile<\/strong>: Contr\u00f4le intuitif du flux d'air et des modes de puissance<\/li>\n<li><strong>Portabilit\u00e9<\/strong>: Conception l\u00e9g\u00e8re pour vapoter en d\u00e9placement<\/li>\n<li><strong>Pr\u00eat pour la vente en gros<\/strong>: Options d'achat en gros pour un r\u00e9approvisionnement rentable&nbsp;\n<p><img loading=\"lazy\" decoding=\"async\" class=\"wp-image-2940 size-full\" src=\"https:\/\/rmvapesale.com\/wp-content\/uploads\/2025\/01\/Bang-Vape-Disposable-Vapes-35000-Bulk-Buy.webp\" alt=\"Bang Vape Vapes Jetables 35000 Achat en Gros\" width=\"800\" height=\"496\" srcset=\"https:\/\/rmvapesale.com\/wp-content\/uploads\/2025\/01\/Bang-Vape-Disposable-Vapes-35000-Bulk-Buy.webp 800w, https:\/\/rmvapesale.com\/wp-content\/uploads\/2025\/01\/Bang-Vape-Disposable-Vapes-35000-Bulk-Buy-300x186.webp 300w, https:\/\/rmvapesale.com\/wp-content\/uploads\/2025\/01\/Bang-Vape-Disposable-Vapes-35000-Bulk-Buy-768x476.webp 768w, https:\/\/rmvapesale.com\/wp-content\/uploads\/2025\/01\/Bang-Vape-Disposable-Vapes-35000-Bulk-Buy-600x372.webp 600w\" sizes=\"auto, (max-width: 800px) 100vw, 800px\" \/><\/li>\n<\/ul>\n<h2><strong style=\"font-size: 1.7em\">Meilleure vente de saveur pour Bang Box 35k<\/strong><\/h2>\n<p>Cette Bang Box 35000 Bouff\u00e9es Vape jetable rechargeable \u00e0 \u00e9cran tactile disponible en <strong>12 saveurs excitantes<\/strong>, offre une vari\u00e9t\u00e9 d'options pour satisfaire diff\u00e9rents go\u00fbts. Quelle est la meilleure saveur pour BangBOX 35K ? Veuillez trouver la saveur la plus vendue pour cette vape jetable rechargeable selon nos donn\u00e9es de vente et les commentaires des clients.<\/p>\n<p>1. FRAISE KIWI<br \/>\n2. BLUE RAZZ ICE <span style=\"color: #ff0000\"><strong>&gt;&gt;&gt;&gt; Chaud !<\/strong><\/span><br \/>\n3. FRAISE PAST\u00c8QUE<span style=\"color: #ff0000\"><strong>&gt;&gt;&gt;&gt; Chaud !<\/strong><\/span><br \/>\n4. FRUIT DE LA PASSION<br \/>\n5. SODA COLA CITRON<br \/>\n6. PAST\u00c8QUE GLAC\u00c9E<br \/>\n7. CHEWING-GUM PAST\u00c8QUE<br \/>\n8. GOYAVE KIWI FRUIT DE LA PASSION<br \/>\n9. MYRTILLE GLAC\u00c9E <strong> <span style=\"color: #ff0000\">&gt;&gt;&gt;&gt; Le meilleur !<\/span><\/strong><br \/>\n10. PAST\u00c8QUE CERISE<br \/>\n11. RED BULL <span style=\"color: #ff0000\"><strong>&gt;&gt;&gt;&gt; Chaud !<\/strong><\/span><br \/>\n12. PAMPLEMOUSSE MENTHE <span style=\"color: #ff0000\"><strong>&gt;&gt;&gt;&gt; Chaud !<\/strong><\/span><\/p>\n<h3><\/h3>\n<h4><strong>Pourquoi choisir Rmvapesale pour Bang Box 35000 Bouff\u00e9es\u00a0 <\/strong><strong>V<\/strong><strong>jetables<\/strong><strong>?<\/strong><\/h4>\n<div class=\"flex-shrink-0 flex flex-col relative items-end\">\n<div class=\"pt-0\">\n<div class=\"gizmo-bot-avatar flex h-8 w-8 items-center justify-center overflow-hidden rounded-full\">\n<div class=\"relative p-1 rounded-sm flex items-center justify-center bg-token-main-surface-primary text-token-text-primary h-8 w-8\">\n<p>Bienvenue chez Rmvapesale, votre boutique de vape de confiance pour les vapes jetables premium. Avec plus de 5 ans d'expertise, nous vous proposons des marques populaires de vapes jetables telles que Al Fakher, <a href=\"https:\/\/rmvapesale.com\/fr\/product-category\/bang-vapes\/\">Bang Vape<\/a>, Waspe, WGA Vape et<a href=\"https:\/\/rmvapesale.com\/fr\/product-category\/randm-fumot-vape\/\"> RandM Vape<\/a>.<\/p>\n<p>Notre gamme comprend des vapes jetables les plus vendues comme le <a href=\"https:\/\/rmvapesale.com\/fr\/product\/randm-tornado-15000-puffs-vape-wholesale\/\">RandM Tornado 15000<\/a> et des choix riches en saveurs comme le <a href=\"https:\/\/rmvapesale.com\/fr\/product\/bood-twins-46000-puff-digital-disposable-vape-bulk-buy-wholesale-price\/\">Bood Twins 46000<\/a>Chaque produit est s\u00e9lectionn\u00e9 avec un accent sur la qualit\u00e9, la valeur et la vari\u00e9t\u00e9, vous assurant de trouver la correspondance parfaite pour vos besoins. D\u00e9couvrez un service exceptionnel et une large gamme de produits de premier plan chez Rmvapesale.<\/p>\n<p>&nbsp;<\/p>\n<h3><b style=\"font-size: 1.5em;font-style: inherit\">FAQ pour Bang Box 35000 <\/b><b style=\"font-size: 1.5em;font-style: inherit\">Vape jetable rechargeable<\/b><\/h3>\n<\/div>\n<h3><\/h3>\n<p><strong>1. Combien de bouff\u00e9es le Bang Box 35000 offre-t-il ?<\/strong><\/p>\n<p>Le Bang Box offre jusqu'\u00e0 <strong>35 000 bouff\u00e9es<\/strong>, ce qui le rend id\u00e9al pour une utilisation de longue dur\u00e9e sans remplacements fr\u00e9quents.<\/p>\n<p><strong>2. Puis-je recharger la Bang Box 35000 ?<\/strong><\/p>\n<p>Oui, il dispose d'un <strong>batterie rechargeable de 700mAh<\/strong> avec un <strong>port Type-C<\/strong> pour une recharge rapide et pratique.<\/p>\n<p><strong>3. Quel est l'avantage de l'affichage num\u00e9rique ?<\/strong><\/p>\n<p>L' <strong>\u00c9cran tactile LED<\/strong> vous permet de surveiller la dur\u00e9e de vie de la batterie, les niveaux d'e-liquide et de r\u00e9gler facilement le flux d'air et les modes d'alimentation.<\/p>\n<p><strong>4. Puis-je personnaliser le flux d'air ?<\/strong><\/p>\n<p>Absolument ! La Bang Box est livr\u00e9e avec <strong>trois modes de flux d'air r\u00e9glables<\/strong>, vous donnant le contr\u00f4le sur votre exp\u00e9rience de vapotage.<\/p>\n<p><strong>5. O\u00f9 puis-je acheter la Bang Box 35000 \u00e0 des prix de gros ?<\/strong><\/p>\n<p>Vous pouvez trouver le <strong>Bang Box 35000 Bouff\u00e9es<\/strong> \u00e0 des prix comp\u00e9titifs chez <strong>prix de gros<\/strong> on <a href=\"https:\/\/rmvapesale.com\/fr\/\" target=\"_new\" rel=\"noopener\">Rmvapesale, boutique de vape en ligne<\/a>. Achetez maintenant pour les meilleures offres !<\/p>\n<p><img loading=\"lazy\" decoding=\"async\" class=\"wp-image-2941 size-full\" src=\"https:\/\/rmvapesale.com\/wp-content\/uploads\/2025\/01\/Bang-Vape-Screen-Disposable-Vape-35000-Puffs.webp\" alt=\"Bang Vape \u00c9cran Vape Jetable 35000 Bouff\u00e9es\" width=\"800\" height=\"558\" srcset=\"https:\/\/rmvapesale.com\/wp-content\/uploads\/2025\/01\/Bang-Vape-Screen-Disposable-Vape-35000-Puffs.webp 800w, https:\/\/rmvapesale.com\/wp-content\/uploads\/2025\/01\/Bang-Vape-Screen-Disposable-Vape-35000-Puffs-300x209.webp 300w, https:\/\/rmvapesale.com\/wp-content\/uploads\/2025\/01\/Bang-Vape-Screen-Disposable-Vape-35000-Puffs-768x536.webp 768w, https:\/\/rmvapesale.com\/wp-content\/uploads\/2025\/01\/Bang-Vape-Screen-Disposable-Vape-35000-Puffs-600x419.webp 600w\" sizes=\"auto, (max-width: 800px) 100vw, 800px\" \/><\/p>\n<\/div>\n<\/div>\n<\/div>\n<h3>\u00c0 propos de l'exp\u00e9dition<\/h3>\n<div class=\"flex-shrink-0 flex flex-col relative items-end\">\n<div>\n<div class=\"pt-0\">\n<div class=\"gizmo-bot-avatar flex h-8 w-8 items-center justify-center overflow-hidden rounded-full\">\n<div><\/div>\n<div class=\"relative p-1 rounded-sm flex items-center justify-center bg-token-main-surface-primary text-token-text-primary h-8 w-8\"><strong>1. Quelles m\u00e9thodes d'exp\u00e9dition sont utilis\u00e9es ?<\/strong><\/div>\n<\/div>\n<\/div>\n<\/div>\n<\/div>\n<div class=\"group\/conversation-turn relative flex w-full min-w-0 flex-col agent-turn\">\n<div class=\"flex-col gap-1 md:gap-3\">\n<div class=\"flex max-w-full flex-col flex-grow\">\n<div class=\"min-h-[20px] text-message flex w-full flex-col items-end gap-2 whitespace-normal break-words [.text-message+&amp;]:mt-5 overflow-x-auto\" dir=\"auto\" data-message-author-role=\"assistant\" data-message-id=\"22f8283b-3233-46ff-89a5-c7a41b33abda\">\n<div class=\"flex w-full flex-col gap-1 empty:hidden first:pt-[3px]\">\n<div class=\"markdown prose w-full break-words dark:prose-invert light\">\n<p>Nous travaillons en partenariat avec UPS, DHL, FedEx, DPD et d'autres transporteurs de premier plan. Nous s\u00e9lectionnerons la meilleure m\u00e9thode d'exp\u00e9dition en fonction de votre lieu de livraison pour que vous receviez vos produits le plus rapidement possible.<\/p>\n<\/div>\n<p><strong>2. Combien de temps faut-il pour que cela arrive ?<\/strong><\/p>\n<p>Les colis exp\u00e9di\u00e9s en France arrivent g\u00e9n\u00e9ralement sous 10 jours ouvrables. L'exp\u00e9dition vers les pays europ\u00e9ens prend g\u00e9n\u00e9ralement environ 12 \u00e0 15 jours ouvrables. Nous vous fournirons des mises \u00e0 jour en temps r\u00e9el sur l'\u00e9tat de votre envoi.<\/p>\n<\/div>\n<\/div>\n<\/div>\n<\/div>\n<\/div>\n<p><strong><span style=\"color: #ff0000\">Autres vapes jetables intelligentes en promotion : <a href=\"https:\/\/rmvapesale.com\/fr\/product\/vopk-ultra-40000-puffs-double-taste-digital-screen-spaceman-disposable-vape-wholesale\/\">VOPK 40000 40K Bouff\u00e9es<\/a>, <a href=\"https:\/\/rmvapesale.com\/fr\/product\/bang-vape-36000-puffs-rechargeable-disposable-vape-wholesale-price\/\">Bang Vape 36k,\u00a0<\/a><\/span><\/strong><\/p>\n<p>&nbsp;<\/p>\n<p>Trouvez plus de produits de vape que vous pourriez aimer :<strong><em><a href=\"https:\/\/rmvapesale.com\/fr\/shop-2\/\">Achetez maintenant &gt;&gt;&gt;<\/a><\/em><\/strong><\/p>","protected":false},"excerpt":{"rendered":"<p>Nouveau Bang Box 35k 35000 Bouff\u00e9es Contr\u00f4le Tactile Deux Modes de Puissance<br \/>\nBang Box 35000 Bouff\u00e9es Contr\u00f4le Tactile Vape Jetable en Gros<br \/>\nBang Box 35k Bouff\u00e9es Contr\u00f4le Tactile Vape Achat en Gros Prix Pas Cher<\/p>\n<p><strong>Contactez Amy pour obtenir la bonne r\u00e9ponse et un coupon de vape !<\/strong><\/p>\n<p><img loading=\"lazy\" decoding=\"async\" class=\"size-full wp-image-2375\" src=\"https:\/\/rmvapesale.com\/wp-content\/uploads\/2024\/10\/image.png\" alt=\"Meilleure vape jetable\" width=\"229\" height=\"300\" \/><\/p>\n<h3><a href=\"https:\/\/wa.me\/8617776015835\"><span style=\"color: #ff0000\"><strong>WhatsApp: +86 17776015835<\/strong><\/span><\/a><\/h3>\n<p>&nbsp;<\/p>","protected":false},"featured_media":2934,"comment_status":"open","ping_status":"closed","template":"","meta":{"_uag_custom_page_level_css":"","_lmt_disableupdate":"no","_lmt_disable":"","site-sidebar-layout":"default","site-content-layout":"content-boxed-container","ast-site-content-layout":"normal-width-container","site-content-style":"boxed","site-sidebar-style":"unboxed","ast-global-header-display":"","ast-banner-title-visibility":"","ast-main-header-display":"","ast-hfb-above-header-display":"","ast-hfb-below-header-display":"","ast-hfb-mobile-header-display":"","site-post-title":"","ast-breadcrumbs-content":"","ast-featured-img":"","footer-sml-layout":"","theme-transparent-header-meta":"default","adv-header-id-meta":"","stick-header-meta":"","header-above-stick-meta":"","header-main-stick-meta":"","header-below-stick-meta":"","astra-migrate-meta-layouts":"set","ast-page-background-enabled":"default","ast-page-background-meta":{"desktop":{"background-color":"var(--ast-global-color-4)","background-image":"","background-repeat":"repeat","background-position":"center center","background-size":"auto","background-attachment":"scroll","background-type":"","background-media":"","overlay-type":"","overlay-color":"","overlay-opacity":"","overlay-gradient":""},"tablet":{"background-color":"","background-image":"","background-repeat":"repeat","background-position":"center center","background-size":"auto","background-attachment":"scroll","background-type":"","background-media":"","overlay-type":"","overlay-color":"","overlay-opacity":"","overlay-gradient":""},"mobile":{"background-color":"","background-image":"","background-repeat":"repeat","background-position":"center center","background-size":"auto","background-attachment":"scroll","background-type":"","background-media":"","overlay-type":"","overlay-color":"","overlay-opacity":"","overlay-gradient":""}},"ast-content-background-meta":{"desktop":{"background-color":"var(--ast-global-color-5)","background-image":"","background-repeat":"repeat","background-position":"center center","background-size":"auto","background-attachment":"scroll","background-type":"","background-media":"","overlay-type":"","overlay-color":"","overlay-opacity":"","overlay-gradient":""},"tablet":{"background-color":"var(--ast-global-color-5)","background-image":"","background-repeat":"repeat","background-position":"center center","background-size":"auto","background-attachment":"scroll","background-type":"","background-media":"","overlay-type":"","overlay-color":"","overlay-opacity":"","overlay-gradient":""},"mobile":{"background-color":"var(--ast-global-color-5)","background-image":"","background-repeat":"repeat","background-position":"center center","background-size":"auto","background-attachment":"scroll","background-type":"","background-media":"","overlay-type":"","overlay-color":"","overlay-opacity":"","overlay-gradient":""}},"_joinchat":[]},"product_brand":[],"product_cat":[15,246,25,123,26,28,135,27,60,137,136,30],"product_tag":[267,199,146,131,40,111,266],"class_list":{"0":"post-2913","1":"product","2":"type-product","3":"status-publish","4":"has-post-thumbnail","6":"product_cat-new-vape-this-week","7":"product_cat-35000-puffs-disposable-vape","8":"product_cat-germany-best-selling-vape","9":"product_cat-italy-wholesale-vape","10":"product_cat-netherlands-hot-sale-vape","11":"product_cat-poland-hot-sale-vape","12":"product_cat-spain-best-hot-sale-vape","13":"product_cat-fance-hot-sale-vape","14":"product_cat-bang-vapes","15":"product_cat-rechargeable-vapes","16":"product_cat-smart-screen-vapes","17":"product_cat-minimum-order-quantity-50pcs","18":"product_tag-bang-box-35k","19":"product_tag-bang-vape","20":"product_tag-best-hot-sale-vape","21":"product_tag-big-puff-vape","22":"product_tag-hot-sale-vape","23":"product_tag-low-nicotine-disposable-vape","24":"product_tag-touch-screen-rechargeable-disposable-vape","25":"desktop-align-left","26":"tablet-align-left","27":"mobile-align-left","29":"first","30":"instock","31":"sale","32":"shipping-taxable","33":"purchasable","34":"product-type-simple"},"uagb_featured_image_src":{"full":["https:\/\/rmvapesale.com\/wp-content\/uploads\/2025\/01\/Bang-Box-Vape-35000-Puffs-Disposable-Vape-Bulk-Buy.webp",800,800,false],"thumbnail":["https:\/\/rmvapesale.com\/wp-content\/uploads\/2025\/01\/Bang-Box-Vape-35000-Puffs-Disposable-Vape-Bulk-Buy-150x150.webp",150,150,true],"medium":["https:\/\/rmvapesale.com\/wp-content\/uploads\/2025\/01\/Bang-Box-Vape-35000-Puffs-Disposable-Vape-Bulk-Buy-300x300.webp",300,300,true],"medium_large":["https:\/\/rmvapesale.com\/wp-content\/uploads\/2025\/01\/Bang-Box-Vape-35000-Puffs-Disposable-Vape-Bulk-Buy-768x768.webp",768,768,true],"large":["https:\/\/rmvapesale.com\/wp-content\/uploads\/2025\/01\/Bang-Box-Vape-35000-Puffs-Disposable-Vape-Bulk-Buy.webp",800,800,false],"1536x1536":["https:\/\/rmvapesale.com\/wp-content\/uploads\/2025\/01\/Bang-Box-Vape-35000-Puffs-Disposable-Vape-Bulk-Buy.webp",800,800,false],"2048x2048":["https:\/\/rmvapesale.com\/wp-content\/uploads\/2025\/01\/Bang-Box-Vape-35000-Puffs-Disposable-Vape-Bulk-Buy.webp",800,800,false],"trp-custom-language-flag":["https:\/\/rmvapesale.com\/wp-content\/uploads\/2025\/01\/Bang-Box-Vape-35000-Puffs-Disposable-Vape-Bulk-Buy.webp",12,12,false],"woocommerce_thumbnail":["https:\/\/rmvapesale.com\/wp-content\/uploads\/2025\/01\/Bang-Box-Vape-35000-Puffs-Disposable-Vape-Bulk-Buy-300x300.webp",300,300,true],"woocommerce_single":["https:\/\/rmvapesale.com\/wp-content\/uploads\/2025\/01\/Bang-Box-Vape-35000-Puffs-Disposable-Vape-Bulk-Buy-600x600.webp",600,600,true],"woocommerce_gallery_thumbnail":["https:\/\/rmvapesale.com\/wp-content\/uploads\/2025\/01\/Bang-Box-Vape-35000-Puffs-Disposable-Vape-Bulk-Buy-100x100.webp",100,100,true],"wcpr-photo-reviews":["https:\/\/rmvapesale.com\/wp-content\/uploads\/2025\/01\/Bang-Box-Vape-35000-Puffs-Disposable-Vape-Bulk-Buy.webp",500,500,false]},"uagb_author_info":{"display_name":"AMY","author_link":"https:\/\/rmvapesale.com\/fr\/author\/"},"uagb_comment_info":0,"uagb_excerpt":"New Bang box 35k 35000 Puffs Touch Control Two Power Mode Bang Box 35000 Puffs Touch Control Disposable Vape Wholesale Bang box 35k Puffs Touch Control Vape Bulk Buy Cheap Price Contact Amy to get right reply and vape coupon! WhatsApp: +86 17776015835 &nbsp;","_links":{"self":[{"href":"https:\/\/rmvapesale.com\/fr\/wp-json\/wp\/v2\/product\/2913","targetHints":{"allow":["GET"]}}],"collection":[{"href":"https:\/\/rmvapesale.com\/fr\/wp-json\/wp\/v2\/product"}],"about":[{"href":"https:\/\/rmvapesale.com\/fr\/wp-json\/wp\/v2\/types\/product"}],"replies":[{"embeddable":true,"href":"https:\/\/rmvapesale.com\/fr\/wp-json\/wp\/v2\/comments?post=2913"}],"wp:featuredmedia":[{"embeddable":true,"href":"https:\/\/rmvapesale.com\/fr\/wp-json\/wp\/v2\/media\/2934"}],"wp:attachment":[{"href":"https:\/\/rmvapesale.com\/fr\/wp-json\/wp\/v2\/media?parent=2913"}],"wp:term":[{"taxonomy":"product_brand","embeddable":true,"href":"https:\/\/rmvapesale.com\/fr\/wp-json\/wp\/v2\/product_brand?post=2913"},{"taxonomy":"product_cat","embeddable":true,"href":"https:\/\/rmvapesale.com\/fr\/wp-json\/wp\/v2\/product_cat?post=2913"},{"taxonomy":"product_tag","embeddable":true,"href":"https:\/\/rmvapesale.com\/fr\/wp-json\/wp\/v2\/product_tag?post=2913"}],"curies":[{"name":"wp","href":"https:\/\/api.w.org\/{rel}","templated":true}]}}