{"id":2948,"date":"2025-01-10T08:39:18","date_gmt":"2025-01-10T08:39:18","guid":{"rendered":"https:\/\/rmvapesale.com\/?post_type=product&#038;p=2948"},"modified":"2025-01-10T09:15:27","modified_gmt":"2025-01-10T09:15:27","slug":"crystal-vape-uwin-shisha-hookah-20k-20000-puffs-wholesale-best-price","status":"publish","type":"product","link":"https:\/\/rmvapesale.com\/fr\/product\/crystal-vape-uwin-shisha-hookah-20k-20000-puffs-wholesale-best-price\/","title":{"rendered":"Crystal Vape Uwin Shisha Hookah 20K 20000 Puffs Vente en gros Meilleur prix"},"content":{"rendered":"<div class=\"B2VR9 CJHX3e\">\n<div class=\"wyccme\">\n<div class=\"flex-shrink-0 flex flex-col relative items-end\">\n<div class=\"pt-0\">\n<div class=\"gizmo-bot-avatar flex h-8 w-8 items-center justify-center overflow-hidden rounded-full\">\n<div class=\"relative p-1 rounded-sm flex items-center justify-center bg-token-main-surface-primary text-token-text-primary h-8 w-8\">\n<div class=\"flex-shrink-0 flex flex-col relative items-end\">\n<div class=\"pt-0\">\n<div class=\"gizmo-bot-avatar flex h-8 w-8 items-center justify-center overflow-hidden rounded-full\">\n<h1 class=\"relative p-1 rounded-sm flex items-center justify-center bg-token-main-surface-primary text-token-text-primary h-8 w-8\">Crystal Vape Uwin Shisha Hookah 20K 20000 Puffs Vente en gros Meilleur prix<\/h1>\n<\/div>\n<\/div>\n<\/div>\n<\/div>\n<\/div>\n<\/div>\n<\/div>\n<div class=\"group\/conversation-turn relative flex w-full min-w-0 flex-col agent-turn\">\n<div class=\"flex-col gap-1 md:gap-3\">\n<div class=\"flex max-w-full flex-col flex-grow\">\n<div class=\"min-h-8 text-message flex w-full flex-col items-end gap-2 whitespace-normal break-words text-start [.text-message+&amp;]:mt-5\" dir=\"auto\" data-message-author-role=\"assistant\" data-message-id=\"80ece0c4-ead1-4ed9-a9f0-ddc22582b4f4\" data-message-model-slug=\"gpt-4o\">\n<div class=\"flex w-full flex-col gap-1 empty:hidden first:pt-[3px]\">\n<div class=\"markdown prose w-full break-words dark:prose-invert light\">\n<p>&nbsp;<\/p>\n<p>L' <strong>Crystal Vape Uwin Shisha Hookah 20K 20000 bouff\u00e9es<\/strong>, est un dispositif de vapotage ultime qui combine une technologie de pointe, style et performance. Avec son impressionnant <strong>\u00e9cran num\u00e9rique<\/strong>, ses fonctionnalit\u00e9s personnalisables et son nombre \u00e9lev\u00e9 de bouff\u00e9es, il est con\u00e7u pour r\u00e9pondre aux besoins des vapoteurs occasionnels et exp\u00e9riment\u00e9s.<\/p>\n<\/div>\n<p>Avec la vape Uwin Crystal 20000, vous profiterez d'une exp\u00e9rience de vapotage prolong\u00e9e avec jusqu'\u00e0 <strong>20 000 bouff\u00e9es<\/strong> par appareil. Dites adieu aux remplacements fr\u00e9quents et bonjour au plaisir ininterrompu ! L' <strong>\u00e9cran num\u00e9rique innovant<\/strong> vous tient inform\u00e9 de la dur\u00e9e de vie de la batterie et de l'utilisation, garantissant une exp\u00e9rience sans tracas. Connaissez l'\u00e9tat de votre appareil en un coup d'\u0153il. Avec des param\u00e8tres de d\u00e9bit d'air personnalisables, le Crystal Vape Uwin 20K s'adapte \u00e0 vos pr\u00e9f\u00e9rences. Que vous aimiez des tirages plus serr\u00e9s ou un tirage plus ouvert, cet appareil vous offre les deux.<\/p>\n<p>\u00c9quip\u00e9 d'un <strong>r\u00e9sistance mesh de 0,8\u03a9<\/strong>, cette vape jetable rechargeable garantit une production de vapeur am\u00e9lior\u00e9e et une saveur in\u00e9gal\u00e9e. Chaque bouff\u00e9e est douce, riche et satisfaisante. Aliment\u00e9 par une <strong>batterie rechargeable au cobalt de 650mAh<\/strong> et un <strong>port de charge Type-C<\/strong>, le Uwin Shisha Hookah est toujours pr\u00eat \u00e0 l'emploi. Le rechargement rapide et efficace signifie moins de temps d'arr\u00eat. Ergonomique et compact, le Crystal Vape Uwin pr\u00e9sente un design \u00e9l\u00e9gant qui est \u00e0 la fois \u00e9l\u00e9gant et confortable \u00e0 utiliser. C'est autant une pi\u00e8ce ma\u00eetresse qu'un appareil de vapotage. Disponible en <strong>des concentrations de nicotine de 0%, 2%, 3% et 5%<\/strong>, cette vape convient \u00e0 toutes les pr\u00e9f\u00e9rences. Que vous vouliez un tirage fort ou une exp\u00e9rience plus douce, vous \u00eates couvert.<\/p>\n<\/div>\n<p>Am\u00e9liorez votre exp\u00e9rience de vapotage avec le <strong>Crystal Vape Uwin Shisha Hookah 20000<\/strong>. Gr\u00e2ce \u00e0 sa combinaison de style, de performance et de commodit\u00e9, c'est le choix parfait pour les vapoteurs du monde entier. N'attendez plus, commandez le v\u00f4tre d\u00e8s aujourd'hui !<\/p>\n<\/div>\n<\/div>\n<\/div>\n<\/div>\n<div class=\"flex-shrink-0 flex flex-col relative items-end\">\n<div class=\"pt-0\">\n<div class=\"gizmo-bot-avatar flex h-8 w-8 items-center justify-center overflow-hidden rounded-full\">\n<p>&nbsp;<\/p>\n<\/div>\n<\/div>\n<\/div>\n<\/div>\n<\/div>\n<p><strong>Contactez Amy pour obtenir la bonne r\u00e9ponse et un coupon de vape !<\/strong><\/p>\n<p><img loading=\"lazy\" decoding=\"async\" class=\"size-full wp-image-1978\" src=\"https:\/\/rmvapesale.com\/wp-content\/uploads\/2024\/09\/Disposable-Vape-Wholesale.jpg\" alt=\"Vente en gros de vapes jetables\" width=\"229\" height=\"300\" \/><\/p>\n<h3><a href=\"https:\/\/wa.me\/8617776015835\" target=\"_blank\" rel=\"noopener\"><span style=\"color: #ff0000\"><strong>WhatsApp: +86 17776015835<\/strong><\/span><\/a><\/h3>\n<p>&nbsp;<\/p>\n<h2><strong style=\"font-size: 1.7em\">Crystal Vape Uwin 20000 Caract\u00e9ristiques cl\u00e9s<\/strong><\/h2>\n<h3><\/h3>\n<ul>\n<li><strong>Nombre de bouff\u00e9es<\/strong>: Jusqu'\u00e0 20 000 pour une utilisation prolong\u00e9e<\/li>\n<li><strong>Affichage num\u00e9rique<\/strong>: Surveillance en temps r\u00e9el de l'autonomie de la batterie et de l'utilisation<\/li>\n<li><strong>Capacit\u00e9 de e-liquide<\/strong>: R\u00e9servoir pr\u00e9rempli de 22 ml pour moins de recharges<\/li>\n<li><strong>Bobine maill\u00e9e<\/strong>: Bobine de 0,8\u03a9 pour une saveur riche et une vapeur dense<\/li>\n<li><strong>Batterie rechargeable<\/strong>: Batterie au cobalt de 650 mAh avec chargement de Type-C<\/li>\n<li><strong>Niveaux de nicotine<\/strong>: Disponible en 0%, 2%, 3% et 5%<\/li>\n<li><strong>Saveurs<\/strong>: 12 d\u00e9licieuses options au choix<\/li>\n<li><strong>D\u00e9bit d'air r\u00e9glable<\/strong>: Param\u00e8tres personnalisables pour une exp\u00e9rience sur mesure<\/li>\n<li><strong>Conception compacte<\/strong>: \u00c9l\u00e9gant et ergonomique pour la portabilit\u00e9 et le style<\/li>\n<\/ul>\n<h2><strong style=\"font-size: 1.7em\">Meilleure vente de saveurs pour Uwin 20000 <\/strong><strong style=\"font-size: 1.7em\">Vape Crystal<\/strong><\/h2>\n<p>Cette\u00a0 vape jetable disponible en <strong>12 saveurs savoureuses<\/strong>, offre un grand nombre d'options pour r\u00e9pondre aux besoins de diff\u00e9rents utilisateurs. Quelle est la meilleure saveur pour Uwin Crystal 20000 ? Veuillez trouver ci-joint la saveur la plus vendue selon nos donn\u00e9es de vente et les avis des clients.<\/p>\n<ol>\n<li>Past\u00e8que <span style=\"color: #ff0000\"><strong>&gt;&gt;&gt;&gt; Chaud !<\/strong><\/span><\/li>\n<li>Glace Mangue<\/li>\n<li>Myrtille Framboise <span style=\"color: #ff0000\"><strong>&gt;&gt;&gt;&gt; Chaud !<\/strong><\/span><\/li>\n<li>Raisin Menthe<\/li>\n<li>Fruit de la Passion<\/li>\n<li>Fraise Kiwi<\/li>\n<li>Double Pomme<\/li>\n<li>P\u00eache Glac\u00e9e<\/li>\n<li>Ananas Noix de Coco<\/li>\n<li>Baies m\u00e9lang\u00e9es <strong><span style=\"color: #ff0000\">&gt;&gt;&gt;&gt; Le meilleur !<\/span><\/strong><\/li>\n<li>Citron Menthe <span style=\"color: #ff0000\"><strong>&gt;&gt;&gt;&gt; Chaud !<\/strong><\/span><\/li>\n<li>\u00c9crasement d'Orange<\/li>\n<\/ol>\n<figure id=\"attachment_2944\" aria-describedby=\"caption-attachment-2944\" style=\"width: 800px\" class=\"wp-caption alignnone\"><img loading=\"lazy\" decoding=\"async\" class=\"wp-image-2944 size-full\" src=\"https:\/\/rmvapesale.com\/wp-content\/uploads\/2025\/01\/Hookah-Shisha-Uwin-Crystal-20000-Puffs-Disposable-Vape.webp\" alt=\"Chicha Narguil\u00e9 Uwin Crystal 20000 Bouff\u00e9es Vapotage Jetable\" width=\"800\" height=\"800\" srcset=\"https:\/\/rmvapesale.com\/wp-content\/uploads\/2025\/01\/Hookah-Shisha-Uwin-Crystal-20000-Puffs-Disposable-Vape.webp 800w, https:\/\/rmvapesale.com\/wp-content\/uploads\/2025\/01\/Hookah-Shisha-Uwin-Crystal-20000-Puffs-Disposable-Vape-300x300.webp 300w, https:\/\/rmvapesale.com\/wp-content\/uploads\/2025\/01\/Hookah-Shisha-Uwin-Crystal-20000-Puffs-Disposable-Vape-150x150.webp 150w, https:\/\/rmvapesale.com\/wp-content\/uploads\/2025\/01\/Hookah-Shisha-Uwin-Crystal-20000-Puffs-Disposable-Vape-768x768.webp 768w, https:\/\/rmvapesale.com\/wp-content\/uploads\/2025\/01\/Hookah-Shisha-Uwin-Crystal-20000-Puffs-Disposable-Vape-600x600.webp 600w, https:\/\/rmvapesale.com\/wp-content\/uploads\/2025\/01\/Hookah-Shisha-Uwin-Crystal-20000-Puffs-Disposable-Vape-100x100.webp 100w\" sizes=\"auto, (max-width: 800px) 100vw, 800px\" \/><figcaption id=\"caption-attachment-2944\" class=\"wp-caption-text\">Chicha Narguil\u00e9 Uwin Crystal 20000 Bouff\u00e9es Vapotage Jetable<\/figcaption><\/figure>\n<h3><strong>Pourquoi choisir Rmvapesale pour le Vapotage Crystal Uwin 20000 Bouff\u00e9es\u00a0 <\/strong><strong>V<\/strong><strong>jetables<\/strong><strong>?<\/strong><\/h3>\n<div class=\"flex-shrink-0 flex flex-col relative items-end\">\n<div class=\"pt-0\">\n<div class=\"gizmo-bot-avatar flex h-8 w-8 items-center justify-center overflow-hidden rounded-full\">\n<p class=\"relative p-1 rounded-sm flex items-center justify-center bg-token-main-surface-primary text-token-text-primary h-8 w-8\">Bienvenue chez Rmvapesale, votre boutique de vape de confiance pour les vapes jetables premium. Avec plus de 5 ans d'expertise, nous vous proposons des marques populaires de vapes jetables telles que Al Fakher, <a href=\"https:\/\/rmvapesale.com\/fr\/product-category\/bang-vapes\/\">Bang Vape<\/a>, Waspe, WGA Vape et<a href=\"https:\/\/rmvapesale.com\/fr\/product-category\/randm-fumot-vape\/\"> RandM Vape<\/a>. Notre gamme comprend des vapes jetables tr\u00e8s demand\u00e9es comme le <a href=\"https:\/\/rmvapesale.com\/fr\/product\/bang-box-35000-puffs-touch-screen-bulk-buy-price-rechargeable-disposable-vapes\/\">Bang Box 35000 Bouff\u00e9es<\/a> et des choix riches en saveurs comme le<a href=\"https:\/\/rmvapesale.com\/fr\/product\/bood-pulse-pro-50000-puff-50k-low-nicotine-disposable-vape-wholesale-bulk-buy-price\/\">\u00a0Bood Pulse PRO 50000<\/a>Chaque produit est s\u00e9lectionn\u00e9 avec un accent sur la qualit\u00e9, la valeur et la vari\u00e9t\u00e9, vous assurant de trouver la correspondance parfaite pour vos besoins. D\u00e9couvrez un service exceptionnel et une large gamme de produits de premier plan chez Rmvapesale.<\/p>\n<p>&nbsp;<\/p>\n<p class=\"relative p-1 rounded-sm flex items-center justify-center bg-token-main-surface-primary text-token-text-primary h-8 w-8\"><b style=\"font-size: 1.5em;font-style: inherit\">FAQ pour le Crystal Vape Uwin 20000 <\/b><b style=\"font-size: 1.5em;font-style: inherit\">Vape jetable rechargeable<\/b><\/p>\n<h3><\/h3>\n<h4><strong>1. Combien de bouff\u00e9es offre le Crystal Vape Uwin Chicha Hookah 20K?<\/strong><\/h4>\n<p>L'appareil fournit jusqu'\u00e0 <strong>20 000 bouff\u00e9es<\/strong>, ce qui en fait une option durable pour une utilisation prolong\u00e9e.<\/p>\n<h4><strong>2. Ce vape a-t-il un affichage num\u00e9rique?<\/strong><\/h4>\n<p>Oui, il dispose d'un <strong>affichage num\u00e9rique facile \u00e0 lire <\/strong>pour surveiller sans effort la dur\u00e9e de vie de la batterie et l'utilisation.<\/p>\n<h4><strong>3. Puis-je recharger la batterie?<\/strong><\/h4>\n<p>Absolument! Il est livr\u00e9 avec un <strong>batterie rechargeable de 650 mAh<\/strong> et un <strong>port Type-C<\/strong> pour une recharge rapide et pratique.<\/p>\n<h4><strong>4. Le d\u00e9bit d'air est-il r\u00e9glable?<\/strong><\/h4>\n<p>Oui, le Uwin Chicha Hookah 20K offre <strong>des param\u00e8tres de d\u00e9bit d'air personnalisables<\/strong> pour convenir \u00e0 vos pr\u00e9f\u00e9rences de vapotage.<\/p>\n<h4><strong>5. O\u00f9 puis-je acheter le Crystal Vape Uwin Chicha Hookah 20K aux prix de gros?<\/strong><\/h4>\n<p>Vous pouvez trouver ce produit aux meilleurs <strong>prix de gros<\/strong> on <a href=\"https:\/\/rmvapesale.com\/fr\/\" target=\"_new\" rel=\"noopener\">Rmvapesale, boutique de vape en ligne<\/a>. Achetez maintenant pour des offres imbattables!<\/p>\n<p>&nbsp;<\/p>\n<\/div>\n<\/div>\n<\/div>\n<h3>\u00c0 propos de l'exp\u00e9dition<\/h3>\n<div class=\"flex-shrink-0 flex flex-col relative items-end\">\n<div>\n<div class=\"pt-0\">\n<div class=\"gizmo-bot-avatar flex h-8 w-8 items-center justify-center overflow-hidden rounded-full\">\n<div><\/div>\n<div class=\"relative p-1 rounded-sm flex items-center justify-center bg-token-main-surface-primary text-token-text-primary h-8 w-8\"><strong>1. Quelles m\u00e9thodes d'exp\u00e9dition sont utilis\u00e9es ?<\/strong><\/div>\n<\/div>\n<\/div>\n<\/div>\n<\/div>\n<div class=\"group\/conversation-turn relative flex w-full min-w-0 flex-col agent-turn\">\n<div class=\"flex-col gap-1 md:gap-3\">\n<div class=\"flex max-w-full flex-col flex-grow\">\n<div class=\"min-h-[20px] text-message flex w-full flex-col items-end gap-2 whitespace-normal break-words [.text-message+&amp;]:mt-5 overflow-x-auto\" dir=\"auto\" data-message-author-role=\"assistant\" data-message-id=\"22f8283b-3233-46ff-89a5-c7a41b33abda\">\n<div class=\"flex w-full flex-col gap-1 empty:hidden first:pt-[3px]\">\n<div class=\"markdown prose w-full break-words dark:prose-invert light\">\n<p>Nous travaillons en partenariat avec UPS, DHL, FedEx, DPD et d'autres transporteurs de premier plan. Nous s\u00e9lectionnerons la meilleure m\u00e9thode d'exp\u00e9dition en fonction de votre lieu de livraison pour que vous receviez vos produits le plus rapidement possible.<\/p>\n<\/div>\n<p><strong>2. Combien de temps faut-il pour que cela arrive ?<\/strong><\/p>\n<p>Les colis exp\u00e9di\u00e9s en France arrivent g\u00e9n\u00e9ralement sous 10 jours ouvrables. L'exp\u00e9dition vers les pays europ\u00e9ens prend g\u00e9n\u00e9ralement environ 12 \u00e0 15 jours ouvrables. Nous vous fournirons des mises \u00e0 jour en temps r\u00e9el sur l'\u00e9tat de votre envoi.<\/p>\n<\/div>\n<\/div>\n<\/div>\n<\/div>\n<\/div>\n<p>&nbsp;<\/p>\n<p>Trouvez plus de produits de vape que vous pourriez aimer :<strong><em><a href=\"https:\/\/rmvapesale.com\/fr\/shop-2\/\">Achetez maintenant &gt;&gt;&gt;<\/a><\/em><\/strong><\/p>","protected":false},"excerpt":{"rendered":"<p>Uwin Shisha Hookah Crystal 20000 Bouff\u00e9es en Gros<br \/>\nUwin Crystal 20000 Bouff\u00e9es Vape Jetable E Shisha Hookah<br \/>\nMeilleur Prix de Gros Uwin Shisha Hookah Crystal 20K 20000 Bouff\u00e9es<\/p>\n<p><strong>Contactez Amy pour obtenir la bonne r\u00e9ponse et un coupon de vape !<\/strong><\/p>\n<p><img loading=\"lazy\" decoding=\"async\" class=\"size-full wp-image-2375\" src=\"https:\/\/rmvapesale.com\/wp-content\/uploads\/2024\/10\/image.png\" alt=\"Meilleure vape jetable\" width=\"229\" height=\"300\" \/><\/p>\n<h3><a href=\"https:\/\/wa.me\/8617776015835\"><span style=\"color: #ff0000\"><strong>WhatsApp: +86 17776015835<\/strong><\/span><\/a><\/h3>\n<p>&nbsp;<\/p>","protected":false},"featured_media":2943,"comment_status":"open","ping_status":"closed","template":"","meta":{"_uag_custom_page_level_css":"","_lmt_disableupdate":"no","_lmt_disable":"","site-sidebar-layout":"default","site-content-layout":"content-boxed-container","ast-site-content-layout":"normal-width-container","site-content-style":"boxed","site-sidebar-style":"unboxed","ast-global-header-display":"","ast-banner-title-visibility":"","ast-main-header-display":"","ast-hfb-above-header-display":"","ast-hfb-below-header-display":"","ast-hfb-mobile-header-display":"","site-post-title":"","ast-breadcrumbs-content":"","ast-featured-img":"","footer-sml-layout":"","ast-disable-related-posts":"","theme-transparent-header-meta":"default","adv-header-id-meta":"","stick-header-meta":"","header-above-stick-meta":"","header-main-stick-meta":"","header-below-stick-meta":"","astra-migrate-meta-layouts":"set","ast-page-background-enabled":"default","ast-page-background-meta":{"desktop":{"background-color":"var(--ast-global-color-4)","background-image":"","background-repeat":"repeat","background-position":"center center","background-size":"auto","background-attachment":"scroll","background-type":"","background-media":"","overlay-type":"","overlay-color":"","overlay-opacity":"","overlay-gradient":""},"tablet":{"background-color":"","background-image":"","background-repeat":"repeat","background-position":"center center","background-size":"auto","background-attachment":"scroll","background-type":"","background-media":"","overlay-type":"","overlay-color":"","overlay-opacity":"","overlay-gradient":""},"mobile":{"background-color":"","background-image":"","background-repeat":"repeat","background-position":"center center","background-size":"auto","background-attachment":"scroll","background-type":"","background-media":"","overlay-type":"","overlay-color":"","overlay-opacity":"","overlay-gradient":""}},"ast-content-background-meta":{"desktop":{"background-color":"var(--ast-global-color-5)","background-image":"","background-repeat":"repeat","background-position":"center center","background-size":"auto","background-attachment":"scroll","background-type":"","background-media":"","overlay-type":"","overlay-color":"","overlay-opacity":"","overlay-gradient":""},"tablet":{"background-color":"var(--ast-global-color-5)","background-image":"","background-repeat":"repeat","background-position":"center center","background-size":"auto","background-attachment":"scroll","background-type":"","background-media":"","overlay-type":"","overlay-color":"","overlay-opacity":"","overlay-gradient":""},"mobile":{"background-color":"var(--ast-global-color-5)","background-image":"","background-repeat":"repeat","background-position":"center center","background-size":"auto","background-attachment":"scroll","background-type":"","background-media":"","overlay-type":"","overlay-color":"","overlay-opacity":"","overlay-gradient":""}},"_joinchat":[]},"product_brand":[],"product_cat":[15,255,60,27,25,123,30,26,28,137,136,135],"product_tag":[146,40,111,103,269,268],"class_list":{"0":"post-2948","1":"product","2":"type-product","3":"status-publish","4":"has-post-thumbnail","6":"product_cat-new-vape-this-week","7":"product_cat-20000-puff-disposable-vape","8":"product_cat-bang-vapes","9":"product_cat-fance-hot-sale-vape","10":"product_cat-germany-best-selling-vape","11":"product_cat-italy-wholesale-vape","12":"product_cat-minimum-order-quantity-50pcs","13":"product_cat-netherlands-hot-sale-vape","14":"product_cat-poland-hot-sale-vape","15":"product_cat-rechargeable-vapes","16":"product_cat-smart-screen-vapes","17":"product_cat-spain-best-hot-sale-vape","18":"product_tag-best-hot-sale-vape","19":"product_tag-hot-sale-vape","20":"product_tag-low-nicotine-disposable-vape","21":"product_tag-shisha-hookah","22":"product_tag-uwin-crystal-20000","23":"product_tag-uwin-shisha-hookah-20k","24":"desktop-align-left","25":"tablet-align-left","26":"mobile-align-left","28":"first","29":"instock","30":"sale","31":"shipping-taxable","32":"purchasable","33":"product-type-simple"},"uagb_featured_image_src":{"full":["https:\/\/rmvapesale.com\/wp-content\/uploads\/2025\/01\/Hookah-Shisha-Uwin-Crystal-20000-Puffs-Disposable-Vape-Bulk-Buy.webp",800,800,false],"thumbnail":["https:\/\/rmvapesale.com\/wp-content\/uploads\/2025\/01\/Hookah-Shisha-Uwin-Crystal-20000-Puffs-Disposable-Vape-Bulk-Buy-150x150.webp",150,150,true],"medium":["https:\/\/rmvapesale.com\/wp-content\/uploads\/2025\/01\/Hookah-Shisha-Uwin-Crystal-20000-Puffs-Disposable-Vape-Bulk-Buy-300x300.webp",300,300,true],"medium_large":["https:\/\/rmvapesale.com\/wp-content\/uploads\/2025\/01\/Hookah-Shisha-Uwin-Crystal-20000-Puffs-Disposable-Vape-Bulk-Buy-768x768.webp",768,768,true],"large":["https:\/\/rmvapesale.com\/wp-content\/uploads\/2025\/01\/Hookah-Shisha-Uwin-Crystal-20000-Puffs-Disposable-Vape-Bulk-Buy.webp",800,800,false],"1536x1536":["https:\/\/rmvapesale.com\/wp-content\/uploads\/2025\/01\/Hookah-Shisha-Uwin-Crystal-20000-Puffs-Disposable-Vape-Bulk-Buy.webp",800,800,false],"2048x2048":["https:\/\/rmvapesale.com\/wp-content\/uploads\/2025\/01\/Hookah-Shisha-Uwin-Crystal-20000-Puffs-Disposable-Vape-Bulk-Buy.webp",800,800,false],"trp-custom-language-flag":["https:\/\/rmvapesale.com\/wp-content\/uploads\/2025\/01\/Hookah-Shisha-Uwin-Crystal-20000-Puffs-Disposable-Vape-Bulk-Buy.webp",12,12,false],"woocommerce_thumbnail":["https:\/\/rmvapesale.com\/wp-content\/uploads\/2025\/01\/Hookah-Shisha-Uwin-Crystal-20000-Puffs-Disposable-Vape-Bulk-Buy-300x300.webp",300,300,true],"woocommerce_single":["https:\/\/rmvapesale.com\/wp-content\/uploads\/2025\/01\/Hookah-Shisha-Uwin-Crystal-20000-Puffs-Disposable-Vape-Bulk-Buy-600x600.webp",600,600,true],"woocommerce_gallery_thumbnail":["https:\/\/rmvapesale.com\/wp-content\/uploads\/2025\/01\/Hookah-Shisha-Uwin-Crystal-20000-Puffs-Disposable-Vape-Bulk-Buy-100x100.webp",100,100,true],"wcpr-photo-reviews":["https:\/\/rmvapesale.com\/wp-content\/uploads\/2025\/01\/Hookah-Shisha-Uwin-Crystal-20000-Puffs-Disposable-Vape-Bulk-Buy.webp",500,500,false]},"uagb_author_info":{"display_name":"AMY","author_link":"https:\/\/rmvapesale.com\/fr\/author\/"},"uagb_comment_info":0,"uagb_excerpt":"Uwin Shisha Hookah Crystal 20000 Puff Bulk Uwin Crystal 20000 Puffs Disposable Vape E Shisha Hookah Best Wholesale Price Uwin Shisha Hookah Crystal 20K 20000 Puffs Contact Amy to get right reply and vape coupon! WhatsApp: +86 17776015835 &nbsp;","_links":{"self":[{"href":"https:\/\/rmvapesale.com\/fr\/wp-json\/wp\/v2\/product\/2948","targetHints":{"allow":["GET"]}}],"collection":[{"href":"https:\/\/rmvapesale.com\/fr\/wp-json\/wp\/v2\/product"}],"about":[{"href":"https:\/\/rmvapesale.com\/fr\/wp-json\/wp\/v2\/types\/product"}],"replies":[{"embeddable":true,"href":"https:\/\/rmvapesale.com\/fr\/wp-json\/wp\/v2\/comments?post=2948"}],"wp:featuredmedia":[{"embeddable":true,"href":"https:\/\/rmvapesale.com\/fr\/wp-json\/wp\/v2\/media\/2943"}],"wp:attachment":[{"href":"https:\/\/rmvapesale.com\/fr\/wp-json\/wp\/v2\/media?parent=2948"}],"wp:term":[{"taxonomy":"product_brand","embeddable":true,"href":"https:\/\/rmvapesale.com\/fr\/wp-json\/wp\/v2\/product_brand?post=2948"},{"taxonomy":"product_cat","embeddable":true,"href":"https:\/\/rmvapesale.com\/fr\/wp-json\/wp\/v2\/product_cat?post=2948"},{"taxonomy":"product_tag","embeddable":true,"href":"https:\/\/rmvapesale.com\/fr\/wp-json\/wp\/v2\/product_tag?post=2948"}],"curies":[{"name":"wp","href":"https:\/\/api.w.org\/{rel}","templated":true}]}}