{"id":2955,"date":"2025-01-13T06:29:57","date_gmt":"2025-01-13T06:29:57","guid":{"rendered":"https:\/\/rmvapesale.com\/?post_type=product&#038;p=2955"},"modified":"2025-01-13T07:21:49","modified_gmt":"2025-01-13T07:21:49","slug":"bangking-35000-puffs-double-flavour-disposable-vape-wholesale-cheap-price","status":"publish","type":"product","link":"https:\/\/rmvapesale.com\/fr\/product\/bangking-35000-puffs-double-flavour-disposable-vape-wholesale-cheap-price\/","title":{"rendered":"Bangking 35000 Bouff\u00e9es Vape Jetable Double Saveur Vente en Gros Prix \u200b\u200bBas"},"content":{"rendered":"<div class=\"B2VR9 CJHX3e\">\n<div class=\"wyccme\">\n<div class=\"flex-shrink-0 flex flex-col relative items-end\">\n<div class=\"pt-0\">\n<div class=\"gizmo-bot-avatar flex h-8 w-8 items-center justify-center overflow-hidden rounded-full\">\n<div class=\"relative p-1 rounded-sm flex items-center justify-center bg-token-main-surface-primary text-token-text-primary h-8 w-8\">\n<div class=\"flex-shrink-0 flex flex-col relative items-end\">\n<div class=\"pt-0\">\n<div class=\"gizmo-bot-avatar flex h-8 w-8 items-center justify-center overflow-hidden rounded-full\">\n<h1 class=\"relative p-1 rounded-sm flex items-center justify-center bg-token-main-surface-primary text-token-text-primary h-8 w-8\">Bangking 35000 Bouff\u00e9es Vape Jetable Double Saveur Vente en Gros Prix \u200b\u200bBas<\/h1>\n<\/div>\n<\/div>\n<\/div>\n<\/div>\n<\/div>\n<\/div>\n<\/div>\n<div class=\"group\/conversation-turn relative flex w-full min-w-0 flex-col agent-turn\">\n<div class=\"flex-col gap-1 md:gap-3\">\n<div class=\"flex max-w-full flex-col flex-grow\">\n<div class=\"min-h-8 text-message flex w-full flex-col items-end gap-2 whitespace-normal break-words text-start [.text-message+&amp;]:mt-5\" dir=\"auto\" data-message-author-role=\"assistant\" data-message-id=\"80ece0c4-ead1-4ed9-a9f0-ddc22582b4f4\" data-message-model-slug=\"gpt-4o\">\n<p>Vous cherchez une vape qui s'adapte \u00e0 votre style de vie ? Dites bonjour au <strong>Bangking 35000 Puffs Double Saveur Vape Jetable<\/strong>\u2014une v\u00e9ritable r\u00e9volution dans l'univers des vapes jetables ! Cet appareil est l\u00e0 pour vous offrir <strong>un nombre de bouff\u00e9es impressionnant<\/strong>, <strong>deux saveurs incroyables en une<\/strong>, et <strong>des taux de nicotine personnalisables<\/strong>. Le tout \u00e0 un prix qui ne vous ruinera pas !<\/p>\n<h2><strong>Pourquoi choisir le Bangking 35000 Puffs ?<\/strong><\/h2>\n<ul>\n<li><strong>Double la saveur, double le plaisir<\/strong><br \/>\nFatigu\u00e9 de vous en tenir \u00e0 une seule saveur ? Gr\u00e2ce \u00e0 la <strong>technologie de saveur 2-en-1<\/strong>, vous pouvez basculer entre deux options all\u00e9chantes dans un seul appareil. C'est comme avoir deux vapes dans votre poche !<\/li>\n<li><strong>Nombre de bouff\u00e9es in\u00e9gal\u00e9<\/strong><br \/>\nAvec <strong>35 000 bouff\u00e9es<\/strong>, cette vape est con\u00e7ue pour durer. Ce n'est pas seulement beaucoup de bouff\u00e9es, c'est aussi une grande valeur !<\/li>\n<li><strong>Praticit\u00e9 rechargeable<\/strong><br \/>\nUne <strong>batterie de 650 mAh<\/strong> et de <strong>port de charge Type-C<\/strong> signifie que vous ne serez jamais laiss\u00e9 en rade. Chargez-le rapidement et continuez \u00e0 vapoter !<\/li>\n<li><strong>La nicotine \u00e0 votre fa\u00e7on<\/strong><br \/>\nQue vous l'aimiez fort ou que vous pr\u00e9f\u00e9riez une touche plus l\u00e9g\u00e8re, le Bangking offre <strong>des options de nicotine \u00e0 0%, 2% et 5%<\/strong>. C'est votre choix.<\/li>\n<li><strong>Des saveurs qui \u00e9clatent<\/strong><br \/>\nDes fusions fruit\u00e9es aux explosions rafra\u00eechissantes de menthe, il y a <strong>12 saveurs \u00e9tonnantes<\/strong> \u00e0 explorer. Pas d'options ennuyeuses ici !<\/li>\n<\/ul>\n<\/div>\n<\/div>\n<\/div>\n<\/div>\n<div class=\"flex-shrink-0 flex flex-col relative items-end\">\n<div class=\"pt-0\">\n<div class=\"gizmo-bot-avatar flex h-8 w-8 items-center justify-center overflow-hidden rounded-full\">\n<p>&nbsp;<\/p>\n<\/div>\n<\/div>\n<\/div>\n<\/div>\n<\/div>\n<p><strong>Contactez Amy pour obtenir la bonne r\u00e9ponse et un coupon de vape !<\/strong><\/p>\n<p><img loading=\"lazy\" decoding=\"async\" class=\"size-full wp-image-1978\" src=\"https:\/\/rmvapesale.com\/wp-content\/uploads\/2024\/09\/Disposable-Vape-Wholesale.jpg\" alt=\"Vente en gros de vapes jetables\" width=\"229\" height=\"300\" \/><\/p>\n<h3><a href=\"https:\/\/wa.me\/8617776015835\" target=\"_blank\" rel=\"noopener\"><span style=\"color: #ff0000\"><strong>WhatsApp: +86 17776015835<\/strong><\/span><\/a><\/h3>\n<p>&nbsp;<\/p>\n<h3><strong style=\"font-size: 1.7em\">Caract\u00e9ristiques principales du produit Bangking 35000 Puffs<\/strong><\/h3>\n<ul>\n<li><strong>Conception 2-en-1 saveur :<\/strong> Profitez de deux saveurs dans un seul appareil.<\/li>\n<li><strong>35 000 bouff\u00e9es :<\/strong> Des vapes qui durent et durent !<\/li>\n<li><strong>Niveaux de nicotine personnalis\u00e9s :<\/strong> Choisissez parmi 0%, 2% ou 5%.<\/li>\n<li><strong>Batterie Rechargeable :<\/strong> Chargement de Type-C pour un confort ultime.<\/li>\n<li><strong>Prix de gros abordable :<\/strong> Id\u00e9al pour un usage personnel ou des achats en gros.<\/li>\n<\/ul>\n<h3><strong style=\"font-size: 1.7em\">Saveur la plus vendue pour Bangking 35000 Puffs<\/strong><strong style=\"font-size: 1.7em\">\u00a0Vapoteuse<\/strong><\/h3>\n<p>L' <strong>Bangking 35000 Puffs Dual Flavour Vape Jetable<\/strong> offre une gamme de combinaisons de saveurs audacieuses et excitantes, vous permettant de profiter de deux go\u00fbts incroyables dans un seul appareil. Des favoris fruit\u00e9s aux m\u00e9langes frais et glac\u00e9s, il y en a pour tous les go\u00fbts ! <strong>Qu'est-ce qui rend ces saveurs sp\u00e9ciales ? <\/strong><strong>Deux fois plus de plaisir<\/strong>: Profitez de deux saveurs distinctes dans un seul appareil. <strong>Saveurs les plus vendues et les plus populaires<\/strong>: Des combinaisons comme <strong>Cerise Explosive + Raisin Glac\u00e9<\/strong> et de <strong>Red Bull + P\u00eache Baie<\/strong> sont des coups de c\u0153ur des fans pour une bonne raison !<\/p>\n<p>1.Framboise Bleue Glac\u00e9e + P\u00eache Juteuse Glac\u00e9e<br \/>\n2.Past\u00e8que Fraise + Past\u00e8que Glac\u00e9e <span style=\"color: #ff0000\"><strong>&gt;&gt;&gt;&gt; Chaud !<\/strong><\/span><br \/>\n3.Banane Fraise + Pomme Double<br \/>\n4.Triple Baie Glac\u00e9e + Fruit Tropical<br \/>\n5.Bombe Cerise + Raisin Glac\u00e9<span style=\"color: #ff0000\"><strong>&gt;&gt;&gt;&gt; Chaud !<\/strong><\/span><br \/>\n6.Mangue P\u00eache + Mangue Fraise<br \/>\n7.Mangue Citron Vert + Menthe Fra\u00eeche<br \/>\n8.Cerise P\u00e9tillante + Monsieur Bleu<br \/>\n9.Dragon Noir Glac\u00e9 + Fraise Kiwi<br \/>\n10.Red Bull + Baie de P\u00eache <span style=\"color: #ff0000\"><strong>&gt;&gt;&gt;&gt; Le meilleur !<\/strong><\/span><br \/>\n11.Citron Rose + Monsieur Bleu<br \/>\n12.Kiwi Fruit de la Passion Goyave + Cerise Bleue Citron<\/p>\n<p>&nbsp;<\/p>\n<h3><strong>Pourquoi choisir Rmvapesale pour la Puff Bangking 35000 Puffs\u00a0 <\/strong><strong>V<\/strong><strong>jetables<\/strong><strong>?<\/strong><\/h3>\n<div class=\"flex-shrink-0 flex flex-col relative items-end\">\n<div class=\"pt-0\">\n<div class=\"gizmo-bot-avatar flex h-8 w-8 items-center justify-center overflow-hidden rounded-full\">\n<p>Alors que la concurrence sur le march\u00e9 des e-cigarettes jetables s'intensifie, Rmvapesale, un leader mondial des solutions de vape jetables en gros, a lanc\u00e9 le Vapsolo DG 18000 Puffs Disposable Vape. Ce produit pr\u00e9curseur attire l'attention par son esth\u00e9tique unique et son design \u00e0 la mode. Proposant un large \u00e9ventail d'options de saveurs fruit\u00e9es, il r\u00e9pond \u00e0 un large \u00e9ventail de go\u00fbts des consommateurs tout en mettant l'accent sur l'innovation et la polyvalence.<\/p>\n<p class=\"relative p-1 rounded-sm flex items-center justify-center bg-token-main-surface-primary text-token-text-primary h-8 w-8\">Rmvapesale est votre boutique de vape de confiance pour les vapes jetables haut de gamme. Avec plus de 5 ans d'exp\u00e9rience, nous vous proposons des marques de vapes jetables populaires telles que Al Fakher, JNR Vape, Vapsolo Vape, Vapme Vape, <a href=\"https:\/\/rmvapesale.com\/fr\/product-category\/bang-vapes\/\">Bang Vape<\/a>, Waspe Vape, WGA Vape et<a href=\"https:\/\/rmvapesale.com\/fr\/product-category\/randm-fumot-vape\/\"> RandM Vape<\/a>. Notre gamme comprend des vapes jetables tr\u00e8s demand\u00e9es comme le <a href=\"https:\/\/rmvapesale.com\/fr\/product\/aivono-aim-flash-35000-puffs-curved-smart-screen-disposable-vape-wholesale\/\">AIVONO Flash 35000 Puffs<\/a> et des choix riches en saveurs comme le<a href=\"https:\/\/rmvapesale.com\/fr\/product\/crystal-vape-uwin-shisha-hookah-20k-20000-puffs-wholesale-best-price\/\"> UWIN Shisha Hoohak 20000<\/a>Chaque produit est s\u00e9lectionn\u00e9 avec un accent sur la qualit\u00e9, la valeur et la vari\u00e9t\u00e9, vous assurant de trouver la correspondance parfaite pour vos besoins. D\u00e9couvrez un service exceptionnel et une large gamme de produits de premier plan chez Rmvapesale.<\/p>\n<p>&nbsp;<\/p>\n<p class=\"relative p-1 rounded-sm flex items-center justify-center bg-token-main-surface-primary text-token-text-primary h-8 w-8\"><b style=\"font-size: 1.5em;font-style: inherit\">FAQ pour Bangking 35000 Puffs <\/b><b style=\"font-size: 1.5em;font-style: inherit\">Vape jetable rechargeable<\/b><\/p>\n<ol>\n<li><strong>Pouvez-vous emporter des vapes jetables dans un avion ?<\/strong><br \/>\nOui ! Emballez votre vape dans votre bagage \u00e0 main. Assurez-vous simplement de v\u00e9rifier les r\u00e8gles de la compagnie a\u00e9rienne.<\/li>\n<li><strong>Comment basculer entre les saveurs ?<\/strong><br \/>\nIl y a un simple interrupteur sur l'appareil : basculez-le, et hop, une nouvelle saveur !<\/li>\n<li><strong>Comment savoir quand la vape Bang King 35000 est vide ?<\/strong><br \/>\nVous remarquerez moins de vapeur ou de saveur. Si un pod est vide, passez \u00e0 la deuxi\u00e8me saveur !<\/li>\n<li><strong>Comment recharger le Bang King 35K?<\/strong><br \/>\nUtilisez le c\u00e2ble <strong>Type-C inclus<\/strong> pour recharger la batterie de 650 mAh. C'est rapide et facile!<\/li>\n<li><strong>O\u00f9 acheter des vapes jetables \u00e0 prix de gros?<\/strong><br \/>\nProcurez-vous le v\u00f4tre aupr\u00e8s de votre magasin local ou visitez Rmvapesale<strong>\u00a0boutique de vape en ligne<\/strong> pour les meilleurs prix de gros.<\/li>\n<li><strong>Quels sont les niveaux de nicotine disponibles pour le Bang King 35000 Puffs?<\/strong><br \/>\nChoisissez votre force pr\u00e9f\u00e9r\u00e9e\u2014<strong>0%, 2%, ou 5%<\/strong>\u2014lors de l'achat de votre appareil.<\/li>\n<\/ol>\n<\/div>\n<\/div>\n<\/div>\n<h3>\u00c0 propos de l'exp\u00e9dition<\/h3>\n<div class=\"flex-shrink-0 flex flex-col relative items-end\">\n<div>\n<div class=\"pt-0\">\n<div class=\"gizmo-bot-avatar flex h-8 w-8 items-center justify-center overflow-hidden rounded-full\">\n<div><\/div>\n<div class=\"relative p-1 rounded-sm flex items-center justify-center bg-token-main-surface-primary text-token-text-primary h-8 w-8\"><strong>1. Quelles m\u00e9thodes d'exp\u00e9dition sont utilis\u00e9es ?<\/strong><\/div>\n<\/div>\n<\/div>\n<\/div>\n<\/div>\n<div class=\"group\/conversation-turn relative flex w-full min-w-0 flex-col agent-turn\">\n<div class=\"flex-col gap-1 md:gap-3\">\n<div class=\"flex max-w-full flex-col flex-grow\">\n<div class=\"min-h-[20px] text-message flex w-full flex-col items-end gap-2 whitespace-normal break-words [.text-message+&amp;]:mt-5 overflow-x-auto\" dir=\"auto\" data-message-author-role=\"assistant\" data-message-id=\"22f8283b-3233-46ff-89a5-c7a41b33abda\">\n<div class=\"flex w-full flex-col gap-1 empty:hidden first:pt-[3px]\">\n<div class=\"markdown prose w-full break-words dark:prose-invert light\">\n<p>Nous travaillons en partenariat avec UPS, DHL, FedEx, DPD et d'autres transporteurs de premier plan. Nous s\u00e9lectionnerons la meilleure m\u00e9thode d'exp\u00e9dition en fonction de votre lieu de livraison pour que vous receviez vos produits le plus rapidement possible.<\/p>\n<\/div>\n<p><strong>2. Combien de temps faut-il pour que cela arrive ?<\/strong><\/p>\n<p>Les colis exp\u00e9di\u00e9s en France arrivent g\u00e9n\u00e9ralement sous 10 jours ouvrables. L'exp\u00e9dition vers les pays europ\u00e9ens prend g\u00e9n\u00e9ralement environ 12 \u00e0 15 jours ouvrables. Nous vous fournirons des mises \u00e0 jour en temps r\u00e9el sur l'\u00e9tat de votre envoi.<\/p>\n<\/div>\n<\/div>\n<\/div>\n<\/div>\n<\/div>\n<p>&nbsp;<\/p>\n<p>Trouvez plus de produits de vape que vous pourriez aimer :<strong><em><a href=\"https:\/\/rmvapesale.com\/fr\/shop-2\/\">Achetez maintenant &gt;&gt;&gt;<\/a><\/em><\/strong><\/p>","protected":false},"excerpt":{"rendered":"<p>Derni\u00e8re Vape Jetable Rechargeable Bang King 35K Bouff\u00e9es<br \/>\nBang King 35000 Doubles Saveurs Vape Jetable Achat en Gros<br \/>\nBang King 35000 Bouff\u00e9es \u00c9cran Intelligent Vente en Gros Jetable<\/p>\n<p><strong>Contactez Amy pour obtenir la bonne r\u00e9ponse et un coupon de vape !<\/strong><\/p>\n<p><img loading=\"lazy\" decoding=\"async\" class=\"size-full wp-image-2375\" src=\"https:\/\/rmvapesale.com\/wp-content\/uploads\/2024\/10\/image.png\" alt=\"Meilleure vape jetable\" width=\"229\" height=\"300\" \/><\/p>\n<h3><a href=\"https:\/\/wa.me\/8617776015835\"><span style=\"color: #ff0000\"><strong>WhatsApp: +86 17776015835<\/strong><\/span><\/a><\/h3>\n<p>&nbsp;<\/p>","protected":false},"featured_media":2952,"comment_status":"open","ping_status":"closed","template":"","meta":{"_uag_custom_page_level_css":"","_lmt_disableupdate":"no","_lmt_disable":"","site-sidebar-layout":"default","site-content-layout":"content-boxed-container","ast-site-content-layout":"normal-width-container","site-content-style":"boxed","site-sidebar-style":"unboxed","ast-global-header-display":"","ast-banner-title-visibility":"","ast-main-header-display":"","ast-hfb-above-header-display":"","ast-hfb-below-header-display":"","ast-hfb-mobile-header-display":"","site-post-title":"","ast-breadcrumbs-content":"","ast-featured-img":"","footer-sml-layout":"","theme-transparent-header-meta":"default","adv-header-id-meta":"","stick-header-meta":"","header-above-stick-meta":"","header-main-stick-meta":"","header-below-stick-meta":"","astra-migrate-meta-layouts":"set","ast-page-background-enabled":"default","ast-page-background-meta":{"desktop":{"background-color":"var(--ast-global-color-4)","background-image":"","background-repeat":"repeat","background-position":"center center","background-size":"auto","background-attachment":"scroll","background-type":"","background-media":"","overlay-type":"","overlay-color":"","overlay-opacity":"","overlay-gradient":""},"tablet":{"background-color":"","background-image":"","background-repeat":"repeat","background-position":"center center","background-size":"auto","background-attachment":"scroll","background-type":"","background-media":"","overlay-type":"","overlay-color":"","overlay-opacity":"","overlay-gradient":""},"mobile":{"background-color":"","background-image":"","background-repeat":"repeat","background-position":"center center","background-size":"auto","background-attachment":"scroll","background-type":"","background-media":"","overlay-type":"","overlay-color":"","overlay-opacity":"","overlay-gradient":""}},"ast-content-background-meta":{"desktop":{"background-color":"var(--ast-global-color-5)","background-image":"","background-repeat":"repeat","background-position":"center center","background-size":"auto","background-attachment":"scroll","background-type":"","background-media":"","overlay-type":"","overlay-color":"","overlay-opacity":"","overlay-gradient":""},"tablet":{"background-color":"var(--ast-global-color-5)","background-image":"","background-repeat":"repeat","background-position":"center center","background-size":"auto","background-attachment":"scroll","background-type":"","background-media":"","overlay-type":"","overlay-color":"","overlay-opacity":"","overlay-gradient":""},"mobile":{"background-color":"var(--ast-global-color-5)","background-image":"","background-repeat":"repeat","background-position":"center center","background-size":"auto","background-attachment":"scroll","background-type":"","background-media":"","overlay-type":"","overlay-color":"","overlay-opacity":"","overlay-gradient":""}},"_joinchat":[]},"product_brand":[],"product_cat":[15,246,25,123,26,28,135,27,60,137,136,30],"product_tag":[199,270,146,222,64,40,111],"class_list":{"0":"post-2955","1":"product","2":"type-product","3":"status-publish","4":"has-post-thumbnail","6":"product_cat-new-vape-this-week","7":"product_cat-35000-puffs-disposable-vape","8":"product_cat-germany-best-selling-vape","9":"product_cat-italy-wholesale-vape","10":"product_cat-netherlands-hot-sale-vape","11":"product_cat-poland-hot-sale-vape","12":"product_cat-spain-best-hot-sale-vape","13":"product_cat-fance-hot-sale-vape","14":"product_cat-bang-vapes","15":"product_cat-rechargeable-vapes","16":"product_cat-smart-screen-vapes","17":"product_cat-minimum-order-quantity-50pcs","18":"product_tag-bang-vape","19":"product_tag-bangking-35000-puffs","20":"product_tag-best-hot-sale-vape","21":"product_tag-double-flavor-vape","22":"product_tag-dual-flavour-vape","23":"product_tag-hot-sale-vape","24":"product_tag-low-nicotine-disposable-vape","25":"desktop-align-left","26":"tablet-align-left","27":"mobile-align-left","29":"first","30":"instock","31":"sale","32":"shipping-taxable","33":"purchasable","34":"product-type-simple"},"uagb_featured_image_src":{"full":["https:\/\/rmvapesale.com\/wp-content\/uploads\/2025\/01\/Bang-Swich-Duo-Disposable-Vape-36000.webp",800,800,false],"thumbnail":["https:\/\/rmvapesale.com\/wp-content\/uploads\/2025\/01\/Bang-Swich-Duo-Disposable-Vape-36000-150x150.webp",150,150,true],"medium":["https:\/\/rmvapesale.com\/wp-content\/uploads\/2025\/01\/Bang-Swich-Duo-Disposable-Vape-36000-300x300.webp",300,300,true],"medium_large":["https:\/\/rmvapesale.com\/wp-content\/uploads\/2025\/01\/Bang-Swich-Duo-Disposable-Vape-36000-768x768.webp",768,768,true],"large":["https:\/\/rmvapesale.com\/wp-content\/uploads\/2025\/01\/Bang-Swich-Duo-Disposable-Vape-36000.webp",800,800,false],"1536x1536":["https:\/\/rmvapesale.com\/wp-content\/uploads\/2025\/01\/Bang-Swich-Duo-Disposable-Vape-36000.webp",800,800,false],"2048x2048":["https:\/\/rmvapesale.com\/wp-content\/uploads\/2025\/01\/Bang-Swich-Duo-Disposable-Vape-36000.webp",800,800,false],"trp-custom-language-flag":["https:\/\/rmvapesale.com\/wp-content\/uploads\/2025\/01\/Bang-Swich-Duo-Disposable-Vape-36000.webp",12,12,false],"woocommerce_thumbnail":["https:\/\/rmvapesale.com\/wp-content\/uploads\/2025\/01\/Bang-Swich-Duo-Disposable-Vape-36000-300x300.webp",300,300,true],"woocommerce_single":["https:\/\/rmvapesale.com\/wp-content\/uploads\/2025\/01\/Bang-Swich-Duo-Disposable-Vape-36000-600x600.webp",600,600,true],"woocommerce_gallery_thumbnail":["https:\/\/rmvapesale.com\/wp-content\/uploads\/2025\/01\/Bang-Swich-Duo-Disposable-Vape-36000-100x100.webp",100,100,true],"wcpr-photo-reviews":["https:\/\/rmvapesale.com\/wp-content\/uploads\/2025\/01\/Bang-Swich-Duo-Disposable-Vape-36000.webp",500,500,false]},"uagb_author_info":{"display_name":"AMY","author_link":"https:\/\/rmvapesale.com\/fr\/author\/"},"uagb_comment_info":0,"uagb_excerpt":"Latest Bang King 35K Puff Rechargeable Disposable Vape Bang King 35000 Dual Flavors Disposable Vape Bulk Buy Bang King 35000 Puffs Smart Screen Wholesale Disposable Contact Amy to get right reply and vape coupon! WhatsApp: +86 17776015835 &nbsp;","_links":{"self":[{"href":"https:\/\/rmvapesale.com\/fr\/wp-json\/wp\/v2\/product\/2955","targetHints":{"allow":["GET"]}}],"collection":[{"href":"https:\/\/rmvapesale.com\/fr\/wp-json\/wp\/v2\/product"}],"about":[{"href":"https:\/\/rmvapesale.com\/fr\/wp-json\/wp\/v2\/types\/product"}],"replies":[{"embeddable":true,"href":"https:\/\/rmvapesale.com\/fr\/wp-json\/wp\/v2\/comments?post=2955"}],"wp:featuredmedia":[{"embeddable":true,"href":"https:\/\/rmvapesale.com\/fr\/wp-json\/wp\/v2\/media\/2952"}],"wp:attachment":[{"href":"https:\/\/rmvapesale.com\/fr\/wp-json\/wp\/v2\/media?parent=2955"}],"wp:term":[{"taxonomy":"product_brand","embeddable":true,"href":"https:\/\/rmvapesale.com\/fr\/wp-json\/wp\/v2\/product_brand?post=2955"},{"taxonomy":"product_cat","embeddable":true,"href":"https:\/\/rmvapesale.com\/fr\/wp-json\/wp\/v2\/product_cat?post=2955"},{"taxonomy":"product_tag","embeddable":true,"href":"https:\/\/rmvapesale.com\/fr\/wp-json\/wp\/v2\/product_tag?post=2955"}],"curies":[{"name":"wp","href":"https:\/\/api.w.org\/{rel}","templated":true}]}}