{"id":3011,"date":"2025-01-26T03:15:11","date_gmt":"2025-01-26T03:15:11","guid":{"rendered":"https:\/\/rmvapesale.com\/?post_type=product&#038;p=3011"},"modified":"2025-01-23T03:29:52","modified_gmt":"2025-01-23T03:29:52","slug":"vapsolo-dg-18000-puffs-smart-screen-puff-18k-disposable-vape-wholesale-electronic-cigarette-discount-price","status":"publish","type":"product","link":"https:\/\/rmvapesale.com\/fr\/product\/vapsolo-dg-18000-puffs-smart-screen-puff-18k-disposable-vape-wholesale-electronic-cigarette-discount-price\/","title":{"rendered":"Vapsolo DG 18000 bouff\u00e9es \u00c9cran intelligent Bouff\u00e9e 18k Cigarette \u00e9lectronique jetable Vape Prix de gros r\u00e9duit"},"content":{"rendered":"<div class=\"B2VR9 CJHX3e\">\n<div class=\"wyccme\">\n<div class=\"flex-shrink-0 flex flex-col relative items-end\">\n<div class=\"pt-0\">\n<div class=\"gizmo-bot-avatar flex h-8 w-8 items-center justify-center overflow-hidden rounded-full\">\n<div class=\"relative p-1 rounded-sm flex items-center justify-center bg-token-main-surface-primary text-token-text-primary h-8 w-8\">\n<div class=\"flex-shrink-0 flex flex-col relative items-end\">\n<div class=\"pt-0\">\n<div class=\"gizmo-bot-avatar flex h-8 w-8 items-center justify-center overflow-hidden rounded-full\">\n<h1 class=\"relative p-1 rounded-sm flex items-center justify-center bg-token-main-surface-primary text-token-text-primary h-8 w-8\">Vapsolo DG 18000 bouff\u00e9es \u00c9cran intelligent Bouff\u00e9e 18k Cigarette \u00e9lectronique jetable Vape Prix de gros r\u00e9duit<\/h1>\n<\/div>\n<\/div>\n<\/div>\n<\/div>\n<\/div>\n<\/div>\n<\/div>\n<div class=\"group\/conversation-turn relative flex w-full min-w-0 flex-col agent-turn\">\n<div class=\"flex-col gap-1 md:gap-3\">\n<div class=\"flex max-w-full flex-col flex-grow\">\n<div class=\"min-h-8 text-message flex w-full flex-col items-end gap-2 whitespace-normal break-words text-start [.text-message+&amp;]:mt-5\" dir=\"auto\" data-message-author-role=\"assistant\" data-message-id=\"80ece0c4-ead1-4ed9-a9f0-ddc22582b4f4\" data-message-model-slug=\"gpt-4o\">\n<p>Vous recherchez une haute performance <strong>vapes jetables<\/strong> avec un nombre de bouff\u00e9es impressionnant et les derni\u00e8res fonctionnalit\u00e9s ? Le <strong>Vapsolo DG 18000 Puffs \u00c9cran Intelligent Vape Jetable<\/strong> est votre match parfait ! Con\u00e7u pour les vapoteurs qui d\u00e9sirent une satisfaction durable, cet appareil offre un <strong>\u00e9norme 18 000 bouff\u00e9es<\/strong>, <strong>d\u00e9bit d'air r\u00e9glable<\/strong>, et un <strong>affichage intelligent<\/strong>de pointe, le tout \u00e0 un prix abordable <strong>prix de gros<\/strong>.<\/p>\n<p>Cette vape dispose d'un <strong>Mode Intelligent<\/strong> qui ajuste automatiquement la puissance et les param\u00e8tres en fonction de vos habitudes de vapotage, garantissant une exp\u00e9rience optimale \u00e0 chaque fois. Besoin d'une inhalation plus forte ? Activez le <strong>Mode Boost<\/strong> pour un coup de pouce suppl\u00e9mentaire d'intensit\u00e9 et de satisfaction.<\/p>\n<p>L' <strong>contr\u00f4le du d\u00e9bit d'air r\u00e9glable<\/strong> vous permet d'affiner votre exp\u00e9rience de vapotage, que vous pr\u00e9f\u00e9riez une aspiration serr\u00e9e et intense ou un tirage doux et a\u00e9r\u00e9. De plus, <strong>l'\u00e9cran intelligent<\/strong> fournit des informations en temps r\u00e9el sur la dur\u00e9e de vie de la batterie et le nombre de bouff\u00e9es, vous saurez donc toujours quand il est temps de recharger.<\/p>\n<p>\u00c9quip\u00e9 d'un <strong>batterie rechargeable de 650mAh<\/strong> et la charge rapide de Type-C, vous pouvez profiter d'une vape ininterrompue avec des recharges rapides et efficaces. Choisissez parmi les <strong>concentrations de nicotine 2% ou 5%<\/strong>, pour les vapoteurs occasionnels et ceux qui recherchent un coup de nicotine plus fort.<\/p>\n<p>Pour les acheteurs en gros, le Vapsolo DG 18000 offre une valeur imbattable avec des <strong>prix de gros<\/strong>, ce qui en fait un choix id\u00e9al pour les d\u00e9taillants et les distributeurs en France.<\/p>\n<\/div>\n<\/div>\n<\/div>\n<\/div>\n<div class=\"flex-shrink-0 flex flex-col relative items-end\">\n<div class=\"pt-0\">\n<div class=\"gizmo-bot-avatar flex h-8 w-8 items-center justify-center overflow-hidden rounded-full\">\n<p>&nbsp;<\/p>\n<\/div>\n<\/div>\n<\/div>\n<\/div>\n<\/div>\n<p><strong>Contactez Amy pour obtenir la bonne r\u00e9ponse et un coupon de vape !<\/strong><\/p>\n<p><img loading=\"lazy\" decoding=\"async\" class=\"size-full wp-image-1978\" src=\"https:\/\/rmvapesale.com\/wp-content\/uploads\/2024\/09\/Disposable-Vape-Wholesale.jpg\" alt=\"Vente en gros de vapes jetables\" width=\"229\" height=\"300\" \/><\/p>\n<h3><a href=\"https:\/\/wa.me\/8617776015835\" target=\"_blank\" rel=\"noopener\"><span style=\"color: #ff0000\"><strong>WhatsApp: +86 17776015835<\/strong><\/span><\/a><\/h3>\n<p>&nbsp;<\/p>\n<h3><strong style=\"font-size: 1.7em\">Caract\u00e9ristiques principales du Vapsolo DG 18000 Puffs<\/strong><\/h3>\n<p>\u2611 Nicotine:2% 5%<br \/>\n\u2611 Mode intelligent:18000 bouff\u00e9es<br \/>\nMode Boost: 9000 bouff\u00e9es<br \/>\n\u2611 Capacit\u00e9:28ml<br \/>\n\u2611 650mah Rechargeable<br \/>\n\u2611 R\u00e9sistance maill\u00e9e 0.90\u03a9<br \/>\n\u2611 D\u00e9bit d'air r\u00e9glable<br \/>\n\u2611 Affichage intelligent de l'\u00e9cran : capacit\u00e9 de la batterie\/capacit\u00e9 de l'e-liquide<br \/>\n\u2611 10 saveurs disponibles<\/p>\n<p>&nbsp;<\/p>\n<figure id=\"attachment_3007\" aria-describedby=\"caption-attachment-3007\" style=\"width: 300px\" class=\"wp-caption alignnone\"><img loading=\"lazy\" decoding=\"async\" class=\"size-medium wp-image-3007\" src=\"https:\/\/rmvapesale.com\/wp-content\/uploads\/2025\/01\/Vapsolo-DG-18000-Puffs-Disposable-Vape-Bulk-Buy-300x300.webp\" alt=\"Achat en gros de Vapoteuse jetable Vapsolo DG 18000 Puffs\" width=\"300\" height=\"300\" srcset=\"https:\/\/rmvapesale.com\/wp-content\/uploads\/2025\/01\/Vapsolo-DG-18000-Puffs-Disposable-Vape-Bulk-Buy-300x300.webp 300w, https:\/\/rmvapesale.com\/wp-content\/uploads\/2025\/01\/Vapsolo-DG-18000-Puffs-Disposable-Vape-Bulk-Buy-150x150.webp 150w, https:\/\/rmvapesale.com\/wp-content\/uploads\/2025\/01\/Vapsolo-DG-18000-Puffs-Disposable-Vape-Bulk-Buy-768x768.webp 768w, https:\/\/rmvapesale.com\/wp-content\/uploads\/2025\/01\/Vapsolo-DG-18000-Puffs-Disposable-Vape-Bulk-Buy-600x600.webp 600w, https:\/\/rmvapesale.com\/wp-content\/uploads\/2025\/01\/Vapsolo-DG-18000-Puffs-Disposable-Vape-Bulk-Buy-100x100.webp 100w, https:\/\/rmvapesale.com\/wp-content\/uploads\/2025\/01\/Vapsolo-DG-18000-Puffs-Disposable-Vape-Bulk-Buy.webp 1000w\" sizes=\"auto, (max-width: 300px) 100vw, 300px\" \/><figcaption id=\"caption-attachment-3007\" class=\"wp-caption-text\">Achat en gros de Vapoteuse jetable Vapsolo DG 18000 Puffs<\/figcaption><\/figure>\n<h3><strong style=\"font-size: 1.7em\">Saveur la plus vendue pour Vapsolo DG 18000 Puffs<\/strong><strong style=\"font-size: 1.7em\">\u00a0Vapoteuse<\/strong><\/h3>\n<p>1. P\u00eache Mangue Ananas <span style=\"color: #ff0000\"><strong>&gt;&gt;&gt; Chaud !<\/strong><\/span><br \/>\n2. Fruit de la Passion Kiwi Glace<br \/>\n3. Myrtille Cerise Canneberge <span style=\"color: #ff0000\"><strong>&gt;&gt;&gt; Chaud !<\/strong><\/span><br \/>\n4. Past\u00e8que Glace<br \/>\n5.Fraise Kiwi<br \/>\n6.Citron Vert<br \/>\n7.Fraise Banane<br \/>\n8.Boisson \u00e9nergisante<br \/>\n9.Baies m\u00e9lang\u00e9es <span style=\"color: #ff0000\"><strong>&gt;&gt;&gt; Meilleur !<\/strong><\/span><br \/>\n10.Prime Past\u00e8que Fraise<\/p>\n<p>&nbsp;<\/p>\n<h3><strong>Pourquoi choisir Rmvapesale pour les Vapsolo DG 18000 Puffs <\/strong><strong>V<\/strong><strong>jetables<\/strong><strong>?<\/strong><\/h3>\n<div class=\"flex-shrink-0 flex flex-col relative items-end\">\n<div class=\"pt-0\">\n<div class=\"gizmo-bot-avatar flex h-8 w-8 items-center justify-center overflow-hidden rounded-full\">\n<p>Alors que la concurrence sur le march\u00e9 des e-cigarettes jetables s'intensifie, Rmvapesale, un leader mondial des solutions de vape jetables en gros, a lanc\u00e9 le Vapsolo DG 18000 Puffs Disposable Vape. Ce produit pr\u00e9curseur attire l'attention par son esth\u00e9tique unique et son design \u00e0 la mode. Proposant un large \u00e9ventail d'options de saveurs fruit\u00e9es, il r\u00e9pond \u00e0 un large \u00e9ventail de go\u00fbts des consommateurs tout en mettant l'accent sur l'innovation et la polyvalence.<\/p>\n<p class=\"relative p-1 rounded-sm flex items-center justify-center bg-token-main-surface-primary text-token-text-primary h-8 w-8\">Rmvapesale est votre boutique de vape de confiance pour les vapes jetables haut de gamme. Avec plus de 5 ans d'exp\u00e9rience, nous vous proposons des marques de vapes jetables populaires telles que Al Fakher, JNR Vape, Vapsolo Vape, Vapme Vape, <a href=\"https:\/\/rmvapesale.com\/fr\/product-category\/bang-vapes\/\">Bang Vape<\/a>, Waspe Vape, WGA Vape et<a href=\"https:\/\/rmvapesale.com\/fr\/product-category\/randm-fumot-vape\/\"> RandM Vape<\/a>. Notre gamme comprend des vapes jetables tr\u00e8s demand\u00e9es comme le <a href=\"https:\/\/rmvapesale.com\/fr\/product\/waspe-crystal-40000-puffs-double-flavor-led-display-disposable-vape-bulk-buy\/\">WASPE Crystal 40000 Puffs<\/a> et des choix riches en saveurs comme le<a href=\"https:\/\/rmvapesale.com\/fr\/product\/aivono-fatman-15000-puffs-vape-disposable-e-cigarettes-mtl\/\"> AIVONO Shisha Hoohak 15000<\/a>Chaque produit est s\u00e9lectionn\u00e9 avec un accent sur la qualit\u00e9, la valeur et la vari\u00e9t\u00e9, vous assurant de trouver la correspondance parfaite pour vos besoins. D\u00e9couvrez un service exceptionnel et une large gamme de produits de premier plan chez Rmvapesale.<\/p>\n<p>&nbsp;<\/p>\n<p class=\"relative p-1 rounded-sm flex items-center justify-center bg-token-main-surface-primary text-token-text-primary h-8 w-8\"><b style=\"font-size: 1.5em;font-style: inherit\">FAQ pour le Vapsolo DG 18k Puffs <\/b><b style=\"font-size: 1.5em;font-style: inherit\">Vape jetable rechargeable<\/b><\/p>\n<ol>\n<li><strong>O\u00f9 puis-je acheter le Vapsolo DG 18000 Puffs Disposable Vape \u00e0 des prix de gros ?<\/strong>\n<ul>\n<li>Vous pouvez l'acheter \u00e0 des prix de gros chez <a href=\"https:\/\/rmvapesale.com\/fr\/\" target=\"_new\" rel=\"noopener\">Rmvapesale<\/a>, offrant des remises sur les achats en gros et l'exp\u00e9dition dans le monde entier.<\/li>\n<\/ul>\n<\/li>\n<li><strong>En quoi l'\u00e9cran intelligent est-il utile ?<\/strong>\n<ul>\n<li>L'\u00e9cran affiche en temps r\u00e9el le pourcentage de batterie et le nombre de bouff\u00e9es, vous tenant inform\u00e9 \u00e0 tout moment.<\/li>\n<\/ul>\n<\/li>\n<li><strong>Puis-je ajuster le flux d'air sur le Vapsolo 18000 Puffs?<\/strong>\n<ul>\n<li>Oui, le flux d'air ajustable vous permet de personnaliser votre exp\u00e9rience de vapotage, d'une inhalation serr\u00e9e \u00e0 une inhalation plus fluide.<\/li>\n<\/ul>\n<\/li>\n<li><strong>Quels sont les taux de nicotine disponibles?<\/strong>\n<ul>\n<li>Cet appareil est disponible avec des taux de nicotine de 2% et 5% pour satisfaire diff\u00e9rentes pr\u00e9f\u00e9rences.<\/li>\n<\/ul>\n<\/li>\n<li><strong>Combien de temps dure la batterie de 650mAh?<\/strong>\n<ul>\n<li>La batterie rechargeable offre une longue autonomie et peut \u00eatre rapidement recharg\u00e9e via un port Type-C pour des sessions de vapotage prolong\u00e9es.<\/li>\n<\/ul>\n<\/li>\n<\/ol>\n<\/div>\n<\/div>\n<\/div>\n<h2>Comment commander?<\/h2>\n<div class=\"flex-shrink-0 flex flex-col relative items-end\">\n<div class=\"pt-0\">\n<div class=\"gizmo-bot-avatar flex h-8 w-8 items-center justify-center overflow-hidden rounded-full\">\n<div>\n<p><strong>1. Quels modes de paiement acceptez-vous?<\/strong><br \/>\n<span class=\"selectable-text copyable-text false\">Pour le paiement, nous acceptons le virement bancaire et Western Union. La plupart de nos clients en France choisissent le virement bancaire. Nous avons un compte bancaire local sur lequel vous pouvez payer sur notre compte IBAN sans frais de gestion. <\/span>.<\/p>\n<p><strong>2. Comment puis-je suivre ma commande?<\/strong><br \/>\nUne fois le colis exp\u00e9di\u00e9, <span class=\"selectable-text copyable-text false\">nous vous fournirons un num\u00e9ro de suivi pour r\u00e9f\u00e9rence, et nous continuerons de mettre \u00e0 jour le statut jusqu'\u00e0 ce que vous receviez la marchandise.<\/span>.<\/p>\n<p><strong>3. Combien de temps faut-il pour que la commande arrive?<\/strong><\/p>\n<ul>\n<li>Exp\u00e9dition depuis les entrep\u00f4ts en <strong>Chine<\/strong> prend environ <strong>7-14 jours ouvrables<\/strong>.<\/li>\n<li>Exp\u00e9dition depuis les entrep\u00f4ts en <strong>Entrep\u00f4ts europ\u00e9ens<\/strong> prend g\u00e9n\u00e9ralement <strong>3-6 jours ouvrables<\/strong>.<\/li>\n<\/ul>\n<p><strong>4. Comment puis-je obtenir une livraison plus rapide?<\/strong><br \/>\nPour une livraison plus rapide, nous vous recommandons de commander depuis notre <strong>entrep\u00f4t europ\u00e9en<\/strong>, qui offre des d\u00e9lais d'exp\u00e9dition plus courts.<\/p>\n<p><strong>5. Que faire si je re\u00e7ois un produit endommag\u00e9 ou d\u00e9fectueux ?<\/strong><br \/>\nSi votre article est endommag\u00e9 ou d\u00e9fectueux, contactez le service client pour un <strong>remplacement ou un remboursement<\/strong>.<\/p>\n<p><strong>6. Comment puis-je contacter le service client ?<\/strong><br \/>\nVous pouvez nous joindre via<strong>\u00a0WhatsApp, ou le chat en direct<\/strong> sur notre site web pour toute assistance.<\/p>\n<\/div>\n<div class=\"relative p-1 rounded-sm flex items-center justify-center bg-token-main-surface-primary text-token-text-primary h-8 w-8\"><strong>7. Quels modes de livraison sont utilis\u00e9s ?<\/strong><\/div>\n<\/div>\n<\/div>\n<\/div>\n<div class=\"group\/conversation-turn relative flex w-full min-w-0 flex-col agent-turn\">\n<div class=\"flex-col gap-1 md:gap-3\">\n<div class=\"flex max-w-full flex-col flex-grow\">\n<div class=\"min-h-[20px] text-message flex w-full flex-col items-end gap-2 whitespace-normal break-words [.text-message+&amp;]:mt-5 overflow-x-auto\" dir=\"auto\" data-message-author-role=\"assistant\" data-message-id=\"22f8283b-3233-46ff-89a5-c7a41b33abda\">\n<div class=\"flex w-full flex-col gap-1 empty:hidden first:pt-[3px]\">\n<div class=\"markdown prose w-full break-words dark:prose-invert light\">\n<p>Nous travaillons en partenariat avec UPS, DHL, FedEx, DPD et d'autres transporteurs de premier plan. Nous s\u00e9lectionnerons la meilleure m\u00e9thode d'exp\u00e9dition en fonction de votre lieu de livraison pour que vous receviez vos produits le plus rapidement possible.<\/p>\n<\/div>\n<\/div>\n<\/div>\n<\/div>\n<\/div>\n<\/div>\n<p>Trouvez plus de produits de vape que vous pourriez aimer :<strong><em><a href=\"https:\/\/rmvapesale.com\/fr\/shop-2\/\">Achetez maintenant &gt;&gt;&gt;<\/a><\/em><\/strong><\/p>","protected":false},"excerpt":{"rendered":"<p>Vapsolo DG 18000 Puffs Jumeaux Saveurs Vape Jetable Rechargeable<br \/>\nVapsolo DG 18k Puffs Vente Chaude Vape Jetable Achat en Gros<br \/>\nVapsolo DG 18000 Puffs Affichage LED \u00c9cran Intelligent Jetable en Gros<\/p>\n<p><strong>Contactez Amy pour obtenir la bonne r\u00e9ponse et un coupon de vape !<\/strong><\/p>\n<p><img loading=\"lazy\" decoding=\"async\" class=\"size-full wp-image-2375\" src=\"https:\/\/rmvapesale.com\/wp-content\/uploads\/2024\/10\/image.png\" alt=\"Meilleure vape jetable\" width=\"229\" height=\"300\" \/><\/p>\n<h3><a href=\"https:\/\/wa.me\/8617776015835\"><span style=\"color: #ff0000\"><strong>WhatsApp: +86 17776015835<\/strong><\/span><\/a><\/h3>\n<p>&nbsp;<\/p>","protected":false},"featured_media":3006,"comment_status":"open","ping_status":"closed","template":"","meta":{"_uag_custom_page_level_css":"","_lmt_disableupdate":"no","_lmt_disable":"","site-sidebar-layout":"default","site-content-layout":"content-boxed-container","ast-site-content-layout":"normal-width-container","site-content-style":"boxed","site-sidebar-style":"unboxed","ast-global-header-display":"","ast-banner-title-visibility":"","ast-main-header-display":"","ast-hfb-above-header-display":"","ast-hfb-below-header-display":"","ast-hfb-mobile-header-display":"","site-post-title":"","ast-breadcrumbs-content":"","ast-featured-img":"","footer-sml-layout":"","ast-disable-related-posts":"","theme-transparent-header-meta":"default","adv-header-id-meta":"","stick-header-meta":"","header-above-stick-meta":"","header-main-stick-meta":"","header-below-stick-meta":"","astra-migrate-meta-layouts":"set","ast-page-background-enabled":"default","ast-page-background-meta":{"desktop":{"background-color":"var(--ast-global-color-4)","background-image":"","background-repeat":"repeat","background-position":"center center","background-size":"auto","background-attachment":"scroll","background-type":"","background-media":"","overlay-type":"","overlay-color":"","overlay-opacity":"","overlay-gradient":""},"tablet":{"background-color":"","background-image":"","background-repeat":"repeat","background-position":"center center","background-size":"auto","background-attachment":"scroll","background-type":"","background-media":"","overlay-type":"","overlay-color":"","overlay-opacity":"","overlay-gradient":""},"mobile":{"background-color":"","background-image":"","background-repeat":"repeat","background-position":"center center","background-size":"auto","background-attachment":"scroll","background-type":"","background-media":"","overlay-type":"","overlay-color":"","overlay-opacity":"","overlay-gradient":""}},"ast-content-background-meta":{"desktop":{"background-color":"var(--ast-global-color-5)","background-image":"","background-repeat":"repeat","background-position":"center center","background-size":"auto","background-attachment":"scroll","background-type":"","background-media":"","overlay-type":"","overlay-color":"","overlay-opacity":"","overlay-gradient":""},"tablet":{"background-color":"var(--ast-global-color-5)","background-image":"","background-repeat":"repeat","background-position":"center center","background-size":"auto","background-attachment":"scroll","background-type":"","background-media":"","overlay-type":"","overlay-color":"","overlay-opacity":"","overlay-gradient":""},"mobile":{"background-color":"var(--ast-global-color-5)","background-image":"","background-repeat":"repeat","background-position":"center center","background-size":"auto","background-attachment":"scroll","background-type":"","background-media":"","overlay-type":"","overlay-color":"","overlay-opacity":"","overlay-gradient":""}},"_joinchat":[]},"product_brand":[],"product_cat":[15,289,290,292,298,291,27,25,123,293,30,26,28,295,137,299,136,135,275],"product_tag":[146,222,64,40,111,302,301],"class_list":{"0":"post-3011","1":"product","2":"type-product","3":"status-publish","4":"has-post-thumbnail","6":"product_cat-new-vape-this-week","7":"product_cat-big-puffs-disposable-vapes","8":"product_cat-crystal-disposable-vapes","9":"product_cat-digital-disposable-vapes","10":"product_cat-double-flavor-disposable-vapes","11":"product_cat-dual-mesh-disposable-vapes","12":"product_cat-fance-hot-sale-vape","13":"product_cat-germany-best-selling-vape","14":"product_cat-italy-wholesale-vape","15":"product_cat-low-nicotine-disposable-vapes","16":"product_cat-minimum-order-quantity-50pcs","17":"product_cat-netherlands-hot-sale-vape","18":"product_cat-poland-hot-sale-vape","19":"product_cat-rechargeable-disposable-vapes","20":"product_cat-rechargeable-vapes","21":"product_cat-smart-screen-disposable-vapes","22":"product_cat-smart-screen-vapes","23":"product_cat-spain-best-hot-sale-vape","24":"product_cat-vapsolo-vape","25":"product_tag-best-hot-sale-vape","26":"product_tag-double-flavor-vape","27":"product_tag-dual-flavour-vape","28":"product_tag-hot-sale-vape","29":"product_tag-low-nicotine-disposable-vape","30":"product_tag-vapsolo-dg-18000","31":"product_tag-vapsolo-vape","32":"desktop-align-left","33":"tablet-align-left","34":"mobile-align-left","36":"first","37":"instock","38":"sale","39":"shipping-taxable","40":"purchasable","41":"product-type-simple"},"uagb_featured_image_src":{"full":["https:\/\/rmvapesale.com\/wp-content\/uploads\/2025\/01\/Vapsolo-DG-18000-Puff-Disposable-Vape-Cheap-Price.webp",1000,1000,false],"thumbnail":["https:\/\/rmvapesale.com\/wp-content\/uploads\/2025\/01\/Vapsolo-DG-18000-Puff-Disposable-Vape-Cheap-Price-150x150.webp",150,150,true],"medium":["https:\/\/rmvapesale.com\/wp-content\/uploads\/2025\/01\/Vapsolo-DG-18000-Puff-Disposable-Vape-Cheap-Price-300x300.webp",300,300,true],"medium_large":["https:\/\/rmvapesale.com\/wp-content\/uploads\/2025\/01\/Vapsolo-DG-18000-Puff-Disposable-Vape-Cheap-Price-768x768.webp",768,768,true],"large":["https:\/\/rmvapesale.com\/wp-content\/uploads\/2025\/01\/Vapsolo-DG-18000-Puff-Disposable-Vape-Cheap-Price.webp",1000,1000,false],"1536x1536":["https:\/\/rmvapesale.com\/wp-content\/uploads\/2025\/01\/Vapsolo-DG-18000-Puff-Disposable-Vape-Cheap-Price.webp",1000,1000,false],"2048x2048":["https:\/\/rmvapesale.com\/wp-content\/uploads\/2025\/01\/Vapsolo-DG-18000-Puff-Disposable-Vape-Cheap-Price.webp",1000,1000,false],"trp-custom-language-flag":["https:\/\/rmvapesale.com\/wp-content\/uploads\/2025\/01\/Vapsolo-DG-18000-Puff-Disposable-Vape-Cheap-Price.webp",12,12,false],"woocommerce_thumbnail":["https:\/\/rmvapesale.com\/wp-content\/uploads\/2025\/01\/Vapsolo-DG-18000-Puff-Disposable-Vape-Cheap-Price-300x300.webp",300,300,true],"woocommerce_single":["https:\/\/rmvapesale.com\/wp-content\/uploads\/2025\/01\/Vapsolo-DG-18000-Puff-Disposable-Vape-Cheap-Price-600x600.webp",600,600,true],"woocommerce_gallery_thumbnail":["https:\/\/rmvapesale.com\/wp-content\/uploads\/2025\/01\/Vapsolo-DG-18000-Puff-Disposable-Vape-Cheap-Price-100x100.webp",100,100,true],"wcpr-photo-reviews":["https:\/\/rmvapesale.com\/wp-content\/uploads\/2025\/01\/Vapsolo-DG-18000-Puff-Disposable-Vape-Cheap-Price.webp",500,500,false]},"uagb_author_info":{"display_name":"AMY","author_link":"https:\/\/rmvapesale.com\/fr\/author\/"},"uagb_comment_info":0,"uagb_excerpt":"Vapsolo DG 18000 Puffs Twins Flavor Rechargeable Disposable Vape Vapsolo DG 18k Puff Hot Sale\u00a0Disposable Vape Bulk Buy Vapsolo DG 18000 Puffs LED Display\u00a0Smart Screen Wholesale Disposable Contact Amy to get right reply and vape coupon! WhatsApp: +86 17776015835 &nbsp;","_links":{"self":[{"href":"https:\/\/rmvapesale.com\/fr\/wp-json\/wp\/v2\/product\/3011","targetHints":{"allow":["GET"]}}],"collection":[{"href":"https:\/\/rmvapesale.com\/fr\/wp-json\/wp\/v2\/product"}],"about":[{"href":"https:\/\/rmvapesale.com\/fr\/wp-json\/wp\/v2\/types\/product"}],"replies":[{"embeddable":true,"href":"https:\/\/rmvapesale.com\/fr\/wp-json\/wp\/v2\/comments?post=3011"}],"wp:featuredmedia":[{"embeddable":true,"href":"https:\/\/rmvapesale.com\/fr\/wp-json\/wp\/v2\/media\/3006"}],"wp:attachment":[{"href":"https:\/\/rmvapesale.com\/fr\/wp-json\/wp\/v2\/media?parent=3011"}],"wp:term":[{"taxonomy":"product_brand","embeddable":true,"href":"https:\/\/rmvapesale.com\/fr\/wp-json\/wp\/v2\/product_brand?post=3011"},{"taxonomy":"product_cat","embeddable":true,"href":"https:\/\/rmvapesale.com\/fr\/wp-json\/wp\/v2\/product_cat?post=3011"},{"taxonomy":"product_tag","embeddable":true,"href":"https:\/\/rmvapesale.com\/fr\/wp-json\/wp\/v2\/product_tag?post=3011"}],"curies":[{"name":"wp","href":"https:\/\/api.w.org\/{rel}","templated":true}]}}