{"id":3013,"date":"2025-01-29T07:27:53","date_gmt":"2025-01-29T07:27:53","guid":{"rendered":"https:\/\/rmvapesale.com\/?post_type=product&#038;p=3013"},"modified":"2025-01-23T07:39:23","modified_gmt":"2025-01-23T07:39:23","slug":"bood-vape-30000-puff-bar-disposable-vape-wholesale-vape-pen-at-a-cheap-price","status":"publish","type":"product","link":"https:\/\/rmvapesale.com\/fr\/product\/bood-vape-30000-puff-bar-disposable-vape-wholesale-vape-pen-at-a-cheap-price\/","title":{"rendered":"Bood Vape 30000 Puff Bar Vape jetable Stylo vape en gros \u00e0 bas prix"},"content":{"rendered":"<div class=\"B2VR9 CJHX3e\">\n<div class=\"wyccme\">\n<div class=\"flex-shrink-0 flex flex-col relative items-end\">\n<div class=\"pt-0\">\n<div class=\"gizmo-bot-avatar flex h-8 w-8 items-center justify-center overflow-hidden rounded-full\">\n<div class=\"relative p-1 rounded-sm flex items-center justify-center bg-token-main-surface-primary text-token-text-primary h-8 w-8\">\n<div class=\"flex-shrink-0 flex flex-col relative items-end\">\n<div class=\"pt-0\">\n<div class=\"gizmo-bot-avatar flex h-8 w-8 items-center justify-center overflow-hidden rounded-full\">\n<div class=\"flex-shrink-0 flex flex-col relative items-end\">\n<div class=\"pt-0\">\n<div class=\"gizmo-bot-avatar flex h-8 w-8 items-center justify-center overflow-hidden rounded-full\">\n<h1 class=\"relative p-1 rounded-sm flex items-center justify-center bg-token-main-surface-primary text-token-text-primary h-8 w-8\">Bood Vape 30000 Puff Bar Vape jetable Stylo vape en gros \u00e0 bas prix<\/h1>\n<\/div>\n<\/div>\n<\/div>\n<\/div>\n<\/div>\n<\/div>\n<\/div>\n<\/div>\n<\/div>\n<\/div>\n<div class=\"group\/conversation-turn relative flex w-full min-w-0 flex-col agent-turn\">\n<div class=\"flex-col gap-1 md:gap-3\">\n<div class=\"flex max-w-full flex-col flex-grow\">\n<div class=\"min-h-8 text-message flex w-full flex-col items-end gap-2 whitespace-normal break-words text-start [.text-message+&amp;]:mt-5\" dir=\"auto\" data-message-author-role=\"assistant\" data-message-id=\"80ece0c4-ead1-4ed9-a9f0-ddc22582b4f4\" data-message-model-slug=\"gpt-4o\">\n<p>L' <strong>Bood Vape 30000 Puff Bar Vape Jetable<\/strong> est con\u00e7u pour les vapoteurs qui exigent <strong>performance durable, flux d'air r\u00e9glable et technologie d'affichage intelligent<\/strong>, le tout \u00e0 un <strong>prix de gros abordable<\/strong>. Avec une capacit\u00e9 impressionnante de <strong>30 000 bouff\u00e9es<\/strong>, ce stylo vape rechargeable est parfait pour ceux qui recherchent la commodit\u00e9 sans sacrifier la qualit\u00e9.<\/p>\n<p>Rempli de <strong>20 ml de e-liquide pr\u00e9-rempli<\/strong>, le Bood Vape garantit des sessions de vapotage prolong\u00e9es sans besoin de recharges constantes. Son <strong>la technologie \u00e0 double bobine maill\u00e9e<\/strong> offre une vapeur lisse et savoureuse \u00e0 chaque bouff\u00e9e, tandis que le <strong>r\u00e9sistance de bobine de 1,0\u03a9<\/strong> optimise \u00e0 la fois la production de vapeur et le go\u00fbt.<\/p>\n<p>L' <strong>contr\u00f4le du d\u00e9bit d'air r\u00e9glable<\/strong> vous permet de personnaliser votre exp\u00e9rience\u2014que vous pr\u00e9f\u00e9riez une aspiration serr\u00e9e et intense ou une inhalation plus d\u00e9tendue et a\u00e9r\u00e9e. De plus, le <strong>affichage intelligent<\/strong> \u00e9cran fournit des mises \u00e0 jour en temps r\u00e9el sur le nombre de bouff\u00e9es et la dur\u00e9e de vie de la batterie, vous tenant inform\u00e9 tout au long de votre parcours de vapotage.<\/p>\n<p>Aliment\u00e9 par une <strong>batterie rechargeable de 650mAh<\/strong>, l'appareil est dot\u00e9 d'un <strong>port de charge rapide Type-C<\/strong>, assurant un d\u00e9marrage rapide et efficace en cas de besoin. Avec <strong>trois options de concentration de nicotine (0%, 2% et 5%)<\/strong>, ce <strong>vape jetable \u00e0 faible teneur en nicotine<\/strong> r\u00e9pond \u00e0 toutes les pr\u00e9f\u00e9rences, de la nicotine-free \u00e0 un hit fort et satisfaisant.<\/p>\n<p>Id\u00e9al pour les d\u00e9taillants et les distributeurs, le <strong>Bood Vape 30000 Puff Bar<\/strong> est disponible \u00e0 un prix imbattable en gros <strong>prix de vape jetable en gros<\/strong>, ce qui en fait une excellente option d'achat en gros. Choisissez parmi <strong>10 saveurs excitantes<\/strong>, offrant quelque chose pour tout le monde.<\/p>\n<\/div>\n<\/div>\n<\/div>\n<\/div>\n<div class=\"flex-shrink-0 flex flex-col relative items-end\">\n<div class=\"pt-0\">\n<div class=\"gizmo-bot-avatar flex h-8 w-8 items-center justify-center overflow-hidden rounded-full\">\n<p>&nbsp;<\/p>\n<\/div>\n<\/div>\n<\/div>\n<\/div>\n<\/div>\n<p><strong>Contactez Amy pour obtenir la bonne r\u00e9ponse et un coupon de vape !<\/strong><\/p>\n<p><img loading=\"lazy\" decoding=\"async\" class=\"size-full wp-image-1978\" src=\"https:\/\/rmvapesale.com\/wp-content\/uploads\/2024\/09\/Disposable-Vape-Wholesale.jpg\" alt=\"Vente en gros de vapes jetables\" width=\"229\" height=\"300\" \/><\/p>\n<h3><a href=\"https:\/\/wa.me\/8617776015835\" target=\"_blank\" rel=\"noopener\"><span style=\"color: #ff0000\"><strong>WhatsApp: +86 17776015835<\/strong><\/span><\/a><\/h3>\n<h3><\/h3>\n<h3><strong style=\"font-size: 1.7em\">Bood Vape 30000 Puffs Caract\u00e9ristiques Cl\u00e9s du Produit<\/strong><\/h3>\n<ul>\n<li><strong>Nombre de bouff\u00e9es massif :<\/strong> Profitez jusqu'\u00e0 30 000 bouff\u00e9es pour une satisfaction durable.<\/li>\n<li><strong>20 ml de E-liquide pr\u00e9-rempli :<\/strong> Assure une exp\u00e9rience de vapotage prolong\u00e9e sans avoir \u00e0 recharger.<\/li>\n<li><strong>Batterie rechargeable de 650 mAh:<\/strong> Performance constante avec une charge rapide de type C.<\/li>\n<li><strong>Flux d'Air R\u00e9glable :<\/strong> Personnalisez votre style de vapotage avec un contr\u00f4le pr\u00e9cis du flux d'air.<\/li>\n<li><strong>\u00c9cran intelligent :<\/strong> Surveillez le nombre de bouff\u00e9es et la dur\u00e9e de vie de la batterie en temps r\u00e9el.<\/li>\n<\/ul>\n<figure id=\"attachment_2978\" aria-describedby=\"caption-attachment-2978\" style=\"width: 1000px\" class=\"wp-caption alignnone\"><img loading=\"lazy\" decoding=\"async\" class=\"wp-image-2978 size-full\" src=\"https:\/\/rmvapesale.com\/wp-content\/uploads\/2025\/01\/BOOD-Infinity-30k-Vape-Price.webp\" alt=\"Prix de la vape BOOD Infinity 30k\" width=\"1000\" height=\"1000\" srcset=\"https:\/\/rmvapesale.com\/wp-content\/uploads\/2025\/01\/BOOD-Infinity-30k-Vape-Price.webp 1000w, https:\/\/rmvapesale.com\/wp-content\/uploads\/2025\/01\/BOOD-Infinity-30k-Vape-Price-300x300.webp 300w, https:\/\/rmvapesale.com\/wp-content\/uploads\/2025\/01\/BOOD-Infinity-30k-Vape-Price-150x150.webp 150w, https:\/\/rmvapesale.com\/wp-content\/uploads\/2025\/01\/BOOD-Infinity-30k-Vape-Price-768x768.webp 768w, https:\/\/rmvapesale.com\/wp-content\/uploads\/2025\/01\/BOOD-Infinity-30k-Vape-Price-600x600.webp 600w, https:\/\/rmvapesale.com\/wp-content\/uploads\/2025\/01\/BOOD-Infinity-30k-Vape-Price-100x100.webp 100w\" sizes=\"auto, (max-width: 1000px) 100vw, 1000px\" \/><figcaption id=\"caption-attachment-2978\" class=\"wp-caption-text\">Prix de la vape BOOD Infinity 30k<\/figcaption><\/figure>\n<h3><strong style=\"font-size: 1.7em\">Meilleure saveur en vente pour la vape Bood 30000 bouff\u00e9es<\/strong><strong style=\"font-size: 1.7em\"> Vapoteuse<\/strong><\/h3>\n<p>L' <strong>Bood Vape 30000 Puff Bar Vape Jetable<\/strong> combine performance impressionnante, fonctionnalit\u00e9s intelligentes et abordabilit\u00e9, en faisant l'un des <strong>vapes jetables les plus populaires<\/strong> disponibles. Commandez d\u00e8s aujourd'hui et d\u00e9couvrez la vape dans sa meilleure version !<\/p>\n<p>1 FRAISE MELON <span style=\"color: #ff0000\"><strong>&gt;&gt;&gt;&gt; Chaud !<\/strong><\/span><br \/>\n2 P\u00caCHE MANGUE ANANAS<br \/>\n3 GLACE LUXURIANTE<br \/>\n4 FRUITS DES BOIS \u00c9CLATANTS <span style=\"color: #ff0000\"><strong>&gt;&gt;&gt;&gt; Chaud !<\/strong><\/span><br \/>\n5 FRAISE KIWI<br \/>\n6 HAWA\u00cf<br \/>\n7 BLUE RAZZ ICE <span style=\"color: #ff0000\"><strong>&gt;&gt;&gt;&gt; Le meilleur !<\/strong><\/span><br \/>\n8 LIMONADE MYRTILLE<br \/>\n9 GLACE NOIRE<br \/>\n10 TIFFANY<\/p>\n<h3><strong>Pourquoi choisir Rmvapesale pour Bood Vape 30000 Puff\u00a0 <\/strong><strong>V<\/strong><strong>jetables<\/strong><strong>?<\/strong><\/h3>\n<div class=\"flex-shrink-0 flex flex-col relative items-end\">\n<div class=\"pt-0\">\n<div class=\"gizmo-bot-avatar flex h-8 w-8 items-center justify-center overflow-hidden rounded-full\">\n<p>Alors que la concurrence sur le march\u00e9 des e-cigarettes jetables s'intensifie, Rmvapesale, un leader mondial des solutions de vape jetables en gros, a lanc\u00e9 le Vapsolo DG 18000 Puffs Disposable Vape. Ce produit pr\u00e9curseur attire l'attention par son esth\u00e9tique unique et son design \u00e0 la mode. Proposant un large \u00e9ventail d'options de saveurs fruit\u00e9es, il r\u00e9pond \u00e0 un large \u00e9ventail de go\u00fbts des consommateurs tout en mettant l'accent sur l'innovation et la polyvalence.<\/p>\n<p class=\"relative p-1 rounded-sm flex items-center justify-center bg-token-main-surface-primary text-token-text-primary h-8 w-8\">Rmvapesale est votre boutique de vape de confiance pour les vapes jetables haut de gamme. Avec plus de 5 ans d'exp\u00e9rience, nous vous proposons des marques de vapes jetables populaires telles que Al Fakher, JNR Vape, Vapsolo Vape, Vapme Vape, <a href=\"https:\/\/rmvapesale.com\/fr\/product-category\/bang-vapes\/\">Bang Vape<\/a>, Waspe Vape, WGA Vape et<a href=\"https:\/\/rmvapesale.com\/fr\/product-category\/randm-fumot-vape\/\"> RandM Vape<\/a>. Notre gamme comprend des vapes jetables tr\u00e8s demand\u00e9es comme le <a href=\"https:\/\/rmvapesale.com\/fr\/product\/waspe-crystal-40000-puffs-double-flavor-led-display-disposable-vape-bulk-buy\/\">WASPE Crystal 40000 Puffs<\/a> et des choix riches en saveurs comme le<a href=\"https:\/\/rmvapesale.com\/fr\/product\/aivono-fatman-15000-puffs-vape-disposable-e-cigarettes-mtl\/\"> AIVONO Shisha Hoohak 15000<\/a>Chaque produit est s\u00e9lectionn\u00e9 avec un accent sur la qualit\u00e9, la valeur et la vari\u00e9t\u00e9, vous assurant de trouver la correspondance parfaite pour vos besoins. D\u00e9couvrez un service exceptionnel et une large gamme de produits de premier plan chez Rmvapesale.<\/p>\n<p class=\"relative p-1 rounded-sm flex items-center justify-center bg-token-main-surface-primary text-token-text-primary h-8 w-8\"><b style=\"font-size: 1.5em;font-style: inherit\">FAQS pour Bood Vape 30000 <\/b><b style=\"font-size: 1.5em;font-style: inherit\">Vape jetable rechargeable<\/b><\/p>\n<ol>\n<li><strong>O\u00f9 puis-je acheter la barre de vapotage Bood Vape 30000 Puff en gros?<\/strong>\n<ul>\n<li>Vous pouvez l'acheter aux meilleurs prix de gros aupr\u00e8s de <a href=\"https:\/\/rmvapesale.com\/fr\/\" target=\"_new\" rel=\"noopener\">Rmvapesale<\/a>, offrant d'excellentes remises en volume.<\/li>\n<\/ul>\n<\/li>\n<li><strong>Quels niveaux de nicotine sont disponibles dans le Bood Vape 30000?<\/strong>\n<ul>\n<li>Il est disponible en forces de nicotine 0%, 2% et 5%, r\u00e9pondant \u00e0 divers besoins de vapotage.<\/li>\n<\/ul>\n<\/li>\n<li><strong>Comment fonctionne le flux d'air r\u00e9glable?<\/strong>\n<ul>\n<li>Le contr\u00f4le du flux d'air vous permet de personnaliser votre inhalation, du serr\u00e9 \u00e0 l'a\u00e9r\u00e9, pour une exp\u00e9rience sur mesure.<\/li>\n<\/ul>\n<\/li>\n<li><strong>Combien de temps dure la batterie rechargeable?<\/strong>\n<ul>\n<li>La batterie de 650mAh offre une performance durable et peut \u00eatre rapidement recharg\u00e9e via le port Type-C.<\/li>\n<\/ul>\n<\/li>\n<li><strong>Quelles saveurs sont disponibles dans la barre de vapotage Bood Vape 30000 Puff?<\/strong>\n<ul>\n<li>Il y a 10 saveurs d\u00e9licieuses parmi lesquelles choisir, offrant une vari\u00e9t\u00e9 d'options pour diff\u00e9rents go\u00fbts.<\/li>\n<\/ul>\n<\/li>\n<\/ol>\n<\/div>\n<\/div>\n<\/div>\n<h2>Comment commander?<\/h2>\n<div class=\"flex-shrink-0 flex flex-col relative items-end\">\n<div class=\"pt-0\">\n<div class=\"gizmo-bot-avatar flex h-8 w-8 items-center justify-center overflow-hidden rounded-full\">\n<div>\n<p><strong>1. Quels modes de paiement acceptez-vous?<\/strong><br \/>\n<span class=\"selectable-text copyable-text false\">Pour le paiement, nous acceptons le virement bancaire et Western Union. La plupart de nos clients en France choisissent le virement bancaire. Nous avons un compte bancaire local sur lequel vous pouvez payer sur notre compte IBAN sans frais de gestion. <\/span>.<\/p>\n<p><strong>2. Comment puis-je suivre ma commande?<\/strong><br \/>\nUne fois le colis exp\u00e9di\u00e9, <span class=\"selectable-text copyable-text false\">nous vous fournirons un num\u00e9ro de suivi pour r\u00e9f\u00e9rence, et nous continuerons de mettre \u00e0 jour le statut jusqu'\u00e0 ce que vous receviez la marchandise.<\/span>.<\/p>\n<p><strong>3. Combien de temps faut-il pour que la commande arrive?<\/strong><\/p>\n<ul>\n<li>Exp\u00e9dition depuis les entrep\u00f4ts en <strong>Chine<\/strong> prend environ <strong>7-14 jours ouvrables<\/strong>.<\/li>\n<li>Exp\u00e9dition depuis les entrep\u00f4ts en <strong>Entrep\u00f4ts europ\u00e9ens<\/strong> prend g\u00e9n\u00e9ralement <strong>3-6 jours ouvrables<\/strong>.<\/li>\n<\/ul>\n<p><strong>4. Comment puis-je obtenir une livraison plus rapide?<\/strong><br \/>\nPour une livraison plus rapide, nous vous recommandons de commander depuis notre <strong>entrep\u00f4t europ\u00e9en<\/strong>, qui offre des d\u00e9lais d'exp\u00e9dition plus courts.<\/p>\n<p><strong>5. Que faire si je re\u00e7ois un produit endommag\u00e9 ou d\u00e9fectueux ?<\/strong><br \/>\nSi votre article est endommag\u00e9 ou d\u00e9fectueux, contactez le service client pour un <strong>remplacement ou un remboursement<\/strong>.<\/p>\n<p><strong>6. Comment puis-je contacter le service client ?<\/strong><br \/>\nVous pouvez nous joindre via<strong>\u00a0WhatsApp, ou le chat en direct<\/strong> sur notre site web pour toute assistance.<\/p>\n<\/div>\n<div class=\"relative p-1 rounded-sm flex items-center justify-center bg-token-main-surface-primary text-token-text-primary h-8 w-8\"><strong>7. Quels modes de livraison sont utilis\u00e9s ?<\/strong><\/div>\n<\/div>\n<\/div>\n<\/div>\n<div class=\"group\/conversation-turn relative flex w-full min-w-0 flex-col agent-turn\">\n<div class=\"flex-col gap-1 md:gap-3\">\n<div class=\"flex max-w-full flex-col flex-grow\">\n<div class=\"min-h-[20px] text-message flex w-full flex-col items-end gap-2 whitespace-normal break-words [.text-message+&amp;]:mt-5 overflow-x-auto\" dir=\"auto\" data-message-author-role=\"assistant\" data-message-id=\"22f8283b-3233-46ff-89a5-c7a41b33abda\">\n<div class=\"flex w-full flex-col gap-1 empty:hidden first:pt-[3px]\">\n<div class=\"markdown prose w-full break-words dark:prose-invert light\">\n<p>Nous travaillons en partenariat avec UPS, DHL, FedEx, DPD et d'autres transporteurs de premier plan. Nous s\u00e9lectionnerons la meilleure m\u00e9thode d'exp\u00e9dition en fonction de votre lieu de livraison pour que vous receviez vos produits le plus rapidement possible.<\/p>\n<\/div>\n<\/div>\n<\/div>\n<\/div>\n<\/div>\n<\/div>\n<p>Trouvez plus de produits de vape que vous pourriez aimer :<strong><em><a href=\"https:\/\/rmvapesale.com\/fr\/shop-2\/\">Achetez maintenant &gt;&gt;&gt;<\/a><\/em><\/strong><\/p>","protected":false},"excerpt":{"rendered":"<p>Bood Vape 30000 30k Puff Bar Vape Jetable Rechargeable \u00e0 Prix Bas<br \/>\nBood Vape 30000 Vape Jetable en Forte Vente Achat en Gros<br \/>\nBood Vape 30000 \u00c9cran LED Affichage Intelligent Vape Jetable Vente en Gros<\/p>\n<p><strong>Contactez Amy pour obtenir la bonne r\u00e9ponse et un coupon de vape !<\/strong><\/p>\n<p><img loading=\"lazy\" decoding=\"async\" class=\"size-full wp-image-2375\" src=\"https:\/\/rmvapesale.com\/wp-content\/uploads\/2024\/10\/image.png\" alt=\"Meilleure vape jetable\" width=\"229\" height=\"300\" \/><\/p>\n<h3><a href=\"https:\/\/wa.me\/8617776015835\"><span style=\"color: #ff0000\"><strong>WhatsApp: +86 17776015835<\/strong><\/span><\/a><\/h3>\n<p>&nbsp;<\/p>","protected":false},"featured_media":2977,"comment_status":"open","ping_status":"closed","template":"","meta":{"_uag_custom_page_level_css":"","_lmt_disableupdate":"no","_lmt_disable":"","site-sidebar-layout":"default","site-content-layout":"content-boxed-container","ast-site-content-layout":"normal-width-container","site-content-style":"boxed","site-sidebar-style":"unboxed","ast-global-header-display":"","ast-banner-title-visibility":"","ast-main-header-display":"","ast-hfb-above-header-display":"","ast-hfb-below-header-display":"","ast-hfb-mobile-header-display":"","site-post-title":"","ast-breadcrumbs-content":"","ast-featured-img":"","footer-sml-layout":"","theme-transparent-header-meta":"default","adv-header-id-meta":"","stick-header-meta":"","header-above-stick-meta":"","header-main-stick-meta":"","header-below-stick-meta":"","astra-migrate-meta-layouts":"set","ast-page-background-enabled":"default","ast-page-background-meta":{"desktop":{"background-color":"var(--ast-global-color-4)","background-image":"","background-repeat":"repeat","background-position":"center center","background-size":"auto","background-attachment":"scroll","background-type":"","background-media":"","overlay-type":"","overlay-color":"","overlay-opacity":"","overlay-gradient":""},"tablet":{"background-color":"","background-image":"","background-repeat":"repeat","background-position":"center center","background-size":"auto","background-attachment":"scroll","background-type":"","background-media":"","overlay-type":"","overlay-color":"","overlay-opacity":"","overlay-gradient":""},"mobile":{"background-color":"","background-image":"","background-repeat":"repeat","background-position":"center center","background-size":"auto","background-attachment":"scroll","background-type":"","background-media":"","overlay-type":"","overlay-color":"","overlay-opacity":"","overlay-gradient":""}},"ast-content-background-meta":{"desktop":{"background-color":"var(--ast-global-color-5)","background-image":"","background-repeat":"repeat","background-position":"center center","background-size":"auto","background-attachment":"scroll","background-type":"","background-media":"","overlay-type":"","overlay-color":"","overlay-opacity":"","overlay-gradient":""},"tablet":{"background-color":"var(--ast-global-color-5)","background-image":"","background-repeat":"repeat","background-position":"center center","background-size":"auto","background-attachment":"scroll","background-type":"","background-media":"","overlay-type":"","overlay-color":"","overlay-opacity":"","overlay-gradient":""},"mobile":{"background-color":"var(--ast-global-color-5)","background-image":"","background-repeat":"repeat","background-position":"center center","background-size":"auto","background-attachment":"scroll","background-type":"","background-media":"","overlay-type":"","overlay-color":"","overlay-opacity":"","overlay-gradient":""}},"_joinchat":[]},"product_brand":[],"product_cat":[15,289,290,291,292,293,295,299,265,253,25,123,26,28,135,27,137,136,30],"product_tag":[146,305,222,64,40,111,306],"class_list":{"0":"post-3013","1":"product","2":"type-product","3":"status-publish","4":"has-post-thumbnail","6":"product_cat-new-vape-this-week","7":"product_cat-big-puffs-disposable-vapes","8":"product_cat-crystal-disposable-vapes","9":"product_cat-dual-mesh-disposable-vapes","10":"product_cat-digital-disposable-vapes","11":"product_cat-low-nicotine-disposable-vapes","12":"product_cat-rechargeable-disposable-vapes","13":"product_cat-smart-screen-disposable-vapes","14":"product_cat-bood-disposable-vape","15":"product_cat-15000-puff-disposable-vape","16":"product_cat-germany-best-selling-vape","17":"product_cat-italy-wholesale-vape","18":"product_cat-netherlands-hot-sale-vape","19":"product_cat-poland-hot-sale-vape","20":"product_cat-spain-best-hot-sale-vape","21":"product_cat-fance-hot-sale-vape","22":"product_cat-rechargeable-vapes","23":"product_cat-smart-screen-vapes","24":"product_cat-minimum-order-quantity-50pcs","25":"product_tag-best-hot-sale-vape","26":"product_tag-bood-vape-30000","27":"product_tag-double-flavor-vape","28":"product_tag-dual-flavour-vape","29":"product_tag-hot-sale-vape","30":"product_tag-low-nicotine-disposable-vape","31":"product_tag-puff-bar","32":"desktop-align-left","33":"tablet-align-left","34":"mobile-align-left","36":"first","37":"instock","38":"sale","39":"shipping-taxable","40":"purchasable","41":"product-type-simple"},"uagb_featured_image_src":{"full":["https:\/\/rmvapesale.com\/wp-content\/uploads\/2025\/01\/Best-Bood-Infinity-30000-Puff-Rechargeable-Disposable-Vape.webp",1000,1000,false],"thumbnail":["https:\/\/rmvapesale.com\/wp-content\/uploads\/2025\/01\/Best-Bood-Infinity-30000-Puff-Rechargeable-Disposable-Vape-150x150.webp",150,150,true],"medium":["https:\/\/rmvapesale.com\/wp-content\/uploads\/2025\/01\/Best-Bood-Infinity-30000-Puff-Rechargeable-Disposable-Vape-300x300.webp",300,300,true],"medium_large":["https:\/\/rmvapesale.com\/wp-content\/uploads\/2025\/01\/Best-Bood-Infinity-30000-Puff-Rechargeable-Disposable-Vape-768x768.webp",768,768,true],"large":["https:\/\/rmvapesale.com\/wp-content\/uploads\/2025\/01\/Best-Bood-Infinity-30000-Puff-Rechargeable-Disposable-Vape.webp",1000,1000,false],"1536x1536":["https:\/\/rmvapesale.com\/wp-content\/uploads\/2025\/01\/Best-Bood-Infinity-30000-Puff-Rechargeable-Disposable-Vape.webp",1000,1000,false],"2048x2048":["https:\/\/rmvapesale.com\/wp-content\/uploads\/2025\/01\/Best-Bood-Infinity-30000-Puff-Rechargeable-Disposable-Vape.webp",1000,1000,false],"trp-custom-language-flag":["https:\/\/rmvapesale.com\/wp-content\/uploads\/2025\/01\/Best-Bood-Infinity-30000-Puff-Rechargeable-Disposable-Vape.webp",12,12,false],"woocommerce_thumbnail":["https:\/\/rmvapesale.com\/wp-content\/uploads\/2025\/01\/Best-Bood-Infinity-30000-Puff-Rechargeable-Disposable-Vape-300x300.webp",300,300,true],"woocommerce_single":["https:\/\/rmvapesale.com\/wp-content\/uploads\/2025\/01\/Best-Bood-Infinity-30000-Puff-Rechargeable-Disposable-Vape-600x600.webp",600,600,true],"woocommerce_gallery_thumbnail":["https:\/\/rmvapesale.com\/wp-content\/uploads\/2025\/01\/Best-Bood-Infinity-30000-Puff-Rechargeable-Disposable-Vape-100x100.webp",100,100,true],"wcpr-photo-reviews":["https:\/\/rmvapesale.com\/wp-content\/uploads\/2025\/01\/Best-Bood-Infinity-30000-Puff-Rechargeable-Disposable-Vape.webp",500,500,false]},"uagb_author_info":{"display_name":"AMY","author_link":"https:\/\/rmvapesale.com\/fr\/author\/"},"uagb_comment_info":0,"uagb_excerpt":"Bood Vape 30000 30k Puff Bar Rechargeable Disposable Vape Cheap Price Bood Vape 30000 Hot Sale Disposable Vape Pen Bulk Buy Bood Vape 30000 LED Display Smart Screen Disposable Vape Wholesale Contact Amy to get right reply and vape coupon! WhatsApp: +86 17776015835 &nbsp;","_links":{"self":[{"href":"https:\/\/rmvapesale.com\/fr\/wp-json\/wp\/v2\/product\/3013","targetHints":{"allow":["GET"]}}],"collection":[{"href":"https:\/\/rmvapesale.com\/fr\/wp-json\/wp\/v2\/product"}],"about":[{"href":"https:\/\/rmvapesale.com\/fr\/wp-json\/wp\/v2\/types\/product"}],"replies":[{"embeddable":true,"href":"https:\/\/rmvapesale.com\/fr\/wp-json\/wp\/v2\/comments?post=3013"}],"wp:featuredmedia":[{"embeddable":true,"href":"https:\/\/rmvapesale.com\/fr\/wp-json\/wp\/v2\/media\/2977"}],"wp:attachment":[{"href":"https:\/\/rmvapesale.com\/fr\/wp-json\/wp\/v2\/media?parent=3013"}],"wp:term":[{"taxonomy":"product_brand","embeddable":true,"href":"https:\/\/rmvapesale.com\/fr\/wp-json\/wp\/v2\/product_brand?post=3013"},{"taxonomy":"product_cat","embeddable":true,"href":"https:\/\/rmvapesale.com\/fr\/wp-json\/wp\/v2\/product_cat?post=3013"},{"taxonomy":"product_tag","embeddable":true,"href":"https:\/\/rmvapesale.com\/fr\/wp-json\/wp\/v2\/product_tag?post=3013"}],"curies":[{"name":"wp","href":"https:\/\/api.w.org\/{rel}","templated":true}]}}