{"id":3014,"date":"2025-01-30T07:39:46","date_gmt":"2025-01-30T07:39:46","guid":{"rendered":"https:\/\/rmvapesale.com\/?post_type=product&#038;p=3014"},"modified":"2025-01-23T08:01:17","modified_gmt":"2025-01-23T08:01:17","slug":"bang-box-30000-30k-puffs-double-taste-rechargeable-disposable-vape-0-2-5-nicotine-led-display-factory-price","status":"publish","type":"product","link":"https:\/\/rmvapesale.com\/fr\/product\/bang-box-30000-30k-puffs-double-taste-rechargeable-disposable-vape-0-2-5-nicotine-led-display-factory-price\/","title":{"rendered":"Bang Box 30000 30k Puffs Double saveur Vape jetable rechargeable 0% 2% 5% Nicotine Affichage LED Prix d'usine"},"content":{"rendered":"<div class=\"B2VR9 CJHX3e\">\n<div class=\"wyccme\">\n<div class=\"flex-shrink-0 flex flex-col relative items-end\">\n<div class=\"pt-0\">\n<div class=\"gizmo-bot-avatar flex h-8 w-8 items-center justify-center overflow-hidden rounded-full\">\n<div class=\"relative p-1 rounded-sm flex items-center justify-center bg-token-main-surface-primary text-token-text-primary h-8 w-8\">\n<div class=\"flex-shrink-0 flex flex-col relative items-end\">\n<div class=\"pt-0\">\n<div class=\"gizmo-bot-avatar flex h-8 w-8 items-center justify-center overflow-hidden rounded-full\">\n<div class=\"flex-shrink-0 flex flex-col relative items-end\">\n<div class=\"pt-0\">\n<div class=\"gizmo-bot-avatar flex h-8 w-8 items-center justify-center overflow-hidden rounded-full\">\n<h1 class=\"relative p-1 rounded-sm flex items-center justify-center bg-token-main-surface-primary text-token-text-primary h-8 w-8\">Bang Box 30000 30k Puffs Double saveur Vape jetable rechargeable 0% 2% 5% Nicotine Affichage LED Prix d'usine<\/h1>\n<\/div>\n<\/div>\n<\/div>\n<\/div>\n<\/div>\n<\/div>\n<\/div>\n<\/div>\n<\/div>\n<\/div>\n<div class=\"group\/conversation-turn relative flex w-full min-w-0 flex-col agent-turn\">\n<div class=\"flex-col gap-1 md:gap-3\">\n<div class=\"flex max-w-full flex-col flex-grow\">\n<div class=\"min-h-8 text-message flex w-full flex-col items-end gap-2 whitespace-normal break-words text-start [.text-message+&amp;]:mt-5\" dir=\"auto\" data-message-author-role=\"assistant\" data-message-id=\"80ece0c4-ead1-4ed9-a9f0-ddc22582b4f4\" data-message-model-slug=\"gpt-4o\">\n<p>L' <strong>Bang Box 30000 Puffs Vape jetable rechargeable \u00e0 double saveur<\/strong> est le choix ultime pour les vapoteurs \u00e0 la recherche de <strong>performances durables, de fonctionnalit\u00e9s personnalisables et d'un prix de gros imbattable<\/strong>. Con\u00e7u pour fournir jusqu'\u00e0 <strong>30 000 bouff\u00e9es<\/strong>, ce <strong>vape rechargeable<\/strong> offre une exp\u00e9rience de vapotage prolong\u00e9e avec une fonctionnalit\u00e9 innovante de <strong>Double Saveur<\/strong> vous permettant de profiter de <strong>deux saveurs dans un seul appareil<\/strong>.<\/p>\n<p>Pr\u00e9-rempli avec un volume massif de <strong>36 ml d'e-liquide<\/strong>, le Bang 30K assure un plaisir continu sans les tracas de remplissages fr\u00e9quents. Que vous soyez un fan de <strong>vapes \u00e0 faible nicotine<\/strong> ou que vous pr\u00e9f\u00e9riez un hit plus fort, cet appareil offre des <strong>options de concentration de nicotine<\/strong>polyvalentes, disponibles en <strong>0%, 2%, 3% et 5%<\/strong>, r\u00e9pondant \u00e0 toutes les pr\u00e9f\u00e9rences.<\/p>\n<p>\u00c9quip\u00e9 d'un <strong>R\u00e9sistance mesh de 1.0\u03a9<\/strong>, la vape offre une vapeur douce et savoureuse \u00e0 chaque bouff\u00e9e. Le <strong>d\u00e9bit d'air r\u00e9glable<\/strong> syst\u00e8me vous permet de personnaliser votre tirage, offrant soit une inhalation serr\u00e9e et intense, soit une exp\u00e9rience plus ample et remplie de nuages.<\/p>\n<p>L'\u00e9cran <strong>LED intelligent<\/strong> vous tient inform\u00e9 des niveaux de batterie et d'e-liquide, vous assurant d'\u00eatre toujours en contr\u00f4le. Avec une <strong>batterie rechargeable de 550mAh<\/strong> et un <strong>port de charge Type-C<\/strong>, vous profiterez d'une recharge rapide et efficace pour que votre vape soit toujours pr\u00eate lorsque vous l'\u00eates.<\/p>\n<p>Parfait pour les <strong>acheteurs de vapes jetables en gros<\/strong>, cet appareil est disponible \u00e0 un <strong>prix d'usine<\/strong>, ce qui en fait un excellent choix tant pour les d\u00e9taillants que pour les vapoteurs individuels cherchant \u00e0 <strong>acheter en gros<\/strong>.<\/p>\n<\/div>\n<\/div>\n<\/div>\n<\/div>\n<div class=\"flex-shrink-0 flex flex-col relative items-end\">\n<div class=\"pt-0\">\n<div class=\"gizmo-bot-avatar flex h-8 w-8 items-center justify-center overflow-hidden rounded-full\">\n<p>&nbsp;<\/p>\n<\/div>\n<\/div>\n<\/div>\n<\/div>\n<\/div>\n<p><strong>Contactez Amy pour obtenir la bonne r\u00e9ponse et un coupon de vape !<\/strong><\/p>\n<p><img loading=\"lazy\" decoding=\"async\" class=\"size-full wp-image-1978\" src=\"https:\/\/rmvapesale.com\/wp-content\/uploads\/2024\/09\/Disposable-Vape-Wholesale.jpg\" alt=\"Vente en gros de vapes jetables\" width=\"229\" height=\"300\" \/><\/p>\n<h3><a href=\"https:\/\/wa.me\/8617776015835\" target=\"_blank\" rel=\"noopener\"><span style=\"color: #ff0000\"><strong>WhatsApp: +86 17776015835<\/strong><\/span><\/a><\/h3>\n<h3><\/h3>\n<h3><strong style=\"font-size: 1.7em\">Bang Box 30000 30k Puffs Caract\u00e9ristiques principales du produit<\/strong><\/h3>\n<ul>\n<li><strong>Capacit\u00e9 de 30 000 bouff\u00e9es :<\/strong> Profitez d'un vapotage de longue dur\u00e9e sans remplacements constants.<\/li>\n<li><strong>36ml d'e-liquide pr\u00e9-rempli :<\/strong> Capacit\u00e9 g\u00e9n\u00e9reuse pour une exp\u00e9rience de vapotage ininterrompue.<\/li>\n<li><strong>Fonctionnalit\u00e9 Double Go\u00fbt :<\/strong> Alternez entre deux saveurs distinctes pour varier les plaisirs \u00e0 chaque bouff\u00e9e.<\/li>\n<li><strong>Options de Nicotine :<\/strong> Disponible en concentrations de 0 %, 2 %, 3 % et 5 % pour satisfaire diff\u00e9rentes pr\u00e9f\u00e9rences.<\/li>\n<li><strong>Batterie Rechargeable :<\/strong> Batterie de 550mAh avec charge rapide Type-C pour plus de commodit\u00e9.<\/li>\n<li><strong>Affichage LED Intelligent :<\/strong> Surveillez facilement l'autonomie de la batterie et les niveaux d'e-liquide.<\/li>\n<li><strong>Flux d'Air R\u00e9glable :<\/strong> Personnalisez votre inhalation avec diff\u00e9rents r\u00e9glages de flux d'air<\/li>\n<\/ul>\n<p><img loading=\"lazy\" decoding=\"async\" class=\"wp-image-2984 size-full\" src=\"https:\/\/rmvapesale.com\/wp-content\/uploads\/2025\/01\/Bang-Box-30000-Puffs-Disposable-Vape-Bulk-Buy.webp\" alt=\"Bang Box 30000 Puffs Vape Jetable Achat en Gros\" width=\"1000\" height=\"1000\" srcset=\"https:\/\/rmvapesale.com\/wp-content\/uploads\/2025\/01\/Bang-Box-30000-Puffs-Disposable-Vape-Bulk-Buy.webp 1000w, https:\/\/rmvapesale.com\/wp-content\/uploads\/2025\/01\/Bang-Box-30000-Puffs-Disposable-Vape-Bulk-Buy-300x300.webp 300w, https:\/\/rmvapesale.com\/wp-content\/uploads\/2025\/01\/Bang-Box-30000-Puffs-Disposable-Vape-Bulk-Buy-150x150.webp 150w, https:\/\/rmvapesale.com\/wp-content\/uploads\/2025\/01\/Bang-Box-30000-Puffs-Disposable-Vape-Bulk-Buy-768x768.webp 768w, https:\/\/rmvapesale.com\/wp-content\/uploads\/2025\/01\/Bang-Box-30000-Puffs-Disposable-Vape-Bulk-Buy-600x600.webp 600w, https:\/\/rmvapesale.com\/wp-content\/uploads\/2025\/01\/Bang-Box-30000-Puffs-Disposable-Vape-Bulk-Buy-100x100.webp 100w\" sizes=\"auto, (max-width: 1000px) 100vw, 1000px\" \/><\/p>\n<h3><strong style=\"font-size: 1.7em\">Meilleure vente de saveur pour Bang Box 30000 30k Puff<\/strong><strong style=\"font-size: 1.7em\">\u00a0Vapoteuse<\/strong><\/h3>\n<p>1. Fraise kiwi\/Glace \u00e0 la past\u00e8que<br \/>\n2. Fraise kiwi\/Fraise past\u00e8que <span style=\"color: #ff0000\"><strong>&gt;&gt;&gt;&gt; Chaud !<\/strong><\/span><br \/>\n3. Jus de p\u00eache\/Glace \u00e0 la myrtille<br \/>\n4. Glace \u00e0 la myrtille\/Goyave Fruit de la Passion Kiwi<br \/>\n5. Glace framboise sure myrtille\/Fruits m\u00e9lang\u00e9s <span style=\"color: #ff0000\"><strong>&gt;&gt;&gt;&gt; Chaud !<\/strong><\/span><br \/>\n6. Triple berryice\/Fraise Mangue<br \/>\n7. Chewing-gum past\u00e8que\/Fraise past\u00e8que<br \/>\n8. Glace \u00e0 la myrtille\/Glace \u00e0 la past\u00e8que<br \/>\n9. Fraise past\u00e8que\/Goyave Fruit de la Passion Kiwi<br \/>\n10. Glace Dragon Noir\/Mangue P\u00eache Past\u00e8que<br \/>\n11. Glace Razz Bleue\/Double Raisin<br \/>\n12. Glace Razz Bleue\/Fraise Mangue <span style=\"color: #ff0000\"><strong>&gt;&gt;&gt;&gt; Le meilleur !<\/strong><\/span><\/p>\n<h3><strong>Pourquoi choisir Rmvapesale pour Bang Box 30k Puffs <\/strong><strong>V<\/strong><strong>jetables<\/strong><strong>?<\/strong><\/h3>\n<div class=\"flex-shrink-0 flex flex-col relative items-end\">\n<div class=\"pt-0\">\n<div class=\"gizmo-bot-avatar flex h-8 w-8 items-center justify-center overflow-hidden rounded-full\">\n<p>Alors que la concurrence sur le march\u00e9 des e-cigarettes jetables s'intensifie, Rmvapesale, un leader mondial des solutions de vape jetables en gros, a lanc\u00e9 le Vapsolo DG 18000 Puffs Disposable Vape. Ce produit pr\u00e9curseur attire l'attention par son esth\u00e9tique unique et son design \u00e0 la mode. Proposant un large \u00e9ventail d'options de saveurs fruit\u00e9es, il r\u00e9pond \u00e0 un large \u00e9ventail de go\u00fbts des consommateurs tout en mettant l'accent sur l'innovation et la polyvalence.<\/p>\n<p class=\"relative p-1 rounded-sm flex items-center justify-center bg-token-main-surface-primary text-token-text-primary h-8 w-8\">Rmvapesale est votre boutique de vape de confiance pour les vapes jetables haut de gamme. Avec plus de 5 ans d'exp\u00e9rience, nous vous proposons des marques de vapes jetables populaires telles que Al Fakher, JNR Vape, Vapsolo Vape, Vapme Vape, <a href=\"https:\/\/rmvapesale.com\/fr\/product-category\/bang-vapes\/\">Bang Vape<\/a>, Waspe Vape, WGA Vape et<a href=\"https:\/\/rmvapesale.com\/fr\/product-category\/randm-fumot-vape\/\"> RandM Vape<\/a>. Notre gamme comprend des vapes jetables tr\u00e8s demand\u00e9es comme le <a href=\"https:\/\/rmvapesale.com\/fr\/product\/vopk-tornado-15000-puffs-disposable-vape-led-display\/\">VOPK Tornado 15000 Bouff\u00e9es<\/a> et des choix riches en saveurs comme le<a href=\"https:\/\/rmvapesale.com\/fr\/product\/waspe-15000-puffs-digital-box-original-wholesale\/\"> WASPE 15000 BOUFF\u00c9ES<\/a>Chaque produit est s\u00e9lectionn\u00e9 avec un accent sur la qualit\u00e9, la valeur et la vari\u00e9t\u00e9, vous assurant de trouver la correspondance parfaite pour vos besoins. D\u00e9couvrez un service exceptionnel et une large gamme de produits de premier plan chez Rmvapesale.<\/p>\n<p class=\"relative p-1 rounded-sm flex items-center justify-center bg-token-main-surface-primary text-token-text-primary h-8 w-8\"><b style=\"font-size: 1.5em;font-style: inherit\">FAQ pour BangBox 30000 30k Puffs <\/b><b style=\"font-size: 1.5em;font-style: inherit\">Vape jetable rechargeable<\/b><\/p>\n<ol>\n<li><strong>O\u00f9 puis-je acheter le Bang 30000 Puffs Vape jetable \u00e0 des prix de gros ?<\/strong>\n<ul>\n<li>Vous pouvez l'acheter aux prix d'usine aupr\u00e8s de <a href=\"https:\/\/rmvapesale.com\/fr\/\" target=\"_new\" rel=\"noopener\">Rmvapesale<\/a>, offrant les meilleures offres en gros pour les d\u00e9taillants et les distributeurs.<\/li>\n<\/ul>\n<\/li>\n<li><strong>Comment fonctionne la fonction Double Go\u00fbt ?<\/strong>\n<ul>\n<li>L'appareil vous permet de basculer entre deux saveurs, offrant une exp\u00e9rience de vapotage unique et dynamique.<\/li>\n<\/ul>\n<\/li>\n<li><strong>Quels sont les niveaux de nicotine disponibles dans cette vape jetable ?<\/strong>\n<ul>\n<li>Le Bang 30K est disponible en concentrations de nicotine de 0%, 2%, 3% et 5%, r\u00e9pondant \u00e0 diff\u00e9rentes pr\u00e9f\u00e9rences de vapotage.<\/li>\n<\/ul>\n<\/li>\n<li><strong>La vape Bang 30000 Puffs est-elle rechargeable ?<\/strong>\n<ul>\n<li>Oui, elle est dot\u00e9e d'une batterie rechargeable de 550 mAh avec un port de charge de type C pour des recharges rapides et efficaces.<\/li>\n<\/ul>\n<\/li>\n<li><strong>L'appareil dispose-t-il d'une fonction de r\u00e9glage du flux d'air ?<\/strong>\n<ul>\n<li>Oui, le contr\u00f4le r\u00e9glable du flux d'air vous permet de personnaliser votre style de vapotage, des tirages serr\u00e9s aux nuages \u200b\u200ba\u00e9r\u00e9s.<\/li>\n<\/ul>\n<\/li>\n<\/ol>\n<\/div>\n<\/div>\n<\/div>\n<h2>Comment commander?<\/h2>\n<div class=\"flex-shrink-0 flex flex-col relative items-end\">\n<div class=\"pt-0\">\n<div class=\"gizmo-bot-avatar flex h-8 w-8 items-center justify-center overflow-hidden rounded-full\">\n<div>\n<p><strong>1. Quels modes de paiement acceptez-vous?<\/strong><br \/>\n<span class=\"selectable-text copyable-text false\">Pour le paiement, nous acceptons le virement bancaire et Western Union. La plupart de nos clients en France choisissent le virement bancaire. Nous avons un compte bancaire local sur lequel vous pouvez payer sur notre compte IBAN sans frais de gestion. <\/span>.<\/p>\n<p><strong>2. Comment puis-je suivre ma commande?<\/strong><br \/>\nUne fois le colis exp\u00e9di\u00e9, <span class=\"selectable-text copyable-text false\">nous vous fournirons un num\u00e9ro de suivi pour r\u00e9f\u00e9rence, et nous continuerons de mettre \u00e0 jour le statut jusqu'\u00e0 ce que vous receviez la marchandise.<\/span>.<\/p>\n<p><strong>3. Combien de temps faut-il pour que la commande arrive?<\/strong><\/p>\n<ul>\n<li>Exp\u00e9dition depuis les entrep\u00f4ts en <strong>Chine<\/strong> prend environ <strong>7-14 jours ouvrables<\/strong>.<\/li>\n<li>Exp\u00e9dition depuis les entrep\u00f4ts en <strong>Entrep\u00f4ts europ\u00e9ens<\/strong> prend g\u00e9n\u00e9ralement <strong>3-6 jours ouvrables<\/strong>.<\/li>\n<\/ul>\n<p><strong>4. Comment puis-je obtenir une livraison plus rapide?<\/strong><br \/>\nPour une livraison plus rapide, nous vous recommandons de commander depuis notre <strong>entrep\u00f4t europ\u00e9en<\/strong>, qui offre des d\u00e9lais d'exp\u00e9dition plus courts.<\/p>\n<p><strong>5. Que faire si je re\u00e7ois un produit endommag\u00e9 ou d\u00e9fectueux ?<\/strong><br \/>\nSi votre article est endommag\u00e9 ou d\u00e9fectueux, contactez le service client pour un <strong>remplacement ou un remboursement<\/strong>.<\/p>\n<p><strong>6. Comment puis-je contacter le service client ?<\/strong><br \/>\nVous pouvez nous joindre via<strong>\u00a0WhatsApp, ou le chat en direct<\/strong> sur notre site web pour toute assistance.<\/p>\n<\/div>\n<div class=\"relative p-1 rounded-sm flex items-center justify-center bg-token-main-surface-primary text-token-text-primary h-8 w-8\"><strong>7. Quels modes de livraison sont utilis\u00e9s ?<\/strong><\/div>\n<\/div>\n<\/div>\n<\/div>\n<div class=\"group\/conversation-turn relative flex w-full min-w-0 flex-col agent-turn\">\n<div class=\"flex-col gap-1 md:gap-3\">\n<div class=\"flex max-w-full flex-col flex-grow\">\n<div class=\"min-h-[20px] text-message flex w-full flex-col items-end gap-2 whitespace-normal break-words [.text-message+&amp;]:mt-5 overflow-x-auto\" dir=\"auto\" data-message-author-role=\"assistant\" data-message-id=\"22f8283b-3233-46ff-89a5-c7a41b33abda\">\n<div class=\"flex w-full flex-col gap-1 empty:hidden first:pt-[3px]\">\n<div class=\"markdown prose w-full break-words dark:prose-invert light\">\n<p>Nous travaillons en partenariat avec UPS, DHL, FedEx, DPD et d'autres transporteurs de premier plan. Nous s\u00e9lectionnerons la meilleure m\u00e9thode d'exp\u00e9dition en fonction de votre lieu de livraison pour que vous receviez vos produits le plus rapidement possible.<\/p>\n<\/div>\n<\/div>\n<\/div>\n<\/div>\n<\/div>\n<\/div>\n<p>Trouvez plus de produits de vape que vous pourriez aimer :<strong><em><a href=\"https:\/\/rmvapesale.com\/fr\/shop-2\/\">Achetez maintenant &gt;&gt;&gt;<\/a><\/em><\/strong><\/p>","protected":false},"excerpt":{"rendered":"<p>Bang Box 30000 30k Puff Bar Vape jetable rechargeable \u00e0 prix abordable<br \/>\nBang Box 30000 30k Puffs Stylo Vape jetable en gros \u00e0 prix avantageux<br \/>\nBangBox 30000 Puffs \u00c9cran intelligent \u00e0 affichage LED Vape jetable en gros<\/p>\n<p><strong>Contactez Amy pour obtenir la bonne r\u00e9ponse et un coupon de vape !<\/strong><\/p>\n<p><img loading=\"lazy\" decoding=\"async\" class=\"size-full wp-image-2375\" src=\"https:\/\/rmvapesale.com\/wp-content\/uploads\/2024\/10\/image.png\" alt=\"Meilleure vape jetable\" width=\"229\" height=\"300\" \/><\/p>\n<h3><a href=\"https:\/\/wa.me\/8617776015835\"><span style=\"color: #ff0000\"><strong>WhatsApp: +86 17776015835<\/strong><\/span><\/a><\/h3>\n<p>&nbsp;<\/p>","protected":false},"featured_media":2983,"comment_status":"open","ping_status":"closed","template":"","meta":{"_uag_custom_page_level_css":"","_lmt_disableupdate":"no","_lmt_disable":"","site-sidebar-layout":"default","site-content-layout":"content-boxed-container","ast-site-content-layout":"normal-width-container","site-content-style":"boxed","site-sidebar-style":"unboxed","ast-global-header-display":"","ast-banner-title-visibility":"","ast-main-header-display":"","ast-hfb-above-header-display":"","ast-hfb-below-header-display":"","ast-hfb-mobile-header-display":"","site-post-title":"","ast-breadcrumbs-content":"","ast-featured-img":"","footer-sml-layout":"","theme-transparent-header-meta":"default","adv-header-id-meta":"","stick-header-meta":"","header-above-stick-meta":"","header-main-stick-meta":"","header-below-stick-meta":"","astra-migrate-meta-layouts":"set","ast-page-background-enabled":"default","ast-page-background-meta":{"desktop":{"background-color":"var(--ast-global-color-4)","background-image":"","background-repeat":"repeat","background-position":"center center","background-size":"auto","background-attachment":"scroll","background-type":"","background-media":"","overlay-type":"","overlay-color":"","overlay-opacity":"","overlay-gradient":""},"tablet":{"background-color":"","background-image":"","background-repeat":"repeat","background-position":"center center","background-size":"auto","background-attachment":"scroll","background-type":"","background-media":"","overlay-type":"","overlay-color":"","overlay-opacity":"","overlay-gradient":""},"mobile":{"background-color":"","background-image":"","background-repeat":"repeat","background-position":"center center","background-size":"auto","background-attachment":"scroll","background-type":"","background-media":"","overlay-type":"","overlay-color":"","overlay-opacity":"","overlay-gradient":""}},"ast-content-background-meta":{"desktop":{"background-color":"var(--ast-global-color-5)","background-image":"","background-repeat":"repeat","background-position":"center center","background-size":"auto","background-attachment":"scroll","background-type":"","background-media":"","overlay-type":"","overlay-color":"","overlay-opacity":"","overlay-gradient":""},"tablet":{"background-color":"var(--ast-global-color-5)","background-image":"","background-repeat":"repeat","background-position":"center center","background-size":"auto","background-attachment":"scroll","background-type":"","background-media":"","overlay-type":"","overlay-color":"","overlay-opacity":"","overlay-gradient":""},"mobile":{"background-color":"var(--ast-global-color-5)","background-image":"","background-repeat":"repeat","background-position":"center center","background-size":"auto","background-attachment":"scroll","background-type":"","background-media":"","overlay-type":"","overlay-color":"","overlay-opacity":"","overlay-gradient":""}},"_joinchat":[]},"product_brand":[],"product_cat":[15,289,290,291,292,293,295,299,273,253,25,123,26,28,135,27,60,137,136,30],"product_tag":[307,146,222,64,40,111,306],"class_list":{"0":"post-3014","1":"product","2":"type-product","3":"status-publish","4":"has-post-thumbnail","6":"product_cat-new-vape-this-week","7":"product_cat-big-puffs-disposable-vapes","8":"product_cat-crystal-disposable-vapes","9":"product_cat-dual-mesh-disposable-vapes","10":"product_cat-digital-disposable-vapes","11":"product_cat-low-nicotine-disposable-vapes","12":"product_cat-rechargeable-disposable-vapes","13":"product_cat-smart-screen-disposable-vapes","14":"product_cat-bang-box-vape","15":"product_cat-15000-puff-disposable-vape","16":"product_cat-germany-best-selling-vape","17":"product_cat-italy-wholesale-vape","18":"product_cat-netherlands-hot-sale-vape","19":"product_cat-poland-hot-sale-vape","20":"product_cat-spain-best-hot-sale-vape","21":"product_cat-fance-hot-sale-vape","22":"product_cat-bang-vapes","23":"product_cat-rechargeable-vapes","24":"product_cat-smart-screen-vapes","25":"product_cat-minimum-order-quantity-50pcs","26":"product_tag-bang-box-30000","27":"product_tag-best-hot-sale-vape","28":"product_tag-double-flavor-vape","29":"product_tag-dual-flavour-vape","30":"product_tag-hot-sale-vape","31":"product_tag-low-nicotine-disposable-vape","32":"product_tag-puff-bar","33":"desktop-align-left","34":"tablet-align-left","35":"mobile-align-left","37":"first","38":"instock","39":"sale","40":"shipping-taxable","41":"purchasable","42":"product-type-simple"},"uagb_featured_image_src":{"full":["https:\/\/rmvapesale.com\/wp-content\/uploads\/2025\/01\/Bang-Box-30000-30k-Puffs-Double-Rechargeable-Disposable-Vape-Wholesale.webp",1000,1000,false],"thumbnail":["https:\/\/rmvapesale.com\/wp-content\/uploads\/2025\/01\/Bang-Box-30000-30k-Puffs-Double-Rechargeable-Disposable-Vape-Wholesale-150x150.webp",150,150,true],"medium":["https:\/\/rmvapesale.com\/wp-content\/uploads\/2025\/01\/Bang-Box-30000-30k-Puffs-Double-Rechargeable-Disposable-Vape-Wholesale-300x300.webp",300,300,true],"medium_large":["https:\/\/rmvapesale.com\/wp-content\/uploads\/2025\/01\/Bang-Box-30000-30k-Puffs-Double-Rechargeable-Disposable-Vape-Wholesale-768x768.webp",768,768,true],"large":["https:\/\/rmvapesale.com\/wp-content\/uploads\/2025\/01\/Bang-Box-30000-30k-Puffs-Double-Rechargeable-Disposable-Vape-Wholesale.webp",1000,1000,false],"1536x1536":["https:\/\/rmvapesale.com\/wp-content\/uploads\/2025\/01\/Bang-Box-30000-30k-Puffs-Double-Rechargeable-Disposable-Vape-Wholesale.webp",1000,1000,false],"2048x2048":["https:\/\/rmvapesale.com\/wp-content\/uploads\/2025\/01\/Bang-Box-30000-30k-Puffs-Double-Rechargeable-Disposable-Vape-Wholesale.webp",1000,1000,false],"trp-custom-language-flag":["https:\/\/rmvapesale.com\/wp-content\/uploads\/2025\/01\/Bang-Box-30000-30k-Puffs-Double-Rechargeable-Disposable-Vape-Wholesale.webp",12,12,false],"woocommerce_thumbnail":["https:\/\/rmvapesale.com\/wp-content\/uploads\/2025\/01\/Bang-Box-30000-30k-Puffs-Double-Rechargeable-Disposable-Vape-Wholesale-300x300.webp",300,300,true],"woocommerce_single":["https:\/\/rmvapesale.com\/wp-content\/uploads\/2025\/01\/Bang-Box-30000-30k-Puffs-Double-Rechargeable-Disposable-Vape-Wholesale-600x600.webp",600,600,true],"woocommerce_gallery_thumbnail":["https:\/\/rmvapesale.com\/wp-content\/uploads\/2025\/01\/Bang-Box-30000-30k-Puffs-Double-Rechargeable-Disposable-Vape-Wholesale-100x100.webp",100,100,true],"wcpr-photo-reviews":["https:\/\/rmvapesale.com\/wp-content\/uploads\/2025\/01\/Bang-Box-30000-30k-Puffs-Double-Rechargeable-Disposable-Vape-Wholesale.webp",500,500,false]},"uagb_author_info":{"display_name":"AMY","author_link":"https:\/\/rmvapesale.com\/fr\/author\/"},"uagb_comment_info":0,"uagb_excerpt":"Bang Box 30000 30k Puff\u00a0 Bar Rechargeable Disposable Vape Cheap Price Bang Box 30000 30k Puffs Hot Sale Disposable Vape Pen Bulk Buy BangBox 30000 Puffs\u00a0 LED Display Smart Screen Disposable Vape Wholesale Contact Amy to get right reply and vape coupon! WhatsApp: +86 17776015835 &nbsp;","_links":{"self":[{"href":"https:\/\/rmvapesale.com\/fr\/wp-json\/wp\/v2\/product\/3014","targetHints":{"allow":["GET"]}}],"collection":[{"href":"https:\/\/rmvapesale.com\/fr\/wp-json\/wp\/v2\/product"}],"about":[{"href":"https:\/\/rmvapesale.com\/fr\/wp-json\/wp\/v2\/types\/product"}],"replies":[{"embeddable":true,"href":"https:\/\/rmvapesale.com\/fr\/wp-json\/wp\/v2\/comments?post=3014"}],"wp:featuredmedia":[{"embeddable":true,"href":"https:\/\/rmvapesale.com\/fr\/wp-json\/wp\/v2\/media\/2983"}],"wp:attachment":[{"href":"https:\/\/rmvapesale.com\/fr\/wp-json\/wp\/v2\/media?parent=3014"}],"wp:term":[{"taxonomy":"product_brand","embeddable":true,"href":"https:\/\/rmvapesale.com\/fr\/wp-json\/wp\/v2\/product_brand?post=3014"},{"taxonomy":"product_cat","embeddable":true,"href":"https:\/\/rmvapesale.com\/fr\/wp-json\/wp\/v2\/product_cat?post=3014"},{"taxonomy":"product_tag","embeddable":true,"href":"https:\/\/rmvapesale.com\/fr\/wp-json\/wp\/v2\/product_tag?post=3014"}],"curies":[{"name":"wp","href":"https:\/\/api.w.org\/{rel}","templated":true}]}}