{"id":3015,"date":"2025-02-02T08:01:52","date_gmt":"2025-02-02T08:01:52","guid":{"rendered":"https:\/\/rmvapesale.com\/?post_type=product&#038;p=3015"},"modified":"2025-01-23T08:19:44","modified_gmt":"2025-01-23T08:19:44","slug":"smart-screen-disposable-vape-bang-king-35000-puff-35k-rechargeable-disposable-vape-0-2-5-nicotine-factory-price","status":"publish","type":"product","link":"https:\/\/rmvapesale.com\/fr\/product\/smart-screen-disposable-vape-bang-king-35000-puff-35k-rechargeable-disposable-vape-0-2-5-nicotine-factory-price\/","title":{"rendered":"Vape jetable \u00e0 \u00e9cran intelligent Bang King 35000 bouff\u00e9es 35k Rechargeable jetable Vape 0% 2% 5% Nicotine Prix d'usine"},"content":{"rendered":"<div class=\"B2VR9 CJHX3e\">\n<div class=\"wyccme\">\n<div class=\"flex-shrink-0 flex flex-col relative items-end\">\n<div class=\"pt-0\">\n<div class=\"gizmo-bot-avatar flex h-8 w-8 items-center justify-center overflow-hidden rounded-full\">\n<div class=\"relative p-1 rounded-sm flex items-center justify-center bg-token-main-surface-primary text-token-text-primary h-8 w-8\">\n<div class=\"flex-shrink-0 flex flex-col relative items-end\">\n<div class=\"pt-0\">\n<div class=\"gizmo-bot-avatar flex h-8 w-8 items-center justify-center overflow-hidden rounded-full\">\n<div class=\"flex-shrink-0 flex flex-col relative items-end\">\n<div class=\"pt-0\">\n<div class=\"gizmo-bot-avatar flex h-8 w-8 items-center justify-center overflow-hidden rounded-full\">\n<h1 class=\"relative p-1 rounded-sm flex items-center justify-center bg-token-main-surface-primary text-token-text-primary h-8 w-8\">Vape jetable \u00e0 \u00e9cran intelligent Bang King 35000 bouff\u00e9es 35k Rechargeable jetable Vape 0% 2% 5% Nicotine Prix d'usine<\/h1>\n<\/div>\n<\/div>\n<\/div>\n<\/div>\n<\/div>\n<\/div>\n<\/div>\n<\/div>\n<\/div>\n<\/div>\n<div class=\"group\/conversation-turn relative flex w-full min-w-0 flex-col agent-turn\">\n<div class=\"flex-col gap-1 md:gap-3\">\n<div class=\"flex max-w-full flex-col flex-grow\">\n<div class=\"min-h-8 text-message flex w-full flex-col items-end gap-2 whitespace-normal break-words text-start [.text-message+&amp;]:mt-5\" dir=\"auto\" data-message-author-role=\"assistant\" data-message-id=\"80ece0c4-ead1-4ed9-a9f0-ddc22582b4f4\" data-message-model-slug=\"gpt-4o\">\n<p>\u00c0 la recherche d'un <strong>vape jetable rechargeable \u00e0 grande bouff\u00e9e<\/strong> avec des fonctionnalit\u00e9s intelligentes ? La <strong>Vape Jetable Bang King 35000 Bouff\u00e9es \u00c9cran Intelligent<\/strong> est le choix parfait pour les vapoteurs exigeants <strong>une grande capacit\u00e9 de bouff\u00e9e, un flux d'air r\u00e9glable et plusieurs niveaux de nicotine<\/strong>, le tout \u00e0 un <strong>prix de gros avantageux<\/strong>. Avec une incroyable capacit\u00e9 de <strong>Capacit\u00e9 de 35 000 bouff\u00e9es<\/strong>, cette vape offre un plaisir durable, ce qui en fait l'une des <strong>vapes jetables les plus populaires<\/strong> sur le march\u00e9.<\/p>\n<p>Pr\u00e9-rempli avec <strong>23 ml de e-liquide<\/strong>, le Bang King garantit une exp\u00e9rience de vapotage savoureuse et sans souci, sans recharges fr\u00e9quentes. La <strong>r\u00e9sistance \u00e0 coil de 0,6\u03a9<\/strong> offre une production de vapeur douce et satisfaisante, tandis que l'innovant <strong>l'\u00e9cran intelligent<\/strong> vous tient inform\u00e9 avec des mises \u00e0 jour en temps r\u00e9el sur le niveau de e-liquide et de batterie.<\/p>\n<p>Con\u00e7ue pour la commodit\u00e9, la <strong>batterie rechargeable de 850 mAh<\/strong> supporte <strong>charge rapide Type-C<\/strong>, vous permettant de reprendre rapidement le vapotage. Que vous pr\u00e9f\u00e9riez une <strong>vape \u00e0 faible teneur en nicotine<\/strong> ou une inhalation plus forte, le Bang King propose plusieurs niveaux de nicotine, y compris <strong>0%, 2%, 3% et 5%<\/strong>, r\u00e9pondant \u00e0 toutes les pr\u00e9f\u00e9rences.<\/p>\n<p>En mettant en avant <strong>d\u00e9bit d'air r\u00e9glable<\/strong>, vous pouvez ajuster votre exp\u00e9rience de vapotage pour une aspiration plus serr\u00e9e ou une sensation plus douce et a\u00e9r\u00e9e. De plus, avec <strong>12 saveurs d\u00e9licieuses<\/strong> au choix, il y en a pour tous les go\u00fbts.<\/p>\n<p>Ideal for <strong>acheteurs en gros et distributeurs de vapoteuses<\/strong>, cet appareil est propos\u00e9 \u00e0 un <strong>prix direct usine<\/strong>, ce qui en fait une option excellente pour ceux qui cherchent \u00e0 <strong>acheter des vapoteuses jetables en gros<\/strong>.<\/p>\n<\/div>\n<\/div>\n<\/div>\n<\/div>\n<div class=\"flex-shrink-0 flex flex-col relative items-end\">\n<div class=\"pt-0\">\n<div class=\"gizmo-bot-avatar flex h-8 w-8 items-center justify-center overflow-hidden rounded-full\">\n<p>&nbsp;<\/p>\n<\/div>\n<\/div>\n<\/div>\n<\/div>\n<\/div>\n<p><strong>Contactez Amy pour obtenir la bonne r\u00e9ponse et un coupon de vape !<\/strong><\/p>\n<p><img loading=\"lazy\" decoding=\"async\" class=\"size-full wp-image-1978\" src=\"https:\/\/rmvapesale.com\/wp-content\/uploads\/2024\/09\/Disposable-Vape-Wholesale.jpg\" alt=\"Vente en gros de vapes jetables\" width=\"229\" height=\"300\" \/><\/p>\n<h3><a href=\"https:\/\/wa.me\/8617776015835\" target=\"_blank\" rel=\"noopener\"><span style=\"color: #ff0000\"><strong>WhatsApp: +86 17776015835<\/strong><\/span><\/a><\/h3>\n<h3><\/h3>\n<h3><strong style=\"font-size: 1.7em\">Caract\u00e9ristiques principales du produit Bang King 35000 Puff<\/strong><\/h3>\n<ul>\n<li><strong>Massif 35 000 bouff\u00e9es :<\/strong> Profitez d'un vapotage prolong\u00e9 sans remplacements fr\u00e9quents.<\/li>\n<li><strong>Capacit\u00e9 de e-liquide de 23 ml :<\/strong> Offre une jouissance durable sans besoin de recharges.<\/li>\n<li><strong>\u00c9cran intelligent :<\/strong> Suit le nombre de bouff\u00e9es et le niveau de batterie en temps r\u00e9el.<\/li>\n<li><strong>Options de Nicotine :<\/strong> Disponible en 0%, 2%, 3% et 5% pour convenir \u00e0 tous les utilisateurs.<\/li>\n<li><strong>Batterie rechargeable de 850mAh :<\/strong> Performance longue dur\u00e9e avec une charge rapide Type-C.<\/li>\n<li><strong>Contr\u00f4le du flux d'air r\u00e9glable :<\/strong> Personnalisez votre aspiration pour une sensation parfaite.<\/li>\n<li><strong>Protection contre la s\u00e9cheresse de br\u00fblure :<\/strong> Assure une exp\u00e9rience de vapotage fluide et constante.<\/li>\n<li><strong>12 options de saveurs :<\/strong> Large gamme de saveurs pour satisfaire tous les palais.<\/li>\n<\/ul>\n<figure id=\"attachment_2996\" aria-describedby=\"caption-attachment-2996\" style=\"width: 800px\" class=\"wp-caption alignnone\"><img loading=\"lazy\" decoding=\"async\" class=\"wp-image-2996 size-full\" src=\"https:\/\/rmvapesale.com\/wp-content\/uploads\/2025\/01\/Bang-King-Vape-35000-Puffs-Disposable-Vapes-Bulk-Buy.webp\" alt=\"Bang King Vape 35000 Bouff\u00e9es Vapotages Jetables Achat en gros\" width=\"800\" height=\"800\" srcset=\"https:\/\/rmvapesale.com\/wp-content\/uploads\/2025\/01\/Bang-King-Vape-35000-Puffs-Disposable-Vapes-Bulk-Buy.webp 800w, https:\/\/rmvapesale.com\/wp-content\/uploads\/2025\/01\/Bang-King-Vape-35000-Puffs-Disposable-Vapes-Bulk-Buy-300x300.webp 300w, https:\/\/rmvapesale.com\/wp-content\/uploads\/2025\/01\/Bang-King-Vape-35000-Puffs-Disposable-Vapes-Bulk-Buy-150x150.webp 150w, https:\/\/rmvapesale.com\/wp-content\/uploads\/2025\/01\/Bang-King-Vape-35000-Puffs-Disposable-Vapes-Bulk-Buy-768x768.webp 768w, https:\/\/rmvapesale.com\/wp-content\/uploads\/2025\/01\/Bang-King-Vape-35000-Puffs-Disposable-Vapes-Bulk-Buy-600x600.webp 600w, https:\/\/rmvapesale.com\/wp-content\/uploads\/2025\/01\/Bang-King-Vape-35000-Puffs-Disposable-Vapes-Bulk-Buy-100x100.webp 100w\" sizes=\"auto, (max-width: 800px) 100vw, 800px\" \/><figcaption id=\"caption-attachment-2996\" class=\"wp-caption-text\">Bang King Vape 35000 Bouff\u00e9es Vapotages Jetables Achat en gros<\/figcaption><\/figure>\n<h3><strong style=\"font-size: 1.7em\">Saveur la plus vendue pour Bang King 35000 Bouff\u00e9es<\/strong><strong style=\"font-size: 1.7em\">\u00a0Vapoteuse<\/strong><\/h3>\n<p>L' <strong>Bang King 35000 Bouff\u00e9es Vape Jetable Rechargeable<\/strong> offre une <strong>exp\u00e9rience de vapotage haut de gamme<\/strong> \u00e0 <strong>technologie intelligente<\/strong>, en faisant un choix privil\u00e9gi\u00e9 aussi bien pour un usage personnel que pour la distribution en gros. Commandez d\u00e8s maintenant et profitez du summum du vapotage jetable !<\/p>\n<ol>\n<li>Fraise Mangue<\/li>\n<li>Love66<\/li>\n<li>Blue Razz Ice<\/li>\n<li>Fraise Past\u00e8que<\/li>\n<li>Citron Menthe<\/li>\n<li>Double Pomme<\/li>\n<li>Boisson \u00c9nerg\u00e9tique<\/li>\n<li>P\u00eache Glac\u00e9e<\/li>\n<li>Fraise Kiwi<\/li>\n<li>Glace au raisin<\/li>\n<li>Blueberry Ice<\/li>\n<li>Past\u00e8que<\/li>\n<\/ol>\n<h3><strong>Pourquoi choisir Rmvapesale pour Bang King 35000 Puff\u00a0 <\/strong><strong>V<\/strong><strong>jetables<\/strong><strong>?<\/strong><\/h3>\n<div class=\"flex-shrink-0 flex flex-col relative items-end\">\n<div class=\"pt-0\">\n<div class=\"gizmo-bot-avatar flex h-8 w-8 items-center justify-center overflow-hidden rounded-full\">\n<p>Alors que la concurrence sur le march\u00e9 des e-cigarettes jetables s'intensifie, Rmvapesale, un leader mondial des solutions de vape jetables en gros, a lanc\u00e9 le Vapsolo DG 18000 Puffs Disposable Vape. Ce produit pr\u00e9curseur attire l'attention par son esth\u00e9tique unique et son design \u00e0 la mode. Proposant un large \u00e9ventail d'options de saveurs fruit\u00e9es, il r\u00e9pond \u00e0 un large \u00e9ventail de go\u00fbts des consommateurs tout en mettant l'accent sur l'innovation et la polyvalence.<\/p>\n<p class=\"relative p-1 rounded-sm flex items-center justify-center bg-token-main-surface-primary text-token-text-primary h-8 w-8\">Rmvapesale est votre boutique de vape de confiance pour les vapes jetables haut de gamme. Avec plus de 5 ans d'exp\u00e9rience, nous vous proposons des marques de vapes jetables populaires telles que Al Fakher, JNR Vape, Vapsolo Vape, Vapme Vape, <a href=\"https:\/\/rmvapesale.com\/fr\/product-category\/bang-vapes\/\">Bang Vape<\/a>, Waspe Vape, WGA Vape et<a href=\"https:\/\/rmvapesale.com\/fr\/product-category\/randm-fumot-vape\/\"> RandM Vape<\/a>. Notre gamme comprend des vapes jetables tr\u00e8s demand\u00e9es comme le <a href=\"https:\/\/rmvapesale.com\/fr\/product\/vopk-tornado-15000-puffs-disposable-vape-led-display\/\">VOPK Tornado 15000 Bouff\u00e9es<\/a> et des choix riches en saveurs comme le<a href=\"https:\/\/rmvapesale.com\/fr\/product\/elf-box-ls15000-puffs-shisha-hookah-disposable-vape\/\"> ELF BOX shisha Hooka 15000 PUFFS<\/a>Chaque produit est s\u00e9lectionn\u00e9 avec un accent sur la qualit\u00e9, la valeur et la vari\u00e9t\u00e9, vous assurant de trouver la correspondance parfaite pour vos besoins. D\u00e9couvrez un service exceptionnel et une large gamme de produits de premier plan chez Rmvapesale.<\/p>\n<p class=\"relative p-1 rounded-sm flex items-center justify-center bg-token-main-surface-primary text-token-text-primary h-8 w-8\"><b style=\"font-size: 1.5em;font-style: inherit\">FAQ pour Bang King 35000 Puffs <\/b><b style=\"font-size: 1.5em;font-style: inherit\">Vape jetable rechargeable<\/b><\/p>\n<ol>\n<li><strong>O\u00f9 puis-je acheter la cigarette \u00e9lectronique jetable Bang King 35000 Puffs \u00e0 prix de gros ?<\/strong>\n<ul>\n<li>Vous pouvez obtenir les meilleurs prix directement en usine sur <a href=\"https:\/\/rmvapesale.com\/fr\/\" target=\"_new\" rel=\"noopener\">Rmvapesale<\/a>, votre source de confiance pour les vapes jetables en gros.<\/li>\n<\/ul>\n<\/li>\n<li><strong>Le Bang King 35000 vape est-il rechargeable ?<\/strong>\n<ul>\n<li>Oui, il est \u00e9quip\u00e9 d'une batterie rechargeable de 850mAh et supporte la charge rapide Type-C.<\/li>\n<\/ul>\n<\/li>\n<li><strong>Quelles sont les puissances de nicotine disponibles ?<\/strong>\n<ul>\n<li>Cette cigarette \u00e9lectronique est disponible en niveaux de nicotine 0%, 2%, 3% et 5% pour r\u00e9pondre \u00e0 diff\u00e9rentes pr\u00e9f\u00e9rences.<\/li>\n<\/ul>\n<\/li>\n<li><strong>Comment fonctionne l'affichage sur l'\u00e9cran intelligent?<\/strong>\n<ul>\n<li>L'\u00e9cran fournit des informations en temps r\u00e9el sur la dur\u00e9e de vie de la batterie et le niveau de e-liquide, vous assurant de toujours \u00eatre inform\u00e9.<\/li>\n<\/ul>\n<\/li>\n<li><strong>Le Bang King 35K offre-t-il un flux d'air r\u00e9glable ?<\/strong>\n<ul>\n<li>Oui, la fonction de flux d'air r\u00e9glable vous permet de personnaliser votre style de vapotage pour une aspiration plus serr\u00e9e ou plus l\u00e2che.<\/li>\n<\/ul>\n<\/li>\n<\/ol>\n<\/div>\n<\/div>\n<\/div>\n<h2>Comment commander?<\/h2>\n<div class=\"flex-shrink-0 flex flex-col relative items-end\">\n<div class=\"pt-0\">\n<div class=\"gizmo-bot-avatar flex h-8 w-8 items-center justify-center overflow-hidden rounded-full\">\n<div>\n<p><strong>1. Quels modes de paiement acceptez-vous?<\/strong><br \/>\n<span class=\"selectable-text copyable-text false\">Pour le paiement, nous acceptons le virement bancaire et Western Union. La plupart de nos clients en France choisissent le virement bancaire. Nous avons un compte bancaire local sur lequel vous pouvez payer sur notre compte IBAN sans frais de gestion. <\/span>.<\/p>\n<p><strong>2. Comment puis-je suivre ma commande?<\/strong><br \/>\nUne fois le colis exp\u00e9di\u00e9, <span class=\"selectable-text copyable-text false\">nous vous fournirons un num\u00e9ro de suivi pour r\u00e9f\u00e9rence, et nous continuerons de mettre \u00e0 jour le statut jusqu'\u00e0 ce que vous receviez la marchandise.<\/span>.<\/p>\n<p><strong>3. Combien de temps faut-il pour que la commande arrive?<\/strong><\/p>\n<ul>\n<li>Exp\u00e9dition depuis les entrep\u00f4ts en <strong>Chine<\/strong> prend environ <strong>7-14 jours ouvrables<\/strong>.<\/li>\n<li>Exp\u00e9dition depuis les entrep\u00f4ts en <strong>Entrep\u00f4ts europ\u00e9ens<\/strong> prend g\u00e9n\u00e9ralement <strong>3-6 jours ouvrables<\/strong>.<\/li>\n<\/ul>\n<p><strong>4. Comment puis-je obtenir une livraison plus rapide?<\/strong><br \/>\nPour une livraison plus rapide, nous vous recommandons de commander depuis notre <strong>entrep\u00f4t europ\u00e9en<\/strong>, qui offre des d\u00e9lais d'exp\u00e9dition plus courts.<\/p>\n<p><strong>5. Que faire si je re\u00e7ois un produit endommag\u00e9 ou d\u00e9fectueux ?<\/strong><br \/>\nSi votre article est endommag\u00e9 ou d\u00e9fectueux, contactez le service client pour un <strong>remplacement ou un remboursement<\/strong>.<\/p>\n<p><strong>6. Comment puis-je contacter le service client ?<\/strong><br \/>\nVous pouvez nous joindre via<strong>\u00a0WhatsApp, ou le chat en direct<\/strong> sur notre site web pour toute assistance.<\/p>\n<\/div>\n<div class=\"relative p-1 rounded-sm flex items-center justify-center bg-token-main-surface-primary text-token-text-primary h-8 w-8\"><strong>7. Quels modes de livraison sont utilis\u00e9s ?<\/strong><\/div>\n<\/div>\n<\/div>\n<\/div>\n<div class=\"group\/conversation-turn relative flex w-full min-w-0 flex-col agent-turn\">\n<div class=\"flex-col gap-1 md:gap-3\">\n<div class=\"flex max-w-full flex-col flex-grow\">\n<div class=\"min-h-[20px] text-message flex w-full flex-col items-end gap-2 whitespace-normal break-words [.text-message+&amp;]:mt-5 overflow-x-auto\" dir=\"auto\" data-message-author-role=\"assistant\" data-message-id=\"22f8283b-3233-46ff-89a5-c7a41b33abda\">\n<div class=\"flex w-full flex-col gap-1 empty:hidden first:pt-[3px]\">\n<div class=\"markdown prose w-full break-words dark:prose-invert light\">\n<p>Nous travaillons en partenariat avec UPS, DHL, FedEx, DPD et d'autres transporteurs de premier plan. Nous s\u00e9lectionnerons la meilleure m\u00e9thode d'exp\u00e9dition en fonction de votre lieu de livraison pour que vous receviez vos produits le plus rapidement possible.<\/p>\n<\/div>\n<\/div>\n<\/div>\n<\/div>\n<\/div>\n<\/div>\n<p>Trouvez plus de produits de vape que vous pourriez aimer :<strong><em><a href=\"https:\/\/rmvapesale.com\/fr\/shop-2\/\">Achetez maintenant &gt;&gt;&gt;<\/a><\/em><\/strong><\/p>","protected":false},"excerpt":{"rendered":"<p>Bang King 35000 Puff Bar Jetable Rechargeable Vape Pas Cher<br \/>\nBang King 35k Puff Stylo Vape Jetable Populaire Achat en Gros<br \/>\nBangKing 35000 Puff \u00c9cran LED Affichage Intelligent Vape Jetable Vente en Gros<\/p>\n<p><strong>Contactez Amy pour obtenir la bonne r\u00e9ponse et un coupon de vape !<\/strong><\/p>\n<p><img loading=\"lazy\" decoding=\"async\" class=\"size-full wp-image-2375\" src=\"https:\/\/rmvapesale.com\/wp-content\/uploads\/2024\/10\/image.png\" alt=\"Meilleure vape jetable\" width=\"229\" height=\"300\" \/><\/p>\n<h3><a href=\"https:\/\/wa.me\/8617776015835\"><span style=\"color: #ff0000\"><strong>WhatsApp: +86 17776015835<\/strong><\/span><\/a><\/h3>\n<p>&nbsp;<\/p>","protected":false},"featured_media":2995,"comment_status":"open","ping_status":"closed","template":"","meta":{"_uag_custom_page_level_css":"","_lmt_disableupdate":"no","_lmt_disable":"","site-sidebar-layout":"default","site-content-layout":"content-boxed-container","ast-site-content-layout":"normal-width-container","site-content-style":"boxed","site-sidebar-style":"unboxed","ast-global-header-display":"","ast-banner-title-visibility":"","ast-main-header-display":"","ast-hfb-above-header-display":"","ast-hfb-below-header-display":"","ast-hfb-mobile-header-display":"","site-post-title":"","ast-breadcrumbs-content":"","ast-featured-img":"","footer-sml-layout":"","theme-transparent-header-meta":"default","adv-header-id-meta":"","stick-header-meta":"","header-above-stick-meta":"","header-main-stick-meta":"","header-below-stick-meta":"","astra-migrate-meta-layouts":"set","ast-page-background-enabled":"default","ast-page-background-meta":{"desktop":{"background-color":"var(--ast-global-color-4)","background-image":"","background-repeat":"repeat","background-position":"center center","background-size":"auto","background-attachment":"scroll","background-type":"","background-media":"","overlay-type":"","overlay-color":"","overlay-opacity":"","overlay-gradient":""},"tablet":{"background-color":"","background-image":"","background-repeat":"repeat","background-position":"center center","background-size":"auto","background-attachment":"scroll","background-type":"","background-media":"","overlay-type":"","overlay-color":"","overlay-opacity":"","overlay-gradient":""},"mobile":{"background-color":"","background-image":"","background-repeat":"repeat","background-position":"center center","background-size":"auto","background-attachment":"scroll","background-type":"","background-media":"","overlay-type":"","overlay-color":"","overlay-opacity":"","overlay-gradient":""}},"ast-content-background-meta":{"desktop":{"background-color":"var(--ast-global-color-5)","background-image":"","background-repeat":"repeat","background-position":"center center","background-size":"auto","background-attachment":"scroll","background-type":"","background-media":"","overlay-type":"","overlay-color":"","overlay-opacity":"","overlay-gradient":""},"tablet":{"background-color":"var(--ast-global-color-5)","background-image":"","background-repeat":"repeat","background-position":"center center","background-size":"auto","background-attachment":"scroll","background-type":"","background-media":"","overlay-type":"","overlay-color":"","overlay-opacity":"","overlay-gradient":""},"mobile":{"background-color":"var(--ast-global-color-5)","background-image":"","background-repeat":"repeat","background-position":"center center","background-size":"auto","background-attachment":"scroll","background-type":"","background-media":"","overlay-type":"","overlay-color":"","overlay-opacity":"","overlay-gradient":""}},"_joinchat":[]},"product_brand":[],"product_cat":[15,289,291,292,293,295,299,279,246,25,123,26,28,135,27,60,137,136,30],"product_tag":[308,76,199,146,64,40,111,306],"class_list":{"0":"post-3015","1":"product","2":"type-product","3":"status-publish","4":"has-post-thumbnail","6":"product_cat-new-vape-this-week","7":"product_cat-big-puffs-disposable-vapes","8":"product_cat-dual-mesh-disposable-vapes","9":"product_cat-digital-disposable-vapes","10":"product_cat-low-nicotine-disposable-vapes","11":"product_cat-rechargeable-disposable-vapes","12":"product_cat-smart-screen-disposable-vapes","13":"product_cat-bang-king-vape","14":"product_cat-35000-puffs-disposable-vape","15":"product_cat-germany-best-selling-vape","16":"product_cat-italy-wholesale-vape","17":"product_cat-netherlands-hot-sale-vape","18":"product_cat-poland-hot-sale-vape","19":"product_cat-spain-best-hot-sale-vape","20":"product_cat-fance-hot-sale-vape","21":"product_cat-bang-vapes","22":"product_cat-rechargeable-vapes","23":"product_cat-smart-screen-vapes","24":"product_cat-minimum-order-quantity-50pcs","25":"product_tag-bang-king-35000","26":"product_tag-bang-king-vape","27":"product_tag-bang-vape","28":"product_tag-best-hot-sale-vape","29":"product_tag-dual-flavour-vape","30":"product_tag-hot-sale-vape","31":"product_tag-low-nicotine-disposable-vape","32":"product_tag-puff-bar","33":"desktop-align-left","34":"tablet-align-left","35":"mobile-align-left","37":"first","38":"instock","39":"sale","40":"shipping-taxable","41":"purchasable","42":"product-type-simple"},"uagb_featured_image_src":{"full":["https:\/\/rmvapesale.com\/wp-content\/uploads\/2025\/01\/Bang-King-35k-Puffs-Disposable-Vapes-Wholesale.webp",800,800,false],"thumbnail":["https:\/\/rmvapesale.com\/wp-content\/uploads\/2025\/01\/Bang-King-35k-Puffs-Disposable-Vapes-Wholesale-150x150.webp",150,150,true],"medium":["https:\/\/rmvapesale.com\/wp-content\/uploads\/2025\/01\/Bang-King-35k-Puffs-Disposable-Vapes-Wholesale-300x300.webp",300,300,true],"medium_large":["https:\/\/rmvapesale.com\/wp-content\/uploads\/2025\/01\/Bang-King-35k-Puffs-Disposable-Vapes-Wholesale-768x768.webp",768,768,true],"large":["https:\/\/rmvapesale.com\/wp-content\/uploads\/2025\/01\/Bang-King-35k-Puffs-Disposable-Vapes-Wholesale.webp",800,800,false],"1536x1536":["https:\/\/rmvapesale.com\/wp-content\/uploads\/2025\/01\/Bang-King-35k-Puffs-Disposable-Vapes-Wholesale.webp",800,800,false],"2048x2048":["https:\/\/rmvapesale.com\/wp-content\/uploads\/2025\/01\/Bang-King-35k-Puffs-Disposable-Vapes-Wholesale.webp",800,800,false],"trp-custom-language-flag":["https:\/\/rmvapesale.com\/wp-content\/uploads\/2025\/01\/Bang-King-35k-Puffs-Disposable-Vapes-Wholesale.webp",12,12,false],"woocommerce_thumbnail":["https:\/\/rmvapesale.com\/wp-content\/uploads\/2025\/01\/Bang-King-35k-Puffs-Disposable-Vapes-Wholesale-300x300.webp",300,300,true],"woocommerce_single":["https:\/\/rmvapesale.com\/wp-content\/uploads\/2025\/01\/Bang-King-35k-Puffs-Disposable-Vapes-Wholesale-600x600.webp",600,600,true],"woocommerce_gallery_thumbnail":["https:\/\/rmvapesale.com\/wp-content\/uploads\/2025\/01\/Bang-King-35k-Puffs-Disposable-Vapes-Wholesale-100x100.webp",100,100,true],"wcpr-photo-reviews":["https:\/\/rmvapesale.com\/wp-content\/uploads\/2025\/01\/Bang-King-35k-Puffs-Disposable-Vapes-Wholesale.webp",500,500,false]},"uagb_author_info":{"display_name":"AMY","author_link":"https:\/\/rmvapesale.com\/fr\/author\/"},"uagb_comment_info":0,"uagb_excerpt":"Bang King 35000 Puff\u00a0 Bar Rechargeable Disposable Vape Cheap Price Bang King 35k Puff Popular Disposable Vape Pen Bulk Buy BangKing 35000 Puff LED Display Smart Screen Disposable Vape Wholesale Contact Amy to get right reply and vape coupon! WhatsApp: +86 17776015835 &nbsp;","_links":{"self":[{"href":"https:\/\/rmvapesale.com\/fr\/wp-json\/wp\/v2\/product\/3015","targetHints":{"allow":["GET"]}}],"collection":[{"href":"https:\/\/rmvapesale.com\/fr\/wp-json\/wp\/v2\/product"}],"about":[{"href":"https:\/\/rmvapesale.com\/fr\/wp-json\/wp\/v2\/types\/product"}],"replies":[{"embeddable":true,"href":"https:\/\/rmvapesale.com\/fr\/wp-json\/wp\/v2\/comments?post=3015"}],"wp:featuredmedia":[{"embeddable":true,"href":"https:\/\/rmvapesale.com\/fr\/wp-json\/wp\/v2\/media\/2995"}],"wp:attachment":[{"href":"https:\/\/rmvapesale.com\/fr\/wp-json\/wp\/v2\/media?parent=3015"}],"wp:term":[{"taxonomy":"product_brand","embeddable":true,"href":"https:\/\/rmvapesale.com\/fr\/wp-json\/wp\/v2\/product_brand?post=3015"},{"taxonomy":"product_cat","embeddable":true,"href":"https:\/\/rmvapesale.com\/fr\/wp-json\/wp\/v2\/product_cat?post=3015"},{"taxonomy":"product_tag","embeddable":true,"href":"https:\/\/rmvapesale.com\/fr\/wp-json\/wp\/v2\/product_tag?post=3015"}],"curies":[{"name":"wp","href":"https:\/\/api.w.org\/{rel}","templated":true}]}}