{"id":3017,"date":"2025-02-04T08:19:58","date_gmt":"2025-02-04T08:19:58","guid":{"rendered":"https:\/\/rmvapesale.com\/?post_type=product&#038;p=3017"},"modified":"2025-08-21T11:39:48","modified_gmt":"2025-08-21T11:39:48","slug":"uwin-crystal-35000-smart-screen-disposable-vape-puff-35k-rechargeable-disposable-vape-pen-bulk-buy","status":"publish","type":"product","link":"https:\/\/rmvapesale.com\/fr\/product\/uwin-crystal-35000-smart-screen-disposable-vape-puff-35k-rechargeable-disposable-vape-pen-bulk-buy\/","title":{"rendered":"Uwin 35000 Vape jetable \u00e0 \u00e9cran intelligent 35k bouff\u00e9es Rechargeable jetable Vape Pen Achat en gros"},"content":{"rendered":"<div class=\"B2VR9 CJHX3e\">\n<div class=\"wyccme\">\n<div class=\"flex-shrink-0 flex flex-col relative items-end\">\n<div class=\"pt-0\">\n<div class=\"gizmo-bot-avatar flex h-8 w-8 items-center justify-center overflow-hidden rounded-full\">\n<div class=\"relative p-1 rounded-sm flex items-center justify-center bg-token-main-surface-primary text-token-text-primary h-8 w-8\">\n<div class=\"flex-shrink-0 flex flex-col relative items-end\">\n<div class=\"pt-0\">\n<div class=\"gizmo-bot-avatar flex h-8 w-8 items-center justify-center overflow-hidden rounded-full\">\n<div class=\"flex-shrink-0 flex flex-col relative items-end\">\n<div class=\"pt-0\">\n<div class=\"gizmo-bot-avatar flex h-8 w-8 items-center justify-center overflow-hidden rounded-full\">\n<h1 class=\"relative p-1 rounded-sm flex items-center justify-center bg-token-main-surface-primary text-token-text-primary h-8 w-8\">Uwin 35000 Vape jetable \u00e0 \u00e9cran intelligent 35k bouff\u00e9es Rechargeable jetable Vape Pen Achat en gros<\/h1>\n<\/div>\n<\/div>\n<\/div>\n<\/div>\n<\/div>\n<\/div>\n<\/div>\n<\/div>\n<\/div>\n<\/div>\n<div class=\"group\/conversation-turn relative flex w-full min-w-0 flex-col agent-turn\">\n<div class=\"flex-col gap-1 md:gap-3\">\n<div class=\"flex max-w-full flex-col flex-grow\">\n<div class=\"min-h-8 text-message flex w-full flex-col items-end gap-2 whitespace-normal break-words text-start [.text-message+&amp;]:mt-5\" dir=\"auto\" data-message-author-role=\"assistant\" data-message-id=\"80ece0c4-ead1-4ed9-a9f0-ddc22582b4f4\" data-message-model-slug=\"gpt-4o\">\n<p>L' <strong>Vape jetable avec \u00e9cran intelligent Uwin Crystal 35000<\/strong>, un v\u00e9ritable tournant dans le monde des <strong>vapes jetables rechargeables<\/strong>. Avec une incroyable capacit\u00e9 de <strong>35 000 bouff\u00e9es<\/strong>, cet appareil est con\u00e7u pour les vapoteurs qui recherchent des <strong>performances durables, un flux d'air personnalisable et un \u00e9clairage RVB vibrant qui bat au rythme de la musique<\/strong>, ajoutant une touche d'excitation \u00e0 chaque s\u00e9ance de vapotage.<\/p>\n<p>Pr\u00e9-rempli avec votre e-liquide pr\u00e9f\u00e9r\u00e9, le Uwin Crystal propose <strong>16 saveurs uniques<\/strong>, garantissant qu'il y en a pour tous les go\u00fbts. Que vous pr\u00e9f\u00e9riez une exp\u00e9rience <strong>vape \u00e0 faible teneur en nicotine<\/strong> ou une exp\u00e9rience plus intense, ce vape pen est disponible en <strong>des taux de nicotine de 0%, 2%, 3% et 5%<\/strong>, le rendant parfait pour toutes les pr\u00e9f\u00e9rences.<\/p>\n<p>L' <strong>l'\u00e9cran intelligent<\/strong> vous permet de surveiller facilement la dur\u00e9e de vie de votre batterie et le nombre de bouff\u00e9es, vous assurant d'avoir toujours le contr\u00f4le. Aliment\u00e9 par une <strong>batterie rechargeable au cobalt de 650mAh<\/strong>, l'appareil prend en charge <strong>charge rapide Type-C<\/strong>, ce qui vous permet de vous recharger rapidement et de continuer \u00e0 vapoter.<\/p>\n<p>Con\u00e7u avec une <strong>R\u00e9sistance mesh de 1.0\u03a9<\/strong>, le Uwin Crystal offre une vapeur douce et constante avec une saveur riche \u00e0 chaque bouff\u00e9e. La fonction <strong>d\u00e9bit d'air r\u00e9glable<\/strong> vous permet de personnaliser votre inhalation pour un tirage plus serr\u00e9 ou plus l\u00e2che, offrant une flexibilit\u00e9 pour les vapoteurs MTL et DTL.<\/p>\n<p>Parfait pour les <strong>acheteurs de vapes jetables en gros<\/strong>, chaque carton contient <strong>160 pi\u00e8ces<\/strong>, avec un poids total de <strong>21 kg<\/strong>, ce qui en fait une solution rentable pour les d\u00e9taillants cherchant \u00e0 <strong>acheter des vapes jetables en gros \u00e0 des prix de gros<\/strong>.<\/p>\n<\/div>\n<\/div>\n<\/div>\n<\/div>\n<div class=\"flex-shrink-0 flex flex-col relative items-end\">\n<div class=\"pt-0\">\n<div class=\"gizmo-bot-avatar flex h-8 w-8 items-center justify-center overflow-hidden rounded-full\">\n<p>&nbsp;<\/p>\n<\/div>\n<\/div>\n<\/div>\n<\/div>\n<\/div>\n<p><strong>Contactez Amy pour obtenir la bonne r\u00e9ponse et un coupon de vape !<\/strong><\/p>\n<p><img loading=\"lazy\" decoding=\"async\" class=\"size-full wp-image-1978\" src=\"https:\/\/rmvapesale.com\/wp-content\/uploads\/2024\/09\/Disposable-Vape-Wholesale.jpg\" alt=\"Vente en gros de vapes jetables\" width=\"229\" height=\"300\" \/><\/p>\n<h3><a href=\"https:\/\/wa.me\/8617776015835\" target=\"_blank\" rel=\"noopener\"><span style=\"color: #ff0000\"><strong>WhatsApp: +86 17776015835<\/strong><\/span><\/a><\/h3>\n<h3><\/h3>\n<h3><strong style=\"font-size: 1.7em\">Caract\u00e9ristiques cl\u00e9s du Uwin 35000 Puffs<\/strong><\/h3>\n<ul>\n<li><strong>Capacit\u00e9 de 35 000 bouff\u00e9es :<\/strong> Profitez de sessions de vapotage prolong\u00e9es sans interruption.<\/li>\n<li><strong>Concentrations de nicotine :<\/strong> Disponible en 0 %, 2 %, 3 % et 5 % pour correspondre \u00e0 vos pr\u00e9f\u00e9rences de vapotage.<\/li>\n<li><strong>Batterie rechargeable de 650 mAh :<\/strong> Batterie au cobalt avec charge rapide de type C pour une alimentation longue dur\u00e9e.<\/li>\n<li><strong>\u00c9cran intelligent :<\/strong> Suivez facilement les niveaux de batterie et le nombre de bouff\u00e9es.<\/li>\n<li><strong>16 saveurs disponibles :<\/strong> Une grande vari\u00e9t\u00e9 de saveurs pour tous les go\u00fbts.<\/li>\n<li><strong>R\u00e9sistance Mesh 1.0\u03a9 :<\/strong> Assure une production de vapeur douce et une saveur constante.<\/li>\n<li><strong>Contr\u00f4le du flux d'air r\u00e9glable :<\/strong> Personnalisez votre exp\u00e9rience de vapotage en toute simplicit\u00e9.<\/li>\n<li><strong>Lumi\u00e8res RVB synchronis\u00e9es avec la musique :<\/strong> L'\u00e9clairage dynamique am\u00e9liore votre style de vapotage.<\/li>\n<li><strong>Option d'achat en gros :<\/strong> 160 pi\u00e8ces par carton, id\u00e9al pour les acheteurs en gros.<\/li>\n<\/ul>\n<figure id=\"attachment_3002\" aria-describedby=\"caption-attachment-3002\" style=\"width: 1024px\" class=\"wp-caption alignnone\"><img loading=\"lazy\" decoding=\"async\" class=\"wp-image-3002 size-large\" src=\"https:\/\/rmvapesale.com\/wp-content\/uploads\/2025\/01\/Tornado-Vape-35000-Puffs-Disposable-Vape-1024x1024.jpg\" alt=\"Vape Tornado 35000 Bouff\u00e9es Jetable\" width=\"1024\" height=\"1024\" srcset=\"https:\/\/rmvapesale.com\/wp-content\/uploads\/2025\/01\/Tornado-Vape-35000-Puffs-Disposable-Vape-1024x1024.jpg 1024w, https:\/\/rmvapesale.com\/wp-content\/uploads\/2025\/01\/Tornado-Vape-35000-Puffs-Disposable-Vape-300x300.jpg 300w, https:\/\/rmvapesale.com\/wp-content\/uploads\/2025\/01\/Tornado-Vape-35000-Puffs-Disposable-Vape-150x150.jpg 150w, https:\/\/rmvapesale.com\/wp-content\/uploads\/2025\/01\/Tornado-Vape-35000-Puffs-Disposable-Vape-768x768.jpg 768w, https:\/\/rmvapesale.com\/wp-content\/uploads\/2025\/01\/Tornado-Vape-35000-Puffs-Disposable-Vape-600x600.jpg 600w, https:\/\/rmvapesale.com\/wp-content\/uploads\/2025\/01\/Tornado-Vape-35000-Puffs-Disposable-Vape-100x100.jpg 100w, https:\/\/rmvapesale.com\/wp-content\/uploads\/2025\/01\/Tornado-Vape-35000-Puffs-Disposable-Vape.jpg 1126w\" sizes=\"auto, (max-width: 1024px) 100vw, 1024px\" \/><figcaption id=\"caption-attachment-3002\" class=\"wp-caption-text\">Vape Tornado 35000 Bouff\u00e9es Jetable<\/figcaption><\/figure>\n<h3><strong style=\"font-size: 1.7em\">Meilleure vente de saveurs pour Uwin 35000 Bouff\u00e9es<\/strong><strong style=\"font-size: 1.7em\">\u00a0Vapoteuse<\/strong><\/h3>\n<p>1.Myrtille Framboise <span style=\"color: #ff0000\"><strong>&gt;&gt;&gt; Chaud !<\/strong><\/span><br \/>\n2.Glac\u00e9e au raisin<br \/>\n3. Fraise Past\u00e8que <span style=\"color: #ff0000\"><strong>&gt;&gt;&gt; Chaud !<\/strong><\/span><br \/>\n4.Myrtille glac\u00e9e<br \/>\n5.Past\u00e8que glac\u00e9e<br \/>\n6.Cerise glac\u00e9e<br \/>\n7.Fraise Framboise Cerise Glac\u00e9e <span style=\"color: #ff0000\"><strong>&gt;&gt;&gt; Chaud !<\/strong><\/span><br \/>\n8.Kiwi Fruit de la Passion Goyave<br \/>\n9. Fraise glac\u00e9e<br \/>\n10.P\u00eache Mangue Ananas<br \/>\n11.Myrtille Cerise Canneberge <span style=\"color: #ff0000\"><strong>&gt;&gt;&gt; Chaud !<\/strong><\/span><br \/>\n12.P\u00eache Baies<br \/>\n13.Cerise Cola<br \/>\n14.Fruits rouges <span style=\"color: #ff0000\"><strong>&gt;&gt;&gt; Meilleur !<\/strong><\/span><br \/>\n15.Mr Bleu <span style=\"color: #ff0000\"><strong>&gt;&gt;&gt; Chaud !<\/strong><\/span><br \/>\n16.P\u00eache d'\u00e9t\u00e9 glac\u00e9e<\/p>\n<p>L' <strong>Vape jetable avec \u00e9cran intelligent Uwin Crystal 35000<\/strong> est un excellent choix pour les vapoteurs qui exigent <strong>haute performance, des saveurs riches et des fonctionnalit\u00e9s avanc\u00e9es<\/strong>. Que vous achetiez pour vous-m\u00eame ou que vous cherchiez \u00e0 <strong>acheter en gros<\/strong>, cette vape offre une valeur exceptionnelle \u00e0 un prix imbattable. Commandez la v\u00f4tre d\u00e8s aujourd'hui et profitez de l'exp\u00e9rience de vapotage ultimeUwin 35000 \u00c9cran intelligent Vape Jetable Bouff\u00e9es 35k Stylo Vape Jetable Rechargeable Achat en gros<\/p>\n<h3><strong>Pourquoi choisir Rmvapesale pour Uwin 35000 Bouff\u00e9es\u00a0 <\/strong><strong>V<\/strong><strong>jetables<\/strong><strong>?<\/strong><\/h3>\n<div class=\"flex-shrink-0 flex flex-col relative items-end\">\n<div class=\"pt-0\">\n<div class=\"gizmo-bot-avatar flex h-8 w-8 items-center justify-center overflow-hidden rounded-full\">\n<p>Alors que la concurrence sur le march\u00e9 des e-cigarettes jetables s'intensifie, Rmvapesale, un leader mondial des solutions de vape jetables en gros, a lanc\u00e9 le Vapsolo DG 18000 Puffs Disposable Vape. Ce produit pr\u00e9curseur attire l'attention par son esth\u00e9tique unique et son design \u00e0 la mode. Proposant un large \u00e9ventail d'options de saveurs fruit\u00e9es, il r\u00e9pond \u00e0 un large \u00e9ventail de go\u00fbts des consommateurs tout en mettant l'accent sur l'innovation et la polyvalence.<\/p>\n<p class=\"relative p-1 rounded-sm flex items-center justify-center bg-token-main-surface-primary text-token-text-primary h-8 w-8\">Rmvapesale est votre boutique de vape de confiance pour les vapes jetables haut de gamme. Avec plus de 5 ans d'exp\u00e9rience, nous vous proposons des marques de vapes jetables populaires telles que Al Fakher, JNR Vape, Vapsolo Vape, Vapme Vape, <a href=\"https:\/\/rmvapesale.com\/fr\/product-category\/bang-vapes\/\">Bang Vape<\/a>, Waspe Vape, WGA Vape et<a href=\"https:\/\/rmvapesale.com\/fr\/product-category\/randm-fumot-vape\/\"> RandM Vape<\/a>. Notre gamme comprend des vapes jetables tr\u00e8s demand\u00e9es comme le <a href=\"https:\/\/rmvapesale.com\/fr\/product\/vozol-gear-power-20000-puff-disposable-vape\/\">Vozol Gear 20000 bouff\u00e9es<\/a> et des choix riches en saveurs comme le<a href=\"https:\/\/rmvapesale.com\/fr\/product\/elf-box-shisha-16000-puffs-led-display-disposable-vape\/\"> ELF BOX chicha Hooka 16000 bouff\u00e9es<\/a>Chaque produit est s\u00e9lectionn\u00e9 avec un accent sur la qualit\u00e9, la valeur et la vari\u00e9t\u00e9, vous assurant de trouver la correspondance parfaite pour vos besoins. D\u00e9couvrez un service exceptionnel et une large gamme de produits de premier plan chez Rmvapesale.<\/p>\n<p class=\"relative p-1 rounded-sm flex items-center justify-center bg-token-main-surface-primary text-token-text-primary h-8 w-8\"><b style=\"font-size: 1.5em;font-style: inherit\">FAQ pour Uwin 35000 <\/b><b style=\"font-size: 1.5em;font-style: inherit\">Vape jetable rechargeable<\/b><\/p>\n<ol>\n<li><strong>O\u00f9 puis-je acheter le vape jetable Uwin Crystal 35000 \u00e0 des prix de gros?<\/strong>\n<ul>\n<li>Vous pouvez l'acheter aux prix d'usine aupr\u00e8s de <a href=\"https:\/\/rmvapesale.com\/fr\/\" target=\"_new\" rel=\"noopener\">Rmvapesale<\/a>, votre source de confiance pour les vapes jetables en gros.<\/li>\n<\/ul>\n<\/li>\n<li><strong>La vape Uwin Crystal 35000 est-elle rechargeable?<\/strong>\n<ul>\n<li>Oui, il dispose d'une batterie rechargeable au cobalt de 650 mAh avec un port de charge de Type-C pour une recharge rapide.<\/li>\n<\/ul>\n<\/li>\n<li><strong>Quelles concentrations de nicotine sont disponibles pour cette vape?<\/strong>\n<ul>\n<li>Le Uwin Crystal est disponible en quatre concentrations de nicotine : 0 %, 2 %, 3 % et 5 %, r\u00e9pondant \u00e0 diverses pr\u00e9f\u00e9rences de vapotage.<\/li>\n<\/ul>\n<\/li>\n<li><strong>Comment fonctionne l'affichage sur l'\u00e9cran intelligent?<\/strong>\n<ul>\n<li>L'\u00e9cran fournit des mises \u00e0 jour en temps r\u00e9el sur le nombre de bouff\u00e9es et l'\u00e9tat de la batterie, vous assurant d'\u00eatre toujours inform\u00e9.<\/li>\n<\/ul>\n<\/li>\n<li><strong>Le Uwin Crystal dispose-t-il d'un flux d'air r\u00e9glable?<\/strong>\n<ul>\n<li>Oui, il comprend un syst\u00e8me de flux d'air r\u00e9glable pour personnaliser votre style de vapotage pour une aspiration parfaite.<\/li>\n<\/ul>\n<\/li>\n<\/ol>\n<\/div>\n<\/div>\n<\/div>\n<h2>Comment commander?<\/h2>\n<div class=\"flex-shrink-0 flex flex-col relative items-end\">\n<div class=\"pt-0\">\n<div class=\"gizmo-bot-avatar flex h-8 w-8 items-center justify-center overflow-hidden rounded-full\">\n<div>\n<p><strong>1. Quels modes de paiement acceptez-vous?<\/strong><br \/>\n<span class=\"selectable-text copyable-text false\">Pour le paiement, nous acceptons le virement bancaire et Western Union. La plupart de nos clients en France choisissent le virement bancaire. Nous avons un compte bancaire local sur lequel vous pouvez payer sur notre compte IBAN sans frais de gestion. <\/span>.<\/p>\n<p><strong>2. Comment puis-je suivre ma commande?<\/strong><br \/>\nUne fois le colis exp\u00e9di\u00e9, <span class=\"selectable-text copyable-text false\">nous vous fournirons un num\u00e9ro de suivi pour r\u00e9f\u00e9rence, et nous continuerons de mettre \u00e0 jour le statut jusqu'\u00e0 ce que vous receviez la marchandise.<\/span>.<\/p>\n<p><strong>3. Combien de temps faut-il pour que la commande arrive?<\/strong><\/p>\n<ul>\n<li>Exp\u00e9dition depuis les entrep\u00f4ts en <strong>Chine<\/strong> prend environ <strong>7-14 jours ouvrables<\/strong>.<\/li>\n<li>Exp\u00e9dition depuis les entrep\u00f4ts en <strong>Entrep\u00f4ts europ\u00e9ens<\/strong> prend g\u00e9n\u00e9ralement <strong>3-6 jours ouvrables<\/strong>.<\/li>\n<\/ul>\n<p><strong>4. Comment puis-je obtenir une livraison plus rapide?<\/strong><br \/>\nPour une livraison plus rapide, nous vous recommandons de commander depuis notre <strong>entrep\u00f4t europ\u00e9en<\/strong>, qui offre des d\u00e9lais d'exp\u00e9dition plus courts.<\/p>\n<p><strong>5. Que faire si je re\u00e7ois un produit endommag\u00e9 ou d\u00e9fectueux ?<\/strong><br \/>\nSi votre article est endommag\u00e9 ou d\u00e9fectueux, contactez le service client pour un <strong>remplacement ou un remboursement<\/strong>.<\/p>\n<p><strong>6. Comment puis-je contacter le service client ?<\/strong><br \/>\nVous pouvez nous joindre via<strong>\u00a0WhatsApp, ou le chat en direct<\/strong> sur notre site web pour toute assistance.<\/p>\n<\/div>\n<div class=\"relative p-1 rounded-sm flex items-center justify-center bg-token-main-surface-primary text-token-text-primary h-8 w-8\"><strong>7. Quels modes de livraison sont utilis\u00e9s ?<\/strong><\/div>\n<\/div>\n<\/div>\n<\/div>\n<div class=\"group\/conversation-turn relative flex w-full min-w-0 flex-col agent-turn\">\n<div class=\"flex-col gap-1 md:gap-3\">\n<div class=\"flex max-w-full flex-col flex-grow\">\n<div class=\"min-h-[20px] text-message flex w-full flex-col items-end gap-2 whitespace-normal break-words [.text-message+&amp;]:mt-5 overflow-x-auto\" dir=\"auto\" data-message-author-role=\"assistant\" data-message-id=\"22f8283b-3233-46ff-89a5-c7a41b33abda\">\n<div class=\"flex w-full flex-col gap-1 empty:hidden first:pt-[3px]\">\n<div class=\"markdown prose w-full break-words dark:prose-invert light\">\n<p>Nous travaillons en partenariat avec UPS, DHL, FedEx, DPD et d'autres transporteurs de premier plan. Nous s\u00e9lectionnerons la meilleure m\u00e9thode d'exp\u00e9dition en fonction de votre lieu de livraison pour que vous receviez vos produits le plus rapidement possible.<\/p>\n<\/div>\n<\/div>\n<\/div>\n<\/div>\n<\/div>\n<\/div>\n<p>Trouvez plus de produits de vape que vous pourriez aimer :<strong><em><a href=\"https:\/\/rmvapesale.com\/fr\/shop-2\/\">Achetez maintenant &gt;&gt;&gt;<\/a><\/em><\/strong><\/p>","protected":false},"excerpt":{"rendered":"<p>Vape jetable rechargeable Uwin 35000 bouff\u00e9es avec \u00e9cran intelligent, \u00e0 prix abordable<br \/>\nVape pen jetable populaire Uwin 35000 bouff\u00e9es, achat en gros<br \/>\nMeilleur Uwin 35000 35k bouff\u00e9es, \u00e9cran intelligent LED jetable, vente en gros<\/p>\n<p><strong>Contactez Amy pour obtenir la bonne r\u00e9ponse et un coupon de vape !<\/strong><\/p>\n<p><img loading=\"lazy\" decoding=\"async\" class=\"size-full wp-image-2375\" src=\"https:\/\/rmvapesale.com\/wp-content\/uploads\/2024\/10\/image.png\" alt=\"Meilleure vape jetable\" width=\"229\" height=\"300\" \/><\/p>\n<h3><a href=\"https:\/\/wa.me\/8617776015835\"><span style=\"color: #ff0000\"><strong>WhatsApp: +86 17776015835<\/strong><\/span><\/a><\/h3>\n<p>&nbsp;<\/p>","protected":false},"featured_media":3001,"comment_status":"open","ping_status":"closed","template":"","meta":{"_uag_custom_page_level_css":"","_lmt_disableupdate":"no","_lmt_disable":"","site-sidebar-layout":"default","site-content-layout":"content-boxed-container","ast-site-content-layout":"normal-width-container","site-content-style":"boxed","site-sidebar-style":"unboxed","ast-global-header-display":"","ast-banner-title-visibility":"","ast-main-header-display":"","ast-hfb-above-header-display":"","ast-hfb-below-header-display":"","ast-hfb-mobile-header-display":"","site-post-title":"","ast-breadcrumbs-content":"","ast-featured-img":"","footer-sml-layout":"","theme-transparent-header-meta":"default","adv-header-id-meta":"","stick-header-meta":"","header-above-stick-meta":"","header-main-stick-meta":"","header-below-stick-meta":"","astra-migrate-meta-layouts":"set","ast-page-background-enabled":"default","ast-page-background-meta":{"desktop":{"background-color":"var(--ast-global-color-4)","background-image":"","background-repeat":"repeat","background-position":"center center","background-size":"auto","background-attachment":"scroll","background-type":"","background-media":"","overlay-type":"","overlay-color":"","overlay-opacity":"","overlay-gradient":""},"tablet":{"background-color":"","background-image":"","background-repeat":"repeat","background-position":"center center","background-size":"auto","background-attachment":"scroll","background-type":"","background-media":"","overlay-type":"","overlay-color":"","overlay-opacity":"","overlay-gradient":""},"mobile":{"background-color":"","background-image":"","background-repeat":"repeat","background-position":"center center","background-size":"auto","background-attachment":"scroll","background-type":"","background-media":"","overlay-type":"","overlay-color":"","overlay-opacity":"","overlay-gradient":""}},"ast-content-background-meta":{"desktop":{"background-color":"var(--ast-global-color-5)","background-image":"","background-repeat":"repeat","background-position":"center center","background-size":"auto","background-attachment":"scroll","background-type":"","background-media":"","overlay-type":"","overlay-color":"","overlay-opacity":"","overlay-gradient":""},"tablet":{"background-color":"var(--ast-global-color-5)","background-image":"","background-repeat":"repeat","background-position":"center center","background-size":"auto","background-attachment":"scroll","background-type":"","background-media":"","overlay-type":"","overlay-color":"","overlay-opacity":"","overlay-gradient":""},"mobile":{"background-color":"var(--ast-global-color-5)","background-image":"","background-repeat":"repeat","background-position":"center center","background-size":"auto","background-attachment":"scroll","background-type":"","background-media":"","overlay-type":"","overlay-color":"","overlay-opacity":"","overlay-gradient":""}},"_joinchat":[]},"product_brand":[],"product_cat":[15,289,291,292,293,295,299,282,246,25,123,26,28,135,27,137,136,30],"product_tag":[146,64,40,111,310,306,309],"class_list":{"0":"post-3017","1":"product","2":"type-product","3":"status-publish","4":"has-post-thumbnail","6":"product_cat-new-vape-this-week","7":"product_cat-big-puffs-disposable-vapes","8":"product_cat-dual-mesh-disposable-vapes","9":"product_cat-digital-disposable-vapes","10":"product_cat-low-nicotine-disposable-vapes","11":"product_cat-rechargeable-disposable-vapes","12":"product_cat-smart-screen-disposable-vapes","13":"product_cat-uwin-vape","14":"product_cat-35000-puffs-disposable-vape","15":"product_cat-germany-best-selling-vape","16":"product_cat-italy-wholesale-vape","17":"product_cat-netherlands-hot-sale-vape","18":"product_cat-poland-hot-sale-vape","19":"product_cat-spain-best-hot-sale-vape","20":"product_cat-fance-hot-sale-vape","21":"product_cat-rechargeable-vapes","22":"product_cat-smart-screen-vapes","23":"product_cat-minimum-order-quantity-50pcs","24":"product_tag-best-hot-sale-vape","25":"product_tag-dual-flavour-vape","26":"product_tag-hot-sale-vape","27":"product_tag-low-nicotine-disposable-vape","28":"product_tag-puff-35k","29":"product_tag-puff-bar","30":"product_tag-uwin-35000","31":"desktop-align-left","32":"tablet-align-left","33":"mobile-align-left","35":"first","36":"instock","37":"sale","38":"shipping-taxable","39":"purchasable","40":"product-type-simple"},"uagb_featured_image_src":{"full":["https:\/\/rmvapesale.com\/wp-content\/uploads\/2025\/01\/Tornado-Vape-35000-UWIN-Disposable-Vape.jpg",1126,1126,false],"thumbnail":["https:\/\/rmvapesale.com\/wp-content\/uploads\/2025\/01\/Tornado-Vape-35000-UWIN-Disposable-Vape-150x150.jpg",150,150,true],"medium":["https:\/\/rmvapesale.com\/wp-content\/uploads\/2025\/01\/Tornado-Vape-35000-UWIN-Disposable-Vape-300x300.jpg",300,300,true],"medium_large":["https:\/\/rmvapesale.com\/wp-content\/uploads\/2025\/01\/Tornado-Vape-35000-UWIN-Disposable-Vape-768x768.jpg",768,768,true],"large":["https:\/\/rmvapesale.com\/wp-content\/uploads\/2025\/01\/Tornado-Vape-35000-UWIN-Disposable-Vape-1024x1024.jpg",1024,1024,true],"1536x1536":["https:\/\/rmvapesale.com\/wp-content\/uploads\/2025\/01\/Tornado-Vape-35000-UWIN-Disposable-Vape.jpg",1126,1126,false],"2048x2048":["https:\/\/rmvapesale.com\/wp-content\/uploads\/2025\/01\/Tornado-Vape-35000-UWIN-Disposable-Vape.jpg",1126,1126,false],"trp-custom-language-flag":["https:\/\/rmvapesale.com\/wp-content\/uploads\/2025\/01\/Tornado-Vape-35000-UWIN-Disposable-Vape.jpg",12,12,false],"woocommerce_thumbnail":["https:\/\/rmvapesale.com\/wp-content\/uploads\/2025\/01\/Tornado-Vape-35000-UWIN-Disposable-Vape-300x300.jpg",300,300,true],"woocommerce_single":["https:\/\/rmvapesale.com\/wp-content\/uploads\/2025\/01\/Tornado-Vape-35000-UWIN-Disposable-Vape-600x600.jpg",600,600,true],"woocommerce_gallery_thumbnail":["https:\/\/rmvapesale.com\/wp-content\/uploads\/2025\/01\/Tornado-Vape-35000-UWIN-Disposable-Vape-100x100.jpg",100,100,true],"wcpr-photo-reviews":["https:\/\/rmvapesale.com\/wp-content\/uploads\/2025\/01\/Tornado-Vape-35000-UWIN-Disposable-Vape.jpg",500,500,false]},"uagb_author_info":{"display_name":"AMY","author_link":"https:\/\/rmvapesale.com\/fr\/author\/"},"uagb_comment_info":0,"uagb_excerpt":"Smart Screen Vape Uwin 35000 Puff\u00a0 Bar Rechargeable Disposable Vape Cheap Price Uwin 35000 Puff Popular Disposable Vape Pen Bulk Buy Best Uwin 35000 35k Puff LED Display Smart Screen Disposable Vape Wholesale Contact Amy to get right reply and vape coupon! WhatsApp: +86 17776015835 &nbsp;","_links":{"self":[{"href":"https:\/\/rmvapesale.com\/fr\/wp-json\/wp\/v2\/product\/3017","targetHints":{"allow":["GET"]}}],"collection":[{"href":"https:\/\/rmvapesale.com\/fr\/wp-json\/wp\/v2\/product"}],"about":[{"href":"https:\/\/rmvapesale.com\/fr\/wp-json\/wp\/v2\/types\/product"}],"replies":[{"embeddable":true,"href":"https:\/\/rmvapesale.com\/fr\/wp-json\/wp\/v2\/comments?post=3017"}],"wp:featuredmedia":[{"embeddable":true,"href":"https:\/\/rmvapesale.com\/fr\/wp-json\/wp\/v2\/media\/3001"}],"wp:attachment":[{"href":"https:\/\/rmvapesale.com\/fr\/wp-json\/wp\/v2\/media?parent=3017"}],"wp:term":[{"taxonomy":"product_brand","embeddable":true,"href":"https:\/\/rmvapesale.com\/fr\/wp-json\/wp\/v2\/product_brand?post=3017"},{"taxonomy":"product_cat","embeddable":true,"href":"https:\/\/rmvapesale.com\/fr\/wp-json\/wp\/v2\/product_cat?post=3017"},{"taxonomy":"product_tag","embeddable":true,"href":"https:\/\/rmvapesale.com\/fr\/wp-json\/wp\/v2\/product_tag?post=3017"}],"curies":[{"name":"wp","href":"https:\/\/api.w.org\/{rel}","templated":true}]}}