{"id":370,"date":"2021-08-20T11:50:58","date_gmt":"2021-08-20T11:50:58","guid":{"rendered":"https:\/\/rmvapesale.com\/product\/hybrid-cleansing-balm\/"},"modified":"2025-01-20T03:10:16","modified_gmt":"2025-01-20T03:10:16","slug":"randm-vape-al-fakher-10000-puffs-vape-wholesale","status":"publish","type":"product","link":"https:\/\/rmvapesale.com\/fr\/product\/randm-vape-al-fakher-10000-puffs-vape-wholesale\/","title":{"rendered":"Randm Vape Al Fakher 10000 PUFFS VAPE Prix de Gros Fumot CHICHA 10K"},"content":{"rendered":"<h1><strong>Randm Vape Al Fakher 10000 PUFFS VAPE Prix de Gros Fumot CHICHA 10K<\/strong><\/h1>\n<p>Le Randm Vape Al Fakher 10000 est un Vape DTL (Direct To Lung) rechargeable r\u00e9volutionnaire qui red\u00e9finit l'excellence du vapotage. Dot\u00e9 d'un indicateur LED, il fournit des mises \u00e0 jour en temps r\u00e9el sur les niveaux d'e-liquide et la puissance, vous assurant d'\u00eatre toujours en contr\u00f4le. Avec un port Type-C pratique situ\u00e9 sur sa base, le chargement de ce vape est simple et rapide.<\/p>\n<p>Pr\u00e9-rempli avec 18 ml d'e-liquide, le Shisha bar 10000 offre une concentration de nicotine de 0,5%, offrant jusqu'\u00e0 10 000 bouff\u00e9es \u00e9tonnantes dans un environnement de test. Mais il ne s'agit pas seulement de quantit\u00e9 - ce vape est dot\u00e9 de la technologie Mesh Coil, int\u00e9grant une bobine de 0,6 ohm \u00e0 faible r\u00e9sistance pour une surface de chauffe maximale. Dites adieu aux bouff\u00e9es s\u00e8ches et \u00e0 la distribution in\u00e9gale des saveurs ; la conception Mesh Coil assure un chauffage constant, r\u00e9sultant en des tirages plus doux et une production de vapeur plus riche.<\/p>\n<p>Maintenant, ce vape Randm Vape Al Fakher est en vente chaude dans la plupart des pays d'Europe comme l'Allemagne, les Pays-Bas, la France, l'Italie, la Suisse, la Su\u00e8de, l'Espagne, la Pologne, la Belgique, l'Autriche, la Norv\u00e8ge, le Danemark, etc., c'est un bon choix pour les d\u00e9taillants qui recherchent un vape jetable rentable avec un prix de gros d'achat en gros.<\/p>\n<p><strong>Ajouter le WhatsApp de la responsable commerciale Amy <a href=\"https:\/\/wa.me\/8617776015835\" target=\"_blank\" rel=\"noopener\">+86-17776015835<\/a> Obtenez plus de r\u00e9ductions!<\/strong><\/p>\n<p><img loading=\"lazy\" decoding=\"async\" class=\"size-medium wp-image-1814\" src=\"https:\/\/rmvapesale.com\/wp-content\/uploads\/2024\/04\/whatsapp-amy-229x300.jpg\" alt=\"whatsapp amy\" width=\"229\" height=\"300\" srcset=\"https:\/\/rmvapesale.com\/wp-content\/uploads\/2024\/04\/whatsapp-amy-229x300.jpg 229w, https:\/\/rmvapesale.com\/wp-content\/uploads\/2024\/04\/whatsapp-amy-783x1024.jpg 783w, https:\/\/rmvapesale.com\/wp-content\/uploads\/2024\/04\/whatsapp-amy-768x1005.jpg 768w, https:\/\/rmvapesale.com\/wp-content\/uploads\/2024\/04\/whatsapp-amy-600x785.jpg 600w, https:\/\/rmvapesale.com\/wp-content\/uploads\/2024\/04\/whatsapp-amy.jpg 990w\" sizes=\"auto, (max-width: 229px) 100vw, 229px\" \/><\/p>\n<h2>Randm Vape Al Fakher 10000 puff FAQS<\/h2>\n<p><strong>1. Qu'est-ce qui est inclus dans le Randm Vape Al Fakher 10000 PUFFS VAPE<\/strong><\/p>\n<ul>\n<li>Chaque paquet comprend un appareil Vape DTL (Direct To Lung) rechargeable, pr\u00e9-rempli avec 18 ml d'e-liquide, et dot\u00e9 d'un indicateur LED. De plus, le paquet contient un c\u00e2ble de chargement Type-C pour un chargement pratique.<\/li>\n<\/ul>\n<p><strong>2. Combien de bouff\u00e9es puis-je attendre du Fumot Vape Shisha 10000 Puff ?<\/strong><\/p>\n<ul>\n<li>Le Shisha 10000 offre un nombre impressionnant de 10 000 bouff\u00e9es (dans un environnement de test), offrant une utilisation prolong\u00e9e et une satisfaction durable.<\/li>\n<\/ul>\n<p><strong>3. Quelle est la concentration de nicotine offerte par le Randm Shisha 10000 puffs ?<\/strong><\/p>\n<ul>\n<li>Le Shisha 10000 est pr\u00e9-rempli avec de l'e-liquide \u00e0 une concentration de nicotine de 0,5%, offrant une exp\u00e9rience de vapotage \u00e9quilibr\u00e9e.<\/li>\n<\/ul>\n<p><strong>4. Puis-je choisir ma saveur pr\u00e9f\u00e9r\u00e9e avec le Shisha 10k vape Fumot ?<\/strong><\/p>\n<ul>\n<li>Oui, absolument ! Le Shisha 10000 offre une s\u00e9lection de 34 saveurs pour r\u00e9pondre \u00e0 diverses pr\u00e9f\u00e9rences, garantissant qu'il y en a pour tous les go\u00fbts.<\/li>\n<\/ul>\n<p><strong>3. Comment la technologie Mesh Coil am\u00e9liore-t-elle l'exp\u00e9rience de vapotage?<\/strong><\/p>\n<ul>\n<li>La technologie Mesh Coil int\u00e9gr\u00e9e au Randm Vape Fumot Shisha 10000 est dot\u00e9e d'une bobine de 0,6 ohm \u00e0 faible r\u00e9sistance, maximisant la surface de chauffe pour des tirages plus doux et une production de vapeur plus riche. Cette technologie assure un chauffage constant et uniforme de l'e-liquide, offrant une exp\u00e9rience gustative impeccable.<\/li>\n<\/ul>\n<p><strong>6. Le Fumot AI FAKHER est-il <\/strong><strong>Shisha 10000 PUFFS facile \u00e0 charger ?<\/strong><\/p>\n<ul>\n<li>Oui, le RANDM Shisha 10000 PUFFS est dot\u00e9 d'un port Type-C sur sa base pour un chargement rapide et pratique. Connectez simplement le c\u00e2ble de chargement Type-C fourni \u00e0 une source d'alimentation pour une recharge rapide de la batterie.<\/li>\n<\/ul>\n<p><strong>7. Puis-je contr\u00f4ler le flux d'air avec le FUMOT VAPE Shisha 10K PUFFS EN GROS ?<\/strong><\/p>\n<ul>\n<li>Oui, le Shisha 10000 est \u00e9quip\u00e9 d'un contr\u00f4le du flux d'air, permettant aux utilisateurs de r\u00e9gler le flux d'air selon leurs pr\u00e9f\u00e9rences pour une exp\u00e9rience de vapotage personnalis\u00e9e.<\/li>\n<\/ul>\n<p><strong>8. Le FUMOT RANDM VAPE Shisha 10000 EN GROS convient-il aux vapoteurs d\u00e9butants et exp\u00e9riment\u00e9s ?<\/strong><\/p>\n<ul>\n<li>Absolument ! Le Shisha 10000 est con\u00e7u pour r\u00e9pondre aux besoins des vapoteurs d\u00e9butants et exp\u00e9riment\u00e9s, offrant une facilit\u00e9 d'utilisation, des fonctionnalit\u00e9s avanc\u00e9es et des performances exceptionnelles pour tous.<\/li>\n<\/ul>\n<p><strong>9. Que dois-je faire si j'ai d'autres questions ou si j'ai besoin d'aide ?<\/strong><\/p>\n<ul>\n<li>Si vous avez d'autres questions ou si vous avez besoin d'aide avec le Randm Vape Al Fakher 10000 PUFFS VAPE<\/li>\n<\/ul>\n<p>Trouvez plus de produits de vape que vous pourriez aimer :<em><a href=\"https:\/\/rmvapesale.com\/fr\/shop-2\/\">acheter maintenant\u00a0<\/a><\/em><\/p>\n<p>autres cigarettes \u00e9lectroniques populaires que vous pourriez aimer :<\/p>","protected":false},"excerpt":{"rendered":"<p class=\"LC20lb MBeuO DKV0Md\">Fumot Shisha 10000 DTL Vape Jetable<br \/>\nRANDM SHISHA 10000 PUFF Vape AI FAKHER<br \/>\nFumot Crown Bar 10k Vape Rechargeable en gros<br \/>\n<strong>Contactez Amy pour plus de r\u00e9duction et un MOQ de vape plus bas<\/strong><\/p>\n<p><img loading=\"lazy\" decoding=\"async\" class=\"size-medium wp-image-1814\" src=\"https:\/\/rmvapesale.com\/wp-content\/uploads\/2024\/04\/whatsapp-amy-229x300.jpg\" alt=\"whatsapp amy\" width=\"229\" height=\"300\" srcset=\"https:\/\/rmvapesale.com\/wp-content\/uploads\/2024\/04\/whatsapp-amy-229x300.jpg 229w, https:\/\/rmvapesale.com\/wp-content\/uploads\/2024\/04\/whatsapp-amy-783x1024.jpg 783w, https:\/\/rmvapesale.com\/wp-content\/uploads\/2024\/04\/whatsapp-amy-768x1005.jpg 768w, https:\/\/rmvapesale.com\/wp-content\/uploads\/2024\/04\/whatsapp-amy-600x785.jpg 600w, https:\/\/rmvapesale.com\/wp-content\/uploads\/2024\/04\/whatsapp-amy.jpg 990w\" sizes=\"auto, (max-width: 229px) 100vw, 229px\" \/><\/p>\n<h3><span style=\"color: #ff0000\"><strong>WhatsApp: +86 17776015835<\/strong><\/span><\/h3>","protected":false},"featured_media":1852,"comment_status":"open","ping_status":"closed","template":"","meta":{"_uag_custom_page_level_css":"","_lmt_disableupdate":"no","_lmt_disable":"","site-sidebar-layout":"default","site-content-layout":"content-boxed-container","ast-site-content-layout":"normal-width-container","site-content-style":"boxed","site-sidebar-style":"unboxed","ast-global-header-display":"","ast-banner-title-visibility":"","ast-main-header-display":"","ast-hfb-above-header-display":"","ast-hfb-below-header-display":"","ast-hfb-mobile-header-display":"","site-post-title":"","ast-breadcrumbs-content":"","ast-featured-img":"","footer-sml-layout":"","ast-disable-related-posts":"","theme-transparent-header-meta":"default","adv-header-id-meta":"","stick-header-meta":"","header-above-stick-meta":"","header-main-stick-meta":"","header-below-stick-meta":"","astra-migrate-meta-layouts":"set","ast-page-background-enabled":"default","ast-page-background-meta":{"desktop":{"background-color":"var(--ast-global-color-4)","background-image":"","background-repeat":"repeat","background-position":"center center","background-size":"auto","background-attachment":"scroll","background-type":"","background-media":"","overlay-type":"","overlay-color":"","overlay-opacity":"","overlay-gradient":""},"tablet":{"background-color":"","background-image":"","background-repeat":"repeat","background-position":"center center","background-size":"auto","background-attachment":"scroll","background-type":"","background-media":"","overlay-type":"","overlay-color":"","overlay-opacity":"","overlay-gradient":""},"mobile":{"background-color":"","background-image":"","background-repeat":"repeat","background-position":"center center","background-size":"auto","background-attachment":"scroll","background-type":"","background-media":"","overlay-type":"","overlay-color":"","overlay-opacity":"","overlay-gradient":""}},"ast-content-background-meta":{"desktop":{"background-color":"var(--ast-global-color-5)","background-image":"","background-repeat":"repeat","background-position":"center center","background-size":"auto","background-attachment":"scroll","background-type":"","background-media":"","overlay-type":"","overlay-color":"","overlay-opacity":"","overlay-gradient":""},"tablet":{"background-color":"var(--ast-global-color-5)","background-image":"","background-repeat":"repeat","background-position":"center center","background-size":"auto","background-attachment":"scroll","background-type":"","background-media":"","overlay-type":"","overlay-color":"","overlay-opacity":"","overlay-gradient":""},"mobile":{"background-color":"var(--ast-global-color-5)","background-image":"","background-repeat":"repeat","background-position":"center center","background-size":"auto","background-attachment":"scroll","background-type":"","background-media":"","overlay-type":"","overlay-color":"","overlay-opacity":"","overlay-gradient":""}},"_joinchat":[]},"product_brand":[],"product_cat":[25,271,289,27,51,123,293,30,26,15,28,31,295,137,299,136,135],"product_tag":[39,40,41,38,37],"class_list":{"0":"post-370","1":"product","2":"type-product","3":"status-publish","4":"has-post-thumbnail","6":"product_cat-germany-best-selling-vape","7":"product_cat-10000-puff-disposable-vape","8":"product_cat-big-puffs-disposable-vapes","9":"product_cat-fance-hot-sale-vape","10":"product_cat-fumot-vape","11":"product_cat-italy-wholesale-vape","12":"product_cat-low-nicotine-disposable-vapes","13":"product_cat-minimum-order-quantity-50pcs","14":"product_cat-netherlands-hot-sale-vape","15":"product_cat-new-vape-this-week","16":"product_cat-poland-hot-sale-vape","17":"product_cat-randm-fumot-vape","18":"product_cat-rechargeable-disposable-vapes","19":"product_cat-rechargeable-vapes","20":"product_cat-smart-screen-disposable-vapes","21":"product_cat-smart-screen-vapes","22":"product_cat-spain-best-hot-sale-vape","23":"product_tag-fumot-vape","24":"product_tag-hot-sale-vape","25":"product_tag-original-factory-vape","26":"product_tag-randm-vape","27":"product_tag-wholesale-vape-price","28":"desktop-align-left","29":"tablet-align-left","30":"mobile-align-left","32":"first","33":"instock","34":"sale","35":"shipping-taxable","36":"purchasable","37":"product-type-simple"},"uagb_featured_image_src":{"full":["https:\/\/rmvapesale.com\/wp-content\/uploads\/2024\/04\/FUMOT-VAPE-SHISHA-AL-FAKHER-10K-PUFFS-VAPE.jpg",375,666,false],"thumbnail":["https:\/\/rmvapesale.com\/wp-content\/uploads\/2024\/04\/FUMOT-VAPE-SHISHA-AL-FAKHER-10K-PUFFS-VAPE-150x150.jpg",150,150,true],"medium":["https:\/\/rmvapesale.com\/wp-content\/uploads\/2024\/04\/FUMOT-VAPE-SHISHA-AL-FAKHER-10K-PUFFS-VAPE-169x300.jpg",169,300,true],"medium_large":["https:\/\/rmvapesale.com\/wp-content\/uploads\/2024\/04\/FUMOT-VAPE-SHISHA-AL-FAKHER-10K-PUFFS-VAPE.jpg",375,666,false],"large":["https:\/\/rmvapesale.com\/wp-content\/uploads\/2024\/04\/FUMOT-VAPE-SHISHA-AL-FAKHER-10K-PUFFS-VAPE.jpg",375,666,false],"1536x1536":["https:\/\/rmvapesale.com\/wp-content\/uploads\/2024\/04\/FUMOT-VAPE-SHISHA-AL-FAKHER-10K-PUFFS-VAPE.jpg",375,666,false],"2048x2048":["https:\/\/rmvapesale.com\/wp-content\/uploads\/2024\/04\/FUMOT-VAPE-SHISHA-AL-FAKHER-10K-PUFFS-VAPE.jpg",375,666,false],"trp-custom-language-flag":["https:\/\/rmvapesale.com\/wp-content\/uploads\/2024\/04\/FUMOT-VAPE-SHISHA-AL-FAKHER-10K-PUFFS-VAPE.jpg",7,12,false],"woocommerce_thumbnail":["https:\/\/rmvapesale.com\/wp-content\/uploads\/2024\/04\/FUMOT-VAPE-SHISHA-AL-FAKHER-10K-PUFFS-VAPE-300x300.jpg",300,300,true],"woocommerce_single":["https:\/\/rmvapesale.com\/wp-content\/uploads\/2024\/04\/FUMOT-VAPE-SHISHA-AL-FAKHER-10K-PUFFS-VAPE.jpg",375,666,false],"woocommerce_gallery_thumbnail":["https:\/\/rmvapesale.com\/wp-content\/uploads\/2024\/04\/FUMOT-VAPE-SHISHA-AL-FAKHER-10K-PUFFS-VAPE-100x100.jpg",100,100,true],"wcpr-photo-reviews":["https:\/\/rmvapesale.com\/wp-content\/uploads\/2024\/04\/FUMOT-VAPE-SHISHA-AL-FAKHER-10K-PUFFS-VAPE.jpg",282,500,false]},"uagb_author_info":{"display_name":"yannazhan","author_link":"https:\/\/rmvapesale.com\/fr\/author\/"},"uagb_comment_info":0,"uagb_excerpt":"Fumot Shisha 10000 DTL Disposable Vape RANDM SHISHA 10000 PUFF Vape AI FAKHER Fumot Crown Bar 10k Wholesale Vape Rechargeable Contact Amy For More Discount And Lower MOQ Vape WhatsApp: +86 17776015835","_links":{"self":[{"href":"https:\/\/rmvapesale.com\/fr\/wp-json\/wp\/v2\/product\/370","targetHints":{"allow":["GET"]}}],"collection":[{"href":"https:\/\/rmvapesale.com\/fr\/wp-json\/wp\/v2\/product"}],"about":[{"href":"https:\/\/rmvapesale.com\/fr\/wp-json\/wp\/v2\/types\/product"}],"replies":[{"embeddable":true,"href":"https:\/\/rmvapesale.com\/fr\/wp-json\/wp\/v2\/comments?post=370"}],"wp:featuredmedia":[{"embeddable":true,"href":"https:\/\/rmvapesale.com\/fr\/wp-json\/wp\/v2\/media\/1852"}],"wp:attachment":[{"href":"https:\/\/rmvapesale.com\/fr\/wp-json\/wp\/v2\/media?parent=370"}],"wp:term":[{"taxonomy":"product_brand","embeddable":true,"href":"https:\/\/rmvapesale.com\/fr\/wp-json\/wp\/v2\/product_brand?post=370"},{"taxonomy":"product_cat","embeddable":true,"href":"https:\/\/rmvapesale.com\/fr\/wp-json\/wp\/v2\/product_cat?post=370"},{"taxonomy":"product_tag","embeddable":true,"href":"https:\/\/rmvapesale.com\/fr\/wp-json\/wp\/v2\/product_tag?post=370"}],"curies":[{"name":"wp","href":"https:\/\/api.w.org\/{rel}","templated":true}]}}