{"id":10,"date":"2024-03-11T10:27:39","date_gmt":"2024-03-11T10:27:39","guid":{"rendered":"https:\/\/rmvapesale.com\/?page_id=10"},"modified":"2024-03-11T10:27:39","modified_gmt":"2024-03-11T10:27:39","slug":"refund_returns","status":"publish","type":"page","link":"https:\/\/rmvapesale.com\/hr\/refund_returns\/","title":{"rendered":"Pravila povrata i povrata novca"},"content":{"rendered":"<p>Pravila povrata i povrata novca:<\/p>\n\n\n\n<p>Hvala \u0161to ste odabrali RM Vape Sale. Va\u0161e zadovoljstvo je na prvom mjestu, i \u017eelimo osigurati besprijekorno iskustvo s na\u0161im proizvodima. Molimo vas da odvojite trenutak za pregled na\u0161e a\u017eurirane politike povrata i povrata novca.<\/p>\n\n\n\n<ol class=\"wp-block-list\">\n<li><strong>Razdoblje povrata:<\/strong> Na\u0161a politika povrata omogu\u0107ava rok od 7 dana od datuma primitka proizvoda za pokretanje povrata.<\/li>\n\n\n\n<li><strong>Uvjeti podobnosti:<\/strong> Za kvalifikaciju za povrat, predmet mora ostati u originalnom stanju \u2013 neotvoren, neupotrijebljen, s intact oznakama i u originalnoj ambala\u017ei. Tako\u0111er je potreban va\u017ee\u0107i ra\u010dun ili dokaz o kupnji.<\/li>\n\n\n\n<li><strong>Pokretanje povrata:<\/strong> Za pokretanje procesa povrata, molimo kontaktirajte nas na <a>support@rmvapesale.com<\/a>. Nakon \u0161to odobreno va\u0161e zahtjev za povrat, dostavit \u0107emo vam oznaku za povratnu po\u0161iljku i detaljne upute o tome kako i gdje poslati paket. Molimo imajte na umu da neprihva\u0107eni povrati ne\u0107e biti prihva\u0107eni.<\/li>\n\n\n\n<li><strong>O\u0161te\u0107enja i zabrinutosti:<\/strong> Po primitku va\u0161e narud\u017ebe, molimo izvr\u0161ite temeljitu inspekciju. Ako otkrijete bilo kakve nedostatke, o\u0161te\u0107enja ili primite pogre\u0161ne artikle, odmah nas obavijestite radi brze rje\u0161enja.<\/li>\n\n\n\n<li><strong>Ne-povratni artikli:<\/strong> Odre\u0111eni artikli nisu povratni, uklju\u010duju\u0107i lako kvarljive proizvode, proizvode po mjeri, proizvode za osobnu njegu, opasne materijale, teku\u0107ine, plinove, artikle na sni\u017eenju i poklon kartice. Za upite u vezi s podobno\u0161\u0107u za povrat odre\u0111enih artikala, slobodno nas kontaktirajte.<\/li>\n\n\n\n<li><strong>Zamjene:<\/strong> Za nesmetan proces zamjene, pokrenite povrat za postoje\u0107i artikl. Nakon odobrenja, nastavite s zasebnom kupnjom novog artikla.<\/li>\n\n\n\n<li><strong>Razdoblje od 14 dana za odustajanje u Europskoj uniji:<\/strong> Ako va\u0161a roba bude isporu\u010dena u Europsku uniju, imate pravo otkazati ili vratiti narud\u017ebu u roku od 14 dana, bez potrebe za obrazlo\u017eenjem. Uvjeti povrata uskla\u0111eni su s na\u0161om op\u0107om politikom.<\/li>\n\n\n\n<li><strong>Povrati novca:<\/strong> Nakon primitka i procjene va\u0161eg povrata, obavijestit \u0107emo vas o statusu odobrenja povrata. Nakon odobrenja, povrat \u0107e biti obra\u0111en na va\u0161u originalnu metodu pla\u0107anja u roku od 10 radnih dana. Molimo uzmite u obzir dodatno vrijeme obrade od strane va\u0161e banke ili tvrtke za kreditne kartice.<\/li>\n\n\n\n<li><strong>Nastavak:<\/strong> Ako je pro\u0161lo vi\u0161e od 15 radnih dana od kada je va\u0161a povratak odobren i niste primili povrat novca, molimo kontaktirajte nas na <a>support@rmvapesale.com<\/a> za pomo\u0107.<\/li>\n<\/ol>\n\n\n\n<p>Cijenimo va\u0161e povjerenje u RM Vape Sale i posve\u0107eni smo rje\u0161avanju svih va\u0161ih zabrinutosti. Hvala vam na suradnji s na\u0161im a\u017euriranim postupkom povrata i povrata novca.<\/p>","protected":false},"excerpt":{"rendered":"<p>Politika povrata i povrata novca: Hvala \u0161to ste odabrali RM Vape Sale. Va\u0161e zadovoljstvo je na prvom mjestu, i \u017eelimo osigurati besprijekorno iskustvo s na\u0161im proizvodima. Molimo vas da odvojite trenutak za pregled na\u0161e a\u017eurirane politike povrata i povrata novca. Cijenimo va\u0161e povjerenje u RM Vape Sale i posve\u0107eni smo rje\u0161avanju svih va\u0161ih zabrinutosti.<\/p>","protected":false},"author":1,"featured_media":0,"parent":0,"menu_order":0,"comment_status":"closed","ping_status":"closed","template":"","meta":{"_uag_custom_page_level_css":"","_lmt_disableupdate":"","_lmt_disable":"","site-sidebar-layout":"default","site-content-layout":"","ast-site-content-layout":"default","site-content-style":"default","site-sidebar-style":"default","ast-global-header-display":"","ast-banner-title-visibility":"","ast-main-header-display":"","ast-hfb-above-header-display":"","ast-hfb-below-header-display":"","ast-hfb-mobile-header-display":"","site-post-title":"","ast-breadcrumbs-content":"","ast-featured-img":"","footer-sml-layout":"","theme-transparent-header-meta":"","adv-header-id-meta":"","stick-header-meta":"","header-above-stick-meta":"","header-main-stick-meta":"","header-below-stick-meta":"","astra-migrate-meta-layouts":"set","ast-page-background-enabled":"default","ast-page-background-meta":{"desktop":{"background-color":"var(--ast-global-color-4)","background-image":"","background-repeat":"repeat","background-position":"center center","background-size":"auto","background-attachment":"scroll","background-type":"","background-media":"","overlay-type":"","overlay-color":"","overlay-opacity":"","overlay-gradient":""},"tablet":{"background-color":"","background-image":"","background-repeat":"repeat","background-position":"center center","background-size":"auto","background-attachment":"scroll","background-type":"","background-media":"","overlay-type":"","overlay-color":"","overlay-opacity":"","overlay-gradient":""},"mobile":{"background-color":"","background-image":"","background-repeat":"repeat","background-position":"center center","background-size":"auto","background-attachment":"scroll","background-type":"","background-media":"","overlay-type":"","overlay-color":"","overlay-opacity":"","overlay-gradient":""}},"ast-content-background-meta":{"desktop":{"background-color":"var(--ast-global-color-5)","background-image":"","background-repeat":"repeat","background-position":"center center","background-size":"auto","background-attachment":"scroll","background-type":"","background-media":"","overlay-type":"","overlay-color":"","overlay-opacity":"","overlay-gradient":""},"tablet":{"background-color":"var(--ast-global-color-5)","background-image":"","background-repeat":"repeat","background-position":"center center","background-size":"auto","background-attachment":"scroll","background-type":"","background-media":"","overlay-type":"","overlay-color":"","overlay-opacity":"","overlay-gradient":""},"mobile":{"background-color":"var(--ast-global-color-5)","background-image":"","background-repeat":"repeat","background-position":"center center","background-size":"auto","background-attachment":"scroll","background-type":"","background-media":"","overlay-type":"","overlay-color":"","overlay-opacity":"","overlay-gradient":""}},"_joinchat":[],"footnotes":""},"class_list":["post-10","page","type-page","status-publish","hentry"],"uagb_featured_image_src":{"full":false,"thumbnail":false,"medium":false,"medium_large":false,"large":false,"1536x1536":false,"2048x2048":false,"trp-custom-language-flag":false,"woocommerce_thumbnail":false,"woocommerce_single":false,"woocommerce_gallery_thumbnail":false,"wcpr-photo-reviews":false},"uagb_author_info":{"display_name":"yannazhan","author_link":"https:\/\/rmvapesale.com\/hr\/author\/yannazhan\/"},"uagb_comment_info":0,"uagb_excerpt":"Refund and Returns Policy: Thank you for choosing RM Vape Sale. Your satisfaction is paramount, and we want to ensure a seamless experience with our products. Please take a moment to review our updated refund and returns policy. We appreciate your trust in RM Vape Sale and are committed to addressing any concerns you may&hellip;","_links":{"self":[{"href":"https:\/\/rmvapesale.com\/hr\/wp-json\/wp\/v2\/pages\/10","targetHints":{"allow":["GET"]}}],"collection":[{"href":"https:\/\/rmvapesale.com\/hr\/wp-json\/wp\/v2\/pages"}],"about":[{"href":"https:\/\/rmvapesale.com\/hr\/wp-json\/wp\/v2\/types\/page"}],"author":[{"embeddable":true,"href":"https:\/\/rmvapesale.com\/hr\/wp-json\/wp\/v2\/users\/1"}],"replies":[{"embeddable":true,"href":"https:\/\/rmvapesale.com\/hr\/wp-json\/wp\/v2\/comments?post=10"}],"version-history":[{"count":1,"href":"https:\/\/rmvapesale.com\/hr\/wp-json\/wp\/v2\/pages\/10\/revisions"}],"predecessor-version":[{"id":1801,"href":"https:\/\/rmvapesale.com\/hr\/wp-json\/wp\/v2\/pages\/10\/revisions\/1801"}],"wp:attachment":[{"href":"https:\/\/rmvapesale.com\/hr\/wp-json\/wp\/v2\/media?parent=10"}],"curies":[{"name":"wp","href":"https:\/\/api.w.org\/{rel}","templated":true}]}}