{"id":1869,"date":"2024-04-29T08:45:44","date_gmt":"2024-04-29T08:45:44","guid":{"rendered":"https:\/\/rmvapesale.com\/?post_type=product&#038;p=1869"},"modified":"2025-01-20T03:11:06","modified_gmt":"2025-01-20T03:11:06","slug":"jnr-shisha-vape-15000-puffs-wholesale-price-with-screen-vape","status":"publish","type":"product","link":"https:\/\/rmvapesale.com\/hr\/product\/jnr-shisha-vape-15000-puffs-wholesale-price-with-screen-vape\/","title":{"rendered":"VOPK SHISHA VAPE 15000 PUFFS VELEPRODAJNA CIJENA JNR S EKRANOM VAPE"},"content":{"rendered":"<h1>VOPK SHISHA VAPE 15000 PUFFS VELEPRODAJNA CIJENA JNR S EKRANOM VAPE<\/h1>\n<p>VOPK SHISHA VAPE 15000 PUFFS JNR je premium jednokratna vape olovka dizajnirana posebno za ljubitelje Direct-to-Lung (DTL) vapinga. S impresivnim kapacitetom od 15.000 udisaja, ovaj ure\u0111aj osigurava dugotrajno i zadovoljavaju\u0107e iskustvo vapinga. Unutarnja struktura uklju\u010duje mre\u017easti namot od 0,6 ohma koji pru\u017ea vrhunsku proizvodnju pare i bogate okuse, \u0161to ga \u010dini idealnim za one koji cijene duboke uvla\u010denja u plu\u0107a. Ure\u0111aj je opremljen s 20 ml e-teku\u0107ine, \u0161to omogu\u0107uje produ\u017eene sesije vapinga.<\/p>\n<p>Korisnici mogu birati izme\u0111u razli\u010ditih ja\u010dina nikotina, uklju\u010duju\u0107i 0%, 2%, 3% ili 5%, ovisno o osobnim preferencijama. VOPK Shisha Hookah punjiva vape je pogonjena pouzdanom 600mAh baterijom, osiguravaju\u0107i dosljedne performanse tijekom cijelog vijeka trajanja, a ima i Type-C priklju\u010dak za brzo punjenje.<\/p>\n<p>VOPK Shisha bar 15000 Dostupan u deset ukusnih okusa kao \u0161to su Double Apple i Watermelon Ice, ova vape olovka kombinira stil, funkcionalnost i svestranost, \u0161to je \u010dini vrhunskim izborom za vapere koji tra\u017ee visokokvalitetno iskustvo.<\/p>\n<p><strong>Dodajte voditelja prodaje AMY da biste dobili kupone za vape!<\/strong><\/p>\n<p><img loading=\"lazy\" decoding=\"async\" class=\"size-medium wp-image-1814\" src=\"https:\/\/rmvapesale.com\/wp-content\/uploads\/2024\/04\/whatsapp-amy-229x300.jpg\" alt=\"whatsapp amy\" width=\"229\" height=\"300\" srcset=\"https:\/\/rmvapesale.com\/wp-content\/uploads\/2024\/04\/whatsapp-amy-229x300.jpg 229w, https:\/\/rmvapesale.com\/wp-content\/uploads\/2024\/04\/whatsapp-amy-783x1024.jpg 783w, https:\/\/rmvapesale.com\/wp-content\/uploads\/2024\/04\/whatsapp-amy-768x1005.jpg 768w, https:\/\/rmvapesale.com\/wp-content\/uploads\/2024\/04\/whatsapp-amy-600x785.jpg 600w, https:\/\/rmvapesale.com\/wp-content\/uploads\/2024\/04\/whatsapp-amy.jpg 990w\" sizes=\"auto, (max-width: 229px) 100vw, 229px\" \/><\/p>\n<p><span style=\"color: #ff0000\"><strong>whatsapp <a style=\"color: #ff0000\" href=\"https:\/\/wa.me\/8617776015835\" target=\"_blank\" rel=\"noopener\">+86-17776015835<\/a><\/strong><\/span><\/p>\n<h2>VOPK Shisha Hookah 15000 15K Puffs Lista okusa:<\/h2>\n<p>1. Dvostruka Jabuka<br \/>\n2. Dvostruka Dinja Menta<br \/>\n3. Gro\u017e\u0111e menta<br \/>\n4. So\u010dna Breskva<br \/>\n5. Lady Killa<br \/>\n6. Mije\u0161ano Bobi\u010dasto Vo\u0107e Led<br \/>\n7. Ananas Kokos<br \/>\n8. Crveno Bobi\u010dasto Vo\u0107e Slush<br \/>\n9. Lubenica Led<br \/>\n10. Bijela Mamba<\/p>\n<h2>VOPK JNR SHISHA VAPE 15000 PUFF: Veleprodajna cijena s ekranom \u2013 \u010cesta pitanja o proizvodu<\/h2>\n<p>1. Po \u010demu je poseban VOPK JNR SHISHA VAPE 15000 Puffs?<\/p>\n<p>VOPK JNR SHISHA VAPE 15K PUFF<span style=\"font-size: 16px\">\u00a0isti\u010de se visokim kapacitetom 'puffova', nude\u0107i do 15000 'puffova' po ure\u0111aju, \u0161to osigurava produljeno u\u017eivanje.<\/span><\/p>\n<p>2. Kakvom se izradom odlikuje ure\u0111aj VOPK JNR SHISHA VAPE 15K PUFFS?<\/p>\n<p>Ure\u0111aj VOPK VAPE SHISHA 15000 PUFF odlikuje se dvobojnim dizajnom upotpunjenim UV tiskom, pru\u017eaju\u0107i vizualno upe\u010datljiv izgled i pedantnu izradu.<br \/>\n3. Koju vrstu grija\u010da koristi VOPK VAPE SHISHA 15000 Puffs i koliki je otpor VOPK VAPE SHISHA 15K PUFF?<\/p>\n<p>VOPK VAPE SHISHA 15K PUFFS koristi tehnologiju mre\u017eastog grija\u010da s otporom od 0.6ohm\/m, \u0161to osigurava stabilne performanse i glatko iskustvo parenja.<br \/>\n4. Koliko e-teku\u0107ine mo\u017ee primiti raspr\u0161iva\u010d VOPK JNR SHISHA 15000 PUFF?<\/p>\n<p>Raspr\u0161iva\u010d VOPK JNR SHISHA 15000 Puffs ima kapacitet od 20 ml, \u0161to omogu\u0107uje duge sesije parenja bez \u010destog dopunjavanja.<br \/>\n5. Od kojeg materijala je izra\u0111en grija\u010d VOPK JNR SHISHA 15K PUFF?<\/p>\n<p>Grija\u010d VOPK JNR SHISHA 15K PUFFS izra\u0111en je od visokokvalitetnog mre\u017eastog materijala, osiguravaju\u0107i izvrsno isparavanje i isporuku \u010distog okusa.<br \/>\n6. Koliki je kapacitet baterije ure\u0111aja VOPK JNR VAPE 15000 PUFF?<\/p>\n<p>VOPK JNR VAPE 15000 Puffs ima sna\u017enu bateriju od 600 mAh, pru\u017eaju\u0107i dugotrajnu i pouzdanu podr\u0161ku za neprekinute sesije parenja.<br \/>\n7. Koju vrstu baterije koristi VOPK JNR VAPE 15K PUFF?<\/p>\n<p>Ure\u0111aj VOPK JNR VAPE 15K PUFFS koristi model baterije 18250, poznat po svojoj izdr\u017eljivosti i dugovje\u010dnosti.<br \/>\n8. Koliko dugo bih trebao puniti svoj 15000 PUFF JNR SHISHA VAPE VOPK?<\/p>\n<p>15000 PUFF VAPE SHISHA VOPK opremljen je prakti\u010dnim priklju\u010dkom za punjenje Type-C, \u0161to omogu\u0107uje brzo i u\u010dinkovito punjenje, osiguravaju\u0107i minimalno vrijeme zastoja.<br \/>\n9. Kojem stilu parenja slu\u017ei 15000 PUFF JNR SHISHA VOPK?<\/p>\n<p>VOPK SHISHA VAPE 15000 PUFFS prikladan je za Direct-To-Lung (DTL) parenje, nude\u0107i bogato i zadovoljavaju\u0107e iskustvo parenja.<br \/>\n10. Kako 15000 PUFF JNR VAPE VOPK osigurava prakti\u010dnost za korisnika?<\/p>\n<p>Sa svojim velikim kapacitetom puhanja, vizualno privla\u010dnim dizajnom i naprednom tehnologijom zavojnice, VOPK SHISHA VAPE 15000 PUFFS daje prednost zadovoljstvu i prakti\u010dnosti korisnika, \u0161to ga \u010dini idealnim izborom za po\u010detnike i iskusne vapere.<\/p>\n<p>&nbsp;<\/p>\n<p>Prona\u0111ite vi\u0161e Vape proizvoda koji bi vam se mogli svidjeti:<em><a href=\"https:\/\/rmvapesale.com\/hr\/shop-2\/\">Kupite sada\u00a0<\/a><\/em><\/p>\n<p>ostali popularni proizvodi koji bi vam se mogli svidjeti:<\/p>","protected":false},"excerpt":{"rendered":"<p class=\"LC20lb MBeuO DKV0Md\">15K PUFFS JNR VAPE VOPK Veleprodajna Cijena<br \/>\n15K PUFFS JNR SHISHA VOPK Tvorni\u010dka Cijena<br \/>\n15K PUFFS VAPE SHISHA VOPK Cijena s popustom<br \/>\n<strong>Kontaktirajte Amy za ve\u0107i popust i ni\u017ei MOQ vape<\/strong><\/p>\n<p><img loading=\"lazy\" decoding=\"async\" class=\"size-medium wp-image-1814\" src=\"https:\/\/rmvapesale.com\/wp-content\/uploads\/2024\/04\/whatsapp-amy-229x300.jpg\" alt=\"whatsapp amy\" width=\"229\" height=\"300\" srcset=\"https:\/\/rmvapesale.com\/wp-content\/uploads\/2024\/04\/whatsapp-amy-229x300.jpg 229w, https:\/\/rmvapesale.com\/wp-content\/uploads\/2024\/04\/whatsapp-amy-783x1024.jpg 783w, https:\/\/rmvapesale.com\/wp-content\/uploads\/2024\/04\/whatsapp-amy-768x1005.jpg 768w, https:\/\/rmvapesale.com\/wp-content\/uploads\/2024\/04\/whatsapp-amy-600x785.jpg 600w, https:\/\/rmvapesale.com\/wp-content\/uploads\/2024\/04\/whatsapp-amy.jpg 990w\" sizes=\"auto, (max-width: 229px) 100vw, 229px\" \/><\/p>\n<h3><span style=\"color: #ff0000\"><strong>WhatsApp: +86 17776015835<\/strong><\/span><\/h3>","protected":false},"featured_media":1864,"comment_status":"open","ping_status":"closed","template":"","meta":{"_uag_custom_page_level_css":"","_lmt_disableupdate":"no","_lmt_disable":"","site-sidebar-layout":"default","site-content-layout":"content-boxed-container","ast-site-content-layout":"normal-width-container","site-content-style":"boxed","site-sidebar-style":"unboxed","ast-global-header-display":"","ast-banner-title-visibility":"","ast-main-header-display":"","ast-hfb-above-header-display":"","ast-hfb-below-header-display":"","ast-hfb-mobile-header-display":"","site-post-title":"","ast-breadcrumbs-content":"","ast-featured-img":"","footer-sml-layout":"","ast-disable-related-posts":"","theme-transparent-header-meta":"default","adv-header-id-meta":"","stick-header-meta":"","header-above-stick-meta":"","header-main-stick-meta":"","header-below-stick-meta":"","astra-migrate-meta-layouts":"set","ast-page-background-enabled":"default","ast-page-background-meta":{"desktop":{"background-color":"var(--ast-global-color-4)","background-image":"","background-repeat":"repeat","background-position":"center center","background-size":"auto","background-attachment":"scroll","background-type":"","background-media":"","overlay-type":"","overlay-color":"","overlay-opacity":"","overlay-gradient":""},"tablet":{"background-color":"","background-image":"","background-repeat":"repeat","background-position":"center center","background-size":"auto","background-attachment":"scroll","background-type":"","background-media":"","overlay-type":"","overlay-color":"","overlay-opacity":"","overlay-gradient":""},"mobile":{"background-color":"","background-image":"","background-repeat":"repeat","background-position":"center center","background-size":"auto","background-attachment":"scroll","background-type":"","background-media":"","overlay-type":"","overlay-color":"","overlay-opacity":"","overlay-gradient":""}},"ast-content-background-meta":{"desktop":{"background-color":"var(--ast-global-color-5)","background-image":"","background-repeat":"repeat","background-position":"center center","background-size":"auto","background-attachment":"scroll","background-type":"","background-media":"","overlay-type":"","overlay-color":"","overlay-opacity":"","overlay-gradient":""},"tablet":{"background-color":"var(--ast-global-color-5)","background-image":"","background-repeat":"repeat","background-position":"center center","background-size":"auto","background-attachment":"scroll","background-type":"","background-media":"","overlay-type":"","overlay-color":"","overlay-opacity":"","overlay-gradient":""},"mobile":{"background-color":"var(--ast-global-color-5)","background-image":"","background-repeat":"repeat","background-position":"center center","background-size":"auto","background-attachment":"scroll","background-type":"","background-media":"","overlay-type":"","overlay-color":"","overlay-opacity":"","overlay-gradient":""}},"_joinchat":[]},"product_brand":[],"product_cat":[25,61,289,27,293,30,26,15,28,31,295,137,296,136,280],"product_tag":[44,40,41,43,42,37],"class_list":{"0":"post-1869","1":"product","2":"type-product","3":"status-publish","4":"has-post-thumbnail","6":"product_cat-germany-best-selling-vape","7":"product_cat-15000-puffs-disposable-vapes","8":"product_cat-big-puffs-disposable-vapes","9":"product_cat-fance-hot-sale-vape","10":"product_cat-low-nicotine-disposable-vapes","11":"product_cat-minimum-order-quantity-50pcs","12":"product_cat-netherlands-hot-sale-vape","13":"product_cat-new-vape-this-week","14":"product_cat-poland-hot-sale-vape","15":"product_cat-randm-fumot-vape","16":"product_cat-rechargeable-disposable-vapes","17":"product_cat-rechargeable-vapes","18":"product_cat-shisha-hookah-disposable-vapes","19":"product_cat-smart-screen-vapes","20":"product_cat-vopk-vape","21":"product_tag-15k-puffs-15000-vape-wholesale","22":"product_tag-hot-sale-vape","23":"product_tag-original-factory-vape","24":"product_tag-shisha-vape","25":"product_tag-vopk-vape","26":"product_tag-wholesale-vape-price","27":"desktop-align-left","28":"tablet-align-left","29":"mobile-align-left","31":"first","32":"instock","33":"sale","34":"shipping-taxable","35":"purchasable","36":"product-type-simple"},"uagb_featured_image_src":{"full":["https:\/\/rmvapesale.com\/wp-content\/uploads\/2024\/04\/VOPK-SHISHA-VAPE-15K-PUFFS-PRICE.jpg",500,500,false],"thumbnail":["https:\/\/rmvapesale.com\/wp-content\/uploads\/2024\/04\/VOPK-SHISHA-VAPE-15K-PUFFS-PRICE-150x150.jpg",150,150,true],"medium":["https:\/\/rmvapesale.com\/wp-content\/uploads\/2024\/04\/VOPK-SHISHA-VAPE-15K-PUFFS-PRICE-300x300.jpg",300,300,true],"medium_large":["https:\/\/rmvapesale.com\/wp-content\/uploads\/2024\/04\/VOPK-SHISHA-VAPE-15K-PUFFS-PRICE.jpg",500,500,false],"large":["https:\/\/rmvapesale.com\/wp-content\/uploads\/2024\/04\/VOPK-SHISHA-VAPE-15K-PUFFS-PRICE.jpg",500,500,false],"1536x1536":["https:\/\/rmvapesale.com\/wp-content\/uploads\/2024\/04\/VOPK-SHISHA-VAPE-15K-PUFFS-PRICE.jpg",500,500,false],"2048x2048":["https:\/\/rmvapesale.com\/wp-content\/uploads\/2024\/04\/VOPK-SHISHA-VAPE-15K-PUFFS-PRICE.jpg",500,500,false],"trp-custom-language-flag":["https:\/\/rmvapesale.com\/wp-content\/uploads\/2024\/04\/VOPK-SHISHA-VAPE-15K-PUFFS-PRICE.jpg",12,12,false],"woocommerce_thumbnail":["https:\/\/rmvapesale.com\/wp-content\/uploads\/2024\/04\/VOPK-SHISHA-VAPE-15K-PUFFS-PRICE-300x300.jpg",300,300,true],"woocommerce_single":["https:\/\/rmvapesale.com\/wp-content\/uploads\/2024\/04\/VOPK-SHISHA-VAPE-15K-PUFFS-PRICE.jpg",500,500,false],"woocommerce_gallery_thumbnail":["https:\/\/rmvapesale.com\/wp-content\/uploads\/2024\/04\/VOPK-SHISHA-VAPE-15K-PUFFS-PRICE-100x100.jpg",100,100,true],"wcpr-photo-reviews":["https:\/\/rmvapesale.com\/wp-content\/uploads\/2024\/04\/VOPK-SHISHA-VAPE-15K-PUFFS-PRICE.jpg",500,500,false]},"uagb_author_info":{"display_name":"yannazhan","author_link":"https:\/\/rmvapesale.com\/hr\/author\/"},"uagb_comment_info":0,"uagb_excerpt":"15K PUFFS JNR VAPE VOPK Wholesale Price 15K PUFFS JNR SHISHA VOPK Factory Price 15K PUFFS VAPE SHISHA VOPK Discount Price Contact Amy For More Discount And Lower MOQ Vape WhatsApp: +86 17776015835","_links":{"self":[{"href":"https:\/\/rmvapesale.com\/hr\/wp-json\/wp\/v2\/product\/1869","targetHints":{"allow":["GET"]}}],"collection":[{"href":"https:\/\/rmvapesale.com\/hr\/wp-json\/wp\/v2\/product"}],"about":[{"href":"https:\/\/rmvapesale.com\/hr\/wp-json\/wp\/v2\/types\/product"}],"replies":[{"embeddable":true,"href":"https:\/\/rmvapesale.com\/hr\/wp-json\/wp\/v2\/comments?post=1869"}],"wp:featuredmedia":[{"embeddable":true,"href":"https:\/\/rmvapesale.com\/hr\/wp-json\/wp\/v2\/media\/1864"}],"wp:attachment":[{"href":"https:\/\/rmvapesale.com\/hr\/wp-json\/wp\/v2\/media?parent=1869"}],"wp:term":[{"taxonomy":"product_brand","embeddable":true,"href":"https:\/\/rmvapesale.com\/hr\/wp-json\/wp\/v2\/product_brand?post=1869"},{"taxonomy":"product_cat","embeddable":true,"href":"https:\/\/rmvapesale.com\/hr\/wp-json\/wp\/v2\/product_cat?post=1869"},{"taxonomy":"product_tag","embeddable":true,"href":"https:\/\/rmvapesale.com\/hr\/wp-json\/wp\/v2\/product_tag?post=1869"}],"curies":[{"name":"wp","href":"https:\/\/api.w.org\/{rel}","templated":true}]}}