{"id":1874,"date":"2024-05-09T07:00:52","date_gmt":"2024-05-09T07:00:52","guid":{"rendered":"https:\/\/rmvapesale.com\/?post_type=product&#038;p=1874"},"modified":"2024-10-21T08:04:35","modified_gmt":"2024-10-21T08:04:35","slug":"randm-tornado-15000-puffs-15k-vape-recharge-fumot-original-vape-factory-price","status":"publish","type":"product","link":"https:\/\/rmvapesale.com\/hr\/product\/randm-tornado-15000-puffs-15k-vape-recharge-fumot-original-vape-factory-price\/","title":{"rendered":"RANDM TORNADO 15000 PUFFS 15K VAPE PUNJENJE FUMOT ORIGINALNA TVORNI\u010cKA CIJENA VAPE-A"},"content":{"rendered":"<h1>RANDM TORNADO 15000 PUFFS 15K VAPE PUNJENJE FUMOT ORIGINALNA TVORNI\u010cKA CIJENA VAPE-A<\/h1>\n<p>RANDM TORNADO VAPE 15000 PUFFS Punjenje vapea sada je popularno u ve\u0107ini europskih zemalja, poput Njema\u010dke, Nizozemske, Francuske, Italije, \u0160panjolske, \u0160vicarske, \u0160vedske, Poljske, itd. Kako kupiti Randm Tornado 15k Vape? \u0160to je Fumot tornado 15k vape? Pozdravite RANDM Tornado 15K Vape \u2013 vrhunski proizvod od Fumot. Ovaj ure\u0111aj pru\u017ea dozu s kapacitetom od 15.000 udisaja, postavljaju\u0107i visoke standarde u svijetu vapea. Izra\u0111en od strane \u010darobnjaka u Shenzhen Fumot Technology, ovaj vape ne samo da izgleda cool, ve\u0107 i isporu\u010duje vrhunske performanse.<\/p>\n<p>S opcijama za sadr\u017eaj nikotina od 0% do 5%, i unaprijed napunjen s 25ml e-teku\u0107ine, ima okuse za svaki ukus. Napajan od 850mAh punjivom baterijom i s Mesh grija\u010dem od 0.9\u03a9, jam\u010di glatke udise svaki put. Pratite razinu teku\u0107ine i baterije pomo\u0107u LED indikatora \u2013 jednostavno za kori\u0161tenje. Pripremite se za vrhunsko iskustvo vapeanja s RANDM Tornado 15K Vape<\/p>\n<p>&nbsp;<\/p>\n<p><strong>Dodajte prodajnu menad\u017eericu AMY na WhatsApp <a href=\"https:\/\/wa.me\/8617776015835\" target=\"_blank\" rel=\"noopener\">+86-17776015835<\/a> ostvarite ve\u0107i popust!<\/strong><\/p>\n<p><img loading=\"lazy\" decoding=\"async\" class=\"size-medium wp-image-1814\" src=\"https:\/\/rmvapesale.com\/wp-content\/uploads\/2024\/04\/whatsapp-amy-229x300.jpg\" alt=\"whatsapp amy\" width=\"229\" height=\"300\" srcset=\"https:\/\/rmvapesale.com\/wp-content\/uploads\/2024\/04\/whatsapp-amy-229x300.jpg 229w, https:\/\/rmvapesale.com\/wp-content\/uploads\/2024\/04\/whatsapp-amy-783x1024.jpg 783w, https:\/\/rmvapesale.com\/wp-content\/uploads\/2024\/04\/whatsapp-amy-768x1005.jpg 768w, https:\/\/rmvapesale.com\/wp-content\/uploads\/2024\/04\/whatsapp-amy-600x785.jpg 600w, https:\/\/rmvapesale.com\/wp-content\/uploads\/2024\/04\/whatsapp-amy.jpg 990w\" sizes=\"auto, (max-width: 229px) 100vw, 229px\" \/><\/p>\n<h2>Tehni\u010dke specifikacije FUMOT TORNADO 15000 jednokratnog vapea:<\/h2>\n<p>Opcije sadr\u017eaja nikotina: 0%, 2%, 3% i 5%<br \/>\nDo 15000 udisaja<br \/>\nUnaprijed napunjen s 25ml e-teku\u0107ine<br \/>\npunjiva baterija od 850mAh<br \/>\n0.9\u03a9 mre\u017easta zavojnica<br \/>\n41 dostupni okusi<\/p>\n<h2>Najbolji okus Randm 15000 Puff<\/h2>\n<p>1 Plava Razz Lemonada<br \/>\n2 Breskva s ledom<br \/>\n3 Kisele jabuke<br \/>\n4 Lubenica s ledom<br \/>\n5 Borovnica na ledu<br \/>\n6 Borovnica s malinom<br \/>\n7 Ananas s ledom<br \/>\n8 Tre\u0161nja<br \/>\n9 Led od Jagode<br \/>\n10 Vimto\u00a0 <span style=\"color: #ff0000\"><strong>&gt;&gt;&gt;&gt; Vru\u0107e!<\/strong><\/span><br \/>\n11 Gro\u017e\u0111ani led<br \/>\n12 Cola led<br \/>\n13 Jagoda lubenica<br \/>\n14 Roza limunada <span style=\"color: #ff0000\"><strong>&gt;&gt;&gt;&gt; Najbolje!<\/strong><\/span><br \/>\n15 Mije\u0161ano bobi\u010dasto vo\u0107e <span style=\"color: #ff0000\"><strong>&gt;&gt;&gt;&gt; Vru\u0107e!<\/strong><\/span><br \/>\n16 Breskva mango<br \/>\n17. Zmajevo vo\u0107e<br \/>\n18 Jagoda gro\u017e\u0111e<br \/>\n19. Gospodin plavi <span style=\"color: #ff0000\"><strong>&gt;&gt;&gt;&gt; Vru\u0107e!<\/strong><\/span><br \/>\n20. Buja\u0107i led<br \/>\n21. led na \u0161tapi\u0107u<br \/>\n22. Jagoda kiwi<br \/>\n23. Kiwi marakuja guava<br \/>\n24. Trobojno bobi\u010dasto vo\u0107e <span style=\"color: #ff0000\"><strong>&gt;&gt;&gt;&gt; Vru\u0107e!<\/strong><\/span><br \/>\n25. Banana led<br \/>\n26. Breskva borovnica bombona<br \/>\n27. Jabuka breskva kru\u0161ka<br \/>\n28. Bobi\u010dasta limunada<br \/>\n29. Plavi Razz tre\u0161nja<br \/>\n30. Borovnica \u017evaka\u0107a guma<br \/>\n31. Borovnica Vi\u0161nja Brusnica<br \/>\n32. Borovnica Granat<br \/>\n33. Plavi Kupina Malina<br \/>\n34. Vi\u0161nja Cola<br \/>\n35. Gumi Medvjedi\u0107<br \/>\n36. Limun i Limeta<br \/>\n37. Mango na ledu<br \/>\n38. Crvena Energetska Led<br \/>\n39. Jagoda Banana<br \/>\n40. Jagoda Red Bull<br \/>\n41. Limunada s jagodom i lubenicom<\/p>\n<p>&nbsp;<\/p>\n<h2>Randm Tornado 15000 FAQ<\/h2>\n<p>1. \u0160to je RANDM VAPE 15K TORNADO Original?<br \/>\nRANDM VAPE 15K TORNADO Original je vru\u0107a prodaja jednokratni ure\u0111aj za vaping koji proizvodi tvrtka Fumot Vape Tech. Nazvan je po svom impresivnom kapacitetu od 15 000 udisaja.<\/p>\n<p>2. Tko proizvodi RANDM VAPE 15K TORNADO Original?<br \/>\nRANDM VAPE 15K TORNADO Original proizvodi Shenzhen Fumot Technology, vode\u0107a tvrtka u industriji vapinga poznata po svojim inovativnim proizvodima.<\/p>\n<p>3. Po \u010demu je RANDM VAPE 15K TORNADO Authentic jedinstven?<\/p>\n<p>Sa svojim kapacitetom od 15 000 udisaja, RANDM VAPE 15K TORNADO Authentic isti\u010de se kao jedan od jednokratnih vape ure\u0111aja najve\u0107eg kapaciteta na tr\u017ei\u0161tu. To je dobar izbor za one koji \u017eele dugotrajnije ure\u0111aje.<\/p>\n<p>4. Koji su okusi dostupni za RANDM VAPE 15K TORNADO Original?<br \/>\nRANDM VAPE 15K TORNADO Original dolazi u raznim okusima, uklju\u010duju\u0107i Apple Peach Pear, Banana Ice, Berry Lemonade, Blue Razz Cherry i mnoge druge. S 41 okusom na izbor, ima pone\u0161to za sva\u010diji ukus.<\/p>\n<p>5. Koliko dugo traje baterija na RANDM VAPE 15K TORNADO Authentic?<br \/>\nRANDM VAPE 15K TORNADO Authentic ima ugra\u0111enu bateriju kapaciteta 850mAh, koja nudi produljenu upotrebu s jednim punjenjem. To\u010dan vijek trajanja baterije ovisi o individualnim navikama kori\u0161tenja.<\/p>\n<p>6. Mo\u017ee li se RANDM VAPE 15000 TORNADO Original puniti?<br \/>\nNe, RANDM VAPE 15000 TORNADO Original je jednokratni ure\u0111aj za vaping i ne mo\u017ee se puniti. Kada se baterija isprazni ili e-teku\u0107ina potro\u0161i, ure\u0111aj se treba odgovorno odlo\u017eiti.<\/p>\n<p>7. Kako mogu kupiti RANDM VAPE 15000 Original?<br \/>\nRANDM VAPE 15000 Original dostupan je za kupnju putem ovla\u0161tenih distributera. Za veleprodajne upite, distributeri mogu <a href=\"https:\/\/wa.me\/8617776015835\" target=\"_blank\" rel=\"noopener\">kontaktirati nas<\/a> izravno. Maloprodajni kupci mogu prona\u0107i proizvod kod odabranih trgovaca ili online trgovina.<\/p>\n<p>&nbsp;<\/p>\n<p>Prona\u0111ite vi\u0161e Vape proizvoda koji bi vam se mogli svidjeti:<em><a href=\"https:\/\/rmvapesale.com\/hr\/shop-2\/\">Kupite sada\u00a0<\/a><\/em><\/p>\n<p>ostali popularni proizvodi koji bi vam se mogli svidjeti:<\/p>\n<p><a href=\"https:\/\/rmvapesale.com\/hr\/product\/jnr-shisha-vape-15000-puffs-wholesale-price-with-screen-vape\/\">VOPK SHISHA 15K<\/a><\/p>\n<p><a href=\"https:\/\/rmvapesale.com\/hr\/product\/randm-vape-al-fakher-10000-puffs-vape-wholesale\/\">randm vape AI FAKHER 15k vape<\/a><\/p>","protected":false},"excerpt":{"rendered":"<p class=\"LC20lb MBeuO DKV0Md\">15K PUFFS FUMOT VAPE RANDM Veleprodajna cijena<br \/>\n15K PUFFS FUMOT ORIGINALNA RANDM TVORNICA CIJENA<br \/>\n15K PUFFS Pravi FUMOT VAPE TORNADO RANDM Cijena s popustom<br \/>\n<strong>Kontaktirajte Amy za ve\u0107i popust i ni\u017ei MOQ vape<\/strong><\/p>\n<p><img loading=\"lazy\" decoding=\"async\" class=\"size-medium wp-image-1814\" src=\"https:\/\/rmvapesale.com\/wp-content\/uploads\/2024\/04\/whatsapp-amy-229x300.jpg\" alt=\"whatsapp amy\" width=\"229\" height=\"300\" srcset=\"https:\/\/rmvapesale.com\/wp-content\/uploads\/2024\/04\/whatsapp-amy-229x300.jpg 229w, https:\/\/rmvapesale.com\/wp-content\/uploads\/2024\/04\/whatsapp-amy-783x1024.jpg 783w, https:\/\/rmvapesale.com\/wp-content\/uploads\/2024\/04\/whatsapp-amy-768x1005.jpg 768w, https:\/\/rmvapesale.com\/wp-content\/uploads\/2024\/04\/whatsapp-amy-600x785.jpg 600w, https:\/\/rmvapesale.com\/wp-content\/uploads\/2024\/04\/whatsapp-amy.jpg 990w\" sizes=\"auto, (max-width: 229px) 100vw, 229px\" \/><\/p>\n<h3><span style=\"color: #ff0000\"><strong>WhatsApp: +86 17776015835<\/strong><\/span><\/h3>","protected":false},"featured_media":1877,"comment_status":"open","ping_status":"closed","template":"","meta":{"_uag_custom_page_level_css":"","_lmt_disableupdate":"no","_lmt_disable":"","site-sidebar-layout":"default","site-content-layout":"content-boxed-container","ast-site-content-layout":"normal-width-container","site-content-style":"boxed","site-sidebar-style":"unboxed","ast-global-header-display":"","ast-banner-title-visibility":"","ast-main-header-display":"","ast-hfb-above-header-display":"","ast-hfb-below-header-display":"","ast-hfb-mobile-header-display":"","site-post-title":"","ast-breadcrumbs-content":"","ast-featured-img":"","footer-sml-layout":"","theme-transparent-header-meta":"default","adv-header-id-meta":"","stick-header-meta":"","header-above-stick-meta":"","header-main-stick-meta":"","header-below-stick-meta":"","astra-migrate-meta-layouts":"set","ast-page-background-enabled":"default","ast-page-background-meta":{"desktop":{"background-color":"var(--ast-global-color-4)","background-image":"","background-repeat":"repeat","background-position":"center center","background-size":"auto","background-attachment":"scroll","background-type":"","background-media":"","overlay-type":"","overlay-color":"","overlay-opacity":"","overlay-gradient":""},"tablet":{"background-color":"","background-image":"","background-repeat":"repeat","background-position":"center center","background-size":"auto","background-attachment":"scroll","background-type":"","background-media":"","overlay-type":"","overlay-color":"","overlay-opacity":"","overlay-gradient":""},"mobile":{"background-color":"","background-image":"","background-repeat":"repeat","background-position":"center center","background-size":"auto","background-attachment":"scroll","background-type":"","background-media":"","overlay-type":"","overlay-color":"","overlay-opacity":"","overlay-gradient":""}},"ast-content-background-meta":{"desktop":{"background-color":"var(--ast-global-color-5)","background-image":"","background-repeat":"repeat","background-position":"center center","background-size":"auto","background-attachment":"scroll","background-type":"","background-media":"","overlay-type":"","overlay-color":"","overlay-opacity":"","overlay-gradient":""},"tablet":{"background-color":"var(--ast-global-color-5)","background-image":"","background-repeat":"repeat","background-position":"center center","background-size":"auto","background-attachment":"scroll","background-type":"","background-media":"","overlay-type":"","overlay-color":"","overlay-opacity":"","overlay-gradient":""},"mobile":{"background-color":"var(--ast-global-color-5)","background-image":"","background-repeat":"repeat","background-position":"center center","background-size":"auto","background-attachment":"scroll","background-type":"","background-media":"","overlay-type":"","overlay-color":"","overlay-opacity":"","overlay-gradient":""}},"_joinchat":[]},"product_brand":[],"product_cat":[25,51,123,26,28,135,27,31,61,137,15,30],"product_tag":[44,39,40,41,171,38,37],"class_list":{"0":"post-1874","1":"product","2":"type-product","3":"status-publish","4":"has-post-thumbnail","6":"product_cat-germany-best-selling-vape","7":"product_cat-fumot-vape","8":"product_cat-italy-wholesale-vape","9":"product_cat-netherlands-hot-sale-vape","10":"product_cat-poland-hot-sale-vape","11":"product_cat-spain-best-hot-sale-vape","12":"product_cat-fance-hot-sale-vape","13":"product_cat-randm-fumot-vape","14":"product_cat-15000-puffs-disposable-vapes","15":"product_cat-rechargeable-vapes","16":"product_cat-new-vape-this-week","17":"product_cat-minimum-order-quantity-50pcs","18":"product_tag-15k-puffs-15000-vape-wholesale","19":"product_tag-fumot-vape","20":"product_tag-hot-sale-vape","21":"product_tag-original-factory-vape","22":"product_tag-randm-15000","23":"product_tag-randm-vape","24":"product_tag-wholesale-vape-price","25":"desktop-align-left","26":"tablet-align-left","27":"mobile-align-left","29":"first","30":"instock","31":"sale","32":"shipping-taxable","33":"purchasable","34":"product-type-simple"},"uagb_featured_image_src":{"full":["https:\/\/rmvapesale.com\/wp-content\/uploads\/2024\/05\/randm-vape-tornado-15k-fumot.jpg",424,589,false],"thumbnail":["https:\/\/rmvapesale.com\/wp-content\/uploads\/2024\/05\/randm-vape-tornado-15k-fumot-150x150.jpg",150,150,true],"medium":["https:\/\/rmvapesale.com\/wp-content\/uploads\/2024\/05\/randm-vape-tornado-15k-fumot-216x300.jpg",216,300,true],"medium_large":["https:\/\/rmvapesale.com\/wp-content\/uploads\/2024\/05\/randm-vape-tornado-15k-fumot.jpg",424,589,false],"large":["https:\/\/rmvapesale.com\/wp-content\/uploads\/2024\/05\/randm-vape-tornado-15k-fumot.jpg",424,589,false],"1536x1536":["https:\/\/rmvapesale.com\/wp-content\/uploads\/2024\/05\/randm-vape-tornado-15k-fumot.jpg",424,589,false],"2048x2048":["https:\/\/rmvapesale.com\/wp-content\/uploads\/2024\/05\/randm-vape-tornado-15k-fumot.jpg",424,589,false],"trp-custom-language-flag":["https:\/\/rmvapesale.com\/wp-content\/uploads\/2024\/05\/randm-vape-tornado-15k-fumot.jpg",9,12,false],"woocommerce_thumbnail":["https:\/\/rmvapesale.com\/wp-content\/uploads\/2024\/05\/randm-vape-tornado-15k-fumot-300x300.jpg",300,300,true],"woocommerce_single":["https:\/\/rmvapesale.com\/wp-content\/uploads\/2024\/05\/randm-vape-tornado-15k-fumot.jpg",424,589,false],"woocommerce_gallery_thumbnail":["https:\/\/rmvapesale.com\/wp-content\/uploads\/2024\/05\/randm-vape-tornado-15k-fumot-100x100.jpg",100,100,true],"wcpr-photo-reviews":["https:\/\/rmvapesale.com\/wp-content\/uploads\/2024\/05\/randm-vape-tornado-15k-fumot.jpg",360,500,false]},"uagb_author_info":{"display_name":"yannazhan","author_link":"https:\/\/rmvapesale.com\/hr\/author\/"},"uagb_comment_info":0,"uagb_excerpt":"15K PUFFS FUMOT VAPE RANDM Wholesale Price 15K PUFFS FUMOT ORIGINAL RANDM\u00a0 Factory Price 15K PUFFS Genuine FUMOT VAPE TORNADO RANDM Discount Price Contact Amy For More Discount And Lower MOQ Vape WhatsApp: +86 17776015835","_links":{"self":[{"href":"https:\/\/rmvapesale.com\/hr\/wp-json\/wp\/v2\/product\/1874","targetHints":{"allow":["GET"]}}],"collection":[{"href":"https:\/\/rmvapesale.com\/hr\/wp-json\/wp\/v2\/product"}],"about":[{"href":"https:\/\/rmvapesale.com\/hr\/wp-json\/wp\/v2\/types\/product"}],"replies":[{"embeddable":true,"href":"https:\/\/rmvapesale.com\/hr\/wp-json\/wp\/v2\/comments?post=1874"}],"wp:featuredmedia":[{"embeddable":true,"href":"https:\/\/rmvapesale.com\/hr\/wp-json\/wp\/v2\/media\/1877"}],"wp:attachment":[{"href":"https:\/\/rmvapesale.com\/hr\/wp-json\/wp\/v2\/media?parent=1874"}],"wp:term":[{"taxonomy":"product_brand","embeddable":true,"href":"https:\/\/rmvapesale.com\/hr\/wp-json\/wp\/v2\/product_brand?post=1874"},{"taxonomy":"product_cat","embeddable":true,"href":"https:\/\/rmvapesale.com\/hr\/wp-json\/wp\/v2\/product_cat?post=1874"},{"taxonomy":"product_tag","embeddable":true,"href":"https:\/\/rmvapesale.com\/hr\/wp-json\/wp\/v2\/product_tag?post=1874"}],"curies":[{"name":"wp","href":"https:\/\/api.w.org\/{rel}","templated":true}]}}