{"id":1886,"date":"2024-05-15T08:46:17","date_gmt":"2024-05-15T08:46:17","guid":{"rendered":"https:\/\/rmvapesale.com\/?post_type=product&#038;p=1886"},"modified":"2024-10-21T08:52:11","modified_gmt":"2024-10-21T08:52:11","slug":"original-randm-vape-digital-puff-12000-fumot-factory-price","status":"publish","type":"product","link":"https:\/\/rmvapesale.com\/hr\/product\/original-randm-vape-digital-puff-12000-fumot-factory-price\/","title":{"rendered":"Originalna Randm Vape Digital Puff 12000 FUMOT Tvorini\u010dka cijena"},"content":{"rendered":"<h1>Originalna Randm Vape Digital Puff 12000 FUMOT Tvorini\u010dka cijena<\/h1>\n<p>Najnoviji <strong>Originalni Randm Vape Digital Puff 12000<\/strong>, savr\u0161en izbor za \u0161irenje va\u0161eg tr\u017ei\u0161ta u Europi, poput Hrvatske. Ovaj napredni ure\u0111aj za vaping ne samo da se mo\u017ee pohvaliti izvrsnim performansama, ve\u0107 nudi i razne okuse koji odgovaraju razli\u010ditim preferencijama potro\u0161a\u010da.<\/p>\n<p>Ovaj <strong>Fumot Digital Box 12000 jednokratni vape<\/strong> opremljen je kapacitetom e-teku\u0107ine od 20 ml, osiguravaju\u0107i do 12.000 udisaja po ure\u0111aju, osiguravaju\u0107i dugotrajno u\u017eivanje za korisnike. Sadr\u017ei integriranu punjivu bateriju od 850 mAh s prakti\u010dnim zaslonom za bateriju i e-teku\u0107inu, omogu\u0107uju\u0107i korisnicima da jednostavno prate preostalu snagu i razinu e-teku\u0107ine za iskustvo vapinga bez muke.<\/p>\n<p>Nudimo \u0161iroku paletu okusa, uklju\u010duju\u0107i Cool Mint, Watermelon Ice, Grape Ice, Blueberry Raspberry, Strawberry Watermelon i mnoge druge, s ukupno 24 jedinstvene opcije. Na primjer, Cool Mint pru\u017ea osvje\u017eavaju\u0107i i hladan osje\u0107aj, dok Watermelon Ice kombinira slatke i ledene note za prekrasan do\u017eivljaj, savr\u0161en za vru\u0107e ljetne dane.<\/p>\n<p>\u0160tovi\u0161e, <strong>Fumot Digital Randm 12000 jednokratni vape<\/strong> koristi naprednu tehnologiju soli nikotina, dostupnu u koncentracijama nikotina od 0%, 2%, 3% i 5%, \u0161to korisnicima omogu\u0107uje odabir razine koja najbolje odgovara njihovim potrebama.<\/p>\n<p>Kao veletrgovac VAPE-om, mo\u017eete imati koristi od na\u0161ih tvorni\u010dkih cijena, osiguravaju\u0107i maksimalnu isplativost. Na\u0161a minimalna koli\u010dina narud\u017ebe je samo 50 komada, idealna za veletrgovce koji po prvi put uvoze e-cigarete iz Kine. Tako\u0111er pru\u017eamo 24-satnu korisni\u010dku podr\u0161ku i rje\u0161avamo sva pitanja vezana uz carinjenje, \u010dine\u0107i va\u0161 proces kupnje glatkim i bezbri\u017enim.<\/p>\n<p><strong>Dodajte prodajnu menad\u017eericu AMY na WhatsApp <a href=\"https:\/\/wa.me\/8617776015835\" target=\"_blank\" rel=\"noopener\">+86-17776015835<\/a> ostvarite ve\u0107i popust!<\/strong><\/p>\n<p><img loading=\"lazy\" decoding=\"async\" class=\"size-medium wp-image-1814\" src=\"https:\/\/rmvapesale.com\/wp-content\/uploads\/2024\/04\/whatsapp-amy-229x300.jpg\" alt=\"whatsapp amy\" width=\"229\" height=\"300\" srcset=\"https:\/\/rmvapesale.com\/wp-content\/uploads\/2024\/04\/whatsapp-amy-229x300.jpg 229w, https:\/\/rmvapesale.com\/wp-content\/uploads\/2024\/04\/whatsapp-amy-783x1024.jpg 783w, https:\/\/rmvapesale.com\/wp-content\/uploads\/2024\/04\/whatsapp-amy-768x1005.jpg 768w, https:\/\/rmvapesale.com\/wp-content\/uploads\/2024\/04\/whatsapp-amy-600x785.jpg 600w, https:\/\/rmvapesale.com\/wp-content\/uploads\/2024\/04\/whatsapp-amy.jpg 990w\" sizes=\"auto, (max-width: 229px) 100vw, 229px\" \/><\/p>\n<h2>Specifikacije FUMOT PUFF 12000 jednokratni vape:<\/h2>\n<p>Opcije sadr\u017eaja nikotina: 0%, 2%, 3% i 5%<br \/>\nDo 12000 udisaja<br \/>\nPrethodno napunjeno s 20 ml e-teku\u0107ine<br \/>\npunjiva baterija od 850mAh<br \/>\n0.9\u03a9 mre\u017easta zavojnica<br \/>\n40 dostupnih okusa<\/p>\n<h2>Popularan okus za Randm vape Digital 12000 Puff<\/h2>\n<p>1 Hladna Metvica<br \/>\n2 Lubenica Led<br \/>\n3 Gro\u017e\u0111e Led<br \/>\n4 Borovnica Malina <strong><span style=\"color: #ff0000\">&gt;&gt;&gt;Vru\u0107e!<\/span><\/strong><br \/>\n5 Jagoda Lubenica<br \/>\n6 Jagoda Banana<br \/>\n7 So\u010dni Led<br \/>\n8 Tre\u0161nja<br \/>\n9 Led od Jagode<br \/>\n10 Ledeni Pop<br \/>\n11 Roza Limunada <strong><span style=\"color: #ff0000\">&gt;&gt;&gt;Najbolje!<\/span><\/strong><br \/>\n12 Mango na ledu<br \/>\n13 Mije\u0161ano Bobi\u010dasto Vo\u0107e<br \/>\n14 Krafna s Jagodama<br \/>\n15 Gro\u017e\u0111e od Jagode<br \/>\n16 Tre\u0161nja Kola<br \/>\n17 Dr. plavi<br \/>\n18 Borovnica na ledu<br \/>\n19 Kivi marakuja guava<br \/>\n20 Jagoda kivi<br \/>\n21 Breskva mango<br \/>\n22 Led od Breskve<br \/>\n23 Led od Crvene Jabuke<br \/>\n24 \u017dvaka\u0107a Guma od Borovnice<br \/>\n25 Bobi\u010dasta Limunada<br \/>\n26 Plava Razz Limunada<br \/>\n27 Plava malina <strong><span style=\"color: #ff0000\">&gt;&gt;&gt;Vru\u0107e!<\/span><\/strong><br \/>\n28 Jagoda Red bull<br \/>\n29 Eksplozija jabuke i bobi\u010dastog vo\u0107a<br \/>\n30 \u017dvaka\u0107a guma od lubenice<br \/>\n31 Malina lubenica<br \/>\n32 Crni led<br \/>\n33 Borovnica vi\u0161nja brusnica <strong><span style=\"color: #ff0000\">&gt;&gt;&gt;Vru\u0107e!<\/span><\/strong><br \/>\n34 Jagoda \u0161ipak (nar)<br \/>\n35 Vimto <strong><span style=\"color: #ff0000\">&gt;&gt;&gt;Vru\u0107e!<\/span><\/strong><br \/>\n36 Vi\u0161nja bobi\u010dasto vo\u0107e<br \/>\n37 Limun<br \/>\n38 Bingo Crush<br \/>\n39 Borovnica kivi<br \/>\n40 Jabuka cimet<\/p>\n<figure id=\"attachment_2480\" aria-describedby=\"caption-attachment-2480\" style=\"width: 600px\" class=\"wp-caption alignnone\"><img loading=\"lazy\" decoding=\"async\" class=\"wp-image-2480 size-full\" src=\"https:\/\/rmvapesale.com\/wp-content\/uploads\/2024\/10\/Fumot-Digital-Box-12000-Disposable-Vape.jpg\" alt=\"Fumot Digital Box 12000 jednokratni vape\" width=\"600\" height=\"600\" srcset=\"https:\/\/rmvapesale.com\/wp-content\/uploads\/2024\/10\/Fumot-Digital-Box-12000-Disposable-Vape.jpg 600w, https:\/\/rmvapesale.com\/wp-content\/uploads\/2024\/10\/Fumot-Digital-Box-12000-Disposable-Vape-300x300.jpg 300w, https:\/\/rmvapesale.com\/wp-content\/uploads\/2024\/10\/Fumot-Digital-Box-12000-Disposable-Vape-150x150.jpg 150w, https:\/\/rmvapesale.com\/wp-content\/uploads\/2024\/10\/Fumot-Digital-Box-12000-Disposable-Vape-100x100.jpg 100w\" sizes=\"auto, (max-width: 600px) 100vw, 600px\" \/><figcaption id=\"caption-attachment-2480\" class=\"wp-caption-text\">Fumot Digital Box 12000 jednokratni vape<\/figcaption><\/figure>\n<h2>Stvari koje biste mo\u017eda \u017eeljeli znati o Fumot Digital Puff 12000 Vape prije kupnje na veliko.<\/h2>\n<p><strong>P1: Koje su opcije nikotina dostupne za Fumot Randm Digital 12000 Puffs Vape?<\/strong><\/p>\n<ul>\n<li>Ovaj <strong>Originalni Fumot Vape Digital 12000 Puffs<\/strong> nudi koncentracije nikotinske soli od 0%, 2%, 3% i 5%.<\/li>\n<\/ul>\n<p><strong>P2: Koliko je okusa dostupno za ovaj proizvod?<\/strong><\/p>\n<ul>\n<li>Ovaj <strong>Originalni Randm Digital Vape 12k Puffs<\/strong> dolazi u 24 razli\u010dita okusa, uklju\u010duju\u0107i Cool Mint, Watermelon Ice, Grape Ice i mnoge druge.<\/li>\n<\/ul>\n<p><strong>P3: Koliki je kapacitet e-teku\u0107ine i broj puhanja za ovaj ure\u0111aj?<\/strong><\/p>\n<ul>\n<li>Ovaj <strong>Originalni Randm Vape Digital Puffs 12000<\/strong> ima kapacitet e-teku\u0107ine od 20 ml i omogu\u0107uje do 12.000 puhanja po ure\u0111aju.<\/li>\n<\/ul>\n<p><strong>P4: Je li baterija punjiva i kako mogu pratiti njezin status?<\/strong><\/p>\n<ul>\n<li>Da, <strong>Originalni Randm Digital Vape 12k Puffs<\/strong> ima integriranu punjivu bateriju od 850mAh s ekranom za pra\u0107enje razine baterije i e-teku\u0107ine.<\/li>\n<\/ul>\n<p><strong>P5: Kolika je minimalna koli\u010dina narud\u017ebe i kakvu podr\u0161ku nudite novim uvoznicima?<\/strong><\/p>\n<ul>\n<li>Na\u0161a minimalna koli\u010dina narud\u017ebe je 50 komada. Nudimo korisni\u010dku podr\u0161ku 24\/7 i rje\u0161avamo sve probleme s carinskim carinjenjem, \u0161to ga \u010dini idealnim za uvoznike po\u010detnike u Hrvatsku iz Kine.<\/li>\n<\/ul>\n<p><strong>P6: Kako je proizvod pakiran za veleprodaju?<\/strong><\/p>\n<ul>\n<li>Ovaj <strong>Originalni Fumot Digital Vape 12k Puffs<\/strong> pakiran je u izlo\u017ebenu kutiju s 10 komada i u kartonsku kutiju s 200 komada.<\/li>\n<\/ul>\n<p><strong>P7: Postoje li opcije tvorni\u010dkih cijena za veleprodajne kupnje?<\/strong><\/p>\n<ul>\n<li>Da, nudimo <strong>Original Fumot Vape Digital 12k Puffs Tvorni\u010dka Cijena<\/strong> opcije za veleprodajne kupnje kako bismo osigurali najbolju vrijednost.<\/li>\n<\/ul>\n<p><strong>P8: Mogu li dobiti konkurentne cijene za velike narud\u017ebe?<\/strong><\/p>\n<ul>\n<li>Naravno, nudimo <strong>Original Randm Digital Vape 12k Puffs Veleprodajna Cijena<\/strong> kako bismo vam pomogli maksimizirati profit va\u0161eg vape poslovanja.<\/li>\n<\/ul>\n<p>Prona\u0111ite vi\u0161e Vape proizvoda koji bi vam se mogli svidjeti:<em><a href=\"https:\/\/rmvapesale.com\/hr\/shop-2\/\">Kupite sada\u00a0<\/a><\/em><\/p>\n<p>ostali popularni proizvodi koji bi vam se mogli svidjeti:<\/p>\n<p><a href=\"https:\/\/rmvapesale.com\/hr\/product\/jnr-shisha-vape-15000-puffs-wholesale-price-with-screen-vape\/\">VOPK SHISHA 15K<\/a><\/p>\n<p><a href=\"https:\/\/rmvapesale.com\/hr\/product\/randm-vape-al-fakher-10000-puffs-vape-wholesale\/\">randm vape AI FAKHER 15k vape<\/a><\/p>\n<p><a href=\"https:\/\/rmvapesale.com\/hr\/product\/randm-tornado-15000-puffs-15k-vape-recharge-fumot-original-vape-factory-price\/\">Fumot digital box Puff 12000<\/a><\/p>","protected":false},"excerpt":{"rendered":"<p class=\"LC20lb MBeuO DKV0Md\">Originalna Fumot Vape Digital 12000 Puffs tvorni\u010dka cijena<br \/>\nOriginalna Fumot Vape Digital 12k Puffs cijena na veliko<br \/>\nFumot Vape RandM Digital 12000 jeftina cijena<br \/>\n<strong>Kontaktirajte Amy za ve\u0107i popust i ni\u017ei MOQ vape<\/strong><\/p>\n<p><img loading=\"lazy\" decoding=\"async\" class=\"size-medium wp-image-1814\" src=\"https:\/\/rmvapesale.com\/wp-content\/uploads\/2024\/04\/whatsapp-amy-229x300.jpg\" alt=\"whatsapp amy\" width=\"229\" height=\"300\" srcset=\"https:\/\/rmvapesale.com\/wp-content\/uploads\/2024\/04\/whatsapp-amy-229x300.jpg 229w, https:\/\/rmvapesale.com\/wp-content\/uploads\/2024\/04\/whatsapp-amy-783x1024.jpg 783w, https:\/\/rmvapesale.com\/wp-content\/uploads\/2024\/04\/whatsapp-amy-768x1005.jpg 768w, https:\/\/rmvapesale.com\/wp-content\/uploads\/2024\/04\/whatsapp-amy-600x785.jpg 600w, https:\/\/rmvapesale.com\/wp-content\/uploads\/2024\/04\/whatsapp-amy.jpg 990w\" sizes=\"auto, (max-width: 229px) 100vw, 229px\" \/><\/p>\n<h3><span style=\"color: #ff0000\"><strong>WhatsApp: +86 17776015835<\/strong><\/span><\/h3>","protected":false},"featured_media":2485,"comment_status":"open","ping_status":"closed","template":"","meta":{"_uag_custom_page_level_css":"","_lmt_disableupdate":"no","_lmt_disable":"","site-sidebar-layout":"default","site-content-layout":"content-boxed-container","ast-site-content-layout":"normal-width-container","site-content-style":"boxed","site-sidebar-style":"unboxed","ast-global-header-display":"","ast-banner-title-visibility":"","ast-main-header-display":"","ast-hfb-above-header-display":"","ast-hfb-below-header-display":"","ast-hfb-mobile-header-display":"","site-post-title":"","ast-breadcrumbs-content":"","ast-featured-img":"","footer-sml-layout":"","theme-transparent-header-meta":"default","adv-header-id-meta":"","stick-header-meta":"","header-above-stick-meta":"","header-main-stick-meta":"","header-below-stick-meta":"","astra-migrate-meta-layouts":"set","ast-page-background-enabled":"default","ast-page-background-meta":{"desktop":{"background-color":"var(--ast-global-color-4)","background-image":"","background-repeat":"repeat","background-position":"center center","background-size":"auto","background-attachment":"scroll","background-type":"","background-media":"","overlay-type":"","overlay-color":"","overlay-opacity":"","overlay-gradient":""},"tablet":{"background-color":"","background-image":"","background-repeat":"repeat","background-position":"center center","background-size":"auto","background-attachment":"scroll","background-type":"","background-media":"","overlay-type":"","overlay-color":"","overlay-opacity":"","overlay-gradient":""},"mobile":{"background-color":"","background-image":"","background-repeat":"repeat","background-position":"center center","background-size":"auto","background-attachment":"scroll","background-type":"","background-media":"","overlay-type":"","overlay-color":"","overlay-opacity":"","overlay-gradient":""}},"ast-content-background-meta":{"desktop":{"background-color":"var(--ast-global-color-5)","background-image":"","background-repeat":"repeat","background-position":"center center","background-size":"auto","background-attachment":"scroll","background-type":"","background-media":"","overlay-type":"","overlay-color":"","overlay-opacity":"","overlay-gradient":""},"tablet":{"background-color":"var(--ast-global-color-5)","background-image":"","background-repeat":"repeat","background-position":"center center","background-size":"auto","background-attachment":"scroll","background-type":"","background-media":"","overlay-type":"","overlay-color":"","overlay-opacity":"","overlay-gradient":""},"mobile":{"background-color":"var(--ast-global-color-5)","background-image":"","background-repeat":"repeat","background-position":"center center","background-size":"auto","background-attachment":"scroll","background-type":"","background-media":"","overlay-type":"","overlay-color":"","overlay-opacity":"","overlay-gradient":""}},"_joinchat":[]},"product_brand":[],"product_cat":[25,26,28,27,31,15,30],"product_tag":[45,46,39,40,111,41,38,165,37],"class_list":{"0":"post-1886","1":"product","2":"type-product","3":"status-publish","4":"has-post-thumbnail","6":"product_cat-germany-best-selling-vape","7":"product_cat-netherlands-hot-sale-vape","8":"product_cat-poland-hot-sale-vape","9":"product_cat-fance-hot-sale-vape","10":"product_cat-randm-fumot-vape","11":"product_cat-new-vape-this-week","12":"product_cat-minimum-order-quantity-50pcs","13":"product_tag-12k-vape-puff-12000","14":"product_tag-digital-box-12000-puff-original","15":"product_tag-fumot-vape","16":"product_tag-hot-sale-vape","17":"product_tag-low-nicotine-disposable-vape","18":"product_tag-original-factory-vape","19":"product_tag-randm-vape","20":"product_tag-rechargeable-vapes","21":"product_tag-wholesale-vape-price","22":"desktop-align-left","23":"tablet-align-left","24":"mobile-align-left","26":"first","27":"instock","28":"sale","29":"shipping-taxable","30":"purchasable","31":"product-type-simple"},"uagb_featured_image_src":{"full":["https:\/\/rmvapesale.com\/wp-content\/uploads\/2024\/10\/Randm-Vape-12000-Puffs.jpg",600,600,false],"thumbnail":["https:\/\/rmvapesale.com\/wp-content\/uploads\/2024\/10\/Randm-Vape-12000-Puffs-150x150.jpg",150,150,true],"medium":["https:\/\/rmvapesale.com\/wp-content\/uploads\/2024\/10\/Randm-Vape-12000-Puffs-300x300.jpg",300,300,true],"medium_large":["https:\/\/rmvapesale.com\/wp-content\/uploads\/2024\/10\/Randm-Vape-12000-Puffs.jpg",600,600,false],"large":["https:\/\/rmvapesale.com\/wp-content\/uploads\/2024\/10\/Randm-Vape-12000-Puffs.jpg",600,600,false],"1536x1536":["https:\/\/rmvapesale.com\/wp-content\/uploads\/2024\/10\/Randm-Vape-12000-Puffs.jpg",600,600,false],"2048x2048":["https:\/\/rmvapesale.com\/wp-content\/uploads\/2024\/10\/Randm-Vape-12000-Puffs.jpg",600,600,false],"trp-custom-language-flag":["https:\/\/rmvapesale.com\/wp-content\/uploads\/2024\/10\/Randm-Vape-12000-Puffs.jpg",12,12,false],"woocommerce_thumbnail":["https:\/\/rmvapesale.com\/wp-content\/uploads\/2024\/10\/Randm-Vape-12000-Puffs-300x300.jpg",300,300,true],"woocommerce_single":["https:\/\/rmvapesale.com\/wp-content\/uploads\/2024\/10\/Randm-Vape-12000-Puffs.jpg",600,600,false],"woocommerce_gallery_thumbnail":["https:\/\/rmvapesale.com\/wp-content\/uploads\/2024\/10\/Randm-Vape-12000-Puffs-100x100.jpg",100,100,true],"wcpr-photo-reviews":["https:\/\/rmvapesale.com\/wp-content\/uploads\/2024\/10\/Randm-Vape-12000-Puffs.jpg",500,500,false]},"uagb_author_info":{"display_name":"yannazhan","author_link":"https:\/\/rmvapesale.com\/hr\/author\/"},"uagb_comment_info":0,"uagb_excerpt":"Original Fumot Vape Digital 12ooo Puffs Factory Price Original Fumot Vape Digital 12k Puffs Price Bulk Buy Fumot Vape RandM Digital 12000 Price Cheap Contact Amy For More Discount And Lower MOQ Vape WhatsApp: +86 17776015835","_links":{"self":[{"href":"https:\/\/rmvapesale.com\/hr\/wp-json\/wp\/v2\/product\/1886","targetHints":{"allow":["GET"]}}],"collection":[{"href":"https:\/\/rmvapesale.com\/hr\/wp-json\/wp\/v2\/product"}],"about":[{"href":"https:\/\/rmvapesale.com\/hr\/wp-json\/wp\/v2\/types\/product"}],"replies":[{"embeddable":true,"href":"https:\/\/rmvapesale.com\/hr\/wp-json\/wp\/v2\/comments?post=1886"}],"wp:featuredmedia":[{"embeddable":true,"href":"https:\/\/rmvapesale.com\/hr\/wp-json\/wp\/v2\/media\/2485"}],"wp:attachment":[{"href":"https:\/\/rmvapesale.com\/hr\/wp-json\/wp\/v2\/media?parent=1886"}],"wp:term":[{"taxonomy":"product_brand","embeddable":true,"href":"https:\/\/rmvapesale.com\/hr\/wp-json\/wp\/v2\/product_brand?post=1886"},{"taxonomy":"product_cat","embeddable":true,"href":"https:\/\/rmvapesale.com\/hr\/wp-json\/wp\/v2\/product_cat?post=1886"},{"taxonomy":"product_tag","embeddable":true,"href":"https:\/\/rmvapesale.com\/hr\/wp-json\/wp\/v2\/product_tag?post=1886"}],"curies":[{"name":"wp","href":"https:\/\/api.w.org\/{rel}","templated":true}]}}