{"id":1892,"date":"2024-05-15T09:27:34","date_gmt":"2024-05-15T09:27:34","guid":{"rendered":"https:\/\/rmvapesale.com\/?post_type=product&#038;p=1892"},"modified":"2024-10-22T08:17:31","modified_gmt":"2024-10-22T08:17:31","slug":"original-randm-tornado-9000-puffs-vape-fumot-factory-price-cheap","status":"publish","type":"product","link":"https:\/\/rmvapesale.com\/hr\/product\/original-randm-tornado-9000-puffs-vape-fumot-factory-price-cheap\/","title":{"rendered":"Original RANDM TORNADO 9000 Udisaja Vape Fumot Tvorni\u010dka Cijena Jeftino"},"content":{"rendered":"<h1>Original RANDM TORNADO 9000 Udisaja Vape Fumot Tvorni\u010dka Cijena Jeftino<\/h1>\n<p>Fumot Vape RANDM TORNADO 9000 Pufova, vrhunski jednokratni vape ure\u0111aj prilago\u0111en potrebama zahtjevnih veletrgovaca u Hrvatskoj. Dizajniran s precizno\u0161\u0107u i inovacijama, ovaj ure\u0111aj obe\u0107ava izvanredno iskustvo pu\u0161enja koje kombinira visoke performanse s \u0161irokim izborom okusa.<\/p>\n<p>Sa svojim naprednim zna\u010dajkama, Fumot vape 9000 isti\u010de se me\u0111u konkurentima. Opremljen mre\u017enom zavojnicom i integriranim 850mAh punjivim baterijom, osigurava glatku i dosljednu proizvodnju pare za dugotrajno u\u017eivanje. Ure\u0111aj nudi izbor koncentracija nikotinskog soli od 0% do 5%, zadovoljavaju\u0107i razli\u010dite preferencije.<\/p>\n<p>Ali ono \u0161to zaista izdvaja RANDM TORNADO 9000 je njegov \u0161iroki raspon okusa. S 43 uzbudljive opcije za odabir, uklju\u010duju\u0107i klasike poput Lush Ice i Strawberry Lemonade, kao i jedinstvene mje\u0161avine poput Honeydew Ice Cream i Pina Colada, za svakog postoji ne\u0161to.<\/p>\n<p>Ako ste prodava\u010d Vape Randm i tra\u017eite visokokvalitetne vape proizvode po konkurentnim cijenama.<\/p>\n<p><strong>Dodajte prodajnu menad\u017eericu AMY na WhatsApp <a href=\"https:\/\/wa.me\/8617776015835\" target=\"_blank\" rel=\"noopener\">+86-17776015835<\/a> ostvarite ve\u0107i popust!<\/strong><\/p>\n<p><img loading=\"lazy\" decoding=\"async\" class=\"size-medium wp-image-1814\" src=\"https:\/\/rmvapesale.com\/wp-content\/uploads\/2024\/04\/whatsapp-amy-229x300.jpg\" alt=\"whatsapp amy\" width=\"229\" height=\"300\" srcset=\"https:\/\/rmvapesale.com\/wp-content\/uploads\/2024\/04\/whatsapp-amy-229x300.jpg 229w, https:\/\/rmvapesale.com\/wp-content\/uploads\/2024\/04\/whatsapp-amy-783x1024.jpg 783w, https:\/\/rmvapesale.com\/wp-content\/uploads\/2024\/04\/whatsapp-amy-768x1005.jpg 768w, https:\/\/rmvapesale.com\/wp-content\/uploads\/2024\/04\/whatsapp-amy-600x785.jpg 600w, https:\/\/rmvapesale.com\/wp-content\/uploads\/2024\/04\/whatsapp-amy.jpg 990w\" sizes=\"auto, (max-width: 229px) 100vw, 229px\" \/><\/p>\n<h3>Specifikacije FUMOT PUFF 9000 jednokratnog ure\u0111aja za vaping:<\/h3>\n<p>Opcije sadr\u017eaja nikotina: 0%, 2%, 3% i 5%<br \/>\nDo 9000 uvla\u010denja<br \/>\nUnaprijed napunjen s 18 ml e-teku\u0107ine<br \/>\npunjiva baterija od 850mAh<br \/>\n0.9\u03a9 mre\u017easta zavojnica<br \/>\n43 dostupna okusa na zalihi<\/p>\n<figure id=\"attachment_1930\" aria-describedby=\"caption-attachment-1930\" style=\"width: 800px\" class=\"wp-caption alignnone\"><img loading=\"lazy\" decoding=\"async\" class=\"wp-image-1930 size-full\" src=\"https:\/\/rmvapesale.com\/wp-content\/uploads\/2024\/08\/Fumot-Randm-Tornado-9000-Disposable-Vape-Gummy-Bear.png\" alt=\"Fumot Randm Tornado 9000 Jednokratni Vape Gummy Bear\" width=\"800\" height=\"800\" srcset=\"https:\/\/rmvapesale.com\/wp-content\/uploads\/2024\/08\/Fumot-Randm-Tornado-9000-Disposable-Vape-Gummy-Bear.png 800w, https:\/\/rmvapesale.com\/wp-content\/uploads\/2024\/08\/Fumot-Randm-Tornado-9000-Disposable-Vape-Gummy-Bear-300x300.png 300w, https:\/\/rmvapesale.com\/wp-content\/uploads\/2024\/08\/Fumot-Randm-Tornado-9000-Disposable-Vape-Gummy-Bear-150x150.png 150w, https:\/\/rmvapesale.com\/wp-content\/uploads\/2024\/08\/Fumot-Randm-Tornado-9000-Disposable-Vape-Gummy-Bear-768x768.png 768w, https:\/\/rmvapesale.com\/wp-content\/uploads\/2024\/08\/Fumot-Randm-Tornado-9000-Disposable-Vape-Gummy-Bear-600x600.png 600w, https:\/\/rmvapesale.com\/wp-content\/uploads\/2024\/08\/Fumot-Randm-Tornado-9000-Disposable-Vape-Gummy-Bear-100x100.png 100w\" sizes=\"auto, (max-width: 800px) 100vw, 800px\" \/><figcaption id=\"caption-attachment-1930\" class=\"wp-caption-text\">Fumot Randm Tornado 9000 Jednokratni Vape Gummy Bear<\/figcaption><\/figure>\n<h2>RANDM TORNADO 9000 Pufova Okus<\/h2>\n<p>1 Aloe Grape<br \/>\n2 Banana Custard<br \/>\n3 Black Dragon Ice<br \/>\n4 Black Ice<br \/>\n5 Blue Razz Ice<br \/>\n6 Blue Razz Kush<br \/>\n7 Blueberry Cherry Cranberry<br \/>\n8 Blueberry Raspberry<br \/>\n9 Blueberry Sour Raspberry<br \/>\n10 Bluelicious Ledena<br \/>\n11 Tre\u0161nja<br \/>\n12 Ledena Tre\u0161nja Breskva Limunada<br \/>\n13 Hladna Menta<br \/>\n14 Gazirana Tre\u0161nja<br \/>\n15 Gro\u017e\u0111e<br \/>\n16 Gumi Medvjed<br \/>\n17 Guava Ledena<br \/>\n18 Ledeni \u0160alica<br \/>\n19 Kiwi Pasijedra Guava<br \/>\n20 Limun i Limeta<br \/>\n21 Lush Ledena<br \/>\n22 Mije\u0161ano Bobi\u010dasto Vo\u0107e<br \/>\n23 Gospodin Plavi<br \/>\n24 Naran\u010dasta Gazirana Pi\u0107e<br \/>\n25 Breskva Bobica<br \/>\n26 Breskva Limunada<br \/>\n27 Breskva Mango Ananas<br \/>\n28 Ananas<br \/>\n29 Roza Limunada<br \/>\n30 Duga Rainbow Bombon<br \/>\n31 Malina Lubenica<br \/>\n32 Skittles<br \/>\n33 Kisele Bombone<br \/>\n34 Jagoda Banana<br \/>\n35 Jagoda Krema<br \/>\n36 Jagoda Led<br \/>\n37 Jagoda Limunada<br \/>\n38 Jagoda Malina Tre\u0161nja Led<br \/>\n39 Jagoda Lubenica<br \/>\n40 Trostruki Mango<br \/>\n41 Vimto<br \/>\n42 Lubenica Brazz Led<\/p>\n<p>Stvari koje mo\u017eda \u017eelite znati o Randm 9000 udaha Vape prije nego \u0161to kupite na veliko.<\/p>\n<h4>FAQ:<\/h4>\n<p><strong>P: Koje su opcije cijena za Fumot RANDM TORNADO 9000?<\/strong><\/p>\n<p>O: Nudimo konkurentne tvorni\u010dke cijene za originalni Randm Vape Device Puffs 9000, kako za pojedina\u010dne jedinice tako i za masovne narud\u017ebe.<\/p>\n<p><strong>P: Postoje li veleprodajne opcije cijena za Fumot RANDM TORNADO 9000?<\/strong><\/p>\n<p>O: Da, nudimo veleprodajne cijene za Original Randm Vape Kit 9000 Puffs, namijenjene veletrgovcima koji \u017eele kupovati u ve\u0107im koli\u010dinama.<\/p>\n<p><strong>P: Koje su razine cijena za masovne narud\u017ebe Fumot RANDM TORNADO 9000?<\/strong><\/p>\n<p>O: Nudimo atraktivne cijene za masovnu kupnju Original Randm Vape Pod Puffs 9000, osiguravaju\u0107i u\u0161tedu tro\u0161kova za veletrgovce koji kupuju u ve\u0107im koli\u010dinama.<\/p>\n<p><strong>P: Nudite li posebne cijene za uvoznike koji prvi put uvoze?<\/strong><\/p>\n<p>O: Da, nudimo konkurentne cijene za Fumot RANDM TORNADO 9000, \u0161to ga \u010dini idealnim izborom za uvoznike e-cigareta iz Kine u Hrvatsku koji prvi put uvoze.<\/p>\n<p>Prona\u0111ite vi\u0161e Vape proizvoda koji bi vam se mogli svidjeti:<em><a href=\"https:\/\/rmvapesale.com\/hr\/shop-2\/\">Kupite sada\u00a0<\/a><\/em><\/p>\n<p>ostali popularni proizvodi koji bi vam se mogli svidjeti:<\/p>\n<p><a href=\"https:\/\/rmvapesale.com\/hr\/product\/jnr-shisha-vape-15000-puffs-wholesale-price-with-screen-vape\/\">VOPK SHISHA 15K\/ <\/a><a href=\"https:\/\/rmvapesale.com\/hr\/product\/randm-vape-al-fakher-10000-puffs-vape-wholesale\/\">randm vape AI FAKHER 15k vape\/<\/a><a href=\"https:\/\/rmvapesale.com\/hr\/product\/randm-tornado-15000-puffs-15k-vape-recharge-fumot-original-vape-factory-price\/\">Fumot digital box Puff 12000<\/a><\/p>","protected":false},"excerpt":{"rendered":"<p class=\"LC20lb MBeuO DKV0Md\">Jeftina Cijena 9000 Pufova Vape Ure\u0111aj Original Fumot<br \/>\nKupnja na Veliko 9000 Pufova Vape Ure\u0111aj Original Randm<br \/>\nVeleprodajna Cijena 9000 Pufova Vape Set Original Fumot<br \/>\n<strong>Kontaktirajte Amy za ve\u0107i popust i ni\u017ei MOQ vape<\/strong><\/p>\n<p><img loading=\"lazy\" decoding=\"async\" class=\"size-medium wp-image-1814\" src=\"https:\/\/rmvapesale.com\/wp-content\/uploads\/2024\/04\/whatsapp-amy-229x300.jpg\" alt=\"whatsapp amy\" width=\"229\" height=\"300\" srcset=\"https:\/\/rmvapesale.com\/wp-content\/uploads\/2024\/04\/whatsapp-amy-229x300.jpg 229w, https:\/\/rmvapesale.com\/wp-content\/uploads\/2024\/04\/whatsapp-amy-783x1024.jpg 783w, https:\/\/rmvapesale.com\/wp-content\/uploads\/2024\/04\/whatsapp-amy-768x1005.jpg 768w, https:\/\/rmvapesale.com\/wp-content\/uploads\/2024\/04\/whatsapp-amy-600x785.jpg 600w, https:\/\/rmvapesale.com\/wp-content\/uploads\/2024\/04\/whatsapp-amy.jpg 990w\" sizes=\"auto, (max-width: 229px) 100vw, 229px\" \/><\/p>\n<h3><span style=\"color: #ff0000\"><strong>WhatsApp: +86 17776015835<\/strong><\/span><\/h3>","protected":false},"featured_media":1887,"comment_status":"open","ping_status":"closed","template":"","meta":{"_uag_custom_page_level_css":"","_lmt_disableupdate":"no","_lmt_disable":"","site-sidebar-layout":"default","site-content-layout":"content-boxed-container","ast-site-content-layout":"normal-width-container","site-content-style":"boxed","site-sidebar-style":"unboxed","ast-global-header-display":"","ast-banner-title-visibility":"","ast-main-header-display":"","ast-hfb-above-header-display":"","ast-hfb-below-header-display":"","ast-hfb-mobile-header-display":"","site-post-title":"","ast-breadcrumbs-content":"","ast-featured-img":"","footer-sml-layout":"","theme-transparent-header-meta":"default","adv-header-id-meta":"","stick-header-meta":"","header-above-stick-meta":"","header-main-stick-meta":"","header-below-stick-meta":"","astra-migrate-meta-layouts":"set","ast-page-background-enabled":"default","ast-page-background-meta":{"desktop":{"background-color":"var(--ast-global-color-4)","background-image":"","background-repeat":"repeat","background-position":"center center","background-size":"auto","background-attachment":"scroll","background-type":"","background-media":"","overlay-type":"","overlay-color":"","overlay-opacity":"","overlay-gradient":""},"tablet":{"background-color":"","background-image":"","background-repeat":"repeat","background-position":"center center","background-size":"auto","background-attachment":"scroll","background-type":"","background-media":"","overlay-type":"","overlay-color":"","overlay-opacity":"","overlay-gradient":""},"mobile":{"background-color":"","background-image":"","background-repeat":"repeat","background-position":"center center","background-size":"auto","background-attachment":"scroll","background-type":"","background-media":"","overlay-type":"","overlay-color":"","overlay-opacity":"","overlay-gradient":""}},"ast-content-background-meta":{"desktop":{"background-color":"var(--ast-global-color-5)","background-image":"","background-repeat":"repeat","background-position":"center center","background-size":"auto","background-attachment":"scroll","background-type":"","background-media":"","overlay-type":"","overlay-color":"","overlay-opacity":"","overlay-gradient":""},"tablet":{"background-color":"var(--ast-global-color-5)","background-image":"","background-repeat":"repeat","background-position":"center center","background-size":"auto","background-attachment":"scroll","background-type":"","background-media":"","overlay-type":"","overlay-color":"","overlay-opacity":"","overlay-gradient":""},"mobile":{"background-color":"var(--ast-global-color-5)","background-image":"","background-repeat":"repeat","background-position":"center center","background-size":"auto","background-attachment":"scroll","background-type":"","background-media":"","overlay-type":"","overlay-color":"","overlay-opacity":"","overlay-gradient":""}},"_joinchat":[]},"product_brand":[],"product_cat":[25,52,51,123,26,28,135,27,31,137,15,30],"product_tag":[47,39,40,41,181,38,37],"class_list":{"0":"post-1892","1":"product","2":"type-product","3":"status-publish","4":"has-post-thumbnail","6":"product_cat-germany-best-selling-vape","7":"product_cat-9000-puffs-disposable-vapes","8":"product_cat-fumot-vape","9":"product_cat-italy-wholesale-vape","10":"product_cat-netherlands-hot-sale-vape","11":"product_cat-poland-hot-sale-vape","12":"product_cat-spain-best-hot-sale-vape","13":"product_cat-fance-hot-sale-vape","14":"product_cat-randm-fumot-vape","15":"product_cat-rechargeable-vapes","16":"product_cat-new-vape-this-week","17":"product_cat-minimum-order-quantity-50pcs","18":"product_tag-9000-puffs-vape","19":"product_tag-fumot-vape","20":"product_tag-hot-sale-vape","21":"product_tag-original-factory-vape","22":"product_tag-randm-tornado-9000","23":"product_tag-randm-vape","24":"product_tag-wholesale-vape-price","25":"desktop-align-left","26":"tablet-align-left","27":"mobile-align-left","29":"first","30":"instock","31":"sale","32":"shipping-taxable","33":"purchasable","34":"product-type-simple"},"uagb_featured_image_src":{"full":["https:\/\/rmvapesale.com\/wp-content\/uploads\/2024\/05\/RM-TORNADO-VAPE-DISPOSABEL-9000-PUFFS.png",600,600,false],"thumbnail":["https:\/\/rmvapesale.com\/wp-content\/uploads\/2024\/05\/RM-TORNADO-VAPE-DISPOSABEL-9000-PUFFS-150x150.png",150,150,true],"medium":["https:\/\/rmvapesale.com\/wp-content\/uploads\/2024\/05\/RM-TORNADO-VAPE-DISPOSABEL-9000-PUFFS-300x300.png",300,300,true],"medium_large":["https:\/\/rmvapesale.com\/wp-content\/uploads\/2024\/05\/RM-TORNADO-VAPE-DISPOSABEL-9000-PUFFS.png",600,600,false],"large":["https:\/\/rmvapesale.com\/wp-content\/uploads\/2024\/05\/RM-TORNADO-VAPE-DISPOSABEL-9000-PUFFS.png",600,600,false],"1536x1536":["https:\/\/rmvapesale.com\/wp-content\/uploads\/2024\/05\/RM-TORNADO-VAPE-DISPOSABEL-9000-PUFFS.png",600,600,false],"2048x2048":["https:\/\/rmvapesale.com\/wp-content\/uploads\/2024\/05\/RM-TORNADO-VAPE-DISPOSABEL-9000-PUFFS.png",600,600,false],"trp-custom-language-flag":["https:\/\/rmvapesale.com\/wp-content\/uploads\/2024\/05\/RM-TORNADO-VAPE-DISPOSABEL-9000-PUFFS.png",12,12,false],"woocommerce_thumbnail":["https:\/\/rmvapesale.com\/wp-content\/uploads\/2024\/05\/RM-TORNADO-VAPE-DISPOSABEL-9000-PUFFS-300x300.png",300,300,true],"woocommerce_single":["https:\/\/rmvapesale.com\/wp-content\/uploads\/2024\/05\/RM-TORNADO-VAPE-DISPOSABEL-9000-PUFFS.png",600,600,false],"woocommerce_gallery_thumbnail":["https:\/\/rmvapesale.com\/wp-content\/uploads\/2024\/05\/RM-TORNADO-VAPE-DISPOSABEL-9000-PUFFS-100x100.png",100,100,true],"wcpr-photo-reviews":["https:\/\/rmvapesale.com\/wp-content\/uploads\/2024\/05\/RM-TORNADO-VAPE-DISPOSABEL-9000-PUFFS.png",500,500,false]},"uagb_author_info":{"display_name":"yannazhan","author_link":"https:\/\/rmvapesale.com\/hr\/author\/"},"uagb_comment_info":0,"uagb_excerpt":"Cheap Price 9ooo Puffs Vape Device Original Fumot Bulk Buy 9ooo Puffs Vape Device Original Randm Wholesale Price 9ooo Puffs Vape Kit Original Fumot Contact Amy For More Discount And Lower MOQ Vape WhatsApp: +86 17776015835","_links":{"self":[{"href":"https:\/\/rmvapesale.com\/hr\/wp-json\/wp\/v2\/product\/1892","targetHints":{"allow":["GET"]}}],"collection":[{"href":"https:\/\/rmvapesale.com\/hr\/wp-json\/wp\/v2\/product"}],"about":[{"href":"https:\/\/rmvapesale.com\/hr\/wp-json\/wp\/v2\/types\/product"}],"replies":[{"embeddable":true,"href":"https:\/\/rmvapesale.com\/hr\/wp-json\/wp\/v2\/comments?post=1892"}],"wp:featuredmedia":[{"embeddable":true,"href":"https:\/\/rmvapesale.com\/hr\/wp-json\/wp\/v2\/media\/1887"}],"wp:attachment":[{"href":"https:\/\/rmvapesale.com\/hr\/wp-json\/wp\/v2\/media?parent=1892"}],"wp:term":[{"taxonomy":"product_brand","embeddable":true,"href":"https:\/\/rmvapesale.com\/hr\/wp-json\/wp\/v2\/product_brand?post=1892"},{"taxonomy":"product_cat","embeddable":true,"href":"https:\/\/rmvapesale.com\/hr\/wp-json\/wp\/v2\/product_cat?post=1892"},{"taxonomy":"product_tag","embeddable":true,"href":"https:\/\/rmvapesale.com\/hr\/wp-json\/wp\/v2\/product_tag?post=1892"}],"curies":[{"name":"wp","href":"https:\/\/api.w.org\/{rel}","templated":true}]}}