{"id":1928,"date":"2024-08-22T15:15:42","date_gmt":"2024-08-22T15:15:42","guid":{"rendered":"https:\/\/rmvapesale.com\/?post_type=product&#038;p=1928"},"modified":"2025-01-20T03:40:57","modified_gmt":"2025-01-20T03:40:57","slug":"original-randm-tornado-9000-puffs-disposable-vape-factory-price","status":"publish","type":"product","link":"https:\/\/rmvapesale.com\/hr\/product\/original-randm-tornado-9000-puffs-disposable-vape-factory-price\/","title":{"rendered":"Original RANDM TORNADO 9000 Puffs jednokratna e-cigareta tvorni\u010dka cijena"},"content":{"rendered":"<h1>Original RANDM TORNADO 9000 Puffs jednokratna e-cigareta tvorni\u010dka cijena<\/h1>\n<p>Fumot RANDM TORNADO 9000, napredni jednokratni ure\u0111aj za vaping dizajniran da zadovolji stroge standarde veletrgovaca u Hrvatskoj. Izra\u0111en s precizno\u0161\u0107u i inovacijom, ovaj ure\u0111aj pru\u017ea izvanredno iskustvo vapinga, kombiniraju\u0107i visoke performanse s impresivnim nizom okusa.<\/p>\n<p>Fumot RANDM TORNADO 9000 sadr\u017ei vrhunsku tehnologiju, uklju\u010duju\u0107i mre\u017eastu zavojnicu i ugra\u0111enu punjivu bateriju od 850 mAh, osiguravaju\u0107i glatku, dosljednu proizvodnju pare za dugotrajno u\u017eivanje. Nudi raspon koncentracija soli nikotina od 0% do 5%, prilago\u0111avaju\u0107i se razli\u010ditim preferencijama.<\/p>\n<p>Ono \u0161to uistinu izdvaja Fumot RANDM TORNADO 9000 je njegov opse\u017ean izbor okusa. S 43 primamljive opcije, od klasi\u010dnih favorita poput Lush Ice i Strawberry Lemonade do jedinstvenih mje\u0161avina kao \u0161to su Honeydew Ice Cream i Pina Colada, postoji okus za sva\u010diji ukus.<\/p>\n<p>Za prodava\u010de Vape Randm koji tra\u017ee vrhunske proizvode za vaping po konkurentnim cijenama, Fumot RANDM TORNADO 9000 je idealan izbor.<\/p>\n<p><strong>Dodajte prodajnu menad\u017eericu AMY na WhatsApp <a href=\"https:\/\/wa.me\/8617776015835\" target=\"_blank\" rel=\"noopener\">+86-17776015835<\/a> ostvarite ve\u0107i popust!<\/strong><\/p>\n<p><img loading=\"lazy\" decoding=\"async\" class=\"size-medium wp-image-1814\" src=\"https:\/\/rmvapesale.com\/wp-content\/uploads\/2024\/04\/whatsapp-amy-229x300.jpg\" alt=\"whatsapp amy\" width=\"229\" height=\"300\" srcset=\"https:\/\/rmvapesale.com\/wp-content\/uploads\/2024\/04\/whatsapp-amy-229x300.jpg 229w, https:\/\/rmvapesale.com\/wp-content\/uploads\/2024\/04\/whatsapp-amy-783x1024.jpg 783w, https:\/\/rmvapesale.com\/wp-content\/uploads\/2024\/04\/whatsapp-amy-768x1005.jpg 768w, https:\/\/rmvapesale.com\/wp-content\/uploads\/2024\/04\/whatsapp-amy-600x785.jpg 600w, https:\/\/rmvapesale.com\/wp-content\/uploads\/2024\/04\/whatsapp-amy.jpg 990w\" sizes=\"auto, (max-width: 229px) 100vw, 229px\" \/><\/p>\n<h3>Specifikacije FUMOT PUFF 9000 jednokratnog ure\u0111aja za vaping:<\/h3>\n<p>Opcije sadr\u017eaja nikotina: 0%, 2%, 3% i 5%<br \/>\nDo 9000 uvla\u010denja<br \/>\nUnaprijed napunjen s 18 ml e-teku\u0107ine<br \/>\npunjiva baterija od 850mAh<br \/>\n0.9\u03a9 mre\u017easta zavojnica<br \/>\n43 dostupna okusa na zalihi<\/p>\n<p>Stvari koje biste mo\u017eda \u017eeljeli znati o Fumot Randm 9000 Vape prije kupnje na veliko.<\/p>\n<h4>FAQ:<\/h4>\n<p><strong>P: Koje su opcije cijena za Fumot RANDM TORNADO 9000?<\/strong><\/p>\n<p>O: Nudimo konkurentne tvorni\u010dke cijene za originalni Randm Vape Device Puffs 9000, kako za pojedina\u010dne jedinice tako i za masovne narud\u017ebe.<\/p>\n<p><strong>P: Postoje li veleprodajne opcije cijena za Fumot RANDM TORNADO 9000?<\/strong><\/p>\n<p>O: Da, nudimo veleprodajne cijene za Original Randm Vape Kit 9000 Puffs, namijenjene veletrgovcima koji \u017eele kupovati u ve\u0107im koli\u010dinama.<\/p>\n<p><strong>P: Koje su razine cijena za masovne narud\u017ebe Fumot RANDM TORNADO 9000?<\/strong><\/p>\n<p>O: Nudimo atraktivne cijene za masovnu kupnju Original Randm Vape Pod Puffs 9000, osiguravaju\u0107i u\u0161tedu tro\u0161kova za veletrgovce koji kupuju u ve\u0107im koli\u010dinama.<\/p>\n<p><strong>P: Nudite li posebne cijene za uvoznike koji prvi put uvoze?<\/strong><\/p>\n<p>O: Da, nudimo konkurentne cijene za Fumot RANDM TORNADO 9000, \u0161to ga \u010dini idealnim izborom za uvoznike e-cigareta iz Kine u Hrvatsku koji prvi put uvoze.<\/p>\n<p>Prona\u0111ite vi\u0161e Vape proizvoda koji bi vam se mogli svidjeti:<em><a href=\"https:\/\/rmvapesale.com\/hr\/shop-2\/\">Kupite sada\u00a0<\/a><\/em><\/p>\n<p>ostali popularni proizvodi koji bi vam se mogli svidjeti:<\/p>\n<p><a href=\"https:\/\/rmvapesale.com\/hr\/product\/jnr-shisha-vape-15000-puffs-wholesale-price-with-screen-vape\/\">VOPK SHISHA 15K\/ <\/a><a href=\"https:\/\/rmvapesale.com\/hr\/product\/randm-vape-al-fakher-10000-puffs-vape-wholesale\/\">randm vape AI FAKHER 15k vape\/<\/a><a href=\"https:\/\/rmvapesale.com\/hr\/product\/randm-tornado-15000-puffs-15k-vape-recharge-fumot-original-vape-factory-price\/\">Fumot digital box Puff 12000<\/a><\/p>","protected":false},"excerpt":{"rendered":"<p class=\"LC20lb MBeuO DKV0Md\">Najbolji okus RandM Tornado Vape 9000 Puffs<br \/>\nOriginalna Randm 9000 Puffs e-cigareta<br \/>\nVeleprodajna cijena RandM 9000 Puffs Vape Kit<br \/>\n<strong>Kontaktirajte Amy za to\u010dan odgovor i ve\u0107i popust<\/strong><\/p>\n<p><img loading=\"lazy\" decoding=\"async\" class=\"size-medium wp-image-1814\" src=\"https:\/\/rmvapesale.com\/wp-content\/uploads\/2024\/04\/whatsapp-amy-229x300.jpg\" alt=\"whatsapp amy\" width=\"229\" height=\"300\" srcset=\"https:\/\/rmvapesale.com\/wp-content\/uploads\/2024\/04\/whatsapp-amy-229x300.jpg 229w, https:\/\/rmvapesale.com\/wp-content\/uploads\/2024\/04\/whatsapp-amy-783x1024.jpg 783w, https:\/\/rmvapesale.com\/wp-content\/uploads\/2024\/04\/whatsapp-amy-768x1005.jpg 768w, https:\/\/rmvapesale.com\/wp-content\/uploads\/2024\/04\/whatsapp-amy-600x785.jpg 600w, https:\/\/rmvapesale.com\/wp-content\/uploads\/2024\/04\/whatsapp-amy.jpg 990w\" sizes=\"auto, (max-width: 229px) 100vw, 229px\" \/><\/p>\n<h3><span style=\"color: #ff0000\"><strong>WhatsApp: +86 17776015835<\/strong><\/span><\/h3>","protected":false},"featured_media":1887,"comment_status":"open","ping_status":"closed","template":"","meta":{"_uag_custom_page_level_css":"","_lmt_disableupdate":"no","_lmt_disable":"","site-sidebar-layout":"default","site-content-layout":"content-boxed-container","ast-site-content-layout":"normal-width-container","site-content-style":"boxed","site-sidebar-style":"unboxed","ast-global-header-display":"","ast-banner-title-visibility":"","ast-main-header-display":"","ast-hfb-above-header-display":"","ast-hfb-below-header-display":"","ast-hfb-mobile-header-display":"","site-post-title":"","ast-breadcrumbs-content":"","ast-featured-img":"","footer-sml-layout":"","theme-transparent-header-meta":"default","adv-header-id-meta":"","stick-header-meta":"","header-above-stick-meta":"","header-main-stick-meta":"","header-below-stick-meta":"","astra-migrate-meta-layouts":"set","ast-page-background-enabled":"default","ast-page-background-meta":{"desktop":{"background-color":"var(--ast-global-color-4)","background-image":"","background-repeat":"repeat","background-position":"center center","background-size":"auto","background-attachment":"scroll","background-type":"","background-media":"","overlay-type":"","overlay-color":"","overlay-opacity":"","overlay-gradient":""},"tablet":{"background-color":"","background-image":"","background-repeat":"repeat","background-position":"center center","background-size":"auto","background-attachment":"scroll","background-type":"","background-media":"","overlay-type":"","overlay-color":"","overlay-opacity":"","overlay-gradient":""},"mobile":{"background-color":"","background-image":"","background-repeat":"repeat","background-position":"center center","background-size":"auto","background-attachment":"scroll","background-type":"","background-media":"","overlay-type":"","overlay-color":"","overlay-opacity":"","overlay-gradient":""}},"ast-content-background-meta":{"desktop":{"background-color":"var(--ast-global-color-5)","background-image":"","background-repeat":"repeat","background-position":"center center","background-size":"auto","background-attachment":"scroll","background-type":"","background-media":"","overlay-type":"","overlay-color":"","overlay-opacity":"","overlay-gradient":""},"tablet":{"background-color":"var(--ast-global-color-5)","background-image":"","background-repeat":"repeat","background-position":"center center","background-size":"auto","background-attachment":"scroll","background-type":"","background-media":"","overlay-type":"","overlay-color":"","overlay-opacity":"","overlay-gradient":""},"mobile":{"background-color":"var(--ast-global-color-5)","background-image":"","background-repeat":"repeat","background-position":"center center","background-size":"auto","background-attachment":"scroll","background-type":"","background-media":"","overlay-type":"","overlay-color":"","overlay-opacity":"","overlay-gradient":""}},"_joinchat":[]},"product_brand":[],"product_cat":[25,289,293,295,52,51,123,26,28,135,27,31,137,136,15,30],"product_tag":[47,39,40,41,38,37],"class_list":{"0":"post-1928","1":"product","2":"type-product","3":"status-publish","4":"has-post-thumbnail","6":"product_cat-germany-best-selling-vape","7":"product_cat-big-puffs-disposable-vapes","8":"product_cat-low-nicotine-disposable-vapes","9":"product_cat-rechargeable-disposable-vapes","10":"product_cat-9000-puffs-disposable-vapes","11":"product_cat-fumot-vape","12":"product_cat-italy-wholesale-vape","13":"product_cat-netherlands-hot-sale-vape","14":"product_cat-poland-hot-sale-vape","15":"product_cat-spain-best-hot-sale-vape","16":"product_cat-fance-hot-sale-vape","17":"product_cat-randm-fumot-vape","18":"product_cat-rechargeable-vapes","19":"product_cat-smart-screen-vapes","20":"product_cat-new-vape-this-week","21":"product_cat-minimum-order-quantity-50pcs","22":"product_tag-9000-puffs-vape","23":"product_tag-fumot-vape","24":"product_tag-hot-sale-vape","25":"product_tag-original-factory-vape","26":"product_tag-randm-vape","27":"product_tag-wholesale-vape-price","28":"desktop-align-left","29":"tablet-align-left","30":"mobile-align-left","32":"first","33":"instock","34":"sale","35":"shipping-taxable","36":"purchasable","37":"product-type-simple"},"uagb_featured_image_src":{"full":["https:\/\/rmvapesale.com\/wp-content\/uploads\/2024\/05\/RM-TORNADO-VAPE-DISPOSABEL-9000-PUFFS.png",600,600,false],"thumbnail":["https:\/\/rmvapesale.com\/wp-content\/uploads\/2024\/05\/RM-TORNADO-VAPE-DISPOSABEL-9000-PUFFS-150x150.png",150,150,true],"medium":["https:\/\/rmvapesale.com\/wp-content\/uploads\/2024\/05\/RM-TORNADO-VAPE-DISPOSABEL-9000-PUFFS-300x300.png",300,300,true],"medium_large":["https:\/\/rmvapesale.com\/wp-content\/uploads\/2024\/05\/RM-TORNADO-VAPE-DISPOSABEL-9000-PUFFS.png",600,600,false],"large":["https:\/\/rmvapesale.com\/wp-content\/uploads\/2024\/05\/RM-TORNADO-VAPE-DISPOSABEL-9000-PUFFS.png",600,600,false],"1536x1536":["https:\/\/rmvapesale.com\/wp-content\/uploads\/2024\/05\/RM-TORNADO-VAPE-DISPOSABEL-9000-PUFFS.png",600,600,false],"2048x2048":["https:\/\/rmvapesale.com\/wp-content\/uploads\/2024\/05\/RM-TORNADO-VAPE-DISPOSABEL-9000-PUFFS.png",600,600,false],"trp-custom-language-flag":["https:\/\/rmvapesale.com\/wp-content\/uploads\/2024\/05\/RM-TORNADO-VAPE-DISPOSABEL-9000-PUFFS.png",12,12,false],"woocommerce_thumbnail":["https:\/\/rmvapesale.com\/wp-content\/uploads\/2024\/05\/RM-TORNADO-VAPE-DISPOSABEL-9000-PUFFS-300x300.png",300,300,true],"woocommerce_single":["https:\/\/rmvapesale.com\/wp-content\/uploads\/2024\/05\/RM-TORNADO-VAPE-DISPOSABEL-9000-PUFFS.png",600,600,false],"woocommerce_gallery_thumbnail":["https:\/\/rmvapesale.com\/wp-content\/uploads\/2024\/05\/RM-TORNADO-VAPE-DISPOSABEL-9000-PUFFS-100x100.png",100,100,true],"wcpr-photo-reviews":["https:\/\/rmvapesale.com\/wp-content\/uploads\/2024\/05\/RM-TORNADO-VAPE-DISPOSABEL-9000-PUFFS.png",500,500,false]},"uagb_author_info":{"display_name":"AMY","author_link":"https:\/\/rmvapesale.com\/hr\/author\/"},"uagb_comment_info":0,"uagb_excerpt":"Best RandM Tornado Vape 9000 Puffs Flavor Original Randm 9ooo Puffs Vape Device Wholesale Price RandM 9ooo Puffs Vape Kit Contact Amy For Right Reply and More Discount WhatsApp: +86 17776015835","_links":{"self":[{"href":"https:\/\/rmvapesale.com\/hr\/wp-json\/wp\/v2\/product\/1928","targetHints":{"allow":["GET"]}}],"collection":[{"href":"https:\/\/rmvapesale.com\/hr\/wp-json\/wp\/v2\/product"}],"about":[{"href":"https:\/\/rmvapesale.com\/hr\/wp-json\/wp\/v2\/types\/product"}],"replies":[{"embeddable":true,"href":"https:\/\/rmvapesale.com\/hr\/wp-json\/wp\/v2\/comments?post=1928"}],"wp:featuredmedia":[{"embeddable":true,"href":"https:\/\/rmvapesale.com\/hr\/wp-json\/wp\/v2\/media\/1887"}],"wp:attachment":[{"href":"https:\/\/rmvapesale.com\/hr\/wp-json\/wp\/v2\/media?parent=1928"}],"wp:term":[{"taxonomy":"product_brand","embeddable":true,"href":"https:\/\/rmvapesale.com\/hr\/wp-json\/wp\/v2\/product_brand?post=1928"},{"taxonomy":"product_cat","embeddable":true,"href":"https:\/\/rmvapesale.com\/hr\/wp-json\/wp\/v2\/product_cat?post=1928"},{"taxonomy":"product_tag","embeddable":true,"href":"https:\/\/rmvapesale.com\/hr\/wp-json\/wp\/v2\/product_tag?post=1928"}],"curies":[{"name":"wp","href":"https:\/\/api.w.org\/{rel}","templated":true}]}}