{"id":1940,"date":"2024-08-27T07:55:11","date_gmt":"2024-08-27T07:55:11","guid":{"rendered":"https:\/\/rmvapesale.com\/?post_type=product&#038;p=1940"},"modified":"2024-11-04T09:58:31","modified_gmt":"2024-11-04T09:58:31","slug":"randm-tornado-15000-puffs-vape-wholesale","status":"publish","type":"product","link":"https:\/\/rmvapesale.com\/hr\/product\/randm-tornado-15000-puffs-vape-wholesale\/","title":{"rendered":"RandM Tornado 15000 Puffs Vape Veleprodaja"},"content":{"rendered":"<h1>RandM Tornado 15000 Puffs Vape Veleprodaja<\/h1>\n<p>Jednokratni vape postao je popularan zbog \u0161irokog raspona okusa i jednostavnosti kori\u0161tenja. Tra\u017eite najbolju cijenu za jednokratni vape? RandM Tornado 15000 pufova je vrlo preporu\u010dljiv zbog svojih impresivnih zna\u010dajki. Dizajniran s baterijom od 850mAh koja se mo\u017ee puniti i pru\u017ea do 15000 pufova. Ovdje u na\u0161oj trgovini mo\u017eete kupiti RandM Tornado 15000 pufova vape po veleprodajnoj cijeni.<\/p>\n<p>Tornado 15000 ima novi dizajn s punjivom baterijom od 850mAh koja se brzo puni putem USB-C priklju\u010dka, omogu\u0107uju\u0107i u\u010dinkovito punjenje. RandM Tornado 15000 jednokratni vape dolazi s tehnologijom mre\u017easte zavojnice, stoga pru\u017ea glatkije, ugodnije iskustvo vapinga kroz cijeli raspon okusa.<\/p>\n<p>Iznad svega, RM 15000 je zaista isplativ vape koji vrijedi isprobati!<\/p>\n<p><strong>Kontaktirajte Amy da dobijete pravi odgovor i veleprodajnu cijenu!<\/strong><\/p>\n<p><img loading=\"lazy\" decoding=\"async\" class=\"size-medium wp-image-1814\" src=\"https:\/\/rmvapesale.com\/wp-content\/uploads\/2024\/04\/whatsapp-amy-229x300.jpg\" alt=\"whatsapp amy\" width=\"229\" height=\"300\" srcset=\"https:\/\/rmvapesale.com\/wp-content\/uploads\/2024\/04\/whatsapp-amy-229x300.jpg 229w, https:\/\/rmvapesale.com\/wp-content\/uploads\/2024\/04\/whatsapp-amy-783x1024.jpg 783w, https:\/\/rmvapesale.com\/wp-content\/uploads\/2024\/04\/whatsapp-amy-768x1005.jpg 768w, https:\/\/rmvapesale.com\/wp-content\/uploads\/2024\/04\/whatsapp-amy-600x785.jpg 600w, https:\/\/rmvapesale.com\/wp-content\/uploads\/2024\/04\/whatsapp-amy.jpg 990w\" sizes=\"auto, (max-width: 229px) 100vw, 229px\" \/><\/p>\n<h2><strong>\u0160to \u010dini FUMOT RandM Tornado 15000 jedinstvenim jednokratnim vapeom?<\/strong><\/h2>\n<p>Sa super specifikacijama, RANDM VAPE 15K TORNADO original isti\u010de se kao jedan od najkapacitetskih jednokratnih vapea na tr\u017ei\u0161tu.<\/p>\n<p>Opcije sadr\u017eaja nikotina: 0%, 2%, 3% i 5%<br \/>\nDo 15000 udisaja<br \/>\nUnaprijed napunjen s 25ml e-teku\u0107ine<br \/>\npunjiva baterija od 850mAh<br \/>\n0.9\u03a9 mre\u017easta zavojnica<br \/>\n41 dostupni okusi<\/p>\n<h2><strong>Koji je najbolji okus za RandM Tornado 15k pufova vape?<\/strong><\/h2>\n<p>Mr blue sigurno je najpopularniji okus za RandM Tornado 15000, morate ga isprobati!<\/p>\n<p>RandM Tornado 15000 pufova nudi ukupno 41 dostupnih okusa za va\u0161 odabir, za svakog po ne\u0161to.<\/p>\n<p>1 Plava Razz Lemonada<br \/>\n2 Breskva s ledom<br \/>\n3 Kisele jabuke<br \/>\n4 Lubenica s ledom<br \/>\n5 Borovnica na ledu<br \/>\n6 Borovnica s malinom<br \/>\n7 Ananas s ledom<br \/>\n8 Tre\u0161nja<br \/>\n9 Led od Jagode<br \/>\n10 Vimto<br \/>\n11 Gro\u017e\u0111ani led<br \/>\n12 Cola led<br \/>\n13 Jagoda lubenica<br \/>\n14 Roza limunada<br \/>\n15 Mije\u0161ano bobi\u010dasto vo\u0107e<br \/>\n16 Breskva mango<br \/>\n17. Zmajevo vo\u0107e<br \/>\n18 Jagoda gro\u017e\u0111e<br \/>\n19. Gospodin plavi<br \/>\n20. Buja\u0107i led<br \/>\n21. led na \u0161tapi\u0107u<br \/>\n22. Jagoda kiwi<br \/>\n23. Kiwi marakuja guava<br \/>\n24. Trobojno bobi\u010dasto vo\u0107e<br \/>\n25. Banana led<br \/>\n26. Breskva borovnica bombona<br \/>\n27. Jabuka breskva kru\u0161ka<br \/>\n28. Bobi\u010dasta limunada<br \/>\n29. Plavi Razz tre\u0161nja<br \/>\n30. Borovnica \u017evaka\u0107a guma<br \/>\n31. Borovnica Vi\u0161nja Brusnica<br \/>\n32. Borovnica Granat<br \/>\n33. Plavi Kupina Malina<br \/>\n34. Vi\u0161nja Cola<br \/>\n35. Gumi Medvjedi\u0107<br \/>\n36. Limun i Limeta<br \/>\n37. Mango na ledu<br \/>\n38. Crvena Energetska Led<br \/>\n39. Jagoda Banana<br \/>\n40. Jagoda Red Bull<br \/>\n41. Limunada s jagodom i lubenicom<\/p>\n<h2><strong>Pitanja koja biste mogli imati o RandM Tornado 15000 pufova vape<\/strong><\/h2>\n<p>&nbsp;<\/p>\n<h3>Q1. \u0160to je originalni RM Tornado 15000 Pufova Vape?<\/h3>\n<p>A: RANDM VAPE 15K TORNADO original je jednokratni ure\u0111aj za vaping dizajniran za du\u017ee sesije vapinga. Nazvan je po impresivnom kapacitetu od 15.000 pufova.<\/p>\n<h3>Q2. Tko proizvodi pravi RandM Tornado 15k Pufova Vape?<\/h3>\n<p>RANDM VAPE 15K TORNADO Original proizvodi Shenzhen Fumot Technology, vode\u0107a tvrtka u industriji vapinga poznata po svojim inovativnim proizvodima.<\/p>\n<h3>Q3. Koliko dugo traje originalni RandM Tornado 15K Vape?<\/h3>\n<p>RANDM VAPE 15K TORNADO Authentic ima ugra\u0111enu bateriju kapaciteta 850mAh, koja nudi produljenu upotrebu s jednim punjenjem. To\u010dan vijek trajanja baterije ovisi o individualnim navikama kori\u0161tenja.<\/p>\n<h3>Q4. Je li Fumot RandM Tornado 15000 Pufova Vape original punjiv?<\/h3>\n<p><span style=\"font-size: 16px\">A: Ne, RANDM VAPE 15K TORNADO original dolazi s punjivom baterijom, koja je punjiva.<\/span><\/p>\n<h3>Q5. Kako mogu kupiti pravi Fumot RandM Tornado 15000 Pufova Vape?<\/h3>\n<p>A: RANDM VAPE 15K TORNADO Original dostupan je za kupnju putem ovla\u0161tenih distributera. Za veleprodajne upite, distributeri mogu <a href=\"https:\/\/wa.me\/8617776015835\" target=\"_blank\" rel=\"noopener\">kontaktirati nas<\/a> izravno. Maloprodajni kupci mogu prona\u0107i proizvod kod odabranih trgovaca ili online trgovina.<\/p>\n<p><strong>Detalji dostave:<\/strong><br \/>\nVrijeme proizvodnje: 5-10 radnih dana<br \/>\nVrijeme dostave: 8-14 radnih dana<\/p>\n<p>Sve proizvode u na\u0161oj trgovini su 100% originalni i autenti\u010dni, stoga je desetostruka naknada za la\u017ene proizvode na\u0161a politika trgovine. Koristimo logisti\u010dke kanale poput UPS\/DHL\/FEDEX\/DPD za dostavu robe do vas.<\/p>\n<p>Za pakete poslane u Hrvatsku obi\u010dno je potrebno 10 radnih dana za dolazak. Dostava u europske zemlje obi\u010dno traje oko 12-15 radnih dana. A\u017eurirat \u0107emo logisti\u010dke informacije u stvarnom vremenu.<\/p>\n<p>Prona\u0111ite vi\u0161e Vape proizvoda koji bi vam se mogli svidjeti:<em><a href=\"https:\/\/rmvapesale.com\/hr\/shop-2\/\">Kupite sada\u00a0<\/a><\/em><\/p>\n<p>ostali popularni proizvodi koji bi vam se mogli svidjeti:<\/p>\n<p><a href=\"https:\/\/rmvapesale.com\/hr\/product\/randm-vape-al-fakher-10000-puffs-vape-wholesale\/\">randm vape AI FAKHER 15k vape<\/a><\/p>\n<p><a href=\"https:\/\/rmvapesale.com\/hr\/product\/original-randm-tornado-9000-puffs-disposable-vape-factory-price\/\">RandM Tornado 9000<\/a><\/p>","protected":false},"excerpt":{"rendered":"<p>Fumot Tornado 15000 VAPE veleprodajna cijena<br \/>\nORIGINAL RandM Tornado 15000 tvornica na skladi\u0161tu<br \/>\nPravi RANDM Vape FUMOT TORNADO 15000 sni\u017eena cijena<\/p>\n<p><strong>Kontaktirajte Amy za ve\u0107i popust i ni\u017ei MOQ vape<\/strong><\/p>\n<p><img loading=\"lazy\" decoding=\"async\" class=\"size-medium wp-image-1814\" src=\"https:\/\/rmvapesale.com\/wp-content\/uploads\/2024\/04\/whatsapp-amy-229x300.jpg\" alt=\"whatsapp amy\" width=\"229\" height=\"300\" srcset=\"https:\/\/rmvapesale.com\/wp-content\/uploads\/2024\/04\/whatsapp-amy-229x300.jpg 229w, https:\/\/rmvapesale.com\/wp-content\/uploads\/2024\/04\/whatsapp-amy-783x1024.jpg 783w, https:\/\/rmvapesale.com\/wp-content\/uploads\/2024\/04\/whatsapp-amy-768x1005.jpg 768w, https:\/\/rmvapesale.com\/wp-content\/uploads\/2024\/04\/whatsapp-amy-600x785.jpg 600w, https:\/\/rmvapesale.com\/wp-content\/uploads\/2024\/04\/whatsapp-amy.jpg 990w\" sizes=\"auto, (max-width: 229px) 100vw, 229px\" \/><\/p>\n<h3><span style=\"color: #ff0000\"><strong>WhatsApp: +86 17776015835<\/strong><\/span><\/h3>","protected":false},"featured_media":1937,"comment_status":"open","ping_status":"closed","template":"","meta":{"_uag_custom_page_level_css":"","_lmt_disableupdate":"no","_lmt_disable":"","site-sidebar-layout":"default","site-content-layout":"content-boxed-container","ast-site-content-layout":"normal-width-container","site-content-style":"boxed","site-sidebar-style":"unboxed","ast-global-header-display":"","ast-banner-title-visibility":"","ast-main-header-display":"","ast-hfb-above-header-display":"","ast-hfb-below-header-display":"","ast-hfb-mobile-header-display":"","site-post-title":"","ast-breadcrumbs-content":"","ast-featured-img":"","footer-sml-layout":"","theme-transparent-header-meta":"default","adv-header-id-meta":"","stick-header-meta":"","header-above-stick-meta":"","header-main-stick-meta":"","header-below-stick-meta":"","astra-migrate-meta-layouts":"set","ast-page-background-enabled":"default","ast-page-background-meta":{"desktop":{"background-color":"var(--ast-global-color-4)","background-image":"","background-repeat":"repeat","background-position":"center center","background-size":"auto","background-attachment":"scroll","background-type":"","background-media":"","overlay-type":"","overlay-color":"","overlay-opacity":"","overlay-gradient":""},"tablet":{"background-color":"","background-image":"","background-repeat":"repeat","background-position":"center center","background-size":"auto","background-attachment":"scroll","background-type":"","background-media":"","overlay-type":"","overlay-color":"","overlay-opacity":"","overlay-gradient":""},"mobile":{"background-color":"","background-image":"","background-repeat":"repeat","background-position":"center center","background-size":"auto","background-attachment":"scroll","background-type":"","background-media":"","overlay-type":"","overlay-color":"","overlay-opacity":"","overlay-gradient":""}},"ast-content-background-meta":{"desktop":{"background-color":"var(--ast-global-color-5)","background-image":"","background-repeat":"repeat","background-position":"center center","background-size":"auto","background-attachment":"scroll","background-type":"","background-media":"","overlay-type":"","overlay-color":"","overlay-opacity":"","overlay-gradient":""},"tablet":{"background-color":"var(--ast-global-color-5)","background-image":"","background-repeat":"repeat","background-position":"center center","background-size":"auto","background-attachment":"scroll","background-type":"","background-media":"","overlay-type":"","overlay-color":"","overlay-opacity":"","overlay-gradient":""},"mobile":{"background-color":"var(--ast-global-color-5)","background-image":"","background-repeat":"repeat","background-position":"center center","background-size":"auto","background-attachment":"scroll","background-type":"","background-media":"","overlay-type":"","overlay-color":"","overlay-opacity":"","overlay-gradient":""}},"_joinchat":[]},"product_brand":[],"product_cat":[25,51,195,26,28,27,31,137,136,15,30],"product_tag":[44,39,40,41,38,37],"class_list":{"0":"post-1940","1":"product","2":"type-product","3":"status-publish","4":"has-post-thumbnail","6":"product_cat-germany-best-selling-vape","7":"product_cat-fumot-vape","8":"product_cat-germany-warehouse","9":"product_cat-netherlands-hot-sale-vape","10":"product_cat-poland-hot-sale-vape","11":"product_cat-fance-hot-sale-vape","12":"product_cat-randm-fumot-vape","13":"product_cat-rechargeable-vapes","14":"product_cat-smart-screen-vapes","15":"product_cat-new-vape-this-week","16":"product_cat-minimum-order-quantity-50pcs","17":"product_tag-15k-puffs-15000-vape-wholesale","18":"product_tag-fumot-vape","19":"product_tag-hot-sale-vape","20":"product_tag-original-factory-vape","21":"product_tag-randm-vape","22":"product_tag-wholesale-vape-price","23":"desktop-align-left","24":"tablet-align-left","25":"mobile-align-left","27":"first","28":"instock","29":"sale","30":"shipping-taxable","31":"purchasable","32":"product-type-simple"},"uagb_featured_image_src":{"full":["https:\/\/rmvapesale.com\/wp-content\/uploads\/2024\/08\/RandM-Tornado-15000-Wholesale-Blue-Razz-Lemonade.jpg",800,800,false],"thumbnail":["https:\/\/rmvapesale.com\/wp-content\/uploads\/2024\/08\/RandM-Tornado-15000-Wholesale-Blue-Razz-Lemonade-150x150.jpg",150,150,true],"medium":["https:\/\/rmvapesale.com\/wp-content\/uploads\/2024\/08\/RandM-Tornado-15000-Wholesale-Blue-Razz-Lemonade-300x300.jpg",300,300,true],"medium_large":["https:\/\/rmvapesale.com\/wp-content\/uploads\/2024\/08\/RandM-Tornado-15000-Wholesale-Blue-Razz-Lemonade-768x768.jpg",768,768,true],"large":["https:\/\/rmvapesale.com\/wp-content\/uploads\/2024\/08\/RandM-Tornado-15000-Wholesale-Blue-Razz-Lemonade.jpg",800,800,false],"1536x1536":["https:\/\/rmvapesale.com\/wp-content\/uploads\/2024\/08\/RandM-Tornado-15000-Wholesale-Blue-Razz-Lemonade.jpg",800,800,false],"2048x2048":["https:\/\/rmvapesale.com\/wp-content\/uploads\/2024\/08\/RandM-Tornado-15000-Wholesale-Blue-Razz-Lemonade.jpg",800,800,false],"trp-custom-language-flag":["https:\/\/rmvapesale.com\/wp-content\/uploads\/2024\/08\/RandM-Tornado-15000-Wholesale-Blue-Razz-Lemonade.jpg",12,12,false],"woocommerce_thumbnail":["https:\/\/rmvapesale.com\/wp-content\/uploads\/2024\/08\/RandM-Tornado-15000-Wholesale-Blue-Razz-Lemonade-300x300.jpg",300,300,true],"woocommerce_single":["https:\/\/rmvapesale.com\/wp-content\/uploads\/2024\/08\/RandM-Tornado-15000-Wholesale-Blue-Razz-Lemonade-600x600.jpg",600,600,true],"woocommerce_gallery_thumbnail":["https:\/\/rmvapesale.com\/wp-content\/uploads\/2024\/08\/RandM-Tornado-15000-Wholesale-Blue-Razz-Lemonade-100x100.jpg",100,100,true],"wcpr-photo-reviews":["https:\/\/rmvapesale.com\/wp-content\/uploads\/2024\/08\/RandM-Tornado-15000-Wholesale-Blue-Razz-Lemonade.jpg",500,500,false]},"uagb_author_info":{"display_name":"AMY","author_link":"https:\/\/rmvapesale.com\/hr\/author\/"},"uagb_comment_info":0,"uagb_excerpt":"Fumot Tornado 15000 VAPE Wholesale Price ORIGINAL RandM Tornado 15000 Factory Wholesale in Stock Genuine RANDM Vape FUMOT TORNADO 15000 Discount Price Contact Amy For More Discount And Lower MOQ Vape WhatsApp: +86 17776015835","_links":{"self":[{"href":"https:\/\/rmvapesale.com\/hr\/wp-json\/wp\/v2\/product\/1940","targetHints":{"allow":["GET"]}}],"collection":[{"href":"https:\/\/rmvapesale.com\/hr\/wp-json\/wp\/v2\/product"}],"about":[{"href":"https:\/\/rmvapesale.com\/hr\/wp-json\/wp\/v2\/types\/product"}],"replies":[{"embeddable":true,"href":"https:\/\/rmvapesale.com\/hr\/wp-json\/wp\/v2\/comments?post=1940"}],"wp:featuredmedia":[{"embeddable":true,"href":"https:\/\/rmvapesale.com\/hr\/wp-json\/wp\/v2\/media\/1937"}],"wp:attachment":[{"href":"https:\/\/rmvapesale.com\/hr\/wp-json\/wp\/v2\/media?parent=1940"}],"wp:term":[{"taxonomy":"product_brand","embeddable":true,"href":"https:\/\/rmvapesale.com\/hr\/wp-json\/wp\/v2\/product_brand?post=1940"},{"taxonomy":"product_cat","embeddable":true,"href":"https:\/\/rmvapesale.com\/hr\/wp-json\/wp\/v2\/product_cat?post=1940"},{"taxonomy":"product_tag","embeddable":true,"href":"https:\/\/rmvapesale.com\/hr\/wp-json\/wp\/v2\/product_tag?post=1940"}],"curies":[{"name":"wp","href":"https:\/\/api.w.org\/{rel}","templated":true}]}}