{"id":1942,"date":"2024-09-05T05:47:08","date_gmt":"2024-09-05T05:47:08","guid":{"rendered":"https:\/\/rmvapesale.com\/?post_type=product&#038;p=1942"},"modified":"2025-01-20T03:42:22","modified_gmt":"2025-01-20T03:42:22","slug":"vapme-crystal-7000-puffs-rechargeable-disposable-vape-price","status":"publish","type":"product","link":"https:\/\/rmvapesale.com\/hr\/product\/vapme-crystal-7000-puffs-rechargeable-disposable-vape-price\/","title":{"rendered":"Vapme Crystal 7000 Puffs Cijena punjivog jednokratnog vapea"},"content":{"rendered":"<h1>Vapme Crystal 7000 Puffs Cijena punjivog jednokratnog vapea<\/h1>\n<p>Predstavljamo Vapme Crystal 7000 udisaja punjivu jednokratnu e-cigaretu Original Edition\u2014vrhunski ure\u0111aj osmi\u0161ljen za vrhunsko iskustvo pu\u0161enja. Ova punjiva jednokratna e-cigareta nudi \u0161irok raspon okusa i prilagodljive razine nikotina. Odaberite izme\u0111u 30 privla\u010dnih okusa kako biste prilagodili svoje iskustvo pu\u0161enja svojim \u017eeljama. U na\u0161oj trgovini dobit \u0107ete veleprodajnu cijenu za Vapme Crystal 7000 udisaja punjivu jednokratnu e-cigaretu.<\/p>\n<p>Dostupno u razinama nikotina od 0%, 2% i 5%, ova e-cigareta omogu\u0107ava prilagodbu iskustva prema va\u0161im potrebama.<\/p>\n<p>VAPME Crystal bar e-cigareta napaja sna\u017ena baterija od 650mAh kobalta i ima prakti\u010dan Type-C priklju\u010dak za pouzdano napajanje i jednostavno punjenje.<\/p>\n<p>S kapacitetom od 14mL e-teku\u0107ine i mesh grija\u010dem od 1.0 ohma, ova e-cigareta osigurava glatki, aromati\u010dni dim sa svakim udisajem.<\/p>\n<p>U\u017eivajte do 7000 udisaja zadovoljstva s ovom punjivom jednokratnom e-cigaretom, savr\u0161enom za one koji cijene prakti\u010dnost i kvalitetu u svom iskustvu pu\u0161enja.<\/p>\n<p>&nbsp;<\/p>\n<p><strong>Kontaktirajte Amy da dobijete pravi odgovor i veleprodajnu cijenu!<\/strong><\/p>\n<p><img loading=\"lazy\" decoding=\"async\" class=\"size-medium wp-image-1814\" src=\"https:\/\/rmvapesale.com\/wp-content\/uploads\/2024\/04\/whatsapp-amy-229x300.jpg\" alt=\"whatsapp amy\" width=\"229\" height=\"300\" srcset=\"https:\/\/rmvapesale.com\/wp-content\/uploads\/2024\/04\/whatsapp-amy-229x300.jpg 229w, https:\/\/rmvapesale.com\/wp-content\/uploads\/2024\/04\/whatsapp-amy-783x1024.jpg 783w, https:\/\/rmvapesale.com\/wp-content\/uploads\/2024\/04\/whatsapp-amy-768x1005.jpg 768w, https:\/\/rmvapesale.com\/wp-content\/uploads\/2024\/04\/whatsapp-amy-600x785.jpg 600w, https:\/\/rmvapesale.com\/wp-content\/uploads\/2024\/04\/whatsapp-amy.jpg 990w\" sizes=\"auto, (max-width: 229px) 100vw, 229px\" \/><\/p>\n<h2><\/h2>\n<h2><strong>\u0160to \u010dini <\/strong><strong>PUFF <\/strong><strong>7000 <\/strong><strong>VAPME Crystal <\/strong><strong>vrlo popularnom<\/strong>\u00a0<strong>jednokratnom e-cigaretom?<\/strong><\/h2>\n<p>Opcije sadr\u017eaja nikotina: 0%, 2%, 3% i 5%<br \/>\nDo 7000 udisaja<br \/>\nPunjenjem od 14ml e-teku\u0107ine<br \/>\n650mAh punjivom baterijom<br \/>\nMesh grija\u010d od 1.0 \u03a9<br \/>\n30 dostupnih okusa<\/p>\n<h2><strong>Koji je najpopularniji okus za VAPME Crystal 7000 e-cigaretu?<\/strong><\/h2>\n<p>VAPME Crystal 7000 Udisaja pru\u017ea ukupno 30 dostupnih okusa za va\u0161 odabir, za svakog pone\u0161to.<\/p>\n<p>1.Borovnica Malina<br \/>\n2.Gro\u017e\u0111ica od gro\u017e\u0111a<br \/>\n3.Jagoda lubenica \u017evaka\u0107a guma<br \/>\n4.Jagoda malina karamela<br \/>\n5.Jagoda i banana<br \/>\n6.Jagoda mango<br \/>\n7.Breskva mango ananas<br \/>\n8. Lubenica led<br \/>\n9.Triple mango<br \/>\n10.Vrhnja ledena<br \/>\n11.Passionfruit dinja ledena<br \/>\n12.Kivi passionfruit guava<br \/>\n13. Jagoda sladoled<br \/>\n14.Breskva ledena<br \/>\n15.Limun&amp;limeta limonada<br \/>\n16.Jagoda kivi<br \/>\n17.Energijsko pi\u0107e<br \/>\n18.Vrhnja kola<br \/>\n19.Mije\u0161ano bobi\u010dasto vo\u0107e ledeno<br \/>\n20.Limun i limeta<br \/>\n21.Jagoda gro\u017e\u0111e<br \/>\n22.Crni ribiz i ledena<br \/>\n23.Plavi borovnica brusnica tre\u0161nja<br \/>\n24.Lubenica kivi ledena<br \/>\n25. tre\u0161nja bobica<br \/>\n26. metvica<br \/>\n27. tropski vo\u0107ni koktel<br \/>\n28. Gospodin plavi<br \/>\n29. Dvostruka jabuka<br \/>\n30. banana led<\/p>\n<figure id=\"attachment_1945\" aria-describedby=\"caption-attachment-1945\" style=\"width: 500px\" class=\"wp-caption alignnone\"><img loading=\"lazy\" decoding=\"async\" class=\"wp-image-1945 size-full\" src=\"https:\/\/rmvapesale.com\/wp-content\/uploads\/2024\/09\/Vapme-Crystal-7000-Puffs-Disposable-Vape-Wholesale.jpg\" alt=\"Vapme Crystal 7000 Udisivih dimnih ure\u0111aja na veliko\" width=\"500\" height=\"500\" srcset=\"https:\/\/rmvapesale.com\/wp-content\/uploads\/2024\/09\/Vapme-Crystal-7000-Puffs-Disposable-Vape-Wholesale.jpg 500w, https:\/\/rmvapesale.com\/wp-content\/uploads\/2024\/09\/Vapme-Crystal-7000-Puffs-Disposable-Vape-Wholesale-300x300.jpg 300w, https:\/\/rmvapesale.com\/wp-content\/uploads\/2024\/09\/Vapme-Crystal-7000-Puffs-Disposable-Vape-Wholesale-150x150.jpg 150w, https:\/\/rmvapesale.com\/wp-content\/uploads\/2024\/09\/Vapme-Crystal-7000-Puffs-Disposable-Vape-Wholesale-100x100.jpg 100w\" sizes=\"auto, (max-width: 500px) 100vw, 500px\" \/><figcaption id=\"caption-attachment-1945\" class=\"wp-caption-text\">Vapme Crystal 7000 Udisivih dimnih ure\u0111aja na veliko<\/figcaption><\/figure>\n<h2><strong>Pitanja koja biste mogli imati o PUFF Vape VAPME Crystal 7000<\/strong><\/h2>\n<p>&nbsp;<\/p>\n<h3>P 1. \u0160to je VAPME Crystal 7000 Udisivih dimnih ure\u0111aja Original?<\/h3>\n<p>cURL Too many subrequests. <span style=\"font-size: 16px\">VAPME Crystal 7000 Udisivih dimnih ure\u0111aja<\/span> je ure\u0111aj za jednokratno punjenje e-cigareta, dizajniran za produ\u017eene sesije vapinga. Ime je dobio po impresivnom kapacitetu od 7000 udisaja i vi\u0161ebojnim svjetlima koja podsje\u0107aju na osvijetljeni kristal.<\/p>\n<h3>Q 2. Koliko dugo traje Authentic VAPME Crystal 7000 Vape?<\/h3>\n<p>A: Authentic <span style=\"font-size: 16px\">VAPME Crystal 7000 Udisivih dimnih ure\u0111aja <\/span>ima ugra\u0111enu bateriju kapaciteta 650 mAh, koja omogu\u0107ava produ\u017eenu uporabu na jednom punjenju. No, to\u010dno trajanje baterije ovisi o individualnim obrascima kori\u0161tenja.<\/p>\n<h3>Q 3. Je li PUFF 7000 VAPME Crystal Original punjiv?<\/h3>\n<p><span style=\"font-size: 16px\">A: Da, VAPME Crystal 7000 Puffs Original dolazi s punjivom baterijom, koja je punjiva. Mo\u017eete u\u017eivati u njemu do posljednje kapi.<\/span><\/p>\n<h3>Q 4. Gdje mogu dobiti veleprodajnu cijenu za Vapme Crystal 7000 udisaja punjivu jednokratnu e-cigaretu?<\/h3>\n<p>cURL Too many subrequests. <span style=\"font-size: 16px\">VAPME Crystal 7000 Udisivih dimnih ure\u0111aja <\/span>dostupno za kupnju putem ovla\u0161tenih distributera. Za veleprodajne upite, distributeri mogu <a href=\"https:\/\/wa.me\/8617776015835\" target=\"_blank\" rel=\"noopener\">kontaktirati nas<\/a> izravno. Maloprodajni kupci mogu prona\u0107i proizvod kod odabranih trgovaca ili online trgovina.<\/p>\n<p>Prona\u0111ite vi\u0161e Vape proizvoda koji bi vam se mogli svidjeti:<em><a href=\"https:\/\/rmvapesale.com\/hr\/shop-2\/\">Kupite sada\u00a0<\/a><\/em><\/p>\n<p>ostali popularni proizvodi koji bi vam se mogli svidjeti:<\/p>\n<p><a href=\"https:\/\/rmvapesale.com\/hr\/product\/randm-vape-al-fakher-10000-puffs-vape-wholesale\/\">randm vape AI FAKHER 15k vape<\/a><\/p>\n<p><a href=\"https:\/\/rmvapesale.com\/hr\/product\/original-randm-tornado-9000-puffs-disposable-vape-factory-price\/\">RandM Tornado 9000<\/a><\/p>","protected":false},"excerpt":{"rendered":"<p>Vapme Crystal 7000 Udisaja Punjive Jednokratne E-cigarete Velika Kupnja Cijena<\/p>\n<p>Puff 7000 Vapme Crystal Original Jednokratna E-cigareta Najbolji Okus<\/p>\n<p>VAPME CRYSTAL 7000 Udisaja 2% Nikotin<\/p>\n<p><strong>Kontaktirajte Amy za ve\u0107i popust i ni\u017ei MOQ vape<\/strong><\/p>\n<p><img loading=\"lazy\" decoding=\"async\" class=\"size-medium wp-image-1814\" src=\"https:\/\/rmvapesale.com\/wp-content\/uploads\/2024\/04\/whatsapp-amy-229x300.jpg\" alt=\"whatsapp amy\" width=\"229\" height=\"300\" srcset=\"https:\/\/rmvapesale.com\/wp-content\/uploads\/2024\/04\/whatsapp-amy-229x300.jpg 229w, https:\/\/rmvapesale.com\/wp-content\/uploads\/2024\/04\/whatsapp-amy-783x1024.jpg 783w, https:\/\/rmvapesale.com\/wp-content\/uploads\/2024\/04\/whatsapp-amy-768x1005.jpg 768w, https:\/\/rmvapesale.com\/wp-content\/uploads\/2024\/04\/whatsapp-amy-600x785.jpg 600w, https:\/\/rmvapesale.com\/wp-content\/uploads\/2024\/04\/whatsapp-amy.jpg 990w\" sizes=\"auto, (max-width: 229px) 100vw, 229px\" \/><\/p>\n<h3><span style=\"color: #ff0000\"><strong>WhatsApp: +86 17776015835<\/strong><\/span><\/h3>","protected":false},"featured_media":2671,"comment_status":"open","ping_status":"closed","template":"","meta":{"_uag_custom_page_level_css":"","_lmt_disableupdate":"no","_lmt_disable":"","site-sidebar-layout":"default","site-content-layout":"content-boxed-container","ast-site-content-layout":"normal-width-container","site-content-style":"boxed","site-sidebar-style":"unboxed","ast-global-header-display":"","ast-banner-title-visibility":"","ast-main-header-display":"","ast-hfb-above-header-display":"","ast-hfb-below-header-display":"","ast-hfb-mobile-header-display":"","site-post-title":"","ast-breadcrumbs-content":"","ast-featured-img":"","footer-sml-layout":"","ast-disable-related-posts":"","theme-transparent-header-meta":"default","adv-header-id-meta":"","stick-header-meta":"","header-above-stick-meta":"","header-main-stick-meta":"","header-below-stick-meta":"","astra-migrate-meta-layouts":"set","ast-page-background-enabled":"default","ast-page-background-meta":{"desktop":{"background-color":"var(--ast-global-color-4)","background-image":"","background-repeat":"repeat","background-position":"center center","background-size":"auto","background-attachment":"scroll","background-type":"","background-media":"","overlay-type":"","overlay-color":"","overlay-opacity":"","overlay-gradient":""},"tablet":{"background-color":"","background-image":"","background-repeat":"repeat","background-position":"center center","background-size":"auto","background-attachment":"scroll","background-type":"","background-media":"","overlay-type":"","overlay-color":"","overlay-opacity":"","overlay-gradient":""},"mobile":{"background-color":"","background-image":"","background-repeat":"repeat","background-position":"center center","background-size":"auto","background-attachment":"scroll","background-type":"","background-media":"","overlay-type":"","overlay-color":"","overlay-opacity":"","overlay-gradient":""}},"ast-content-background-meta":{"desktop":{"background-color":"var(--ast-global-color-5)","background-image":"","background-repeat":"repeat","background-position":"center center","background-size":"auto","background-attachment":"scroll","background-type":"","background-media":"","overlay-type":"","overlay-color":"","overlay-opacity":"","overlay-gradient":""},"tablet":{"background-color":"var(--ast-global-color-5)","background-image":"","background-repeat":"repeat","background-position":"center center","background-size":"auto","background-attachment":"scroll","background-type":"","background-media":"","overlay-type":"","overlay-color":"","overlay-opacity":"","overlay-gradient":""},"mobile":{"background-color":"var(--ast-global-color-5)","background-image":"","background-repeat":"repeat","background-position":"center center","background-size":"auto","background-attachment":"scroll","background-type":"","background-media":"","overlay-type":"","overlay-color":"","overlay-opacity":"","overlay-gradient":""}},"_joinchat":[]},"product_brand":[],"product_cat":[25,272,290,27,123,293,30,26,15,28,295,137,136,135,281],"product_tag":[48,40,41,54,53,37],"class_list":{"0":"post-1942","1":"product","2":"type-product","3":"status-publish","4":"has-post-thumbnail","6":"product_cat-germany-best-selling-vape","7":"product_cat-7000-puff-disposable-vape","8":"product_cat-crystal-disposable-vapes","9":"product_cat-fance-hot-sale-vape","10":"product_cat-italy-wholesale-vape","11":"product_cat-low-nicotine-disposable-vapes","12":"product_cat-minimum-order-quantity-50pcs","13":"product_cat-netherlands-hot-sale-vape","14":"product_cat-new-vape-this-week","15":"product_cat-poland-hot-sale-vape","16":"product_cat-rechargeable-disposable-vapes","17":"product_cat-rechargeable-vapes","18":"product_cat-smart-screen-vapes","19":"product_cat-spain-best-hot-sale-vape","20":"product_cat-vapme-vape","21":"product_tag-7000-puffs-vape","22":"product_tag-hot-sale-vape","23":"product_tag-original-factory-vape","24":"product_tag-rechargeable-disposable-vape","25":"product_tag-vapme-vape","26":"product_tag-wholesale-vape-price","27":"desktop-align-left","28":"tablet-align-left","29":"mobile-align-left","31":"first","32":"instock","33":"sale","34":"shipping-taxable","35":"purchasable","36":"product-type-simple"},"uagb_featured_image_src":{"full":["https:\/\/rmvapesale.com\/wp-content\/uploads\/2024\/11\/Vapme-Crystal-Rechareable-Vape-Wholesale.jpg",800,800,false],"thumbnail":["https:\/\/rmvapesale.com\/wp-content\/uploads\/2024\/11\/Vapme-Crystal-Rechareable-Vape-Wholesale-150x150.jpg",150,150,true],"medium":["https:\/\/rmvapesale.com\/wp-content\/uploads\/2024\/11\/Vapme-Crystal-Rechareable-Vape-Wholesale-300x300.jpg",300,300,true],"medium_large":["https:\/\/rmvapesale.com\/wp-content\/uploads\/2024\/11\/Vapme-Crystal-Rechareable-Vape-Wholesale-768x768.jpg",768,768,true],"large":["https:\/\/rmvapesale.com\/wp-content\/uploads\/2024\/11\/Vapme-Crystal-Rechareable-Vape-Wholesale.jpg",800,800,false],"1536x1536":["https:\/\/rmvapesale.com\/wp-content\/uploads\/2024\/11\/Vapme-Crystal-Rechareable-Vape-Wholesale.jpg",800,800,false],"2048x2048":["https:\/\/rmvapesale.com\/wp-content\/uploads\/2024\/11\/Vapme-Crystal-Rechareable-Vape-Wholesale.jpg",800,800,false],"trp-custom-language-flag":["https:\/\/rmvapesale.com\/wp-content\/uploads\/2024\/11\/Vapme-Crystal-Rechareable-Vape-Wholesale.jpg",12,12,false],"woocommerce_thumbnail":["https:\/\/rmvapesale.com\/wp-content\/uploads\/2024\/11\/Vapme-Crystal-Rechareable-Vape-Wholesale-300x300.jpg",300,300,true],"woocommerce_single":["https:\/\/rmvapesale.com\/wp-content\/uploads\/2024\/11\/Vapme-Crystal-Rechareable-Vape-Wholesale-600x600.jpg",600,600,true],"woocommerce_gallery_thumbnail":["https:\/\/rmvapesale.com\/wp-content\/uploads\/2024\/11\/Vapme-Crystal-Rechareable-Vape-Wholesale-100x100.jpg",100,100,true],"wcpr-photo-reviews":["https:\/\/rmvapesale.com\/wp-content\/uploads\/2024\/11\/Vapme-Crystal-Rechareable-Vape-Wholesale.jpg",500,500,false]},"uagb_author_info":{"display_name":"AMY","author_link":"https:\/\/rmvapesale.com\/hr\/author\/"},"uagb_comment_info":0,"uagb_excerpt":"Vapme Crystal 7000 Puffs Rechargeable Disposable Vape Bulk Buy Price Puff 7000 Vapme Crystal Original Disposable Vape Best Flavor VAPME CRYSTAL 7000 Puffs 2% Nicotine Contact Amy For More Discount And Lower MOQ Vape WhatsApp: +86 17776015835","_links":{"self":[{"href":"https:\/\/rmvapesale.com\/hr\/wp-json\/wp\/v2\/product\/1942","targetHints":{"allow":["GET"]}}],"collection":[{"href":"https:\/\/rmvapesale.com\/hr\/wp-json\/wp\/v2\/product"}],"about":[{"href":"https:\/\/rmvapesale.com\/hr\/wp-json\/wp\/v2\/types\/product"}],"replies":[{"embeddable":true,"href":"https:\/\/rmvapesale.com\/hr\/wp-json\/wp\/v2\/comments?post=1942"}],"wp:featuredmedia":[{"embeddable":true,"href":"https:\/\/rmvapesale.com\/hr\/wp-json\/wp\/v2\/media\/2671"}],"wp:attachment":[{"href":"https:\/\/rmvapesale.com\/hr\/wp-json\/wp\/v2\/media?parent=1942"}],"wp:term":[{"taxonomy":"product_brand","embeddable":true,"href":"https:\/\/rmvapesale.com\/hr\/wp-json\/wp\/v2\/product_brand?post=1942"},{"taxonomy":"product_cat","embeddable":true,"href":"https:\/\/rmvapesale.com\/hr\/wp-json\/wp\/v2\/product_cat?post=1942"},{"taxonomy":"product_tag","embeddable":true,"href":"https:\/\/rmvapesale.com\/hr\/wp-json\/wp\/v2\/product_tag?post=1942"}],"curies":[{"name":"wp","href":"https:\/\/api.w.org\/{rel}","templated":true}]}}