{"id":1950,"date":"2024-09-05T08:27:17","date_gmt":"2024-09-05T08:27:17","guid":{"rendered":"https:\/\/rmvapesale.com\/?post_type=product&#038;p=1950"},"modified":"2025-01-20T03:43:06","modified_gmt":"2025-01-20T03:43:06","slug":"bang-30k-puffs-disposable-vape-double-taste-wholesale-italy","status":"publish","type":"product","link":"https:\/\/rmvapesale.com\/hr\/product\/bang-30k-puffs-disposable-vape-double-taste-wholesale-italy\/","title":{"rendered":"Bang 30k Puffs jednokratni vejp dvostruki okus veleprodaja Hrvatska"},"content":{"rendered":"<h1>Bang 30k Puffs jednokratni vejp dvostruki okus veleprodaja Hrvatska<\/h1>\n<p>Bang 30000 30k Puffs Dvostruki Okus Jednokratna Vape je vrhunski ure\u0111aj izra\u0111en za izvanredno iskustvo vapinga. S impresivnih 30.000 udisaja, nudi neusporedivu dugovje\u010dnost i prakti\u010dnost. S mre\u017eastom zavojnicom od 1,0 ohma, isporu\u010duje glatku i konzistentnu paru, pobolj\u0161avaju\u0107i okus sa svakim udisajem. Njegov kapacitet e-teku\u0107ine od 36 ml osigurava produ\u017eenu upotrebu bez \u010destih punjenja. Odaberite razine nikotina od 0%, 2%, 3% ili 5% kako bi odgovarale va\u0161im \u017eeljama.<\/p>\n<p>Baterija od 550 mAh pru\u017ea pouzdane performanse, dok zna\u010dajka punjenja Type-C omogu\u0107uje brzo i u\u010dinkovito punjenje. Napredni LCD zaslon vas obavje\u0161tava o trajanju baterije i razinama e-teku\u0107ine, osiguravaju\u0107i besprijekorno iskustvo.<\/p>\n<p>Bang 30000 puffs tako\u0111er se mo\u017ee pohvaliti funkcijom dvostrukog okusa, omogu\u0107uju\u0107i vam prebacivanje izme\u0111u dva razli\u010dita okusa za svestranu sesiju vapinga. Idealan za po\u010detnike i iskusne vapere, kombinira veliki kapacitet, jednostavnost kori\u0161tenja i vrhunsku tehnologiju za vrhunsko iskustvo vapinga.<\/p>\n<p><strong>Kontaktirajte Amy da dobijete pravi odgovor i veleprodajnu cijenu!<\/strong><\/p>\n<p><img loading=\"lazy\" decoding=\"async\" class=\"size-medium wp-image-1814\" src=\"https:\/\/rmvapesale.com\/wp-content\/uploads\/2024\/04\/whatsapp-amy-229x300.jpg\" alt=\"whatsapp amy\" width=\"229\" height=\"300\" srcset=\"https:\/\/rmvapesale.com\/wp-content\/uploads\/2024\/04\/whatsapp-amy-229x300.jpg 229w, https:\/\/rmvapesale.com\/wp-content\/uploads\/2024\/04\/whatsapp-amy-783x1024.jpg 783w, https:\/\/rmvapesale.com\/wp-content\/uploads\/2024\/04\/whatsapp-amy-768x1005.jpg 768w, https:\/\/rmvapesale.com\/wp-content\/uploads\/2024\/04\/whatsapp-amy-600x785.jpg 600w, https:\/\/rmvapesale.com\/wp-content\/uploads\/2024\/04\/whatsapp-amy.jpg 990w\" sizes=\"auto, (max-width: 229px) 100vw, 229px\" \/><\/p>\n<h2><strong>\u0160to \u010dini Bang 30000 Puffs<\/strong><strong>\u00a0najprodavanijom jednokratnom vape?<\/strong><\/h2>\n<p>S izvrsnim specifikacijama, autenti\u010dni Bang 30000 Puffs Dvostruki Okus Jednokratna Vape isti\u010de se kao jedan od jednokratnih vape s najve\u0107im kapacitetom na tr\u017ei\u0161tu.<\/p>\n<p>Udisaji: 30000 udisaja<br \/>\nJezgra: Mre\u017easta zavojnica 1.0ohm<br \/>\nE-teku\u0107ina: 36ml<br \/>\nNikotin: 0%\/2%\/3%\/5%<br \/>\nBaterija: 550mAh<br \/>\nPunjivo: Type-C<br \/>\nLCD Digitalni zaslon<br \/>\nDvostruki okus<\/p>\n<h2><strong>Koji je najbolji okus za <\/strong><strong>Bang 30k <\/strong><strong>puffs vape?<\/strong><\/h2>\n<p>borovnica malina &amp; breskva mango lubenica je bez sumnje najbolji popularni okus za Bang 30000 Puffs Dvostruki Okus Jednokratna Vape, trebali biste probati!<\/p>\n<p>Ovaj Bang 30000 Vape pru\u017ea ukupno 12 dostupnih okusa za va\u0161 izbor, ne\u0161to za svakoga.<\/p>\n<p>1. lubenica led &amp; borovnica mente<br \/>\n2. lubenica led &amp; jagoda i mango<br \/>\n3. jagoda lubenica &amp; kiwi pasionski vo\u0107e guava<br \/>\n4. jagoda i lubenica &amp; gro\u017e\u0111e led<br \/>\n5. borovnica led &amp; crni zmaj led<br \/>\n6. borovnica led &amp; jagoda i banana<br \/>\n7. crveni bik &amp; borovnica lubenica<br \/>\n8. crveni bik &amp; lubenica sa mjehuri\u0107ima slatki\u0161a<br \/>\n9. borovnica malina &amp; breskva mango lubenica<br \/>\n10. borovnica malina &amp; mije\u0161ano plodno vo\u0107e s plijesni<br \/>\n11. jagoda kiwi &amp; breskva led<br \/>\n12. jagoda kiwi &amp; kisela jabuka malina<\/p>\n<h2><strong>Pitanja koja biste mogli imati o Bang 30000 Disposable Vape<\/strong><\/h2>\n<h3>P1. \u0160to je Bang30k Puffs Vape?<\/h3>\n<p>O: Bang 30k Puffs Original je jednokratni ure\u0111aj za vaping dizajniran za du\u017ee sesije vapinga. Ime je dobio po impresivnom kapacitetu od 15.000 udisaja.<\/p>\n<h3>P2. Koliko dugo traje autenti\u010dni BangKing 30000 Puffs 15K Vape?<\/h3>\n<p>O: Autenti\u010dni Bang 30k Puffs ima ugra\u0111enu bateriju kapaciteta 550mAh, \u0161to omogu\u0107ava du\u017eu uporabu na jedno punjenje. No, to\u010dno trajanje baterije ovisi o individualnim obrascima kori\u0161tenja.<\/p>\n<h3>P3. Je li Bang 30000 Vape originalni ure\u0111aj s mogu\u0107no\u0161\u0107u punjenja?<\/h3>\n<p><span style=\"font-size: 16px\">O: Da, Bang 30k Puffs Original dolazi s punjivom baterijom, koja je punjiva, mo\u017eete u\u017eivati do posljednje kapi.<\/span><\/p>\n<h3>P4. Gdje mogu kupiti originalni Bang 30000 Puffs Vape?<\/h3>\n<p>O: Originalni Bang 30k Puffs dostupan je za kupnju putem ovla\u0161tenih distributera. Za veleprodajne upite, distributeri mogu <a href=\"https:\/\/wa.me\/8617776015835\" target=\"_blank\" rel=\"noopener\">kontaktirati nas<\/a> direktno. Maloprodajni kupci mogu prona\u0107i proizvod u odabranim maloprodajama ili internetskim trgovinama. Svi proizvodi u na\u0161oj trgovini su 100% originalni i autenti\u010dni, tako da je deseterostruka naknada za la\u017enu robu na\u0161a politika trgovine.<\/p>\n<p>&nbsp;<\/p>\n<p><strong>Detalji dostave:<\/strong><\/p>\n<div class=\"flex-shrink-0 flex flex-col relative items-end\">\n<div>\n<div class=\"pt-0\">\n<div class=\"gizmo-bot-avatar flex h-8 w-8 items-center justify-center overflow-hidden rounded-full\">\n<div class=\"relative p-1 rounded-sm flex items-center justify-center bg-token-main-surface-primary text-token-text-primary h-8 w-8\"><strong>Koje se metode dostave koriste?<\/strong><\/div>\n<\/div>\n<\/div>\n<\/div>\n<\/div>\n<div class=\"group\/conversation-turn relative flex w-full min-w-0 flex-col agent-turn\">\n<div class=\"flex-col gap-1 md:gap-3\">\n<div class=\"flex max-w-full flex-col flex-grow\">\n<div class=\"min-h-[20px] text-message flex w-full flex-col items-end gap-2 whitespace-normal break-words [.text-message+&amp;]:mt-5 overflow-x-auto\" dir=\"auto\" data-message-author-role=\"assistant\" data-message-id=\"22f8283b-3233-46ff-89a5-c7a41b33abda\">\n<div class=\"flex w-full flex-col gap-1 empty:hidden first:pt-[3px]\">\n<div class=\"markdown prose w-full break-words dark:prose-invert light\">\n<p>Sura\u0111ujemo s UPS-om, DHL-om, FedEx-om, DPD-om i drugim vode\u0107im prijevoznicima. Odabrat \u0107emo najbolju metodu dostave na temelju va\u0161e lokacije kako bismo osigurali da svoje proizvode primite \u0161to je prije mogu\u0107e.<\/p>\n<\/div>\n<p><strong>Koliko vremena je potrebno za isporuku?<\/strong><\/p>\n<p>Paketi poslani u Hrvatsku obi\u010dno sti\u017eu unutar 10 radnih dana. Dostava u europske zemlje op\u0107enito traje oko 12-15 radnih dana. Pru\u017eit \u0107emo vam a\u017euriranja o statusu va\u0161e po\u0161iljke u stvarnom vremenu.<\/p>\n<p>&nbsp;<\/p>\n<\/div>\n<\/div>\n<\/div>\n<\/div>\n<\/div>\n<p>Prona\u0111ite vi\u0161e Vape proizvoda koji bi vam se mogli svidjeti:<em><a href=\"https:\/\/rmvapesale.com\/hr\/shop-2\/\">Kupite sada\u00a0<\/a><\/em><\/p>\n<p>ostali popularni proizvodi koji bi vam se mogli svidjeti:<\/p>\n<p><a href=\"https:\/\/rmvapesale.com\/hr\/product\/randm-vape-al-fakher-10000-puffs-vape-wholesale\/\">randm vape AI FAKHER 15k vape<\/a><\/p>\n<p><a href=\"https:\/\/rmvapesale.com\/hr\/product\/original-randm-tornado-9000-puffs-disposable-vape-factory-price\/\">RandM Tornado 9000<\/a><\/p>","protected":false},"excerpt":{"rendered":"<p>Bang 30000 30k Puffs Dvostruki Okus Jednokratna Vape Veleprodajna Cijena<br \/>\nORIGINAL Bang 30000 Puffs Jednokratna Vape Tvorni\u010dka Veleprodaja na Zalihi<br \/>\nBANG 30000 dvostruki okus 30K Jednokratna Vape Diskontna Cijena<\/p>\n<p><strong>Kontaktirajte Amy za ve\u0107i popust i ni\u017ei MOQ vape<\/strong><\/p>\n<p><img loading=\"lazy\" decoding=\"async\" class=\"size-medium wp-image-1814\" src=\"https:\/\/rmvapesale.com\/wp-content\/uploads\/2024\/04\/whatsapp-amy-229x300.jpg\" alt=\"whatsapp amy\" width=\"229\" height=\"300\" srcset=\"https:\/\/rmvapesale.com\/wp-content\/uploads\/2024\/04\/whatsapp-amy-229x300.jpg 229w, https:\/\/rmvapesale.com\/wp-content\/uploads\/2024\/04\/whatsapp-amy-783x1024.jpg 783w, https:\/\/rmvapesale.com\/wp-content\/uploads\/2024\/04\/whatsapp-amy-768x1005.jpg 768w, https:\/\/rmvapesale.com\/wp-content\/uploads\/2024\/04\/whatsapp-amy-600x785.jpg 600w, https:\/\/rmvapesale.com\/wp-content\/uploads\/2024\/04\/whatsapp-amy.jpg 990w\" sizes=\"auto, (max-width: 229px) 100vw, 229px\" \/><\/p>\n<h3><span style=\"color: #ff0000\"><strong>WhatsApp: +86 17776015835<\/strong><\/span><\/h3>","protected":false},"featured_media":1951,"comment_status":"open","ping_status":"closed","template":"","meta":{"_uag_custom_page_level_css":"","_lmt_disableupdate":"no","_lmt_disable":"","site-sidebar-layout":"default","site-content-layout":"content-boxed-container","ast-site-content-layout":"normal-width-container","site-content-style":"boxed","site-sidebar-style":"unboxed","ast-global-header-display":"","ast-banner-title-visibility":"","ast-main-header-display":"","ast-hfb-above-header-display":"","ast-hfb-below-header-display":"","ast-hfb-mobile-header-display":"","site-post-title":"","ast-breadcrumbs-content":"","ast-featured-img":"","footer-sml-layout":"","theme-transparent-header-meta":"default","adv-header-id-meta":"","stick-header-meta":"","header-above-stick-meta":"","header-main-stick-meta":"","header-below-stick-meta":"","astra-migrate-meta-layouts":"set","ast-page-background-enabled":"default","ast-page-background-meta":{"desktop":{"background-color":"var(--ast-global-color-4)","background-image":"","background-repeat":"repeat","background-position":"center center","background-size":"auto","background-attachment":"scroll","background-type":"","background-media":"","overlay-type":"","overlay-color":"","overlay-opacity":"","overlay-gradient":""},"tablet":{"background-color":"","background-image":"","background-repeat":"repeat","background-position":"center center","background-size":"auto","background-attachment":"scroll","background-type":"","background-media":"","overlay-type":"","overlay-color":"","overlay-opacity":"","overlay-gradient":""},"mobile":{"background-color":"","background-image":"","background-repeat":"repeat","background-position":"center center","background-size":"auto","background-attachment":"scroll","background-type":"","background-media":"","overlay-type":"","overlay-color":"","overlay-opacity":"","overlay-gradient":""}},"ast-content-background-meta":{"desktop":{"background-color":"var(--ast-global-color-5)","background-image":"","background-repeat":"repeat","background-position":"center center","background-size":"auto","background-attachment":"scroll","background-type":"","background-media":"","overlay-type":"","overlay-color":"","overlay-opacity":"","overlay-gradient":""},"tablet":{"background-color":"var(--ast-global-color-5)","background-image":"","background-repeat":"repeat","background-position":"center center","background-size":"auto","background-attachment":"scroll","background-type":"","background-media":"","overlay-type":"","overlay-color":"","overlay-opacity":"","overlay-gradient":""},"mobile":{"background-color":"var(--ast-global-color-5)","background-image":"","background-repeat":"repeat","background-position":"center center","background-size":"auto","background-attachment":"scroll","background-type":"","background-media":"","overlay-type":"","overlay-color":"","overlay-opacity":"","overlay-gradient":""}},"_joinchat":[]},"product_brand":[],"product_cat":[25,289,291,292,298,293,295,299,279,253,123,26,28,135,27,60,137,136,15,30],"product_tag":[55,56,57,58,40,41,59,37],"class_list":{"0":"post-1950","1":"product","2":"type-product","3":"status-publish","4":"has-post-thumbnail","6":"product_cat-germany-best-selling-vape","7":"product_cat-big-puffs-disposable-vapes","8":"product_cat-dual-mesh-disposable-vapes","9":"product_cat-digital-disposable-vapes","10":"product_cat-double-flavor-disposable-vapes","11":"product_cat-low-nicotine-disposable-vapes","12":"product_cat-rechargeable-disposable-vapes","13":"product_cat-smart-screen-disposable-vapes","14":"product_cat-bang-king-vape","15":"product_cat-15000-puff-disposable-vape","16":"product_cat-italy-wholesale-vape","17":"product_cat-netherlands-hot-sale-vape","18":"product_cat-poland-hot-sale-vape","19":"product_cat-spain-best-hot-sale-vape","20":"product_cat-fance-hot-sale-vape","21":"product_cat-bang-vapes","22":"product_cat-rechargeable-vapes","23":"product_cat-smart-screen-vapes","24":"product_cat-new-vape-this-week","25":"product_cat-minimum-order-quantity-50pcs","26":"product_tag-buy-vape-pods","27":"product_tag-disposable-vape-wholesale-near-me","28":"product_tag-disposable-vape-wholesale-supplier","29":"product_tag-electric-cigarettes","30":"product_tag-hot-sale-vape","31":"product_tag-original-factory-vape","32":"product_tag-puffs-vape","33":"product_tag-wholesale-vape-price","34":"desktop-align-left","35":"tablet-align-left","36":"mobile-align-left","38":"first","39":"instock","40":"sale","41":"shipping-taxable","42":"purchasable","43":"product-type-simple"},"uagb_featured_image_src":{"full":["https:\/\/rmvapesale.com\/wp-content\/uploads\/2024\/09\/Bang-30000-Disposable-Vape.jpg",800,800,false],"thumbnail":["https:\/\/rmvapesale.com\/wp-content\/uploads\/2024\/09\/Bang-30000-Disposable-Vape-150x150.jpg",150,150,true],"medium":["https:\/\/rmvapesale.com\/wp-content\/uploads\/2024\/09\/Bang-30000-Disposable-Vape-300x300.jpg",300,300,true],"medium_large":["https:\/\/rmvapesale.com\/wp-content\/uploads\/2024\/09\/Bang-30000-Disposable-Vape-768x768.jpg",768,768,true],"large":["https:\/\/rmvapesale.com\/wp-content\/uploads\/2024\/09\/Bang-30000-Disposable-Vape.jpg",800,800,false],"1536x1536":["https:\/\/rmvapesale.com\/wp-content\/uploads\/2024\/09\/Bang-30000-Disposable-Vape.jpg",800,800,false],"2048x2048":["https:\/\/rmvapesale.com\/wp-content\/uploads\/2024\/09\/Bang-30000-Disposable-Vape.jpg",800,800,false],"trp-custom-language-flag":["https:\/\/rmvapesale.com\/wp-content\/uploads\/2024\/09\/Bang-30000-Disposable-Vape.jpg",12,12,false],"woocommerce_thumbnail":["https:\/\/rmvapesale.com\/wp-content\/uploads\/2024\/09\/Bang-30000-Disposable-Vape-300x300.jpg",300,300,true],"woocommerce_single":["https:\/\/rmvapesale.com\/wp-content\/uploads\/2024\/09\/Bang-30000-Disposable-Vape-600x600.jpg",600,600,true],"woocommerce_gallery_thumbnail":["https:\/\/rmvapesale.com\/wp-content\/uploads\/2024\/09\/Bang-30000-Disposable-Vape-100x100.jpg",100,100,true],"wcpr-photo-reviews":["https:\/\/rmvapesale.com\/wp-content\/uploads\/2024\/09\/Bang-30000-Disposable-Vape.jpg",500,500,false]},"uagb_author_info":{"display_name":"AMY","author_link":"https:\/\/rmvapesale.com\/hr\/author\/"},"uagb_comment_info":0,"uagb_excerpt":"Bang 30000 30k Puffs Double Taste Disposable Vape Wholesale Price ORIGINAL Bang 30000 Puffs Disposable Vape Factory Wholesale in Stock BANG 30000 double flavor 30K Disposable Vape Discount Price Contact Amy For More Discount And Lower MOQ Vape WhatsApp: +86 17776015835","_links":{"self":[{"href":"https:\/\/rmvapesale.com\/hr\/wp-json\/wp\/v2\/product\/1950","targetHints":{"allow":["GET"]}}],"collection":[{"href":"https:\/\/rmvapesale.com\/hr\/wp-json\/wp\/v2\/product"}],"about":[{"href":"https:\/\/rmvapesale.com\/hr\/wp-json\/wp\/v2\/types\/product"}],"replies":[{"embeddable":true,"href":"https:\/\/rmvapesale.com\/hr\/wp-json\/wp\/v2\/comments?post=1950"}],"wp:featuredmedia":[{"embeddable":true,"href":"https:\/\/rmvapesale.com\/hr\/wp-json\/wp\/v2\/media\/1951"}],"wp:attachment":[{"href":"https:\/\/rmvapesale.com\/hr\/wp-json\/wp\/v2\/media?parent=1950"}],"wp:term":[{"taxonomy":"product_brand","embeddable":true,"href":"https:\/\/rmvapesale.com\/hr\/wp-json\/wp\/v2\/product_brand?post=1950"},{"taxonomy":"product_cat","embeddable":true,"href":"https:\/\/rmvapesale.com\/hr\/wp-json\/wp\/v2\/product_cat?post=1950"},{"taxonomy":"product_tag","embeddable":true,"href":"https:\/\/rmvapesale.com\/hr\/wp-json\/wp\/v2\/product_tag?post=1950"}],"curies":[{"name":"wp","href":"https:\/\/api.w.org\/{rel}","templated":true}]}}