{"id":1963,"date":"2024-09-11T02:04:13","date_gmt":"2024-09-11T02:04:13","guid":{"rendered":"https:\/\/rmvapesale.com\/?post_type=product&#038;p=1963"},"modified":"2025-01-20T03:46:36","modified_gmt":"2025-01-20T03:46:36","slug":"fihp-shisha-hookah-15000-pro-disposable-vape-wholesale","status":"publish","type":"product","link":"https:\/\/rmvapesale.com\/hr\/product\/fihp-shisha-hookah-15000-pro-disposable-vape-wholesale\/","title":{"rendered":"FIHP Shisha Hookah 15000 Pro jednokratni vape veleprodaja"},"content":{"rendered":"<h1>FIHP Shisha Hookah 15000 Pro jednokratni vape veleprodaja<\/h1>\n<p>Pobolj\u0161ajte svoje iskustvo pu\u0161enja s FIHP Shisha Nargila 15000 Pro Jednokratnim Vape-om. S impresivnih 15000 puha, ovaj ure\u0111aj osigurava dugotrajan i zadovoljavaju\u0107i do\u017eivljaj bez potrebe za \u010destim zamjenama.<\/p>\n<p>Opremljen vrhunskim mre\u017eastim zavojem s otporom od 0,6 ohma, FIHP Shisha 15000 pru\u017ea izuzetan okus i glatko, dosljedno iskustvo pu\u0161enja. Dolazi unaprijed napunjen s 22 ml vrhunske e-teku\u0107ine, stru\u010dno mije\u0161ane za bogate i \u017eivopisne okuse koji \u0107e vas natjerati da se vra\u0107ate.<\/p>\n<p>S umjerenim sadr\u017eajem nikotina od 6 mg, ovaj vape pru\u017ea glatki, umjereni udarac. Robusna baterija od 650 mAh omogu\u0107ava produ\u017eenu uporabu izme\u0111u punjenja, a Type-C priklju\u010dak omogu\u0107ava brzo i jednostavno punjenje.<\/p>\n<p>Dodatno, ure\u0111aj ima LED zaslon koji vas obavje\u0161tava o stanju baterije i kori\u0161tenju. Do\u017eivite sljede\u0107u razinu pu\u0161enja s FIHP 15.000 Puha Vape-om i u\u017eivajte u kombinaciji dugovje\u010dnosti, okusa i prakti\u010dnosti.<\/p>\n<p>Naru\u010dite na veliko kako biste u\u017eivali u najboljoj veleprodajnoj cijeni FIHP Shisha Nargila 15000 s brzim dostavom.<\/p>\n<p><strong>Kontaktirajte Amy za pravi odgovor i vi\u0161e popusta!<\/strong><\/p>\n<p><img loading=\"lazy\" decoding=\"async\" class=\"size-medium wp-image-1814\" src=\"https:\/\/rmvapesale.com\/wp-content\/uploads\/2024\/04\/whatsapp-amy-229x300.jpg\" alt=\"whatsapp amy\" width=\"229\" height=\"300\" srcset=\"https:\/\/rmvapesale.com\/wp-content\/uploads\/2024\/04\/whatsapp-amy-229x300.jpg 229w, https:\/\/rmvapesale.com\/wp-content\/uploads\/2024\/04\/whatsapp-amy-783x1024.jpg 783w, https:\/\/rmvapesale.com\/wp-content\/uploads\/2024\/04\/whatsapp-amy-768x1005.jpg 768w, https:\/\/rmvapesale.com\/wp-content\/uploads\/2024\/04\/whatsapp-amy-600x785.jpg 600w, https:\/\/rmvapesale.com\/wp-content\/uploads\/2024\/04\/whatsapp-amy.jpg 990w\" sizes=\"auto, (max-width: 229px) 100vw, 229px\" \/><\/p>\n<h3><span style=\"color: #ff0000\"><strong>WhatsApp: +86 17776015835<\/strong><\/span><\/h3>\n<p>&nbsp;<\/p>\n<h2><strong>FIHP 15000 Puha Zna\u010dajke Shisha<\/strong><\/h2>\n<p>Nikotina: 6%<br \/>\nUdisaji: 15000<br \/>\nKapacitet: 22 ml<br \/>\nBaterija od 650 mAh (punjiva putem Type-C)<br \/>\nPametni zaslon<br \/>\nMre\u017easta zavojnica<\/p>\n<h2><strong>Koji je najbolji okus za FIHP Shisha Nargila 15000 Puha<\/strong><strong>?<\/strong><\/h2>\n<p>Ovi FIHP Shisha Nargila 15000 Puha Pametni zaslon Vape-ovi nude ukupno 10 dostupnih okusa za va\u0161 odabir, sigurno \u0107e biti ne\u0161to najbolje za vas.<\/p>\n<p>1. Ledena Lubenica<br \/>\n2. Gro\u017e\u0111e Led<br \/>\n3. Borovnica Malina<br \/>\n4. Jagoda kivi<br \/>\n5. Mije\u0161ano Bobi\u010dasto Vo\u0107e<br \/>\n6. Jagoda Lubenica<br \/>\n7. Lubenica \u017dvaka\u0107a Guma<br \/>\n8. Breskva Mango Ananas<br \/>\n9. Kiwi Pasijefrut Guava<br \/>\n10. Jagoda Malina Tre\u0161nja<\/p>\n<h2><strong>Pitanja koja biste mogli znati o FIHP Shisha Hookah 15k Pro Puffs<\/strong><\/h2>\n<p>&nbsp;<\/p>\n<h3><strong>1. Koliko dimova mogu o\u010dekivati od FIHP Shisha Hookah 15k Puffs?<\/strong><\/h3>\n<p>FIHP Shisha Hookah 15k Puffs nudi impresivnih 15000 dimova (u testnom okru\u017eenju), pru\u017eaju\u0107i produ\u017eenu uporabu i trajno zadovoljstvo.<\/p>\n<h3><strong>2. Koju ja\u010dinu nikotina nudi FIHP Shisha Hookah 15k Puffs?<\/strong><\/h3>\n<p>FIHP Shisha Hookah 15k Puffs dolazi unaprijed napunjen e-teku\u0107inom s nikotinskom ja\u010dinom 6%, nude\u0107i uravnote\u017eeno iskustvo pu\u0161enja.<\/p>\n<h3><strong>3. Kako tehnologija Mesh Coil pobolj\u0161ava iskustvo vapinga?<\/strong><\/h3>\n<p>Tehnologija mre\u017easte zavojnice integrirana u FIHP Shisha Hookah 15k Smart Screen Vapes s niskoodbojnom zavojnicom od 0,6 ohma. Ovaj dizajn maksimizira povr\u0161inu grijanja, \u0161to rezultira glatkijim udisajima i pobolj\u0161anom proizvodnjom pare. Tehnologija osigurava ravnomjerno i dosljedno grijanje e-teku\u0107ine, pru\u017eaju\u0107i vrhunski do\u017eivljaj okusa.<\/p>\n<h3><strong>4. Gdje mogu kupiti originalni FIHP Shisha Hookah 15k Puffs?<\/strong><\/h3>\n<p>Originalni FIHP Shisha Hookah 15k Puffs dostupan je za kupnju putem ovla\u0161tenih distributera. Za veleprodajne upite, distributeri mogu <a href=\"https:\/\/wa.me\/8617776015835\" target=\"_blank\" rel=\"noopener\">kontaktirati nas<\/a> direktno. Maloprodajni kupci mogu prona\u0107i proizvod u odabranim maloprodajama ili internetskim trgovinama. Svi proizvodi u na\u0161oj trgovini su 100% originalni i autenti\u010dni, tako da je deseterostruka naknada za la\u017enu robu na\u0161a politika trgovine.<\/p>\n<p>&nbsp;<\/p>\n<p><strong>Detalji dostave:<\/strong><\/p>\n<div class=\"flex-shrink-0 flex flex-col relative items-end\">\n<div>\n<div class=\"pt-0\">\n<div class=\"gizmo-bot-avatar flex h-8 w-8 items-center justify-center overflow-hidden rounded-full\">\n<div class=\"relative p-1 rounded-sm flex items-center justify-center bg-token-main-surface-primary text-token-text-primary h-8 w-8\"><strong>Koje se metode dostave koriste?<\/strong><\/div>\n<\/div>\n<\/div>\n<\/div>\n<\/div>\n<div class=\"group\/conversation-turn relative flex w-full min-w-0 flex-col agent-turn\">\n<div class=\"flex-col gap-1 md:gap-3\">\n<div class=\"flex max-w-full flex-col flex-grow\">\n<div class=\"min-h-[20px] text-message flex w-full flex-col items-end gap-2 whitespace-normal break-words [.text-message+&amp;]:mt-5 overflow-x-auto\" dir=\"auto\" data-message-author-role=\"assistant\" data-message-id=\"22f8283b-3233-46ff-89a5-c7a41b33abda\">\n<div class=\"flex w-full flex-col gap-1 empty:hidden first:pt-[3px]\">\n<div class=\"markdown prose w-full break-words dark:prose-invert light\">\n<p>Sura\u0111ujemo s UPS-om, DHL-om, FedEx-om, DPD-om i drugim vode\u0107im prijevoznicima. Odabrat \u0107emo najbolju metodu dostave na temelju va\u0161e lokacije kako bismo osigurali da svoje proizvode primite \u0161to je prije mogu\u0107e.<\/p>\n<\/div>\n<p><strong>Koliko vremena je potrebno za isporuku?<\/strong><\/p>\n<p>Paketi poslani u Hrvatsku obi\u010dno sti\u017eu unutar 10 radnih dana. Dostava u europske zemlje op\u0107enito traje oko 12-15 radnih dana. Pru\u017eit \u0107emo vam a\u017euriranja o statusu va\u0161e po\u0161iljke u stvarnom vremenu.<\/p>\n<p>&nbsp;<\/p>\n<\/div>\n<\/div>\n<\/div>\n<\/div>\n<\/div>\n<p>Prona\u0111ite vi\u0161e Vape proizvoda koji bi vam se mogli svidjeti:<em><a href=\"https:\/\/rmvapesale.com\/hr\/shop-2\/\">Kupite sada\u00a0<\/a><\/em><\/p>\n<p>ostali popularni proizvodi koji bi vam se mogli svidjeti:<\/p>\n<p><a href=\"https:\/\/rmvapesale.com\/hr\/product\/randm-vape-al-fakher-10000-puffs-vape-wholesale\/\">randm vape AI FAKHER 15k vape<\/a><\/p>\n<p><a href=\"https:\/\/rmvapesale.com\/hr\/product\/original-randm-tornado-9000-puffs-disposable-vape-factory-price\/\">RandM Tornado 9000<\/a><\/p>\n<p><a href=\"https:\/\/rmvapesale.com\/hr\/product\/bang-30k-puffs-disposable-vape-double-taste-wholesale-italy\/\">Bang 30k Puffs<\/a><\/p>\n<p><a href=\"https:\/\/rmvapesale.com\/hr\/product\/bang-beach-22000-puffs-smart-screen-vapes-factory-price\/\">Bang 22000 Dimova<\/a><\/p>","protected":false},"excerpt":{"rendered":"<p>FIHP Shisha Nargila 15000 Puha Tvornica Velika Cijena na veliko<br \/>\nNajbolji FIHP 15000 Puha Okus Shisha Nargila na skladi\u0161tu<br \/>\nKupnja na veliko FIHP 15000 Puha Vape s niskim MOQ-om<\/p>\n<p><strong>Kontaktirajte Amy za ve\u0107i popust i ni\u017ei MOQ vape<\/strong><\/p>\n<p><img loading=\"lazy\" decoding=\"async\" class=\"size-medium wp-image-1814\" src=\"https:\/\/rmvapesale.com\/wp-content\/uploads\/2024\/04\/whatsapp-amy-229x300.jpg\" alt=\"whatsapp amy\" width=\"229\" height=\"300\" srcset=\"https:\/\/rmvapesale.com\/wp-content\/uploads\/2024\/04\/whatsapp-amy-229x300.jpg 229w, https:\/\/rmvapesale.com\/wp-content\/uploads\/2024\/04\/whatsapp-amy-783x1024.jpg 783w, https:\/\/rmvapesale.com\/wp-content\/uploads\/2024\/04\/whatsapp-amy-768x1005.jpg 768w, https:\/\/rmvapesale.com\/wp-content\/uploads\/2024\/04\/whatsapp-amy-600x785.jpg 600w, https:\/\/rmvapesale.com\/wp-content\/uploads\/2024\/04\/whatsapp-amy.jpg 990w\" sizes=\"auto, (max-width: 229px) 100vw, 229px\" \/><\/p>\n<h3><span style=\"color: #ff0000\"><strong>WhatsApp: +86 17776015835<\/strong><\/span><\/h3>","protected":false},"featured_media":1964,"comment_status":"open","ping_status":"closed","template":"","meta":{"_uag_custom_page_level_css":"","_lmt_disableupdate":"no","_lmt_disable":"","site-sidebar-layout":"default","site-content-layout":"content-boxed-container","ast-site-content-layout":"normal-width-container","site-content-style":"boxed","site-sidebar-style":"unboxed","ast-global-header-display":"","ast-banner-title-visibility":"","ast-main-header-display":"","ast-hfb-above-header-display":"","ast-hfb-below-header-display":"","ast-hfb-mobile-header-display":"","site-post-title":"","ast-breadcrumbs-content":"","ast-featured-img":"","footer-sml-layout":"","ast-disable-related-posts":"","theme-transparent-header-meta":"default","adv-header-id-meta":"","stick-header-meta":"","header-above-stick-meta":"","header-main-stick-meta":"","header-below-stick-meta":"","astra-migrate-meta-layouts":"set","ast-page-background-enabled":"default","ast-page-background-meta":{"desktop":{"background-color":"var(--ast-global-color-4)","background-image":"","background-repeat":"repeat","background-position":"center center","background-size":"auto","background-attachment":"scroll","background-type":"","background-media":"","overlay-type":"","overlay-color":"","overlay-opacity":"","overlay-gradient":""},"tablet":{"background-color":"","background-image":"","background-repeat":"repeat","background-position":"center center","background-size":"auto","background-attachment":"scroll","background-type":"","background-media":"","overlay-type":"","overlay-color":"","overlay-opacity":"","overlay-gradient":""},"mobile":{"background-color":"","background-image":"","background-repeat":"repeat","background-position":"center center","background-size":"auto","background-attachment":"scroll","background-type":"","background-media":"","overlay-type":"","overlay-color":"","overlay-opacity":"","overlay-gradient":""}},"ast-content-background-meta":{"desktop":{"background-color":"var(--ast-global-color-5)","background-image":"","background-repeat":"repeat","background-position":"center center","background-size":"auto","background-attachment":"scroll","background-type":"","background-media":"","overlay-type":"","overlay-color":"","overlay-opacity":"","overlay-gradient":""},"tablet":{"background-color":"var(--ast-global-color-5)","background-image":"","background-repeat":"repeat","background-position":"center center","background-size":"auto","background-attachment":"scroll","background-type":"","background-media":"","overlay-type":"","overlay-color":"","overlay-opacity":"","overlay-gradient":""},"mobile":{"background-color":"var(--ast-global-color-5)","background-image":"","background-repeat":"repeat","background-position":"center center","background-size":"auto","background-attachment":"scroll","background-type":"","background-media":"","overlay-type":"","overlay-color":"","overlay-opacity":"","overlay-gradient":""}},"_joinchat":[]},"product_brand":[],"product_cat":[25,61,292,27,138,123,293,30,26,15,28,295,137,296,299,136,135,274],"product_tag":[55,56,57,58,40,62,59,180,37],"class_list":{"0":"post-1963","1":"product","2":"type-product","3":"status-publish","4":"has-post-thumbnail","6":"product_cat-germany-best-selling-vape","7":"product_cat-15000-puffs-disposable-vapes","8":"product_cat-digital-disposable-vapes","9":"product_cat-fance-hot-sale-vape","10":"product_cat-fihp-disposable-vapes","11":"product_cat-italy-wholesale-vape","12":"product_cat-low-nicotine-disposable-vapes","13":"product_cat-minimum-order-quantity-50pcs","14":"product_cat-netherlands-hot-sale-vape","15":"product_cat-new-vape-this-week","16":"product_cat-poland-hot-sale-vape","17":"product_cat-rechargeable-disposable-vapes","18":"product_cat-rechargeable-vapes","19":"product_cat-shisha-hookah-disposable-vapes","20":"product_cat-smart-screen-disposable-vapes","21":"product_cat-smart-screen-vapes","22":"product_cat-spain-best-hot-sale-vape","23":"product_cat-waspe-fihp-vape","24":"product_tag-buy-vape-pods","25":"product_tag-disposable-vape-wholesale-near-me","26":"product_tag-disposable-vape-wholesale-supplier","27":"product_tag-electric-cigarettes","28":"product_tag-hot-sale-vape","29":"product_tag-puff-15000","30":"product_tag-puffs-vape","31":"product_tag-shisha-bar","32":"product_tag-wholesale-vape-price","33":"desktop-align-left","34":"tablet-align-left","35":"mobile-align-left","37":"first","38":"instock","39":"sale","40":"shipping-taxable","41":"purchasable","42":"product-type-simple"},"uagb_featured_image_src":{"full":["https:\/\/rmvapesale.com\/wp-content\/uploads\/2024\/09\/FIHP-15000-Wholesale.jpg",800,800,false],"thumbnail":["https:\/\/rmvapesale.com\/wp-content\/uploads\/2024\/09\/FIHP-15000-Wholesale-150x150.jpg",150,150,true],"medium":["https:\/\/rmvapesale.com\/wp-content\/uploads\/2024\/09\/FIHP-15000-Wholesale-300x300.jpg",300,300,true],"medium_large":["https:\/\/rmvapesale.com\/wp-content\/uploads\/2024\/09\/FIHP-15000-Wholesale-768x768.jpg",768,768,true],"large":["https:\/\/rmvapesale.com\/wp-content\/uploads\/2024\/09\/FIHP-15000-Wholesale.jpg",800,800,false],"1536x1536":["https:\/\/rmvapesale.com\/wp-content\/uploads\/2024\/09\/FIHP-15000-Wholesale.jpg",800,800,false],"2048x2048":["https:\/\/rmvapesale.com\/wp-content\/uploads\/2024\/09\/FIHP-15000-Wholesale.jpg",800,800,false],"trp-custom-language-flag":["https:\/\/rmvapesale.com\/wp-content\/uploads\/2024\/09\/FIHP-15000-Wholesale.jpg",12,12,false],"woocommerce_thumbnail":["https:\/\/rmvapesale.com\/wp-content\/uploads\/2024\/09\/FIHP-15000-Wholesale-300x300.jpg",300,300,true],"woocommerce_single":["https:\/\/rmvapesale.com\/wp-content\/uploads\/2024\/09\/FIHP-15000-Wholesale-600x600.jpg",600,600,true],"woocommerce_gallery_thumbnail":["https:\/\/rmvapesale.com\/wp-content\/uploads\/2024\/09\/FIHP-15000-Wholesale-100x100.jpg",100,100,true],"wcpr-photo-reviews":["https:\/\/rmvapesale.com\/wp-content\/uploads\/2024\/09\/FIHP-15000-Wholesale.jpg",500,500,false]},"uagb_author_info":{"display_name":"AMY","author_link":"https:\/\/rmvapesale.com\/hr\/author\/"},"uagb_comment_info":0,"uagb_excerpt":"FIHP Shisha Hookah 15000 Puff Factory Wholesale Price Best FIHP 15000 Puffs Shisha Hookah Flavor in Stock Bulk Buy FIHP 15000 Puffs Vape with Low MOQ Contact Amy For More Discount And Lower MOQ Vape WhatsApp: +86 17776015835","_links":{"self":[{"href":"https:\/\/rmvapesale.com\/hr\/wp-json\/wp\/v2\/product\/1963","targetHints":{"allow":["GET"]}}],"collection":[{"href":"https:\/\/rmvapesale.com\/hr\/wp-json\/wp\/v2\/product"}],"about":[{"href":"https:\/\/rmvapesale.com\/hr\/wp-json\/wp\/v2\/types\/product"}],"replies":[{"embeddable":true,"href":"https:\/\/rmvapesale.com\/hr\/wp-json\/wp\/v2\/comments?post=1963"}],"wp:featuredmedia":[{"embeddable":true,"href":"https:\/\/rmvapesale.com\/hr\/wp-json\/wp\/v2\/media\/1964"}],"wp:attachment":[{"href":"https:\/\/rmvapesale.com\/hr\/wp-json\/wp\/v2\/media?parent=1963"}],"wp:term":[{"taxonomy":"product_brand","embeddable":true,"href":"https:\/\/rmvapesale.com\/hr\/wp-json\/wp\/v2\/product_brand?post=1963"},{"taxonomy":"product_cat","embeddable":true,"href":"https:\/\/rmvapesale.com\/hr\/wp-json\/wp\/v2\/product_cat?post=1963"},{"taxonomy":"product_tag","embeddable":true,"href":"https:\/\/rmvapesale.com\/hr\/wp-json\/wp\/v2\/product_tag?post=1963"}],"curies":[{"name":"wp","href":"https:\/\/api.w.org\/{rel}","templated":true}]}}