{"id":1995,"date":"2024-09-13T08:03:11","date_gmt":"2024-09-13T08:03:11","guid":{"rendered":"https:\/\/rmvapesale.com\/?post_type=product&#038;p=1995"},"modified":"2025-01-20T03:53:42","modified_gmt":"2025-01-20T03:53:42","slug":"vapme-shisha-hookah-15000-puffs-vape-0-2-nicotine","status":"publish","type":"product","link":"https:\/\/rmvapesale.com\/hr\/product\/vapme-shisha-hookah-15000-puffs-vape-0-2-nicotine\/","title":{"rendered":"Vapme Shisha Hookah 15000 Puffs Vape 0% 2% Nikotin"},"content":{"rendered":"<h1>Vapme Shisha Hookah 15000 Puffs Vape 0% 2% Nikotin<\/h1>\n<p>Predstavljamo Vapme Shisha Nargilu 15000 Udisaja, punjivi jednokratni vape dizajniran za podizanje va\u0161e iskustva pu\u0161enja. S impresivnim kapacitetom od 15000 udisaja, ovaj ure\u0111aj nudi produ\u017eenu zabavu i fleksibilnost, dostupan u razinama nikotina 0% ili 2% prema va\u0161im \u017eeljama.<\/p>\n<p>S velikim kapacitetom od 25ml e-tekuc\u0301ine, Vapme Shisha Nargila osigurava dovoljno zaliha za neprekidne sesije. Njegova punjiva baterija od 650mAh i Type-C priklju\u010dak za punjenje omogu\u0107uju u\u010dinkovito i jednostavno punjenje, tako da mo\u017eete u\u017eivati u vapingu bez prekida.<\/p>\n<p>Sa 24 okusa za odabir i otporom od 0.6\u03a9 za glatki, aromati\u010dni dim, ovaj jednokratni punjivi vape pru\u017ea dosljedno zadovoljavaju\u0107e iskustvo. Unaprijedite svoje iskustvo pu\u0161enja s Vapme Shisha Nargilom 15000.<\/p>\n<p>&nbsp;<\/p>\n<p><strong>Kontaktirajte Amy da dobijete pravi odgovor i veleprodajnu cijenu!<\/strong><\/p>\n<p><img loading=\"lazy\" decoding=\"async\" class=\"size-medium wp-image-1814\" src=\"https:\/\/rmvapesale.com\/wp-content\/uploads\/2024\/04\/whatsapp-amy-229x300.jpg\" alt=\"whatsapp amy\" width=\"229\" height=\"300\" srcset=\"https:\/\/rmvapesale.com\/wp-content\/uploads\/2024\/04\/whatsapp-amy-229x300.jpg 229w, https:\/\/rmvapesale.com\/wp-content\/uploads\/2024\/04\/whatsapp-amy-783x1024.jpg 783w, https:\/\/rmvapesale.com\/wp-content\/uploads\/2024\/04\/whatsapp-amy-768x1005.jpg 768w, https:\/\/rmvapesale.com\/wp-content\/uploads\/2024\/04\/whatsapp-amy-600x785.jpg 600w, https:\/\/rmvapesale.com\/wp-content\/uploads\/2024\/04\/whatsapp-amy.jpg 990w\" sizes=\"auto, (max-width: 229px) 100vw, 229px\" \/><\/p>\n<h2><\/h2>\n<h2>Specifikacije Vapme Shisha Nargile 15000<\/h2>\n<p>Udisaji: 15000 Udisaja<br \/>\nNikotina: 0%, 2%<br \/>\nKapacitet e-tekuc\u0301ine: 25 ML<br \/>\nBaterija: 650mAh (punjiva)<br \/>\nPriklju\u010dak za punjenje: Type C<br \/>\nOtpor: 0.6\u03a9<br \/>\nOkusi: 24 Okusa<\/p>\n<h2><strong>Koji je najpopularniji okus za Vapme Shisha 15000 Udisaja?<\/strong><\/h2>\n<p>Vapme Shisha Nargila 15000 Udisaja nudi ukupno 24 dostupna okusa za va\u0161 odabir, za svakog pone\u0161to.<\/p>\n<p>1. Borovnica na ledu<br \/>\n2.Kivi marakuja guava<br \/>\n3. Limunada od plavog razza<br \/>\n4. Jagoda kiwi<br \/>\n5. Mije\u0161ano bobi\u010dasto vo\u0107e<br \/>\n6. Jagoda lubenica<br \/>\n7. Gro\u017e\u0111e led<br \/>\n8. Lubenica led<br \/>\n9. Breskva mango ananas<br \/>\n10. Jagoda led<br \/>\n11. Breskva led<br \/>\n12. Mango Banana<br \/>\n13. Tre\u0161nja Bobica<br \/>\n14. Borovnica malina<br \/>\n15. Ljubav 66<br \/>\n16. Lubenica bik<br \/>\n17. Jagoda Gro\u017e\u0111e<br \/>\n18. Jagoda malina bombona<br \/>\n19. Mamba<br \/>\n20. Lubenica tre\u0161nja<br \/>\n21. Smrznuta jabuka<br \/>\n22. Limun Menta<br \/>\n23. Crna ribizla led<br \/>\n24. Ananas shake<\/p>\n<h2><\/h2>\n<h2><strong>Pitanja koja biste mogli znati o Vapme Shisha Hookah 15000<\/strong><\/h2>\n<p>&nbsp;<\/p>\n<h3>P 1. Koliko dimova mogu o\u010dekivati od Vapme Shisha Hookah 15000 Puff?<\/h3>\n<p>O. Vapme Shisha Hookah 15000 ima impresivnih 15.000 dimova (u testnom okru\u017eenju), pru\u017eaju\u0107i produ\u017eenu uporabu i trajno zadovoljstvo.<\/p>\n<h3>P 2. Koliko dugo traje Autenti\u010dni Vapme Shisha Hookah 15000 Vape?<\/h3>\n<p>O: Autenti\u010dni Vapme Shisha Hookah 15000<span style=\"font-size: 16px\">\u00a0<\/span>ima ugra\u0111enu bateriju kapaciteta 650 mAh, koja omogu\u0107ava produ\u017eenu uporabu na jednom punjenju. No, to\u010dno trajanje baterije ovisi o individualnim obrascima kori\u0161tenja.<\/p>\n<h3>P 3. Je li Vapme Shisha Hookah 15000 Original punjiva?<\/h3>\n<p><span style=\"font-size: 16px\">O: Da, Vapme Shisha Hookah 15000 Original dolazi s punjivom baterijom od 650 mAh, koja je punjiva. Mo\u017eete u\u017eivati u njemu do posljednje kapi.<\/span><\/p>\n<h3>P 4. Gdje mogu dobiti veleprodajnu cijenu za Vapme Shisha Hookah 15000 punjivi jednokratni vape?<\/h3>\n<p>A: Vapme Shisha Nargila 15000<span style=\"font-size: 16px\">\u00a0<\/span>dostupno za kupnju putem ovla\u0161tenih distributera. Za veleprodajne upite, distributeri mogu <a href=\"https:\/\/wa.me\/8617776015835\" target=\"_blank\" rel=\"noopener\">kontaktirati nas<\/a> izravno. Maloprodajni kupci mogu prona\u0107i proizvod kod odabranih trgovaca ili online trgovina.<\/p>\n<p>&nbsp;<\/p>\n<p>Prona\u0111ite vi\u0161e Vape proizvoda koji bi vam se mogli svidjeti:<em><a href=\"https:\/\/rmvapesale.com\/hr\/shop-2\/\">Kupite sada\u00a0<\/a><\/em><\/p>\n<p>&nbsp;<\/p>\n<p>ostali popularni proizvodi koji bi vam se mogli svidjeti:<\/p>\n<p><a href=\"https:\/\/rmvapesale.com\/hr\/product\/randm-vape-al-fakher-10000-puffs-vape-wholesale\/\">randm vape AI FAKHER 15k vape<\/a><\/p>\n<p><a href=\"https:\/\/rmvapesale.com\/hr\/product\/original-randm-tornado-9000-puffs-disposable-vape-factory-price\/\">RandM Tornado 9000<\/a><\/p>\n<p><a href=\"https:\/\/rmvapesale.com\/hr\/product\/vapme-crystal-7000-puffs-rechargeable-disposable-vape-price\/\">Vapme Crystal 7000 Puffs<\/a><\/p>","protected":false},"excerpt":{"rendered":"<p>Vapme Shisha Nargila 15000 Udisaja Punjivi Jednokratni Vape Velika Koli\u010dina Cijena<\/p>\n<p>PUFF 15000 VAPME SHISHA NARGILA Najbolji Okus na Lageru<\/p>\n<p>Vapme Shisha Nargila 15k Udisaja 0% 2% Nikotin<\/p>\n<p><strong>Kontaktirajte Amy za ve\u0107i popust i ni\u017ei MOQ vape<\/strong><\/p>\n<p><img loading=\"lazy\" decoding=\"async\" class=\"size-medium wp-image-1814\" src=\"https:\/\/rmvapesale.com\/wp-content\/uploads\/2024\/04\/whatsapp-amy-229x300.jpg\" alt=\"whatsapp amy\" width=\"229\" height=\"300\" srcset=\"https:\/\/rmvapesale.com\/wp-content\/uploads\/2024\/04\/whatsapp-amy-229x300.jpg 229w, https:\/\/rmvapesale.com\/wp-content\/uploads\/2024\/04\/whatsapp-amy-783x1024.jpg 783w, https:\/\/rmvapesale.com\/wp-content\/uploads\/2024\/04\/whatsapp-amy-768x1005.jpg 768w, https:\/\/rmvapesale.com\/wp-content\/uploads\/2024\/04\/whatsapp-amy-600x785.jpg 600w, https:\/\/rmvapesale.com\/wp-content\/uploads\/2024\/04\/whatsapp-amy.jpg 990w\" sizes=\"auto, (max-width: 229px) 100vw, 229px\" \/><\/p>\n<h3><span style=\"color: #ff0000\"><strong>WhatsApp: +86 17776015835<\/strong><\/span><\/h3>","protected":false},"featured_media":2000,"comment_status":"open","ping_status":"closed","template":"","meta":{"_uag_custom_page_level_css":"","_lmt_disableupdate":"no","_lmt_disable":"","site-sidebar-layout":"default","site-content-layout":"content-boxed-container","ast-site-content-layout":"normal-width-container","site-content-style":"boxed","site-sidebar-style":"unboxed","ast-global-header-display":"","ast-banner-title-visibility":"","ast-main-header-display":"","ast-hfb-above-header-display":"","ast-hfb-below-header-display":"","ast-hfb-mobile-header-display":"","site-post-title":"","ast-breadcrumbs-content":"","ast-featured-img":"","footer-sml-layout":"","ast-disable-related-posts":"","theme-transparent-header-meta":"default","adv-header-id-meta":"","stick-header-meta":"","header-above-stick-meta":"","header-main-stick-meta":"","header-below-stick-meta":"","astra-migrate-meta-layouts":"set","ast-page-background-enabled":"default","ast-page-background-meta":{"desktop":{"background-color":"var(--ast-global-color-4)","background-image":"","background-repeat":"repeat","background-position":"center center","background-size":"auto","background-attachment":"scroll","background-type":"","background-media":"","overlay-type":"","overlay-color":"","overlay-opacity":"","overlay-gradient":""},"tablet":{"background-color":"","background-image":"","background-repeat":"repeat","background-position":"center center","background-size":"auto","background-attachment":"scroll","background-type":"","background-media":"","overlay-type":"","overlay-color":"","overlay-opacity":"","overlay-gradient":""},"mobile":{"background-color":"","background-image":"","background-repeat":"repeat","background-position":"center center","background-size":"auto","background-attachment":"scroll","background-type":"","background-media":"","overlay-type":"","overlay-color":"","overlay-opacity":"","overlay-gradient":""}},"ast-content-background-meta":{"desktop":{"background-color":"var(--ast-global-color-5)","background-image":"","background-repeat":"repeat","background-position":"center center","background-size":"auto","background-attachment":"scroll","background-type":"","background-media":"","overlay-type":"","overlay-color":"","overlay-opacity":"","overlay-gradient":""},"tablet":{"background-color":"var(--ast-global-color-5)","background-image":"","background-repeat":"repeat","background-position":"center center","background-size":"auto","background-attachment":"scroll","background-type":"","background-media":"","overlay-type":"","overlay-color":"","overlay-opacity":"","overlay-gradient":""},"mobile":{"background-color":"var(--ast-global-color-5)","background-image":"","background-repeat":"repeat","background-position":"center center","background-size":"auto","background-attachment":"scroll","background-type":"","background-media":"","overlay-type":"","overlay-color":"","overlay-opacity":"","overlay-gradient":""}},"_joinchat":[]},"product_brand":[],"product_cat":[25,61,292,27,123,293,30,26,15,28,137,296,299,136,135,281],"product_tag":[56,57,40,41,62,54,53,37],"class_list":{"0":"post-1995","1":"product","2":"type-product","3":"status-publish","4":"has-post-thumbnail","6":"product_cat-germany-best-selling-vape","7":"product_cat-15000-puffs-disposable-vapes","8":"product_cat-digital-disposable-vapes","9":"product_cat-fance-hot-sale-vape","10":"product_cat-italy-wholesale-vape","11":"product_cat-low-nicotine-disposable-vapes","12":"product_cat-minimum-order-quantity-50pcs","13":"product_cat-netherlands-hot-sale-vape","14":"product_cat-new-vape-this-week","15":"product_cat-poland-hot-sale-vape","16":"product_cat-rechargeable-vapes","17":"product_cat-shisha-hookah-disposable-vapes","18":"product_cat-smart-screen-disposable-vapes","19":"product_cat-smart-screen-vapes","20":"product_cat-spain-best-hot-sale-vape","21":"product_cat-vapme-vape","22":"product_tag-disposable-vape-wholesale-near-me","23":"product_tag-disposable-vape-wholesale-supplier","24":"product_tag-hot-sale-vape","25":"product_tag-original-factory-vape","26":"product_tag-puff-15000","27":"product_tag-rechargeable-disposable-vape","28":"product_tag-vapme-vape","29":"product_tag-wholesale-vape-price","30":"desktop-align-left","31":"tablet-align-left","32":"mobile-align-left","34":"first","35":"instock","36":"sale","37":"shipping-taxable","38":"purchasable","39":"product-type-simple"},"uagb_featured_image_src":{"full":["https:\/\/rmvapesale.com\/wp-content\/uploads\/2024\/09\/Vapme-Shisha-Hookah-15000.jpg",788,788,false],"thumbnail":["https:\/\/rmvapesale.com\/wp-content\/uploads\/2024\/09\/Vapme-Shisha-Hookah-15000-150x150.jpg",150,150,true],"medium":["https:\/\/rmvapesale.com\/wp-content\/uploads\/2024\/09\/Vapme-Shisha-Hookah-15000-300x300.jpg",300,300,true],"medium_large":["https:\/\/rmvapesale.com\/wp-content\/uploads\/2024\/09\/Vapme-Shisha-Hookah-15000-768x768.jpg",768,768,true],"large":["https:\/\/rmvapesale.com\/wp-content\/uploads\/2024\/09\/Vapme-Shisha-Hookah-15000.jpg",788,788,false],"1536x1536":["https:\/\/rmvapesale.com\/wp-content\/uploads\/2024\/09\/Vapme-Shisha-Hookah-15000.jpg",788,788,false],"2048x2048":["https:\/\/rmvapesale.com\/wp-content\/uploads\/2024\/09\/Vapme-Shisha-Hookah-15000.jpg",788,788,false],"trp-custom-language-flag":["https:\/\/rmvapesale.com\/wp-content\/uploads\/2024\/09\/Vapme-Shisha-Hookah-15000.jpg",12,12,false],"woocommerce_thumbnail":["https:\/\/rmvapesale.com\/wp-content\/uploads\/2024\/09\/Vapme-Shisha-Hookah-15000-300x300.jpg",300,300,true],"woocommerce_single":["https:\/\/rmvapesale.com\/wp-content\/uploads\/2024\/09\/Vapme-Shisha-Hookah-15000-600x600.jpg",600,600,true],"woocommerce_gallery_thumbnail":["https:\/\/rmvapesale.com\/wp-content\/uploads\/2024\/09\/Vapme-Shisha-Hookah-15000-100x100.jpg",100,100,true],"wcpr-photo-reviews":["https:\/\/rmvapesale.com\/wp-content\/uploads\/2024\/09\/Vapme-Shisha-Hookah-15000.jpg",500,500,false]},"uagb_author_info":{"display_name":"AMY","author_link":"https:\/\/rmvapesale.com\/hr\/author\/"},"uagb_comment_info":0,"uagb_excerpt":"Vapme Shisha Hookah 15000 Puffs Rechargeable Disposable Vape Bulk Buy Price PUFF 15000 VAPME SHISHA HOOKAH Best Flavor in Stock Vapme Shisha Hookah 15k Puffs 0% 2% Nicotine Contact Amy For More Discount And Lower MOQ Vape WhatsApp: +86 17776015835","_links":{"self":[{"href":"https:\/\/rmvapesale.com\/hr\/wp-json\/wp\/v2\/product\/1995","targetHints":{"allow":["GET"]}}],"collection":[{"href":"https:\/\/rmvapesale.com\/hr\/wp-json\/wp\/v2\/product"}],"about":[{"href":"https:\/\/rmvapesale.com\/hr\/wp-json\/wp\/v2\/types\/product"}],"replies":[{"embeddable":true,"href":"https:\/\/rmvapesale.com\/hr\/wp-json\/wp\/v2\/comments?post=1995"}],"wp:featuredmedia":[{"embeddable":true,"href":"https:\/\/rmvapesale.com\/hr\/wp-json\/wp\/v2\/media\/2000"}],"wp:attachment":[{"href":"https:\/\/rmvapesale.com\/hr\/wp-json\/wp\/v2\/media?parent=1995"}],"wp:term":[{"taxonomy":"product_brand","embeddable":true,"href":"https:\/\/rmvapesale.com\/hr\/wp-json\/wp\/v2\/product_brand?post=1995"},{"taxonomy":"product_cat","embeddable":true,"href":"https:\/\/rmvapesale.com\/hr\/wp-json\/wp\/v2\/product_cat?post=1995"},{"taxonomy":"product_tag","embeddable":true,"href":"https:\/\/rmvapesale.com\/hr\/wp-json\/wp\/v2\/product_tag?post=1995"}],"curies":[{"name":"wp","href":"https:\/\/api.w.org\/{rel}","templated":true}]}}