{"id":2001,"date":"2024-09-18T02:33:31","date_gmt":"2024-09-18T02:33:31","guid":{"rendered":"https:\/\/rmvapesale.com\/?post_type=product&#038;p=2001"},"modified":"2025-01-20T03:54:40","modified_gmt":"2025-01-20T03:54:40","slug":"waspe-tornado-15000-puffs-original-factory-price","status":"publish","type":"product","link":"https:\/\/rmvapesale.com\/hr\/product\/waspe-tornado-15000-puffs-original-factory-price\/","title":{"rendered":"Waspe Tornado 15000 Puffs originalna tvorni\u010dka cijena"},"content":{"rendered":"<h1>Waspe Tornado 15000 Puffs originalna tvorni\u010dka cijena<\/h1>\n<p>Otkrijte novi jednokratni vejp uz Waspe Tornado 15000 Puffs Original, koji nudi do 15000 uvla\u010denja i ekskluzivno je dostupan iz tvornice Waspe. Ovaj inovativni vejp ure\u0111aj pru\u017ea iznimno iskustvo bez nikotina po konkurentnoj cijeni. Njegov elegantan dizajn ima LED zaslon za pra\u0107enje trajanja baterije i broja uvla\u010denja, sve smje\u0161teno u ergonomskoj konstrukciji koja vam omogu\u0107uje u\u017eivanje u raznim okusima kao nikada prije.<\/p>\n<p><strong>Kontaktirajte Amy da dobijete pravi odgovor i vi\u0161e videozapisa o proizvodu!<\/strong><\/p>\n<figure id=\"attachment_1978\" aria-describedby=\"caption-attachment-1978\" style=\"width: 229px\" class=\"wp-caption alignnone\"><img loading=\"lazy\" decoding=\"async\" class=\"size-full wp-image-1978\" src=\"https:\/\/rmvapesale.com\/wp-content\/uploads\/2024\/09\/Disposable-Vape-Wholesale.jpg\" alt=\"Veleprodaja jednokratnih vejpova\" width=\"229\" height=\"300\" \/><figcaption id=\"caption-attachment-1978\" class=\"wp-caption-text\">Veleprodaja jednokratnih vejpova<\/figcaption><\/figure>\n<h3><span style=\"color: #ff0000\"><strong>WhatsApp: +86 17776015835<\/strong><\/span><\/h3>\n<p>&nbsp;<\/p>\n<figure id=\"attachment_2013\" aria-describedby=\"caption-attachment-2013\" style=\"width: 300px\" class=\"wp-caption alignnone\"><img loading=\"lazy\" decoding=\"async\" class=\"size-medium wp-image-2013\" src=\"https:\/\/rmvapesale.com\/wp-content\/uploads\/2024\/09\/Waspe-Tornado-15000-300x300.png\" alt=\"Waspe Tornado 15000\" width=\"300\" height=\"300\" srcset=\"https:\/\/rmvapesale.com\/wp-content\/uploads\/2024\/09\/Waspe-Tornado-15000-300x300.png 300w, https:\/\/rmvapesale.com\/wp-content\/uploads\/2024\/09\/Waspe-Tornado-15000-150x150.png 150w, https:\/\/rmvapesale.com\/wp-content\/uploads\/2024\/09\/Waspe-Tornado-15000-768x768.png 768w, https:\/\/rmvapesale.com\/wp-content\/uploads\/2024\/09\/Waspe-Tornado-15000-600x600.png 600w, https:\/\/rmvapesale.com\/wp-content\/uploads\/2024\/09\/Waspe-Tornado-15000-100x100.png 100w, https:\/\/rmvapesale.com\/wp-content\/uploads\/2024\/09\/Waspe-Tornado-15000.png 800w\" sizes=\"auto, (max-width: 300px) 100vw, 300px\" \/><figcaption id=\"caption-attachment-2013\" class=\"wp-caption-text\">Waspe Tornado 15000<\/figcaption><\/figure>\n<h2><strong>Waspe Tornado 15000 Puffs Klju\u010dne Zna\u010dajke<\/strong><\/h2>\n<p>Uvla\u010denja: 15000<br \/>\nBaterija: 850mah Punjiva<br \/>\nZaslon: LED Zaslon<br \/>\nNikotin: 0% 2% 3% 5%<br \/>\nKapacitet Teku\u0107ine: 22ml<br \/>\nZavojnica: Mre\u017easta zavojnica<\/p>\n<h2><strong>Najbolji Okus za Waspe Tornado 15000<\/strong><\/h2>\n<p>Komplet Waspe Tornado 15000 Puffs jednokratni kit, koji se mo\u017ee pohvaliti s 12 stru\u010dno izra\u0111enih okusa, od kojih je svaki dizajniran da ponudi prepoznatljivo i zadovoljavaju\u0107e iskustvo okusa, postoji ne\u0161to najbolje za vas<\/p>\n<p>1. Ledena Lubenica<span style=\"color: #ff0000\"><strong>&gt;&gt;&gt;&gt;Vru\u0107e!<\/strong><\/span><br \/>\n2. Jagoda Lubenica<br \/>\n3. Gazirani Sok od Naran\u010de<br \/>\n4. Dupla Jabuka<span style=\"color: #ff0000\"><strong>&gt;&gt;&gt;&gt;Vru\u0107e!<\/strong><\/span><br \/>\n5. Jagoda Kivi<br \/>\n6. Ledena Tre\u0161nja<span style=\"color: #ff0000\"><strong>&gt;&gt;&gt;&gt;Vru\u0107e!<\/strong><\/span><br \/>\n7. Aloe Gro\u017e\u0111e<br \/>\n8. Mije\u0161ano bobi\u010dasto vo\u0107e<span style=\"color: #ff0000\"><strong>&gt;&gt;&gt;&gt;Najbolje!<\/strong><\/span><br \/>\n9. Led Borovnica<br \/>\n10. Jagoda mango<br \/>\n11. Plava malina i limun<span style=\"color: #ff0000\"><strong>&gt;&gt;&gt;&gt;Vru\u0107e!<\/strong><\/span><br \/>\n12. Ledena breskva<\/p>\n<h2><strong>Pitanja koja biste mogli imati o Waspe Tornado 15000<\/strong><\/h2>\n<p>&nbsp;<\/p>\n<p><strong>1. Kako koristiti Waspe Tornado 15000<\/strong><strong>\u00a0<\/strong><strong>ako sam novi u 'vapanju'?<\/strong><br \/>\nWaspe Tornado 15000 je dizajniran za jednostavnu upotrebu. Jednostavno raspakirajte ure\u0111aj i po\u010dnite ga koristiti kako biste u\u017eivali u odabranom okusu. Nema kompliciranih postavki niti je potrebno odr\u017eavanje, \u0161to ga \u010dini savr\u0161enim izborom za po\u010detnike.<\/p>\n<p><strong>2. Je li Waspe Tornado 15000 ekolo\u0161ki prihvatljiv?<\/strong><br \/>\nDa, Vapes Hrvatska je posve\u0107ena odr\u017eivosti. Iako je Waspe Tornado 15000 ure\u0111aj za jednokratnu upotrebu, poti\u010demo odgovorno zbrinjavanje. Molimo vas da koristite za to predvi\u0111ena odlagali\u0161ta za e-otpad kako biste smanjili utjecaj na okoli\u0161 i osigurali pravilno rukovanje komponentama ure\u0111aja.<\/p>\n<p><strong>3. Kako sigurno zbrinuti Waspe Tornado 15000?<\/strong><br \/>\nKako biste zbrinuli Waspe Tornado 15000, prvo se uvjerite da je u potpunosti ispra\u017enjen. Zatim, slijedite lokalne propise za odlaganje e-otpada ili centre za recikliranje. Mnoge zajednice nude posebna mjesta za odlaganje elektroni\u010dkih ure\u0111aja kako bi se osiguralo pravilno zbrinjavanje i smanjio utjecaj na okoli\u0161.<\/p>\n<p><strong>4. Je li Waspe Tornado 15000 siguran za kori\u0161tenje i zbrinjavanje?<\/strong><br \/>\nApsolutno. Waspe Tornado 15000 dizajniran je imaju\u0107i na umu sigurnost i pridr\u017eava se industrijskih standarda. Njegova jednokratna upotreba uklanja brige oko odr\u017eavanja, a kada se odgovorno zbrinjava, ima minimalan utjecaj na okoli\u0161. Uvijek slijedite sigurnosne smjernice i slobodno kontaktirajte na\u0161 tim za korisni\u010dku podr\u0161ku za sva specifi\u010dna pitanja.<\/p>\n<p>&nbsp;<\/p>\n<h3><b>\u010cesto postavljana pitanja<\/b><\/h3>\n<p>&nbsp;<\/p>\n<div class=\"flex-shrink-0 flex flex-col relative items-end\">\n<div>\n<div class=\"pt-0\">\n<div class=\"gizmo-bot-avatar flex h-8 w-8 items-center justify-center overflow-hidden rounded-full\">\n<div class=\"relative p-1 rounded-sm flex items-center justify-center bg-token-main-surface-primary text-token-text-primary h-8 w-8\"><strong>Koje se metode dostave koriste?<\/strong><\/div>\n<\/div>\n<\/div>\n<\/div>\n<\/div>\n<div class=\"group\/conversation-turn relative flex w-full min-w-0 flex-col agent-turn\">\n<div class=\"flex-col gap-1 md:gap-3\">\n<div class=\"flex max-w-full flex-col flex-grow\">\n<div class=\"min-h-[20px] text-message flex w-full flex-col items-end gap-2 whitespace-normal break-words [.text-message+&amp;]:mt-5 overflow-x-auto\" dir=\"auto\" data-message-author-role=\"assistant\" data-message-id=\"22f8283b-3233-46ff-89a5-c7a41b33abda\">\n<div class=\"flex w-full flex-col gap-1 empty:hidden first:pt-[3px]\">\n<div class=\"markdown prose w-full break-words dark:prose-invert light\">\n<p>Sura\u0111ujemo s UPS-om, DHL-om, FedEx-om, DPD-om i drugim vode\u0107im prijevoznicima. Odabrat \u0107emo najbolju metodu dostave na temelju va\u0161e lokacije kako bismo osigurali da svoje proizvode primite \u0161to je prije mogu\u0107e.<\/p>\n<\/div>\n<p><strong>Koliko vremena je potrebno za isporuku?<\/strong><\/p>\n<p>Paketi poslani u Hrvatsku obi\u010dno sti\u017eu unutar 10 radnih dana. Dostava u europske zemlje op\u0107enito traje oko 12-15 radnih dana. Pru\u017eit \u0107emo vam a\u017euriranja o statusu va\u0161e po\u0161iljke u stvarnom vremenu.<\/p>\n<\/div>\n<p><strong>jamstvo<\/strong><\/p>\n<p>Svi proizvodi u na\u0161oj trgovini su 100% originalni i autenti\u010dni. Nudimo 10 puta ve\u0107u od\u0161tetu za la\u017enu robu!<\/p>\n<div class=\"flex w-full flex-col gap-1 empty:hidden first:pt-[3px]\">\n<p>&nbsp;<\/p>\n<\/div>\n<\/div>\n<\/div>\n<\/div>\n<\/div>\n<p>Prona\u0111ite vi\u0161e Vape proizvoda koji bi vam se mogli svidjeti:<strong><em><a href=\"https:\/\/rmvapesale.com\/hr\/shop-2\/\">kupite sada &gt;&gt;&gt;<\/a><\/em><\/strong><\/p>\n<p>ostali popularni proizvodi koji bi vam se mogli svidjeti:<\/p>\n<p><strong><a href=\"https:\/\/rmvapesale.com\/hr\/product\/bang-digital-box-15000-puffs-original-factory-wholesale\/\">Bang Digital Box 15000 uvla\u010denja<\/a><\/strong><\/p>\n<p><strong><a href=\"https:\/\/rmvapesale.com\/hr\/product\/bang-beach-22000-puffs-smart-screen-vapes-factory-price\/\">Bang Beach 22000 uvla\u010denja<\/a><\/strong><\/p>\n<p><a href=\"https:\/\/rmvapesale.com\/hr\/product\/randm-tornado-15000-puffs-vape-wholesale\/\"><strong>RandM Tornado 15000 uvla\u010denja<\/strong><\/a><\/p>\n<p>&nbsp;<\/p>","protected":false},"excerpt":{"rendered":"<p class=\"LC20lb MBeuO DKV0Md\">Waspe Tornado 15000 Puffs jednokratni Vejp<\/p>\n<p>Originalna Waspe Tornado 15000 Puffs Veleprodajna Cijena<\/p>\n<p>WASPE 15000 Puffs Originalni jednokratni Vejp s LED Svjetlom<\/p>\n<p><strong>Kontaktirajte Amy za ve\u0107i popust i ni\u017ei MOQ vape<\/strong><\/p>\n<p><img loading=\"lazy\" decoding=\"async\" class=\"size-medium wp-image-1814\" src=\"https:\/\/rmvapesale.com\/wp-content\/uploads\/2024\/04\/whatsapp-amy-229x300.jpg\" alt=\"whatsapp amy\" width=\"229\" height=\"300\" srcset=\"https:\/\/rmvapesale.com\/wp-content\/uploads\/2024\/04\/whatsapp-amy-229x300.jpg 229w, https:\/\/rmvapesale.com\/wp-content\/uploads\/2024\/04\/whatsapp-amy-783x1024.jpg 783w, https:\/\/rmvapesale.com\/wp-content\/uploads\/2024\/04\/whatsapp-amy-768x1005.jpg 768w, https:\/\/rmvapesale.com\/wp-content\/uploads\/2024\/04\/whatsapp-amy-600x785.jpg 600w, https:\/\/rmvapesale.com\/wp-content\/uploads\/2024\/04\/whatsapp-amy.jpg 990w\" sizes=\"auto, (max-width: 229px) 100vw, 229px\" \/><\/p>\n<h3><span style=\"color: #ff0000\"><strong>WhatsApp: +86 17776015835<\/strong><\/span><\/h3>","protected":false},"featured_media":2012,"comment_status":"open","ping_status":"closed","template":"","meta":{"_uag_custom_page_level_css":"","_lmt_disableupdate":"no","_lmt_disable":"","site-sidebar-layout":"default","site-content-layout":"content-boxed-container","ast-site-content-layout":"normal-width-container","site-content-style":"boxed","site-sidebar-style":"unboxed","ast-global-header-display":"","ast-banner-title-visibility":"","ast-main-header-display":"","ast-hfb-above-header-display":"","ast-hfb-below-header-display":"","ast-hfb-mobile-header-display":"","site-post-title":"","ast-breadcrumbs-content":"","ast-featured-img":"","footer-sml-layout":"","theme-transparent-header-meta":"default","adv-header-id-meta":"","stick-header-meta":"","header-above-stick-meta":"","header-main-stick-meta":"","header-below-stick-meta":"","astra-migrate-meta-layouts":"set","ast-page-background-enabled":"default","ast-page-background-meta":{"desktop":{"background-color":"var(--ast-global-color-4)","background-image":"","background-repeat":"repeat","background-position":"center center","background-size":"auto","background-attachment":"scroll","background-type":"","background-media":"","overlay-type":"","overlay-color":"","overlay-opacity":"","overlay-gradient":""},"tablet":{"background-color":"","background-image":"","background-repeat":"repeat","background-position":"center center","background-size":"auto","background-attachment":"scroll","background-type":"","background-media":"","overlay-type":"","overlay-color":"","overlay-opacity":"","overlay-gradient":""},"mobile":{"background-color":"","background-image":"","background-repeat":"repeat","background-position":"center center","background-size":"auto","background-attachment":"scroll","background-type":"","background-media":"","overlay-type":"","overlay-color":"","overlay-opacity":"","overlay-gradient":""}},"ast-content-background-meta":{"desktop":{"background-color":"var(--ast-global-color-5)","background-image":"","background-repeat":"repeat","background-position":"center center","background-size":"auto","background-attachment":"scroll","background-type":"","background-media":"","overlay-type":"","overlay-color":"","overlay-opacity":"","overlay-gradient":""},"tablet":{"background-color":"var(--ast-global-color-5)","background-image":"","background-repeat":"repeat","background-position":"center center","background-size":"auto","background-attachment":"scroll","background-type":"","background-media":"","overlay-type":"","overlay-color":"","overlay-opacity":"","overlay-gradient":""},"mobile":{"background-color":"var(--ast-global-color-5)","background-image":"","background-repeat":"repeat","background-position":"center center","background-size":"auto","background-attachment":"scroll","background-type":"","background-media":"","overlay-type":"","overlay-color":"","overlay-opacity":"","overlay-gradient":""}},"_joinchat":[]},"product_brand":[],"product_cat":[15,292,293,295,299,297,25,123,26,28,135,27,61,137,136,30],"product_tag":[56,57,58,40,41,37],"class_list":{"0":"post-2001","1":"product","2":"type-product","3":"status-publish","4":"has-post-thumbnail","6":"product_cat-new-vape-this-week","7":"product_cat-digital-disposable-vapes","8":"product_cat-low-nicotine-disposable-vapes","9":"product_cat-rechargeable-disposable-vapes","10":"product_cat-smart-screen-disposable-vapes","11":"product_cat-tornado-disposable-vapes","12":"product_cat-germany-best-selling-vape","13":"product_cat-italy-wholesale-vape","14":"product_cat-netherlands-hot-sale-vape","15":"product_cat-poland-hot-sale-vape","16":"product_cat-spain-best-hot-sale-vape","17":"product_cat-fance-hot-sale-vape","18":"product_cat-15000-puffs-disposable-vapes","19":"product_cat-rechargeable-vapes","20":"product_cat-smart-screen-vapes","21":"product_cat-minimum-order-quantity-50pcs","22":"product_tag-disposable-vape-wholesale-near-me","23":"product_tag-disposable-vape-wholesale-supplier","24":"product_tag-electric-cigarettes","25":"product_tag-hot-sale-vape","26":"product_tag-original-factory-vape","27":"product_tag-wholesale-vape-price","28":"desktop-align-left","29":"tablet-align-left","30":"mobile-align-left","32":"first","33":"instock","34":"sale","35":"shipping-taxable","36":"purchasable","37":"product-type-simple"},"uagb_featured_image_src":{"full":["https:\/\/rmvapesale.com\/wp-content\/uploads\/2024\/09\/Waspe-Tornado-15000-Puffs.jpg",800,800,false],"thumbnail":["https:\/\/rmvapesale.com\/wp-content\/uploads\/2024\/09\/Waspe-Tornado-15000-Puffs-150x150.jpg",150,150,true],"medium":["https:\/\/rmvapesale.com\/wp-content\/uploads\/2024\/09\/Waspe-Tornado-15000-Puffs-300x300.jpg",300,300,true],"medium_large":["https:\/\/rmvapesale.com\/wp-content\/uploads\/2024\/09\/Waspe-Tornado-15000-Puffs-768x768.jpg",768,768,true],"large":["https:\/\/rmvapesale.com\/wp-content\/uploads\/2024\/09\/Waspe-Tornado-15000-Puffs.jpg",800,800,false],"1536x1536":["https:\/\/rmvapesale.com\/wp-content\/uploads\/2024\/09\/Waspe-Tornado-15000-Puffs.jpg",800,800,false],"2048x2048":["https:\/\/rmvapesale.com\/wp-content\/uploads\/2024\/09\/Waspe-Tornado-15000-Puffs.jpg",800,800,false],"trp-custom-language-flag":["https:\/\/rmvapesale.com\/wp-content\/uploads\/2024\/09\/Waspe-Tornado-15000-Puffs.jpg",12,12,false],"woocommerce_thumbnail":["https:\/\/rmvapesale.com\/wp-content\/uploads\/2024\/09\/Waspe-Tornado-15000-Puffs-300x300.jpg",300,300,true],"woocommerce_single":["https:\/\/rmvapesale.com\/wp-content\/uploads\/2024\/09\/Waspe-Tornado-15000-Puffs-600x600.jpg",600,600,true],"woocommerce_gallery_thumbnail":["https:\/\/rmvapesale.com\/wp-content\/uploads\/2024\/09\/Waspe-Tornado-15000-Puffs-100x100.jpg",100,100,true],"wcpr-photo-reviews":["https:\/\/rmvapesale.com\/wp-content\/uploads\/2024\/09\/Waspe-Tornado-15000-Puffs.jpg",500,500,false]},"uagb_author_info":{"display_name":"AMY","author_link":"https:\/\/rmvapesale.com\/hr\/author\/"},"uagb_comment_info":0,"uagb_excerpt":"Waspe Tornado 15000 puffs Disposable Vape Original Waspe Tornado 15000 puffs Wholesale Price WASPE 15000 Puffs Original LED Light Disposable Vape Contact Amy For More Discount And Lower MOQ Vape WhatsApp: +86 17776015835","_links":{"self":[{"href":"https:\/\/rmvapesale.com\/hr\/wp-json\/wp\/v2\/product\/2001","targetHints":{"allow":["GET"]}}],"collection":[{"href":"https:\/\/rmvapesale.com\/hr\/wp-json\/wp\/v2\/product"}],"about":[{"href":"https:\/\/rmvapesale.com\/hr\/wp-json\/wp\/v2\/types\/product"}],"replies":[{"embeddable":true,"href":"https:\/\/rmvapesale.com\/hr\/wp-json\/wp\/v2\/comments?post=2001"}],"wp:featuredmedia":[{"embeddable":true,"href":"https:\/\/rmvapesale.com\/hr\/wp-json\/wp\/v2\/media\/2012"}],"wp:attachment":[{"href":"https:\/\/rmvapesale.com\/hr\/wp-json\/wp\/v2\/media?parent=2001"}],"wp:term":[{"taxonomy":"product_brand","embeddable":true,"href":"https:\/\/rmvapesale.com\/hr\/wp-json\/wp\/v2\/product_brand?post=2001"},{"taxonomy":"product_cat","embeddable":true,"href":"https:\/\/rmvapesale.com\/hr\/wp-json\/wp\/v2\/product_cat?post=2001"},{"taxonomy":"product_tag","embeddable":true,"href":"https:\/\/rmvapesale.com\/hr\/wp-json\/wp\/v2\/product_tag?post=2001"}],"curies":[{"name":"wp","href":"https:\/\/api.w.org\/{rel}","templated":true}]}}