{"id":2014,"date":"2024-09-18T06:36:53","date_gmt":"2024-09-18T06:36:53","guid":{"rendered":"https:\/\/rmvapesale.com\/?post_type=product&#038;p=2014"},"modified":"2025-01-20T03:55:22","modified_gmt":"2025-01-20T03:55:22","slug":"waspe-digital-box-12000-puffs-wholesale-disposable-vape","status":"publish","type":"product","link":"https:\/\/rmvapesale.com\/hr\/product\/waspe-digital-box-12000-puffs-wholesale-disposable-vape\/","title":{"rendered":"Waspe Digital Box 12000 Puffs veleprodaja jednokratni vape"},"content":{"rendered":"<h1>Waspe Digital Box 12000 Puffs veleprodaja jednokratni vape<\/h1>\n<p>Waspe Digital Box 12000 Udisaja Jednokratni Vape isti\u010de se kao vrhunski izbor na tr\u017ei\u0161tu jednokratnih vapea, idealan za one koji tra\u017ee dugotrajne performanse bez gnjava\u017ee odr\u017eavanja ili dopunjavanja. Svaki ure\u0111aj pru\u017ea do 12.000 udisaja, nude\u0107i izuzetnu prakti\u010dnost i vrijednost. Ovaj Waspe Digital Box 12000 nudi 10 okusa za odabir, \u0161to omogu\u0107ava vaperima da istra\u017ee raznoliku paletu okusa dok u\u017eivaju u produ\u017eenom vijeku trajanja svakog vapea. Bilo da ste iskusni vaper ili po\u010detnik, Waspe 12000 je savr\u0161en za svakoga tko cijeni prenosivost i jednostavnost. Kontaktirajte nas za veleprodajnu cijenu za originalni tvorni\u010dki Waspe Digital Box 12000 udisaja!<\/p>\n<p>&nbsp;<\/p>\n<p><strong>Kontaktirajte Amy da dobijete pravi odgovor i vi\u0161e videozapisa o proizvodu!<\/strong><\/p>\n<figure id=\"attachment_1978\" aria-describedby=\"caption-attachment-1978\" style=\"width: 229px\" class=\"wp-caption alignnone\"><img loading=\"lazy\" decoding=\"async\" class=\"size-full wp-image-1978\" src=\"https:\/\/rmvapesale.com\/wp-content\/uploads\/2024\/09\/Disposable-Vape-Wholesale.jpg\" alt=\"Veleprodaja jednokratnih vejpova\" width=\"229\" height=\"300\" \/><figcaption id=\"caption-attachment-1978\" class=\"wp-caption-text\">Veleprodaja jednokratnih vejpova<\/figcaption><\/figure>\n<h3><span style=\"color: #ff0000\"><strong>WhatsApp: +86 17776015835<\/strong><\/span><\/h3>\n<p>&nbsp;<\/p>\n<h2><strong>\u00a0Klju\u010dne zna\u010dajke Waspe Digital Box 12000 Udisaja<\/strong><\/h2>\n<p>Nikotin: 2%\/5%<br \/>\nPuffs:12000<br \/>\nKapacitet: 20 ml<br \/>\nDostupno 10 okusa<br \/>\nLCD zaslon<br \/>\nType-C priklju\u010dak<br \/>\nPunjiva baterija 650mah<\/p>\n<h2><strong>Najbolji okusi za Waspe Digital Box 12000<\/strong><\/h2>\n<p>Waspe Digital 12000 Udisaja Jednokratni box s 12 stru\u010dno izra\u0111enih okusa, od kojih je svaki osmi\u0161ljen da ponudi prepoznatljiv i zadovoljavaju\u0107i okusni do\u017eivljaj, sigurno \u0107ete prona\u0107i ne\u0161to za sebe!<\/p>\n<p>1 lubenica led<span style=\"color: #ff0000\"><strong>&gt;&gt;&gt;&gt;Vru\u0107e!<\/strong><\/span><br \/>\n2 plavi razz led<br \/>\n3 gro\u017e\u0111e led<br \/>\n4 jagoda lubenica<br \/>\n5 mije\u0161ano bobi\u010dasto vo\u0107e<span style=\"color: #ff0000\"><strong>&gt;&gt;&gt;&gt;Vru\u0107e!<\/strong><\/span><br \/>\n6 jagoda krofne<br \/>\n7 borovnica malina<span style=\"color: #ff0000\"><strong>&gt;&gt;&gt;&gt;Najbolje!<\/strong><\/span><br \/>\n8 Jagoda Malina Tre\u0161nja<br \/>\n9 lubenica mango breskva<br \/>\n10 crvenog vina od kru\u0161ke soka<\/p>\n<p><img loading=\"lazy\" decoding=\"async\" class=\"alignnone wp-image-2018 size-full\" src=\"https:\/\/rmvapesale.com\/wp-content\/uploads\/2024\/09\/WASPE-12000-Puffs-Digital-Box-Flavor.jpg\" alt=\"\" width=\"800\" height=\"800\" srcset=\"https:\/\/rmvapesale.com\/wp-content\/uploads\/2024\/09\/WASPE-12000-Puffs-Digital-Box-Flavor.jpg 800w, https:\/\/rmvapesale.com\/wp-content\/uploads\/2024\/09\/WASPE-12000-Puffs-Digital-Box-Flavor-300x300.jpg 300w, https:\/\/rmvapesale.com\/wp-content\/uploads\/2024\/09\/WASPE-12000-Puffs-Digital-Box-Flavor-150x150.jpg 150w, https:\/\/rmvapesale.com\/wp-content\/uploads\/2024\/09\/WASPE-12000-Puffs-Digital-Box-Flavor-768x768.jpg 768w, https:\/\/rmvapesale.com\/wp-content\/uploads\/2024\/09\/WASPE-12000-Puffs-Digital-Box-Flavor-600x600.jpg 600w, https:\/\/rmvapesale.com\/wp-content\/uploads\/2024\/09\/WASPE-12000-Puffs-Digital-Box-Flavor-100x100.jpg 100w\" sizes=\"auto, (max-width: 800px) 100vw, 800px\" \/><\/p>\n<h2><strong>Pitanja koja biste mogli imati o Waspe 12K Digital Box<\/strong><\/h2>\n<p>&nbsp;<\/p>\n<p><strong>1. Koliko udisaja mogu o\u010dekivati od jednokratnog vapea Waspe 12K Digital Box?<\/strong><\/p>\n<p>Waspe 12K Digital Box nudi do 12.000 udisaja, \u0161to ga \u010dini jednim od najdu\u017ee trajaju\u0107ih jednokratnih vapea dostupnih na tr\u017ei\u0161tu.<\/p>\n<p><strong>2. Mogu li napuniti Waspe 12K Digital Box?<\/strong><\/p>\n<p>Da, Waspe 12K Digital Box ima punjivu bateriju. Mo\u017eete ga jednostavno napuniti USB-C kabelom kako biste maksimalno iskoristili njegovu upotrebu.<\/p>\n<p><strong>3. Koja ja\u010dina nikotina je dostupna u Waspe 12K Digital Box?<\/strong><\/p>\n<p>Waspe 12K Digital Box obi\u010dno nudi 20mg i 50mg nikotinskog soli e-teku\u0107ine, pru\u017eaju\u0107i glatko i zadovoljavaju\u0107e iskustvo vapinga.<\/p>\n<p>&nbsp;<\/p>\n<h3><b>\u010cesto postavljana pitanja<\/b><\/h3>\n<p>&nbsp;<\/p>\n<div class=\"flex-shrink-0 flex flex-col relative items-end\">\n<div>\n<div class=\"pt-0\">\n<div class=\"gizmo-bot-avatar flex h-8 w-8 items-center justify-center overflow-hidden rounded-full\">\n<div class=\"relative p-1 rounded-sm flex items-center justify-center bg-token-main-surface-primary text-token-text-primary h-8 w-8\"><strong>Koje se metode dostave koriste?<\/strong><\/div>\n<\/div>\n<\/div>\n<\/div>\n<\/div>\n<div class=\"group\/conversation-turn relative flex w-full min-w-0 flex-col agent-turn\">\n<div class=\"flex-col gap-1 md:gap-3\">\n<div class=\"flex max-w-full flex-col flex-grow\">\n<div class=\"min-h-[20px] text-message flex w-full flex-col items-end gap-2 whitespace-normal break-words [.text-message+&amp;]:mt-5 overflow-x-auto\" dir=\"auto\" data-message-author-role=\"assistant\" data-message-id=\"22f8283b-3233-46ff-89a5-c7a41b33abda\">\n<div class=\"flex w-full flex-col gap-1 empty:hidden first:pt-[3px]\">\n<div class=\"markdown prose w-full break-words dark:prose-invert light\">\n<p>Sura\u0111ujemo s UPS-om, DHL-om, FedEx-om, DPD-om i drugim vode\u0107im prijevoznicima. Odabrat \u0107emo najbolju metodu dostave na temelju va\u0161e lokacije kako bismo osigurali da svoje proizvode primite \u0161to je prije mogu\u0107e.<\/p>\n<\/div>\n<p><strong>Koliko vremena je potrebno za isporuku?<\/strong><\/p>\n<p>Paketi poslani u Hrvatsku obi\u010dno sti\u017eu unutar 10 radnih dana. Dostava u europske zemlje op\u0107enito traje oko 12-15 radnih dana. Pru\u017eit \u0107emo vam a\u017euriranja o statusu va\u0161e po\u0161iljke u stvarnom vremenu.<\/p>\n<\/div>\n<p><strong>Jamstvo<\/strong><\/p>\n<p>Svi proizvodi u na\u0161oj trgovini su 100% originalni i autenti\u010dni. Nudimo 10 puta ve\u0107u od\u0161tetu za la\u017enu robu!<\/p>\n<div class=\"flex w-full flex-col gap-1 empty:hidden first:pt-[3px]\">\n<p>&nbsp;<\/p>\n<\/div>\n<\/div>\n<\/div>\n<\/div>\n<\/div>\n<p>Prona\u0111ite vi\u0161e Vape proizvoda koji bi vam se mogli svidjeti:<strong><em><a href=\"https:\/\/rmvapesale.com\/hr\/shop-2\/\">kupite sada &gt;&gt;&gt;<\/a><\/em><\/strong><\/p>\n<p>ostali popularni proizvodi koji bi vam se mogli svidjeti:<\/p>\n<p><strong><a href=\"https:\/\/rmvapesale.com\/hr\/product\/bang-digital-box-15000-puffs-original-factory-wholesale\/\">Bang Digital Box 15000 uvla\u010denja<\/a><\/strong><\/p>\n<p><a href=\"https:\/\/rmvapesale.com\/hr\/product\/waspe-tornado-15000-puffs-original-factory-price\/\"><strong>Waspe Tornado 15000 udisaja<\/strong><\/a><\/p>\n<p><a href=\"https:\/\/rmvapesale.com\/hr\/product\/randm-tornado-15000-puffs-vape-wholesale\/\"><strong>RandM Tornado 15000 uvla\u010denja<\/strong><\/a><\/p>\n<p>&nbsp;<\/p>","protected":false},"excerpt":{"rendered":"<p>WASPE Digital Box 12000 Udisaja Originalno Izdanje Jednokratni Vape<\/p>\n<p>Originalna veleprodaja Waspe 12k Udisaja Digitalni Box<\/p>\n<p>WASPE 12000 UDISAJA Digitalni Box 2% 5% Nikotin<\/p>\n<p><strong>Kontaktirajte Amy za ve\u0107i popust i ni\u017ei MOQ vape<\/strong><\/p>\n<p><img loading=\"lazy\" decoding=\"async\" class=\"size-full wp-image-1978\" src=\"https:\/\/rmvapesale.com\/wp-content\/uploads\/2024\/09\/Disposable-Vape-Wholesale.jpg\" alt=\"Veleprodaja jednokratnih vejpova\" width=\"229\" height=\"300\" \/><\/p>\n<h3><span style=\"color: #ff0000\"><strong>WhatsApp: +86 17776015835<\/strong><\/span><\/h3>","protected":false},"featured_media":2016,"comment_status":"open","ping_status":"closed","template":"","meta":{"_uag_custom_page_level_css":"","_lmt_disableupdate":"no","_lmt_disable":"","site-sidebar-layout":"default","site-content-layout":"content-boxed-container","ast-site-content-layout":"normal-width-container","site-content-style":"boxed","site-sidebar-style":"unboxed","ast-global-header-display":"","ast-banner-title-visibility":"","ast-main-header-display":"","ast-hfb-above-header-display":"","ast-hfb-below-header-display":"","ast-hfb-mobile-header-display":"","site-post-title":"","ast-breadcrumbs-content":"","ast-featured-img":"","footer-sml-layout":"","theme-transparent-header-meta":"default","adv-header-id-meta":"","stick-header-meta":"","header-above-stick-meta":"","header-main-stick-meta":"","header-below-stick-meta":"","astra-migrate-meta-layouts":"set","ast-page-background-enabled":"default","ast-page-background-meta":{"desktop":{"background-color":"var(--ast-global-color-4)","background-image":"","background-repeat":"repeat","background-position":"center center","background-size":"auto","background-attachment":"scroll","background-type":"","background-media":"","overlay-type":"","overlay-color":"","overlay-opacity":"","overlay-gradient":""},"tablet":{"background-color":"","background-image":"","background-repeat":"repeat","background-position":"center center","background-size":"auto","background-attachment":"scroll","background-type":"","background-media":"","overlay-type":"","overlay-color":"","overlay-opacity":"","overlay-gradient":""},"mobile":{"background-color":"","background-image":"","background-repeat":"repeat","background-position":"center center","background-size":"auto","background-attachment":"scroll","background-type":"","background-media":"","overlay-type":"","overlay-color":"","overlay-opacity":"","overlay-gradient":""}},"ast-content-background-meta":{"desktop":{"background-color":"var(--ast-global-color-5)","background-image":"","background-repeat":"repeat","background-position":"center center","background-size":"auto","background-attachment":"scroll","background-type":"","background-media":"","overlay-type":"","overlay-color":"","overlay-opacity":"","overlay-gradient":""},"tablet":{"background-color":"var(--ast-global-color-5)","background-image":"","background-repeat":"repeat","background-position":"center center","background-size":"auto","background-attachment":"scroll","background-type":"","background-media":"","overlay-type":"","overlay-color":"","overlay-opacity":"","overlay-gradient":""},"mobile":{"background-color":"var(--ast-global-color-5)","background-image":"","background-repeat":"repeat","background-position":"center center","background-size":"auto","background-attachment":"scroll","background-type":"","background-media":"","overlay-type":"","overlay-color":"","overlay-opacity":"","overlay-gradient":""}},"_joinchat":[]},"product_brand":[],"product_cat":[15,292,293,295,299,274,254,25,123,26,28,135,27,137,136,30],"product_tag":[56,57,58,40,37],"class_list":{"0":"post-2014","1":"product","2":"type-product","3":"status-publish","4":"has-post-thumbnail","6":"product_cat-new-vape-this-week","7":"product_cat-digital-disposable-vapes","8":"product_cat-low-nicotine-disposable-vapes","9":"product_cat-rechargeable-disposable-vapes","10":"product_cat-smart-screen-disposable-vapes","11":"product_cat-waspe-fihp-vape","12":"product_cat-12000-puff-disposable-vape","13":"product_cat-germany-best-selling-vape","14":"product_cat-italy-wholesale-vape","15":"product_cat-netherlands-hot-sale-vape","16":"product_cat-poland-hot-sale-vape","17":"product_cat-spain-best-hot-sale-vape","18":"product_cat-fance-hot-sale-vape","19":"product_cat-rechargeable-vapes","20":"product_cat-smart-screen-vapes","21":"product_cat-minimum-order-quantity-50pcs","22":"product_tag-disposable-vape-wholesale-near-me","23":"product_tag-disposable-vape-wholesale-supplier","24":"product_tag-electric-cigarettes","25":"product_tag-hot-sale-vape","26":"product_tag-wholesale-vape-price","27":"desktop-align-left","28":"tablet-align-left","29":"mobile-align-left","31":"first","32":"instock","33":"sale","34":"shipping-taxable","35":"purchasable","36":"product-type-simple"},"uagb_featured_image_src":{"full":["https:\/\/rmvapesale.com\/wp-content\/uploads\/2024\/09\/Original-Waspe-Digital-Box-12000-Puffs.png",800,800,false],"thumbnail":["https:\/\/rmvapesale.com\/wp-content\/uploads\/2024\/09\/Original-Waspe-Digital-Box-12000-Puffs-150x150.png",150,150,true],"medium":["https:\/\/rmvapesale.com\/wp-content\/uploads\/2024\/09\/Original-Waspe-Digital-Box-12000-Puffs-300x300.png",300,300,true],"medium_large":["https:\/\/rmvapesale.com\/wp-content\/uploads\/2024\/09\/Original-Waspe-Digital-Box-12000-Puffs-768x768.png",768,768,true],"large":["https:\/\/rmvapesale.com\/wp-content\/uploads\/2024\/09\/Original-Waspe-Digital-Box-12000-Puffs.png",800,800,false],"1536x1536":["https:\/\/rmvapesale.com\/wp-content\/uploads\/2024\/09\/Original-Waspe-Digital-Box-12000-Puffs.png",800,800,false],"2048x2048":["https:\/\/rmvapesale.com\/wp-content\/uploads\/2024\/09\/Original-Waspe-Digital-Box-12000-Puffs.png",800,800,false],"trp-custom-language-flag":["https:\/\/rmvapesale.com\/wp-content\/uploads\/2024\/09\/Original-Waspe-Digital-Box-12000-Puffs.png",12,12,false],"woocommerce_thumbnail":["https:\/\/rmvapesale.com\/wp-content\/uploads\/2024\/09\/Original-Waspe-Digital-Box-12000-Puffs-300x300.png",300,300,true],"woocommerce_single":["https:\/\/rmvapesale.com\/wp-content\/uploads\/2024\/09\/Original-Waspe-Digital-Box-12000-Puffs-600x600.png",600,600,true],"woocommerce_gallery_thumbnail":["https:\/\/rmvapesale.com\/wp-content\/uploads\/2024\/09\/Original-Waspe-Digital-Box-12000-Puffs-100x100.png",100,100,true],"wcpr-photo-reviews":["https:\/\/rmvapesale.com\/wp-content\/uploads\/2024\/09\/Original-Waspe-Digital-Box-12000-Puffs.png",500,500,false]},"uagb_author_info":{"display_name":"AMY","author_link":"https:\/\/rmvapesale.com\/hr\/author\/"},"uagb_comment_info":0,"uagb_excerpt":"WASPE Digital Box 12000 Puffs Original Edition Disposable Vape Original Wholesale Waspe 12k Puffs Digital Box WASPE 12000 PUFFS Digital Box 2% 5% Nicotine Contact Amy For More Discount And Lower MOQ Vape WhatsApp: +86 17776015835","_links":{"self":[{"href":"https:\/\/rmvapesale.com\/hr\/wp-json\/wp\/v2\/product\/2014","targetHints":{"allow":["GET"]}}],"collection":[{"href":"https:\/\/rmvapesale.com\/hr\/wp-json\/wp\/v2\/product"}],"about":[{"href":"https:\/\/rmvapesale.com\/hr\/wp-json\/wp\/v2\/types\/product"}],"replies":[{"embeddable":true,"href":"https:\/\/rmvapesale.com\/hr\/wp-json\/wp\/v2\/comments?post=2014"}],"wp:featuredmedia":[{"embeddable":true,"href":"https:\/\/rmvapesale.com\/hr\/wp-json\/wp\/v2\/media\/2016"}],"wp:attachment":[{"href":"https:\/\/rmvapesale.com\/hr\/wp-json\/wp\/v2\/media?parent=2014"}],"wp:term":[{"taxonomy":"product_brand","embeddable":true,"href":"https:\/\/rmvapesale.com\/hr\/wp-json\/wp\/v2\/product_brand?post=2014"},{"taxonomy":"product_cat","embeddable":true,"href":"https:\/\/rmvapesale.com\/hr\/wp-json\/wp\/v2\/product_cat?post=2014"},{"taxonomy":"product_tag","embeddable":true,"href":"https:\/\/rmvapesale.com\/hr\/wp-json\/wp\/v2\/product_tag?post=2014"}],"curies":[{"name":"wp","href":"https:\/\/api.w.org\/{rel}","templated":true}]}}