{"id":2095,"date":"2024-09-23T03:14:35","date_gmt":"2024-09-23T03:14:35","guid":{"rendered":"https:\/\/rmvapesale.com\/?post_type=product&#038;p=2095"},"modified":"2025-01-21T09:18:03","modified_gmt":"2025-01-21T09:18:03","slug":"wga-crystal-pro-max-10000-puffs-disposable-vape","status":"publish","type":"product","link":"https:\/\/rmvapesale.com\/hr\/product\/wga-crystal-pro-max-10000-puffs-disposable-vape\/","title":{"rendered":"WGA Crystal Pro Max 10000 Puffs jednokratni Vape"},"content":{"rendered":"<div class=\"B2VR9 CJHX3e\">\n<div class=\"wyccme\">\n<h1>WGA Crystal Pro Max 10000 Puffs jednokratni Vape<\/h1>\n<p class=\"oatEtb\"><span style=\"font-size: 16px\">WGA Crystal Pro Max Plus 10000 Puffs jednokratna vape olovka mo\u017ee se pohvaliti zadivljuju\u0107im kristalno \u010distim dizajnom koji odra\u017eava eleganciju i visoke performanse. Ovaj ure\u0111aj za vape je prava inovacija u svijetu vapinga, besprijekorno se uklapa u va\u0161 \u017eivotni stil i istovremeno daje hrabru izjavu. Njegova lagana \u0161asija pobolj\u0161ava prenosivost, omogu\u0107uju\u0107i vam da ga bez napora nosite u d\u017eepu - savr\u0161eno za putnike.<\/span><\/p>\n<\/div>\n<\/div>\n<p>Ne samo da WGA Crystal Pro Max impresionira vizualno, ve\u0107 pru\u017ea i iznimno iskustvo vapinga. Opremljen naprednom tehnologijom mre\u017easte zavojnice, proizvodi glatku, aromati\u010dnu paru sa svakim udisajem. Dizajniran za jednostavnost, zna\u010dajka aktivirana povla\u010denjem eliminira gumbe i postavke - samo udahnite i u\u017eivajte. Ovaj jednokratni vape pod ure\u0111aj uistinu se isti\u010de i stilom i performansama.<\/p>\n<p>&nbsp;<\/p>\n<p><strong>Kontaktirajte Amy da dobijete pravi odgovor i vi\u0161e videozapisa o proizvodu!<\/strong><\/p>\n<p><img loading=\"lazy\" decoding=\"async\" class=\"size-full wp-image-1978\" src=\"https:\/\/rmvapesale.com\/wp-content\/uploads\/2024\/09\/Disposable-Vape-Wholesale.jpg\" alt=\"Veleprodaja jednokratnih vejpova\" width=\"229\" height=\"300\" \/><\/p>\n<h3><span style=\"color: #ff0000\"><strong>WhatsApp: +86 17776015835<\/strong><\/span><\/h3>\n<p>&nbsp;<\/p>\n<h2><\/h2>\n<h2><strong>WGA Crystal Pro Max 10000 Klju\u010dne zna\u010dajke<\/strong><\/h2>\n<p>&nbsp;<\/p>\n<p>Nikotin: 2%<br \/>\nPuffs: 10000<br \/>\nKapacitet: 20 ml<br \/>\nType-C protCool obojena svjetla na dnu<br \/>\n850mah Punjiva<\/p>\n<h2><\/h2>\n<h2><\/h2>\n<h2><strong>Vrhunski okus za WGA Crystal Pro Max 10000 Puffs<\/strong><\/h2>\n<p>WGA Crystal Pro Max 10000 jednokratna vape olovka ima 36 stru\u010dno izra\u0111enih okusa, svaki dizajniran da ponudi prepoznatljivo i zadovoljavaju\u0107e iskustvo vapinga, postoji ne\u0161to najbolje za vas!<\/p>\n<p>&nbsp;<\/p>\n<p>1. Led od lubenice<br \/>\n2. Borovnica malina<span style=\"color: #ff0000\"><strong>&gt;&gt;&gt;&gt;Vru\u0107e!<\/strong><\/span><br \/>\n3. Tre\u0161nja<br \/>\n4. Gumeni medvjedi\u0107<span style=\"color: #ff0000\"><strong>&gt;&gt;&gt;&gt;Vru\u0107e!<\/strong><\/span><br \/>\n5. Limun limeta<br \/>\n6. Led od jagode<br \/>\n7. Kisela malina od borovnice<br \/>\n8. Plava razz tre\u0161nja<br \/>\n9. Plavi razz led<span style=\"color: #ff0000\"><strong>&gt;&gt;&gt;&gt;Vru\u0107e!<\/strong><\/span><br \/>\n10. Plava razz limunada<br \/>\n11. Mr blue<br \/>\n12. Skittles<br \/>\n13. Ru\u017ei\u010dasta limunada<br \/>\n14. Borovnica tre\u0161nja brusnica<br \/>\n15. Borovnica<br \/>\n16. Vimto bull<span style=\"color: #ff0000\"><strong>&gt;&gt;&gt;&gt;Vru\u0107e!<\/strong><\/span><br \/>\n17. Ledena tre\u0161nja<br \/>\n18. Ledena crvena jabuka<br \/>\n19. So\u010dna breskva<br \/>\n20. Limunada od tre\u0161nje i breskve<br \/>\n21. Dupla jabuka<br \/>\n22. Trostruki mango<br \/>\n23. Ledeni ananas<br \/>\n24. Led od jagode, tre\u0161nje i maline<br \/>\n25. Lubenica tre\u0161nja<br \/>\n26. Tre\u0161nja limeta malina<span style=\"color: #ff0000\"><strong>&gt;&gt;&gt;&gt;Najbolje!<\/strong><\/span><br \/>\n27. Ananas limun<br \/>\n28. Borovnica malina \u0161ipak<br \/>\n29. Borovnica jagoda kupina<br \/>\n30. Meta mjesec<br \/>\n31. Ledeni \u0161tapi\u0107<br \/>\n32. Colalime<br \/>\n33. Banana ice<br \/>\n34. Ljetni san<br \/>\n35. Blue razz \u0161ipak<br \/>\n36. Hubba bubba<\/p>\n<h2><strong>Pitanja koja biste mo\u017eda \u017eeljeli znati o WGA Crystal Pro Max 10k Puffs <\/strong><\/h2>\n<p>&nbsp;<\/p>\n<p><strong>1. Koliko nikotina ima u Crystal Pro Max 10k?<\/strong><br \/>\nWGA Crystal Pro Max 10000 sadr\u017ei 2% nikotinske soli. S naprednom tehnologijom mre\u017easte zavojnice, nudi vrhunsko iskustvo pare ispunjeno bogatim okusom.<\/p>\n<p><strong>2. Jesu li WGA 10k crystal vape ure\u0111aji punjivi?<\/strong><br \/>\nDa, WGA Crystal Pro Max 10000 uklju\u010duje punjivu bateriju od 850 mAh, pru\u017eaju\u0107i dugotrajno u\u017eivanje.<\/p>\n<p><strong>3. Koliko udisaja mo\u017eete dobiti od WGA Crystal Pro Max 10000?<\/strong><br \/>\nWGA Crystal Pro Max 10000 pru\u017ea oko 10000 udisaja, ovisno o upotrebi, i dolazi u preko 30 okusa.<\/p>\n<p><strong>4. Koliko je vremena potrebno za punjenje WGA Crystal 10k?<\/strong><br \/>\nI WGA Crystal Pro Max 10000 i 15000 mogu se potpuno napuniti za samo 30 do 35 minuta, osiguravaju\u0107i brzu spremnost za upotrebu.<\/p>\n<p>&nbsp;<\/p>\n<h3><b>\u010cesto postavljana pitanja<\/b><\/h3>\n<p>&nbsp;<\/p>\n<div class=\"flex-shrink-0 flex flex-col relative items-end\">\n<div>\n<div class=\"pt-0\">\n<div class=\"gizmo-bot-avatar flex h-8 w-8 items-center justify-center overflow-hidden rounded-full\">\n<div class=\"relative p-1 rounded-sm flex items-center justify-center bg-token-main-surface-primary text-token-text-primary h-8 w-8\"><strong>Koje se metode dostave koriste?<\/strong><\/div>\n<\/div>\n<\/div>\n<\/div>\n<\/div>\n<div class=\"group\/conversation-turn relative flex w-full min-w-0 flex-col agent-turn\">\n<div class=\"flex-col gap-1 md:gap-3\">\n<div class=\"flex max-w-full flex-col flex-grow\">\n<div class=\"min-h-[20px] text-message flex w-full flex-col items-end gap-2 whitespace-normal break-words [.text-message+&amp;]:mt-5 overflow-x-auto\" dir=\"auto\" data-message-author-role=\"assistant\" data-message-id=\"22f8283b-3233-46ff-89a5-c7a41b33abda\">\n<div class=\"flex w-full flex-col gap-1 empty:hidden first:pt-[3px]\">\n<div class=\"markdown prose w-full break-words dark:prose-invert light\">\n<p>Sura\u0111ujemo s UPS-om, DHL-om, FedEx-om, DPD-om i drugim vode\u0107im prijevoznicima. Odabrat \u0107emo najbolju metodu dostave na temelju va\u0161e lokacije kako bismo osigurali da svoje proizvode primite \u0161to je prije mogu\u0107e.<\/p>\n<\/div>\n<p><strong>Koliko vremena je potrebno za isporuku?<\/strong><\/p>\n<p>Paketi poslani u Hrvatsku obi\u010dno sti\u017eu unutar 10 radnih dana. Dostava u europske zemlje op\u0107enito traje oko 12-15 radnih dana. Pru\u017eit \u0107emo vam a\u017euriranja o statusu va\u0161e po\u0161iljke u stvarnom vremenu.<\/p>\n<\/div>\n<p><strong>Jamstvo<\/strong><\/p>\n<p><span style=\"color: #ff0000\"><strong>Svi proizvodi u na\u0161oj trgovini su 100% originalni i autenti\u010dni. Nudimo 10 puta ve\u0107u od\u0161tetu za la\u017enu robu!<\/strong><\/span><\/p>\n<div class=\"flex w-full flex-col gap-1 empty:hidden first:pt-[3px]\">\n<p>&nbsp;<\/p>\n<\/div>\n<\/div>\n<\/div>\n<\/div>\n<\/div>\n<p>&nbsp;<\/p>\n<p>Ostali popularni vape ure\u0111aji koji bi vam se mogli svidjeti:<\/p>\n<p><strong><a href=\"https:\/\/rmvapesale.com\/hr\/product\/wga-crystal-plus-20000-puff-dual-flavour-disposable-vape\/\">WGA Crystal Plus 20000<\/a><\/strong><\/p>\n<p><a href=\"https:\/\/rmvapesale.com\/hr\/product\/waspe-tornado-15000-puffs-original-factory-price\/\"><strong>Waspe Tornado 15000 udisaja<\/strong><\/a><\/p>\n<p><a href=\"https:\/\/rmvapesale.com\/hr\/product\/wga-crystal-pro-max-extra-15k-puffs-disposable-vape-wholesale\/\"><strong>WGA Crystal Pro Max Extra 15000<\/strong><\/a><\/p>\n<p>&nbsp;<\/p>\n<p>&nbsp;<\/p>\n<p>Prona\u0111ite vi\u0161e Vape proizvoda koji bi vam se mogli svidjeti:<strong><em><a href=\"https:\/\/rmvapesale.com\/hr\/shop-2\/\">kupite sada &gt;&gt;&gt;<\/a><\/em><\/strong><\/p>","protected":false},"excerpt":{"rendered":"<p>Kristal Pro Max Plus WGA 10000 Udisaja Jednokratni Vape<br \/>\nWga Kristal Pro Max 10000 2% Nic Salt<br \/>\nWGA Kristal Pro Max 10000 10k Udisaja Na Veliko<\/p>\n<p><strong>Kontaktirajte Amy za ve\u0107i popust i ni\u017ei MOQ vape<\/strong><\/p>\n<p><img loading=\"lazy\" decoding=\"async\" class=\"size-full wp-image-1978\" src=\"https:\/\/rmvapesale.com\/wp-content\/uploads\/2024\/09\/Disposable-Vape-Wholesale.jpg\" alt=\"Veleprodaja jednokratnih vejpova\" width=\"229\" height=\"300\" \/><\/p>\n<h3><span style=\"color: #ff0000\"><strong>WhatsApp: +86 17776015835<\/strong><\/span><\/h3>","protected":false},"featured_media":2099,"comment_status":"open","ping_status":"closed","template":"","meta":{"_uag_custom_page_level_css":"","_lmt_disableupdate":"no","_lmt_disable":"","site-sidebar-layout":"default","site-content-layout":"content-boxed-container","ast-site-content-layout":"normal-width-container","site-content-style":"boxed","site-sidebar-style":"unboxed","ast-global-header-display":"","ast-banner-title-visibility":"","ast-main-header-display":"","ast-hfb-above-header-display":"","ast-hfb-below-header-display":"","ast-hfb-mobile-header-display":"","site-post-title":"","ast-breadcrumbs-content":"","ast-featured-img":"","footer-sml-layout":"","theme-transparent-header-meta":"default","adv-header-id-meta":"","stick-header-meta":"","header-above-stick-meta":"","header-main-stick-meta":"","header-below-stick-meta":"","astra-migrate-meta-layouts":"set","ast-page-background-enabled":"default","ast-page-background-meta":{"desktop":{"background-color":"var(--ast-global-color-4)","background-image":"","background-repeat":"repeat","background-position":"center center","background-size":"auto","background-attachment":"scroll","background-type":"","background-media":"","overlay-type":"","overlay-color":"","overlay-opacity":"","overlay-gradient":""},"tablet":{"background-color":"","background-image":"","background-repeat":"repeat","background-position":"center center","background-size":"auto","background-attachment":"scroll","background-type":"","background-media":"","overlay-type":"","overlay-color":"","overlay-opacity":"","overlay-gradient":""},"mobile":{"background-color":"","background-image":"","background-repeat":"repeat","background-position":"center center","background-size":"auto","background-attachment":"scroll","background-type":"","background-media":"","overlay-type":"","overlay-color":"","overlay-opacity":"","overlay-gradient":""}},"ast-content-background-meta":{"desktop":{"background-color":"var(--ast-global-color-5)","background-image":"","background-repeat":"repeat","background-position":"center center","background-size":"auto","background-attachment":"scroll","background-type":"","background-media":"","overlay-type":"","overlay-color":"","overlay-opacity":"","overlay-gradient":""},"tablet":{"background-color":"var(--ast-global-color-5)","background-image":"","background-repeat":"repeat","background-position":"center center","background-size":"auto","background-attachment":"scroll","background-type":"","background-media":"","overlay-type":"","overlay-color":"","overlay-opacity":"","overlay-gradient":""},"mobile":{"background-color":"var(--ast-global-color-5)","background-image":"","background-repeat":"repeat","background-position":"center center","background-size":"auto","background-attachment":"scroll","background-type":"","background-media":"","overlay-type":"","overlay-color":"","overlay-opacity":"","overlay-gradient":""}},"_joinchat":[]},"product_brand":[],"product_cat":[15,290,291,293,295,299,283,271,25,123,26,28,135,27,137,136,30],"product_tag":[57,58,82,81,69],"class_list":{"0":"post-2095","1":"product","2":"type-product","3":"status-publish","4":"has-post-thumbnail","6":"product_cat-new-vape-this-week","7":"product_cat-crystal-disposable-vapes","8":"product_cat-dual-mesh-disposable-vapes","9":"product_cat-low-nicotine-disposable-vapes","10":"product_cat-rechargeable-disposable-vapes","11":"product_cat-smart-screen-disposable-vapes","12":"product_cat-wga-vape","13":"product_cat-10000-puff-disposable-vape","14":"product_cat-germany-best-selling-vape","15":"product_cat-italy-wholesale-vape","16":"product_cat-netherlands-hot-sale-vape","17":"product_cat-poland-hot-sale-vape","18":"product_cat-spain-best-hot-sale-vape","19":"product_cat-fance-hot-sale-vape","20":"product_cat-rechargeable-vapes","21":"product_cat-smart-screen-vapes","22":"product_cat-minimum-order-quantity-50pcs","23":"product_tag-disposable-vape-wholesale-supplier","24":"product_tag-electric-cigarettes","25":"product_tag-wga-crystal-10000-puffs","26":"product_tag-wga-crystal-pro-max","27":"product_tag-wga-vape","28":"desktop-align-left","29":"tablet-align-left","30":"mobile-align-left","32":"first","33":"instock","34":"sale","35":"shipping-taxable","36":"purchasable","37":"product-type-simple"},"uagb_featured_image_src":{"full":["https:\/\/rmvapesale.com\/wp-content\/uploads\/2024\/09\/WGA-Crystal-Pro-Max-Plus-10000-Vape.png",788,788,false],"thumbnail":["https:\/\/rmvapesale.com\/wp-content\/uploads\/2024\/09\/WGA-Crystal-Pro-Max-Plus-10000-Vape-150x150.png",150,150,true],"medium":["https:\/\/rmvapesale.com\/wp-content\/uploads\/2024\/09\/WGA-Crystal-Pro-Max-Plus-10000-Vape-300x300.png",300,300,true],"medium_large":["https:\/\/rmvapesale.com\/wp-content\/uploads\/2024\/09\/WGA-Crystal-Pro-Max-Plus-10000-Vape-768x768.png",768,768,true],"large":["https:\/\/rmvapesale.com\/wp-content\/uploads\/2024\/09\/WGA-Crystal-Pro-Max-Plus-10000-Vape.png",788,788,false],"1536x1536":["https:\/\/rmvapesale.com\/wp-content\/uploads\/2024\/09\/WGA-Crystal-Pro-Max-Plus-10000-Vape.png",788,788,false],"2048x2048":["https:\/\/rmvapesale.com\/wp-content\/uploads\/2024\/09\/WGA-Crystal-Pro-Max-Plus-10000-Vape.png",788,788,false],"trp-custom-language-flag":["https:\/\/rmvapesale.com\/wp-content\/uploads\/2024\/09\/WGA-Crystal-Pro-Max-Plus-10000-Vape.png",12,12,false],"woocommerce_thumbnail":["https:\/\/rmvapesale.com\/wp-content\/uploads\/2024\/09\/WGA-Crystal-Pro-Max-Plus-10000-Vape-300x300.png",300,300,true],"woocommerce_single":["https:\/\/rmvapesale.com\/wp-content\/uploads\/2024\/09\/WGA-Crystal-Pro-Max-Plus-10000-Vape-600x600.png",600,600,true],"woocommerce_gallery_thumbnail":["https:\/\/rmvapesale.com\/wp-content\/uploads\/2024\/09\/WGA-Crystal-Pro-Max-Plus-10000-Vape-100x100.png",100,100,true],"wcpr-photo-reviews":["https:\/\/rmvapesale.com\/wp-content\/uploads\/2024\/09\/WGA-Crystal-Pro-Max-Plus-10000-Vape.png",500,500,false]},"uagb_author_info":{"display_name":"AMY","author_link":"https:\/\/rmvapesale.com\/hr\/author\/"},"uagb_comment_info":0,"uagb_excerpt":"Crystal Pro Max Plus WGA 10000 Puffs Disposable Vape Wga Crystal Pro Max 10000 2% Nic Salt WGA Crystal Pro Max 10000 10k Puffs Wholesale Contact Amy For More Discount And Lower MOQ Vape WhatsApp: +86 17776015835","_links":{"self":[{"href":"https:\/\/rmvapesale.com\/hr\/wp-json\/wp\/v2\/product\/2095","targetHints":{"allow":["GET"]}}],"collection":[{"href":"https:\/\/rmvapesale.com\/hr\/wp-json\/wp\/v2\/product"}],"about":[{"href":"https:\/\/rmvapesale.com\/hr\/wp-json\/wp\/v2\/types\/product"}],"replies":[{"embeddable":true,"href":"https:\/\/rmvapesale.com\/hr\/wp-json\/wp\/v2\/comments?post=2095"}],"wp:featuredmedia":[{"embeddable":true,"href":"https:\/\/rmvapesale.com\/hr\/wp-json\/wp\/v2\/media\/2099"}],"wp:attachment":[{"href":"https:\/\/rmvapesale.com\/hr\/wp-json\/wp\/v2\/media?parent=2095"}],"wp:term":[{"taxonomy":"product_brand","embeddable":true,"href":"https:\/\/rmvapesale.com\/hr\/wp-json\/wp\/v2\/product_brand?post=2095"},{"taxonomy":"product_cat","embeddable":true,"href":"https:\/\/rmvapesale.com\/hr\/wp-json\/wp\/v2\/product_cat?post=2095"},{"taxonomy":"product_tag","embeddable":true,"href":"https:\/\/rmvapesale.com\/hr\/wp-json\/wp\/v2\/product_tag?post=2095"}],"curies":[{"name":"wp","href":"https:\/\/api.w.org\/{rel}","templated":true}]}}