{"id":2108,"date":"2024-09-23T05:35:29","date_gmt":"2024-09-23T05:35:29","guid":{"rendered":"https:\/\/rmvapesale.com\/?post_type=product&#038;p=2108"},"modified":"2025-01-21T09:19:25","modified_gmt":"2025-01-21T09:19:25","slug":"bang-king-25000-puffs-vape-double-pods-12-flavors-wholesale","status":"publish","type":"product","link":"https:\/\/rmvapesale.com\/hr\/product\/bang-king-25000-puffs-vape-double-pods-12-flavors-wholesale\/","title":{"rendered":"Bang King 25000 Puffs Vape Double Pods 12 Flavors Veleprodaja"},"content":{"rendered":"<div class=\"B2VR9 CJHX3e\">\n<div class=\"wyccme\">\n<h1>Bang King 25000 Puffs Vape Double Pods 12 Flavors Veleprodaja<\/h1>\n<p>Iskusite vrhunac u vaping s Bang King 25000, visokou\u010dinkovitom jednokratnom vape ure\u0111aju dizajniranom za one koji cijene prakti\u010dnost, izvanredan okus i zapanjuju\u0107ih 25.000 pufova po ure\u0111aju. Njegov elegantan, moderan dizajn \u010dini ga savr\u0161enim suputnikom za vrhunsko iskustvo vapinga u pokretu.<\/p>\n<p>Ovaj Bang King 25000 dolazi s dva poda, svaki pru\u017ea 12.500 pufova, omogu\u0107uju\u0107i jednostavnu zamjenu i nastavak vapinga bez prekida. \u0160tovi\u0161e, mo\u017eete odabrati ja\u010dine nikotina od 0%, 2%, 3% i 5% kako biste prilagodili svoje iskustvo vapinga svojim \u017eeljama.<\/p>\n<p>Podignite svoje iskustvo vapinga s Bang King 25000 Pufova, gdje se inovacija susre\u0107e sa zadovoljstvom. Savr\u0161en za vapere koji tra\u017ee i performanse i okus, ovaj jednokratni ure\u0111aj s podom osmi\u0161ljen je za pobolj\u0161anje svakog trenutka.<\/p>\n<\/div>\n<\/div>\n<p>&nbsp;<\/p>\n<p><strong>Kontaktirajte Amy da dobijete pravi odgovor i vi\u0161e videozapisa o proizvodu!<\/strong><\/p>\n<p><img loading=\"lazy\" decoding=\"async\" class=\"size-full wp-image-1978\" src=\"https:\/\/rmvapesale.com\/wp-content\/uploads\/2024\/09\/Disposable-Vape-Wholesale.jpg\" alt=\"Veleprodaja jednokratnih vejpova\" width=\"229\" height=\"300\" \/><\/p>\n<h3><span style=\"color: #ff0000\"><strong>WhatsApp: +86 17776015835<\/strong><\/span><\/h3>\n<p>&nbsp;<\/p>\n<h2><\/h2>\n<h2><strong>Klju\u010dne zna\u010dajke Bang King 25000<\/strong><\/h2>\n<p>&nbsp;<\/p>\n<p>Nikotin:0% 2% 3% 5%<br \/>\nPufovi: 25000<br \/>\nKapacitet: 23ml+23ml Dvostruki Pod<br \/>\nDostupno 12 okusa<br \/>\n1.0 ohm Dvostruka Mre\u017ea<br \/>\nPunjiva baterija 650mah<\/p>\n<h2><\/h2>\n<h2><\/h2>\n<h2><strong>Vrhunski okus za Bang King 25000 Pufova<\/strong><\/h2>\n<p>Jednokratni vape pod Bang King 25000 s 12 okusa, svaki osmi\u0161ljen za pru\u017eanje prepoznatljivog i zadovoljavaju\u0107eg iskustva vapinga, ne\u0161to najbolje za vas!<\/p>\n<p>1.Blue Razz Ice<span style=\"color: #ff0000\"><strong>&gt;&gt;&gt;&gt;Najbolje!<\/strong><\/span><br \/>\n2. Juicy Peach Ice<br \/>\n3. Jagoda Lubenica<br \/>\n4.Ledena Lubenica<br \/>\n5. Jagoda Banana<br \/>\n6. Kiselko Zeleni Javor<span style=\"color: #ff0000\"><strong>&gt;&gt;&gt;&gt;Vru\u0107e!<\/strong><\/span><br \/>\n7. Trostruko bobi\u010dasto Vo\u0107e Led<br \/>\n8. Tropsko vo\u0107e<br \/>\n9. Tre\u0161nja Bomba<br \/>\n10. Gro\u017e\u0111e Led<span style=\"color: #ff0000\"><strong>&gt;&gt;&gt;&gt;Vru\u0107e!<\/strong><\/span><br \/>\n11.Breskva Mango<br \/>\n12.Jagoda Mango<\/p>\n<p>&nbsp;<\/p>\n<figure id=\"attachment_2112\" aria-describedby=\"caption-attachment-2112\" style=\"width: 300px\" class=\"wp-caption alignnone\"><img loading=\"lazy\" decoding=\"async\" class=\"size-medium wp-image-2112\" src=\"https:\/\/rmvapesale.com\/wp-content\/uploads\/2024\/09\/Bang-King-25000-Puffs-Double-Pod-300x291.jpg\" alt=\"Bang King 25000 Udisaja Dvostruki Pod\" width=\"300\" height=\"291\" srcset=\"https:\/\/rmvapesale.com\/wp-content\/uploads\/2024\/09\/Bang-King-25000-Puffs-Double-Pod-300x291.jpg 300w, https:\/\/rmvapesale.com\/wp-content\/uploads\/2024\/09\/Bang-King-25000-Puffs-Double-Pod-768x746.jpg 768w, https:\/\/rmvapesale.com\/wp-content\/uploads\/2024\/09\/Bang-King-25000-Puffs-Double-Pod-600x582.jpg 600w, https:\/\/rmvapesale.com\/wp-content\/uploads\/2024\/09\/Bang-King-25000-Puffs-Double-Pod.jpg 788w\" sizes=\"auto, (max-width: 300px) 100vw, 300px\" \/><figcaption id=\"caption-attachment-2112\" class=\"wp-caption-text\">Bang King 25000 Udisaja Dvostruki Pod<\/figcaption><\/figure>\n<h2><strong>Pitanja koja biste mogli znati o Bang King 25k Udisaja <\/strong><\/h2>\n<p>&nbsp;<\/p>\n<p><strong>1. Koliko nikotina ima u Bang King 25000?<\/strong><br \/>\nBang King 25000 koristi 0%, 2%, 3% i 5% nikotinske soli. S naprednom tehnologijom mre\u017easte zavojnice, pru\u017ea vrhunsko iskustvo pare ispunjeno bogatim okusom.<\/p>\n<p><strong>2. Je li BangKing 25000 punjiv za vaping?<\/strong><br \/>\nDa, Bang King 25000 uklju\u010duje punjivu bateriju od 650 mAh, pru\u017eaju\u0107i dugotrajno u\u017eivanje.<\/p>\n<p><strong>3. Koliko udisaja mo\u017eete dobiti s Bang King 25000?<\/strong><br \/>\nBang King 25000 pru\u017ea oko 25000 udisaja, ovisno o na\u010dinu kori\u0161tenja, i dolazi u 12 okusa.<\/p>\n<p><strong>4. Koliko vremena je potrebno za punjenje Bang King 25000?<\/strong><br \/>\nBang King 25000 mo\u017ee se potpuno napuniti za samo 30 do 35 minuta, osiguravaju\u0107i brzo spremnost za kori\u0161tenje.<\/p>\n<p>&nbsp;<\/p>\n<h3><b>\u010cesto postavljana pitanja<\/b><\/h3>\n<p>&nbsp;<\/p>\n<div class=\"flex-shrink-0 flex flex-col relative items-end\">\n<div>\n<div class=\"pt-0\">\n<div class=\"gizmo-bot-avatar flex h-8 w-8 items-center justify-center overflow-hidden rounded-full\">\n<div class=\"relative p-1 rounded-sm flex items-center justify-center bg-token-main-surface-primary text-token-text-primary h-8 w-8\"><strong>Koje se metode dostave koriste?<\/strong><\/div>\n<\/div>\n<\/div>\n<\/div>\n<\/div>\n<div class=\"group\/conversation-turn relative flex w-full min-w-0 flex-col agent-turn\">\n<div class=\"flex-col gap-1 md:gap-3\">\n<div class=\"flex max-w-full flex-col flex-grow\">\n<div class=\"min-h-[20px] text-message flex w-full flex-col items-end gap-2 whitespace-normal break-words [.text-message+&amp;]:mt-5 overflow-x-auto\" dir=\"auto\" data-message-author-role=\"assistant\" data-message-id=\"22f8283b-3233-46ff-89a5-c7a41b33abda\">\n<div class=\"flex w-full flex-col gap-1 empty:hidden first:pt-[3px]\">\n<div class=\"markdown prose w-full break-words dark:prose-invert light\">\n<p>Sura\u0111ujemo s UPS-om, DHL-om, FedEx-om, DPD-om i drugim vode\u0107im prijevoznicima. Odabrat \u0107emo najbolju metodu dostave na temelju va\u0161e lokacije kako bismo osigurali da svoje proizvode primite \u0161to je prije mogu\u0107e.<\/p>\n<\/div>\n<p><strong>Koliko vremena je potrebno za isporuku?<\/strong><\/p>\n<p>Paketi poslani u Hrvatsku obi\u010dno sti\u017eu unutar 10 radnih dana. Dostava u europske zemlje op\u0107enito traje oko 12-15 radnih dana. Pru\u017eit \u0107emo vam a\u017euriranja o statusu va\u0161e po\u0161iljke u stvarnom vremenu.<\/p>\n<\/div>\n<p><strong>Jamstvo<\/strong><\/p>\n<p><span style=\"color: #ff0000\"><strong>Svi proizvodi u na\u0161oj trgovini su 100% originalni i autenti\u010dni. Nudimo 10 puta ve\u0107u od\u0161tetu za la\u017enu robu!<\/strong><\/span><\/p>\n<div class=\"flex w-full flex-col gap-1 empty:hidden first:pt-[3px]\">\n<p>&nbsp;<\/p>\n<\/div>\n<\/div>\n<\/div>\n<\/div>\n<\/div>\n<p>&nbsp;<\/p>\n<p>Ostali popularni vape ure\u0111aji koji bi vam se mogli svidjeti:<\/p>\n<p><strong><a href=\"https:\/\/rmvapesale.com\/hr\/product\/wga-crystal-plus-20000-puff-dual-flavour-disposable-vape\/\">Bang King 30000 Udisaja<\/a><\/strong><\/p>\n<p><a href=\"https:\/\/rmvapesale.com\/hr\/product\/bang-20000-puffs-disposable-vape-wholesale-supplier\/\"><strong>Bang Box Vape 20000 Puffs<\/strong><\/a><\/p>\n<p><a href=\"https:\/\/rmvapesale.com\/hr\/product\/wga-crystal-pro-max-extra-15k-puffs-disposable-vape-wholesale\/\"><strong>WGA Crystal Pro Max Extra 15000<\/strong><\/a><\/p>\n<p>&nbsp;<\/p>\n<p>&nbsp;<\/p>\n<p>Prona\u0111ite vi\u0161e Vape proizvoda koji bi vam se mogli svidjeti:<strong><em><a href=\"https:\/\/rmvapesale.com\/hr\/shop-2\/\">kupite sada &gt;&gt;&gt;<\/a><\/em><\/strong><\/p>","protected":false},"excerpt":{"rendered":"<p>Bang King 25000 Pufova 0% 2% 3% 5% Nikotin Na Veliko<br \/>\nPuf 25k Bang King 25000 Pufova Jednokratni Vape<br \/>\nBang King 25000 Pufova Vape Jednokratne Elektronske Cigarete Dvostruki Pod<\/p>\n<p><strong>Kontaktirajte Amy za ve\u0107i popust i ni\u017ei MOQ vape<\/strong><\/p>\n<p><img loading=\"lazy\" decoding=\"async\" class=\"size-full wp-image-1978\" src=\"https:\/\/rmvapesale.com\/wp-content\/uploads\/2024\/09\/Disposable-Vape-Wholesale.jpg\" alt=\"Veleprodaja jednokratnih vejpova\" width=\"229\" height=\"300\" \/><\/p>\n<h3><span style=\"color: #ff0000\"><strong>WhatsApp: +86 17776015835<\/strong><\/span><\/h3>","protected":false},"featured_media":2114,"comment_status":"open","ping_status":"closed","template":"","meta":{"_uag_custom_page_level_css":"","_lmt_disableupdate":"no","_lmt_disable":"","site-sidebar-layout":"default","site-content-layout":"content-boxed-container","ast-site-content-layout":"normal-width-container","site-content-style":"boxed","site-sidebar-style":"unboxed","ast-global-header-display":"","ast-banner-title-visibility":"","ast-main-header-display":"","ast-hfb-above-header-display":"","ast-hfb-below-header-display":"","ast-hfb-mobile-header-display":"","site-post-title":"","ast-breadcrumbs-content":"","ast-featured-img":"","footer-sml-layout":"","ast-disable-related-posts":"","theme-transparent-header-meta":"default","adv-header-id-meta":"","stick-header-meta":"","header-above-stick-meta":"","header-main-stick-meta":"","header-below-stick-meta":"","astra-migrate-meta-layouts":"set","ast-page-background-enabled":"default","ast-page-background-meta":{"desktop":{"background-color":"var(--ast-global-color-4)","background-image":"","background-repeat":"repeat","background-position":"center center","background-size":"auto","background-attachment":"scroll","background-type":"","background-media":"","overlay-type":"","overlay-color":"","overlay-opacity":"","overlay-gradient":""},"tablet":{"background-color":"","background-image":"","background-repeat":"repeat","background-position":"center center","background-size":"auto","background-attachment":"scroll","background-type":"","background-media":"","overlay-type":"","overlay-color":"","overlay-opacity":"","overlay-gradient":""},"mobile":{"background-color":"","background-image":"","background-repeat":"repeat","background-position":"center center","background-size":"auto","background-attachment":"scroll","background-type":"","background-media":"","overlay-type":"","overlay-color":"","overlay-opacity":"","overlay-gradient":""}},"ast-content-background-meta":{"desktop":{"background-color":"var(--ast-global-color-5)","background-image":"","background-repeat":"repeat","background-position":"center center","background-size":"auto","background-attachment":"scroll","background-type":"","background-media":"","overlay-type":"","overlay-color":"","overlay-opacity":"","overlay-gradient":""},"tablet":{"background-color":"var(--ast-global-color-5)","background-image":"","background-repeat":"repeat","background-position":"center center","background-size":"auto","background-attachment":"scroll","background-type":"","background-media":"","overlay-type":"","overlay-color":"","overlay-opacity":"","overlay-gradient":""},"mobile":{"background-color":"var(--ast-global-color-5)","background-image":"","background-repeat":"repeat","background-position":"center center","background-size":"auto","background-attachment":"scroll","background-type":"","background-media":"","overlay-type":"","overlay-color":"","overlay-opacity":"","overlay-gradient":""}},"_joinchat":[]},"product_brand":[],"product_cat":[15,256,273,279,60,289,291,27,25,123,293,30,26,28,295,137,299,136,135],"product_tag":[86,76,57,58,87],"class_list":{"0":"post-2108","1":"product","2":"type-product","3":"status-publish","4":"has-post-thumbnail","6":"product_cat-new-vape-this-week","7":"product_cat-25000-puff-disposable-vape","8":"product_cat-bang-box-vape","9":"product_cat-bang-king-vape","10":"product_cat-bang-vapes","11":"product_cat-big-puffs-disposable-vapes","12":"product_cat-dual-mesh-disposable-vapes","13":"product_cat-fance-hot-sale-vape","14":"product_cat-germany-best-selling-vape","15":"product_cat-italy-wholesale-vape","16":"product_cat-low-nicotine-disposable-vapes","17":"product_cat-minimum-order-quantity-50pcs","18":"product_cat-netherlands-hot-sale-vape","19":"product_cat-poland-hot-sale-vape","20":"product_cat-rechargeable-disposable-vapes","21":"product_cat-rechargeable-vapes","22":"product_cat-smart-screen-disposable-vapes","23":"product_cat-smart-screen-vapes","24":"product_cat-spain-best-hot-sale-vape","25":"product_tag-bang-king-25000","26":"product_tag-bang-king-vape","27":"product_tag-disposable-vape-wholesale-supplier","28":"product_tag-electric-cigarettes","29":"product_tag-puff-25k","30":"desktop-align-left","31":"tablet-align-left","32":"mobile-align-left","34":"first","35":"instock","36":"sale","37":"shipping-taxable","38":"purchasable","39":"product-type-simple"},"uagb_featured_image_src":{"full":["https:\/\/rmvapesale.com\/wp-content\/uploads\/2024\/09\/Bang-King-25000-Puffs-Wholesale.jpg",788,788,false],"thumbnail":["https:\/\/rmvapesale.com\/wp-content\/uploads\/2024\/09\/Bang-King-25000-Puffs-Wholesale-150x150.jpg",150,150,true],"medium":["https:\/\/rmvapesale.com\/wp-content\/uploads\/2024\/09\/Bang-King-25000-Puffs-Wholesale-300x300.jpg",300,300,true],"medium_large":["https:\/\/rmvapesale.com\/wp-content\/uploads\/2024\/09\/Bang-King-25000-Puffs-Wholesale-768x768.jpg",768,768,true],"large":["https:\/\/rmvapesale.com\/wp-content\/uploads\/2024\/09\/Bang-King-25000-Puffs-Wholesale.jpg",788,788,false],"1536x1536":["https:\/\/rmvapesale.com\/wp-content\/uploads\/2024\/09\/Bang-King-25000-Puffs-Wholesale.jpg",788,788,false],"2048x2048":["https:\/\/rmvapesale.com\/wp-content\/uploads\/2024\/09\/Bang-King-25000-Puffs-Wholesale.jpg",788,788,false],"trp-custom-language-flag":["https:\/\/rmvapesale.com\/wp-content\/uploads\/2024\/09\/Bang-King-25000-Puffs-Wholesale.jpg",12,12,false],"woocommerce_thumbnail":["https:\/\/rmvapesale.com\/wp-content\/uploads\/2024\/09\/Bang-King-25000-Puffs-Wholesale-300x300.jpg",300,300,true],"woocommerce_single":["https:\/\/rmvapesale.com\/wp-content\/uploads\/2024\/09\/Bang-King-25000-Puffs-Wholesale-600x600.jpg",600,600,true],"woocommerce_gallery_thumbnail":["https:\/\/rmvapesale.com\/wp-content\/uploads\/2024\/09\/Bang-King-25000-Puffs-Wholesale-100x100.jpg",100,100,true],"wcpr-photo-reviews":["https:\/\/rmvapesale.com\/wp-content\/uploads\/2024\/09\/Bang-King-25000-Puffs-Wholesale.jpg",500,500,false]},"uagb_author_info":{"display_name":"AMY","author_link":"https:\/\/rmvapesale.com\/hr\/author\/"},"uagb_comment_info":0,"uagb_excerpt":"Bang King 25000 Puffs 0% 2% 3% 5% Nicotine Wholesale Puff 25k Bang King 25000 Puffs Disposable Vape Bang King 25000 Puffs Vape Disposable E Cigarettes Dual Pod Contact Amy For More Discount And Lower MOQ Vape WhatsApp: +86 17776015835","_links":{"self":[{"href":"https:\/\/rmvapesale.com\/hr\/wp-json\/wp\/v2\/product\/2108","targetHints":{"allow":["GET"]}}],"collection":[{"href":"https:\/\/rmvapesale.com\/hr\/wp-json\/wp\/v2\/product"}],"about":[{"href":"https:\/\/rmvapesale.com\/hr\/wp-json\/wp\/v2\/types\/product"}],"replies":[{"embeddable":true,"href":"https:\/\/rmvapesale.com\/hr\/wp-json\/wp\/v2\/comments?post=2108"}],"wp:featuredmedia":[{"embeddable":true,"href":"https:\/\/rmvapesale.com\/hr\/wp-json\/wp\/v2\/media\/2114"}],"wp:attachment":[{"href":"https:\/\/rmvapesale.com\/hr\/wp-json\/wp\/v2\/media?parent=2108"}],"wp:term":[{"taxonomy":"product_brand","embeddable":true,"href":"https:\/\/rmvapesale.com\/hr\/wp-json\/wp\/v2\/product_brand?post=2108"},{"taxonomy":"product_cat","embeddable":true,"href":"https:\/\/rmvapesale.com\/hr\/wp-json\/wp\/v2\/product_cat?post=2108"},{"taxonomy":"product_tag","embeddable":true,"href":"https:\/\/rmvapesale.com\/hr\/wp-json\/wp\/v2\/product_tag?post=2108"}],"curies":[{"name":"wp","href":"https:\/\/api.w.org\/{rel}","templated":true}]}}