{"id":2196,"date":"2024-09-27T02:26:25","date_gmt":"2024-09-27T02:26:25","guid":{"rendered":"https:\/\/rmvapesale.com\/?post_type=product&#038;p=2196"},"modified":"2025-01-21T09:38:41","modified_gmt":"2025-01-21T09:38:41","slug":"vapme-crown-bar-18000-pro-max-disposable-vape-original","status":"publish","type":"product","link":"https:\/\/rmvapesale.com\/hr\/product\/vapme-crown-bar-18000-pro-max-disposable-vape-original\/","title":{"rendered":"VAPME Crown Bar 18000 Pro Max Originalni jednokratni vape"},"content":{"rendered":"<div class=\"B2VR9 CJHX3e\">\n<div class=\"wyccme\">\n<h3 class=\"LC20lb MBeuO DKV0Md\">VAPME Crown Bar 18000 Pro Max Originalni jednokratni vape<\/h3>\n<p>Predstavljamo VAPME CROWN BAR 18000 Puffs PRO MAX \u2013 elitnu jednokratnu vape olovku koja podi\u017ee vaping na novu razinu. Dostupan po veleprodajnoj cijeni u rmvapesale, ovaj vrhunski ure\u0111aj nudi savr\u0161en spoj stila, sofisticiranosti i vrhunskih performansi za vapere koji tra\u017ee ultimativno iskustvo.<\/p>\n<p><strong>Klju\u010dne zna\u010dajke:<\/strong><br \/>\n<strong>Elegantna ko\u017ena obrada:<\/strong> VAPME CROWN BAR 18000 Puffs PRO MAX isti\u010de se svojom luksuznom ko\u017enom zavr\u0161nom obradom, \u0161to ga \u010dini jednako modernim koliko i funkcionalnim. Ovaj elegantan dizajn savr\u0161en je za one koji cijene i estetiku i performanse.<\/p>\n<p><strong>Baterija puna snage:<\/strong> Pokretan robusnom punjivom baterijom od 850 mAh, ovaj ure\u0111aj nudi produljenu upotrebu. S Type-C priklju\u010dkom za brzo punjenje, mo\u017eete ga jednostavno napuniti i nastaviti svoje vaping iskustvo bez odgode.<\/p>\n<p><strong>Veliki kapacitet teku\u0107ine za vape:<\/strong> S kapacitetom od 25 ml teku\u0107ine za vape, VAPME CROWN BAR PRO MAX pru\u017ea do 18000 pufova, smanjuju\u0107i potrebu za \u010destim punjenjem i osiguravaju\u0107i dugotrajno zadovoljstvo.<\/p>\n<p><strong>Napredna 0,6 Ohm Mesh Coil tehnologija:<\/strong> Opremljen najsuvremenijom mre\u017eastom zavojnicom, ovaj vape osigurava glatku proizvodnju pare i bogat, puni okus sa svakim pufom.<\/p>\n<p><strong>Prilagodljive razine nikotina:<\/strong> Zadovoljavaju\u0107i razne sklonosti, ovaj vape nudi opcije s niskim udjelom nikotina i bez nikotina, daju\u0107i korisnicima kontrolu nad svojim iskustvom.<\/p>\n<\/div>\n<\/div>\n<p><strong>Kontaktirajte Amy da dobijete pravi odgovor i vi\u0161e videozapisa o proizvodu!<\/strong><\/p>\n<p><img loading=\"lazy\" decoding=\"async\" class=\"size-full wp-image-1978\" src=\"https:\/\/rmvapesale.com\/wp-content\/uploads\/2024\/09\/Disposable-Vape-Wholesale.jpg\" alt=\"Veleprodaja jednokratnih vejpova\" width=\"229\" height=\"300\" \/><\/p>\n<h3><span style=\"color: #ff0000\"><strong>WhatsApp: +86 17776015835<\/strong><\/span><\/h3>\n<p>&nbsp;<\/p>\n<h2><\/h2>\n<h2><strong>VAPME CROWN BAR 18000 Puffs Klju\u010dne zna\u010dajke<\/strong><\/h2>\n<p>850mAh Ugra\u0111ena baterija<br \/>\nPunjiva<br \/>\nU\u010dinkovita i dosljedna isporuka snage<br \/>\n25ml Unaprijed napunjen E-sok<br \/>\n0% 2% 3% 5% Razina nikotina<br \/>\nIspunjava gotovo 18000 Puffs<br \/>\nMre\u017easta spirala<\/p>\n<h2><\/h2>\n<h2><strong>Vrhunski okus za VAPME CROWN BAR 18000 Puffs<\/strong><\/h2>\n<p>Birajte izme\u0111u 12 izvrsnih okusa, uklju\u010duju\u0107i klasi\u010dne favorite poput Lush Ice i Berry Ice, ili egzoti\u010dnije mje\u0161avine poput Sweet Passionfruit i Love 66. Svaki je okus pa\u017eljivo kreiran kako bi pru\u017eio ugodno iskustvo vapinga prilago\u0111eno va\u0161em ukusu.<\/p>\n<p>1.Lush Ice<span style=\"color: #ff0000\"><strong>&gt;&gt;&gt;&gt;Vru\u0107e!<\/strong><\/span><br \/>\n2.Berry Ice<br \/>\n3.\u017dvaka od borovnice<span style=\"color: #ff0000\"><strong>&gt;&gt;&gt;&gt;Najbolje!<\/strong><\/span><br \/>\n4.Fe\u0161ta od tre\u0161anja<br \/>\n5.Udara gro\u017e\u0111a<br \/>\n6.Jagoda lubenica<br \/>\n7.Mango led<br \/>\n8.Udara jagode<br \/>\n9.Slatka marakuja<br \/>\n10.Borovnica malina<br \/>\n11.Dvije jabuke<br \/>\n12.Ljubav 66<\/p>\n<figure id=\"attachment_2193\" aria-describedby=\"caption-attachment-2193\" style=\"width: 300px\" class=\"wp-caption alignnone\"><img loading=\"lazy\" decoding=\"async\" class=\"size-medium wp-image-2193\" src=\"https:\/\/rmvapesale.com\/wp-content\/uploads\/2024\/09\/Vapme-Crown-Bar-18000-Puffs-300x268.png\" alt=\"Vapme Crown Bar 18000 Puffs\" width=\"300\" height=\"268\" srcset=\"https:\/\/rmvapesale.com\/wp-content\/uploads\/2024\/09\/Vapme-Crown-Bar-18000-Puffs-300x268.png 300w, https:\/\/rmvapesale.com\/wp-content\/uploads\/2024\/09\/Vapme-Crown-Bar-18000-Puffs-768x685.png 768w, https:\/\/rmvapesale.com\/wp-content\/uploads\/2024\/09\/Vapme-Crown-Bar-18000-Puffs-600x535.png 600w, https:\/\/rmvapesale.com\/wp-content\/uploads\/2024\/09\/Vapme-Crown-Bar-18000-Puffs.png 808w\" sizes=\"auto, (max-width: 300px) 100vw, 300px\" \/><figcaption id=\"caption-attachment-2193\" class=\"wp-caption-text\">Vapme Crown Bar 18000 Puffs<\/figcaption><\/figure>\n<h2><strong>Pitanja koja biste mo\u017eda \u017eeljeli znati o VAPME CROWN BAR 18000<\/strong><\/h2>\n<p>&nbsp;<\/p>\n<div class=\"flex-shrink-0 flex flex-col relative items-end\">\n<div>\n<div class=\"pt-0\">\n<div class=\"gizmo-bot-avatar flex h-8 w-8 items-center justify-center overflow-hidden rounded-full\">\n<div class=\"relative p-1 rounded-sm flex items-center justify-center bg-token-main-surface-primary text-token-text-primary h-8 w-8\"><\/div>\n<\/div>\n<\/div>\n<\/div>\n<\/div>\n<div class=\"group\/conversation-turn relative flex w-full min-w-0 flex-col agent-turn\">\n<div class=\"flex-col gap-1 md:gap-3\">\n<div class=\"flex max-w-full flex-col flex-grow\">\n<div class=\"min-h-8 text-message flex w-full flex-col items-end gap-2 whitespace-normal break-words [.text-message+&amp;]:mt-5\" dir=\"auto\" data-message-author-role=\"assistant\" data-message-id=\"f226d3fc-81f3-46d5-8c46-31787fff0357\">\n<div class=\"flex w-full flex-col gap-1 empty:hidden first:pt-[3px]\">\n<div class=\"markdown prose w-full break-words dark:prose-invert light\">\n<p><strong>1.Koliko udisaja pru\u017ea jednokratni vape VAPME CROWN BAR 18000?<\/strong><br \/>\nVAPME CROWN BAR 18000 pru\u017ea do 18000 udisaja, daleko prema\u0161uju\u0107i kapacitet tipi\u010dnih jednokratnih vape-a.<\/p>\n<p><strong>2. Koji su okusi dostupni u jednokratnom vapeu VAPME CROWN BAR 18000?<\/strong><br \/>\nPopularni okusi su Ledena borovnica, Ledeni mango, Jagoda lubenica, Breskva limunada i Ledeno gro\u017e\u0111e.<\/p>\n<p><strong>3. Je li VAPME CROWN BAR 18000 prikladan za po\u010detnike?<\/strong><br \/>\nDa, VAPME CROWN BAR 18000 je savr\u0161en za po\u010detnike sa svojim jednostavnim dizajnom bez gumba - samo udahnite da biste zapo\u010deli s vapingom.<\/p>\n<p><strong>4. Kako trebam skladi\u0161titi svoj jednokratni vape VAPME CROWN BAR 18000?<\/strong><br \/>\n\u010cuvajte svoj ure\u0111aj na hladnom, suhom mjestu, daleko od izravne sun\u010deve svjetlosti i izvan dohvata djece i ku\u0107nih ljubimaca.<\/p>\n<p><strong>5. Koliko dugo traje VAPME CROWN BAR 18000?<\/strong><br \/>\nS kapacitetom od 18.000 udisaja, VAPME CROWN BAR 18000 mo\u017ee trajati nekoliko tjedana, ovisno o upotrebi.<\/p>\n<\/div>\n<\/div>\n<\/div>\n<\/div>\n<\/div>\n<\/div>\n<p>&nbsp;<\/p>\n<h3><b>\u010cesto postavljana pitanja<\/b><\/h3>\n<p>&nbsp;<\/p>\n<div class=\"flex-shrink-0 flex flex-col relative items-end\">\n<div>\n<div class=\"pt-0\">\n<div class=\"gizmo-bot-avatar flex h-8 w-8 items-center justify-center overflow-hidden rounded-full\">\n<div class=\"relative p-1 rounded-sm flex items-center justify-center bg-token-main-surface-primary text-token-text-primary h-8 w-8\"><strong>Koje se metode dostave koriste?<\/strong><\/div>\n<\/div>\n<\/div>\n<\/div>\n<\/div>\n<div class=\"group\/conversation-turn relative flex w-full min-w-0 flex-col agent-turn\">\n<div class=\"flex-col gap-1 md:gap-3\">\n<div class=\"flex max-w-full flex-col flex-grow\">\n<div class=\"min-h-[20px] text-message flex w-full flex-col items-end gap-2 whitespace-normal break-words [.text-message+&amp;]:mt-5 overflow-x-auto\" dir=\"auto\" data-message-author-role=\"assistant\" data-message-id=\"22f8283b-3233-46ff-89a5-c7a41b33abda\">\n<div class=\"flex w-full flex-col gap-1 empty:hidden first:pt-[3px]\">\n<div class=\"markdown prose w-full break-words dark:prose-invert light\">\n<p>Sura\u0111ujemo s UPS-om, DHL-om, FedEx-om, DPD-om i drugim vode\u0107im prijevoznicima. Odabrat \u0107emo najbolju metodu dostave na temelju va\u0161e lokacije kako bismo osigurali da svoje proizvode primite \u0161to je prije mogu\u0107e.<\/p>\n<\/div>\n<p><strong>Koliko vremena je potrebno za isporuku?<\/strong><\/p>\n<p>Paketi poslani u Hrvatsku obi\u010dno sti\u017eu unutar 10 radnih dana. Dostava u europske zemlje op\u0107enito traje oko 12-15 radnih dana. Pru\u017eit \u0107emo vam a\u017euriranja o statusu va\u0161e po\u0161iljke u stvarnom vremenu.<\/p>\n<\/div>\n<p><strong>Jamstvo<\/strong><\/p>\n<p><span style=\"color: #ff0000\"><strong>Svi proizvodi u na\u0161oj trgovini su 100% originalni i autenti\u010dni. Nudimo 10 puta ve\u0107u od\u0161tetu za la\u017enu robu!<\/strong><\/span><\/p>\n<div class=\"flex w-full flex-col gap-1 empty:hidden first:pt-[3px]\">\n<p>&nbsp;<\/p>\n<\/div>\n<\/div>\n<\/div>\n<\/div>\n<\/div>\n<p>&nbsp;<\/p>\n<p>Ostali popularni vape ure\u0111aji koji bi vam se mogli svidjeti:<\/p>\n<p>&nbsp;<\/p>\n<p><a href=\"https:\/\/rmvapesale.com\/hr\/product\/original-randm-vape-digital-puff-12000-fumot-factory-price\/\"><strong>Randm Digital 12000 udisaja<\/strong><\/a><\/p>\n<p><strong><a href=\"https:\/\/rmvapesale.com\/hr\/product\/waspe-25000-puffs-disposable-vape-rechargeable-hot-sale\/\">Waspe 25000 udisaja <\/a><\/strong><\/p>\n<p><a href=\"https:\/\/rmvapesale.com\/hr\/product\/waspe-12000-puffs-disposable-vape-pen\/\"><strong>WASPE 12000 udisaja\u00a0<\/strong><\/a><\/p>\n<p><a href=\"https:\/\/rmvapesale.com\/hr\/product\/vapme-crystal-7000-puffs-rechargeable-disposable-vape-price\/\"><strong>Vapme Crystal 7000 Puffs<\/strong><\/a><\/p>\n<p>&nbsp;<\/p>\n<p>&nbsp;<\/p>\n<p>Prona\u0111ite vi\u0161e Vape proizvoda koji bi vam se mogli svidjeti:<strong><em><a href=\"https:\/\/rmvapesale.com\/hr\/shop-2\/\">kupite sada &gt;&gt;&gt;<\/a><\/em><\/strong><\/p>","protected":false},"excerpt":{"rendered":"<p>Vapme Crown Bar Pro Max Shisha 18000 jednokratni Vape<br \/>\nOriginal Vapme Crown Bar 18000 Puffs PRO Max<br \/>\nVapme Crown Bar 18000 Puffs Vape s niskim udjelom nikotina<\/p>\n<p><strong>Kontaktirajte Amy za vi\u0161e popusta i pravi odgovor<\/strong><\/p>\n<p><img loading=\"lazy\" decoding=\"async\" class=\"size-full wp-image-1978\" src=\"https:\/\/rmvapesale.com\/wp-content\/uploads\/2024\/09\/Disposable-Vape-Wholesale.jpg\" alt=\"Veleprodaja jednokratnih vejpova\" width=\"229\" height=\"300\" \/><\/p>\n<h3><span style=\"color: #ff0000\"><strong>WhatsApp: +86 17776015835<\/strong><\/span><\/h3>","protected":false},"featured_media":2191,"comment_status":"open","ping_status":"closed","template":"","meta":{"_uag_custom_page_level_css":"","_lmt_disableupdate":"no","_lmt_disable":"","site-sidebar-layout":"default","site-content-layout":"content-boxed-container","ast-site-content-layout":"normal-width-container","site-content-style":"boxed","site-sidebar-style":"unboxed","ast-global-header-display":"","ast-banner-title-visibility":"","ast-main-header-display":"","ast-hfb-above-header-display":"","ast-hfb-below-header-display":"","ast-hfb-mobile-header-display":"","site-post-title":"","ast-breadcrumbs-content":"","ast-featured-img":"","footer-sml-layout":"","theme-transparent-header-meta":"default","adv-header-id-meta":"","stick-header-meta":"","header-above-stick-meta":"","header-main-stick-meta":"","header-below-stick-meta":"","astra-migrate-meta-layouts":"set","ast-page-background-enabled":"default","ast-page-background-meta":{"desktop":{"background-color":"var(--ast-global-color-4)","background-image":"","background-repeat":"repeat","background-position":"center center","background-size":"auto","background-attachment":"scroll","background-type":"","background-media":"","overlay-type":"","overlay-color":"","overlay-opacity":"","overlay-gradient":""},"tablet":{"background-color":"","background-image":"","background-repeat":"repeat","background-position":"center center","background-size":"auto","background-attachment":"scroll","background-type":"","background-media":"","overlay-type":"","overlay-color":"","overlay-opacity":"","overlay-gradient":""},"mobile":{"background-color":"","background-image":"","background-repeat":"repeat","background-position":"center center","background-size":"auto","background-attachment":"scroll","background-type":"","background-media":"","overlay-type":"","overlay-color":"","overlay-opacity":"","overlay-gradient":""}},"ast-content-background-meta":{"desktop":{"background-color":"var(--ast-global-color-5)","background-image":"","background-repeat":"repeat","background-position":"center center","background-size":"auto","background-attachment":"scroll","background-type":"","background-media":"","overlay-type":"","overlay-color":"","overlay-opacity":"","overlay-gradient":""},"tablet":{"background-color":"var(--ast-global-color-5)","background-image":"","background-repeat":"repeat","background-position":"center center","background-size":"auto","background-attachment":"scroll","background-type":"","background-media":"","overlay-type":"","overlay-color":"","overlay-opacity":"","overlay-gradient":""},"mobile":{"background-color":"var(--ast-global-color-5)","background-image":"","background-repeat":"repeat","background-position":"center center","background-size":"auto","background-attachment":"scroll","background-type":"","background-media":"","overlay-type":"","overlay-color":"","overlay-opacity":"","overlay-gradient":""}},"_joinchat":[]},"product_brand":[],"product_cat":[15,289,291,292,293,295,296,299,281,25,123,26,28,135,27,137,136,30],"product_tag":[99,101,105,54,106],"class_list":{"0":"post-2196","1":"product","2":"type-product","3":"status-publish","4":"has-post-thumbnail","6":"product_cat-new-vape-this-week","7":"product_cat-big-puffs-disposable-vapes","8":"product_cat-dual-mesh-disposable-vapes","9":"product_cat-digital-disposable-vapes","10":"product_cat-low-nicotine-disposable-vapes","11":"product_cat-rechargeable-disposable-vapes","12":"product_cat-shisha-hookah-disposable-vapes","13":"product_cat-smart-screen-disposable-vapes","14":"product_cat-vapme-vape","15":"product_cat-germany-best-selling-vape","16":"product_cat-italy-wholesale-vape","17":"product_cat-netherlands-hot-sale-vape","18":"product_cat-poland-hot-sale-vape","19":"product_cat-spain-best-hot-sale-vape","20":"product_cat-fance-hot-sale-vape","21":"product_cat-rechargeable-vapes","22":"product_cat-smart-screen-vapes","23":"product_cat-minimum-order-quantity-50pcs","24":"product_tag-disposable-vape-wholesale","25":"product_tag-led-display-vape","26":"product_tag-nicotine-free-disposable-vape","27":"product_tag-rechargeable-disposable-vape","28":"product_tag-vapme-crown-bar-18000","29":"desktop-align-left","30":"tablet-align-left","31":"mobile-align-left","33":"first","34":"instock","35":"sale","36":"shipping-taxable","37":"purchasable","38":"product-type-simple"},"uagb_featured_image_src":{"full":["https:\/\/rmvapesale.com\/wp-content\/uploads\/2024\/09\/VAPME-Crown-Bar-18000-Disposable-Vape.jpg",800,800,false],"thumbnail":["https:\/\/rmvapesale.com\/wp-content\/uploads\/2024\/09\/VAPME-Crown-Bar-18000-Disposable-Vape-150x150.jpg",150,150,true],"medium":["https:\/\/rmvapesale.com\/wp-content\/uploads\/2024\/09\/VAPME-Crown-Bar-18000-Disposable-Vape-300x300.jpg",300,300,true],"medium_large":["https:\/\/rmvapesale.com\/wp-content\/uploads\/2024\/09\/VAPME-Crown-Bar-18000-Disposable-Vape-768x768.jpg",768,768,true],"large":["https:\/\/rmvapesale.com\/wp-content\/uploads\/2024\/09\/VAPME-Crown-Bar-18000-Disposable-Vape.jpg",800,800,false],"1536x1536":["https:\/\/rmvapesale.com\/wp-content\/uploads\/2024\/09\/VAPME-Crown-Bar-18000-Disposable-Vape.jpg",800,800,false],"2048x2048":["https:\/\/rmvapesale.com\/wp-content\/uploads\/2024\/09\/VAPME-Crown-Bar-18000-Disposable-Vape.jpg",800,800,false],"trp-custom-language-flag":["https:\/\/rmvapesale.com\/wp-content\/uploads\/2024\/09\/VAPME-Crown-Bar-18000-Disposable-Vape.jpg",12,12,false],"woocommerce_thumbnail":["https:\/\/rmvapesale.com\/wp-content\/uploads\/2024\/09\/VAPME-Crown-Bar-18000-Disposable-Vape-300x300.jpg",300,300,true],"woocommerce_single":["https:\/\/rmvapesale.com\/wp-content\/uploads\/2024\/09\/VAPME-Crown-Bar-18000-Disposable-Vape-600x600.jpg",600,600,true],"woocommerce_gallery_thumbnail":["https:\/\/rmvapesale.com\/wp-content\/uploads\/2024\/09\/VAPME-Crown-Bar-18000-Disposable-Vape-100x100.jpg",100,100,true],"wcpr-photo-reviews":["https:\/\/rmvapesale.com\/wp-content\/uploads\/2024\/09\/VAPME-Crown-Bar-18000-Disposable-Vape.jpg",500,500,false]},"uagb_author_info":{"display_name":"AMY","author_link":"https:\/\/rmvapesale.com\/hr\/author\/"},"uagb_comment_info":0,"uagb_excerpt":"Vapme Crown Bar Pro Max Shisha 18000 Disposable Vape Original Vapme Crown Bar 18000 Puff PRO Max Vapme Crown Bar 18000 Puffs Low Nicotine Vape Contact Amy For More Discount And Right Reply WhatsApp: +86 17776015835","_links":{"self":[{"href":"https:\/\/rmvapesale.com\/hr\/wp-json\/wp\/v2\/product\/2196","targetHints":{"allow":["GET"]}}],"collection":[{"href":"https:\/\/rmvapesale.com\/hr\/wp-json\/wp\/v2\/product"}],"about":[{"href":"https:\/\/rmvapesale.com\/hr\/wp-json\/wp\/v2\/types\/product"}],"replies":[{"embeddable":true,"href":"https:\/\/rmvapesale.com\/hr\/wp-json\/wp\/v2\/comments?post=2196"}],"wp:featuredmedia":[{"embeddable":true,"href":"https:\/\/rmvapesale.com\/hr\/wp-json\/wp\/v2\/media\/2191"}],"wp:attachment":[{"href":"https:\/\/rmvapesale.com\/hr\/wp-json\/wp\/v2\/media?parent=2196"}],"wp:term":[{"taxonomy":"product_brand","embeddable":true,"href":"https:\/\/rmvapesale.com\/hr\/wp-json\/wp\/v2\/product_brand?post=2196"},{"taxonomy":"product_cat","embeddable":true,"href":"https:\/\/rmvapesale.com\/hr\/wp-json\/wp\/v2\/product_cat?post=2196"},{"taxonomy":"product_tag","embeddable":true,"href":"https:\/\/rmvapesale.com\/hr\/wp-json\/wp\/v2\/product_tag?post=2196"}],"curies":[{"name":"wp","href":"https:\/\/api.w.org\/{rel}","templated":true}]}}