{"id":2246,"date":"2024-09-30T01:30:54","date_gmt":"2024-09-30T01:30:54","guid":{"rendered":"https:\/\/rmvapesale.com\/?post_type=product&#038;p=2246"},"modified":"2025-01-21T09:55:50","modified_gmt":"2025-01-21T09:55:50","slug":"mesii-visual-box-16000-puffs-disposable-vape-full-screen","status":"publish","type":"product","link":"https:\/\/rmvapesale.com\/hr\/product\/mesii-visual-box-16000-puffs-disposable-vape-full-screen\/","title":{"rendered":"MESii Visual Box 16000 Puffs Jednokratni Vape Puni Zaslon"},"content":{"rendered":"<div class=\"B2VR9 CJHX3e\">\n<div class=\"wyccme\">\n<h1 class=\"LC20lb MBeuO DKV0Md\">MESii Visual Box 16000 Puffs Jednokratni Vape Puni Zaslon<\/h1>\n<p>Predstavljamo MESii Visual Box 16000 Puffs Jednokratni vaporizator s punim zaslonom\u2014najnapredniji ure\u0111aj osmi\u0161ljen za dugotrajan, visokou\u010dinkovit do\u017eivljaj vapinga. S impresivnih 16.000 udisaja i kapacitetom od 20ML e-teku\u0107ine, ovaj jednokratni vaporizator pru\u017ea dugotrajnost i prakti\u010dnost. Napajan s 600mAh punjivom baterijom s USB-C brzim punjenjem od 45 minuta.<\/p>\n<p>Dvoslojna mre\u017easta grija\u010dica osigurava glatki, dosljedni oblak pare, dok puni zaslon pru\u017ea klju\u010dne informacije na prvi pogled, uklju\u010duju\u0107i digitalni indikator teku\u0107ine, inteligentni indikator snage i pametno tajmeriranje vapinga. Prilagodite svoje iskustvo s podesivim protokom zraka, \u010detiri na\u010dina grijanja i dje\u010djim sigurnosnim zaklju\u010davanjem za dodatnu sigurnost.<\/p>\n<p>Podignite svoj vaping s MESii Visual Box\u2014gdje se tehnologija, prakti\u010dnost i sigurnost spajaju za vrhunski do\u017eivljaj vapinga.<\/p>\n<\/div>\n<\/div>\n<p><strong>Kontaktirajte Amy da dobijete pravi odgovor i vi\u0161e videozapisa o proizvodu!<\/strong><\/p>\n<p><img loading=\"lazy\" decoding=\"async\" class=\"size-full wp-image-1978\" src=\"https:\/\/rmvapesale.com\/wp-content\/uploads\/2024\/09\/Disposable-Vape-Wholesale.jpg\" alt=\"Veleprodaja jednokratnih vejpova\" width=\"229\" height=\"300\" \/><\/p>\n<h3><span style=\"color: #ff0000\"><strong>WhatsApp: +86 17776015835<\/strong><\/span><\/h3>\n<p>&nbsp;<\/p>\n<h2><\/h2>\n<h2><strong>Klju\u010dne zna\u010dajke MESii Visual Box 16000 Puffs<\/strong><\/h2>\n<p>16000 udisaja<br \/>\n20ML teku\u0107ine<br \/>\n600mAh punjiva baterija<br \/>\nDvostruka mre\u017easta spirala<br \/>\nPotpuni zaslon<br \/>\nPodesiva protok zraka<br \/>\nDje\u010dje sigurnosno zaklju\u010davanje<br \/>\nInteligentni indikator snage<br \/>\n\u010cetiri na\u010dina grijanja<br \/>\nPametni tajmer vapinga<br \/>\nDigitalni indikator teku\u0107ine<br \/>\nUSB-C 45 minuta brzo punjenje<\/p>\n<h2><\/h2>\n<h2><strong>Najbolji okus za MESii Visual Box 16000 Puffs<\/strong><\/h2>\n<p>MESii Visual Box 16000 Puffs jednokratni ulo\u0161ak nudi 15 ukusnih okusa, odaberite iz raznih, uklju\u010duju\u0107i klasi\u010dnu duhan, osvje\u017eavaju\u0107i hladni mentol i egzoti\u010dnu slatko\u0107u manga, svaki obe\u0107ava bogato, zadovoljavaju\u0107e iskustvo s svakim udisajem.<\/p>\n<p>1. Oluja Borovnice<br \/>\n2. Plavi Razz Led<span style=\"color: #ff0000\"><strong>&gt;&gt;&gt;&gt;Vru\u0107e!<\/strong><\/span><br \/>\n3. Miami Mint<br \/>\n4. Breskva Led<br \/>\n5. Lubenica Led<br \/>\n6. Zmajevo Vo\u0107e Banana Tre\u0161nja<br \/>\n7. Mije\u0161ano Bobi\u010dasto Vo\u0107e<span style=\"color: #ff0000\"><strong>&gt;&gt;&gt;&gt;Vru\u0107e!<\/strong><\/span><br \/>\n8. Kisela Jabuka Led<br \/>\n9. Ananas Kokos<br \/>\n10. Malina Lubenica<br \/>\n11. \u017dvaka\u0107a Guma Lubenica<br \/>\n12. Jagoda Lubenica<br \/>\n13. Jagoda Malina Tre\u0161nja<span style=\"color: #ff0000\"><strong>&gt;&gt;&gt;&gt;Najbolje!<\/strong><\/span><br \/>\n14. Gro\u017e\u0111e Led<br \/>\n15. Jagoda Kiwi<span style=\"color: #ff0000\"><strong>&gt;&gt;&gt;&gt;Vru\u0107e!<\/strong><\/span><\/p>\n<figure id=\"attachment_2241\" aria-describedby=\"caption-attachment-2241\" style=\"width: 300px\" class=\"wp-caption alignnone\"><img loading=\"lazy\" decoding=\"async\" class=\"size-medium wp-image-2241\" src=\"https:\/\/rmvapesale.com\/wp-content\/uploads\/2024\/09\/Mesii-16000-Puffs-Dispsoable-Vape-Flavour-300x300.png\" alt=\"Mesii 16000 Puffs Jednokratni Vape Okus\" width=\"300\" height=\"300\" srcset=\"https:\/\/rmvapesale.com\/wp-content\/uploads\/2024\/09\/Mesii-16000-Puffs-Dispsoable-Vape-Flavour-300x300.png 300w, https:\/\/rmvapesale.com\/wp-content\/uploads\/2024\/09\/Mesii-16000-Puffs-Dispsoable-Vape-Flavour-150x150.png 150w, https:\/\/rmvapesale.com\/wp-content\/uploads\/2024\/09\/Mesii-16000-Puffs-Dispsoable-Vape-Flavour-768x768.png 768w, https:\/\/rmvapesale.com\/wp-content\/uploads\/2024\/09\/Mesii-16000-Puffs-Dispsoable-Vape-Flavour-600x600.png 600w, https:\/\/rmvapesale.com\/wp-content\/uploads\/2024\/09\/Mesii-16000-Puffs-Dispsoable-Vape-Flavour-100x100.png 100w, https:\/\/rmvapesale.com\/wp-content\/uploads\/2024\/09\/Mesii-16000-Puffs-Dispsoable-Vape-Flavour.png 788w\" sizes=\"auto, (max-width: 300px) 100vw, 300px\" \/><figcaption id=\"caption-attachment-2241\" class=\"wp-caption-text\">Mesii 16000 Puffs Jednokratni Vape Okus<\/figcaption><\/figure>\n<h2><strong>Pitanja koja biste mo\u017eda \u017eeljeli znati o MESii Visual Box 16000 Puffs<\/strong><\/h2>\n<p>&nbsp;<\/p>\n<div class=\"flex-shrink-0 flex flex-col relative items-end\">\n<div>\n<div class=\"pt-0\">\n<div class=\"gizmo-bot-avatar flex h-8 w-8 items-center justify-center overflow-hidden rounded-full\">\n<div class=\"relative p-1 rounded-sm flex items-center justify-center bg-token-main-surface-primary text-token-text-primary h-8 w-8\"><\/div>\n<\/div>\n<\/div>\n<\/div>\n<\/div>\n<div class=\"group\/conversation-turn relative flex w-full min-w-0 flex-col agent-turn\">\n<div class=\"flex-col gap-1 md:gap-3\">\n<div class=\"flex max-w-full flex-col flex-grow\">\n<div class=\"min-h-8 text-message flex w-full flex-col items-end gap-2 whitespace-normal break-words [.text-message+&amp;]:mt-5\" dir=\"auto\" data-message-author-role=\"assistant\" data-message-id=\"f226d3fc-81f3-46d5-8c46-31787fff0357\">\n<div class=\"flex w-full flex-col gap-1 empty:hidden first:pt-[3px]\">\n<div class=\"markdown prose w-full break-words dark:prose-invert light\">\n<p><strong>1. Koliko puffova pru\u017ea MESii Visual Box 16000 Puffs<\/strong><strong>\u00a0jednokratni vape?<\/strong><br \/>\nMESii Visual Box 16000 Puffs pru\u017ea do 16000 puffova, \u0161to daleko prema\u0161uje kapacitet tipi\u010dnih jednokratnih vape ure\u0111aja.<\/p>\n<p><strong>2. Koji su okusi dostupni u MESii Visual Box 16000 Puffs jednokratnoj vape olovci?<\/strong><br \/>\nPopularni okusi uklju\u010duju Blueberry Storm, Blue Razz led, Miami Mint, Mije\u0161ano bobi\u010dasto vo\u0107e, Kiselog zelena jabuka led, JagodaMalina Tre\u0161nja itd.<\/p>\n<p><strong>3. Je li MESii Visual Box 16000 Pufova prikladan za po\u010detnike?<\/strong><br \/>\nDa, savr\u0161en je za po\u010detnike sa svojim jednostavnim dizajnom bez gumba - samo udahnite za po\u010detak vapinga.<\/p>\n<p><strong>4. Kako trebam pohraniti svoj jednokratni vape?<\/strong><br \/>\n\u010cuvajte svoj ure\u0111aj na hladnom, suhom mjestu, daleko od izravne sun\u010deve svjetlosti i izvan dohvata djece i ku\u0107nih ljubimaca.<\/p>\n<p><strong>5. Koliko dugo traje MESii Visual Box 16000 Pufova?<\/strong><br \/>\nS kapacitetom od 16.000 pufova, MESii Visual Box 16000 Pufova mo\u017ee trajati nekoliko tjedana, ovisno o kori\u0161tenju.<\/p>\n<\/div>\n<\/div>\n<\/div>\n<\/div>\n<\/div>\n<\/div>\n<p>&nbsp;<\/p>\n<h3><b>\u010cesto postavljana pitanja<\/b><\/h3>\n<p>&nbsp;<\/p>\n<div class=\"flex-shrink-0 flex flex-col relative items-end\">\n<div>\n<div class=\"pt-0\">\n<div class=\"gizmo-bot-avatar flex h-8 w-8 items-center justify-center overflow-hidden rounded-full\">\n<div class=\"relative p-1 rounded-sm flex items-center justify-center bg-token-main-surface-primary text-token-text-primary h-8 w-8\"><strong>Koje se metode dostave koriste?<\/strong><\/div>\n<\/div>\n<\/div>\n<\/div>\n<\/div>\n<div class=\"group\/conversation-turn relative flex w-full min-w-0 flex-col agent-turn\">\n<div class=\"flex-col gap-1 md:gap-3\">\n<div class=\"flex max-w-full flex-col flex-grow\">\n<div class=\"min-h-[20px] text-message flex w-full flex-col items-end gap-2 whitespace-normal break-words [.text-message+&amp;]:mt-5 overflow-x-auto\" dir=\"auto\" data-message-author-role=\"assistant\" data-message-id=\"22f8283b-3233-46ff-89a5-c7a41b33abda\">\n<div class=\"flex w-full flex-col gap-1 empty:hidden first:pt-[3px]\">\n<div class=\"markdown prose w-full break-words dark:prose-invert light\">\n<p>Sura\u0111ujemo s UPS-om, DHL-om, FedEx-om, DPD-om i drugim vode\u0107im prijevoznicima. Odabrat \u0107emo najbolju metodu dostave na temelju va\u0161e lokacije kako bismo osigurali da svoje proizvode primite \u0161to je prije mogu\u0107e.<\/p>\n<\/div>\n<p><strong>Koliko vremena je potrebno za isporuku?<\/strong><\/p>\n<p>Paketi poslani u Hrvatsku obi\u010dno sti\u017eu unutar 10 radnih dana. Dostava u europske zemlje op\u0107enito traje oko 12-15 radnih dana. Pru\u017eit \u0107emo vam a\u017euriranja o statusu va\u0161e po\u0161iljke u stvarnom vremenu.<\/p>\n<\/div>\n<p><strong>Jamstvo<\/strong><\/p>\n<p><span style=\"color: #ff0000\"><strong>Svi proizvodi u na\u0161oj trgovini su 100% originalni i autenti\u010dni. Nudimo 10 puta ve\u0107u od\u0161tetu za la\u017enu robu!<\/strong><\/span><\/p>\n<div class=\"flex w-full flex-col gap-1 empty:hidden first:pt-[3px]\">\n<p>&nbsp;<\/p>\n<\/div>\n<\/div>\n<\/div>\n<\/div>\n<\/div>\n<p>&nbsp;<\/p>\n<p>Ostali popularni vape ure\u0111aji koji bi vam se mogli svidjeti:<\/p>\n<p>&nbsp;<\/p>\n<p><a href=\"https:\/\/rmvapesale.com\/hr\/product\/original-randm-vape-digital-puff-12000-fumot-factory-price\/\"><strong>VOZOL Gear 20000 Dimnih Oblika<span style=\"color: #ff0000\">&gt;&gt;&gt;&gt;kreni!<\/span><\/strong><\/a><\/p>\n<p><strong><a href=\"https:\/\/rmvapesale.com\/hr\/product\/randm-tornado-15000-puffs-15k-vape-recharge-fumot-original-vape-factory-price\/\">VOPK Tornado 15000 Puffs<\/a><a href=\"https:\/\/rmvapesale.com\/hr\/product\/original-randm-vape-digital-puff-12000-fumot-factory-price\/\"><span style=\"color: #ff0000\">&gt;&gt;&gt;&gt;kreni!<\/span><\/a><\/strong><\/p>\n<p><a href=\"https:\/\/rmvapesale.com\/hr\/product\/vapme-crystal-7000-puffs-rechargeable-disposable-vape-price\/\"><strong>Vapme Crystal 7000 Puffs<a href=\"https:\/\/rmvapesale.com\/hr\/product\/original-randm-vape-digital-puff-12000-fumot-factory-price\/\"><span style=\"color: #ff0000\">&gt;&gt;&gt;&gt;kreni!<\/span><\/a><\/strong><\/a><\/p>\n<p><a href=\"https:\/\/rmvapesale.com\/hr\/product\/uzy-crystal-pro-max-10k-puffs-disposable-vape-pen-wholesale\/\"><strong>UZY Crystal Pro Max 10k Pufova<a href=\"https:\/\/rmvapesale.com\/hr\/product\/original-randm-vape-digital-puff-12000-fumot-factory-price\/\"><span style=\"color: #ff0000\">&gt;&gt;&gt;&gt;kreni!<\/span><\/a><\/strong><\/a><\/p>\n<p>&nbsp;<\/p>\n<p>&nbsp;<\/p>\n<p>Prona\u0111ite vi\u0161e Vape proizvoda koji bi vam se mogli svidjeti:<strong><em><a href=\"https:\/\/rmvapesale.com\/hr\/shop-2\/\">kupite sada &gt;&gt;&gt;<\/a><\/em><\/strong><\/p>","protected":false},"excerpt":{"rendered":"<p>MESii Visual Boxx 16K 16000 Puffs Jednokratni vaporizator<br \/>\nMESii Visual Box 16000 Puffs Jednokratni vaporizator s ulo\u0161kom<br \/>\nMesii Visual Box 16000 Puffs 0%2%3%5% Nikotinska e-cigaretica<\/p>\n<p><strong>Kontaktirajte Amy za vi\u0161e popusta i pravi odgovor<\/strong><\/p>\n<p><img loading=\"lazy\" decoding=\"async\" class=\"size-full wp-image-1978\" src=\"https:\/\/rmvapesale.com\/wp-content\/uploads\/2024\/09\/Disposable-Vape-Wholesale.jpg\" alt=\"Veleprodaja jednokratnih vejpova\" width=\"229\" height=\"300\" \/><\/p>\n<h3><span style=\"color: #ff0000\"><strong>WhatsApp: +86 17776015835<\/strong><\/span><\/h3>","protected":false},"featured_media":2239,"comment_status":"open","ping_status":"closed","template":"","meta":{"_uag_custom_page_level_css":"","_lmt_disableupdate":"no","_lmt_disable":"","site-sidebar-layout":"default","site-content-layout":"content-boxed-container","ast-site-content-layout":"normal-width-container","site-content-style":"boxed","site-sidebar-style":"unboxed","ast-global-header-display":"","ast-banner-title-visibility":"","ast-main-header-display":"","ast-hfb-above-header-display":"","ast-hfb-below-header-display":"","ast-hfb-mobile-header-display":"","site-post-title":"","ast-breadcrumbs-content":"","ast-featured-img":"","footer-sml-layout":"","theme-transparent-header-meta":"default","adv-header-id-meta":"","stick-header-meta":"","header-above-stick-meta":"","header-main-stick-meta":"","header-below-stick-meta":"","astra-migrate-meta-layouts":"set","ast-page-background-enabled":"default","ast-page-background-meta":{"desktop":{"background-color":"var(--ast-global-color-4)","background-image":"","background-repeat":"repeat","background-position":"center center","background-size":"auto","background-attachment":"scroll","background-type":"","background-media":"","overlay-type":"","overlay-color":"","overlay-opacity":"","overlay-gradient":""},"tablet":{"background-color":"","background-image":"","background-repeat":"repeat","background-position":"center center","background-size":"auto","background-attachment":"scroll","background-type":"","background-media":"","overlay-type":"","overlay-color":"","overlay-opacity":"","overlay-gradient":""},"mobile":{"background-color":"","background-image":"","background-repeat":"repeat","background-position":"center center","background-size":"auto","background-attachment":"scroll","background-type":"","background-media":"","overlay-type":"","overlay-color":"","overlay-opacity":"","overlay-gradient":""}},"ast-content-background-meta":{"desktop":{"background-color":"var(--ast-global-color-5)","background-image":"","background-repeat":"repeat","background-position":"center center","background-size":"auto","background-attachment":"scroll","background-type":"","background-media":"","overlay-type":"","overlay-color":"","overlay-opacity":"","overlay-gradient":""},"tablet":{"background-color":"var(--ast-global-color-5)","background-image":"","background-repeat":"repeat","background-position":"center center","background-size":"auto","background-attachment":"scroll","background-type":"","background-media":"","overlay-type":"","overlay-color":"","overlay-opacity":"","overlay-gradient":""},"mobile":{"background-color":"var(--ast-global-color-5)","background-image":"","background-repeat":"repeat","background-position":"center center","background-size":"auto","background-attachment":"scroll","background-type":"","background-media":"","overlay-type":"","overlay-color":"","overlay-opacity":"","overlay-gradient":""}},"_joinchat":[]},"product_brand":[],"product_cat":[15,292,293,295,299,25,123,26,28,135,27,31,61,137,136],"product_tag":[114,99,111,105,54,115],"class_list":{"0":"post-2246","1":"product","2":"type-product","3":"status-publish","4":"has-post-thumbnail","6":"product_cat-new-vape-this-week","7":"product_cat-digital-disposable-vapes","8":"product_cat-low-nicotine-disposable-vapes","9":"product_cat-rechargeable-disposable-vapes","10":"product_cat-smart-screen-disposable-vapes","11":"product_cat-germany-best-selling-vape","12":"product_cat-italy-wholesale-vape","13":"product_cat-netherlands-hot-sale-vape","14":"product_cat-poland-hot-sale-vape","15":"product_cat-spain-best-hot-sale-vape","16":"product_cat-fance-hot-sale-vape","17":"product_cat-randm-fumot-vape","18":"product_cat-15000-puffs-disposable-vapes","19":"product_cat-rechargeable-vapes","20":"product_cat-smart-screen-vapes","21":"product_tag-disposable-vape-pod","22":"product_tag-disposable-vape-wholesale","23":"product_tag-low-nicotine-disposable-vape","24":"product_tag-nicotine-free-disposable-vape","25":"product_tag-rechargeable-disposable-vape","26":"product_tag-smart-screen-disposable-vape","27":"desktop-align-left","28":"tablet-align-left","29":"mobile-align-left","31":"first","32":"instock","33":"sale","34":"shipping-taxable","35":"purchasable","36":"product-type-simple"},"uagb_featured_image_src":{"full":["https:\/\/rmvapesale.com\/wp-content\/uploads\/2024\/09\/Mesii-16000-Dispsoable-Vape.png",788,788,false],"thumbnail":["https:\/\/rmvapesale.com\/wp-content\/uploads\/2024\/09\/Mesii-16000-Dispsoable-Vape-150x150.png",150,150,true],"medium":["https:\/\/rmvapesale.com\/wp-content\/uploads\/2024\/09\/Mesii-16000-Dispsoable-Vape-300x300.png",300,300,true],"medium_large":["https:\/\/rmvapesale.com\/wp-content\/uploads\/2024\/09\/Mesii-16000-Dispsoable-Vape-768x768.png",768,768,true],"large":["https:\/\/rmvapesale.com\/wp-content\/uploads\/2024\/09\/Mesii-16000-Dispsoable-Vape.png",788,788,false],"1536x1536":["https:\/\/rmvapesale.com\/wp-content\/uploads\/2024\/09\/Mesii-16000-Dispsoable-Vape.png",788,788,false],"2048x2048":["https:\/\/rmvapesale.com\/wp-content\/uploads\/2024\/09\/Mesii-16000-Dispsoable-Vape.png",788,788,false],"trp-custom-language-flag":["https:\/\/rmvapesale.com\/wp-content\/uploads\/2024\/09\/Mesii-16000-Dispsoable-Vape.png",12,12,false],"woocommerce_thumbnail":["https:\/\/rmvapesale.com\/wp-content\/uploads\/2024\/09\/Mesii-16000-Dispsoable-Vape-300x300.png",300,300,true],"woocommerce_single":["https:\/\/rmvapesale.com\/wp-content\/uploads\/2024\/09\/Mesii-16000-Dispsoable-Vape-600x600.png",600,600,true],"woocommerce_gallery_thumbnail":["https:\/\/rmvapesale.com\/wp-content\/uploads\/2024\/09\/Mesii-16000-Dispsoable-Vape-100x100.png",100,100,true],"wcpr-photo-reviews":["https:\/\/rmvapesale.com\/wp-content\/uploads\/2024\/09\/Mesii-16000-Dispsoable-Vape.png",500,500,false]},"uagb_author_info":{"display_name":"AMY","author_link":"https:\/\/rmvapesale.com\/hr\/author\/"},"uagb_comment_info":0,"uagb_excerpt":"MESii Visual Boxx 16K 16000 Puffs Disposable Vape MESii Visual Box 16000 Puffs Disposable Vape Pod Mesii Visual Box 16000 Puffs 0%2%3%5% Nicotine E-cigarette Contact Amy For More Discount And Right Reply WhatsApp: +86 17776015835","_links":{"self":[{"href":"https:\/\/rmvapesale.com\/hr\/wp-json\/wp\/v2\/product\/2246","targetHints":{"allow":["GET"]}}],"collection":[{"href":"https:\/\/rmvapesale.com\/hr\/wp-json\/wp\/v2\/product"}],"about":[{"href":"https:\/\/rmvapesale.com\/hr\/wp-json\/wp\/v2\/types\/product"}],"replies":[{"embeddable":true,"href":"https:\/\/rmvapesale.com\/hr\/wp-json\/wp\/v2\/comments?post=2246"}],"wp:featuredmedia":[{"embeddable":true,"href":"https:\/\/rmvapesale.com\/hr\/wp-json\/wp\/v2\/media\/2239"}],"wp:attachment":[{"href":"https:\/\/rmvapesale.com\/hr\/wp-json\/wp\/v2\/media?parent=2246"}],"wp:term":[{"taxonomy":"product_brand","embeddable":true,"href":"https:\/\/rmvapesale.com\/hr\/wp-json\/wp\/v2\/product_brand?post=2246"},{"taxonomy":"product_cat","embeddable":true,"href":"https:\/\/rmvapesale.com\/hr\/wp-json\/wp\/v2\/product_cat?post=2246"},{"taxonomy":"product_tag","embeddable":true,"href":"https:\/\/rmvapesale.com\/hr\/wp-json\/wp\/v2\/product_tag?post=2246"}],"curies":[{"name":"wp","href":"https:\/\/api.w.org\/{rel}","templated":true}]}}