{"id":2253,"date":"2024-09-30T03:05:21","date_gmt":"2024-09-30T03:05:21","guid":{"rendered":"https:\/\/rmvapesale.com\/?post_type=product&#038;p=2253"},"modified":"2025-01-21T09:56:32","modified_gmt":"2025-01-21T09:56:32","slug":"uzy-vaper-9000-puffs-disposable-vape-pod-wholesale","status":"publish","type":"product","link":"https:\/\/rmvapesale.com\/hr\/product\/uzy-vaper-9000-puffs-disposable-vape-pod-wholesale\/","title":{"rendered":"UZY Vaper 9000 Udi\u0161nih Kapljica Jednokratni Vape Pod na Veliko"},"content":{"rendered":"<div class=\"B2VR9 CJHX3e\">\n<div class=\"wyccme\">\n<h1 class=\"LC20lb MBeuO DKV0Md\">UZY Vaper 9000 Udi\u0161nih Kapljica Jednokratni Vape Pod na Veliko<\/h1>\n<p>Predstavljamo <strong>UZY Vaper 9000 Udi\u0161nih Kapljica Jednokratni Vape Pod<\/strong>, visokokapacitetni, punjivi ure\u0111aj koji nudi do <strong>9000 dimnih<\/strong>. Dostupno u <strong>0%<\/strong>, <strong>2%<\/strong>, <strong>3%<\/strong>, i <strong>5% nikotina<\/strong> ja\u010dinama, zadovoljava razne preferencije. Dizajniran za prakti\u010dnost i odr\u017eivost, <strong>UZY Vaper 9000<\/strong> nudi glatko, aromati\u010dno iskustvo pu\u0161enja s nizom <strong>ukusnih okusa<\/strong>, od egzoti\u010dnog vo\u0107a do osvje\u017eavaju\u0107e mente. Njegova mogu\u0107nost punjenja osigurava produ\u017eenu uporabu, \u0161to \u010dini savr\u0161enu ravnote\u017eu izme\u0111u inovacije i jednostavnosti. Podignite svoje iskustvo pu\u0161enja s <strong>UZY Vaper 9000<\/strong>\u2014gdje se svestranost susre\u0107e sa zadovoljstvom.<\/p>\n<\/div>\n<\/div>\n<p><strong>Kontaktirajte Amy da dobijete pravi odgovor i vi\u0161e videozapisa o proizvodu!<\/strong><\/p>\n<p><img loading=\"lazy\" decoding=\"async\" class=\"size-full wp-image-1978\" src=\"https:\/\/rmvapesale.com\/wp-content\/uploads\/2024\/09\/Disposable-Vape-Wholesale.jpg\" alt=\"Veleprodaja jednokratnih vejpova\" width=\"229\" height=\"300\" \/><\/p>\n<h3><span style=\"color: #ff0000\"><strong>WhatsApp: +86 17776015835<\/strong><\/span><\/h3>\n<p>&nbsp;<\/p>\n<h2><\/h2>\n<h2>UZY Vaper 9000 Puffs Jednokratni ure\u0111aj Klju\u010dne zna\u010dajke<\/h2>\n<p>850mAh Ugra\u0111ena baterija<br \/>\nPunjiva<br \/>\nU\u010dinkovita i dosljedna isporuka snage<br \/>\n18ml unaprijed napunjenog E-soka<br \/>\n0% 2% 3% 5% Razina nikotina<br \/>\nZadovoljava gotovo 9000 dimnih<br \/>\nPodesivi protok zraka<br \/>\nRGB svjetlo<\/p>\n<figure id=\"attachment_2250\" aria-describedby=\"caption-attachment-2250\" style=\"width: 800px\" class=\"wp-caption alignnone\"><img loading=\"lazy\" decoding=\"async\" class=\"wp-image-2250 size-full\" src=\"https:\/\/rmvapesale.com\/wp-content\/uploads\/2024\/09\/UZY-Vaper-9000-Puffs-Disposable-Vape-Wholesale.jpg\" alt=\"UZY Vaper 9000 Puffs Jednokratni ure\u0111aj na veliko\" width=\"800\" height=\"800\" srcset=\"https:\/\/rmvapesale.com\/wp-content\/uploads\/2024\/09\/UZY-Vaper-9000-Puffs-Disposable-Vape-Wholesale.jpg 800w, https:\/\/rmvapesale.com\/wp-content\/uploads\/2024\/09\/UZY-Vaper-9000-Puffs-Disposable-Vape-Wholesale-300x300.jpg 300w, https:\/\/rmvapesale.com\/wp-content\/uploads\/2024\/09\/UZY-Vaper-9000-Puffs-Disposable-Vape-Wholesale-150x150.jpg 150w, https:\/\/rmvapesale.com\/wp-content\/uploads\/2024\/09\/UZY-Vaper-9000-Puffs-Disposable-Vape-Wholesale-768x768.jpg 768w, https:\/\/rmvapesale.com\/wp-content\/uploads\/2024\/09\/UZY-Vaper-9000-Puffs-Disposable-Vape-Wholesale-600x600.jpg 600w, https:\/\/rmvapesale.com\/wp-content\/uploads\/2024\/09\/UZY-Vaper-9000-Puffs-Disposable-Vape-Wholesale-100x100.jpg 100w\" sizes=\"auto, (max-width: 800px) 100vw, 800px\" \/><figcaption id=\"caption-attachment-2250\" class=\"wp-caption-text\">UZY Vaper 9000 Puffs Jednokratni ure\u0111aj na veliko<\/figcaption><\/figure>\n<h2><strong>Najbolji okus za UZY Vaper 9000 Puffs<\/strong><\/h2>\n<p>UZY QUTE 800 Puf Jednokratni vaporizator s pod ure\u0111ajem nudi 20 ukusnih okusa, odaberite iz raznih okusa, uklju\u010duju\u0107i klasi\u010dnu duhan, osvje\u017eavaju\u0107i hladni mentol i egzoti\u010dnu slatko\u0107u gro\u017e\u0111a, svaki obe\u0107ava bogato i zadovoljavaju\u0107e iskustvo s svakim pufom.<\/p>\n<p>01. Borovnica Malina<span style=\"color: #ff0000\"><strong>&gt;&gt;&gt;&gt;Vru\u0107e!<\/strong><\/span><br \/>\n02. Gospodin Plavi<span style=\"color: #ff0000\"><strong>&gt;&gt;&gt;&gt;Najbolje!<\/strong><\/span><br \/>\n03. Jagoda Lubenica<br \/>\n04. Breskva Mango Ananas<br \/>\n05. Kiwi Pasijefruit Guava<span style=\"color: #ff0000\"><strong>&gt;&gt;&gt;&gt;Vru\u0107e!<\/strong><\/span><br \/>\n06. Vi\u0161nja Led<br \/>\n07. Jagoda Led<br \/>\n08. Lubenica Led<br \/>\n09. Gro\u017e\u0111e Led<br \/>\n10. Borovnica Led<br \/>\n11. Mije\u0161ano Bobi\u010dasto Vo\u0107e<span style=\"color: #ff0000\"><strong>&gt;&gt;&gt;&gt;Vru\u0107e!<\/strong><\/span><br \/>\n12. Ledena breskva<br \/>\n13. Breskva Bobica<br \/>\n14. Jagoda Malina Vi\u0161nja Led<br \/>\n15. Jagoda Banana<span style=\"color: #ff0000\"><strong>&gt;&gt;&gt;&gt;Vru\u0107e!<\/strong><\/span><\/p>\n<p>&nbsp;<\/p>\n<h2><strong>Pitanja koja biste mogli imati o UZY Vaper 9000 Jednokratni Vaping ure\u0111aj<\/strong><\/h2>\n<p>&nbsp;<\/p>\n<div class=\"flex-shrink-0 flex flex-col relative items-end\">\n<div>\n<div class=\"pt-0\">\n<div class=\"gizmo-bot-avatar flex h-8 w-8 items-center justify-center overflow-hidden rounded-full\">\n<div class=\"relative p-1 rounded-sm flex items-center justify-center bg-token-main-surface-primary text-token-text-primary h-8 w-8\"><\/div>\n<\/div>\n<\/div>\n<\/div>\n<\/div>\n<div class=\"group\/conversation-turn relative flex w-full min-w-0 flex-col agent-turn\">\n<div class=\"flex-col gap-1 md:gap-3\">\n<div class=\"flex max-w-full flex-col flex-grow\">\n<div class=\"min-h-8 text-message flex w-full flex-col items-end gap-2 whitespace-normal break-words [.text-message+&amp;]:mt-5\" dir=\"auto\" data-message-author-role=\"assistant\" data-message-id=\"f226d3fc-81f3-46d5-8c46-31787fff0357\">\n<div class=\"flex w-full flex-col gap-1 empty:hidden first:pt-[3px]\">\n<div class=\"markdown prose w-full break-words dark:prose-invert light\">\n<p><strong>1. Koliko udaha pru\u017ea UZY Vaper 9000<\/strong><strong>\u00a0jednokratni vape?<\/strong><br \/>\nUZY Vaper 9000 pru\u017ea do 12000 udaha, daleko prema\u0161uju\u0107i kapacitet tipi\u010dnih jednokratnih vape ure\u0111aja.<\/p>\n<p><strong>2. Koje okuse su dostupni u Vaper 9000 jednokratnoj olovci?<\/strong><br \/>\nPopularni okusi uklju\u010duju Lubenica Led, Mr Blue, Trostruki Mango, Jagoda Led, Crvena Energija, Mije\u0161ano Bobi\u010dasto vo\u0107e itd.<\/p>\n<p><strong>3. Je li Vaper 9000 prikladan za po\u010detnike?<\/strong><br \/>\nDa, savr\u0161en je za po\u010detnike sa svojim jednostavnim dizajnom bez gumba - samo udahnite za po\u010detak vapinga.<\/p>\n<p><strong>4. Kako trebam pohraniti svoj jednokratni vape?<\/strong><br \/>\n\u010cuvajte svoj ure\u0111aj na hladnom, suhom mjestu, daleko od izravne sun\u010deve svjetlosti i izvan dohvata djece i ku\u0107nih ljubimaca.<\/p>\n<p><strong>5. Koliko dugo traje Vaper 9000?<\/strong><br \/>\nS kapacitetom od 9.000 udaha, UZY Vaper 9000 mo\u017ee trajati nekoliko tjedana, ovisno o kori\u0161tenju.<\/p>\n<\/div>\n<\/div>\n<\/div>\n<\/div>\n<\/div>\n<\/div>\n<p>&nbsp;<\/p>\n<h3><b>\u010cesto postavljana pitanja<\/b><\/h3>\n<p>&nbsp;<\/p>\n<div class=\"flex-shrink-0 flex flex-col relative items-end\">\n<div>\n<div class=\"pt-0\">\n<div class=\"gizmo-bot-avatar flex h-8 w-8 items-center justify-center overflow-hidden rounded-full\">\n<div class=\"relative p-1 rounded-sm flex items-center justify-center bg-token-main-surface-primary text-token-text-primary h-8 w-8\"><strong>Koje se metode dostave koriste?<\/strong><\/div>\n<\/div>\n<\/div>\n<\/div>\n<\/div>\n<div class=\"group\/conversation-turn relative flex w-full min-w-0 flex-col agent-turn\">\n<div class=\"flex-col gap-1 md:gap-3\">\n<div class=\"flex max-w-full flex-col flex-grow\">\n<div class=\"min-h-[20px] text-message flex w-full flex-col items-end gap-2 whitespace-normal break-words [.text-message+&amp;]:mt-5 overflow-x-auto\" dir=\"auto\" data-message-author-role=\"assistant\" data-message-id=\"22f8283b-3233-46ff-89a5-c7a41b33abda\">\n<div class=\"flex w-full flex-col gap-1 empty:hidden first:pt-[3px]\">\n<div class=\"markdown prose w-full break-words dark:prose-invert light\">\n<p>Sura\u0111ujemo s UPS-om, DHL-om, FedEx-om, DPD-om i drugim vode\u0107im prijevoznicima. Odabrat \u0107emo najbolju metodu dostave na temelju va\u0161e lokacije kako bismo osigurali da svoje proizvode primite \u0161to je prije mogu\u0107e.<\/p>\n<\/div>\n<p><strong>Koliko vremena je potrebno za isporuku?<\/strong><\/p>\n<p>Paketi poslani u Hrvatsku obi\u010dno sti\u017eu unutar 10 radnih dana. Dostava u europske zemlje op\u0107enito traje oko 12-15 radnih dana. Pru\u017eit \u0107emo vam a\u017euriranja o statusu va\u0161e po\u0161iljke u stvarnom vremenu.<\/p>\n<\/div>\n<p><strong>Jamstvo<\/strong><\/p>\n<p><span style=\"color: #ff0000\"><strong>Svi proizvodi u na\u0161oj trgovini su 100% originalni i autenti\u010dni. Nudimo 10 puta ve\u0107u od\u0161tetu za la\u017enu robu!<\/strong><\/span><\/p>\n<div class=\"flex w-full flex-col gap-1 empty:hidden first:pt-[3px]\">\n<p>&nbsp;<\/p>\n<\/div>\n<\/div>\n<\/div>\n<\/div>\n<\/div>\n<p>&nbsp;<\/p>\n<p>Ostali popularni vape ure\u0111aji koji bi vam se mogli svidjeti:<\/p>\n<p>&nbsp;<\/p>\n<p><a href=\"https:\/\/rmvapesale.com\/hr\/product\/original-randm-vape-digital-puff-12000-fumot-factory-price\/\"><strong>VOZOL Gear 20000 Dimnih Oblika\u00a0 <span style=\"color: #ff0000\">&gt;&gt;&gt;&gt;kreni!<\/span><\/strong><\/a><\/p>\n<p><strong><a href=\"https:\/\/rmvapesale.com\/hr\/product\/uzy-bang-king-12000-puffs-disposable-vape-20-flavors\/\">UZY Bang King 12000 Udaha <span style=\"color: #ff0000\">&gt;&gt;&gt;&gt;kreni!<\/span><\/a>\u00a0<\/strong><\/p>\n<p><a href=\"https:\/\/rmvapesale.com\/hr\/product\/vapme-crystal-7000-puffs-rechargeable-disposable-vape-price\/\"><strong>Vapme Crystal 7000 Puffs <span style=\"color: #ff0000\">&gt;&gt;&gt;&gt;kreni!<\/span><\/strong><\/a><\/p>\n<p>&nbsp;<\/p>\n<p>&nbsp;<\/p>\n<p>Prona\u0111ite vi\u0161e Vape proizvoda koji bi vam se mogli svidjeti:<strong><em><a href=\"https:\/\/rmvapesale.com\/hr\/shop-2\/\">kupite sada &gt;&gt;&gt;<\/a><\/em><\/strong><\/p>","protected":false},"excerpt":{"rendered":"<p>UZY Vaper 9000 Puffs Jednokratni Vape 15 okusa na skladi\u0161tu<br \/>\nUZY Vaper 9000 Puffs 0% 2% 3% 5% Nikotinska punjiva<br \/>\nTvornica na veliko UZY Vaper 9000 Puffs Vape Pod<\/p>\n<p><strong>Kontaktirajte Amy za vi\u0161e popusta i pravi odgovor<\/strong><\/p>\n<p><img loading=\"lazy\" decoding=\"async\" class=\"size-full wp-image-1978\" src=\"https:\/\/rmvapesale.com\/wp-content\/uploads\/2024\/09\/Disposable-Vape-Wholesale.jpg\" alt=\"Veleprodaja jednokratnih vejpova\" width=\"229\" height=\"300\" \/><\/p>\n<h3><span style=\"color: #ff0000\"><strong>WhatsApp: +86 17776015835<\/strong><\/span><\/h3>","protected":false},"featured_media":2248,"comment_status":"open","ping_status":"closed","template":"","meta":{"_uag_custom_page_level_css":"","_lmt_disableupdate":"no","_lmt_disable":"","site-sidebar-layout":"default","site-content-layout":"content-boxed-container","ast-site-content-layout":"normal-width-container","site-content-style":"boxed","site-sidebar-style":"unboxed","ast-global-header-display":"","ast-banner-title-visibility":"","ast-main-header-display":"","ast-hfb-above-header-display":"","ast-hfb-below-header-display":"","ast-hfb-mobile-header-display":"","site-post-title":"","ast-breadcrumbs-content":"","ast-featured-img":"","footer-sml-layout":"","ast-disable-related-posts":"","theme-transparent-header-meta":"default","adv-header-id-meta":"","stick-header-meta":"","header-above-stick-meta":"","header-main-stick-meta":"","header-below-stick-meta":"","astra-migrate-meta-layouts":"set","ast-page-background-enabled":"default","ast-page-background-meta":{"desktop":{"background-color":"var(--ast-global-color-4)","background-image":"","background-repeat":"repeat","background-position":"center center","background-size":"auto","background-attachment":"scroll","background-type":"","background-media":"","overlay-type":"","overlay-color":"","overlay-opacity":"","overlay-gradient":""},"tablet":{"background-color":"","background-image":"","background-repeat":"repeat","background-position":"center center","background-size":"auto","background-attachment":"scroll","background-type":"","background-media":"","overlay-type":"","overlay-color":"","overlay-opacity":"","overlay-gradient":""},"mobile":{"background-color":"","background-image":"","background-repeat":"repeat","background-position":"center center","background-size":"auto","background-attachment":"scroll","background-type":"","background-media":"","overlay-type":"","overlay-color":"","overlay-opacity":"","overlay-gradient":""}},"ast-content-background-meta":{"desktop":{"background-color":"var(--ast-global-color-5)","background-image":"","background-repeat":"repeat","background-position":"center center","background-size":"auto","background-attachment":"scroll","background-type":"","background-media":"","overlay-type":"","overlay-color":"","overlay-opacity":"","overlay-gradient":""},"tablet":{"background-color":"var(--ast-global-color-5)","background-image":"","background-repeat":"repeat","background-position":"center center","background-size":"auto","background-attachment":"scroll","background-type":"","background-media":"","overlay-type":"","overlay-color":"","overlay-opacity":"","overlay-gradient":""},"mobile":{"background-color":"var(--ast-global-color-5)","background-image":"","background-repeat":"repeat","background-position":"center center","background-size":"auto","background-attachment":"scroll","background-type":"","background-media":"","overlay-type":"","overlay-color":"","overlay-opacity":"","overlay-gradient":""}},"_joinchat":[]},"product_brand":[],"product_cat":[15,52,27,25,123,293,30,26,28,295,137,136,135,287],"product_tag":[99,111,105,117,116],"class_list":{"0":"post-2253","1":"product","2":"type-product","3":"status-publish","4":"has-post-thumbnail","6":"product_cat-new-vape-this-week","7":"product_cat-9000-puffs-disposable-vapes","8":"product_cat-fance-hot-sale-vape","9":"product_cat-germany-best-selling-vape","10":"product_cat-italy-wholesale-vape","11":"product_cat-low-nicotine-disposable-vapes","12":"product_cat-minimum-order-quantity-50pcs","13":"product_cat-netherlands-hot-sale-vape","14":"product_cat-poland-hot-sale-vape","15":"product_cat-rechargeable-disposable-vapes","16":"product_cat-rechargeable-vapes","17":"product_cat-smart-screen-vapes","18":"product_cat-spain-best-hot-sale-vape","19":"product_cat-uzy-vape","20":"product_tag-disposable-vape-wholesale","21":"product_tag-low-nicotine-disposable-vape","22":"product_tag-nicotine-free-disposable-vape","23":"product_tag-uzy-vape","24":"product_tag-vapes","25":"desktop-align-left","26":"tablet-align-left","27":"mobile-align-left","29":"first","30":"instock","31":"sale","32":"shipping-taxable","33":"purchasable","34":"product-type-simple"},"uagb_featured_image_src":{"full":["https:\/\/rmvapesale.com\/wp-content\/uploads\/2024\/09\/UZY-Vaper-9000-Puffs-Disposable-Vape-Pod.jpg",800,800,false],"thumbnail":["https:\/\/rmvapesale.com\/wp-content\/uploads\/2024\/09\/UZY-Vaper-9000-Puffs-Disposable-Vape-Pod-150x150.jpg",150,150,true],"medium":["https:\/\/rmvapesale.com\/wp-content\/uploads\/2024\/09\/UZY-Vaper-9000-Puffs-Disposable-Vape-Pod-300x300.jpg",300,300,true],"medium_large":["https:\/\/rmvapesale.com\/wp-content\/uploads\/2024\/09\/UZY-Vaper-9000-Puffs-Disposable-Vape-Pod-768x768.jpg",768,768,true],"large":["https:\/\/rmvapesale.com\/wp-content\/uploads\/2024\/09\/UZY-Vaper-9000-Puffs-Disposable-Vape-Pod.jpg",800,800,false],"1536x1536":["https:\/\/rmvapesale.com\/wp-content\/uploads\/2024\/09\/UZY-Vaper-9000-Puffs-Disposable-Vape-Pod.jpg",800,800,false],"2048x2048":["https:\/\/rmvapesale.com\/wp-content\/uploads\/2024\/09\/UZY-Vaper-9000-Puffs-Disposable-Vape-Pod.jpg",800,800,false],"trp-custom-language-flag":["https:\/\/rmvapesale.com\/wp-content\/uploads\/2024\/09\/UZY-Vaper-9000-Puffs-Disposable-Vape-Pod.jpg",12,12,false],"woocommerce_thumbnail":["https:\/\/rmvapesale.com\/wp-content\/uploads\/2024\/09\/UZY-Vaper-9000-Puffs-Disposable-Vape-Pod-300x300.jpg",300,300,true],"woocommerce_single":["https:\/\/rmvapesale.com\/wp-content\/uploads\/2024\/09\/UZY-Vaper-9000-Puffs-Disposable-Vape-Pod-600x600.jpg",600,600,true],"woocommerce_gallery_thumbnail":["https:\/\/rmvapesale.com\/wp-content\/uploads\/2024\/09\/UZY-Vaper-9000-Puffs-Disposable-Vape-Pod-100x100.jpg",100,100,true],"wcpr-photo-reviews":["https:\/\/rmvapesale.com\/wp-content\/uploads\/2024\/09\/UZY-Vaper-9000-Puffs-Disposable-Vape-Pod.jpg",500,500,false]},"uagb_author_info":{"display_name":"AMY","author_link":"https:\/\/rmvapesale.com\/hr\/author\/"},"uagb_comment_info":0,"uagb_excerpt":"UZY Vaper 9000 Puffs Disposable Vape 15 Flavors in Stock UZY Vaper 9000 Puffs 0% 2% 3% 5% Nicotine Rechargeable Factory Wholesale UZY Vaper 9000 Puffs Vape Pod Contact Amy For More Discount And Right Reply WhatsApp: +86 17776015835","_links":{"self":[{"href":"https:\/\/rmvapesale.com\/hr\/wp-json\/wp\/v2\/product\/2253","targetHints":{"allow":["GET"]}}],"collection":[{"href":"https:\/\/rmvapesale.com\/hr\/wp-json\/wp\/v2\/product"}],"about":[{"href":"https:\/\/rmvapesale.com\/hr\/wp-json\/wp\/v2\/types\/product"}],"replies":[{"embeddable":true,"href":"https:\/\/rmvapesale.com\/hr\/wp-json\/wp\/v2\/comments?post=2253"}],"wp:featuredmedia":[{"embeddable":true,"href":"https:\/\/rmvapesale.com\/hr\/wp-json\/wp\/v2\/media\/2248"}],"wp:attachment":[{"href":"https:\/\/rmvapesale.com\/hr\/wp-json\/wp\/v2\/media?parent=2253"}],"wp:term":[{"taxonomy":"product_brand","embeddable":true,"href":"https:\/\/rmvapesale.com\/hr\/wp-json\/wp\/v2\/product_brand?post=2253"},{"taxonomy":"product_cat","embeddable":true,"href":"https:\/\/rmvapesale.com\/hr\/wp-json\/wp\/v2\/product_cat?post=2253"},{"taxonomy":"product_tag","embeddable":true,"href":"https:\/\/rmvapesale.com\/hr\/wp-json\/wp\/v2\/product_tag?post=2253"}],"curies":[{"name":"wp","href":"https:\/\/api.w.org\/{rel}","templated":true}]}}