{"id":2320,"date":"2024-10-10T01:23:26","date_gmt":"2024-10-10T01:23:26","guid":{"rendered":"https:\/\/rmvapesale.com\/?post_type=product&#038;p=2320"},"modified":"2024-10-10T09:25:15","modified_gmt":"2024-10-10T09:25:15","slug":"elf-box-digital-12000-puffs-led-display-disposable-vape","status":"publish","type":"product","link":"https:\/\/rmvapesale.com\/hr\/product\/elf-box-digital-12000-puffs-led-display-disposable-vape\/","title":{"rendered":"ELF BOX Digital 12000 Puffs LED Display jednokratni Vape"},"content":{"rendered":"<div class=\"B2VR9 CJHX3e\">\n<div class=\"wyccme\">\n<h1 class=\"LC20lb MBeuO DKV0Md\">ELF BOX Digital 12000 Pufova LED zaslon Jednokratni vaporizatori na veliko<\/h1>\n<div class=\"flex-shrink-0 flex flex-col relative items-end\">\n<div>\n<div class=\"pt-0\">\n<div class=\"gizmo-bot-avatar flex h-8 w-8 items-center justify-center overflow-hidden rounded-full\">\n<div class=\"relative p-1 rounded-sm flex items-center justify-center bg-token-main-surface-primary text-token-text-primary h-8 w-8\">\n<p>Pripremite se za podizanje va\u0161e vape igre s <strong>ELF BOX Digital 12000 Puffs LED Display jednokratni Vape<\/strong>! Ovaj vaporizator pru\u017ea nevjerojatnu <strong>12.000 udisaja<\/strong>, pru\u017eaju\u0107i vam dugotrajno zadovoljstvo bez potrebe za stalnim zamjenama. Savr\u0161en za svakodnevnu upotrebu, dizajniran je za udobnost i performanse.<\/p>\n<p>S <strong>Kapacitet e-tekuc\u0301ine od 23 ml<\/strong> i <strong>0.8ohm mre\u017eastoj zavojnici<\/strong>, o\u010dekujte glatke, ukusne udare svaki put kada vaporizirate. Odaberite izme\u0111u <strong>0%, 2%, 3% ili 5% nikotinskih ja\u010dina<\/strong> kako biste prilagodili svoje iskustvo to\u010dno prema \u017eelji.<\/p>\n<p>Ugra\u0111eni <strong>LED digitalni zaslon<\/strong> dr\u017ei vas informiranim o stanju baterije i razini e-tekuc\u0301ine, tako da uvijek imate kontrolu. Plus, s <strong>500mAh punjivom baterijom<\/strong> i <strong>Type-C punjenje<\/strong>, mo\u017eete brzo napuniti i nastaviti vaporizirati cijeli dan.<\/p>\n<p>Idealno za kupce na veliko, <strong>ELF BOX Digital 12000<\/strong> je savr\u0161en za one koji \u017eele vrhunske performanse u elegantnom, jednostavnom pakiranju. Nabavite zalihe odmah i pru\u017eite svojim kupcima vaporizator koji \u0107e voljeti!<\/p>\n<p>Naru\u010dite svoj <strong>ELF BOX Digital 12000 LED zaslon Jednokratni vaporizator na veliko<\/strong> danas i dodajte ovaj nezaobilazan ure\u0111aj u svoj inventar!<\/p>\n<p>&nbsp;<\/p>\n<\/div>\n<\/div>\n<\/div>\n<\/div>\n<\/div>\n<\/div>\n<\/div>\n<p><strong>Kontaktirajte Amy da dobijete pravi odgovor i vi\u0161e videozapisa o proizvodu!<\/strong><\/p>\n<p><img loading=\"lazy\" decoding=\"async\" class=\"size-full wp-image-1978\" src=\"https:\/\/rmvapesale.com\/wp-content\/uploads\/2024\/09\/Disposable-Vape-Wholesale.jpg\" alt=\"Veleprodaja jednokratnih vejpova\" width=\"229\" height=\"300\" \/><\/p>\n<h3><a href=\"https:\/\/wa.me\/8617776015835\" target=\"_blank\" rel=\"noopener\"><span style=\"color: #ff0000\"><strong>WhatsApp: +86 17776015835<\/strong><\/span><\/a><\/h3>\n<p>&nbsp;<\/p>\n<h2><\/h2>\n<h2><strong>ELF BOX Digital 12000 Pufova Vape Klju\u010dne Zna\u010dajke<\/strong><\/h2>\n<p>&nbsp;<\/p>\n<ul>\n<li><strong>Veliki broj uvla\u010denja<\/strong>: U\u017eivajte do 12.000 pufova za dugotrajan i neprekinut do\u017eivljaj vapinga.<\/li>\n<li><strong>Kapacitet e-teku\u0107ine<\/strong>: S tankom od 23 ml mo\u017eete dulje vapati bez potrebe za \u010destim dopunjavanjem.<\/li>\n<li><strong>Punjiva baterija<\/strong>: Napaja ga baterija od 500mAh, koja osigurava dugotrajan rad i jednostavno punjenje.<\/li>\n<li><strong>Punjenje Type-C<\/strong>: Brzo i u\u010dinkovito punite pomo\u0107u modernog Type-C priklju\u010dka.<\/li>\n<li><strong>Tehnologija mre\u017easte zavojnice<\/strong>: Iskusite pobolj\u0161ani okus i glatku proizvodnju pare s mesh grija\u010dem od 0.8ohma.<\/li>\n<li><strong>cURL Too many subrequests.<\/strong>: Ostanite u toku s pametnim digitalnim zaslonom koji prikazuje razinu baterije i teku\u0107ine.<\/li>\n<li><strong>Opcije nikotina<\/strong>: Dostupno u nikotinskim ja\u010dinama 0%, 2%, 3% i 5%, za va\u0161e potrebe vapinga.<\/li>\n<\/ul>\n<h2><\/h2>\n<h2><strong>Vrhunski okus za ELF BOX Digital 12000 Pufova E cigarete\u00a0<\/strong><\/h2>\n<p>ELF BOX Digital 12000 Pufova LED zaslon jednokratni vape nudi 12 ukusnih okusa, birajte izme\u0111u raznih okusa, uklju\u010duju\u0107i klasi\u010dni osvje\u017eavaju\u0107i hladni mentol i egzoti\u010dnu slatko\u0107u gro\u017e\u0111a, svaki obe\u0107ava bogato i zadovoljavaju\u0107e iskustvo s svakim udisajem.<\/p>\n<p>cURL Too many subrequests. <span style=\"color: #ff0000\"><strong>&gt;&gt;&gt;&gt; Vru\u0107e!<\/strong><\/span><br \/>\n2. Led od jagode<br \/>\n3. Blue Razz Ice<br \/>\n4. Vi\u0161nja Cola <span style=\"color: #ff0000\"><strong>&gt;&gt;&gt;&gt; Vru\u0107e!<\/strong><\/span><br \/>\n5. Jagoda Eksplozija<br \/>\n6. Kokos Dinja<br \/>\n7. Kivi Pasijefrut<br \/>\n8. Mije\u0161ano Vo\u0107e <span style=\"color: #ff0000\"><strong>&gt;&gt;&gt;&gt; Najbolje!<\/strong><\/span><br \/>\n9. Borovnica Kisela Malina<br \/>\n10. Dvostruka Jabuka<br \/>\n11. Jagoda Lubenica<br \/>\n12. Lubenica \u017dvaka\u0107a Guma<br \/>\n13. Breskva Led<br \/>\n14. Jagoda Banana<br \/>\n15. Gospodin Plavi<br \/>\n16. Kupina Led<br \/>\n17. Mango Led<br \/>\n18. Gro\u017e\u0111e Led<br \/>\n19. Breskva Bobice<br \/>\n20. Jagoda Kivi Vo\u0107e<\/p>\n<figure id=\"attachment_2327\" aria-describedby=\"caption-attachment-2327\" style=\"width: 300px\" class=\"wp-caption alignnone\"><img loading=\"lazy\" decoding=\"async\" class=\"size-medium wp-image-2327\" src=\"https:\/\/rmvapesale.com\/wp-content\/uploads\/2024\/10\/Vape-Elf-Box-12000-Puffs-12K-E-cigarette-300x225.jpg\" alt=\"Vape Elf Kutija 12000 Udisaja 12K E-cigareta\" width=\"300\" height=\"225\" srcset=\"https:\/\/rmvapesale.com\/wp-content\/uploads\/2024\/10\/Vape-Elf-Box-12000-Puffs-12K-E-cigarette-300x225.jpg 300w, https:\/\/rmvapesale.com\/wp-content\/uploads\/2024\/10\/Vape-Elf-Box-12000-Puffs-12K-E-cigarette-768x576.jpg 768w, https:\/\/rmvapesale.com\/wp-content\/uploads\/2024\/10\/Vape-Elf-Box-12000-Puffs-12K-E-cigarette-600x450.jpg 600w, https:\/\/rmvapesale.com\/wp-content\/uploads\/2024\/10\/Vape-Elf-Box-12000-Puffs-12K-E-cigarette.jpg 808w\" sizes=\"auto, (max-width: 300px) 100vw, 300px\" \/><figcaption id=\"caption-attachment-2327\" class=\"wp-caption-text\">Vape Elf Kutija 12000 Udisaja 12K E-cigareta<\/figcaption><\/figure>\n<p>&nbsp;<\/p>\n<h3>Za\u0161to odabrati Rmvapesale za va\u0161 ELF BOX Digital 12000 Udisaja LED zaslon Jednokratna e-cigareta?<\/h3>\n<div class=\"flex-shrink-0 flex flex-col relative items-end\">\n<div>\n<div class=\"pt-0\">\n<div class=\"gizmo-bot-avatar flex h-8 w-8 items-center justify-center overflow-hidden rounded-full\">\n<div class=\"relative p-1 rounded-sm flex items-center justify-center bg-token-main-surface-primary text-token-text-primary h-8 w-8\">\n<p>&nbsp;<\/p>\n<p>Kada odaberete Rmvapesale za svoje veleprodajne potrebe za jednokratnim vapeovima, imat \u0107ete koristi od:<\/p>\n<ul>\n<li><strong>Konkurentna cijena<\/strong>: Ostvarite pristup atraktivnim veleprodajnim cijenama koje pove\u0107avaju va\u0161e poslovne mar\u017ee.<\/li>\n<li><strong>Visoka kvaliteta<\/strong>: Na\u0161i vapeovi izra\u0111eni su prema najvi\u0161im standardima i <span style=\"color: #ff0000\"><strong>zajam\u010deno 100% originalni i autenti\u010dni, ili \u0107e se osigurati 10 puta ve\u0107a naknada za la\u017enu robu!<\/strong><\/span><\/li>\n<li><strong>Izvrsna korisni\u010dka podr\u0161ka<\/strong>Na\u0161 posve\u0107eni tim uvijek je spreman pomo\u0107i vam, \u010dine\u0107i va\u0161 postupak kupnje jednostavnim i bezbri\u017enim.<\/li>\n<li><strong>Brzo<\/strong>O\u010dekujte brzu i pouzdanu dostavu, osiguravaju\u0107i da va\u0161e narud\u017ebe stignu na vrijeme, svaki put.<\/li>\n<\/ul>\n<h3><\/h3>\n<h3><b>\u010cesto postavljana pitanja<\/b><\/h3>\n<p>&nbsp;<\/p>\n<\/div>\n<\/div>\n<\/div>\n<\/div>\n<\/div>\n<div class=\"group\/conversation-turn relative flex w-full min-w-0 flex-col agent-turn\">\n<div class=\"flex-col gap-1 md:gap-3\">\n<div class=\"flex max-w-full flex-col flex-grow\">\n<div class=\"min-h-8 text-message flex w-full flex-col items-end gap-2 whitespace-normal break-words [.text-message+&amp;]:mt-5\" dir=\"auto\" data-message-author-role=\"assistant\" data-message-id=\"f226d3fc-81f3-46d5-8c46-31787fff0357\">\n<div class=\"flex w-full flex-col gap-1 empty:hidden first:pt-[3px]\">\n<div class=\"markdown prose w-full break-words dark:prose-invert light\">\n<p><strong>Q1: Koliko udisaja mogu dobiti iz ELF Box Digital 12000 Udisaja Jednokratne e-cigarete?<\/strong><br \/>\nO1: The <strong>ELF Box Digital 12000 Puffs Jednokratni vaporizator<\/strong> dostavlja do <strong>12.000 udisaja<\/strong>, nude\u0107i produ\u017eeno iskustvo vapinga bez potrebe za \u010destim zamjenama.<\/p>\n<p><strong>Pitanje 2: Koji su okusi dostupni za ELF Box Digital 12k E cigaretu na veliko?<\/strong><br \/>\nOdgovor 2: Mo\u017eete u\u017eivati u 20 uzbudljivih okusa, uklju\u010duju\u0107i <strong>Ledena Lubenica<\/strong>, <strong>Jagoda Banana<\/strong>, <strong>Ledena Plava Malina<\/strong>, <strong>Mango Ice<\/strong>, i <strong>Ledeno Gro\u017e\u0111e<\/strong>, samo da nabrojimo. Za svaki ukus postoji opcija!<\/p>\n<p><strong>Pitanje 3: Koliko je kapacitet e-teku\u0107ine u ELF Box Digital Box 12000 Puffs Jednokratnom vaporizatoru?<\/strong><br \/>\nOdgovor 3: Ovaj ure\u0111aj dolazi s velikim <strong>Kapacitet e-tekuc\u0301ine od 23 ml<\/strong>, osiguravaju\u0107i dugotrajnu uporabu bez \u010destih dopuna.<\/p>\n<p><strong>Pitanje 4: Koje su dostupne ja\u010dine nikotina u ELF Box Digital 12000 Puffs E cigareti?<\/strong><br \/>\nA4: Mo\u017eete odabrati izme\u0111u <strong>0%, 2%, 3% ili 5% razine nikotina<\/strong>, \u0161to olak\u0161ava pronalazak odgovaraju\u0107e ja\u010dine za va\u0161 stil vapinga.<\/p>\n<p><strong>Pitanje 5: Kako radi digitalni prikaz na ELF Box Digital Box 12k Jednokratnom vaporizatoru?<\/strong><br \/>\nOdgovor 5: The <strong>pametni digitalni prikaz<\/strong> omogu\u0107ava vam pra\u0107enje razine baterije i e-teku\u0107ine, osiguravaju\u0107i da nikada ne ostanete iznena\u0111eni.<\/p>\n<p><strong>Pitanje 6: Je li ELF Box Digital 12k E cigareta punjiva?<\/strong><br \/>\nOdgovor 6: Da, ure\u0111aj ima <strong>500mAh punjivom baterijom<\/strong> i <strong>Type-C priklju\u010dak za punjenje<\/strong> za brzo i u\u010dinkovito punjenje.<\/p>\n<p><strong>Pitanje 7: Mogu li kupiti ELF Box Digital 12000 Puffs Jednokratni vaporizator na veliko?<\/strong><br \/>\nOdgovor 7: Apsolutno! <strong>ELF Box Digital 12000 Pufova Jednokratni vaporizatori na veliko<\/strong> dostupne su opcije za one koji \u017eele kupiti na veliko i u\u017eivati u konkurentnim cijenama.<\/p>\n<p><strong>Pitanje 8: Koju tehnologiju zavojnica koristi ELF Box Digital Box 12k?<\/strong><br \/>\nOdgovor 8: Koristi <strong>0.8ohm mre\u017eastoj zavojnici<\/strong> za pobolj\u0161ani okus i glatku proizvodnju pare, osiguravaju\u0107i zadovoljavaju\u0107e iskustvo pu\u0161enja.<\/p>\n<\/div>\n<\/div>\n<\/div>\n<\/div>\n<\/div>\n<\/div>\n<p>&nbsp;<\/p>\n<h3><\/h3>\n<h3>O isporuci<\/h3>\n<div class=\"flex-shrink-0 flex flex-col relative items-end\">\n<div>\n<div class=\"pt-0\">\n<div class=\"gizmo-bot-avatar flex h-8 w-8 items-center justify-center overflow-hidden rounded-full\">\n<div><\/div>\n<div class=\"relative p-1 rounded-sm flex items-center justify-center bg-token-main-surface-primary text-token-text-primary h-8 w-8\"><strong>1. Koje metode dostave se koriste?<\/strong><\/div>\n<\/div>\n<\/div>\n<\/div>\n<\/div>\n<div class=\"group\/conversation-turn relative flex w-full min-w-0 flex-col agent-turn\">\n<div class=\"flex-col gap-1 md:gap-3\">\n<div class=\"flex max-w-full flex-col flex-grow\">\n<div class=\"min-h-[20px] text-message flex w-full flex-col items-end gap-2 whitespace-normal break-words [.text-message+&amp;]:mt-5 overflow-x-auto\" dir=\"auto\" data-message-author-role=\"assistant\" data-message-id=\"22f8283b-3233-46ff-89a5-c7a41b33abda\">\n<div class=\"flex w-full flex-col gap-1 empty:hidden first:pt-[3px]\">\n<div class=\"markdown prose w-full break-words dark:prose-invert light\">\n<p>Sura\u0111ujemo s UPS-om, DHL-om, FedEx-om, DPD-om i drugim vode\u0107im prijevoznicima. Odabrat \u0107emo najbolju metodu dostave na temelju va\u0161e lokacije kako bismo osigurali da svoje proizvode primite \u0161to je prije mogu\u0107e.<\/p>\n<\/div>\n<p><strong>2. Koliko dugo traje dostava?<\/strong><\/p>\n<p>Paketi poslani u Hrvatsku obi\u010dno sti\u017eu unutar 10 radnih dana. Dostava u europske zemlje op\u0107enito traje oko 12-15 radnih dana. Pru\u017eit \u0107emo vam a\u017euriranja o statusu va\u0161e po\u0161iljke u stvarnom vremenu.<\/p>\n<\/div>\n<\/div>\n<\/div>\n<\/div>\n<\/div>\n<p>&nbsp;<\/p>\n<p>Ostali popularni vape ure\u0111aji koji bi vam se mogli svidjeti:<\/p>\n<p><a href=\"https:\/\/rmvapesale.com\/hr\/product\/waspe-12000-puffs-disposable-vape-pen\/\"><strong>WASPE 12000 udisaja\u00a0 \u00a0<span style=\"color: #ff0000\">&gt;&gt;&gt;&gt; kreni!<\/span><\/strong><\/a><\/p>\n<p><strong><a href=\"https:\/\/rmvapesale.com\/hr\/product\/waspe-fihp-30000-puffs-led-display-disposable-vape-box\/\">WASPE FIHP 30000 Puffs <span style=\"color: #ff0000\">&gt;&gt;&gt;&gt; kreni!<\/span><\/a>\u00a0<\/strong><\/p>\n<h2 class=\"woocommerce-loop-product__title\"><a style=\"font-size: 16px\" href=\"https:\/\/rmvapesale.com\/hr\/product\/bang-box-30000-puff-double-taste-smart-screen-disposable-vape-wholesale\/\"><strong>Bang Box 30000 Udisaja Dvostruki okus <span style=\"color: #ff0000\">&gt;&gt;&gt;&gt; kreni!<\/span><\/strong><\/a><\/h2>\n<p>&nbsp;<\/p>\n<p>&nbsp;<\/p>\n<p>Prona\u0111ite vi\u0161e Vape proizvoda koji bi vam se mogli svidjeti:<strong><em><a href=\"https:\/\/rmvapesale.com\/hr\/shop-2\/\">kupite sada &gt;&gt;&gt;<\/a><\/em><\/strong><\/p>","protected":false},"excerpt":{"rendered":"<p>ELF Box Digital 12000 Pufova 0% 2% 3% 5% Niska nikotina<br \/>\nELF BOX Digital Box 12000 Pufova Jednokratne e-cigaretete<br \/>\nELF Box Digital 12000 Pufova Jednokratni vaporizatori na veliko<\/p>\n<p><img loading=\"lazy\" decoding=\"async\" class=\"size-full wp-image-1978\" src=\"https:\/\/rmvapesale.com\/wp-content\/uploads\/2024\/09\/Disposable-Vape-Wholesale.jpg\" alt=\"Veleprodaja jednokratnih vejpova\" width=\"229\" height=\"300\" \/><\/p>\n<h3><a href=\"https:\/\/wa.me\/8617776015835\"><span style=\"color: #ff0000\"><strong>WhatsApp: +86 17776015835<\/strong><\/span><\/a><\/h3>\n<p>&nbsp;<\/p>","protected":false},"featured_media":2325,"comment_status":"open","ping_status":"closed","template":"","meta":{"_uag_custom_page_level_css":"","_lmt_disableupdate":"","_lmt_disable":"","site-sidebar-layout":"default","site-content-layout":"content-boxed-container","ast-site-content-layout":"normal-width-container","site-content-style":"boxed","site-sidebar-style":"unboxed","ast-global-header-display":"","ast-banner-title-visibility":"","ast-main-header-display":"","ast-hfb-above-header-display":"","ast-hfb-below-header-display":"","ast-hfb-mobile-header-display":"","site-post-title":"","ast-breadcrumbs-content":"","ast-featured-img":"","footer-sml-layout":"","ast-disable-related-posts":"","theme-transparent-header-meta":"default","adv-header-id-meta":"","stick-header-meta":"","header-above-stick-meta":"","header-main-stick-meta":"","header-below-stick-meta":"","astra-migrate-meta-layouts":"set","ast-page-background-enabled":"default","ast-page-background-meta":{"desktop":{"background-color":"var(--ast-global-color-4)","background-image":"","background-repeat":"repeat","background-position":"center center","background-size":"auto","background-attachment":"scroll","background-type":"","background-media":"","overlay-type":"","overlay-color":"","overlay-opacity":"","overlay-gradient":""},"tablet":{"background-color":"","background-image":"","background-repeat":"repeat","background-position":"center center","background-size":"auto","background-attachment":"scroll","background-type":"","background-media":"","overlay-type":"","overlay-color":"","overlay-opacity":"","overlay-gradient":""},"mobile":{"background-color":"","background-image":"","background-repeat":"repeat","background-position":"center center","background-size":"auto","background-attachment":"scroll","background-type":"","background-media":"","overlay-type":"","overlay-color":"","overlay-opacity":"","overlay-gradient":""}},"ast-content-background-meta":{"desktop":{"background-color":"var(--ast-global-color-5)","background-image":"","background-repeat":"repeat","background-position":"center center","background-size":"auto","background-attachment":"scroll","background-type":"","background-media":"","overlay-type":"","overlay-color":"","overlay-opacity":"","overlay-gradient":""},"tablet":{"background-color":"var(--ast-global-color-5)","background-image":"","background-repeat":"repeat","background-position":"center center","background-size":"auto","background-attachment":"scroll","background-type":"","background-media":"","overlay-type":"","overlay-color":"","overlay-opacity":"","overlay-gradient":""},"mobile":{"background-color":"var(--ast-global-color-5)","background-image":"","background-repeat":"repeat","background-position":"center center","background-size":"auto","background-attachment":"scroll","background-type":"","background-media":"","overlay-type":"","overlay-color":"","overlay-opacity":"","overlay-gradient":""}},"_joinchat":[]},"product_brand":[],"product_cat":[15,60,128,27,25,123,30,26,28],"product_tag":[66,125,126,129,101,105,120],"class_list":{"0":"post-2320","1":"product","2":"type-product","3":"status-publish","4":"has-post-thumbnail","6":"product_cat-new-vape-this-week","7":"product_cat-bang-vapes","8":"product_cat-elf-box-disposable-vapes","9":"product_cat-fance-hot-sale-vape","10":"product_cat-germany-best-selling-vape","11":"product_cat-italy-wholesale-vape","12":"product_cat-minimum-order-quantity-50pcs","13":"product_cat-netherlands-hot-sale-vape","14":"product_cat-poland-hot-sale-vape","15":"product_tag-disposable-vape","16":"product_tag-disposable-vape-italy","17":"product_tag-e-cigarettes","18":"product_tag-elf-box-vape","19":"product_tag-led-display-vape","20":"product_tag-nicotine-free-disposable-vape","21":"product_tag-vape-wholesale","22":"desktop-align-left","23":"tablet-align-left","24":"mobile-align-left","26":"first","27":"instock","28":"sale","29":"shipping-taxable","30":"purchasable","31":"product-type-simple"},"uagb_featured_image_src":{"full":["https:\/\/rmvapesale.com\/wp-content\/uploads\/2024\/10\/ELF-Box-Digital-12000-Puffs-Disposable.jpg",808,808,false],"thumbnail":["https:\/\/rmvapesale.com\/wp-content\/uploads\/2024\/10\/ELF-Box-Digital-12000-Puffs-Disposable-150x150.jpg",150,150,true],"medium":["https:\/\/rmvapesale.com\/wp-content\/uploads\/2024\/10\/ELF-Box-Digital-12000-Puffs-Disposable-300x300.jpg",300,300,true],"medium_large":["https:\/\/rmvapesale.com\/wp-content\/uploads\/2024\/10\/ELF-Box-Digital-12000-Puffs-Disposable-768x768.jpg",768,768,true],"large":["https:\/\/rmvapesale.com\/wp-content\/uploads\/2024\/10\/ELF-Box-Digital-12000-Puffs-Disposable.jpg",808,808,false],"1536x1536":["https:\/\/rmvapesale.com\/wp-content\/uploads\/2024\/10\/ELF-Box-Digital-12000-Puffs-Disposable.jpg",808,808,false],"2048x2048":["https:\/\/rmvapesale.com\/wp-content\/uploads\/2024\/10\/ELF-Box-Digital-12000-Puffs-Disposable.jpg",808,808,false],"trp-custom-language-flag":["https:\/\/rmvapesale.com\/wp-content\/uploads\/2024\/10\/ELF-Box-Digital-12000-Puffs-Disposable.jpg",12,12,false],"woocommerce_thumbnail":["https:\/\/rmvapesale.com\/wp-content\/uploads\/2024\/10\/ELF-Box-Digital-12000-Puffs-Disposable-300x300.jpg",300,300,true],"woocommerce_single":["https:\/\/rmvapesale.com\/wp-content\/uploads\/2024\/10\/ELF-Box-Digital-12000-Puffs-Disposable-600x600.jpg",600,600,true],"woocommerce_gallery_thumbnail":["https:\/\/rmvapesale.com\/wp-content\/uploads\/2024\/10\/ELF-Box-Digital-12000-Puffs-Disposable-100x100.jpg",100,100,true],"wcpr-photo-reviews":["https:\/\/rmvapesale.com\/wp-content\/uploads\/2024\/10\/ELF-Box-Digital-12000-Puffs-Disposable.jpg",500,500,false]},"uagb_author_info":{"display_name":"AMY","author_link":"https:\/\/rmvapesale.com\/hr\/author\/"},"uagb_comment_info":0,"uagb_excerpt":"ELF Box Digital 12000 Puffs 0% 2% 3% 5% Low Nicotine ELF BOX Digital Box 12000 Puffs Disposable E Cigarettes ELF Box Digital 12000 Puffs Disposable Vape Wholesale WhatsApp: +86 17776015835 &nbsp;","_links":{"self":[{"href":"https:\/\/rmvapesale.com\/hr\/wp-json\/wp\/v2\/product\/2320","targetHints":{"allow":["GET"]}}],"collection":[{"href":"https:\/\/rmvapesale.com\/hr\/wp-json\/wp\/v2\/product"}],"about":[{"href":"https:\/\/rmvapesale.com\/hr\/wp-json\/wp\/v2\/types\/product"}],"replies":[{"embeddable":true,"href":"https:\/\/rmvapesale.com\/hr\/wp-json\/wp\/v2\/comments?post=2320"}],"wp:featuredmedia":[{"embeddable":true,"href":"https:\/\/rmvapesale.com\/hr\/wp-json\/wp\/v2\/media\/2325"}],"wp:attachment":[{"href":"https:\/\/rmvapesale.com\/hr\/wp-json\/wp\/v2\/media?parent=2320"}],"wp:term":[{"taxonomy":"product_brand","embeddable":true,"href":"https:\/\/rmvapesale.com\/hr\/wp-json\/wp\/v2\/product_brand?post=2320"},{"taxonomy":"product_cat","embeddable":true,"href":"https:\/\/rmvapesale.com\/hr\/wp-json\/wp\/v2\/product_cat?post=2320"},{"taxonomy":"product_tag","embeddable":true,"href":"https:\/\/rmvapesale.com\/hr\/wp-json\/wp\/v2\/product_tag?post=2320"}],"curies":[{"name":"wp","href":"https:\/\/api.w.org\/{rel}","templated":true}]}}