{"id":2351,"date":"2024-10-11T08:11:29","date_gmt":"2024-10-11T08:11:29","guid":{"rendered":"https:\/\/rmvapesale.com\/?post_type=product&#038;p=2351"},"modified":"2024-10-11T08:47:10","modified_gmt":"2024-10-11T08:47:10","slug":"bang-box-18000-puffs-led-display-disposable-vape-original","status":"publish","type":"product","link":"https:\/\/rmvapesale.com\/hr\/product\/bang-box-18000-puffs-led-display-disposable-vape-original\/","title":{"rendered":"Bang Box 18000 Puffs LED Display jednokratni vape, original"},"content":{"rendered":"<div class=\"B2VR9 CJHX3e\">\n<div class=\"wyccme\">\n<h1 class=\"LC20lb MBeuO DKV0Md\">Bang Box 18000 Puffs LED Zaslon Jednokratna Vape Originalno Izdanje<\/h1>\n<div class=\"flex-shrink-0 flex flex-col relative items-end\">\n<div class=\"pt-0\">\n<div class=\"gizmo-bot-avatar flex h-8 w-8 items-center justify-center overflow-hidden rounded-full\">\n<div class=\"relative p-1 rounded-sm flex items-center justify-center bg-token-main-surface-primary text-token-text-primary h-8 w-8\">\n<p>Bang Box 18000 Puffs je popularna jednokratna vape s LED zaslonom, savr\u0161ena za one koji \u017eele vrhunsko i dugotrajno iskustvo vapinga. S impresivnim kapacitetom od 18.000 udisaja, ovaj ure\u0111aj traje puno dulje od ve\u0107ine jednokratnih ure\u0111aja na tr\u017ei\u0161tu. Njegov izda\u0161ni spremnik za e-teku\u0107inu od 26 ml i izbor ja\u010dine nikotina 0%, 2%, 3% i 5% \u010dine ga svestranim, pogodnim i za povremene i za strastvene korisnike.<\/p>\n<p>Dizajniran za lako\u0107u i zadovoljstvo, ovaj jednokratni vape bar opremljen je punjivom baterijom od 850 mAh i brzim Type-C punjenjem, osiguravaju\u0107i da ostanete napajani tijekom cijelog dana. Istaknuti LED digitalni zaslon pru\u017ea vam informacije u stvarnom vremenu o trajanju baterije i broju udisaja, tako da mo\u017eete s lako\u0107om pratiti svoj ure\u0111aj.<\/p>\n<p>&nbsp;<\/p>\n<\/div>\n<\/div>\n<\/div>\n<\/div>\n<\/div>\n<\/div>\n<p><strong>Kontaktirajte Amy da dobijete pravi odgovor i vi\u0161e videozapisa o proizvodu!<\/strong><\/p>\n<p><img loading=\"lazy\" decoding=\"async\" class=\"size-full wp-image-1978\" src=\"https:\/\/rmvapesale.com\/wp-content\/uploads\/2024\/09\/Disposable-Vape-Wholesale.jpg\" alt=\"Veleprodaja jednokratnih vejpova\" width=\"229\" height=\"300\" \/><\/p>\n<h3><a href=\"https:\/\/wa.me\/8617776015835\" target=\"_blank\" rel=\"noopener\"><span style=\"color: #ff0000\"><strong>WhatsApp: +86 17776015835<\/strong><\/span><\/a><\/h3>\n<p>&nbsp;<\/p>\n<h2><\/h2>\n<h2><strong>Bang Box 18000 Puffs Jednokratna Vape Klju\u010dne Zna\u010dajke<\/strong><\/h2>\n<p>&nbsp;<\/p>\n<ul>\n<li><strong>18.000 Udisaja<\/strong>: S masivnim brojem od 18.000 udisaja, mo\u017eete u\u017eivati u neprekidnom vapingu tijekom duljeg razdoblja bez gnjava\u017ee oko zamjena.<\/li>\n<li><strong>Mre\u017easta Zavojnica (0.8ohm)<\/strong>: Napredna tehnologija mre\u017easte zavojnice osigurava maksimalnu aromu i proizvodnju pare, pru\u017eaju\u0107i vam gladak i aromati\u010dan udarac svaki put.<\/li>\n<li><strong>26ml Kapacitet E-Teku\u0107ine<\/strong>: Opremljen izda\u0161nim kapacitetom e-teku\u0107ine od 26 ml, smanjuje potrebu za stalnim punjenjima, nude\u0107i dugotrajnu upotrebu.<\/li>\n<li><strong>Opcije nikotina<\/strong>: Birajte izme\u0111u <strong>0%, 2%, 3% ili 5% nikotina<\/strong> kako biste prilagodili svoje iskustvo vapinga i udovoljili svojim osobnim preferencijama.<\/li>\n<li><strong>850 mAh punjiva baterija<\/strong>: Sna\u017ena ugra\u0111ena baterija od 850 mAh osigurava da ostanete napajani tijekom cijelog dana, a s <strong>Type-C brzo punjenje<\/strong>Type-C brzim punjenjem<\/li>\n<li><strong>, vratit \u0107ete se vapingu u tren oka.<\/strong>: Ostanite pod kontrolom s intuitivnim <strong>LED zaslon<\/strong> koji prikazuje vitalne informacije poput preostalog trajanja baterije i razine e-teku\u0107ine, \u0161to olak\u0161ava pra\u0107enje va\u0161eg ure\u0111aja.<\/li>\n<\/ul>\n<figure id=\"attachment_2352\" aria-describedby=\"caption-attachment-2352\" style=\"width: 600px\" class=\"wp-caption alignnone\"><img loading=\"lazy\" decoding=\"async\" class=\"wp-image-2352\" src=\"https:\/\/rmvapesale.com\/wp-content\/uploads\/2024\/10\/Bang-Box-18000-Puffs-Disposable-Vape-Wholesale.jpg\" alt=\"Veleprodaja jednokratnih vape ure\u0111aja Bang Box 18000 Puffs\" width=\"600\" height=\"600\" srcset=\"https:\/\/rmvapesale.com\/wp-content\/uploads\/2024\/10\/Bang-Box-18000-Puffs-Disposable-Vape-Wholesale.jpg 800w, https:\/\/rmvapesale.com\/wp-content\/uploads\/2024\/10\/Bang-Box-18000-Puffs-Disposable-Vape-Wholesale-300x300.jpg 300w, https:\/\/rmvapesale.com\/wp-content\/uploads\/2024\/10\/Bang-Box-18000-Puffs-Disposable-Vape-Wholesale-150x150.jpg 150w, https:\/\/rmvapesale.com\/wp-content\/uploads\/2024\/10\/Bang-Box-18000-Puffs-Disposable-Vape-Wholesale-768x768.jpg 768w, https:\/\/rmvapesale.com\/wp-content\/uploads\/2024\/10\/Bang-Box-18000-Puffs-Disposable-Vape-Wholesale-600x600.jpg 600w, https:\/\/rmvapesale.com\/wp-content\/uploads\/2024\/10\/Bang-Box-18000-Puffs-Disposable-Vape-Wholesale-100x100.jpg 100w\" sizes=\"auto, (max-width: 600px) 100vw, 600px\" \/><figcaption id=\"caption-attachment-2352\" class=\"wp-caption-text\">Veleprodaja jednokratnih vape ure\u0111aja Bang Box 18000 Puffs<\/figcaption><\/figure>\n<h2><\/h2>\n<h2><strong>Vrhunski okus za Bang Box 18000 Puffs Vape Bar<\/strong><\/h2>\n<p>Ovaj <strong>Bang Box 18000 Puffs LED zaslon jednokratni vape<\/strong> je ultimativni izbor za vapere koji \u017eude za prakti\u010dno\u0161\u0107u, sna\u017enim performansama i uzvi\u0161enim iskustvom. Dostupan u vi\u0161e ja\u010dina nikotina, ovaj ure\u0111aj nudi elegantan na\u010din bez muke za u\u017eivanje u va\u0161im omiljenim e-teku\u0107inama, sve s lako\u0107om jednokratnog vapea.<\/p>\n<p>1. Gumeni medvjedi\u0107 <span style=\"color: #ff0000\"><strong>&gt;&gt;&gt;&gt; Vru\u0107e!<\/strong><\/span><br \/>\n2. Sladoled od jagode<span style=\"color: #ff0000\"><strong>&gt;&gt;&gt;&gt; Najbolje!<\/strong><\/span><br \/>\n3. Breskva Mango<br \/>\n4. Trostruki bobi\u010dasti led<br \/>\n5. Jagoda Banana<br \/>\n6. Bujni led<br \/>\n7. Plavi Razz led <span style=\"color: #ff0000\"><strong>&gt;&gt;&gt;&gt; Vru\u0107e!<\/strong><\/span><br \/>\n8. Tropsko vo\u0107e<br \/>\n9. Aloe gro\u017e\u0111e<br \/>\n10. Led od breskve<br \/>\n11. Jagoda Lychee<br \/>\n12. Svje\u017ea metvica<\/p>\n<p>&nbsp;<\/p>\n<p>&nbsp;<\/p>\n<h3><strong>Za\u0161to odabrati Rmvapesale za va\u0161u skupnu kupnju Bang Box 18000 Puffs Vape?<\/strong><\/h3>\n<div class=\"flex-shrink-0 flex flex-col relative items-end\">\n<div>\n<div class=\"pt-0\">\n<div class=\"gizmo-bot-avatar flex h-8 w-8 items-center justify-center overflow-hidden rounded-full\">\n<div class=\"relative p-1 rounded-sm flex items-center justify-center bg-token-main-surface-primary text-token-text-primary h-8 w-8\">\n<p>&nbsp;<\/p>\n<p>Kada odaberete Rmvapesale za svoje veleprodajne potrebe za jednokratnim vapeovima, imat \u0107ete koristi od:<\/p>\n<ul>\n<li><strong>Konkurentna cijena<\/strong>: Ostvarite pristup atraktivnim veleprodajnim cijenama koje pove\u0107avaju va\u0161e poslovne mar\u017ee.<\/li>\n<li><strong>Visoka kvaliteta<\/strong>: Na\u0161i vapeovi izra\u0111eni su prema najvi\u0161im standardima i <span style=\"color: #ff0000\"><strong>zajam\u010deno 100% originalni i autenti\u010dni, ili \u0107e se osigurati 10 puta ve\u0107a naknada za la\u017enu robu!<\/strong><\/span><\/li>\n<li><strong>Izvrsna korisni\u010dka podr\u0161ka<\/strong>Na\u0161 posve\u0107eni tim uvijek je spreman pomo\u0107i vam, \u010dine\u0107i va\u0161 postupak kupnje jednostavnim i bezbri\u017enim.<\/li>\n<li><strong>Brzo<\/strong>O\u010dekujte brzu i pouzdanu dostavu, osiguravaju\u0107i da va\u0161e narud\u017ebe stignu na vrijeme, svaki put.<\/li>\n<\/ul>\n<h3><\/h3>\n<h3><b>\u010cesto postavljana pitanja<\/b><\/h3>\n<p>&nbsp;<\/p>\n<\/div>\n<\/div>\n<\/div>\n<\/div>\n<\/div>\n<div class=\"group\/conversation-turn relative flex w-full min-w-0 flex-col agent-turn\">\n<div class=\"flex-col gap-1 md:gap-3\">\n<div class=\"flex max-w-full flex-col flex-grow\">\n<div class=\"min-h-8 text-message flex w-full flex-col items-end gap-2 whitespace-normal break-words [.text-message+&amp;]:mt-5\" dir=\"auto\" data-message-author-role=\"assistant\" data-message-id=\"f226d3fc-81f3-46d5-8c46-31787fff0357\">\n<div class=\"flex w-full flex-col gap-1 empty:hidden first:pt-[3px]\">\n<div class=\"markdown prose w-full break-words dark:prose-invert light\">\n<h3>1. <strong>Po \u010demu se isti\u010de jednokratni vape Bang Box 18000 Puffs?<\/strong><\/h3>\n<p>Ovaj <strong>Bang Box 18000 Puffs Jednokratni Vape<\/strong> pru\u017ea izvanredno iskustvo vapinga sa svojim velikim <strong>18.000 udisaja<\/strong> kapacitetom i punjivom <strong>850 mAh<\/strong>. Sadr\u017ei <strong>26 ml spremnik za e-teku\u0107inu<\/strong>, osiguravaju\u0107i produ\u017eenu upotrebu bez potrebe za \u010destim zamjenama. Uz to, <strong>LED digitalni zaslon<\/strong> vas obavje\u0161tava o trajanju baterije i broju udisaja.<\/p>\n<h3>2. <strong>Kako \u0107u znati kada trebam napuniti svoj Bang Box 18000 Puffs Vape Bar?<\/strong><\/h3>\n<p>Ovaj <strong>Bang Box 18000 Puffs Vape Bar<\/strong> sadr\u017ei prakti\u010dan <strong>LED digitalni zaslon<\/strong> zaslon koji prikazuje trajanje baterije i broj udisaja, \u0161to olak\u0161ava odre\u0111ivanje kada je vrijeme za ponovno punjenje.<\/p>\n<h3>3. <strong>Mogu li ponovno napuniti Bang Box 18000 Puffs punjivi Vape?<\/strong><\/h3>\n<p>Da! The <strong>Bang Box 18000 Puffs punjivi Vape<\/strong> dolazi s <strong>Type-C priklju\u010dak za punjenje<\/strong>, omogu\u0107uju\u0107i brzo i jednostavno ponovno punjenje. Ova zna\u010dajka, u kombinaciji s velikim brojem udisaja, osigurava dugotrajnu upotrebu.<\/p>\n<h3>4. <strong>Koje su ja\u010dine nikotina dostupne u Bang Box 18000 Puffs punjivom Vapeu?<\/strong><\/h3>\n<p>Ovaj <strong>Bang Box 18000 Puffs punjivi Vape<\/strong> je dostupan u \u010detiri ja\u010dine nikotina: <strong>0%, 2%, 3% i 5%<\/strong>. Ova fleksibilnost udovoljava vaperima s razli\u010ditim preferencijama, bez obzira tra\u017eite li vaping bez nikotina ili ja\u010di udarac.<\/p>\n<h3>5. <strong>Je li Bang Vape BOX 18000 Puffs jednokratni Vape jednostavan za no\u0161enje?<\/strong><\/h3>\n<p>Apsolutno! Vrhunski <strong>Bang Vape BOX 18000 Puffs jednokratni Vape<\/strong> dizajniran je da bude prenosiv i jednostavan za kori\u0161tenje, \u0161to ga \u010dini savr\u0161enim za vaping u pokretu. Unato\u010d velikom kapacitetu udisaja, ostaje lagan i jednostavan za no\u0161enje.<\/p>\n<h3>6. <strong>Pru\u017ea li Bang Box 18000 Puffs Vape Bar bogate okuse?<\/strong><\/h3>\n<p>Da! Zahvaljuju\u0107i <strong>0.8ohm mre\u017eastoj zavojnici<\/strong>, <strong>Bang Box 18k Puff Vape Bar<\/strong> nudi pobolj\u0161ani okus i proizvodnju pare. Bez obzira u\u017eivate li u vo\u0107nim okusima poput <strong>Breskva Mango<\/strong> ili osje\u0107ajima hla\u0111enja poput <strong>Bujni led<\/strong>, svaki udah pru\u017ea zadovoljavaju\u0107e iskustvo.<\/p>\n<\/div>\n<\/div>\n<\/div>\n<\/div>\n<\/div>\n<\/div>\n<p>&nbsp;<\/p>\n<h3><\/h3>\n<h3>O isporuci<\/h3>\n<div class=\"flex-shrink-0 flex flex-col relative items-end\">\n<div>\n<div class=\"pt-0\">\n<div class=\"gizmo-bot-avatar flex h-8 w-8 items-center justify-center overflow-hidden rounded-full\">\n<div><\/div>\n<div class=\"relative p-1 rounded-sm flex items-center justify-center bg-token-main-surface-primary text-token-text-primary h-8 w-8\"><strong>1. Koje metode dostave se koriste?<\/strong><\/div>\n<\/div>\n<\/div>\n<\/div>\n<\/div>\n<div class=\"group\/conversation-turn relative flex w-full min-w-0 flex-col agent-turn\">\n<div class=\"flex-col gap-1 md:gap-3\">\n<div class=\"flex max-w-full flex-col flex-grow\">\n<div class=\"min-h-[20px] text-message flex w-full flex-col items-end gap-2 whitespace-normal break-words [.text-message+&amp;]:mt-5 overflow-x-auto\" dir=\"auto\" data-message-author-role=\"assistant\" data-message-id=\"22f8283b-3233-46ff-89a5-c7a41b33abda\">\n<div class=\"flex w-full flex-col gap-1 empty:hidden first:pt-[3px]\">\n<div class=\"markdown prose w-full break-words dark:prose-invert light\">\n<p>Sura\u0111ujemo s UPS-om, DHL-om, FedEx-om, DPD-om i drugim vode\u0107im prijevoznicima. Odabrat \u0107emo najbolju metodu dostave na temelju va\u0161e lokacije kako bismo osigurali da svoje proizvode primite \u0161to je prije mogu\u0107e.<\/p>\n<\/div>\n<p><strong>2. Koliko dugo traje dostava?<\/strong><\/p>\n<p>Paketi poslani u Hrvatsku obi\u010dno sti\u017eu unutar 10 radnih dana. Dostava u europske zemlje op\u0107enito traje oko 12-15 radnih dana. Pru\u017eit \u0107emo vam a\u017euriranja o statusu va\u0161e po\u0161iljke u stvarnom vremenu.<\/p>\n<\/div>\n<\/div>\n<\/div>\n<\/div>\n<\/div>\n<p>&nbsp;<\/p>\n<p>Ostali popularni vape ure\u0111aji koji bi vam se mogli svidjeti:<\/p>\n<p><a href=\"https:\/\/rmvapesale.com\/hr\/product\/bang-25000-puffs-0-2-3-5-nicotine-led-display-vape-pod\/\"><strong>Bang 25000 Udisaja\u00a0 \u00a0<span style=\"color: #ff0000\">&gt;&gt;&gt;&gt; kreni!<\/span><\/strong><\/a><\/p>\n<p><strong><a href=\"https:\/\/rmvapesale.com\/hr\/product\/uwin-crystal-10000-puff-disposable-vape-wholesale-price\/\">UWIN Crystal 10000 Puffs <span style=\"color: #ff0000\">&gt;&gt;&gt;&gt; kreni!<\/span><\/a>\u00a0<\/strong><\/p>\n<p><a href=\"https:\/\/rmvapesale.com\/hr\/product\/bang-box-30000-puff-smart-screen-disposable-vape-wholesale\/\"><strong>Bang Box 30000 Puffs Smart Screen Puffs <span style=\"color: #ff0000\">&gt;&gt;&gt;&gt; kreni!<\/span><\/strong><\/a><\/p>\n<p>&nbsp;<\/p>\n<p>&nbsp;<\/p>\n<p>Prona\u0111ite vi\u0161e Vape proizvoda koji bi vam se mogli svidjeti:<strong><em><a href=\"https:\/\/rmvapesale.com\/hr\/shop-2\/\">kupite sada &gt;&gt;&gt;<\/a><\/em><\/strong><\/p>","protected":false},"excerpt":{"rendered":"<p>BANG BOX 18000 Puffs Jednokratna Vape Veleprodaja<br \/>\nBANG Vape 18000 Puffs Jednokratna Vape Vape Bar Skupna Kupovina<br \/>\nBANG BOX 18k Puff Niska Razina Nikotina Pametna Jednokratna Vape<\/p>\n<p><img loading=\"lazy\" decoding=\"async\" class=\"size-full wp-image-1978\" src=\"https:\/\/rmvapesale.com\/wp-content\/uploads\/2024\/09\/Disposable-Vape-Wholesale.jpg\" alt=\"Veleprodaja jednokratnih vejpova\" width=\"229\" height=\"300\" \/><\/p>\n<h3><a href=\"https:\/\/wa.me\/8617776015835\"><span style=\"color: #ff0000\"><strong>WhatsApp: +86 17776015835<\/strong><\/span><\/a><\/h3>\n<p>&nbsp;<\/p>","protected":false},"featured_media":2354,"comment_status":"open","ping_status":"closed","template":"","meta":{"_uag_custom_page_level_css":"","_lmt_disableupdate":"","_lmt_disable":"","site-sidebar-layout":"default","site-content-layout":"content-boxed-container","ast-site-content-layout":"normal-width-container","site-content-style":"boxed","site-sidebar-style":"unboxed","ast-global-header-display":"","ast-banner-title-visibility":"","ast-main-header-display":"","ast-hfb-above-header-display":"","ast-hfb-below-header-display":"","ast-hfb-mobile-header-display":"","site-post-title":"","ast-breadcrumbs-content":"","ast-featured-img":"","footer-sml-layout":"","ast-disable-related-posts":"","theme-transparent-header-meta":"default","adv-header-id-meta":"","stick-header-meta":"","header-above-stick-meta":"","header-main-stick-meta":"","header-below-stick-meta":"","astra-migrate-meta-layouts":"set","ast-page-background-enabled":"default","ast-page-background-meta":{"desktop":{"background-color":"var(--ast-global-color-4)","background-image":"","background-repeat":"repeat","background-position":"center center","background-size":"auto","background-attachment":"scroll","background-type":"","background-media":"","overlay-type":"","overlay-color":"","overlay-opacity":"","overlay-gradient":""},"tablet":{"background-color":"","background-image":"","background-repeat":"repeat","background-position":"center center","background-size":"auto","background-attachment":"scroll","background-type":"","background-media":"","overlay-type":"","overlay-color":"","overlay-opacity":"","overlay-gradient":""},"mobile":{"background-color":"","background-image":"","background-repeat":"repeat","background-position":"center center","background-size":"auto","background-attachment":"scroll","background-type":"","background-media":"","overlay-type":"","overlay-color":"","overlay-opacity":"","overlay-gradient":""}},"ast-content-background-meta":{"desktop":{"background-color":"var(--ast-global-color-5)","background-image":"","background-repeat":"repeat","background-position":"center center","background-size":"auto","background-attachment":"scroll","background-type":"","background-media":"","overlay-type":"","overlay-color":"","overlay-opacity":"","overlay-gradient":""},"tablet":{"background-color":"var(--ast-global-color-5)","background-image":"","background-repeat":"repeat","background-position":"center center","background-size":"auto","background-attachment":"scroll","background-type":"","background-media":"","overlay-type":"","overlay-color":"","overlay-opacity":"","overlay-gradient":""},"mobile":{"background-color":"var(--ast-global-color-5)","background-image":"","background-repeat":"repeat","background-position":"center center","background-size":"auto","background-attachment":"scroll","background-type":"","background-media":"","overlay-type":"","overlay-color":"","overlay-opacity":"","overlay-gradient":""}},"_joinchat":[]},"product_brand":[],"product_cat":[15,60,27,25,123,30,26,28,135],"product_tag":[63,66,125,126,101,105,120],"class_list":{"0":"post-2351","1":"product","2":"type-product","3":"status-publish","4":"has-post-thumbnail","6":"product_cat-new-vape-this-week","7":"product_cat-bang-vapes","8":"product_cat-fance-hot-sale-vape","9":"product_cat-germany-best-selling-vape","10":"product_cat-italy-wholesale-vape","11":"product_cat-minimum-order-quantity-50pcs","12":"product_cat-netherlands-hot-sale-vape","13":"product_cat-poland-hot-sale-vape","14":"product_cat-spain-best-hot-sale-vape","15":"product_tag-bang-vapes","16":"product_tag-disposable-vape","17":"product_tag-disposable-vape-italy","18":"product_tag-e-cigarettes","19":"product_tag-led-display-vape","20":"product_tag-nicotine-free-disposable-vape","21":"product_tag-vape-wholesale","22":"desktop-align-left","23":"tablet-align-left","24":"mobile-align-left","26":"first","27":"instock","28":"sale","29":"shipping-taxable","30":"purchasable","31":"product-type-simple"},"uagb_featured_image_src":{"full":["https:\/\/rmvapesale.com\/wp-content\/uploads\/2024\/10\/Bang-Box-18000-Puffs-LED-Display-Disposable-Vape-Wholesale.jpg",800,800,false],"thumbnail":["https:\/\/rmvapesale.com\/wp-content\/uploads\/2024\/10\/Bang-Box-18000-Puffs-LED-Display-Disposable-Vape-Wholesale-150x150.jpg",150,150,true],"medium":["https:\/\/rmvapesale.com\/wp-content\/uploads\/2024\/10\/Bang-Box-18000-Puffs-LED-Display-Disposable-Vape-Wholesale-300x300.jpg",300,300,true],"medium_large":["https:\/\/rmvapesale.com\/wp-content\/uploads\/2024\/10\/Bang-Box-18000-Puffs-LED-Display-Disposable-Vape-Wholesale-768x768.jpg",768,768,true],"large":["https:\/\/rmvapesale.com\/wp-content\/uploads\/2024\/10\/Bang-Box-18000-Puffs-LED-Display-Disposable-Vape-Wholesale.jpg",800,800,false],"1536x1536":["https:\/\/rmvapesale.com\/wp-content\/uploads\/2024\/10\/Bang-Box-18000-Puffs-LED-Display-Disposable-Vape-Wholesale.jpg",800,800,false],"2048x2048":["https:\/\/rmvapesale.com\/wp-content\/uploads\/2024\/10\/Bang-Box-18000-Puffs-LED-Display-Disposable-Vape-Wholesale.jpg",800,800,false],"trp-custom-language-flag":["https:\/\/rmvapesale.com\/wp-content\/uploads\/2024\/10\/Bang-Box-18000-Puffs-LED-Display-Disposable-Vape-Wholesale.jpg",12,12,false],"woocommerce_thumbnail":["https:\/\/rmvapesale.com\/wp-content\/uploads\/2024\/10\/Bang-Box-18000-Puffs-LED-Display-Disposable-Vape-Wholesale-300x300.jpg",300,300,true],"woocommerce_single":["https:\/\/rmvapesale.com\/wp-content\/uploads\/2024\/10\/Bang-Box-18000-Puffs-LED-Display-Disposable-Vape-Wholesale-600x600.jpg",600,600,true],"woocommerce_gallery_thumbnail":["https:\/\/rmvapesale.com\/wp-content\/uploads\/2024\/10\/Bang-Box-18000-Puffs-LED-Display-Disposable-Vape-Wholesale-100x100.jpg",100,100,true],"wcpr-photo-reviews":["https:\/\/rmvapesale.com\/wp-content\/uploads\/2024\/10\/Bang-Box-18000-Puffs-LED-Display-Disposable-Vape-Wholesale.jpg",500,500,false]},"uagb_author_info":{"display_name":"AMY","author_link":"https:\/\/rmvapesale.com\/hr\/author\/"},"uagb_comment_info":0,"uagb_excerpt":"BANG BOX 18000 Puffs Disposable Vape Wholesale BANG Vape 18000 Puffs Disposable Vape Vape Bar Bulk Buy BANG BOX 18k Puff Low Nicotine Smart Disposable Vape WhatsApp: +86 17776015835 &nbsp;","_links":{"self":[{"href":"https:\/\/rmvapesale.com\/hr\/wp-json\/wp\/v2\/product\/2351","targetHints":{"allow":["GET"]}}],"collection":[{"href":"https:\/\/rmvapesale.com\/hr\/wp-json\/wp\/v2\/product"}],"about":[{"href":"https:\/\/rmvapesale.com\/hr\/wp-json\/wp\/v2\/types\/product"}],"replies":[{"embeddable":true,"href":"https:\/\/rmvapesale.com\/hr\/wp-json\/wp\/v2\/comments?post=2351"}],"wp:featuredmedia":[{"embeddable":true,"href":"https:\/\/rmvapesale.com\/hr\/wp-json\/wp\/v2\/media\/2354"}],"wp:attachment":[{"href":"https:\/\/rmvapesale.com\/hr\/wp-json\/wp\/v2\/media?parent=2351"}],"wp:term":[{"taxonomy":"product_brand","embeddable":true,"href":"https:\/\/rmvapesale.com\/hr\/wp-json\/wp\/v2\/product_brand?post=2351"},{"taxonomy":"product_cat","embeddable":true,"href":"https:\/\/rmvapesale.com\/hr\/wp-json\/wp\/v2\/product_cat?post=2351"},{"taxonomy":"product_tag","embeddable":true,"href":"https:\/\/rmvapesale.com\/hr\/wp-json\/wp\/v2\/product_tag?post=2351"}],"curies":[{"name":"wp","href":"https:\/\/api.w.org\/{rel}","templated":true}]}}