{"id":2365,"date":"2024-10-12T07:48:28","date_gmt":"2024-10-12T07:48:28","guid":{"rendered":"https:\/\/rmvapesale.com\/?post_type=product&#038;p=2365"},"modified":"2024-10-12T08:13:12","modified_gmt":"2024-10-12T08:13:12","slug":"fihp-shisha-hookah-12000-puffs-monster-low-nicotine-vape-pen","status":"publish","type":"product","link":"https:\/\/rmvapesale.com\/hr\/product\/fihp-shisha-hookah-12000-puffs-monster-low-nicotine-vape-pen\/","title":{"rendered":"FIHP Shisha Hookah 12000 Puffs Monster niska razina nikotina Vape Pen"},"content":{"rendered":"<div class=\"B2VR9 CJHX3e\">\n<div class=\"wyccme\">\n<h1 class=\"LC20lb MBeuO DKV0Md\">FIHP Shisha Nargila 12000 Udisaja Monster Niska Nikotinska Jednokratna Vaping Olovka<\/h1>\n<div class=\"flex-shrink-0 flex flex-col relative items-end\">\n<div class=\"pt-0\">\n<div class=\"gizmo-bot-avatar flex h-8 w-8 items-center justify-center overflow-hidden rounded-full\">\n<div class=\"relative p-1 rounded-sm flex items-center justify-center bg-token-main-surface-primary text-token-text-primary h-8 w-8\">\n<p>FIHP Shisha Nargila 12000 Udisaja Monster Niska Nikotinska Jednokratna Vaping Olovka dizajnirana je za vapere koji tra\u017ee dugotrajan rad i bogat okus. S nevjerojatnim kapacitetom od 12.000 udisaja i velikim spremnikom za e-teku\u0107inu od 22 ml, osigurava dugotrajno u\u017eivanje. Napajana od 650mAh punjivom baterijom i mesh grija\u010dem od 0,6\u03a9, ovaj ure\u0111aj pru\u017ea glatki, gusti dim pri svakom udisaju. Elegantni LED zaslon informira vas o stanju baterije i razini e-teku\u0107ine, dok Type-C priklju\u010dak za punjenje omogu\u0107ava brzo i u\u010dinkovito punjenje.<\/p>\n<p>Savr\u0161eno za veleprodajne kupce, ova vru\u0107a prodaja vape olovka dolazi po konkurentnoj cijeni na veliko, pru\u017eaju\u0107i trgovcima visokokvalitetnu, dugotrajnu opciju za vaping.<\/p>\n<p>Iskusite vrhunski vaping s FIHP Shisha Nargilom 12000 \u2013 vrhunski izbor za vapere i trgovce.<\/p>\n<p>&nbsp;<\/p>\n<\/div>\n<\/div>\n<\/div>\n<\/div>\n<\/div>\n<\/div>\n<p><strong>Kontaktirajte Amy da dobijete pravi odgovor i vi\u0161e videozapisa o proizvodu!<\/strong><\/p>\n<p><img loading=\"lazy\" decoding=\"async\" class=\"size-full wp-image-1978\" src=\"https:\/\/rmvapesale.com\/wp-content\/uploads\/2024\/09\/Disposable-Vape-Wholesale.jpg\" alt=\"Veleprodaja jednokratnih vejpova\" width=\"229\" height=\"300\" \/><\/p>\n<h3><a href=\"https:\/\/wa.me\/8617776015835\" target=\"_blank\" rel=\"noopener\"><span style=\"color: #ff0000\"><strong>WhatsApp: +86 17776015835<\/strong><\/span><\/a><\/h3>\n<p>&nbsp;<\/p>\n<h2><\/h2>\n<h2><strong>FIHP Shisha Nargila 12000 Jednokratne Klju\u010dne Zna\u010dajke<\/strong><\/h2>\n<p>&nbsp;<\/p>\n<ul>\n<li><strong>Veliki broj uvla\u010denja<\/strong>: U\u017eivajte do <strong>12.000 udisaja<\/strong> za dugotrajno i neprekidno u\u017eivanje u vapeanju.<\/li>\n<li><strong>Veliki kapacitet e-teku\u0107ine<\/strong>: Sadr\u017ei <strong>spremnik e-teku\u0107ine od 22 ml<\/strong>, ovaj ure\u0111aj omogu\u0107uje dugotrajnu upotrebu uz manje punjenja.<\/li>\n<li><strong>Pouzdana baterija<\/strong>: Pokre\u0107e ga <strong>650mAh punjivom baterijom<\/strong>650mAh punjiva baterija<\/li>\n<li><strong>Ja\u010dina nikotina<\/strong>: Nudi <strong>0.6% nikotina (6mg)<\/strong>, pru\u017eaju\u0107i zadovoljavaju\u0107e i glatko iskustvo vapinga.<\/li>\n<li><strong>Tehnologija mre\u017easte zavojnice<\/strong>: Opremljen s <strong>0.6\u03a9 mre\u017eastom zavojnicom<\/strong> za poja\u010dani okus i proizvodnju pare.<\/li>\n<li><strong>LED zaslon<\/strong>: Budite informirani s <strong>LED zaslon<\/strong> koji pru\u017ea a\u017euriranja u stvarnom vremenu o trajanju baterije i upotrebi.<\/li>\n<\/ul>\n<h2><\/h2>\n<h2><strong>Vrhunski okus za FIHP Shisha 12000 Udisaja Vape Bar<\/strong><\/h2>\n<p>FIHP Shisha Nargila 12000 Udisaja<strong>\u00a0Jednokratni Vape<\/strong> dostupno u 10 privla\u010dnih okusa, od vo\u0107nih do osvje\u017eavaju\u0107ih, zadovoljava sve preferencije, osiguravaju\u0107i ugodno iskustvo za svakog korisnika.<\/p>\n<p>01. Lubenica Led <span style=\"color: #ff0000\"><strong>&gt;&gt;&gt;&gt; Vru\u0107e!<\/strong><\/span><br \/>\n02. Crni Zmaj Led<br \/>\n03. Borovnica Malina<br \/>\n04. Jagoda Kivi <span style=\"color: #ff0000\"><strong>&gt;&gt;&gt;&gt; Vru\u0107e!<\/strong><\/span><br \/>\n05. Mije\u0161ano Bobi\u010dasto Vo\u0107e<br \/>\n06. Jagoda Lubenica<br \/>\n07. Pina Colada<br \/>\n08. Breskva Mango Ananas<br \/>\n09. Kivi Passion Vo\u0107e Guava<br \/>\n10. Jagoda Malina Tre\u0161nja<span style=\"color: #ff0000\"><strong>&gt;&gt;&gt;&gt; Najbolje!<\/strong><\/span><\/p>\n<figure id=\"attachment_2360\" aria-describedby=\"caption-attachment-2360\" style=\"width: 808px\" class=\"wp-caption alignnone\"><img loading=\"lazy\" decoding=\"async\" class=\"wp-image-2360 size-full\" src=\"https:\/\/rmvapesale.com\/wp-content\/uploads\/2024\/10\/Fihp-Shisha-Hookah-12000-Puffs-Flavour.png\" alt=\"Fihp Shisha Nargila 12000 Udisaja Okusi\" width=\"808\" height=\"808\" srcset=\"https:\/\/rmvapesale.com\/wp-content\/uploads\/2024\/10\/Fihp-Shisha-Hookah-12000-Puffs-Flavour.png 808w, https:\/\/rmvapesale.com\/wp-content\/uploads\/2024\/10\/Fihp-Shisha-Hookah-12000-Puffs-Flavour-300x300.png 300w, https:\/\/rmvapesale.com\/wp-content\/uploads\/2024\/10\/Fihp-Shisha-Hookah-12000-Puffs-Flavour-150x150.png 150w, https:\/\/rmvapesale.com\/wp-content\/uploads\/2024\/10\/Fihp-Shisha-Hookah-12000-Puffs-Flavour-768x768.png 768w, https:\/\/rmvapesale.com\/wp-content\/uploads\/2024\/10\/Fihp-Shisha-Hookah-12000-Puffs-Flavour-600x600.png 600w, https:\/\/rmvapesale.com\/wp-content\/uploads\/2024\/10\/Fihp-Shisha-Hookah-12000-Puffs-Flavour-100x100.png 100w\" sizes=\"auto, (max-width: 808px) 100vw, 808px\" \/><figcaption id=\"caption-attachment-2360\" class=\"wp-caption-text\">Fihp Shisha Nargila 12000 Udisaja Okusi<\/figcaption><\/figure>\n<h3><\/h3>\n<h3><strong>Za\u0161to odabrati Rmvapesale za FIHP Shisha Nargilu 12000 <\/strong><strong>Vape?<\/strong><\/h3>\n<div class=\"flex-shrink-0 flex flex-col relative items-end\">\n<div>\n<div class=\"pt-0\">\n<div class=\"gizmo-bot-avatar flex h-8 w-8 items-center justify-center overflow-hidden rounded-full\">\n<div class=\"relative p-1 rounded-sm flex items-center justify-center bg-token-main-surface-primary text-token-text-primary h-8 w-8\">\n<p>&nbsp;<\/p>\n<p>Kada odaberete Rmvapesale za svoje veleprodajne potrebe za jednokratnim vapeovima, imat \u0107ete koristi od:<\/p>\n<ul>\n<li><strong>Konkurentna cijena<\/strong>: Ostvarite pristup atraktivnim veleprodajnim cijenama koje pove\u0107avaju va\u0161e poslovne mar\u017ee.<\/li>\n<li><strong>Visoka kvaliteta<\/strong>: Na\u0161i vapeovi izra\u0111eni su prema najvi\u0161im standardima i <span style=\"color: #ff0000\"><strong>zajam\u010deno 100% originalni i autenti\u010dni, ili \u0107e se osigurati 10 puta ve\u0107a naknada za la\u017enu robu!<\/strong><\/span><\/li>\n<li><strong>Izvrsna korisni\u010dka podr\u0161ka<\/strong>Na\u0161 posve\u0107eni tim uvijek je spreman pomo\u0107i vam, \u010dine\u0107i va\u0161 postupak kupnje jednostavnim i bezbri\u017enim.<\/li>\n<li><strong>Brzo<\/strong>O\u010dekujte brzu i pouzdanu dostavu, osiguravaju\u0107i da va\u0161e narud\u017ebe stignu na vrijeme, svaki put.<\/li>\n<\/ul>\n<h3><\/h3>\n<h3><b>\u010cesto postavljana pitanja<\/b><\/h3>\n<p>&nbsp;<\/p>\n<\/div>\n<\/div>\n<\/div>\n<\/div>\n<\/div>\n<div class=\"group\/conversation-turn relative flex w-full min-w-0 flex-col agent-turn\">\n<div class=\"flex-col gap-1 md:gap-3\">\n<div class=\"flex max-w-full flex-col flex-grow\">\n<div class=\"min-h-8 text-message flex w-full flex-col items-end gap-2 whitespace-normal break-words [.text-message+&amp;]:mt-5\" dir=\"auto\" data-message-author-role=\"assistant\" data-message-id=\"f226d3fc-81f3-46d5-8c46-31787fff0357\">\n<div class=\"flex w-full flex-col gap-1 empty:hidden first:pt-[3px]\">\n<div class=\"markdown prose w-full break-words dark:prose-invert light\">\n<p><strong>1. Koliko udaha nudi FIHP Shisha Hookah 12k Puffs Jednokratni Vape?<\/strong><br \/>\nFIHP Shisha Hookah 12k Puffs Niska Nikotinska Jednokratna Vape pru\u017ea do 12.000 udisaja, osiguravaju\u0107i produ\u017eeno zadovoljstvo vapingom bez \u010destih zamjena.<\/p>\n<p><strong>2. Koje ja\u010dine nikotina su dostupne u FIHP Shisha 12000 Puffs Jednokratnom Vapi s Nikotinom?<\/strong><br \/>\nFIHP Shisha 12000 Puffs Niska Nikotinska Jednokratna Olovka s Vapingom nudi nisku ja\u010dinu nikotina od 0.6% (6mg), namijenjenu korisnicima koji preferiraju glatkiji, manje intenzivan udar nikotina. Tako\u0111er nudimo opcije bez nikotina.<\/p>\n<p><strong>3. Koji su okusi dostupni za FIHP Shisha 12000 Puffs Jednokratni Vape bez Nikotina?<\/strong><br \/>\nNudimo 10 ukusnih okusa, uklju\u010duju\u0107i Watermelon Ice, Black Dragon Ice, Strawberry Kiwi i Pina Colada, osiguravaju\u0107i raznolikost okusa za svaku preferenciju.<\/p>\n<p><strong>4. Ima li FIHP Shisha Hookah Monster Niska Nikotinska Jednokratna Vape bateriju koja se mo\u017ee puniti?<\/strong><br \/>\nDa, FIHP Shisha Hookah Monster Niska Nikotinska Jednokratna Olovka dolazi s 650mAh baterijom koja se mo\u017ee puniti, pru\u017eaju\u0107i pouzdanu izvedbu za dulju uporabu.<\/p>\n<p><strong>5. Koju vrstu grija\u010da koristi FIHP Shisha Hookah Jednokratni Vape?<\/strong><br \/>\nOva vape olovka ima mesh grija\u010d od 0.6\u03a9, osmi\u0161ljen za pobolj\u0161anje okusa i proizvodnje pare, osiguravaju\u0107i glatko i zadovoljavaju\u0107e iskustvo vapinga, bilo da odaberete Blueberry Raspberry ili Peachy Mango Pineapple.<\/p>\n<p><strong>6. Kako mogu pratiti stanje baterije i kori\u0161tenje na FIHP Shisha Hookah 12000 Puffs Jednokratnom Vapi?<\/strong><br \/>\nFIHP Shisha Hookah 12000 Puffs Jednokratni Vape bez Nikotina opremljen je LED zaslonom koji prikazuje informacije u stvarnom vremenu o trajanju baterije i kori\u0161tenju, olak\u0161avaju\u0107i pra\u0107enje ure\u0111aja.<\/p>\n<p><strong>7. Je li FIHP Shisha Hookah 12000 Puffs dostupan za veleprodaju?<\/strong><br \/>\nDa, FIHP Shisha Hookah Monster Niska Nikotinska Jednokratna Olovka dostupna je za ve\u0107e narud\u017ebe, \u0161to je idealno za trgovce koji \u017eele imati visokokvalitetan, dugotrajan proizvod za vaping.<\/p>\n<\/div>\n<\/div>\n<\/div>\n<\/div>\n<\/div>\n<\/div>\n<p>&nbsp;<\/p>\n<h3><\/h3>\n<h3>O isporuci<\/h3>\n<div class=\"flex-shrink-0 flex flex-col relative items-end\">\n<div>\n<div class=\"pt-0\">\n<div class=\"gizmo-bot-avatar flex h-8 w-8 items-center justify-center overflow-hidden rounded-full\">\n<div><\/div>\n<div class=\"relative p-1 rounded-sm flex items-center justify-center bg-token-main-surface-primary text-token-text-primary h-8 w-8\"><strong>1. Koje metode dostave se koriste?<\/strong><\/div>\n<\/div>\n<\/div>\n<\/div>\n<\/div>\n<div class=\"group\/conversation-turn relative flex w-full min-w-0 flex-col agent-turn\">\n<div class=\"flex-col gap-1 md:gap-3\">\n<div class=\"flex max-w-full flex-col flex-grow\">\n<div class=\"min-h-[20px] text-message flex w-full flex-col items-end gap-2 whitespace-normal break-words [.text-message+&amp;]:mt-5 overflow-x-auto\" dir=\"auto\" data-message-author-role=\"assistant\" data-message-id=\"22f8283b-3233-46ff-89a5-c7a41b33abda\">\n<div class=\"flex w-full flex-col gap-1 empty:hidden first:pt-[3px]\">\n<div class=\"markdown prose w-full break-words dark:prose-invert light\">\n<p>Sura\u0111ujemo s UPS-om, DHL-om, FedEx-om, DPD-om i drugim vode\u0107im prijevoznicima. Odabrat \u0107emo najbolju metodu dostave na temelju va\u0161e lokacije kako bismo osigurali da svoje proizvode primite \u0161to je prije mogu\u0107e.<\/p>\n<\/div>\n<p><strong>2. Koliko dugo traje dostava?<\/strong><\/p>\n<p>Paketi poslani u Hrvatsku obi\u010dno sti\u017eu unutar 10 radnih dana. Dostava u europske zemlje op\u0107enito traje oko 12-15 radnih dana. Pru\u017eit \u0107emo vam a\u017euriranja o statusu va\u0161e po\u0161iljke u stvarnom vremenu.<\/p>\n<\/div>\n<\/div>\n<\/div>\n<\/div>\n<\/div>\n<p>&nbsp;<\/p>\n<p>Ostali popularni vape ure\u0111aji koji bi vam se mogli svidjeti:<\/p>\n<p><a href=\"https:\/\/rmvapesale.com\/hr\/product\/bang-beach-20000-puffs-vape-smart-screen-disposable-e-cig\/\"><strong>bang beach 20000 Puffs\u00a0 \u00a0<span style=\"color: #ff0000\">&gt;&gt;&gt;&gt; kreni!<\/span><\/strong><\/a><\/p>\n<p><strong><a href=\"https:\/\/rmvapesale.com\/hr\/product\/uwin-crystal-10000-puff-disposable-vape-wholesale-price\/\">UWIN Crystal 10000 Puffs <span style=\"color: #ff0000\">&gt;&gt;&gt;&gt; kreni!<\/span><\/a>\u00a0<\/strong><\/p>\n<p><a href=\"https:\/\/rmvapesale.com\/hr\/product\/bang-box-30000-puff-smart-screen-disposable-vape-wholesale\/\"><strong>Bang Box 30000 Puffs Smart Screen Puffs <span style=\"color: #ff0000\">&gt;&gt;&gt;&gt; kreni!<\/span><\/strong><\/a><\/p>\n<p>&nbsp;<\/p>\n<p>&nbsp;<\/p>\n<p>Prona\u0111ite vi\u0161e Vape proizvoda koji bi vam se mogli svidjeti:<strong><em><a href=\"https:\/\/rmvapesale.com\/hr\/shop-2\/\">kupite sada &gt;&gt;&gt;<\/a><\/em><\/strong><\/p>","protected":false},"excerpt":{"rendered":"<p>12000 Udaraca Shisha Nargila Hitna Prodaja Vapa Cijena<br \/>\nFIHP Shisha Nargila 12000 Udaraca Monster Niska Nikotinska<br \/>\nFIHP Shisha Nargila 12000 Udaraca Jednokratna Vapa Na Veliko<\/p>\n<p><img loading=\"lazy\" decoding=\"async\" class=\"size-full wp-image-1978\" src=\"https:\/\/rmvapesale.com\/wp-content\/uploads\/2024\/09\/Disposable-Vape-Wholesale.jpg\" alt=\"Veleprodaja jednokratnih vejpova\" width=\"229\" height=\"300\" \/><\/p>\n<h3><a href=\"https:\/\/wa.me\/8617776015835\"><span style=\"color: #ff0000\"><strong>WhatsApp: +86 17776015835<\/strong><\/span><\/a><\/h3>\n<p>&nbsp;<\/p>","protected":false},"featured_media":2362,"comment_status":"open","ping_status":"closed","template":"","meta":{"_uag_custom_page_level_css":"","_lmt_disableupdate":"","_lmt_disable":"","site-sidebar-layout":"default","site-content-layout":"content-boxed-container","ast-site-content-layout":"normal-width-container","site-content-style":"boxed","site-sidebar-style":"unboxed","ast-global-header-display":"","ast-banner-title-visibility":"","ast-main-header-display":"","ast-hfb-above-header-display":"","ast-hfb-below-header-display":"","ast-hfb-mobile-header-display":"","site-post-title":"","ast-breadcrumbs-content":"","ast-featured-img":"","footer-sml-layout":"","ast-disable-related-posts":"","theme-transparent-header-meta":"default","adv-header-id-meta":"","stick-header-meta":"","header-above-stick-meta":"","header-main-stick-meta":"","header-below-stick-meta":"","astra-migrate-meta-layouts":"set","ast-page-background-enabled":"default","ast-page-background-meta":{"desktop":{"background-color":"var(--ast-global-color-4)","background-image":"","background-repeat":"repeat","background-position":"center center","background-size":"auto","background-attachment":"scroll","background-type":"","background-media":"","overlay-type":"","overlay-color":"","overlay-opacity":"","overlay-gradient":""},"tablet":{"background-color":"","background-image":"","background-repeat":"repeat","background-position":"center center","background-size":"auto","background-attachment":"scroll","background-type":"","background-media":"","overlay-type":"","overlay-color":"","overlay-opacity":"","overlay-gradient":""},"mobile":{"background-color":"","background-image":"","background-repeat":"repeat","background-position":"center center","background-size":"auto","background-attachment":"scroll","background-type":"","background-media":"","overlay-type":"","overlay-color":"","overlay-opacity":"","overlay-gradient":""}},"ast-content-background-meta":{"desktop":{"background-color":"var(--ast-global-color-5)","background-image":"","background-repeat":"repeat","background-position":"center center","background-size":"auto","background-attachment":"scroll","background-type":"","background-media":"","overlay-type":"","overlay-color":"","overlay-opacity":"","overlay-gradient":""},"tablet":{"background-color":"var(--ast-global-color-5)","background-image":"","background-repeat":"repeat","background-position":"center center","background-size":"auto","background-attachment":"scroll","background-type":"","background-media":"","overlay-type":"","overlay-color":"","overlay-opacity":"","overlay-gradient":""},"mobile":{"background-color":"var(--ast-global-color-5)","background-image":"","background-repeat":"repeat","background-position":"center center","background-size":"auto","background-attachment":"scroll","background-type":"","background-media":"","overlay-type":"","overlay-color":"","overlay-opacity":"","overlay-gradient":""}},"_joinchat":[]},"product_brand":[],"product_cat":[15,60,27,138,25,123,30,26,28,137,136,135],"product_tag":[66,125,126,111,105,120],"class_list":{"0":"post-2365","1":"product","2":"type-product","3":"status-publish","4":"has-post-thumbnail","6":"product_cat-new-vape-this-week","7":"product_cat-bang-vapes","8":"product_cat-fance-hot-sale-vape","9":"product_cat-fihp-disposable-vapes","10":"product_cat-germany-best-selling-vape","11":"product_cat-italy-wholesale-vape","12":"product_cat-minimum-order-quantity-50pcs","13":"product_cat-netherlands-hot-sale-vape","14":"product_cat-poland-hot-sale-vape","15":"product_cat-rechargeable-vapes","16":"product_cat-smart-screen-vapes","17":"product_cat-spain-best-hot-sale-vape","18":"product_tag-disposable-vape","19":"product_tag-disposable-vape-italy","20":"product_tag-e-cigarettes","21":"product_tag-low-nicotine-disposable-vape","22":"product_tag-nicotine-free-disposable-vape","23":"product_tag-vape-wholesale","24":"desktop-align-left","25":"tablet-align-left","26":"mobile-align-left","28":"first","29":"instock","30":"sale","31":"shipping-taxable","32":"purchasable","33":"product-type-simple"},"uagb_featured_image_src":{"full":["https:\/\/rmvapesale.com\/wp-content\/uploads\/2024\/10\/Fihp-Shisha-Hookah-12000-Puffs-Wholesale.jpg",808,808,false],"thumbnail":["https:\/\/rmvapesale.com\/wp-content\/uploads\/2024\/10\/Fihp-Shisha-Hookah-12000-Puffs-Wholesale-150x150.jpg",150,150,true],"medium":["https:\/\/rmvapesale.com\/wp-content\/uploads\/2024\/10\/Fihp-Shisha-Hookah-12000-Puffs-Wholesale-300x300.jpg",300,300,true],"medium_large":["https:\/\/rmvapesale.com\/wp-content\/uploads\/2024\/10\/Fihp-Shisha-Hookah-12000-Puffs-Wholesale-768x768.jpg",768,768,true],"large":["https:\/\/rmvapesale.com\/wp-content\/uploads\/2024\/10\/Fihp-Shisha-Hookah-12000-Puffs-Wholesale.jpg",808,808,false],"1536x1536":["https:\/\/rmvapesale.com\/wp-content\/uploads\/2024\/10\/Fihp-Shisha-Hookah-12000-Puffs-Wholesale.jpg",808,808,false],"2048x2048":["https:\/\/rmvapesale.com\/wp-content\/uploads\/2024\/10\/Fihp-Shisha-Hookah-12000-Puffs-Wholesale.jpg",808,808,false],"trp-custom-language-flag":["https:\/\/rmvapesale.com\/wp-content\/uploads\/2024\/10\/Fihp-Shisha-Hookah-12000-Puffs-Wholesale.jpg",12,12,false],"woocommerce_thumbnail":["https:\/\/rmvapesale.com\/wp-content\/uploads\/2024\/10\/Fihp-Shisha-Hookah-12000-Puffs-Wholesale-300x300.jpg",300,300,true],"woocommerce_single":["https:\/\/rmvapesale.com\/wp-content\/uploads\/2024\/10\/Fihp-Shisha-Hookah-12000-Puffs-Wholesale-600x600.jpg",600,600,true],"woocommerce_gallery_thumbnail":["https:\/\/rmvapesale.com\/wp-content\/uploads\/2024\/10\/Fihp-Shisha-Hookah-12000-Puffs-Wholesale-100x100.jpg",100,100,true],"wcpr-photo-reviews":["https:\/\/rmvapesale.com\/wp-content\/uploads\/2024\/10\/Fihp-Shisha-Hookah-12000-Puffs-Wholesale.jpg",500,500,false]},"uagb_author_info":{"display_name":"AMY","author_link":"https:\/\/rmvapesale.com\/hr\/author\/"},"uagb_comment_info":0,"uagb_excerpt":"12000 Puffs Shisha Hookah Hot Sale Vape Pen Price FIHP Shisha Hookah 12000 Puffs Monster Low Nicotine FIHP Shisha Hookah 12000 Puff Disposable Vape Bulk Buy WhatsApp: +86 17776015835 &nbsp;","_links":{"self":[{"href":"https:\/\/rmvapesale.com\/hr\/wp-json\/wp\/v2\/product\/2365","targetHints":{"allow":["GET"]}}],"collection":[{"href":"https:\/\/rmvapesale.com\/hr\/wp-json\/wp\/v2\/product"}],"about":[{"href":"https:\/\/rmvapesale.com\/hr\/wp-json\/wp\/v2\/types\/product"}],"replies":[{"embeddable":true,"href":"https:\/\/rmvapesale.com\/hr\/wp-json\/wp\/v2\/comments?post=2365"}],"wp:featuredmedia":[{"embeddable":true,"href":"https:\/\/rmvapesale.com\/hr\/wp-json\/wp\/v2\/media\/2362"}],"wp:attachment":[{"href":"https:\/\/rmvapesale.com\/hr\/wp-json\/wp\/v2\/media?parent=2365"}],"wp:term":[{"taxonomy":"product_brand","embeddable":true,"href":"https:\/\/rmvapesale.com\/hr\/wp-json\/wp\/v2\/product_brand?post=2365"},{"taxonomy":"product_cat","embeddable":true,"href":"https:\/\/rmvapesale.com\/hr\/wp-json\/wp\/v2\/product_cat?post=2365"},{"taxonomy":"product_tag","embeddable":true,"href":"https:\/\/rmvapesale.com\/hr\/wp-json\/wp\/v2\/product_tag?post=2365"}],"curies":[{"name":"wp","href":"https:\/\/api.w.org\/{rel}","templated":true}]}}