{"id":2372,"date":"2024-10-12T09:01:19","date_gmt":"2024-10-12T09:01:19","guid":{"rendered":"https:\/\/rmvapesale.com\/?post_type=product&#038;p=2372"},"modified":"2024-10-12T09:20:35","modified_gmt":"2024-10-12T09:20:35","slug":"fihp-digital-box-12000-puffs-hot-sale-vape-bulk-buy","status":"publish","type":"product","link":"https:\/\/rmvapesale.com\/hr\/product\/fihp-digital-box-12000-puffs-hot-sale-vape-bulk-buy\/","title":{"rendered":"FIHP Digital Box 12000 Puffs Vru\u0107a ponuda Vape Masovna kupnja"},"content":{"rendered":"<div class=\"B2VR9 CJHX3e\">\n<div class=\"wyccme\">\n<h1 class=\"LC20lb MBeuO DKV0Md\">FIHP Digital Box 12000 Puffs Vru\u0107a ponuda Vape Masovna kupnja<\/h1>\n<div class=\"flex-shrink-0 flex flex-col relative items-end\">\n<div class=\"pt-0\">\n<div class=\"gizmo-bot-avatar flex h-8 w-8 items-center justify-center overflow-hidden rounded-full\">\n<div class=\"relative p-1 rounded-sm flex items-center justify-center bg-token-main-surface-primary text-token-text-primary h-8 w-8\">\n<p>FIHP Digital Box 12000 Puffs dobar je izbor za one koji tra\u017ee vrhunski, dugotrajni jednokratni vape, sada dostupan za kupnju na veliko! Sa svojim elegantnim dizajnom i naprednim zna\u010dajkama, ova je vape olovka napravljena za izvedbu i prakti\u010dnost.<\/p>\n<p>S impresivnih 12.000 udisaja, FIHP Digital Box osigurava kontinuirano, zadovoljavaju\u0107e vape iskustvo bez \u010destih zamjena. Ovaj Vape Bar ure\u0111aj dolazi napunjen s 20 ml e-teku\u0107ine, dostupan u 2% i 5% niskim razinama nikotina, \u0161to vam omogu\u0107uje da prilagodite svoj vape svojim \u017eeljama, bez obzira preferirate li blagi ili intenzivniji pogodak nikotinom.<\/p>\n<p>Punjiva baterija od 650 mAh pru\u017ea pouzdanu, dosljednu snagu tijekom svake sesije, dok 1,0\u03a9 mre\u017easta zavojnica i podesiv protok zraka osiguravaju glatku, aromati\u010dnu proizvodnju pare koju mo\u017eete lako prilagoditi svojim \u017eeljama. Uz to, priklju\u010dak za punjenje Type-C omogu\u0107uje brzo, prakti\u010dno punjenje, tako da nikad ne morate \u010dekati.<\/p>\n<p>Savr\u0161en za one koji se \u017eele opskrbiti ili opskrbljivati \u200b\u200bsvoj posao, FIHP Digital Box 12000 Puffs na veliko pru\u017ea iznimnu vrijednost, a istovremeno pru\u017ea vrhunsko iskustvo kori\u0161tenja vapes.<\/p>\n<p>&nbsp;<\/p>\n<\/div>\n<\/div>\n<\/div>\n<\/div>\n<\/div>\n<\/div>\n<p><strong>Kontaktirajte Amy da dobijete pravi odgovor i vi\u0161e videozapisa o proizvodu!<\/strong><\/p>\n<p><img loading=\"lazy\" decoding=\"async\" class=\"size-full wp-image-1978\" src=\"https:\/\/rmvapesale.com\/wp-content\/uploads\/2024\/09\/Disposable-Vape-Wholesale.jpg\" alt=\"Veleprodaja jednokratnih vejpova\" width=\"229\" height=\"300\" \/><\/p>\n<h3><a href=\"https:\/\/wa.me\/8617776015835\" target=\"_blank\" rel=\"noopener\"><span style=\"color: #ff0000\"><strong>WhatsApp: +86 17776015835<\/strong><\/span><\/a><\/h3>\n<p>&nbsp;<\/p>\n<h2><\/h2>\n<h2><strong>FIHP Digital Box 12000 Puffs Jednokratni Vape Klju\u010dne zna\u010dajke<\/strong><\/h2>\n<p>&nbsp;<\/p>\n<ul>\n<li><strong>Veliki broj uvla\u010denja<\/strong>: U\u017eivajte do <strong>12.000 udisaja<\/strong> za dugotrajno i neprekidno u\u017eivanje u vapeanju.<\/li>\n<li><strong>Veliki kapacitet e-teku\u0107ine<\/strong>: Sadr\u017ei <strong>spremnik e-teku\u0107ine od 22 ml<\/strong>, ovaj ure\u0111aj omogu\u0107uje dugotrajnu upotrebu uz manje punjenja.<\/li>\n<li><strong>Pouzdana baterija<\/strong>: Pokre\u0107e ga <strong>650mAh punjivom baterijom<\/strong>650mAh punjiva baterija<\/li>\n<li><strong>Ja\u010dina nikotina<\/strong>: Nudi <strong>0.6% nikotina (6mg)<\/strong>, pru\u017eaju\u0107i zadovoljavaju\u0107e i glatko iskustvo vapinga.<\/li>\n<li><strong>Tehnologija mre\u017easte zavojnice<\/strong>: Opremljen s <strong>0.6\u03a9 mre\u017eastom zavojnicom<\/strong> za poja\u010dani okus i proizvodnju pare.<\/li>\n<li><strong>LED zaslon<\/strong>: Budite informirani s <strong>LED zaslon<\/strong> koji pru\u017ea a\u017euriranja u stvarnom vremenu o trajanju baterije i upotrebi.<\/li>\n<\/ul>\n<h2><\/h2>\n<h2><strong>Vrhunski okus za FIHP Digital Box 12000 Puffs Vape Bar<\/strong><\/h2>\n<p>S 10 ukusnih okusa kao \u0161to su Jagoda Kivi, Borovnica Malina i Breskva Mango, FIHP Digital Box nudi okus za svako nepce, osiguravaju\u0107i da \u0107ete uvijek imati ugodno iskustvo vapinga.<\/p>\n<p>01. So\u010dni Led<span style=\"color: #ff0000\"><strong>&gt;&gt;&gt;&gt; Vru\u0107e!<\/strong><\/span><br \/>\n02. Ledeni Gro\u017e\u0111e<br \/>\n03. Tre\u0161nja<br \/>\n04. Borovnica Malina<span style=\"color: #ff0000\"><strong>&gt;&gt;&gt;&gt; Vru\u0107e!<\/strong><\/span><br \/>\n05. Jagoda Kivi<br \/>\n06. Mije\u0161ano Bobi\u010dasto Vo\u0107e<span style=\"color: #ff0000\"><strong>&gt;&gt;&gt;&gt; Najbolje!<\/strong><\/span><br \/>\n07. Jagoda Lubenica<br \/>\n08. \u017evaka\u0107a guma od lubenice<br \/>\n09. Breskva Mango Ananas<br \/>\n10. Kivi Marakuja Guava<\/p>\n<figure id=\"attachment_2366\" aria-describedby=\"caption-attachment-2366\" style=\"width: 808px\" class=\"wp-caption alignnone\"><img loading=\"lazy\" decoding=\"async\" class=\"wp-image-2366 size-full\" src=\"https:\/\/rmvapesale.com\/wp-content\/uploads\/2024\/10\/FIHP-Digital-12000-Puffs-Flavor.jpg\" alt=\"FIHP Digital 12000 Puffs okus\" width=\"808\" height=\"808\" srcset=\"https:\/\/rmvapesale.com\/wp-content\/uploads\/2024\/10\/FIHP-Digital-12000-Puffs-Flavor.jpg 808w, https:\/\/rmvapesale.com\/wp-content\/uploads\/2024\/10\/FIHP-Digital-12000-Puffs-Flavor-300x300.jpg 300w, https:\/\/rmvapesale.com\/wp-content\/uploads\/2024\/10\/FIHP-Digital-12000-Puffs-Flavor-150x150.jpg 150w, https:\/\/rmvapesale.com\/wp-content\/uploads\/2024\/10\/FIHP-Digital-12000-Puffs-Flavor-768x768.jpg 768w, https:\/\/rmvapesale.com\/wp-content\/uploads\/2024\/10\/FIHP-Digital-12000-Puffs-Flavor-600x600.jpg 600w, https:\/\/rmvapesale.com\/wp-content\/uploads\/2024\/10\/FIHP-Digital-12000-Puffs-Flavor-100x100.jpg 100w\" sizes=\"auto, (max-width: 808px) 100vw, 808px\" \/><figcaption id=\"caption-attachment-2366\" class=\"wp-caption-text\">FIHP Digital 12000 Puffs okus<\/figcaption><\/figure>\n<h3><\/h3>\n<h3><strong>Za\u0161to odabrati Rmvapesale za FIHP Digital Box 12000 Puffs Hot Sale Vape<\/strong><strong>?<\/strong><\/h3>\n<div class=\"flex-shrink-0 flex flex-col relative items-end\">\n<div>\n<div class=\"pt-0\">\n<div class=\"gizmo-bot-avatar flex h-8 w-8 items-center justify-center overflow-hidden rounded-full\">\n<div class=\"relative p-1 rounded-sm flex items-center justify-center bg-token-main-surface-primary text-token-text-primary h-8 w-8\">\n<p>&nbsp;<\/p>\n<p>Kada odaberete Rmvapesale za svoje veleprodajne potrebe za jednokratnim vapeovima, imat \u0107ete koristi od:<\/p>\n<ul>\n<li><strong>Konkurentna cijena<\/strong>: Ostvarite pristup atraktivnim veleprodajnim cijenama koje pove\u0107avaju va\u0161e poslovne mar\u017ee.<\/li>\n<li><strong>Visoka kvaliteta<\/strong>: Na\u0161i vapeovi izra\u0111eni su prema najvi\u0161im standardima i <span style=\"color: #ff0000\"><strong>zajam\u010deno 100% originalni i autenti\u010dni, ili \u0107e se osigurati 10 puta ve\u0107a naknada za la\u017enu robu!<\/strong><\/span><\/li>\n<li><strong>Izvrsna korisni\u010dka podr\u0161ka<\/strong>Na\u0161 posve\u0107eni tim uvijek je spreman pomo\u0107i vam, \u010dine\u0107i va\u0161 postupak kupnje jednostavnim i bezbri\u017enim.<\/li>\n<li><strong>Brzo<\/strong>O\u010dekujte brzu i pouzdanu dostavu, osiguravaju\u0107i da va\u0161e narud\u017ebe stignu na vrijeme, svaki put.<\/li>\n<\/ul>\n<h3><\/h3>\n<h3><b>\u010cesto postavljana pitanja<\/b><\/h3>\n<p>&nbsp;<\/p>\n<\/div>\n<\/div>\n<\/div>\n<\/div>\n<\/div>\n<div class=\"group\/conversation-turn relative flex w-full min-w-0 flex-col agent-turn\">\n<div class=\"flex-col gap-1 md:gap-3\">\n<div class=\"flex max-w-full flex-col flex-grow\">\n<div class=\"min-h-8 text-message flex w-full flex-col items-end gap-2 whitespace-normal break-words [.text-message+&amp;]:mt-5\" dir=\"auto\" data-message-author-role=\"assistant\" data-message-id=\"f226d3fc-81f3-46d5-8c46-31787fff0357\">\n<div class=\"flex w-full flex-col gap-1 empty:hidden first:pt-[3px]\">\n<div class=\"markdown prose w-full break-words dark:prose-invert light\">\n<p>1. Koliko dugo traje FIHP 12000 Puffs jednokratni Vape?<br \/>\nFIHP 12000 Puffs jednokratni Vape pru\u017ea do 12.000 udisaja, osiguravaju\u0107i dugotrajno iskustvo vapinga bez potrebe za \u010destim zamjenama.<\/p>\n<p>2. Koji su dostupni okusi za FIHP 12000 Puffs Vape?<br \/>\nOvaj jednokratni vape dolazi u raznim od 10 ukusnih okusa, uklju\u010duju\u0107i popularne opcije kao \u0161to su Lush Ice, Grape Ice, Cherry, Blueberry Raspberry i jo\u0161 mnogo toga. Postoji okus za sva\u010diji ukus!<\/p>\n<p>3. Koje su ja\u010dine nikotina dostupne?<br \/>\nFIHP 12000 Puffs jednokratni vape dostupan je u ja\u010dinama nikotina od 2% i 5%, zadovoljavaju\u0107i korisnike koji preferiraju umjerene ili ja\u010de razine nikotina.<\/p>\n<p>4. Kakva je kvaliteta pare FIHP 12000 Puffs jednokratnog vapea?<br \/>\nOvaj jednokratni vape, opremljen mre\u017eastim grija\u010dem od 1,0 ohma, pobolj\u0161ava proizvodnju pare i isporuku arome, pru\u017eaju\u0107i glatko i zadovoljavaju\u0107e iskustvo vapinga.<\/p>\n<p>5. Kako punim FIHP 12000 Puffs Vape?<br \/>\nFIHP 12000 dolazi s punjivom baterijom od 650 mAh i USB-C priklju\u010dkom za punjenje za brzo i prakti\u010dno punjenje, osiguravaju\u0107i da je va\u0161 vape uvijek spreman.<\/p>\n<p>6. Koliko e-teku\u0107ine dr\u017ei FIHP 12000?<br \/>\nOvaj jednokratni vape prethodno je napunjen s izda\u0161nih 20 ml e-teku\u0107ine, pru\u017eaju\u0107i dugotrajno u\u017eivanje bez \u010destog punjenja.<\/p>\n<p>7. Ima li FIHP 12000 Puffs jednokratni vape ikakve indikatore?<br \/>\nDa, ima LED zaslon koji prikazuje podatke u stvarnom vremenu, uklju\u010duju\u0107i trajanje baterije i broj povla\u010denja, tako da mo\u017eete jednostavno pratiti status svog ure\u0111aja.<\/p>\n<\/div>\n<\/div>\n<\/div>\n<\/div>\n<\/div>\n<\/div>\n<p>&nbsp;<\/p>\n<h3><\/h3>\n<h3>O isporuci<\/h3>\n<div class=\"flex-shrink-0 flex flex-col relative items-end\">\n<div>\n<div class=\"pt-0\">\n<div class=\"gizmo-bot-avatar flex h-8 w-8 items-center justify-center overflow-hidden rounded-full\">\n<div><\/div>\n<div class=\"relative p-1 rounded-sm flex items-center justify-center bg-token-main-surface-primary text-token-text-primary h-8 w-8\"><strong>1. Koje metode dostave se koriste?<\/strong><\/div>\n<\/div>\n<\/div>\n<\/div>\n<\/div>\n<div class=\"group\/conversation-turn relative flex w-full min-w-0 flex-col agent-turn\">\n<div class=\"flex-col gap-1 md:gap-3\">\n<div class=\"flex max-w-full flex-col flex-grow\">\n<div class=\"min-h-[20px] text-message flex w-full flex-col items-end gap-2 whitespace-normal break-words [.text-message+&amp;]:mt-5 overflow-x-auto\" dir=\"auto\" data-message-author-role=\"assistant\" data-message-id=\"22f8283b-3233-46ff-89a5-c7a41b33abda\">\n<div class=\"flex w-full flex-col gap-1 empty:hidden first:pt-[3px]\">\n<div class=\"markdown prose w-full break-words dark:prose-invert light\">\n<p>Sura\u0111ujemo s UPS-om, DHL-om, FedEx-om, DPD-om i drugim vode\u0107im prijevoznicima. Odabrat \u0107emo najbolju metodu dostave na temelju va\u0161e lokacije kako bismo osigurali da svoje proizvode primite \u0161to je prije mogu\u0107e.<\/p>\n<\/div>\n<p><strong>2. Koliko dugo traje dostava?<\/strong><\/p>\n<p>Paketi poslani u Hrvatsku obi\u010dno sti\u017eu unutar 10 radnih dana. Dostava u europske zemlje op\u0107enito traje oko 12-15 radnih dana. Pru\u017eit \u0107emo vam a\u017euriranja o statusu va\u0161e po\u0161iljke u stvarnom vremenu.<\/p>\n<\/div>\n<\/div>\n<\/div>\n<\/div>\n<\/div>\n<p>&nbsp;<\/p>\n<p>Ostali popularni vape ure\u0111aji koji bi vam se mogli svidjeti:<\/p>\n<p><a href=\"https:\/\/rmvapesale.com\/hr\/product\/bang-beach-20000-puffs-vape-smart-screen-disposable-e-cig\/\"><strong>bang beach 20000 Puffs\u00a0 \u00a0<span style=\"color: #ff0000\">&gt;&gt;&gt;&gt; kreni!<\/span><\/strong><\/a><\/p>\n<p><strong><a href=\"https:\/\/rmvapesale.com\/hr\/product\/uwin-crystal-10000-puff-disposable-vape-wholesale-price\/\">UWIN Crystal 10000 Puffs <span style=\"color: #ff0000\">&gt;&gt;&gt;&gt; kreni!<\/span><\/a>\u00a0<\/strong><\/p>\n<p><a href=\"https:\/\/rmvapesale.com\/hr\/product\/uzy-crystal-pro-max-10k-puffs-disposable-vape-pen-wholesale\/\"><strong>UZY Crystal Pro Max 10000 Puffs <span style=\"color: #ff0000\">&gt;&gt;&gt;&gt; kreni!<\/span><\/strong><\/a><\/p>\n<p>&nbsp;<\/p>\n<p>&nbsp;<\/p>\n<p>Prona\u0111ite vi\u0161e Vape proizvoda koji bi vam se mogli svidjeti:<strong><em><a href=\"https:\/\/rmvapesale.com\/hr\/shop-2\/\">kupite sada &gt;&gt;&gt;<\/a><\/em><\/strong><\/p>","protected":false},"excerpt":{"rendered":"<p>Originalni FIHP Digital Box 12K Puffs jednokratni vape<br \/>\nDigital Box 12000 Puffs FIHP jednokratni Vape 2% 5%<br \/>\nFIHP Digital 12000 Puffs Fumot Veleprodajna cijena niske razine nikotina<\/p>\n<p><img loading=\"lazy\" decoding=\"async\" class=\"size-full wp-image-1978\" src=\"https:\/\/rmvapesale.com\/wp-content\/uploads\/2024\/09\/Disposable-Vape-Wholesale.jpg\" alt=\"Veleprodaja jednokratnih vejpova\" width=\"229\" height=\"300\" \/><\/p>\n<h3><a href=\"https:\/\/wa.me\/8617776015835\"><span style=\"color: #ff0000\"><strong>WhatsApp: +86 17776015835<\/strong><\/span><\/a><\/h3>\n<p>&nbsp;<\/p>","protected":false},"featured_media":2369,"comment_status":"open","ping_status":"closed","template":"","meta":{"_uag_custom_page_level_css":"","_lmt_disableupdate":"","_lmt_disable":"","site-sidebar-layout":"default","site-content-layout":"content-boxed-container","ast-site-content-layout":"normal-width-container","site-content-style":"boxed","site-sidebar-style":"unboxed","ast-global-header-display":"","ast-banner-title-visibility":"","ast-main-header-display":"","ast-hfb-above-header-display":"","ast-hfb-below-header-display":"","ast-hfb-mobile-header-display":"","site-post-title":"","ast-breadcrumbs-content":"","ast-featured-img":"","footer-sml-layout":"","theme-transparent-header-meta":"default","adv-header-id-meta":"","stick-header-meta":"","header-above-stick-meta":"","header-main-stick-meta":"","header-below-stick-meta":"","astra-migrate-meta-layouts":"set","ast-page-background-enabled":"default","ast-page-background-meta":{"desktop":{"background-color":"var(--ast-global-color-4)","background-image":"","background-repeat":"repeat","background-position":"center center","background-size":"auto","background-attachment":"scroll","background-type":"","background-media":"","overlay-type":"","overlay-color":"","overlay-opacity":"","overlay-gradient":""},"tablet":{"background-color":"","background-image":"","background-repeat":"repeat","background-position":"center center","background-size":"auto","background-attachment":"scroll","background-type":"","background-media":"","overlay-type":"","overlay-color":"","overlay-opacity":"","overlay-gradient":""},"mobile":{"background-color":"","background-image":"","background-repeat":"repeat","background-position":"center center","background-size":"auto","background-attachment":"scroll","background-type":"","background-media":"","overlay-type":"","overlay-color":"","overlay-opacity":"","overlay-gradient":""}},"ast-content-background-meta":{"desktop":{"background-color":"var(--ast-global-color-5)","background-image":"","background-repeat":"repeat","background-position":"center center","background-size":"auto","background-attachment":"scroll","background-type":"","background-media":"","overlay-type":"","overlay-color":"","overlay-opacity":"","overlay-gradient":""},"tablet":{"background-color":"var(--ast-global-color-5)","background-image":"","background-repeat":"repeat","background-position":"center center","background-size":"auto","background-attachment":"scroll","background-type":"","background-media":"","overlay-type":"","overlay-color":"","overlay-opacity":"","overlay-gradient":""},"mobile":{"background-color":"var(--ast-global-color-5)","background-image":"","background-repeat":"repeat","background-position":"center center","background-size":"auto","background-attachment":"scroll","background-type":"","background-media":"","overlay-type":"","overlay-color":"","overlay-opacity":"","overlay-gradient":""}},"_joinchat":[]},"product_brand":[],"product_cat":[15,25,123,26,28,135,27,60,138,137,136,30],"product_tag":[66,139,126,40,111,105,120],"class_list":{"0":"post-2372","1":"product","2":"type-product","3":"status-publish","4":"has-post-thumbnail","6":"product_cat-new-vape-this-week","7":"product_cat-germany-best-selling-vape","8":"product_cat-italy-wholesale-vape","9":"product_cat-netherlands-hot-sale-vape","10":"product_cat-poland-hot-sale-vape","11":"product_cat-spain-best-hot-sale-vape","12":"product_cat-fance-hot-sale-vape","13":"product_cat-bang-vapes","14":"product_cat-fihp-disposable-vapes","15":"product_cat-rechargeable-vapes","16":"product_cat-smart-screen-vapes","17":"product_cat-minimum-order-quantity-50pcs","18":"product_tag-disposable-vape","19":"product_tag-disposable-vape-pen","20":"product_tag-e-cigarettes","21":"product_tag-hot-sale-vape","22":"product_tag-low-nicotine-disposable-vape","23":"product_tag-nicotine-free-disposable-vape","24":"product_tag-vape-wholesale","25":"desktop-align-left","26":"tablet-align-left","27":"mobile-align-left","29":"first","30":"instock","31":"sale","32":"shipping-taxable","33":"purchasable","34":"product-type-simple"},"uagb_featured_image_src":{"full":["https:\/\/rmvapesale.com\/wp-content\/uploads\/2024\/10\/FIHP-Digital-12000-Puffs-Wholesale-Price.jpg",808,808,false],"thumbnail":["https:\/\/rmvapesale.com\/wp-content\/uploads\/2024\/10\/FIHP-Digital-12000-Puffs-Wholesale-Price-150x150.jpg",150,150,true],"medium":["https:\/\/rmvapesale.com\/wp-content\/uploads\/2024\/10\/FIHP-Digital-12000-Puffs-Wholesale-Price-300x300.jpg",300,300,true],"medium_large":["https:\/\/rmvapesale.com\/wp-content\/uploads\/2024\/10\/FIHP-Digital-12000-Puffs-Wholesale-Price-768x768.jpg",768,768,true],"large":["https:\/\/rmvapesale.com\/wp-content\/uploads\/2024\/10\/FIHP-Digital-12000-Puffs-Wholesale-Price.jpg",808,808,false],"1536x1536":["https:\/\/rmvapesale.com\/wp-content\/uploads\/2024\/10\/FIHP-Digital-12000-Puffs-Wholesale-Price.jpg",808,808,false],"2048x2048":["https:\/\/rmvapesale.com\/wp-content\/uploads\/2024\/10\/FIHP-Digital-12000-Puffs-Wholesale-Price.jpg",808,808,false],"trp-custom-language-flag":["https:\/\/rmvapesale.com\/wp-content\/uploads\/2024\/10\/FIHP-Digital-12000-Puffs-Wholesale-Price.jpg",12,12,false],"woocommerce_thumbnail":["https:\/\/rmvapesale.com\/wp-content\/uploads\/2024\/10\/FIHP-Digital-12000-Puffs-Wholesale-Price-300x300.jpg",300,300,true],"woocommerce_single":["https:\/\/rmvapesale.com\/wp-content\/uploads\/2024\/10\/FIHP-Digital-12000-Puffs-Wholesale-Price-600x600.jpg",600,600,true],"woocommerce_gallery_thumbnail":["https:\/\/rmvapesale.com\/wp-content\/uploads\/2024\/10\/FIHP-Digital-12000-Puffs-Wholesale-Price-100x100.jpg",100,100,true],"wcpr-photo-reviews":["https:\/\/rmvapesale.com\/wp-content\/uploads\/2024\/10\/FIHP-Digital-12000-Puffs-Wholesale-Price.jpg",500,500,false]},"uagb_author_info":{"display_name":"AMY","author_link":"https:\/\/rmvapesale.com\/hr\/author\/"},"uagb_comment_info":0,"uagb_excerpt":"Original FIHP Digital Box 12K Puffs Disposable vape Digital Box 12000 Puffs FIHP Disposable Vape 2% 5% FIHP Digital 12000 Puffs Fumot Wholesale Price Low Nicotine WhatsApp: +86 17776015835 &nbsp;","_links":{"self":[{"href":"https:\/\/rmvapesale.com\/hr\/wp-json\/wp\/v2\/product\/2372","targetHints":{"allow":["GET"]}}],"collection":[{"href":"https:\/\/rmvapesale.com\/hr\/wp-json\/wp\/v2\/product"}],"about":[{"href":"https:\/\/rmvapesale.com\/hr\/wp-json\/wp\/v2\/types\/product"}],"replies":[{"embeddable":true,"href":"https:\/\/rmvapesale.com\/hr\/wp-json\/wp\/v2\/comments?post=2372"}],"wp:featuredmedia":[{"embeddable":true,"href":"https:\/\/rmvapesale.com\/hr\/wp-json\/wp\/v2\/media\/2369"}],"wp:attachment":[{"href":"https:\/\/rmvapesale.com\/hr\/wp-json\/wp\/v2\/media?parent=2372"}],"wp:term":[{"taxonomy":"product_brand","embeddable":true,"href":"https:\/\/rmvapesale.com\/hr\/wp-json\/wp\/v2\/product_brand?post=2372"},{"taxonomy":"product_cat","embeddable":true,"href":"https:\/\/rmvapesale.com\/hr\/wp-json\/wp\/v2\/product_cat?post=2372"},{"taxonomy":"product_tag","embeddable":true,"href":"https:\/\/rmvapesale.com\/hr\/wp-json\/wp\/v2\/product_tag?post=2372"}],"curies":[{"name":"wp","href":"https:\/\/api.w.org\/{rel}","templated":true}]}}