{"id":2471,"date":"2024-10-19T08:23:13","date_gmt":"2024-10-19T08:23:13","guid":{"rendered":"https:\/\/rmvapesale.com\/?post_type=product&#038;p=2471"},"modified":"2024-10-21T07:11:24","modified_gmt":"2024-10-21T07:11:24","slug":"randm-tornado-25000-puffs-disposable-vape-wholesale","status":"publish","type":"product","link":"https:\/\/rmvapesale.com\/hr\/product\/randm-tornado-25000-puffs-disposable-vape-wholesale\/","title":{"rendered":"RandM Tornado 25000 Puffs jednokratni Vape Veleprodaja"},"content":{"rendered":"<div class=\"B2VR9 CJHX3e\">\n<div class=\"wyccme\">\n<h1 class=\"LC20lb MBeuO DKV0Md\">RandM Tornado 25000 Puffs jednokratni Vape Veleprodaja<\/h1>\n<div class=\"flex-shrink-0 flex flex-col relative items-end\">\n<div class=\"pt-0\">\n<div class=\"gizmo-bot-avatar flex h-8 w-8 items-center justify-center overflow-hidden rounded-full\">\n<div class=\"relative p-1 rounded-sm flex items-center justify-center bg-token-main-surface-primary text-token-text-primary h-8 w-8\">\n<p>Ovaj <strong>RandM Tornado 25000 Puffs jednokratni vape<\/strong> isti\u010de se kao jedan od najtrajnijih i najinovativnijih jednokratnih vape ure\u0111aja na dana\u0161njem tr\u017ei\u0161tu. Nude\u0107i do <strong>25.000 udisaja<\/strong>, ovaj je ure\u0111aj savr\u0161en za one koji tra\u017ee produljeno iskustvo vapinga. Dostupan u 24 razli\u010dita okusa, zadovoljava \u0161irok raspon preferencija okusa, \u0161to ga \u010dini jednim od najboljih izbora me\u0111u popularnim markama vape ure\u0111aja. Bez obzira kupujete li za osobnu upotrebu ili tra\u017eite <strong>vape na veliko<\/strong>, ovo <strong>jednokratni vape s niskim sadr\u017eajem nikotina<\/strong> je idealno za one koji preferiraju nisku veleprodajnu cijenu.<\/p>\n<p>Jedna od klju\u010dnih zna\u010dajki <strong>RandM Tornado 25000<\/strong> je ugra\u0111eni 1,77-in\u010dni zaslon visoke razlu\u010divosti <strong>TFT zaslon<\/strong>, koji korisnicima pru\u017ea informacije u stvarnom vremenu kao \u0161to su trajanje baterije i razina ulja. Osim toga, uklju\u010duje zabavne zna\u010dajke igranja za zanimljivo iskustvo izvan vapinga. Ovaj <strong>jednokratni vape sa zaslonom<\/strong> nudi nenadma\u0161nu prakti\u010dnost, omogu\u0107uju\u0107i vam da u\u017eivate u bogatim okusima bez muke s ponovnim punjenjem ili odr\u017eavanjem.<\/p>\n<p>Dizajniran s mogu\u0107no\u0161\u0107u ponovnog punjenja, <strong>RandM Tornado<\/strong> osigurava da mo\u017eete u\u017eivati u svakoj kapi e-teku\u0107ine. Njegova <strong>punjivi vapes<\/strong> funkcionalnost jam\u010di potpunu iskoristivost ure\u0111aja do posljednjeg dima.<\/p>\n<p>Savr\u0161en za veleprodajne kupce i one koji \u017eele istra\u017eiti <strong>veleprodajne opcije za vape<\/strong> opcijama, <strong>RandM Tornado 25000<\/strong> kombinira dugotrajnu upotrebu, vrhunsku tehnologiju i bogate opcije okusa, \u0161to ga \u010dini istaknutim u svijetu <strong>jednokratne vape online<\/strong>. Svojim besprijekornim dizajnom i sustavom jednostavnim za kori\u0161tenje, ovaj ure\u0111aj osigurava optimalno iskustvo vapinga od po\u010detka do kraja.<\/p>\n<p>Proizvod se brzo isporu\u010duje diljem Europe, poput Njema\u010dke, Nizozemske, Italije, Francuske, \u0160panjolske, \u0160vicarske, \u0160vedske, Poljske itd.<\/p>\n<\/div>\n<\/div>\n<\/div>\n<\/div>\n<\/div>\n<\/div>\n<p><strong>Kontaktirajte Amy da dobijete pravi odgovor i kupon za vape!<\/strong><\/p>\n<p><img loading=\"lazy\" decoding=\"async\" class=\"size-full wp-image-1978\" src=\"https:\/\/rmvapesale.com\/wp-content\/uploads\/2024\/09\/Disposable-Vape-Wholesale.jpg\" alt=\"Veleprodaja jednokratnih vejpova\" width=\"229\" height=\"300\" \/><\/p>\n<h3><a href=\"https:\/\/wa.me\/8617776015835\" target=\"_blank\" rel=\"noopener\"><span style=\"color: #ff0000\"><strong>WhatsApp: +86 17776015835<\/strong><\/span><\/a><\/h3>\n<p>&nbsp;<\/p>\n<h2><\/h2>\n<h2><strong>Fumot Vape 25000 Jednokratni<\/strong><strong>\u00a0<\/strong><strong>Klju\u010dne zna\u010dajke<\/strong><\/h2>\n<p>&nbsp;<\/p>\n<p>Marka: TORNADO 25000<br \/>\nOkus: Ru\u017ei\u010dasta Limunada<br \/>\nUdisaji: 25000<br \/>\nJa\u010dina nikotina: 2% 5%<br \/>\nZapremina teku\u0107ine: 20 ML<br \/>\nBaterija<br \/>\nKapacitet baterije: 700mAh<br \/>\nPriklju\u010dak: Punjenje putem USB-C<br \/>\nZaslon za prikaz teku\u0107ine i baterije<\/p>\n<h2><\/h2>\n<h2><strong>Najbolji okus za RandM Tornado 25000<\/strong><\/h2>\n<p>S 24 jedinstvena okusa, RandM Tornado 25000 zadovoljava \u0161irok raspon preferencija, osiguravaju\u0107i da svaki korisnik mo\u017ee prona\u0107i okus koji mu odgovara. Ure\u0111aj je izra\u0111en od visokokvalitetnih materijala, \u0161to osigurava trajnost i zadovoljavaju\u0107e iskustvo vapinga<\/p>\n<p>1. Ledena banana<br \/>\n2. Jagoda Lubenica<br \/>\n3. Miami menta<br \/>\n4. Borovnica malina<br \/>\n5. Crni led<br \/>\n6. Bijeli gumeni bombon led <span style=\"color: #ff0000\"><strong>&gt;&gt;&gt;&gt; Vru\u0107e!<\/strong><\/span><br \/>\n7. Ledena lubenica<br \/>\n8. So\u010dna breskva led<br \/>\n9. Ru\u017ei\u010dasta limunada<br \/>\n10. Jagoda mango<br \/>\n11. Breskva mango lubenica<br \/>\n12. Limun gro\u017e\u0111e<br \/>\n13. Tropska duga eksplozija<span style=\"color: #ff0000\"><strong>&gt;&gt;&gt;&gt; Vru\u0107e!<\/strong><\/span><br \/>\n14. Tre\u0161njina bomba<br \/>\n15. Bombon tre\u0161njeva bomba <span style=\"color: #ff0000\"><strong>&gt;&gt;&gt;&gt; Vru\u0107e!<\/strong><\/span><br \/>\n16. Dvostruka jabuka<br \/>\n17. RU\u017dI\u010cASTA LIMUNADA <span style=\"color: #ff0000\"><strong>&gt;&gt;&gt;&gt; Najbolje!<\/strong><\/span><\/p>\n<figure id=\"attachment_2464\" aria-describedby=\"caption-attachment-2464\" style=\"width: 300px\" class=\"wp-caption alignnone\"><img loading=\"lazy\" decoding=\"async\" class=\"size-medium wp-image-2464\" src=\"https:\/\/rmvapesale.com\/wp-content\/uploads\/2024\/10\/Fumot-Vape-Randm-Tornado-25000-Puffs-Wholesale-300x300.jpg\" alt=\"Fumot Vape Randm Tornado 25000 Puffs Veleprodaja\" width=\"300\" height=\"300\" srcset=\"https:\/\/rmvapesale.com\/wp-content\/uploads\/2024\/10\/Fumot-Vape-Randm-Tornado-25000-Puffs-Wholesale-300x300.jpg 300w, https:\/\/rmvapesale.com\/wp-content\/uploads\/2024\/10\/Fumot-Vape-Randm-Tornado-25000-Puffs-Wholesale-150x150.jpg 150w, https:\/\/rmvapesale.com\/wp-content\/uploads\/2024\/10\/Fumot-Vape-Randm-Tornado-25000-Puffs-Wholesale-768x768.jpg 768w, https:\/\/rmvapesale.com\/wp-content\/uploads\/2024\/10\/Fumot-Vape-Randm-Tornado-25000-Puffs-Wholesale-600x600.jpg 600w, https:\/\/rmvapesale.com\/wp-content\/uploads\/2024\/10\/Fumot-Vape-Randm-Tornado-25000-Puffs-Wholesale-100x100.jpg 100w, https:\/\/rmvapesale.com\/wp-content\/uploads\/2024\/10\/Fumot-Vape-Randm-Tornado-25000-Puffs-Wholesale.jpg 800w\" sizes=\"auto, (max-width: 300px) 100vw, 300px\" \/><figcaption id=\"caption-attachment-2464\" class=\"wp-caption-text\">Fumot Vape Randm Tornado 25000 Puffs Veleprodaja<\/figcaption><\/figure>\n<figure id=\"attachment_2463\" aria-describedby=\"caption-attachment-2463\" style=\"width: 300px\" class=\"wp-caption alignnone\"><img loading=\"lazy\" decoding=\"async\" class=\"size-medium wp-image-2463\" src=\"https:\/\/rmvapesale.com\/wp-content\/uploads\/2024\/10\/Fumot-Vape-Randm-Tornado-25000-Puffs-Disposable-300x300.jpg\" alt=\"Fumot Vape Randm Tornado 25000 Puffs Jednokratno\" width=\"300\" height=\"300\" srcset=\"https:\/\/rmvapesale.com\/wp-content\/uploads\/2024\/10\/Fumot-Vape-Randm-Tornado-25000-Puffs-Disposable-300x300.jpg 300w, https:\/\/rmvapesale.com\/wp-content\/uploads\/2024\/10\/Fumot-Vape-Randm-Tornado-25000-Puffs-Disposable-150x150.jpg 150w, https:\/\/rmvapesale.com\/wp-content\/uploads\/2024\/10\/Fumot-Vape-Randm-Tornado-25000-Puffs-Disposable-768x768.jpg 768w, https:\/\/rmvapesale.com\/wp-content\/uploads\/2024\/10\/Fumot-Vape-Randm-Tornado-25000-Puffs-Disposable-600x600.jpg 600w, https:\/\/rmvapesale.com\/wp-content\/uploads\/2024\/10\/Fumot-Vape-Randm-Tornado-25000-Puffs-Disposable-100x100.jpg 100w, https:\/\/rmvapesale.com\/wp-content\/uploads\/2024\/10\/Fumot-Vape-Randm-Tornado-25000-Puffs-Disposable.jpg 800w\" sizes=\"auto, (max-width: 300px) 100vw, 300px\" \/><figcaption id=\"caption-attachment-2463\" class=\"wp-caption-text\">Fumot Vape Randm Tornado 25000 Puffs Jednokratno<\/figcaption><\/figure>\n<h3><strong>Za\u0161to odabrati Rmvapesale za RandM 25000 Puffs<\/strong><strong>?<\/strong><\/h3>\n<div class=\"flex-shrink-0 flex flex-col relative items-end\">\n<div class=\"pt-0\">\n<div class=\"gizmo-bot-avatar flex h-8 w-8 items-center justify-center overflow-hidden rounded-full\">\n<div class=\"relative p-1 rounded-sm flex items-center justify-center bg-token-main-surface-primary text-token-text-primary h-8 w-8\">\n<p>&nbsp;<\/p>\n<p>Kada odaberete Rmvapesale za svoje veleprodajne potrebe za jednokratnim vapeovima, imat \u0107ete koristi od:<\/p>\n<ul>\n<li><strong>Konkurentna cijena<\/strong>: Ostvarite pristup atraktivnim veleprodajnim cijenama koje pove\u0107avaju va\u0161e poslovne mar\u017ee.<\/li>\n<li><strong>Visoka kvaliteta<\/strong>: Na\u0161i vapeovi izra\u0111eni su prema najvi\u0161im standardima i <span style=\"color: #ff0000\"><strong>zajam\u010deno 100% originalni i autenti\u010dni, ili \u0107e se osigurati 10 puta ve\u0107a naknada za la\u017enu robu!<\/strong><\/span><\/li>\n<li><strong>Izvrsna korisni\u010dka podr\u0161ka<\/strong>Na\u0161 posve\u0107eni tim uvijek je spreman pomo\u0107i vam, \u010dine\u0107i va\u0161 postupak kupnje jednostavnim i bezbri\u017enim.<\/li>\n<li><strong>Brzo<\/strong>O\u010dekujte brzu i pouzdanu dostavu, osiguravaju\u0107i da va\u0161e narud\u017ebe stignu na vrijeme, svaki put.<\/li>\n<\/ul>\n<\/div>\n<h3><\/h3>\n<div class=\"relative p-1 rounded-sm flex items-center justify-center bg-token-main-surface-primary text-token-text-primary h-8 w-8\">\n<h3><b>\u010cesto postavljana pitanja<\/b><\/h3>\n<p>&nbsp;<\/p>\n<ul>\n<li><strong>Kako odabrati pravi jednokratni vape?<\/strong><br \/>\nOdabir najboljeg jednokratnog vapea ovisi o va\u0161im \u017eeljama. Ako \u017eelite dugotrajan ure\u0111aj, odaberite modele poput RandM Tornado 25000 Puffs, koji nude tisu\u0107e udisaja. Za ljubitelje okusa, marke poput Bang vapes ili Waspe vape nude \u0161iroku paletu vo\u0107nih i desertnih okusa. Klju\u010dno je dati prednost onome \u0161to vam je najva\u017enije: trajanju baterije, raznolikosti okusa ili prenosivosti.<\/li>\n<li><strong>Koji jednokratni vape nudi najbolji okus?<\/strong><br \/>\nZa izniman okus, Fumot RandM vape 25000 je glavni kandidat, pru\u017eaju\u0107i glatke udarce s dugotrajnim okusom, posebno u vo\u0107nim opcijama Bombon tre\u0161njina bomba, Dvostruka jabuka, RU\u017dI\u010cASTA LIMUNADA, itd.<\/li>\n<li><strong>Kako znati kada je va\u0161 vape prazan?\u00a0<\/strong><br \/>\nPrimijetit \u0107ete da vam je jednokratni vape pri kraju kada okus oslabi ili se smanji proizvodnja pare. Neki novi jednokratni vape ure\u0111aji sa zaslonom, poput RandM Tornado 12000, RandM Tornado 25000, Waspe 30000 Puffs, imat \u0107e indikaciju na zaslonu.<\/li>\n<li><strong>Koliko dugo se puni Randm Tornado?<\/strong><br \/>\nPunjenje ve\u0107ine baterija e-cigareta obi\u010dno traje oko 3 do 4 sata za potpuno punjenje, ovisno o veli\u010dini baterije. Najbolje je pri\u010dekati da se baterija potpuno isprazni prije ponovnog punjenja. Me\u0111utim, budu\u0107i da je svaki ure\u0111aj jedinstven, uvijek provjerite priru\u010dnik svog proizvoda za specifi\u010dne smjernice i indikatore punjenja kako biste osigurali optimalne performanse.<\/li>\n<\/ul>\n<\/div>\n<\/div>\n<\/div>\n<\/div>\n<div class=\"group\/conversation-turn relative flex w-full min-w-0 flex-col agent-turn\">\n<div class=\"flex-col gap-1 md:gap-3\">\n<div class=\"flex max-w-full flex-col flex-grow\">\n<div class=\"min-h-8 text-message flex w-full flex-col items-end gap-2 whitespace-normal break-words [.text-message+&amp;]:mt-5\" dir=\"auto\" data-message-author-role=\"assistant\" data-message-id=\"f226d3fc-81f3-46d5-8c46-31787fff0357\">\n<div class=\"flex w-full flex-col gap-1 empty:hidden first:pt-[3px]\">\n<div class=\"markdown prose w-full break-words dark:prose-invert light\">\n<div class=\"group\/conversation-turn relative flex w-full min-w-0 flex-col agent-turn\">\n<div class=\"flex-col gap-1 md:gap-3\">\n<div class=\"flex max-w-full flex-col flex-grow\">\n<div class=\"min-h-8 text-message flex w-full flex-col items-end gap-2 whitespace-normal break-words [.text-message+&amp;]:mt-5\" dir=\"auto\" data-message-author-role=\"assistant\" data-message-id=\"91d2b73b-9149-4888-a964-4b8464e0e6e3\" data-message-model-slug=\"gpt-4o\">\n<div class=\"flex w-full flex-col gap-1 empty:hidden first:pt-[3px]\">\n<div class=\"markdown prose w-full break-words dark:prose-invert light\">\n<p>&nbsp;<\/p>\n<\/div>\n<\/div>\n<\/div>\n<\/div>\n<\/div>\n<\/div>\n<\/div>\n<\/div>\n<\/div>\n<\/div>\n<\/div>\n<\/div>\n<h3>O isporuci<\/h3>\n<div class=\"flex-shrink-0 flex flex-col relative items-end\">\n<div>\n<div class=\"pt-0\">\n<div class=\"gizmo-bot-avatar flex h-8 w-8 items-center justify-center overflow-hidden rounded-full\">\n<div><\/div>\n<div class=\"relative p-1 rounded-sm flex items-center justify-center bg-token-main-surface-primary text-token-text-primary h-8 w-8\"><strong>1. Koje metode dostave se koriste?<\/strong><\/div>\n<\/div>\n<\/div>\n<\/div>\n<\/div>\n<div class=\"group\/conversation-turn relative flex w-full min-w-0 flex-col agent-turn\">\n<div class=\"flex-col gap-1 md:gap-3\">\n<div class=\"flex max-w-full flex-col flex-grow\">\n<div class=\"min-h-[20px] text-message flex w-full flex-col items-end gap-2 whitespace-normal break-words [.text-message+&amp;]:mt-5 overflow-x-auto\" dir=\"auto\" data-message-author-role=\"assistant\" data-message-id=\"22f8283b-3233-46ff-89a5-c7a41b33abda\">\n<div class=\"flex w-full flex-col gap-1 empty:hidden first:pt-[3px]\">\n<div class=\"markdown prose w-full break-words dark:prose-invert light\">\n<p>Sura\u0111ujemo s UPS-om, DHL-om, FedEx-om, DPD-om i drugim vode\u0107im prijevoznicima. Odabrat \u0107emo najbolju metodu dostave na temelju va\u0161e lokacije kako bismo osigurali da svoje proizvode primite \u0161to je prije mogu\u0107e.<\/p>\n<\/div>\n<p><strong>2. Koliko dugo traje dostava?<\/strong><\/p>\n<p>Paketi poslani u Hrvatsku obi\u010dno sti\u017eu unutar 10 radnih dana. Dostava u europske zemlje op\u0107enito traje oko 12-15 radnih dana. Pru\u017eit \u0107emo vam a\u017euriranja o statusu va\u0161e po\u0161iljke u stvarnom vremenu.<\/p>\n<\/div>\n<\/div>\n<\/div>\n<\/div>\n<\/div>\n<p>&nbsp;<\/p>\n<p>Ostali popularni vape ure\u0111aji koji bi vam se mogli svidjeti:<\/p>\n<p><a href=\"https:\/\/rmvapesale.com\/hr\/product\/randm-tornado-15000-puffs-15k-vape-recharge-fumot-original-vape-factory-price\/\"><strong>Randm Vape 15000 Puff\u00a0 \u00a0<span style=\"color: #ff0000\">&gt;&gt;&gt;&gt; kreni!<\/span><\/strong><\/a><\/p>\n<p><strong><a href=\"https:\/\/rmvapesale.com\/hr\/product\/faivono-bang-maxi-15000-puffs-disposable-vape-bulk-wholesale\/\">AIVONO Aim Bang Maxi 15000 Puffs <span style=\"color: #ff0000\">&gt;&gt;&gt;&gt; kreni!<\/span><\/a>\u00a0<\/strong><\/p>\n<p><a href=\"https:\/\/rmvapesale.com\/hr\/product\/original-randm-vape-digital-puff-12000-fumot-factory-price\/\"><strong>Fumot Vape 12000 Puffs <span style=\"color: #ff0000\">&gt;&gt;&gt;&gt; kreni!<\/span><\/strong><\/a><\/p>\n<p>&nbsp;<\/p>\n<p>&nbsp;<\/p>\n<p>Prona\u0111ite vi\u0161e Vape proizvoda koji bi vam se mogli svidjeti:<strong><em><a href=\"https:\/\/rmvapesale.com\/hr\/shop-2\/\">kupite sada &gt;&gt;&gt;<\/a><\/em><\/strong><\/p>","protected":false},"excerpt":{"rendered":"<p>Kupite RandM Tornado 25000 Puffs jednokratni vape na veliko<br \/>\nFumot Vape RandM Tornado 25000 Puffs Jednokratna cijena<br \/>\nFumot RandM Tornado 25000 punjivi Vape s niskim udjelom nikotina 2%<\/p>\n<p><img loading=\"lazy\" decoding=\"async\" class=\"size-full wp-image-2375\" src=\"https:\/\/rmvapesale.com\/wp-content\/uploads\/2024\/10\/image.png\" alt=\"Najbolji jednokratni vejp\" width=\"229\" height=\"300\" \/><\/p>\n<h3><a href=\"https:\/\/wa.me\/8617776015835\"><span style=\"color: #ff0000\"><strong>WhatsApp: +86 17776015835<\/strong><\/span><\/a><\/h3>\n<p>&nbsp;<\/p>","protected":false},"featured_media":2467,"comment_status":"open","ping_status":"closed","template":"","meta":{"_uag_custom_page_level_css":"","_lmt_disableupdate":"no","_lmt_disable":"","site-sidebar-layout":"default","site-content-layout":"content-boxed-container","ast-site-content-layout":"normal-width-container","site-content-style":"boxed","site-sidebar-style":"unboxed","ast-global-header-display":"","ast-banner-title-visibility":"","ast-main-header-display":"","ast-hfb-above-header-display":"","ast-hfb-below-header-display":"","ast-hfb-mobile-header-display":"","site-post-title":"","ast-breadcrumbs-content":"","ast-featured-img":"","footer-sml-layout":"","ast-disable-related-posts":"","theme-transparent-header-meta":"default","adv-header-id-meta":"","stick-header-meta":"","header-above-stick-meta":"","header-main-stick-meta":"","header-below-stick-meta":"","astra-migrate-meta-layouts":"set","ast-page-background-enabled":"default","ast-page-background-meta":{"desktop":{"background-color":"var(--ast-global-color-4)","background-image":"","background-repeat":"repeat","background-position":"center center","background-size":"auto","background-attachment":"scroll","background-type":"","background-media":"","overlay-type":"","overlay-color":"","overlay-opacity":"","overlay-gradient":""},"tablet":{"background-color":"","background-image":"","background-repeat":"repeat","background-position":"center center","background-size":"auto","background-attachment":"scroll","background-type":"","background-media":"","overlay-type":"","overlay-color":"","overlay-opacity":"","overlay-gradient":""},"mobile":{"background-color":"","background-image":"","background-repeat":"repeat","background-position":"center center","background-size":"auto","background-attachment":"scroll","background-type":"","background-media":"","overlay-type":"","overlay-color":"","overlay-opacity":"","overlay-gradient":""}},"ast-content-background-meta":{"desktop":{"background-color":"var(--ast-global-color-5)","background-image":"","background-repeat":"repeat","background-position":"center center","background-size":"auto","background-attachment":"scroll","background-type":"","background-media":"","overlay-type":"","overlay-color":"","overlay-opacity":"","overlay-gradient":""},"tablet":{"background-color":"var(--ast-global-color-5)","background-image":"","background-repeat":"repeat","background-position":"center center","background-size":"auto","background-attachment":"scroll","background-type":"","background-media":"","overlay-type":"","overlay-color":"","overlay-opacity":"","overlay-gradient":""},"mobile":{"background-color":"var(--ast-global-color-5)","background-image":"","background-repeat":"repeat","background-position":"center center","background-size":"auto","background-attachment":"scroll","background-type":"","background-media":"","overlay-type":"","overlay-color":"","overlay-opacity":"","overlay-gradient":""}},"_joinchat":[]},"product_brand":[],"product_cat":[15,27,51,25,123,30,26,28,31,137,135],"product_tag":[146,155,167,168,165,166,120],"class_list":{"0":"post-2471","1":"product","2":"type-product","3":"status-publish","4":"has-post-thumbnail","6":"product_cat-new-vape-this-week","7":"product_cat-fance-hot-sale-vape","8":"product_cat-fumot-vape","9":"product_cat-germany-best-selling-vape","10":"product_cat-italy-wholesale-vape","11":"product_cat-minimum-order-quantity-50pcs","12":"product_cat-netherlands-hot-sale-vape","13":"product_cat-poland-hot-sale-vape","14":"product_cat-randm-fumot-vape","15":"product_cat-rechargeable-vapes","16":"product_cat-spain-best-hot-sale-vape","17":"product_tag-best-hot-sale-vape","18":"product_tag-digital-display-box","19":"product_tag-disposable-vape-with-screen","20":"product_tag-randm-tornado-25000","21":"product_tag-rechargeable-vapes","22":"product_tag-tornado-vape","23":"product_tag-vape-wholesale","24":"desktop-align-left","25":"tablet-align-left","26":"mobile-align-left","28":"first","29":"instock","30":"sale","31":"shipping-taxable","32":"purchasable","33":"product-type-simple"},"uagb_featured_image_src":{"full":["https:\/\/rmvapesale.com\/wp-content\/uploads\/2024\/10\/Randm-Tornado-Vape-25000-Puffs-Disposable.jpg",800,800,false],"thumbnail":["https:\/\/rmvapesale.com\/wp-content\/uploads\/2024\/10\/Randm-Tornado-Vape-25000-Puffs-Disposable-150x150.jpg",150,150,true],"medium":["https:\/\/rmvapesale.com\/wp-content\/uploads\/2024\/10\/Randm-Tornado-Vape-25000-Puffs-Disposable-300x300.jpg",300,300,true],"medium_large":["https:\/\/rmvapesale.com\/wp-content\/uploads\/2024\/10\/Randm-Tornado-Vape-25000-Puffs-Disposable-768x768.jpg",768,768,true],"large":["https:\/\/rmvapesale.com\/wp-content\/uploads\/2024\/10\/Randm-Tornado-Vape-25000-Puffs-Disposable.jpg",800,800,false],"1536x1536":["https:\/\/rmvapesale.com\/wp-content\/uploads\/2024\/10\/Randm-Tornado-Vape-25000-Puffs-Disposable.jpg",800,800,false],"2048x2048":["https:\/\/rmvapesale.com\/wp-content\/uploads\/2024\/10\/Randm-Tornado-Vape-25000-Puffs-Disposable.jpg",800,800,false],"trp-custom-language-flag":["https:\/\/rmvapesale.com\/wp-content\/uploads\/2024\/10\/Randm-Tornado-Vape-25000-Puffs-Disposable.jpg",12,12,false],"woocommerce_thumbnail":["https:\/\/rmvapesale.com\/wp-content\/uploads\/2024\/10\/Randm-Tornado-Vape-25000-Puffs-Disposable-300x300.jpg",300,300,true],"woocommerce_single":["https:\/\/rmvapesale.com\/wp-content\/uploads\/2024\/10\/Randm-Tornado-Vape-25000-Puffs-Disposable-600x600.jpg",600,600,true],"woocommerce_gallery_thumbnail":["https:\/\/rmvapesale.com\/wp-content\/uploads\/2024\/10\/Randm-Tornado-Vape-25000-Puffs-Disposable-100x100.jpg",100,100,true],"wcpr-photo-reviews":["https:\/\/rmvapesale.com\/wp-content\/uploads\/2024\/10\/Randm-Tornado-Vape-25000-Puffs-Disposable.jpg",500,500,false]},"uagb_author_info":{"display_name":"AMY","author_link":"https:\/\/rmvapesale.com\/hr\/author\/"},"uagb_comment_info":0,"uagb_excerpt":"Buy RandM Tornado 25000 Puffs Disposable Vape Wholesale in bulk Fumot Vape RandM Tornado 25000 Puffs Disposable Price Fumot RandM Tornado 25000 Rechargeable Vapes Low Nicotine 2% WhatsApp: +86 17776015835 &nbsp;","_links":{"self":[{"href":"https:\/\/rmvapesale.com\/hr\/wp-json\/wp\/v2\/product\/2471","targetHints":{"allow":["GET"]}}],"collection":[{"href":"https:\/\/rmvapesale.com\/hr\/wp-json\/wp\/v2\/product"}],"about":[{"href":"https:\/\/rmvapesale.com\/hr\/wp-json\/wp\/v2\/types\/product"}],"replies":[{"embeddable":true,"href":"https:\/\/rmvapesale.com\/hr\/wp-json\/wp\/v2\/comments?post=2471"}],"wp:featuredmedia":[{"embeddable":true,"href":"https:\/\/rmvapesale.com\/hr\/wp-json\/wp\/v2\/media\/2467"}],"wp:attachment":[{"href":"https:\/\/rmvapesale.com\/hr\/wp-json\/wp\/v2\/media?parent=2471"}],"wp:term":[{"taxonomy":"product_brand","embeddable":true,"href":"https:\/\/rmvapesale.com\/hr\/wp-json\/wp\/v2\/product_brand?post=2471"},{"taxonomy":"product_cat","embeddable":true,"href":"https:\/\/rmvapesale.com\/hr\/wp-json\/wp\/v2\/product_cat?post=2471"},{"taxonomy":"product_tag","embeddable":true,"href":"https:\/\/rmvapesale.com\/hr\/wp-json\/wp\/v2\/product_tag?post=2471"}],"curies":[{"name":"wp","href":"https:\/\/api.w.org\/{rel}","templated":true}]}}